{"id":84530,"date":"2025-03-17T09:46:32","date_gmt":"2025-03-17T09:46:32","guid":{"rendered":"https:\/\/redfoxlotto.com\/?page_id=84530"},"modified":"2025-06-17T09:06:11","modified_gmt":"2025-06-17T09:06:11","slug":"scratchcards","status":"publish","type":"page","link":"https:\/\/redfoxlotto.com\/sl\/scratchcards\/","title":{"rendered":"Karte za praske"},"content":{"rendered":"<p>\u010ce ste ljubitelj loterije, smo prepri\u010dani, da boste<strong>z veseljem igrali<\/strong> tudi<strong>na\u0161e spletne nagradne igre!<\/strong><\/p>\n<p>Loterijske kartice so \u017ee od nekdaj priljubljen dodatek k nakupu loterijskih sre\u010dk. Prodajajo jih skoraj vse maloprodajne trgovine z loterijskimi igrami na svetu in za to obstaja dober razlog. Medtem ko je igranje loterije skoraj vedno povezano z nekaj \u010dasa \u010dakanja na rezultate, vam praskalniki omogo\u010dajo takoj\u0161en rezultat.<\/p>\n<p>Z na\u0161imi spletnimi praskalnimi karticami pa vam za njihov nakup sploh ni treba poiskati loterijske trgovine &#8211; na\u0161e praskalnice lahko preprosto igrate na spletu in se pri praskanju zelo zabavate in razburjate.<\/p>\n<h2><strong>Spletne nagradne igre bodo kmalu na voljo na RedFoxLotto<\/strong><\/h2>\n<p><img loading=\"lazy\" decoding=\"async\" class=\" wp-image-83601 alignright\" src=\"https:\/\/redfoxlotto.com\/wp-content\/uploads\/2025\/03\/scratch_card_player-300x300.jpg\" alt=\"play scratch cards\" width=\"183\" height=\"183\" srcset=\"https:\/\/redfoxlotto.com\/wp-content\/uploads\/2025\/03\/scratch_card_player-300x300.jpg 300w, https:\/\/redfoxlotto.com\/wp-content\/uploads\/2025\/03\/scratch_card_player-150x150.jpg 150w, https:\/\/redfoxlotto.com\/wp-content\/uploads\/2025\/03\/scratch_card_player-100x100.jpg 100w, https:\/\/redfoxlotto.com\/wp-content\/uploads\/2025\/03\/scratch_card_player.jpg 307w\" sizes=\"auto, (max-width: 183px) 100vw, 183px\" \/><\/p>\n<ul>\n<li>Igre s praskalnimi karticami se bodo za\u010dele izvajati v za\u010detku aprila 2025.<\/li>\n<li>Ne zamudite lansiranja!<\/li>\n<li>Poskrbite, da boste prejeli na\u0161a promocijska e-po\u0161tna sporo\u010dila &#8211; preverite mapo za ne\u017eeleno po\u0161to in ozna\u010dite RedFoxLotto kot zaupanja vrednega po\u0161iljatelja e-po\u0161te.<\/li>\n<\/ul>\n<p>Tudi pla\u010dilo je zelo priro\u010dno &#8211; \u0161e posebej, \u010de \u017ee imate stanje na ra\u010dunu na na\u0161i spletni strani. To pomeni, da \u010de nameravate kupiti ve\u010d nagradnih iger, vpla\u010dajte v denarnico, preden za\u010dnete igrati nagradne igre.<\/p>\n<p>Samo izberite kartico, ki vam je najbolj v\u0161e\u010d, in kliknite za nakup. Na voljo imamo ve\u010d zanimivih postavitev, med njimi pa so tudi praskalniki z razli\u010dnimi cenami in razponi nagrad.<\/p>\n<h2>Igranje na\u0161ih iger s strgalnimi kartami je precej preprosto.<\/h2>\n<p>Nato lahko z mi\u0161ko ro\u010dno opraskate zgornjo plast kartice ali pa kliknete gumb \u201ehitro opraskanje\u201c, da razkrijete vse informacije, ki se skrivajo na kartici.<\/p>\n<p>Va\u0161 dobitek je odvisen od zneskov, ki se prika\u017eejo po tem, ko s kartice zdrgnete zgornjo plast. \u010ce so na va\u0161i kartici za praskanje trije ujemajo\u010di se zneski, je ta znesek tudi va\u0161 dobitek.<\/p>\n<h2>Kaj se zgodi po dobitku na kartici s praskami?<\/h2>\n<p>Vsi dobitki bodo takoj dodani na va\u0161 ra\u010dun. \u010ce je karta dobitna, imate na voljo dve mo\u017enosti:<\/p>\n<ol>\n<li>Lahko ostanete na strani s strgalnimi kartami in \u0161e naprej uporabljate dobitke za nakup ve\u010d spletnih strgalnih kart.<\/li>\n<li>zaprete stran s praskalnimi kartami in va\u0161 dobitek se bo prenesel na va\u0161e RedFoxLotto igralno dobroimetje.<\/li>\n<\/ol>\n<p>Ko se dobitki iz praskalnih kartic dodajo na va\u0161e stanje igralca, jih lahko uporabite na kakr\u0161en koli na\u010din &#8211; kupite obi\u010dajne loterijske sre\u010dke, igrajte Keno, kasneje kupite ve\u010d spletnih praskalnih kartic ali pa dvignite svoje dobitke.<\/p>\n<p>Dodajanje spletnih nagradnih iger je nekaj, kar so zahtevale \u0161tevilne na\u0161e stranke, in prepri\u010dani smo, da boste v tej izku\u0161nji u\u017eivali tudi vi!<\/p>\n","protected":false},"excerpt":{"rendered":"<p>\u010ce ste ljubitelj loterije, smo prepri\u010dani, da bostez veseljem igrali tudina\u0161e spletne nagradne igre! Loterijske kartice so \u017ee od nekdaj priljubljen dodatek k nakupu loterijskih sre\u010dk. Prodajajo jih skoraj vse maloprodajne trgovine z loterijskimi igrami na svetu in za to obstaja dober razlog. Medtem ko je igranje loterije skoraj vedno povezano z nekaj \u010dasa \u010dakanja [&hellip;]<\/p>\n","protected":false},"author":8,"featured_media":0,"parent":0,"menu_order":7,"comment_status":"closed","ping_status":"closed","template":"","meta":{"_et_pb_use_builder":"","_et_pb_old_content":"","_et_gb_content_width":"","exclude_from_search":false,"footnotes":""},"class_list":["post-84530","page","type-page","status-publish","hentry"],"yoast_head":"<!-- This site is optimized with the Yoast SEO plugin v23.8 - https:\/\/yoast.com\/wordpress\/plugins\/seo\/ -->\n<title>Igrajte spletne nagradne igre | Najbolj\u0161e nagradne igre s takoj\u0161njim dobitkom<\/title>\n<meta name=\"description\" content=\"Tu igrajte najbolj\u0161e spletne praskalce - privla\u010dne praskalce in odli\u010dne nagrade, ki jih lahko osvojite takoj.\" \/>\n<meta name=\"robots\" content=\"index, follow, max-snippet:-1, max-image-preview:large, max-video-preview:-1\" \/>\n<link rel=\"canonical\" href=\"https:\/\/redfoxlotto.com\/sl\/scratchcards\/\" \/>\n<meta property=\"og:locale\" content=\"sl_SI\" \/>\n<meta property=\"og:type\" content=\"article\" \/>\n<meta property=\"og:title\" content=\"Igrajte spletne nagradne igre | Najbolj\u0161e nagradne igre s takoj\u0161njim dobitkom\" \/>\n<meta property=\"og:description\" content=\"Tu igrajte najbolj\u0161e spletne praskalce - privla\u010dne praskalce in odli\u010dne nagrade, ki jih lahko osvojite takoj.\" \/>\n<meta property=\"og:url\" content=\"https:\/\/redfoxlotto.com\/sl\/scratchcards\/\" \/>\n<meta property=\"og:site_name\" content=\"Get Tickets for the World\u2019s largest jackpots\" \/>\n<meta property=\"article:modified_time\" content=\"2025-06-17T09:06:11+00:00\" \/>\n<meta property=\"og:image\" content=\"https:\/\/redfoxlotto.com\/wp-content\/uploads\/2025\/03\/scratch_card_player-300x300.jpg\" \/>\n<meta name=\"twitter:card\" content=\"summary_large_image\" \/>\n<meta name=\"twitter:label1\" content=\"Est. reading time\" \/>\n\t<meta name=\"twitter:data1\" content=\"2 minuti\" \/>\n<script type=\"application\/ld+json\" class=\"yoast-schema-graph\">{\"@context\":\"https:\/\/schema.org\",\"@graph\":[{\"@type\":\"WebPage\",\"@id\":\"https:\/\/redfoxlotto.com\/sl\/scratchcards\/\",\"url\":\"https:\/\/redfoxlotto.com\/sl\/scratchcards\/\",\"name\":\"Igrajte spletne nagradne igre | Najbolj\u0161e nagradne igre s takoj\u0161njim dobitkom\",\"isPartOf\":{\"@id\":\"https:\/\/redfoxlotto.com\/sl\/#website\"},\"primaryImageOfPage\":{\"@id\":\"https:\/\/redfoxlotto.com\/sl\/scratchcards\/#primaryimage\"},\"image\":{\"@id\":\"https:\/\/redfoxlotto.com\/sl\/scratchcards\/#primaryimage\"},\"thumbnailUrl\":\"https:\/\/redfoxlotto.com\/wp-content\/uploads\/2025\/03\/scratch_card_player-300x300.jpg\",\"datePublished\":\"2025-03-17T09:46:32+00:00\",\"dateModified\":\"2025-06-17T09:06:11+00:00\",\"description\":\"Tu igrajte najbolj\u0161e spletne praskalce - privla\u010dne praskalce in odli\u010dne nagrade, ki jih lahko osvojite takoj.\",\"breadcrumb\":{\"@id\":\"https:\/\/redfoxlotto.com\/sl\/scratchcards\/#breadcrumb\"},\"inLanguage\":\"sl-SI\",\"potentialAction\":[{\"@type\":\"ReadAction\",\"target\":[\"https:\/\/redfoxlotto.com\/sl\/scratchcards\/\"]}]},{\"@type\":\"ImageObject\",\"inLanguage\":\"sl-SI\",\"@id\":\"https:\/\/redfoxlotto.com\/sl\/scratchcards\/#primaryimage\",\"url\":\"https:\/\/redfoxlotto.com\/wp-content\/uploads\/2025\/03\/scratch_card_player-300x300.jpg\",\"contentUrl\":\"https:\/\/redfoxlotto.com\/wp-content\/uploads\/2025\/03\/scratch_card_player-300x300.jpg\"},{\"@type\":\"BreadcrumbList\",\"@id\":\"https:\/\/redfoxlotto.com\/sl\/scratchcards\/#breadcrumb\",\"itemListElement\":[{\"@type\":\"ListItem\",\"position\":1,\"name\":\"Home\",\"item\":\"https:\/\/redfoxlotto.com\/sl\/\"},{\"@type\":\"ListItem\",\"position\":2,\"name\":\"Karte za praske\"}]},{\"@type\":\"WebSite\",\"@id\":\"https:\/\/redfoxlotto.com\/sl\/#website\",\"url\":\"https:\/\/redfoxlotto.com\/sl\/\",\"name\":\"Get Tickets for the World\u2019s largest jackpots\",\"description\":\"Participate in worldwide lottery jackpots from any country\",\"publisher\":{\"@id\":\"https:\/\/redfoxlotto.com\/sl\/#organization\"},\"potentialAction\":[{\"@type\":\"SearchAction\",\"target\":{\"@type\":\"EntryPoint\",\"urlTemplate\":\"https:\/\/redfoxlotto.com\/sl\/?s={search_term_string}\"},\"query-input\":{\"@type\":\"PropertyValueSpecification\",\"valueRequired\":true,\"valueName\":\"search_term_string\"}}],\"inLanguage\":\"sl-SI\"},{\"@type\":\"Organization\",\"@id\":\"https:\/\/redfoxlotto.com\/sl\/#organization\",\"name\":\"Get Tickets for the World\u2019s largest jackpots\",\"url\":\"https:\/\/redfoxlotto.com\/sl\/\",\"logo\":{\"@type\":\"ImageObject\",\"inLanguage\":\"sl-SI\",\"@id\":\"https:\/\/redfoxlotto.com\/sl\/#\/schema\/logo\/image\/\",\"url\":\"https:\/\/redfoxlotto.com\/wp-content\/uploads\/2023\/04\/logo.png\",\"contentUrl\":\"https:\/\/redfoxlotto.com\/wp-content\/uploads\/2023\/04\/logo.png\",\"width\":269,\"height\":53,\"caption\":\"Get Tickets for the World\u2019s largest jackpots\"},\"image\":{\"@id\":\"https:\/\/redfoxlotto.com\/sl\/#\/schema\/logo\/image\/\"}}]}<\/script>\n<!-- \/ Yoast SEO plugin. -->","yoast_head_json":{"title":"Igrajte spletne nagradne igre | Najbolj\u0161e nagradne igre s takoj\u0161njim dobitkom","description":"Tu igrajte najbolj\u0161e spletne praskalce - privla\u010dne praskalce in odli\u010dne nagrade, ki jih lahko osvojite takoj.","robots":{"index":"index","follow":"follow","max-snippet":"max-snippet:-1","max-image-preview":"max-image-preview:large","max-video-preview":"max-video-preview:-1"},"canonical":"https:\/\/redfoxlotto.com\/sl\/scratchcards\/","og_locale":"sl_SI","og_type":"article","og_title":"Igrajte spletne nagradne igre | Najbolj\u0161e nagradne igre s takoj\u0161njim dobitkom","og_description":"Tu igrajte najbolj\u0161e spletne praskalce - privla\u010dne praskalce in odli\u010dne nagrade, ki jih lahko osvojite takoj.","og_url":"https:\/\/redfoxlotto.com\/sl\/scratchcards\/","og_site_name":"Get Tickets for the World\u2019s largest jackpots","article_modified_time":"2025-06-17T09:06:11+00:00","og_image":[{"url":"https:\/\/redfoxlotto.com\/wp-content\/uploads\/2025\/03\/scratch_card_player-300x300.jpg"}],"twitter_card":"summary_large_image","twitter_misc":{"Est. reading time":"2 minuti"},"schema":{"@context":"https:\/\/schema.org","@graph":[{"@type":"WebPage","@id":"https:\/\/redfoxlotto.com\/sl\/scratchcards\/","url":"https:\/\/redfoxlotto.com\/sl\/scratchcards\/","name":"Igrajte spletne nagradne igre | Najbolj\u0161e nagradne igre s takoj\u0161njim dobitkom","isPartOf":{"@id":"https:\/\/redfoxlotto.com\/sl\/#website"},"primaryImageOfPage":{"@id":"https:\/\/redfoxlotto.com\/sl\/scratchcards\/#primaryimage"},"image":{"@id":"https:\/\/redfoxlotto.com\/sl\/scratchcards\/#primaryimage"},"thumbnailUrl":"https:\/\/redfoxlotto.com\/wp-content\/uploads\/2025\/03\/scratch_card_player-300x300.jpg","datePublished":"2025-03-17T09:46:32+00:00","dateModified":"2025-06-17T09:06:11+00:00","description":"Tu igrajte najbolj\u0161e spletne praskalce - privla\u010dne praskalce in odli\u010dne nagrade, ki jih lahko osvojite takoj.","breadcrumb":{"@id":"https:\/\/redfoxlotto.com\/sl\/scratchcards\/#breadcrumb"},"inLanguage":"sl-SI","potentialAction":[{"@type":"ReadAction","target":["https:\/\/redfoxlotto.com\/sl\/scratchcards\/"]}]},{"@type":"ImageObject","inLanguage":"sl-SI","@id":"https:\/\/redfoxlotto.com\/sl\/scratchcards\/#primaryimage","url":"https:\/\/redfoxlotto.com\/wp-content\/uploads\/2025\/03\/scratch_card_player-300x300.jpg","contentUrl":"https:\/\/redfoxlotto.com\/wp-content\/uploads\/2025\/03\/scratch_card_player-300x300.jpg"},{"@type":"BreadcrumbList","@id":"https:\/\/redfoxlotto.com\/sl\/scratchcards\/#breadcrumb","itemListElement":[{"@type":"ListItem","position":1,"name":"Home","item":"https:\/\/redfoxlotto.com\/sl\/"},{"@type":"ListItem","position":2,"name":"Karte za praske"}]},{"@type":"WebSite","@id":"https:\/\/redfoxlotto.com\/sl\/#website","url":"https:\/\/redfoxlotto.com\/sl\/","name":"Get Tickets for the World\u2019s largest jackpots","description":"Participate in worldwide lottery jackpots from any country","publisher":{"@id":"https:\/\/redfoxlotto.com\/sl\/#organization"},"potentialAction":[{"@type":"SearchAction","target":{"@type":"EntryPoint","urlTemplate":"https:\/\/redfoxlotto.com\/sl\/?s={search_term_string}"},"query-input":{"@type":"PropertyValueSpecification","valueRequired":true,"valueName":"search_term_string"}}],"inLanguage":"sl-SI"},{"@type":"Organization","@id":"https:\/\/redfoxlotto.com\/sl\/#organization","name":"Get Tickets for the World\u2019s largest jackpots","url":"https:\/\/redfoxlotto.com\/sl\/","logo":{"@type":"ImageObject","inLanguage":"sl-SI","@id":"https:\/\/redfoxlotto.com\/sl\/#\/schema\/logo\/image\/","url":"https:\/\/redfoxlotto.com\/wp-content\/uploads\/2023\/04\/logo.png","contentUrl":"https:\/\/redfoxlotto.com\/wp-content\/uploads\/2023\/04\/logo.png","width":269,"height":53,"caption":"Get Tickets for the World\u2019s largest jackpots"},"image":{"@id":"https:\/\/redfoxlotto.com\/sl\/#\/schema\/logo\/image\/"}}]}},"_links":{"self":[{"href":"https:\/\/redfoxlotto.com\/sl\/wp-json\/wp\/v2\/pages\/84530","targetHints":{"allow":["GET"]}}],"collection":[{"href":"https:\/\/redfoxlotto.com\/sl\/wp-json\/wp\/v2\/pages"}],"about":[{"href":"https:\/\/redfoxlotto.com\/sl\/wp-json\/wp\/v2\/types\/page"}],"author":[{"embeddable":true,"href":"https:\/\/redfoxlotto.com\/sl\/wp-json\/wp\/v2\/users\/8"}],"replies":[{"embeddable":true,"href":"https:\/\/redfoxlotto.com\/sl\/wp-json\/wp\/v2\/comments?post=84530"}],"version-history":[{"count":0,"href":"https:\/\/redfoxlotto.com\/sl\/wp-json\/wp\/v2\/pages\/84530\/revisions"}],"wp:attachment":[{"href":"https:\/\/redfoxlotto.com\/sl\/wp-json\/wp\/v2\/media?parent=84530"}],"curies":[{"name":"wp","href":"https:\/\/api.w.org\/{rel}","templated":true}]}}