{"id":84440,"date":"2025-02-12T11:12:52","date_gmt":"2025-02-12T11:12:52","guid":{"rendered":"https:\/\/redfoxlotto.com\/?page_id=84440"},"modified":"2025-10-09T14:27:54","modified_gmt":"2025-10-09T14:27:54","slug":"keno","status":"publish","type":"page","link":"https:\/\/redfoxlotto.com\/sl\/keno\/","title":{"rendered":"Keno"},"content":{"rendered":"<h2>Ne veste, kako igrati Keno na spletu?<\/h2>\n<p>Veste, kako deluje loterija, vendar \u0161e nikoli niste igrali Keno? Naj vam razlo\u017eim, kako igrati Keno na spletu. Razumeti ga ni tako te\u017eko, na\u0161a platforma pa omogo\u010da enostavno ustvarjanje sre\u010dke Keno.<\/p>\n<div class=\"keno-banner-wrapper\"><img decoding=\"async\" class=\"keno-banner-image\" src=\"https:\/\/redfoxlotto.com\/wp-content\/uploads\/2025\/10\/3-scaled.png\" alt=\"Keno Banner\" \/><br \/>\n<div class=\"keno-banner-overlay\"><div class=\"keno-banner-text\">Glavna nagrada: \u20ac10,000,000<br>\u017drebanja vsakih 30 minut<\/div><a href=\"https:\/\/keno.redfoxlotto.com\/play\/diamond-keno\" class=\"keno-banner-button\">Igrajte Diamond Keno zdaj<\/a><\/div><\/div>\n<div class=\"keno-banner-wrapper\"><img decoding=\"async\" class=\"keno-banner-image\" src=\"https:\/\/redfoxlotto.com\/wp-content\/uploads\/2025\/10\/1-scaled.png\" alt=\"Keno Banner\" \/><br \/>\n<div class=\"keno-banner-overlay\"><div class=\"keno-banner-text\">Glavna nagrada: \u20ac5,000,000<br>\u017drebanja vsakih 8 minut<\/div><a href=\"https:\/\/keno.redfoxlotto.com\/play\/platinum-keno\" class=\"keno-banner-button\">Igrajte Platinum Keno zdaj<\/a><\/div><\/div>\n<div class=\"keno-banner-wrapper\"><img decoding=\"async\" class=\"keno-banner-image\" src=\"https:\/\/redfoxlotto.com\/wp-content\/uploads\/2025\/10\/2-scaled.png\" alt=\"Keno Banner\" \/><br \/>\n<div class=\"keno-banner-overlay\"><div class=\"keno-banner-text\">Glavna nagrada: \u20ac2,000,000<br>\u017drebanja vsakih 6 minut<\/div><a href=\"https:\/\/keno.redfoxlotto.com\/play\/gold-keno\" class=\"keno-banner-button\">Igrajte  Gold Keno zdaj<\/a><\/div><\/div>\n<p><img loading=\"lazy\" decoding=\"async\" class=\"alignright size-medium wp-image-83635\" src=\"https:\/\/redfoxlotto.com\/wp-content\/uploads\/2025\/03\/keno_card-300x300.jpg\" alt=\"play keno online\" width=\"300\" height=\"300\" srcset=\"https:\/\/redfoxlotto.com\/wp-content\/uploads\/2025\/03\/keno_card-300x300.jpg 300w, https:\/\/redfoxlotto.com\/wp-content\/uploads\/2025\/03\/keno_card-150x150.jpg 150w, https:\/\/redfoxlotto.com\/wp-content\/uploads\/2025\/03\/keno_card-100x100.jpg 100w, https:\/\/redfoxlotto.com\/wp-content\/uploads\/2025\/03\/keno_card.jpg 307w\" sizes=\"auto, (max-width: 300px) 100vw, 300px\" \/><\/p>\n<h2>Razlike med navadno loterijo in igro Keno<\/h2>\n<p>Pri igranju igre Keno imate ve\u010dji nadzor nad tem, koliko \u017eelite porabiti za sre\u010dko, prav tako pa odlo\u010date o tem, koliko \u0161tevilk boste izbrali.<\/p>\n<ul>\n<li><strong>Multiplikator<\/strong> &#8211; vsaka sre\u010dka Keno ima osnovno ceno (najni\u017ejo ceno, ki jo morate pla\u010dati za eno sre\u010dko), obstaja pa tudi funkcija multiplikatorja. Recimo, da je osnovna cena 1,00 EUR. \u010ce izberete multiplikator 5, bo va\u0161a vstopnica stala 5,00 EUR. Hkrati pa se bo znesek, ki ga lahko osvojite, pove\u010dal vsaj za faktor 5. \u010ce \u017eelite osvojiti najvi\u0161ji dobitek v vsaki stopnji izpla\u010dil, morate izbrati najvi\u0161ji mno\u017eitelj. Mno\u017eitelj lahko zna\u0161a od 1 do 5 ali od 1 do 10. \u010ce si \u017eelite ogledati dejanski dobitek, kliknite zgornji zavihek \u201eInfo\u201c in prikazana bo tabela dobitkov.<\/li>\n<li>Kliknite na mno\u017eitelj, ki ga \u017eelite izbrati, in prikazana bodo izpla\u010dila za ta mno\u017eitelj.<\/li>\n<li><strong>Igrajte ve\u010d ali manj \u0161tevilk<\/strong> &#8211; Odlo\u010dite se lahko, ali \u017eelite izbrati ve\u010d ali manj \u0161tevilk za svoj listek. \u010ce \u017eelite osvojiti glavno nagrado, morate vedno izbrati najve\u010d, tj. 10 \u0161tevilk. \u010ce pa se odlo\u010dite, da boste igrali le 8 \u0161tevilk, boste osvojili ve\u010d denarja, \u010de se bodo vse ali nekatere od njih ujemale z iz\u017erebanimi \u0161tevilkami. V tabeli na strani z informacijami so prikazana izpla\u010dila.<\/li>\n<li><strong>Iz nabora \u0161tevilk se iz\u017ereba ve\u010d \u0161tevilk<\/strong> &#8211; medtem ko se pri obi\u010dajni loteriji iz nabora 49 ali 60 \u0161tevilk iz\u017ereba 5 ali 6 \u0161tevilk, je pri igri Keno druga\u010de. Prvi\u010d, ve\u010dina iger Keno \u017ereba 20 \u0161tevilk, vendar je tudi nabor mo\u017enih \u0161tevilk ve\u010dji (obi\u010dajno nekje med 70 in 90 \u0161tevilkami). Toda pri 20 zmagovalnih \u0161tevilkah morate za dobitek velike nagrade ujeti le 10 od njih. To pomeni, da so splo\u0161ne kvote pri spletnem igranju igre Keno bolj\u0161e v primerjavi z ve\u010dino obi\u010dajnih loterij.<\/li>\n<\/ul>\n<h2>Kako torej igrati Keno na spletu?<\/h2>\n<p><strong>Vse, kar morate storiti za igranje igre Keno na spletu, je, da sledite spodnjim korakom:<\/strong><\/p>\n<ul>\n<li>Kliknite na eno od oglasnih pasic Keno na tej strani.<\/li>\n<li>Izberite, koliko \u0161tevilk \u017eelite igrati<\/li>\n<li>Izberite mno\u017eitelj in preverite ceno sre\u010dke (po potrebi prilagodite mno\u017eitelj).<\/li>\n<li>Izberite \u0161tevilke (ali uporabite funkcijo hitrega izbiranja za generiranje naklju\u010dnih \u0161tevilk).<\/li>\n<li>\u010ce \u017eelite, dodajte ve\u010d sre\u010dk za isto \u017erebanje Keno<\/li>\n<li>Odlo\u010dite se, ali \u017eelite, da va\u0161a vstopnica ali vstopnice sodelujejo v enem ali ve\u010d \u017erebanjih<\/li>\n<li>Pla\u010dajte svoje vstopnice (na na\u0161em spletnem mestu morate ustvariti nov ra\u010dun, \u010de ga \u0161e nimate, ali pa se prijavite v obstoje\u010di ra\u010dun).<\/li>\n<\/ul>\n<h2>Le nekaj minut pred naslednjim \u017erebanjem<\/h2>\n<p>Ve\u010dina loterij Keno se \u017ereba vsakih nekaj minut, zato vam ni treba dolgo \u010dakati, da bi izvedeli, ali ste zmagali. Vsaki\u010d, ko se med va\u0161im obiskom na\u0161e spletne strani pribli\u017ea \u017erebanje loterije Keno, se prika\u017ee pojavno okno, kmalu zatem pa se prika\u017ee video animacija \u017erebanja. Ko se pojavi pojavno okno, boste \u0161e vedno lahko kupili sre\u010dko za igranje v tem prihajajo\u010dem \u017erebanju. Toda tudi \u010de zamudite naslednje \u017erebanje, lahko vedno ustvarite vstopnico za naslednje prihajajo\u010de \u017erebanje, ki je oddaljeno le nekaj minut!<\/p>\n<p>\u017drebanja Keno so virtualna \u017erebanja, \u0161tevilke pa generira certificiran generator naklju\u010dnih \u0161tevilk. Tako ste lahko prepri\u010dani, da je igra Keno na na\u0161i spletni strani vedno po\u0161tena.<\/p>\n<p>Mimogrede, to ni javna loterija, pri kateri lahko sre\u010dke kupite nekje na<\/p>\n<p>prodajnem mestu loterije. Zato pri igrah Keno ne prejmete skenirane sre\u010dke, temve\u010d samo potrditev na svoj igralni ra\u010dun.<\/p>\n","protected":false},"excerpt":{"rendered":"<p>Ne veste, kako igrati Keno na spletu? Veste, kako deluje loterija, vendar \u0161e nikoli niste igrali Keno? Naj vam razlo\u017eim, kako igrati Keno na spletu. Razumeti ga ni tako te\u017eko, na\u0161a platforma pa omogo\u010da enostavno ustvarjanje sre\u010dke Keno. Razlike med navadno loterijo in igro Keno Pri igranju igre Keno imate ve\u010dji nadzor nad tem, koliko [&hellip;]<\/p>\n","protected":false},"author":8,"featured_media":0,"parent":0,"menu_order":5,"comment_status":"closed","ping_status":"closed","template":"","meta":{"_et_pb_use_builder":"","_et_pb_old_content":"","_et_gb_content_width":"","exclude_from_search":false,"footnotes":""},"class_list":["post-84440","page","type-page","status-publish","hentry"],"yoast_head":"<!-- This site is optimized with the Yoast SEO plugin v23.8 - https:\/\/yoast.com\/wordpress\/plugins\/seo\/ -->\n<title>Kako igrati Keno na spletu | Pravila in strategija igre Keno na spletu<\/title>\n<meta name=\"description\" content=\"\u017delite pri igri Keno osvojiti veliko zmago? Kako igrati Keno na spletu za najvi\u0161je nagrade do 10 milijonov evrov, pri \u010demer do \u017erebanja nikoli ne manjka ve\u010d kot nekaj minut.\" \/>\n<meta name=\"robots\" content=\"index, follow, max-snippet:-1, max-image-preview:large, max-video-preview:-1\" \/>\n<link rel=\"canonical\" href=\"https:\/\/redfoxlotto.com\/sl\/keno\/\" \/>\n<meta property=\"og:locale\" content=\"sl_SI\" \/>\n<meta property=\"og:type\" content=\"article\" \/>\n<meta property=\"og:title\" content=\"Kako igrati Keno na spletu | Pravila in strategija igre Keno na spletu\" \/>\n<meta property=\"og:description\" content=\"\u017delite pri igri Keno osvojiti veliko zmago? Kako igrati Keno na spletu za najvi\u0161je nagrade do 10 milijonov evrov, pri \u010demer do \u017erebanja nikoli ne manjka ve\u010d kot nekaj minut.\" \/>\n<meta property=\"og:url\" content=\"https:\/\/redfoxlotto.com\/sl\/keno\/\" \/>\n<meta property=\"og:site_name\" content=\"Get Tickets for the World\u2019s largest jackpots\" \/>\n<meta property=\"article:modified_time\" content=\"2025-10-09T14:27:54+00:00\" \/>\n<meta property=\"og:image\" content=\"https:\/\/redfoxlotto.com\/wp-content\/uploads\/2025\/10\/3-scaled.png\" \/>\n<meta name=\"twitter:card\" content=\"summary_large_image\" \/>\n<meta name=\"twitter:label1\" content=\"Est. reading time\" \/>\n\t<meta name=\"twitter:data1\" content=\"4 minute\" \/>\n<script type=\"application\/ld+json\" class=\"yoast-schema-graph\">{\"@context\":\"https:\/\/schema.org\",\"@graph\":[{\"@type\":\"WebPage\",\"@id\":\"https:\/\/redfoxlotto.com\/sl\/keno\/\",\"url\":\"https:\/\/redfoxlotto.com\/sl\/keno\/\",\"name\":\"Kako igrati Keno na spletu | Pravila in strategija igre Keno na spletu\",\"isPartOf\":{\"@id\":\"https:\/\/redfoxlotto.com\/sl\/#website\"},\"primaryImageOfPage\":{\"@id\":\"https:\/\/redfoxlotto.com\/sl\/keno\/#primaryimage\"},\"image\":{\"@id\":\"https:\/\/redfoxlotto.com\/sl\/keno\/#primaryimage\"},\"thumbnailUrl\":\"https:\/\/redfoxlotto.com\/wp-content\/uploads\/2025\/10\/3-scaled.png\",\"datePublished\":\"2025-02-12T11:12:52+00:00\",\"dateModified\":\"2025-10-09T14:27:54+00:00\",\"description\":\"\u017delite pri igri Keno osvojiti veliko zmago? Kako igrati Keno na spletu za najvi\u0161je nagrade do 10 milijonov evrov, pri \u010demer do \u017erebanja nikoli ne manjka ve\u010d kot nekaj minut.\",\"breadcrumb\":{\"@id\":\"https:\/\/redfoxlotto.com\/sl\/keno\/#breadcrumb\"},\"inLanguage\":\"sl-SI\",\"potentialAction\":[{\"@type\":\"ReadAction\",\"target\":[\"https:\/\/redfoxlotto.com\/sl\/keno\/\"]}]},{\"@type\":\"ImageObject\",\"inLanguage\":\"sl-SI\",\"@id\":\"https:\/\/redfoxlotto.com\/sl\/keno\/#primaryimage\",\"url\":\"https:\/\/redfoxlotto.com\/wp-content\/uploads\/2025\/10\/3-scaled.png\",\"contentUrl\":\"https:\/\/redfoxlotto.com\/wp-content\/uploads\/2025\/10\/3-scaled.png\"},{\"@type\":\"BreadcrumbList\",\"@id\":\"https:\/\/redfoxlotto.com\/sl\/keno\/#breadcrumb\",\"itemListElement\":[{\"@type\":\"ListItem\",\"position\":1,\"name\":\"Home\",\"item\":\"https:\/\/redfoxlotto.com\/sl\/\"},{\"@type\":\"ListItem\",\"position\":2,\"name\":\"Keno\"}]},{\"@type\":\"WebSite\",\"@id\":\"https:\/\/redfoxlotto.com\/sl\/#website\",\"url\":\"https:\/\/redfoxlotto.com\/sl\/\",\"name\":\"Get Tickets for the World\u2019s largest jackpots\",\"description\":\"Participate in worldwide lottery jackpots from any country\",\"publisher\":{\"@id\":\"https:\/\/redfoxlotto.com\/sl\/#organization\"},\"potentialAction\":[{\"@type\":\"SearchAction\",\"target\":{\"@type\":\"EntryPoint\",\"urlTemplate\":\"https:\/\/redfoxlotto.com\/sl\/?s={search_term_string}\"},\"query-input\":{\"@type\":\"PropertyValueSpecification\",\"valueRequired\":true,\"valueName\":\"search_term_string\"}}],\"inLanguage\":\"sl-SI\"},{\"@type\":\"Organization\",\"@id\":\"https:\/\/redfoxlotto.com\/sl\/#organization\",\"name\":\"Get Tickets for the World\u2019s largest jackpots\",\"url\":\"https:\/\/redfoxlotto.com\/sl\/\",\"logo\":{\"@type\":\"ImageObject\",\"inLanguage\":\"sl-SI\",\"@id\":\"https:\/\/redfoxlotto.com\/sl\/#\/schema\/logo\/image\/\",\"url\":\"https:\/\/redfoxlotto.com\/wp-content\/uploads\/2023\/04\/logo.png\",\"contentUrl\":\"https:\/\/redfoxlotto.com\/wp-content\/uploads\/2023\/04\/logo.png\",\"width\":269,\"height\":53,\"caption\":\"Get Tickets for the World\u2019s largest jackpots\"},\"image\":{\"@id\":\"https:\/\/redfoxlotto.com\/sl\/#\/schema\/logo\/image\/\"}}]}<\/script>\n<!-- \/ Yoast SEO plugin. -->","yoast_head_json":{"title":"Kako igrati Keno na spletu | Pravila in strategija igre Keno na spletu","description":"\u017delite pri igri Keno osvojiti veliko zmago? Kako igrati Keno na spletu za najvi\u0161je nagrade do 10 milijonov evrov, pri \u010demer do \u017erebanja nikoli ne manjka ve\u010d kot nekaj minut.","robots":{"index":"index","follow":"follow","max-snippet":"max-snippet:-1","max-image-preview":"max-image-preview:large","max-video-preview":"max-video-preview:-1"},"canonical":"https:\/\/redfoxlotto.com\/sl\/keno\/","og_locale":"sl_SI","og_type":"article","og_title":"Kako igrati Keno na spletu | Pravila in strategija igre Keno na spletu","og_description":"\u017delite pri igri Keno osvojiti veliko zmago? Kako igrati Keno na spletu za najvi\u0161je nagrade do 10 milijonov evrov, pri \u010demer do \u017erebanja nikoli ne manjka ve\u010d kot nekaj minut.","og_url":"https:\/\/redfoxlotto.com\/sl\/keno\/","og_site_name":"Get Tickets for the World\u2019s largest jackpots","article_modified_time":"2025-10-09T14:27:54+00:00","og_image":[{"url":"https:\/\/redfoxlotto.com\/wp-content\/uploads\/2025\/10\/3-scaled.png"}],"twitter_card":"summary_large_image","twitter_misc":{"Est. reading time":"4 minute"},"schema":{"@context":"https:\/\/schema.org","@graph":[{"@type":"WebPage","@id":"https:\/\/redfoxlotto.com\/sl\/keno\/","url":"https:\/\/redfoxlotto.com\/sl\/keno\/","name":"Kako igrati Keno na spletu | Pravila in strategija igre Keno na spletu","isPartOf":{"@id":"https:\/\/redfoxlotto.com\/sl\/#website"},"primaryImageOfPage":{"@id":"https:\/\/redfoxlotto.com\/sl\/keno\/#primaryimage"},"image":{"@id":"https:\/\/redfoxlotto.com\/sl\/keno\/#primaryimage"},"thumbnailUrl":"https:\/\/redfoxlotto.com\/wp-content\/uploads\/2025\/10\/3-scaled.png","datePublished":"2025-02-12T11:12:52+00:00","dateModified":"2025-10-09T14:27:54+00:00","description":"\u017delite pri igri Keno osvojiti veliko zmago? Kako igrati Keno na spletu za najvi\u0161je nagrade do 10 milijonov evrov, pri \u010demer do \u017erebanja nikoli ne manjka ve\u010d kot nekaj minut.","breadcrumb":{"@id":"https:\/\/redfoxlotto.com\/sl\/keno\/#breadcrumb"},"inLanguage":"sl-SI","potentialAction":[{"@type":"ReadAction","target":["https:\/\/redfoxlotto.com\/sl\/keno\/"]}]},{"@type":"ImageObject","inLanguage":"sl-SI","@id":"https:\/\/redfoxlotto.com\/sl\/keno\/#primaryimage","url":"https:\/\/redfoxlotto.com\/wp-content\/uploads\/2025\/10\/3-scaled.png","contentUrl":"https:\/\/redfoxlotto.com\/wp-content\/uploads\/2025\/10\/3-scaled.png"},{"@type":"BreadcrumbList","@id":"https:\/\/redfoxlotto.com\/sl\/keno\/#breadcrumb","itemListElement":[{"@type":"ListItem","position":1,"name":"Home","item":"https:\/\/redfoxlotto.com\/sl\/"},{"@type":"ListItem","position":2,"name":"Keno"}]},{"@type":"WebSite","@id":"https:\/\/redfoxlotto.com\/sl\/#website","url":"https:\/\/redfoxlotto.com\/sl\/","name":"Get Tickets for the World\u2019s largest jackpots","description":"Participate in worldwide lottery jackpots from any country","publisher":{"@id":"https:\/\/redfoxlotto.com\/sl\/#organization"},"potentialAction":[{"@type":"SearchAction","target":{"@type":"EntryPoint","urlTemplate":"https:\/\/redfoxlotto.com\/sl\/?s={search_term_string}"},"query-input":{"@type":"PropertyValueSpecification","valueRequired":true,"valueName":"search_term_string"}}],"inLanguage":"sl-SI"},{"@type":"Organization","@id":"https:\/\/redfoxlotto.com\/sl\/#organization","name":"Get Tickets for the World\u2019s largest jackpots","url":"https:\/\/redfoxlotto.com\/sl\/","logo":{"@type":"ImageObject","inLanguage":"sl-SI","@id":"https:\/\/redfoxlotto.com\/sl\/#\/schema\/logo\/image\/","url":"https:\/\/redfoxlotto.com\/wp-content\/uploads\/2023\/04\/logo.png","contentUrl":"https:\/\/redfoxlotto.com\/wp-content\/uploads\/2023\/04\/logo.png","width":269,"height":53,"caption":"Get Tickets for the World\u2019s largest jackpots"},"image":{"@id":"https:\/\/redfoxlotto.com\/sl\/#\/schema\/logo\/image\/"}}]}},"_links":{"self":[{"href":"https:\/\/redfoxlotto.com\/sl\/wp-json\/wp\/v2\/pages\/84440","targetHints":{"allow":["GET"]}}],"collection":[{"href":"https:\/\/redfoxlotto.com\/sl\/wp-json\/wp\/v2\/pages"}],"about":[{"href":"https:\/\/redfoxlotto.com\/sl\/wp-json\/wp\/v2\/types\/page"}],"author":[{"embeddable":true,"href":"https:\/\/redfoxlotto.com\/sl\/wp-json\/wp\/v2\/users\/8"}],"replies":[{"embeddable":true,"href":"https:\/\/redfoxlotto.com\/sl\/wp-json\/wp\/v2\/comments?post=84440"}],"version-history":[{"count":0,"href":"https:\/\/redfoxlotto.com\/sl\/wp-json\/wp\/v2\/pages\/84440\/revisions"}],"wp:attachment":[{"href":"https:\/\/redfoxlotto.com\/sl\/wp-json\/wp\/v2\/media?parent=84440"}],"curies":[{"name":"wp","href":"https:\/\/api.w.org\/{rel}","templated":true}]}}