{"id":60884,"date":"2020-04-16T13:14:59","date_gmt":"2020-04-16T13:14:59","guid":{"rendered":"https:\/\/redfoxlotto.eu\/?page_id=60884"},"modified":"2023-06-01T08:24:42","modified_gmt":"2023-06-01T08:24:42","slug":"lotto-fr","status":"publish","type":"page","link":"https:\/\/redfoxlotto.com\/sl\/rezultati\/lotto-fr\/","title":{"rendered":"Francoski Loterija Rezultati"},"content":{"rendered":"<p>Ste za\u010deli igrati loterijo prek spleta in zdaj \u017eelite poskrbeti, da boste \u010dim la\u017eje dobili zmagovalne \u0161tevilke? Ogledali si bomo rezultate francoske loterije in kaj lahko pomenijo za vas.<\/p>\n<p><img loading=\"lazy\" decoding=\"async\" class=\" wp-image alignright\" src=\"https:\/\/content.redfoxlotto.com\/uploads\/sites\/9\/1_winning_online_lottery.jpg\" alt=\"Lotto Francija\" width=\"160\" height=\"160\" \/><\/p>\n<p>Konec koncev, \u010de igrate te igre loto, se \u017eelite prepri\u010dati, da boste rezultate izvedeli takoj, ko bodo na voljo, kajne? To lahko storite la\u017eje kot kdaj koli prej.<\/p>\n<h2>Iskanje rezultatov francoske loterije<\/h2>\n<p>Ko i\u0161\u010dete rezultate loterije na spletu, morate najprej vedeti, kje najti uradne rezultate. Obstajajo razli\u010dne spletne strani, na katerih lahko poi\u0161\u010dete ve\u010d informacij, vendar je najbolje, da greste tja, kjer ste kupili sre\u010dko, ali na uradno spletno stran loterije, ki jo igrate. Za francoski Loto boste na\u0161li ve\u010d razli\u010dnih mo\u017enosti in lokacij, zato se prepri\u010dajte, da i\u0161\u010dete na enem od teh dveh podro\u010dij ali da dvakrat preverjate \u0161tevilke na razli\u010dnih lokacijah.<\/p>\n<h2>Razumevanje nagradnih razredov<\/h2>\n<p>Ko najdete dobitne rezultate, si \u017eelite podrobneje ogledati stvari, kot je seznam nagradnih stopenj in katere \u0161tevilke ste dejansko pravilno iz\u017erebali. Francoska igra Lotto je namre\u010d podobna \u0161tevilnim drugim loterijskim igram po vsem svetu. Vse \u0161tevilke, v tem primeru pet \u017eogic in bonus, morate dobiti hkrati. To bo te\u017eko, vendar zagotovo ne bo nemogo\u010de (ljudje na loteriji zmagujejo ves \u010das, kajne?). \u010ce boste pravilno iz\u017erebali vsako od teh \u0161tevilk in pravilno izbrali bonusno kroglico, boste osvojili glavni dobitek, ki se nenehno pove\u010duje.<\/p>\n<p>\u010ce pravilno izberete le nekaj \u0161tevilk (samo eno, \u010de izberete bonus), potem boste dejansko osvojili nagrado. \u010ce boste zadeli le bonus ali celo eno ali dve kroglici, ne boste osvojili veliko. \u010ce pa vam uspe dobiti \u0161tiri, boste dobili precej dober znesek, in \u010de vam uspe dobiti vsaj \u0161tiri z bonusno kroglico, vam bo res dobro uspelo. Pravzaprav vam bo le \u0161tiri pravilne kroglice z bonusom prinesle ve\u010dje izpla\u010dilo kot pet pravilnih kroglic brez bonusa.<\/p>\n<h2>Igranje priljubljenih iger<\/h2>\n<p>\u010ce \u017eelite najti rezultate francoske loterije,<\/p>\n<p><img decoding=\"async\" class=\" wp-image alignright\" src=\"https:\/\/content.redfoxlotto.com\/uploads\/sites\/9\/1_lotto_money_win.jpg\" alt=\"Rezultati\" \/><\/p>\n<p>je najpomembneje, da i\u0161\u010dete na pravih mestih. Rezultati se \u017erebajo vsak ponedeljek, sredo in soboto, kar pomeni, da boste imeli veliko prilo\u017enosti za zmago, glavni dobitek pa se vsak dan le \u0161e pove\u010duje, zato boste, \u010de ga ne boste osvojili danes, morda \u017ee \u010dez nekaj dni postali veliki dobitnik!<\/p>\n","protected":false},"excerpt":{"rendered":"<p>Ste za\u010deli igrati loterijo prek spleta in zdaj \u017eelite poskrbeti, da boste \u010dim la\u017eje dobili zmagovalne \u0161tevilke? Ogledali si bomo rezultate francoske loterije in kaj lahko pomenijo za vas. Konec koncev, \u010de igrate te igre loto, se \u017eelite prepri\u010dati, da boste rezultate izvedeli takoj, ko bodo na voljo, kajne? To lahko storite la\u017eje kot kdaj [&hellip;]<\/p>\n","protected":false},"author":1,"featured_media":0,"parent":17297,"menu_order":32,"comment_status":"closed","ping_status":"closed","template":"lotto-fr-results.php","meta":{"_et_pb_use_builder":"","_et_pb_old_content":"","_et_gb_content_width":"","exclude_from_search":false,"footnotes":""},"class_list":["post-60884","page","type-page","status-publish","hentry"],"yoast_head":"<!-- This site is optimized with the Yoast SEO plugin v23.8 - https:\/\/yoast.com\/wordpress\/plugins\/seo\/ -->\n<title>Iskanje rezultatov francoske loterije<\/title>\n<meta name=\"description\" content=\"Iskanje rezultatov francoske loterije je preprosto in enostavno, saj jih morate le preveriti tukaj\" \/>\n<meta name=\"robots\" content=\"index, follow, max-snippet:-1, max-image-preview:large, max-video-preview:-1\" \/>\n<link rel=\"canonical\" href=\"https:\/\/redfoxlotto.com\/sl\/rezultati\/lotto-fr\/\" \/>\n<meta property=\"og:locale\" content=\"sl_SI\" \/>\n<meta property=\"og:type\" content=\"article\" \/>\n<meta property=\"og:title\" content=\"Iskanje rezultatov francoske loterije\" \/>\n<meta property=\"og:description\" content=\"Iskanje rezultatov francoske loterije je preprosto in enostavno, saj jih morate le preveriti tukaj\" \/>\n<meta property=\"og:url\" content=\"https:\/\/redfoxlotto.com\/sl\/rezultati\/lotto-fr\/\" \/>\n<meta property=\"og:site_name\" content=\"Get Tickets for the World\u2019s largest jackpots\" \/>\n<meta property=\"article:modified_time\" content=\"2023-06-01T08:24:42+00:00\" \/>\n<meta property=\"og:image\" content=\"https:\/\/content.redfoxlotto.com\/uploads\/sites\/9\/1_winning_online_lottery.jpg\" \/>\n<meta name=\"twitter:card\" content=\"summary_large_image\" \/>\n<meta name=\"twitter:label1\" content=\"Est. reading time\" \/>\n\t<meta name=\"twitter:data1\" content=\"2 minuti\" \/>\n<script type=\"application\/ld+json\" class=\"yoast-schema-graph\">{\"@context\":\"https:\/\/schema.org\",\"@graph\":[{\"@type\":\"WebPage\",\"@id\":\"https:\/\/redfoxlotto.com\/sl\/rezultati\/lotto-fr\/\",\"url\":\"https:\/\/redfoxlotto.com\/sl\/rezultati\/lotto-fr\/\",\"name\":\"Iskanje rezultatov francoske loterije\",\"isPartOf\":{\"@id\":\"https:\/\/redfoxlotto.com\/sl\/#website\"},\"primaryImageOfPage\":{\"@id\":\"https:\/\/redfoxlotto.com\/sl\/rezultati\/lotto-fr\/#primaryimage\"},\"image\":{\"@id\":\"https:\/\/redfoxlotto.com\/sl\/rezultati\/lotto-fr\/#primaryimage\"},\"thumbnailUrl\":\"https:\/\/content.redfoxlotto.com\/uploads\/sites\/9\/1_winning_online_lottery.jpg\",\"datePublished\":\"2020-04-16T13:14:59+00:00\",\"dateModified\":\"2023-06-01T08:24:42+00:00\",\"description\":\"Iskanje rezultatov francoske loterije je preprosto in enostavno, saj jih morate le preveriti tukaj\",\"breadcrumb\":{\"@id\":\"https:\/\/redfoxlotto.com\/sl\/rezultati\/lotto-fr\/#breadcrumb\"},\"inLanguage\":\"sl-SI\",\"potentialAction\":[{\"@type\":\"ReadAction\",\"target\":[\"https:\/\/redfoxlotto.com\/sl\/rezultati\/lotto-fr\/\"]}]},{\"@type\":\"ImageObject\",\"inLanguage\":\"sl-SI\",\"@id\":\"https:\/\/redfoxlotto.com\/sl\/rezultati\/lotto-fr\/#primaryimage\",\"url\":\"https:\/\/content.redfoxlotto.com\/uploads\/sites\/9\/1_winning_online_lottery.jpg\",\"contentUrl\":\"https:\/\/content.redfoxlotto.com\/uploads\/sites\/9\/1_winning_online_lottery.jpg\"},{\"@type\":\"BreadcrumbList\",\"@id\":\"https:\/\/redfoxlotto.com\/sl\/rezultati\/lotto-fr\/#breadcrumb\",\"itemListElement\":[{\"@type\":\"ListItem\",\"position\":1,\"name\":\"Home\",\"item\":\"https:\/\/redfoxlotto.com\/sl\/\"},{\"@type\":\"ListItem\",\"position\":2,\"name\":\"Rezultati mednarodnih loterij\",\"item\":\"https:\/\/redfoxlotto.com\/sl\/rezultati\/\"},{\"@type\":\"ListItem\",\"position\":3,\"name\":\"Francoski Loterija Rezultati\"}]},{\"@type\":\"WebSite\",\"@id\":\"https:\/\/redfoxlotto.com\/sl\/#website\",\"url\":\"https:\/\/redfoxlotto.com\/sl\/\",\"name\":\"Get Tickets for the World\u2019s largest jackpots\",\"description\":\"Participate in worldwide lottery jackpots from any country\",\"publisher\":{\"@id\":\"https:\/\/redfoxlotto.com\/sl\/#organization\"},\"potentialAction\":[{\"@type\":\"SearchAction\",\"target\":{\"@type\":\"EntryPoint\",\"urlTemplate\":\"https:\/\/redfoxlotto.com\/sl\/?s={search_term_string}\"},\"query-input\":{\"@type\":\"PropertyValueSpecification\",\"valueRequired\":true,\"valueName\":\"search_term_string\"}}],\"inLanguage\":\"sl-SI\"},{\"@type\":\"Organization\",\"@id\":\"https:\/\/redfoxlotto.com\/sl\/#organization\",\"name\":\"Get Tickets for the World\u2019s largest jackpots\",\"url\":\"https:\/\/redfoxlotto.com\/sl\/\",\"logo\":{\"@type\":\"ImageObject\",\"inLanguage\":\"sl-SI\",\"@id\":\"https:\/\/redfoxlotto.com\/sl\/#\/schema\/logo\/image\/\",\"url\":\"https:\/\/redfoxlotto.com\/wp-content\/uploads\/2023\/04\/logo.png\",\"contentUrl\":\"https:\/\/redfoxlotto.com\/wp-content\/uploads\/2023\/04\/logo.png\",\"width\":269,\"height\":53,\"caption\":\"Get Tickets for the World\u2019s largest jackpots\"},\"image\":{\"@id\":\"https:\/\/redfoxlotto.com\/sl\/#\/schema\/logo\/image\/\"}}]}<\/script>\n<!-- \/ Yoast SEO plugin. -->","yoast_head_json":{"title":"Iskanje rezultatov francoske loterije","description":"Iskanje rezultatov francoske loterije je preprosto in enostavno, saj jih morate le preveriti tukaj","robots":{"index":"index","follow":"follow","max-snippet":"max-snippet:-1","max-image-preview":"max-image-preview:large","max-video-preview":"max-video-preview:-1"},"canonical":"https:\/\/redfoxlotto.com\/sl\/rezultati\/lotto-fr\/","og_locale":"sl_SI","og_type":"article","og_title":"Iskanje rezultatov francoske loterije","og_description":"Iskanje rezultatov francoske loterije je preprosto in enostavno, saj jih morate le preveriti tukaj","og_url":"https:\/\/redfoxlotto.com\/sl\/rezultati\/lotto-fr\/","og_site_name":"Get Tickets for the World\u2019s largest jackpots","article_modified_time":"2023-06-01T08:24:42+00:00","og_image":[{"url":"https:\/\/content.redfoxlotto.com\/uploads\/sites\/9\/1_winning_online_lottery.jpg"}],"twitter_card":"summary_large_image","twitter_misc":{"Est. reading time":"2 minuti"},"schema":{"@context":"https:\/\/schema.org","@graph":[{"@type":"WebPage","@id":"https:\/\/redfoxlotto.com\/sl\/rezultati\/lotto-fr\/","url":"https:\/\/redfoxlotto.com\/sl\/rezultati\/lotto-fr\/","name":"Iskanje rezultatov francoske loterije","isPartOf":{"@id":"https:\/\/redfoxlotto.com\/sl\/#website"},"primaryImageOfPage":{"@id":"https:\/\/redfoxlotto.com\/sl\/rezultati\/lotto-fr\/#primaryimage"},"image":{"@id":"https:\/\/redfoxlotto.com\/sl\/rezultati\/lotto-fr\/#primaryimage"},"thumbnailUrl":"https:\/\/content.redfoxlotto.com\/uploads\/sites\/9\/1_winning_online_lottery.jpg","datePublished":"2020-04-16T13:14:59+00:00","dateModified":"2023-06-01T08:24:42+00:00","description":"Iskanje rezultatov francoske loterije je preprosto in enostavno, saj jih morate le preveriti tukaj","breadcrumb":{"@id":"https:\/\/redfoxlotto.com\/sl\/rezultati\/lotto-fr\/#breadcrumb"},"inLanguage":"sl-SI","potentialAction":[{"@type":"ReadAction","target":["https:\/\/redfoxlotto.com\/sl\/rezultati\/lotto-fr\/"]}]},{"@type":"ImageObject","inLanguage":"sl-SI","@id":"https:\/\/redfoxlotto.com\/sl\/rezultati\/lotto-fr\/#primaryimage","url":"https:\/\/content.redfoxlotto.com\/uploads\/sites\/9\/1_winning_online_lottery.jpg","contentUrl":"https:\/\/content.redfoxlotto.com\/uploads\/sites\/9\/1_winning_online_lottery.jpg"},{"@type":"BreadcrumbList","@id":"https:\/\/redfoxlotto.com\/sl\/rezultati\/lotto-fr\/#breadcrumb","itemListElement":[{"@type":"ListItem","position":1,"name":"Home","item":"https:\/\/redfoxlotto.com\/sl\/"},{"@type":"ListItem","position":2,"name":"Rezultati mednarodnih loterij","item":"https:\/\/redfoxlotto.com\/sl\/rezultati\/"},{"@type":"ListItem","position":3,"name":"Francoski Loterija Rezultati"}]},{"@type":"WebSite","@id":"https:\/\/redfoxlotto.com\/sl\/#website","url":"https:\/\/redfoxlotto.com\/sl\/","name":"Get Tickets for the World\u2019s largest jackpots","description":"Participate in worldwide lottery jackpots from any country","publisher":{"@id":"https:\/\/redfoxlotto.com\/sl\/#organization"},"potentialAction":[{"@type":"SearchAction","target":{"@type":"EntryPoint","urlTemplate":"https:\/\/redfoxlotto.com\/sl\/?s={search_term_string}"},"query-input":{"@type":"PropertyValueSpecification","valueRequired":true,"valueName":"search_term_string"}}],"inLanguage":"sl-SI"},{"@type":"Organization","@id":"https:\/\/redfoxlotto.com\/sl\/#organization","name":"Get Tickets for the World\u2019s largest jackpots","url":"https:\/\/redfoxlotto.com\/sl\/","logo":{"@type":"ImageObject","inLanguage":"sl-SI","@id":"https:\/\/redfoxlotto.com\/sl\/#\/schema\/logo\/image\/","url":"https:\/\/redfoxlotto.com\/wp-content\/uploads\/2023\/04\/logo.png","contentUrl":"https:\/\/redfoxlotto.com\/wp-content\/uploads\/2023\/04\/logo.png","width":269,"height":53,"caption":"Get Tickets for the World\u2019s largest jackpots"},"image":{"@id":"https:\/\/redfoxlotto.com\/sl\/#\/schema\/logo\/image\/"}}]}},"_links":{"self":[{"href":"https:\/\/redfoxlotto.com\/sl\/wp-json\/wp\/v2\/pages\/60884","targetHints":{"allow":["GET"]}}],"collection":[{"href":"https:\/\/redfoxlotto.com\/sl\/wp-json\/wp\/v2\/pages"}],"about":[{"href":"https:\/\/redfoxlotto.com\/sl\/wp-json\/wp\/v2\/types\/page"}],"author":[{"embeddable":true,"href":"https:\/\/redfoxlotto.com\/sl\/wp-json\/wp\/v2\/users\/1"}],"replies":[{"embeddable":true,"href":"https:\/\/redfoxlotto.com\/sl\/wp-json\/wp\/v2\/comments?post=60884"}],"version-history":[{"count":0,"href":"https:\/\/redfoxlotto.com\/sl\/wp-json\/wp\/v2\/pages\/60884\/revisions"}],"up":[{"embeddable":true,"href":"https:\/\/redfoxlotto.com\/sl\/wp-json\/wp\/v2\/pages\/17297"}],"wp:attachment":[{"href":"https:\/\/redfoxlotto.com\/sl\/wp-json\/wp\/v2\/media?parent=60884"}],"curies":[{"name":"wp","href":"https:\/\/api.w.org\/{rel}","templated":true}]}}