{"id":60579,"date":"2019-08-09T14:33:52","date_gmt":"2019-08-09T14:33:52","guid":{"rendered":"https:\/\/redfoxlotto.eu\/?page_id=60579"},"modified":"2023-05-30T05:43:11","modified_gmt":"2023-05-30T05:43:11","slug":"lotto-fr","status":"publish","type":"page","link":"https:\/\/redfoxlotto.com\/sl\/loterije\/lotto-fr\/","title":{"rendered":"O francoski loteriji"},"content":{"rendered":"<p>I\u0161\u010dete novo igro za igranje, vendar niste prepri\u010dani, katera naj bo to? No, \u010de ste \u0161e vedno na pre\u017ei, potem si morate ogledati, kako kupiti sre\u010dke za francosko loterijo na spletu.<\/p>\n<p>Ko boste izvedeli, kako deluje, bo to ena od va\u0161ih najbolj\u0161ih izbir, saj bo preprosta, enostavna in zabavna za vse, ki imate radi loterijo. Navsezadnje gre za to, da dobite velike \u0161tevilke in morda osvojite velik jackpot, kajne?<\/p>\n<h2>Kje se je za\u010delo<\/h2>\n<p>Morda boste pravzaprav presene\u010deni, ko boste izvedeli, da loterija v Franciji sega vse do leta 1505. Kralj Fran\u010di\u0161ek I. jo je za\u010del s svojimi dr\u017eavljani, vendar se je igra s\u010dasoma precej<\/p>\n<p><img decoding=\"async\" class=\" wp-image alignright\" src=\"https:\/\/redfoxlotto.org\/wp-content\/uploads\/2023\/04\/ticket_euromillions1.jpg\" alt=\"spletna vstopnica Francoska loterija\" \/><\/p>\n<p>spremenila. Kljub temu bo splo\u0161ni postopek precej podoben tistemu, ki ste ga verjetno videli pri kateri koli drugi loteriji, ki ste jo igrali. Poleg tega boste imeli prilo\u017enost igrati za precej dobre nagrade, kar bo zagotovo pomemben vidik, kaj menite?<\/p>\n<h2>Kako deluje<\/h2>\n<p>Pri francoski loteriji so \u017erebanja dejansko tri dni v tednu, zato boste imeli veliko prilo\u017enosti za igro. Vsak ponedeljek, sredo in soboto izvedejo novo \u017erebanje, zato bo to eden pogostej\u0161ih glavnih dobitkov. To je \u0161e toliko bolj pomembno, \u010de pomislite, da bo glavni dobitek eden ve\u010djih. Medtem ko je obi\u010dajni dnevni jackpot loterije precej majhen, tedenska ali dvotedenska \u017erebanja pa precej velika, se bo ta po pogostosti \u017erebanja pribli\u017eal kategoriji velikih jackpotov.<\/p>\n<p>Poleg pogostosti \u017erebanj je igra zelo preprosta. Zmagali boste, \u010de boste pravilno iz\u017erebali vseh pet \u0161tevilk in dobili pravilno bonusno \u017eogico. Iz\u017erebanih bo torej \u0161est razli\u010dnih \u0161tevilk in na koncu lahko osvojite veliki jackpot, ki obi\u010dajno zna\u0161a 2.000.000 \u20ac. To je zagotovo dober znesek, kajne? Pri tem se za\u010dne glavni dobitek, ki se od takrat naprej pove\u010duje. To pomeni, da je vedno velika mo\u017enost, da boste osvojili ve\u010d kot to.<\/p>\n<h2>Izbira \u0161tevilk<\/h2>\n<p>\u0160tevilke lahko izberete na ve\u010d razli\u010dnih na\u010dinov. Pravzaprav bo to v celoti odvisno od vas, tako kot \u010de bi \u0161li igrat v trgovino na vogalu. Lahko izpolnite &#8220;listek&#8221; s \u0161tevilkami, ki jih \u017eelite, ali pa se odlo\u010dite samo za &#8220;enostavno izbiro&#8221;. \u010ce izpolnite svoje \u0161tevilke, boste zagotovo dobili tiste \u0161tevilke, ki ste jih \u017eeleli. Po drugi strani pa &#8220;enostavna izbira&#8221; pomeni, da bo avtomat samodejno ustvaril \u0161tevilke za vas.<\/p>\n<h2>Kako zmagati<\/h2>\n<p>Ko gre za dejanski dobitek, si je treba \u0161tevilke natan\u010dneje ogledati. \u010ce boste dobili bonusno \u0161tevilko, boste nekaj osvojili. \u010ce dobite dve obi\u010dajni \u0161tevilki, vendar ne bonusne, boste prav tako nekaj osvojili. Za vsako dodatno \u0161tevilko, ki jo boste imeli nad to, pa boste osvojili \u0161e malo ve\u010d in \u0161e malo ve\u010d. Najbolj\u0161i na\u010din za osvojitev dobitka so \u0161tiri \u0161tevilke in bonus ali vseh pet \u0161tevilk in bonus. \u010ce imate samo pet \u0161tevilk brez bonusa, to pravzaprav ni tako dober dobitek.<\/p>\n<h2>Kako kupiti vstopnice za francosko loterijo na spletu<\/h2>\n<p>Ko ste pripravljeni na nakup, najprej potrebujete kraj, kjer boste to storili. Ne boste mogli iti sami v lokalno trgovino, kot bi lahko \u0161li, ko vas pre\u0161ine razpolo\u017eenje za lokalne igre.<\/p>\n<p><img decoding=\"async\" class=\" wp-image-5380 alignright\" src=\"https:\/\/content.redfoxlotto.com\/uploads\/sites\/9\/jackpot_lottery_online.jpg\" alt=\"sre\u010dke francoske loterije\" width=\"250&quot;\" height=\"125\" \/><\/p>\n<p>Namesto tega se boste morali odpraviti na splet in poiskati uglednega trgovca, ki vam lahko pomaga (kar za vas ne bi smel biti problem, kajne, saj ste \u017ee tukaj). Prav tako boste lahko izkoristili vse enake ugodnosti, kot \u010de bi po naklju\u010dju \u017eiveli v Franciji in bi lahko vstopnice kupili na kraju samem. Torej vam ni treba ni\u010desar \u017ertvovati.<\/p>\n","protected":false},"excerpt":{"rendered":"<p>I\u0161\u010dete novo igro za igranje, vendar niste prepri\u010dani, katera naj bo to? No, \u010de ste \u0161e vedno na pre\u017ei, potem si morate ogledati, kako kupiti sre\u010dke za francosko loterijo na spletu. Ko boste izvedeli, kako deluje, bo to ena od va\u0161ih najbolj\u0161ih izbir, saj bo preprosta, enostavna in zabavna za vse, ki imate radi loterijo. [&hellip;]<\/p>\n","protected":false},"author":1,"featured_media":0,"parent":17289,"menu_order":31,"comment_status":"closed","ping_status":"closed","template":"lotto-fr-info.php","meta":{"_et_pb_use_builder":"","_et_pb_old_content":"","_et_gb_content_width":"","exclude_from_search":false,"footnotes":""},"class_list":["post-60579","page","type-page","status-publish","hentry"],"yoast_head":"<!-- This site is optimized with the Yoast SEO plugin v23.8 - https:\/\/yoast.com\/wordpress\/plugins\/seo\/ -->\n<title>Kako kupiti vstopnice za francosko loterijo na spletu<\/title>\n<meta name=\"description\" content=\"Ste pripravljeni na nakup sre\u010dk za francosko loterijo prek spleta? Tukaj najdete vse, kar morate vedeti o tem!\" \/>\n<meta name=\"robots\" content=\"index, follow, max-snippet:-1, max-image-preview:large, max-video-preview:-1\" \/>\n<link rel=\"canonical\" href=\"https:\/\/redfoxlotto.com\/sl\/loterije\/lotto-fr\/\" \/>\n<meta property=\"og:locale\" content=\"sl_SI\" \/>\n<meta property=\"og:type\" content=\"article\" \/>\n<meta property=\"og:title\" content=\"Kako kupiti vstopnice za francosko loterijo na spletu\" \/>\n<meta property=\"og:description\" content=\"Ste pripravljeni na nakup sre\u010dk za francosko loterijo prek spleta? Tukaj najdete vse, kar morate vedeti o tem!\" \/>\n<meta property=\"og:url\" content=\"https:\/\/redfoxlotto.com\/sl\/loterije\/lotto-fr\/\" \/>\n<meta property=\"og:site_name\" content=\"Get Tickets for the World\u2019s largest jackpots\" \/>\n<meta property=\"article:modified_time\" content=\"2023-05-30T05:43:11+00:00\" \/>\n<meta property=\"og:image\" content=\"https:\/\/redfoxlotto.org\/wp-content\/uploads\/2023\/04\/ticket_euromillions1.jpg\" \/>\n<meta name=\"twitter:card\" content=\"summary_large_image\" \/>\n<meta name=\"twitter:label1\" content=\"Est. reading time\" \/>\n\t<meta name=\"twitter:data1\" content=\"3 minute\" \/>\n<script type=\"application\/ld+json\" class=\"yoast-schema-graph\">{\"@context\":\"https:\/\/schema.org\",\"@graph\":[{\"@type\":\"WebPage\",\"@id\":\"https:\/\/redfoxlotto.com\/sl\/loterije\/lotto-fr\/\",\"url\":\"https:\/\/redfoxlotto.com\/sl\/loterije\/lotto-fr\/\",\"name\":\"Kako kupiti vstopnice za francosko loterijo na spletu\",\"isPartOf\":{\"@id\":\"https:\/\/redfoxlotto.com\/sl\/#website\"},\"primaryImageOfPage\":{\"@id\":\"https:\/\/redfoxlotto.com\/sl\/loterije\/lotto-fr\/#primaryimage\"},\"image\":{\"@id\":\"https:\/\/redfoxlotto.com\/sl\/loterije\/lotto-fr\/#primaryimage\"},\"thumbnailUrl\":\"https:\/\/redfoxlotto.org\/wp-content\/uploads\/2023\/04\/ticket_euromillions1.jpg\",\"datePublished\":\"2019-08-09T14:33:52+00:00\",\"dateModified\":\"2023-05-30T05:43:11+00:00\",\"description\":\"Ste pripravljeni na nakup sre\u010dk za francosko loterijo prek spleta? Tukaj najdete vse, kar morate vedeti o tem!\",\"breadcrumb\":{\"@id\":\"https:\/\/redfoxlotto.com\/sl\/loterije\/lotto-fr\/#breadcrumb\"},\"inLanguage\":\"sl-SI\",\"potentialAction\":[{\"@type\":\"ReadAction\",\"target\":[\"https:\/\/redfoxlotto.com\/sl\/loterije\/lotto-fr\/\"]}]},{\"@type\":\"ImageObject\",\"inLanguage\":\"sl-SI\",\"@id\":\"https:\/\/redfoxlotto.com\/sl\/loterije\/lotto-fr\/#primaryimage\",\"url\":\"https:\/\/redfoxlotto.org\/wp-content\/uploads\/2023\/04\/ticket_euromillions1.jpg\",\"contentUrl\":\"https:\/\/redfoxlotto.org\/wp-content\/uploads\/2023\/04\/ticket_euromillions1.jpg\"},{\"@type\":\"BreadcrumbList\",\"@id\":\"https:\/\/redfoxlotto.com\/sl\/loterije\/lotto-fr\/#breadcrumb\",\"itemListElement\":[{\"@type\":\"ListItem\",\"position\":1,\"name\":\"Home\",\"item\":\"https:\/\/redfoxlotto.com\/sl\/\"},{\"@type\":\"ListItem\",\"position\":2,\"name\":\"Kako vpla\u010dati loterijske listke prek spleta &#8211; postopek nakupa\",\"item\":\"https:\/\/redfoxlotto.com\/sl\/loterije\/\"},{\"@type\":\"ListItem\",\"position\":3,\"name\":\"O francoski loteriji\"}]},{\"@type\":\"WebSite\",\"@id\":\"https:\/\/redfoxlotto.com\/sl\/#website\",\"url\":\"https:\/\/redfoxlotto.com\/sl\/\",\"name\":\"Get Tickets for the World\u2019s largest jackpots\",\"description\":\"Participate in worldwide lottery jackpots from any country\",\"publisher\":{\"@id\":\"https:\/\/redfoxlotto.com\/sl\/#organization\"},\"potentialAction\":[{\"@type\":\"SearchAction\",\"target\":{\"@type\":\"EntryPoint\",\"urlTemplate\":\"https:\/\/redfoxlotto.com\/sl\/?s={search_term_string}\"},\"query-input\":{\"@type\":\"PropertyValueSpecification\",\"valueRequired\":true,\"valueName\":\"search_term_string\"}}],\"inLanguage\":\"sl-SI\"},{\"@type\":\"Organization\",\"@id\":\"https:\/\/redfoxlotto.com\/sl\/#organization\",\"name\":\"Get Tickets for the World\u2019s largest jackpots\",\"url\":\"https:\/\/redfoxlotto.com\/sl\/\",\"logo\":{\"@type\":\"ImageObject\",\"inLanguage\":\"sl-SI\",\"@id\":\"https:\/\/redfoxlotto.com\/sl\/#\/schema\/logo\/image\/\",\"url\":\"https:\/\/redfoxlotto.com\/wp-content\/uploads\/2023\/04\/logo.png\",\"contentUrl\":\"https:\/\/redfoxlotto.com\/wp-content\/uploads\/2023\/04\/logo.png\",\"width\":269,\"height\":53,\"caption\":\"Get Tickets for the World\u2019s largest jackpots\"},\"image\":{\"@id\":\"https:\/\/redfoxlotto.com\/sl\/#\/schema\/logo\/image\/\"}}]}<\/script>\n<!-- \/ Yoast SEO plugin. -->","yoast_head_json":{"title":"Kako kupiti vstopnice za francosko loterijo na spletu","description":"Ste pripravljeni na nakup sre\u010dk za francosko loterijo prek spleta? Tukaj najdete vse, kar morate vedeti o tem!","robots":{"index":"index","follow":"follow","max-snippet":"max-snippet:-1","max-image-preview":"max-image-preview:large","max-video-preview":"max-video-preview:-1"},"canonical":"https:\/\/redfoxlotto.com\/sl\/loterije\/lotto-fr\/","og_locale":"sl_SI","og_type":"article","og_title":"Kako kupiti vstopnice za francosko loterijo na spletu","og_description":"Ste pripravljeni na nakup sre\u010dk za francosko loterijo prek spleta? Tukaj najdete vse, kar morate vedeti o tem!","og_url":"https:\/\/redfoxlotto.com\/sl\/loterije\/lotto-fr\/","og_site_name":"Get Tickets for the World\u2019s largest jackpots","article_modified_time":"2023-05-30T05:43:11+00:00","og_image":[{"url":"https:\/\/redfoxlotto.org\/wp-content\/uploads\/2023\/04\/ticket_euromillions1.jpg"}],"twitter_card":"summary_large_image","twitter_misc":{"Est. reading time":"3 minute"},"schema":{"@context":"https:\/\/schema.org","@graph":[{"@type":"WebPage","@id":"https:\/\/redfoxlotto.com\/sl\/loterije\/lotto-fr\/","url":"https:\/\/redfoxlotto.com\/sl\/loterije\/lotto-fr\/","name":"Kako kupiti vstopnice za francosko loterijo na spletu","isPartOf":{"@id":"https:\/\/redfoxlotto.com\/sl\/#website"},"primaryImageOfPage":{"@id":"https:\/\/redfoxlotto.com\/sl\/loterije\/lotto-fr\/#primaryimage"},"image":{"@id":"https:\/\/redfoxlotto.com\/sl\/loterije\/lotto-fr\/#primaryimage"},"thumbnailUrl":"https:\/\/redfoxlotto.org\/wp-content\/uploads\/2023\/04\/ticket_euromillions1.jpg","datePublished":"2019-08-09T14:33:52+00:00","dateModified":"2023-05-30T05:43:11+00:00","description":"Ste pripravljeni na nakup sre\u010dk za francosko loterijo prek spleta? Tukaj najdete vse, kar morate vedeti o tem!","breadcrumb":{"@id":"https:\/\/redfoxlotto.com\/sl\/loterije\/lotto-fr\/#breadcrumb"},"inLanguage":"sl-SI","potentialAction":[{"@type":"ReadAction","target":["https:\/\/redfoxlotto.com\/sl\/loterije\/lotto-fr\/"]}]},{"@type":"ImageObject","inLanguage":"sl-SI","@id":"https:\/\/redfoxlotto.com\/sl\/loterije\/lotto-fr\/#primaryimage","url":"https:\/\/redfoxlotto.org\/wp-content\/uploads\/2023\/04\/ticket_euromillions1.jpg","contentUrl":"https:\/\/redfoxlotto.org\/wp-content\/uploads\/2023\/04\/ticket_euromillions1.jpg"},{"@type":"BreadcrumbList","@id":"https:\/\/redfoxlotto.com\/sl\/loterije\/lotto-fr\/#breadcrumb","itemListElement":[{"@type":"ListItem","position":1,"name":"Home","item":"https:\/\/redfoxlotto.com\/sl\/"},{"@type":"ListItem","position":2,"name":"Kako vpla\u010dati loterijske listke prek spleta &#8211; postopek nakupa","item":"https:\/\/redfoxlotto.com\/sl\/loterije\/"},{"@type":"ListItem","position":3,"name":"O francoski loteriji"}]},{"@type":"WebSite","@id":"https:\/\/redfoxlotto.com\/sl\/#website","url":"https:\/\/redfoxlotto.com\/sl\/","name":"Get Tickets for the World\u2019s largest jackpots","description":"Participate in worldwide lottery jackpots from any country","publisher":{"@id":"https:\/\/redfoxlotto.com\/sl\/#organization"},"potentialAction":[{"@type":"SearchAction","target":{"@type":"EntryPoint","urlTemplate":"https:\/\/redfoxlotto.com\/sl\/?s={search_term_string}"},"query-input":{"@type":"PropertyValueSpecification","valueRequired":true,"valueName":"search_term_string"}}],"inLanguage":"sl-SI"},{"@type":"Organization","@id":"https:\/\/redfoxlotto.com\/sl\/#organization","name":"Get Tickets for the World\u2019s largest jackpots","url":"https:\/\/redfoxlotto.com\/sl\/","logo":{"@type":"ImageObject","inLanguage":"sl-SI","@id":"https:\/\/redfoxlotto.com\/sl\/#\/schema\/logo\/image\/","url":"https:\/\/redfoxlotto.com\/wp-content\/uploads\/2023\/04\/logo.png","contentUrl":"https:\/\/redfoxlotto.com\/wp-content\/uploads\/2023\/04\/logo.png","width":269,"height":53,"caption":"Get Tickets for the World\u2019s largest jackpots"},"image":{"@id":"https:\/\/redfoxlotto.com\/sl\/#\/schema\/logo\/image\/"}}]}},"_links":{"self":[{"href":"https:\/\/redfoxlotto.com\/sl\/wp-json\/wp\/v2\/pages\/60579","targetHints":{"allow":["GET"]}}],"collection":[{"href":"https:\/\/redfoxlotto.com\/sl\/wp-json\/wp\/v2\/pages"}],"about":[{"href":"https:\/\/redfoxlotto.com\/sl\/wp-json\/wp\/v2\/types\/page"}],"author":[{"embeddable":true,"href":"https:\/\/redfoxlotto.com\/sl\/wp-json\/wp\/v2\/users\/1"}],"replies":[{"embeddable":true,"href":"https:\/\/redfoxlotto.com\/sl\/wp-json\/wp\/v2\/comments?post=60579"}],"version-history":[{"count":0,"href":"https:\/\/redfoxlotto.com\/sl\/wp-json\/wp\/v2\/pages\/60579\/revisions"}],"up":[{"embeddable":true,"href":"https:\/\/redfoxlotto.com\/sl\/wp-json\/wp\/v2\/pages\/17289"}],"wp:attachment":[{"href":"https:\/\/redfoxlotto.com\/sl\/wp-json\/wp\/v2\/media?parent=60579"}],"curies":[{"name":"wp","href":"https:\/\/api.w.org\/{rel}","templated":true}]}}