{"id":60258,"date":"2019-08-09T14:24:22","date_gmt":"2019-08-09T14:24:22","guid":{"rendered":"https:\/\/redfoxlotto.eu\/?page_id=60258"},"modified":"2025-12-10T23:56:08","modified_gmt":"2025-12-10T23:56:08","slug":"lotto-fr","status":"publish","type":"page","link":"https:\/\/redfoxlotto.com\/sl\/igraj\/lotto-fr\/","title":{"rendered":"Igrajte francosko Lotto"},"content":{"rendered":"<p><script type=\"application\/ld+json\">\n{\n\"@context\": \"https:\/\/schema.org\",\n\"@type\": \"Service\",\n\"name\": \"French Lotto online\",\n\"url\": \"https:\/\/redfoxlotto.com\/sl\/igraj\/lotto-fr\/\",\n\"description\": \"Kupite uradne francoske loto listke na spletu preko RedFoxLotto. Izberite svoje \u0161tevilke in sodelujte v naslednjem \u017erebanju.\",\n\"serviceType\": \"Online lottery ticket purchase\",<\/p>\n<p>\"provider\": {\n\"@type\": \"Organization\",\n\"name\": \"RedFoxLotto\",\n\"url\": \"https:\/\/redfoxlotto.com\",\n\"logo\": \"https:\/\/redfoxlotto.com\/wp-content\/uploads\/logo.png\"\n},<\/p>\n<p>\"areaServed\": \"Worldwide\",\n\"termsOfService\": \"https:\/\/redfoxlotto.com\/terms-and-conditions\",<\/p>\n<p>\"hasOfferCatalog\": {\n\"@type\": \"OfferCatalog\",\n\"name\": \"French Lotto Offers\",\n\"itemListElement\": [\n{\n\"@type\": \"Offer\",\n\"name\": \"Lotto French Lotto Ticket\",\n\"url\": \"https:\/\/redfoxlotto.com\/sl\/igraj\/lotto-fr\/\",\n\"description\": \"Ena udele\u017eba v naslednjem \u017erebanju francoskega lota.\",\n\"price\": \"6.00\",\n\"priceCurrency\": \"EUR\",\n\"availability\": \"https:\/\/schema.org\/InStock\",<\/p>\n<p>\"itemOffered\": {\n\"@type\": \"Service\",\n\"name\": \"French Lotto Lottery Entry\",\n\"description\": \"Udele\u017eba v naslednjem \u017erebanju francoskega lota preko RedFoxLotto.\"\n}\n}\n]\n},<\/p>\n<p>\"mainEntityOfPage\": {\n\"@type\": \"WebPage\",\n\"@id\": \"https:\/\/redfoxlotto.com\/sl\/igraj\/lotto-fr\/\"\n}\n}\n<\/script><\/p>\n<p>Ste pripravljeni igrati popolnoma novo igro? \u010ce ste, potem si morate nujno ogledati francosko loterijo. \u010ce je \u0161e niste igrali, boste morda dejansko presene\u010deni, kako podobna je igram, ki ste jih \u017ee igrali. Navsezadnje gre za zabavo in \u0161e eno prilo\u017enost za osvojitev velike nagrade. In pri francoski loteriji boste tega imeli veliko, saj bodo tukaj\u0161nje cene vsekakor dovolj, da se vam bo spla\u010dalo posvetiti svoj \u010das.<\/p>\n<h2>Kako igrati francosko loterijo na spletu<\/h2>\n<p>Ste \u017ee kdaj igrali kak\u0161no drugo vrsto spletne loterije? Ali pa ste se morda \u017ee kdaj odpravili v lokalno trgovino, da bi dvignili sre\u010dke. Ne govorimo o tistih, pri katerih ste takoj dobitnik. Tu govorimo o sre\u010dkah, pri katerih izbirate \u0161tevilke in \u0161ele \u010dez nekaj ur ali celo dni veste, ali ste zmagali ali ne. To so igre, ki bodo \u0161e bolj zabavne in vam dajejo \u0161e ve\u010d mo\u017enosti, da dejansko osvojite veliko nagrado. Z nekaterimi od njih lahko namre\u010d dejansko osvojite milijone dolarjev.<\/p>\n<p>Pri francoski loteriji morate samo kupiti spletno sre\u010dko, da lahko za\u010dnete igrati, in nakup te sre\u010dke je zelo enostaven. Seveda morate najti pravo spletno storitev, ki vas bo povezala s francosko loterijo. Nato boste morali izbrati \u0161tevilke, s katerimi boste morda postali milijonarji. Pri tej igri lahko izberete pet \u0161tevilk in bonusno \u0161tevilko. Vrstni red, v katerem boste izbrali prvotnih pet \u0161tevilk, ni pomemben, vendar pazite, da boste pozorni na to, katera \u0161tevilka bo va\u0161a bonusna. Ta mora biti prava.<\/p>\n<h2>Kako zmagati na francoski loteriji na spletu<\/h2>\n<p>Ko ste izbrali \u0161tevilke, je treba po\u010dakati, kar je pogosto najhuje. Zagotovo si ne \u017eelite samo \u010dakati in \u010dakati, kaj se bo zgodilo, vendar druge izbire pravzaprav ni. Igra se \u017ereba vsakih nekaj dni, in sicer v ponedeljek, sredo in soboto, tako da vam ne bo treba dolgo \u010dakati, vendar boste morali biti nekoliko potrpe\u017eljivi, \u0161e posebej zato, ker gledanje rezultatov v \u017eivo ne bo moglo priti v po\u0161tev. Namesto tega boste morali malo po\u010dakati, da boste videli, kaj se bo zgodilo.<\/p>\n<p>Ko so \u0161tevilke iz\u017erebane, jih je treba preveriti. Takoj se lahko vrnete na mesto, kjer ste kupili sre\u010dko, in poi\u0161\u010dete zmagovalne \u0161tevilke ter preverite, ali ste osvojili glavni dobitek ali vsaj eno od manj\u0161ih nagrad, zaradi \u010desar je enostavno nadaljevati z igranjem. Manj\u0161e nagrade se podelijo za ujemanje bonusne \u0161tevilke, dveh \u0161tevilk, ki nista bonusni \u0161tevilki, dveh \u0161tevilk in bonusne kroglice ali katere koli vi\u0161je kombinacije. Tako lahko osvojite majhen znesek, ki pokrije le stro\u0161ke va\u0161e sre\u010dke, lahko pa osvojite tiso\u010de ali celo milijone.<\/p>\n<h2>Izbira naslednje sre\u010dke<\/h2>\n<p>Ko veste, ali ste zmagali ali ne, je vsekakor \u010das za ponovno igro, se vam ne zdi? \u010ce ste kaj osvojili, je zelo enostavno, da svojo sre\u010dko izpla\u010date neposredno prek spleta ali pa ta denar prenesete na naslednjo sre\u010dko, ki jo \u017eelite kupiti. Ne glede na to, ali ste se odlo\u010dili za francosko loterijo ali za povsem drugo igro, je pravzaprav zelo preprosto izbrati naslednji komplet in vse pripraviti za novo \u017erebanje.<\/p>\n<p>Prepri\u010dajte se, da ste pozorni na vsa pravila in predpise. Prepri\u010dajte se, da veste, katere \u0161tevilke izbirate in kako jih morate dobiti. Vsekakor pa bodite pozorni tudi na to, kdaj bo \u017erebanje. Prepri\u010dajte se, da ste pripravljeni, in vsekakor \u017eelite vedeti, ali ste nekaj osvojili, kajne? Zato si oglejte prave spletne strani in ne naredite napake, da bi zamudili naslednje \u017erebanje.<\/p>\n<p>Obstaja veliko na\u010dinov, kako lahko igrate francosko loterijo prek spleta, in zagotovo ne \u017eelite zamuditi prilo\u017enosti.<\/p>\n","protected":false},"excerpt":{"rendered":"<p>Ste pripravljeni igrati popolnoma novo igro? \u010ce ste, potem si morate nujno ogledati francosko loterijo. \u010ce je \u0161e niste igrali, boste morda dejansko presene\u010deni, kako podobna je igram, ki ste jih \u017ee igrali. Navsezadnje gre za zabavo in \u0161e eno prilo\u017enost za osvojitev velike nagrade. In pri francoski loteriji boste tega imeli veliko, saj bodo [&hellip;]<\/p>\n","protected":false},"author":1,"featured_media":0,"parent":17307,"menu_order":33,"comment_status":"closed","ping_status":"closed","template":"lotto-fr.php","meta":{"_et_pb_use_builder":"","_et_pb_old_content":"","_et_gb_content_width":"","exclude_from_search":false,"footnotes":""},"class_list":["post-60258","page","type-page","status-publish","hentry"],"yoast_head":"<!-- This site is optimized with the Yoast SEO plugin v23.8 - https:\/\/yoast.com\/wordpress\/plugins\/seo\/ -->\n<title>Kako igrati francosko loterijo na spletu<\/title>\n<meta name=\"description\" content=\"Ko ste pripravljeni igrati francosko loterijo, je to pravo mesto za za\u010detek.\" \/>\n<meta name=\"robots\" content=\"index, follow, max-snippet:-1, max-image-preview:large, max-video-preview:-1\" \/>\n<link rel=\"canonical\" href=\"https:\/\/redfoxlotto.com\/sl\/igraj\/lotto-fr\/\" \/>\n<meta property=\"og:locale\" content=\"sl_SI\" \/>\n<meta property=\"og:type\" content=\"article\" \/>\n<meta property=\"og:title\" content=\"Kako igrati francosko loterijo na spletu\" \/>\n<meta property=\"og:description\" content=\"Ko ste pripravljeni igrati francosko loterijo, je to pravo mesto za za\u010detek.\" \/>\n<meta property=\"og:url\" content=\"https:\/\/redfoxlotto.com\/sl\/igraj\/lotto-fr\/\" \/>\n<meta property=\"og:site_name\" content=\"Get Tickets for the World\u2019s largest jackpots\" \/>\n<meta property=\"article:modified_time\" content=\"2025-12-10T23:56:08+00:00\" \/>\n<meta name=\"twitter:card\" content=\"summary_large_image\" \/>\n<meta name=\"twitter:label1\" content=\"Est. reading time\" \/>\n\t<meta name=\"twitter:data1\" content=\"3 minute\" \/>\n<script type=\"application\/ld+json\" class=\"yoast-schema-graph\">{\"@context\":\"https:\/\/schema.org\",\"@graph\":[{\"@type\":\"WebPage\",\"@id\":\"https:\/\/redfoxlotto.com\/sl\/igraj\/lotto-fr\/\",\"url\":\"https:\/\/redfoxlotto.com\/sl\/igraj\/lotto-fr\/\",\"name\":\"Kako igrati francosko loterijo na spletu\",\"isPartOf\":{\"@id\":\"https:\/\/redfoxlotto.com\/sl\/#website\"},\"datePublished\":\"2019-08-09T14:24:22+00:00\",\"dateModified\":\"2025-12-10T23:56:08+00:00\",\"description\":\"Ko ste pripravljeni igrati francosko loterijo, je to pravo mesto za za\u010detek.\",\"breadcrumb\":{\"@id\":\"https:\/\/redfoxlotto.com\/sl\/igraj\/lotto-fr\/#breadcrumb\"},\"inLanguage\":\"sl-SI\",\"potentialAction\":[{\"@type\":\"ReadAction\",\"target\":[\"https:\/\/redfoxlotto.com\/sl\/igraj\/lotto-fr\/\"]}]},{\"@type\":\"BreadcrumbList\",\"@id\":\"https:\/\/redfoxlotto.com\/sl\/igraj\/lotto-fr\/#breadcrumb\",\"itemListElement\":[{\"@type\":\"ListItem\",\"position\":1,\"name\":\"Home\",\"item\":\"https:\/\/redfoxlotto.com\/sl\/\"},{\"@type\":\"ListItem\",\"position\":2,\"name\":\"Kako igrati loterijo v drugih dr\u017eavah\",\"item\":\"https:\/\/redfoxlotto.com\/sl\/igraj\/\"},{\"@type\":\"ListItem\",\"position\":3,\"name\":\"Igrajte francosko Lotto\"}]},{\"@type\":\"WebSite\",\"@id\":\"https:\/\/redfoxlotto.com\/sl\/#website\",\"url\":\"https:\/\/redfoxlotto.com\/sl\/\",\"name\":\"Get Tickets for the World\u2019s largest jackpots\",\"description\":\"Participate in worldwide lottery jackpots from any country\",\"publisher\":{\"@id\":\"https:\/\/redfoxlotto.com\/sl\/#organization\"},\"potentialAction\":[{\"@type\":\"SearchAction\",\"target\":{\"@type\":\"EntryPoint\",\"urlTemplate\":\"https:\/\/redfoxlotto.com\/sl\/?s={search_term_string}\"},\"query-input\":{\"@type\":\"PropertyValueSpecification\",\"valueRequired\":true,\"valueName\":\"search_term_string\"}}],\"inLanguage\":\"sl-SI\"},{\"@type\":\"Organization\",\"@id\":\"https:\/\/redfoxlotto.com\/sl\/#organization\",\"name\":\"Get Tickets for the World\u2019s largest jackpots\",\"url\":\"https:\/\/redfoxlotto.com\/sl\/\",\"logo\":{\"@type\":\"ImageObject\",\"inLanguage\":\"sl-SI\",\"@id\":\"https:\/\/redfoxlotto.com\/sl\/#\/schema\/logo\/image\/\",\"url\":\"https:\/\/redfoxlotto.com\/wp-content\/uploads\/2023\/04\/logo.png\",\"contentUrl\":\"https:\/\/redfoxlotto.com\/wp-content\/uploads\/2023\/04\/logo.png\",\"width\":269,\"height\":53,\"caption\":\"Get Tickets for the World\u2019s largest jackpots\"},\"image\":{\"@id\":\"https:\/\/redfoxlotto.com\/sl\/#\/schema\/logo\/image\/\"}}]}<\/script>\n<!-- \/ Yoast SEO plugin. -->","yoast_head_json":{"title":"Kako igrati francosko loterijo na spletu","description":"Ko ste pripravljeni igrati francosko loterijo, je to pravo mesto za za\u010detek.","robots":{"index":"index","follow":"follow","max-snippet":"max-snippet:-1","max-image-preview":"max-image-preview:large","max-video-preview":"max-video-preview:-1"},"canonical":"https:\/\/redfoxlotto.com\/sl\/igraj\/lotto-fr\/","og_locale":"sl_SI","og_type":"article","og_title":"Kako igrati francosko loterijo na spletu","og_description":"Ko ste pripravljeni igrati francosko loterijo, je to pravo mesto za za\u010detek.","og_url":"https:\/\/redfoxlotto.com\/sl\/igraj\/lotto-fr\/","og_site_name":"Get Tickets for the World\u2019s largest jackpots","article_modified_time":"2025-12-10T23:56:08+00:00","twitter_card":"summary_large_image","twitter_misc":{"Est. reading time":"3 minute"},"schema":{"@context":"https:\/\/schema.org","@graph":[{"@type":"WebPage","@id":"https:\/\/redfoxlotto.com\/sl\/igraj\/lotto-fr\/","url":"https:\/\/redfoxlotto.com\/sl\/igraj\/lotto-fr\/","name":"Kako igrati francosko loterijo na spletu","isPartOf":{"@id":"https:\/\/redfoxlotto.com\/sl\/#website"},"datePublished":"2019-08-09T14:24:22+00:00","dateModified":"2025-12-10T23:56:08+00:00","description":"Ko ste pripravljeni igrati francosko loterijo, je to pravo mesto za za\u010detek.","breadcrumb":{"@id":"https:\/\/redfoxlotto.com\/sl\/igraj\/lotto-fr\/#breadcrumb"},"inLanguage":"sl-SI","potentialAction":[{"@type":"ReadAction","target":["https:\/\/redfoxlotto.com\/sl\/igraj\/lotto-fr\/"]}]},{"@type":"BreadcrumbList","@id":"https:\/\/redfoxlotto.com\/sl\/igraj\/lotto-fr\/#breadcrumb","itemListElement":[{"@type":"ListItem","position":1,"name":"Home","item":"https:\/\/redfoxlotto.com\/sl\/"},{"@type":"ListItem","position":2,"name":"Kako igrati loterijo v drugih dr\u017eavah","item":"https:\/\/redfoxlotto.com\/sl\/igraj\/"},{"@type":"ListItem","position":3,"name":"Igrajte francosko Lotto"}]},{"@type":"WebSite","@id":"https:\/\/redfoxlotto.com\/sl\/#website","url":"https:\/\/redfoxlotto.com\/sl\/","name":"Get Tickets for the World\u2019s largest jackpots","description":"Participate in worldwide lottery jackpots from any country","publisher":{"@id":"https:\/\/redfoxlotto.com\/sl\/#organization"},"potentialAction":[{"@type":"SearchAction","target":{"@type":"EntryPoint","urlTemplate":"https:\/\/redfoxlotto.com\/sl\/?s={search_term_string}"},"query-input":{"@type":"PropertyValueSpecification","valueRequired":true,"valueName":"search_term_string"}}],"inLanguage":"sl-SI"},{"@type":"Organization","@id":"https:\/\/redfoxlotto.com\/sl\/#organization","name":"Get Tickets for the World\u2019s largest jackpots","url":"https:\/\/redfoxlotto.com\/sl\/","logo":{"@type":"ImageObject","inLanguage":"sl-SI","@id":"https:\/\/redfoxlotto.com\/sl\/#\/schema\/logo\/image\/","url":"https:\/\/redfoxlotto.com\/wp-content\/uploads\/2023\/04\/logo.png","contentUrl":"https:\/\/redfoxlotto.com\/wp-content\/uploads\/2023\/04\/logo.png","width":269,"height":53,"caption":"Get Tickets for the World\u2019s largest jackpots"},"image":{"@id":"https:\/\/redfoxlotto.com\/sl\/#\/schema\/logo\/image\/"}}]}},"_links":{"self":[{"href":"https:\/\/redfoxlotto.com\/sl\/wp-json\/wp\/v2\/pages\/60258","targetHints":{"allow":["GET"]}}],"collection":[{"href":"https:\/\/redfoxlotto.com\/sl\/wp-json\/wp\/v2\/pages"}],"about":[{"href":"https:\/\/redfoxlotto.com\/sl\/wp-json\/wp\/v2\/types\/page"}],"author":[{"embeddable":true,"href":"https:\/\/redfoxlotto.com\/sl\/wp-json\/wp\/v2\/users\/1"}],"replies":[{"embeddable":true,"href":"https:\/\/redfoxlotto.com\/sl\/wp-json\/wp\/v2\/comments?post=60258"}],"version-history":[{"count":0,"href":"https:\/\/redfoxlotto.com\/sl\/wp-json\/wp\/v2\/pages\/60258\/revisions"}],"up":[{"embeddable":true,"href":"https:\/\/redfoxlotto.com\/sl\/wp-json\/wp\/v2\/pages\/17307"}],"wp:attachment":[{"href":"https:\/\/redfoxlotto.com\/sl\/wp-json\/wp\/v2\/media?parent=60258"}],"curies":[{"name":"wp","href":"https:\/\/api.w.org\/{rel}","templated":true}]}}