{"id":49878,"date":"2023-04-13T18:01:41","date_gmt":"2023-04-13T18:01:41","guid":{"rendered":"https:\/\/redfoxlotto.eu\/?page_id=49878"},"modified":"2026-01-06T09:42:07","modified_gmt":"2026-01-06T09:42:07","slug":"vasa-drzava-prebivalisca-ni-pomembna-igrajte-najvecje-loterije-na-svetu","status":"publish","type":"page","link":"https:\/\/redfoxlotto.com\/sl\/","title":{"rendered":"Va\u0161a dr\u017eava prebivali\u0161\u010da ni pomembna, igrajte najve\u010dje loterije na svetu"},"content":{"rendered":"<p><script type=\"application\/ld+json\">\n{\n  \"@context\": \"https:\/\/schema.org\",\n  \"@type\": \"Service\",\n  \"name\": \"Igrajte Powerball na spletu\",\n  \"url\": \"https:\/\/redfoxlotto.com\/sl\/\",\n  \"description\": \"Najve\u010dji loterijski jackpoti na svetu so dostopni od koder koli \u2013 kupite loterijske listke na spletu zdaj!\",\n  \"serviceType\": \"Spletna posredni\u0161ka storitev za loterijske listke\",\n  \"provider\": {\n    \"@type\": \"Organization\",\n    \"name\": \"RedFoxLotto\",\n    \"url\": \"https:\/\/redfoxlotto.com\/sl\/\",\n    \"image\": \"https:\/\/redfoxlotto.com\/wp-content\/uploads\/2025\/12\/ticket_scans.jpg\"\n  },\n  \"areaServed\": \"Po vsem svetu\",\n  \"termsOfService\": \"https:\/\/redfoxlotto.com\/terms-and-conditions\",\n  \"additionalProperty\": {\n    \"@type\": \"PropertyValue\",\n    \"name\": \"Pogosta vpra\u0161anja\",\n    \"value\": \"https:\/\/redfoxlotto.com\/faq\/\"\n  },\n  \"hasOfferCatalog\": {\n    \"@type\": \"OfferCatalog\",\n    \"name\": \"Loterijski listki za mednarodne loterije\",\n    \"itemListElement\": [\n      {\n        \"@type\": \"Offer\",\n        \"name\": \"Listki za Powerball, Mega Millions, Euromillions in druge\",\n        \"url\": \"https:\/\/redfoxlotto.com\/sl\/\",\n        \"description\": \"Kupite listke za najve\u010dje loterijske jackpote na svetu.\",\n        \"availability\": \"https:\/\/schema.org\/InStock\",\n        \"itemOffered\": {\n          \"@type\": \"Service\",\n          \"name\": \"Mednarodni loterijski listki\",\n          \"description\": \"Sodelujte v mednarodnih loterijah preko RedFoxLotto.\"\n        }\n      }\n    ]\n  },\n  \"mainEntityOfPage\": {\n    \"@type\": \"WebPage\",\n    \"@id\": \"https:\/\/redfoxlotto.com\/sl\/\"\n  }\n}\n<\/script><\/p>\n<h2>Va\u0161a dr\u017eava bivanja ni pomembna \u2013 igrajte najve\u010dje loterije na svetu<\/h2>\n<p><img loading=\"lazy\" decoding=\"async\" class=\"size-full wp-image-4467 alignright\" src=\"https:\/\/redfoxlotto.com\/wp-content\/uploads\/2024\/03\/Balls_2.png\" alt=\"spletna loterijska vstopnica\" width=\"212\" height=\"250\" \/>Kolikokrat ste sli\u0161ali za zmagovalce loterije po svetu, ki so osvojili ogromne vsote denarja? Na \u017ealost so bili ti ogromni dobitki ve\u010dinoma dose\u017eeni v drugih dr\u017eavah. Seveda se tudi v va\u0161i dr\u017eavi ob\u010dasno pojavijo veliki d\u017eekpoti, a pogosto traja precej \u010dasa, da d\u017eekpot dose\u017ee dovolj veliko vrednost. \u010ce torej \u010dakate na velik d\u017eekpot, boste morda morali po\u010dakati nekaj \u010dasa.<\/p>\n<p>Zdaj lahko kupite loterijske vstopnice prek spleta za najve\u010dje d\u017eekpote na svetu. To pomeni, da lahko sodelujete v loterijah izven va\u0161e dr\u017eave. To je povsem zakonito in zelo priro\u010dno. Svojo vstopnico lahko naro\u010dite prek spleta z nekaj kliki in pla\u010date, na primer, s kreditno kartico preko popolnoma varnega postopka. Alternativno lahko uporabite eno od na\u0161ih drugih pla\u010dilnih metod. Kmalu boste prejeli potrditveni e-po\u0161tni naslov. Nobena vstopnica ne more biti izgubljena, in samodejno vas bomo obvestili o vsaki zmagi. Tako ne boste zamudili zmage, \u010de boste pozabili preveriti svojo vstopnico glede na rezultate loterije.<\/p>\n<h2>Najve\u010dja prednost nakupa loterijske vstopnice prek spleta<\/h2>\n<p>Najve\u010dja prednost je, da lahko vedno kupite vstopnice za loterije, ki imajo trenutno najvi\u0161je d\u017eekpote. Ni pomembno, koliko denarja porabite za vstopnice. Zagotovo je bolj ekonomi\u010dno vlo\u017eiti denar v d\u017eekpot 150 milijonov kot v izpla\u010dilo dva milijona. Z ve\u010d razpolo\u017eljivimi spletni loterijami boste lahko vsak teden na\u0161li vsaj en velik d\u017eekpot, kar vam daje bolj\u0161e razmerje stro\u0161ek-potentialna zmaga kot va\u0161a lokalna loterija. V\u010dasih lahko ti d\u017eekpoti dose\u017eejo osupljive vi\u0161ine.<\/p>\n<p>Svetovni rekord za d\u017eekpot zna\u0161a 2.040.000.000 $ (julij 2023). Bil je osvojena 22. novembra 2022 v ameri\u0161ki loteriji Powerball. 13. januarja 2016 je bil \u0161e en d\u017eekpot v vi\u0161ini 1,586 milijarde dolarjev, prav tako osvojena v ameri\u0161ki Powerball. Tretji najve\u010dji d\u017eekpot vseh \u010dasov je bil osvojena v loteriji Mega Millions 23. oktobra 2018, ko je sre\u010dni zmagovalec osvojil 1,537 milijarde dolarjev.<\/p>\n<p>Veliko prej\u0161njih ve\u010djih zmag v teh loterijah je bilo dose\u017eenih z nakupom vstopnic prek spleta.<\/p>\n<h2>Kaj se zgodi po naro\u010dilu vstopnice prek spleta?<\/h2>\n<p><img loading=\"lazy\" decoding=\"async\" class=\"size-medium wp-image-39298 alignright\" src=\"https:\/\/redfoxlotto.com\/wp-content\/uploads\/2023\/04\/1_play_online_lotto.jpg\" alt=\"igrajte loterijo prek spleta\" width=\"300\" height=\"300\" \/>Storitev, ki jo nudi RedFoxLotto.com, je, da imamo zaposlene v dr\u017eavah razli\u010dnih loterij, ki kupijo vstopnice, ki ste jih naro\u010dili. To so pravi, uradni loterijski listki z izbranimi \u0161tevilkami. Po nakupu boste prejeli potrditveni e-po\u0161tni naslov. V svojem uporabni\u0161kem ra\u010dunu si lahko ogledate svoje naro\u010dilo in preverite \u0161tevilke. Kmalu po oddaji naro\u010dila bo skenirana kopija kupljene vstopnice nalo\u017eena v va\u0161 uporabni\u0161ki ra\u010dun.<\/p>\n<h2>In kaj, \u010de zmagam?<\/h2>\n<p>Vsaka zmaga do 2.500 \u20ac bo takoj pripisana na va\u0161 RedFoxLotto uporabni\u0161ki ra\u010dun. Za zmage nad 2.500 \u20ac vas bo na\u0161a ekipa za podporo kontaktirala, da uredi izpla\u010dilo, in bo v va\u0161em imenu kontaktirala pristojno loterijsko komisijo. Tak\u0161no izpla\u010dilo se obi\u010dajno izvede neposredno na va\u0161 ban\u010dni ra\u010dun ali prejmete \u010dek.<\/p>\n<p>Va\u0161e zmage obdelujemo brezpla\u010dno, razen majhne provizije za ban\u010dne prenose v dolo\u010dene banke.<\/p>\n<p>Za ve\u010d informacij si oglejte na\u0161 FAQ ali kontaktirajte na\u0161o podporo. Ni ve\u010d razloga, da bi se zadovoljili z manj\u0161imi d\u017eekpoti \u2013 izberite ve\u010dji d\u017eekpot in postanite naslednji milijonar loterije!<\/p>\n","protected":false},"excerpt":{"rendered":"<p>Va\u0161a dr\u017eava bivanja ni pomembna \u2013 igrajte najve\u010dje loterije na svetu Kolikokrat ste sli\u0161ali za zmagovalce loterije po svetu, ki so osvojili ogromne vsote denarja? Na \u017ealost so bili ti ogromni dobitki ve\u010dinoma dose\u017eeni v drugih dr\u017eavah. Seveda se tudi v va\u0161i dr\u017eavi ob\u010dasno pojavijo veliki d\u017eekpoti, a pogosto traja precej \u010dasa, da d\u017eekpot dose\u017ee [&hellip;]<\/p>\n","protected":false},"author":1,"featured_media":0,"parent":0,"menu_order":1,"comment_status":"closed","ping_status":"closed","template":"lotto.php","meta":{"_et_pb_use_builder":"","_et_pb_old_content":"","_et_gb_content_width":"","exclude_from_search":false,"footnotes":""},"class_list":["post-49878","page","type-page","status-publish","hentry"],"yoast_head":"<!-- This site is optimized with the Yoast SEO plugin v27.3 - https:\/\/yoast.com\/product\/yoast-seo-wordpress\/ -->\n<title>Loterija na spletu | Vpla\u010dajte listke za najve\u010dje svetovne loto jackpote<\/title>\n<meta name=\"description\" content=\"Najve\u010dji svetovni loto jackpoti so sedaj na voljo kjer koli na svetu ste - svoje loto listke vpla\u010dajte prek spleta zdaj!\" \/>\n<meta name=\"robots\" content=\"index, follow, max-snippet:-1, max-image-preview:large, max-video-preview:-1\" \/>\n<link rel=\"canonical\" href=\"https:\/\/redfoxlotto.com\/sl\/\" \/>\n<meta property=\"og:locale\" content=\"sl_SI\" \/>\n<meta property=\"og:type\" content=\"article\" \/>\n<meta property=\"og:title\" content=\"Loterija na spletu | Vpla\u010dajte listke za najve\u010dje svetovne loto jackpote\" \/>\n<meta property=\"og:description\" content=\"Najve\u010dji svetovni loto jackpoti so sedaj na voljo kjer koli na svetu ste - svoje loto listke vpla\u010dajte prek spleta zdaj!\" \/>\n<meta property=\"og:url\" content=\"https:\/\/redfoxlotto.com\/sl\/\" \/>\n<meta property=\"og:site_name\" content=\"Get Tickets for the World\u2019s largest jackpots\" \/>\n<meta property=\"article:modified_time\" content=\"2026-01-06T09:42:07+00:00\" \/>\n<meta property=\"og:image\" content=\"https:\/\/redfoxlotto.com\/wp-content\/uploads\/2024\/03\/Balls_2.png\" \/>\n<meta name=\"twitter:card\" content=\"summary_large_image\" \/>\n<meta name=\"twitter:label1\" content=\"Est. reading time\" \/>\n\t<meta name=\"twitter:data1\" content=\"4 minute\" \/>\n<script type=\"application\/ld+json\" class=\"yoast-schema-graph\">{\"@context\":\"https:\\\/\\\/schema.org\",\"@graph\":[{\"@type\":\"WebPage\",\"@id\":\"https:\\\/\\\/redfoxlotto.com\\\/sl\\\/\",\"url\":\"https:\\\/\\\/redfoxlotto.com\\\/sl\\\/\",\"name\":\"Loterija na spletu | Vpla\u010dajte listke za najve\u010dje svetovne loto jackpote\",\"isPartOf\":{\"@id\":\"https:\\\/\\\/redfoxlotto.com\\\/sl\\\/#website\"},\"primaryImageOfPage\":{\"@id\":\"https:\\\/\\\/redfoxlotto.com\\\/sl\\\/#primaryimage\"},\"image\":{\"@id\":\"https:\\\/\\\/redfoxlotto.com\\\/sl\\\/#primaryimage\"},\"thumbnailUrl\":\"https:\\\/\\\/redfoxlotto.com\\\/wp-content\\\/uploads\\\/2024\\\/03\\\/Balls_2.png\",\"datePublished\":\"2023-04-13T18:01:41+00:00\",\"dateModified\":\"2026-01-06T09:42:07+00:00\",\"description\":\"Najve\u010dji svetovni loto jackpoti so sedaj na voljo kjer koli na svetu ste - svoje loto listke vpla\u010dajte prek spleta zdaj!\",\"breadcrumb\":{\"@id\":\"https:\\\/\\\/redfoxlotto.com\\\/sl\\\/#breadcrumb\"},\"inLanguage\":\"sl-SI\",\"potentialAction\":[{\"@type\":\"ReadAction\",\"target\":[\"https:\\\/\\\/redfoxlotto.com\\\/sl\\\/\"]}]},{\"@type\":\"ImageObject\",\"inLanguage\":\"sl-SI\",\"@id\":\"https:\\\/\\\/redfoxlotto.com\\\/sl\\\/#primaryimage\",\"url\":\"https:\\\/\\\/redfoxlotto.com\\\/wp-content\\\/uploads\\\/2024\\\/03\\\/Balls_2.png\",\"contentUrl\":\"https:\\\/\\\/redfoxlotto.com\\\/wp-content\\\/uploads\\\/2024\\\/03\\\/Balls_2.png\"},{\"@type\":\"BreadcrumbList\",\"@id\":\"https:\\\/\\\/redfoxlotto.com\\\/sl\\\/#breadcrumb\",\"itemListElement\":[{\"@type\":\"ListItem\",\"position\":1,\"name\":\"Home\",\"item\":\"https:\\\/\\\/redfoxlotto.com\\\/sl\\\/\"},{\"@type\":\"ListItem\",\"position\":2,\"name\":\"Va\u0161a dr\u017eava prebivali\u0161\u010da ni pomembna, igrajte najve\u010dje loterije na svetu\"}]},{\"@type\":\"WebSite\",\"@id\":\"https:\\\/\\\/redfoxlotto.com\\\/sl\\\/#website\",\"url\":\"https:\\\/\\\/redfoxlotto.com\\\/sl\\\/\",\"name\":\"Get Tickets for the World\u2019s largest jackpots\",\"description\":\"Participate in worldwide lottery jackpots from any country\",\"publisher\":{\"@id\":\"https:\\\/\\\/redfoxlotto.com\\\/sl\\\/#organization\"},\"potentialAction\":[{\"@type\":\"SearchAction\",\"target\":{\"@type\":\"EntryPoint\",\"urlTemplate\":\"https:\\\/\\\/redfoxlotto.com\\\/sl\\\/?s={search_term_string}\"},\"query-input\":{\"@type\":\"PropertyValueSpecification\",\"valueRequired\":true,\"valueName\":\"search_term_string\"}}],\"inLanguage\":\"sl-SI\"},{\"@type\":\"Organization\",\"@id\":\"https:\\\/\\\/redfoxlotto.com\\\/sl\\\/#organization\",\"name\":\"Get Tickets for the World\u2019s largest jackpots\",\"url\":\"https:\\\/\\\/redfoxlotto.com\\\/sl\\\/\",\"logo\":{\"@type\":\"ImageObject\",\"inLanguage\":\"sl-SI\",\"@id\":\"https:\\\/\\\/redfoxlotto.com\\\/sl\\\/#\\\/schema\\\/logo\\\/image\\\/\",\"url\":\"https:\\\/\\\/redfoxlotto.com\\\/wp-content\\\/uploads\\\/2023\\\/04\\\/logo.png\",\"contentUrl\":\"https:\\\/\\\/redfoxlotto.com\\\/wp-content\\\/uploads\\\/2023\\\/04\\\/logo.png\",\"width\":269,\"height\":53,\"caption\":\"Get Tickets for the World\u2019s largest jackpots\"},\"image\":{\"@id\":\"https:\\\/\\\/redfoxlotto.com\\\/sl\\\/#\\\/schema\\\/logo\\\/image\\\/\"}}]}<\/script>\n<!-- \/ Yoast SEO plugin. -->","yoast_head_json":{"title":"Loterija na spletu | Vpla\u010dajte listke za najve\u010dje svetovne loto jackpote","description":"Najve\u010dji svetovni loto jackpoti so sedaj na voljo kjer koli na svetu ste - svoje loto listke vpla\u010dajte prek spleta zdaj!","robots":{"index":"index","follow":"follow","max-snippet":"max-snippet:-1","max-image-preview":"max-image-preview:large","max-video-preview":"max-video-preview:-1"},"canonical":"https:\/\/redfoxlotto.com\/sl\/","og_locale":"sl_SI","og_type":"article","og_title":"Loterija na spletu | Vpla\u010dajte listke za najve\u010dje svetovne loto jackpote","og_description":"Najve\u010dji svetovni loto jackpoti so sedaj na voljo kjer koli na svetu ste - svoje loto listke vpla\u010dajte prek spleta zdaj!","og_url":"https:\/\/redfoxlotto.com\/sl\/","og_site_name":"Get Tickets for the World\u2019s largest jackpots","article_modified_time":"2026-01-06T09:42:07+00:00","og_image":[{"url":"https:\/\/redfoxlotto.com\/wp-content\/uploads\/2024\/03\/Balls_2.png","type":"","width":"","height":""}],"twitter_card":"summary_large_image","twitter_misc":{"Est. reading time":"4 minute"},"schema":{"@context":"https:\/\/schema.org","@graph":[{"@type":"WebPage","@id":"https:\/\/redfoxlotto.com\/sl\/","url":"https:\/\/redfoxlotto.com\/sl\/","name":"Loterija na spletu | Vpla\u010dajte listke za najve\u010dje svetovne loto jackpote","isPartOf":{"@id":"https:\/\/redfoxlotto.com\/sl\/#website"},"primaryImageOfPage":{"@id":"https:\/\/redfoxlotto.com\/sl\/#primaryimage"},"image":{"@id":"https:\/\/redfoxlotto.com\/sl\/#primaryimage"},"thumbnailUrl":"https:\/\/redfoxlotto.com\/wp-content\/uploads\/2024\/03\/Balls_2.png","datePublished":"2023-04-13T18:01:41+00:00","dateModified":"2026-01-06T09:42:07+00:00","description":"Najve\u010dji svetovni loto jackpoti so sedaj na voljo kjer koli na svetu ste - svoje loto listke vpla\u010dajte prek spleta zdaj!","breadcrumb":{"@id":"https:\/\/redfoxlotto.com\/sl\/#breadcrumb"},"inLanguage":"sl-SI","potentialAction":[{"@type":"ReadAction","target":["https:\/\/redfoxlotto.com\/sl\/"]}]},{"@type":"ImageObject","inLanguage":"sl-SI","@id":"https:\/\/redfoxlotto.com\/sl\/#primaryimage","url":"https:\/\/redfoxlotto.com\/wp-content\/uploads\/2024\/03\/Balls_2.png","contentUrl":"https:\/\/redfoxlotto.com\/wp-content\/uploads\/2024\/03\/Balls_2.png"},{"@type":"BreadcrumbList","@id":"https:\/\/redfoxlotto.com\/sl\/#breadcrumb","itemListElement":[{"@type":"ListItem","position":1,"name":"Home","item":"https:\/\/redfoxlotto.com\/sl\/"},{"@type":"ListItem","position":2,"name":"Va\u0161a dr\u017eava prebivali\u0161\u010da ni pomembna, igrajte najve\u010dje loterije na svetu"}]},{"@type":"WebSite","@id":"https:\/\/redfoxlotto.com\/sl\/#website","url":"https:\/\/redfoxlotto.com\/sl\/","name":"Get Tickets for the World\u2019s largest jackpots","description":"Participate in worldwide lottery jackpots from any country","publisher":{"@id":"https:\/\/redfoxlotto.com\/sl\/#organization"},"potentialAction":[{"@type":"SearchAction","target":{"@type":"EntryPoint","urlTemplate":"https:\/\/redfoxlotto.com\/sl\/?s={search_term_string}"},"query-input":{"@type":"PropertyValueSpecification","valueRequired":true,"valueName":"search_term_string"}}],"inLanguage":"sl-SI"},{"@type":"Organization","@id":"https:\/\/redfoxlotto.com\/sl\/#organization","name":"Get Tickets for the World\u2019s largest jackpots","url":"https:\/\/redfoxlotto.com\/sl\/","logo":{"@type":"ImageObject","inLanguage":"sl-SI","@id":"https:\/\/redfoxlotto.com\/sl\/#\/schema\/logo\/image\/","url":"https:\/\/redfoxlotto.com\/wp-content\/uploads\/2023\/04\/logo.png","contentUrl":"https:\/\/redfoxlotto.com\/wp-content\/uploads\/2023\/04\/logo.png","width":269,"height":53,"caption":"Get Tickets for the World\u2019s largest jackpots"},"image":{"@id":"https:\/\/redfoxlotto.com\/sl\/#\/schema\/logo\/image\/"}}]}},"_links":{"self":[{"href":"https:\/\/redfoxlotto.com\/sl\/wp-json\/wp\/v2\/pages\/49878","targetHints":{"allow":["GET"]}}],"collection":[{"href":"https:\/\/redfoxlotto.com\/sl\/wp-json\/wp\/v2\/pages"}],"about":[{"href":"https:\/\/redfoxlotto.com\/sl\/wp-json\/wp\/v2\/types\/page"}],"author":[{"embeddable":true,"href":"https:\/\/redfoxlotto.com\/sl\/wp-json\/wp\/v2\/users\/1"}],"replies":[{"embeddable":true,"href":"https:\/\/redfoxlotto.com\/sl\/wp-json\/wp\/v2\/comments?post=49878"}],"version-history":[{"count":0,"href":"https:\/\/redfoxlotto.com\/sl\/wp-json\/wp\/v2\/pages\/49878\/revisions"}],"wp:attachment":[{"href":"https:\/\/redfoxlotto.com\/sl\/wp-json\/wp\/v2\/media?parent=49878"}],"curies":[{"name":"wp","href":"https:\/\/api.w.org\/{rel}","templated":true}]}}