{"id":18283,"date":"2020-08-18T09:11:18","date_gmt":"2020-08-18T09:11:18","guid":{"rendered":"https:\/\/redfoxlotto.com\/?page_id=18283"},"modified":"2021-01-07T10:52:02","modified_gmt":"2021-01-07T10:52:02","slug":"lotto-america","status":"publish","type":"page","link":"https:\/\/redfoxlotto.com\/sl\/rezultati\/lotto-america\/","title":{"rendered":"Rezultati Lotto America"},"content":{"rendered":"<h2 class=\"wp-block-heading\">Poglejte rezultate in preverite, \u010de ste dobitnik na Lotto America<\/h2><p><img loading=\"lazy\" decoding=\"async\" class=\" wp-image alignright\" src=\"https:\/\/content.redfoxlotto.com\/uploads\/sites\/9\/1_draw_results_lotto.jpg\" alt=\"pripravi rezultate lotto america\" width=\"270\" height=\"191\" \/><\/p><p>Ko ste enkrat izbrali svoje \u0161tevilke in vpla\u010dali loterijski listek, kako boste vedeli, ali ste dejansko kaj zadeli? Preprosto je. Vse, kar morate storiti je, da preverite RedFoxLotto. \u010ce niste vpla\u010dali listkov, boste \u0161e vedno lahko videli zmagovalne \u0161tevilke za vse najnovej\u0161e igre.<\/p><p>\u010ce pa ste igrali, se lahko prijavite naravnost v svoj igralni ra\u010dun, da vidite zmagovalne \u0161tevilke in primerjavo z va\u0161imi listki. Videli boste vse morebitne ujemajo\u010de se \u0161tevilke in do kak\u0161nega dobitka ste upravi\u010deni.<\/p><h2 class=\"wp-block-heading\">Zmaga na loteriji Lotto America<\/h2><p><img loading=\"lazy\" decoding=\"async\" class=\" wp-image alignright\" src=\"https:\/\/content.redfoxlotto.com\/uploads\/sites\/9\/1_winner_lottery1.jpg\" alt=\"dobitnik loterije v Ameriki\" width=\"216\" height=\"144\" \/><\/p><p>\u010ce postanete dobitnik na loteriji Lotto America ali kateri koli drugi loteriji prek spleta, je za vas poskrbljeno. Majhne nagrade bodo izpla\u010dane takoj, ko pridejo rezultati. Za pridobitev teh nagrad vam ni treba storiti ni\u010desar. Avtomatsko bodo dodani neposredno na va\u0161 igralni ra\u010dun, tako da si znesek lahko izpla\u010date ali pa z njim vpla\u010date nove listke.<\/p><p>\u010ce dobite ve\u010dje nagrade, pa bodo zahteve odvisne od posamezne loterije, ki jo igrate. Tudi v tem primeru je za vas vse poenostavljeno, da boste lahko z manj te\u017eav pri\u0161li do svojega dobitka. Na\u0161a ekipa za podporo bo poskrbela za celoten postopek. Tako lahko \u010dim hitreje pridete do svojega denarja. Za jackpot nagrade boste morali izpolniti nekaj dokumentov ali poslati neko obliko dokumenta za preverjanje identitete.<\/p>","protected":false},"excerpt":{"rendered":"<p>Poglejte rezultate in preverite, \u010de ste dobitnik na Lotto America Ko ste enkrat izbrali svoje \u0161tevilke in vpla\u010dali loterijski listek, kako boste vedeli, ali ste dejansko kaj zadeli? Preprosto je. Vse, kar morate storiti je, da preverite RedFoxLotto. \u010ce niste vpla\u010dali listkov, boste \u0161e vedno lahko videli zmagovalne \u0161tevilke za vse najnovej\u0161e igre. \u010ce pa [&hellip;]<\/p>\n","protected":false},"author":1,"featured_media":0,"parent":17297,"menu_order":12,"comment_status":"closed","ping_status":"closed","template":"lotto-america-results.php","meta":{"_et_pb_use_builder":"","_et_pb_old_content":"","_et_gb_content_width":"","exclude_from_search":false,"footnotes":""},"class_list":["post-18283","page","type-page","status-publish","hentry"],"yoast_head":"<!-- This site is optimized with the Yoast SEO plugin v23.8 - https:\/\/yoast.com\/wordpress\/plugins\/seo\/ -->\n<title>Rezultati \u017erebanja in zmagovalne \u0161tevilke Lotto America<\/title>\n<meta name=\"description\" content=\"Zmagovalne \u0161tevilke tega tedna za loterijo Lotto America in arhiv rezultatov\" \/>\n<meta name=\"robots\" content=\"index, follow, max-snippet:-1, max-image-preview:large, max-video-preview:-1\" \/>\n<link rel=\"canonical\" href=\"https:\/\/redfoxlotto.com\/sl\/rezultati\/lotto-america\/\" \/>\n<meta property=\"og:locale\" content=\"sl_SI\" \/>\n<meta property=\"og:type\" content=\"article\" \/>\n<meta property=\"og:title\" content=\"Rezultati \u017erebanja in zmagovalne \u0161tevilke Lotto America\" \/>\n<meta property=\"og:description\" content=\"Zmagovalne \u0161tevilke tega tedna za loterijo Lotto America in arhiv rezultatov\" \/>\n<meta property=\"og:url\" content=\"https:\/\/redfoxlotto.com\/sl\/rezultati\/lotto-america\/\" \/>\n<meta property=\"og:site_name\" content=\"Get Tickets for the World\u2019s largest jackpots\" \/>\n<meta property=\"article:modified_time\" content=\"2021-01-07T10:52:02+00:00\" \/>\n<meta property=\"og:image\" content=\"https:\/\/content.redfoxlotto.com\/uploads\/sites\/9\/1_draw_results_lotto.jpg\" \/>\n<meta name=\"twitter:card\" content=\"summary_large_image\" \/>\n<meta name=\"twitter:label1\" content=\"Est. reading time\" \/>\n\t<meta name=\"twitter:data1\" content=\"2 minuti\" \/>\n<script type=\"application\/ld+json\" class=\"yoast-schema-graph\">{\"@context\":\"https:\/\/schema.org\",\"@graph\":[{\"@type\":\"WebPage\",\"@id\":\"https:\/\/redfoxlotto.com\/sl\/rezultati\/lotto-america\/\",\"url\":\"https:\/\/redfoxlotto.com\/sl\/rezultati\/lotto-america\/\",\"name\":\"Rezultati \u017erebanja in zmagovalne \u0161tevilke Lotto America\",\"isPartOf\":{\"@id\":\"https:\/\/redfoxlotto.com\/sl\/#website\"},\"primaryImageOfPage\":{\"@id\":\"https:\/\/redfoxlotto.com\/sl\/rezultati\/lotto-america\/#primaryimage\"},\"image\":{\"@id\":\"https:\/\/redfoxlotto.com\/sl\/rezultati\/lotto-america\/#primaryimage\"},\"thumbnailUrl\":\"https:\/\/content.redfoxlotto.com\/uploads\/sites\/9\/1_draw_results_lotto.jpg\",\"datePublished\":\"2020-08-18T09:11:18+00:00\",\"dateModified\":\"2021-01-07T10:52:02+00:00\",\"description\":\"Zmagovalne \u0161tevilke tega tedna za loterijo Lotto America in arhiv rezultatov\",\"breadcrumb\":{\"@id\":\"https:\/\/redfoxlotto.com\/sl\/rezultati\/lotto-america\/#breadcrumb\"},\"inLanguage\":\"sl-SI\",\"potentialAction\":[{\"@type\":\"ReadAction\",\"target\":[\"https:\/\/redfoxlotto.com\/sl\/rezultati\/lotto-america\/\"]}]},{\"@type\":\"ImageObject\",\"inLanguage\":\"sl-SI\",\"@id\":\"https:\/\/redfoxlotto.com\/sl\/rezultati\/lotto-america\/#primaryimage\",\"url\":\"https:\/\/content.redfoxlotto.com\/uploads\/sites\/9\/1_draw_results_lotto.jpg\",\"contentUrl\":\"https:\/\/content.redfoxlotto.com\/uploads\/sites\/9\/1_draw_results_lotto.jpg\"},{\"@type\":\"BreadcrumbList\",\"@id\":\"https:\/\/redfoxlotto.com\/sl\/rezultati\/lotto-america\/#breadcrumb\",\"itemListElement\":[{\"@type\":\"ListItem\",\"position\":1,\"name\":\"Home\",\"item\":\"https:\/\/redfoxlotto.com\/sl\/\"},{\"@type\":\"ListItem\",\"position\":2,\"name\":\"Rezultati mednarodnih loterij\",\"item\":\"https:\/\/redfoxlotto.com\/sl\/rezultati\/\"},{\"@type\":\"ListItem\",\"position\":3,\"name\":\"Rezultati Lotto America\"}]},{\"@type\":\"WebSite\",\"@id\":\"https:\/\/redfoxlotto.com\/sl\/#website\",\"url\":\"https:\/\/redfoxlotto.com\/sl\/\",\"name\":\"Get Tickets for the World\u2019s largest jackpots\",\"description\":\"Participate in worldwide lottery jackpots from any country\",\"publisher\":{\"@id\":\"https:\/\/redfoxlotto.com\/sl\/#organization\"},\"potentialAction\":[{\"@type\":\"SearchAction\",\"target\":{\"@type\":\"EntryPoint\",\"urlTemplate\":\"https:\/\/redfoxlotto.com\/sl\/?s={search_term_string}\"},\"query-input\":{\"@type\":\"PropertyValueSpecification\",\"valueRequired\":true,\"valueName\":\"search_term_string\"}}],\"inLanguage\":\"sl-SI\"},{\"@type\":\"Organization\",\"@id\":\"https:\/\/redfoxlotto.com\/sl\/#organization\",\"name\":\"Get Tickets for the World\u2019s largest jackpots\",\"url\":\"https:\/\/redfoxlotto.com\/sl\/\",\"logo\":{\"@type\":\"ImageObject\",\"inLanguage\":\"sl-SI\",\"@id\":\"https:\/\/redfoxlotto.com\/sl\/#\/schema\/logo\/image\/\",\"url\":\"https:\/\/redfoxlotto.com\/wp-content\/uploads\/2023\/04\/logo.png\",\"contentUrl\":\"https:\/\/redfoxlotto.com\/wp-content\/uploads\/2023\/04\/logo.png\",\"width\":269,\"height\":53,\"caption\":\"Get Tickets for the World\u2019s largest jackpots\"},\"image\":{\"@id\":\"https:\/\/redfoxlotto.com\/sl\/#\/schema\/logo\/image\/\"}}]}<\/script>\n<!-- \/ Yoast SEO plugin. -->","yoast_head_json":{"title":"Rezultati \u017erebanja in zmagovalne \u0161tevilke Lotto America","description":"Zmagovalne \u0161tevilke tega tedna za loterijo Lotto America in arhiv rezultatov","robots":{"index":"index","follow":"follow","max-snippet":"max-snippet:-1","max-image-preview":"max-image-preview:large","max-video-preview":"max-video-preview:-1"},"canonical":"https:\/\/redfoxlotto.com\/sl\/rezultati\/lotto-america\/","og_locale":"sl_SI","og_type":"article","og_title":"Rezultati \u017erebanja in zmagovalne \u0161tevilke Lotto America","og_description":"Zmagovalne \u0161tevilke tega tedna za loterijo Lotto America in arhiv rezultatov","og_url":"https:\/\/redfoxlotto.com\/sl\/rezultati\/lotto-america\/","og_site_name":"Get Tickets for the World\u2019s largest jackpots","article_modified_time":"2021-01-07T10:52:02+00:00","og_image":[{"url":"https:\/\/content.redfoxlotto.com\/uploads\/sites\/9\/1_draw_results_lotto.jpg"}],"twitter_card":"summary_large_image","twitter_misc":{"Est. reading time":"2 minuti"},"schema":{"@context":"https:\/\/schema.org","@graph":[{"@type":"WebPage","@id":"https:\/\/redfoxlotto.com\/sl\/rezultati\/lotto-america\/","url":"https:\/\/redfoxlotto.com\/sl\/rezultati\/lotto-america\/","name":"Rezultati \u017erebanja in zmagovalne \u0161tevilke Lotto America","isPartOf":{"@id":"https:\/\/redfoxlotto.com\/sl\/#website"},"primaryImageOfPage":{"@id":"https:\/\/redfoxlotto.com\/sl\/rezultati\/lotto-america\/#primaryimage"},"image":{"@id":"https:\/\/redfoxlotto.com\/sl\/rezultati\/lotto-america\/#primaryimage"},"thumbnailUrl":"https:\/\/content.redfoxlotto.com\/uploads\/sites\/9\/1_draw_results_lotto.jpg","datePublished":"2020-08-18T09:11:18+00:00","dateModified":"2021-01-07T10:52:02+00:00","description":"Zmagovalne \u0161tevilke tega tedna za loterijo Lotto America in arhiv rezultatov","breadcrumb":{"@id":"https:\/\/redfoxlotto.com\/sl\/rezultati\/lotto-america\/#breadcrumb"},"inLanguage":"sl-SI","potentialAction":[{"@type":"ReadAction","target":["https:\/\/redfoxlotto.com\/sl\/rezultati\/lotto-america\/"]}]},{"@type":"ImageObject","inLanguage":"sl-SI","@id":"https:\/\/redfoxlotto.com\/sl\/rezultati\/lotto-america\/#primaryimage","url":"https:\/\/content.redfoxlotto.com\/uploads\/sites\/9\/1_draw_results_lotto.jpg","contentUrl":"https:\/\/content.redfoxlotto.com\/uploads\/sites\/9\/1_draw_results_lotto.jpg"},{"@type":"BreadcrumbList","@id":"https:\/\/redfoxlotto.com\/sl\/rezultati\/lotto-america\/#breadcrumb","itemListElement":[{"@type":"ListItem","position":1,"name":"Home","item":"https:\/\/redfoxlotto.com\/sl\/"},{"@type":"ListItem","position":2,"name":"Rezultati mednarodnih loterij","item":"https:\/\/redfoxlotto.com\/sl\/rezultati\/"},{"@type":"ListItem","position":3,"name":"Rezultati Lotto America"}]},{"@type":"WebSite","@id":"https:\/\/redfoxlotto.com\/sl\/#website","url":"https:\/\/redfoxlotto.com\/sl\/","name":"Get Tickets for the World\u2019s largest jackpots","description":"Participate in worldwide lottery jackpots from any country","publisher":{"@id":"https:\/\/redfoxlotto.com\/sl\/#organization"},"potentialAction":[{"@type":"SearchAction","target":{"@type":"EntryPoint","urlTemplate":"https:\/\/redfoxlotto.com\/sl\/?s={search_term_string}"},"query-input":{"@type":"PropertyValueSpecification","valueRequired":true,"valueName":"search_term_string"}}],"inLanguage":"sl-SI"},{"@type":"Organization","@id":"https:\/\/redfoxlotto.com\/sl\/#organization","name":"Get Tickets for the World\u2019s largest jackpots","url":"https:\/\/redfoxlotto.com\/sl\/","logo":{"@type":"ImageObject","inLanguage":"sl-SI","@id":"https:\/\/redfoxlotto.com\/sl\/#\/schema\/logo\/image\/","url":"https:\/\/redfoxlotto.com\/wp-content\/uploads\/2023\/04\/logo.png","contentUrl":"https:\/\/redfoxlotto.com\/wp-content\/uploads\/2023\/04\/logo.png","width":269,"height":53,"caption":"Get Tickets for the World\u2019s largest jackpots"},"image":{"@id":"https:\/\/redfoxlotto.com\/sl\/#\/schema\/logo\/image\/"}}]}},"_links":{"self":[{"href":"https:\/\/redfoxlotto.com\/sl\/wp-json\/wp\/v2\/pages\/18283","targetHints":{"allow":["GET"]}}],"collection":[{"href":"https:\/\/redfoxlotto.com\/sl\/wp-json\/wp\/v2\/pages"}],"about":[{"href":"https:\/\/redfoxlotto.com\/sl\/wp-json\/wp\/v2\/types\/page"}],"author":[{"embeddable":true,"href":"https:\/\/redfoxlotto.com\/sl\/wp-json\/wp\/v2\/users\/1"}],"replies":[{"embeddable":true,"href":"https:\/\/redfoxlotto.com\/sl\/wp-json\/wp\/v2\/comments?post=18283"}],"version-history":[{"count":0,"href":"https:\/\/redfoxlotto.com\/sl\/wp-json\/wp\/v2\/pages\/18283\/revisions"}],"up":[{"embeddable":true,"href":"https:\/\/redfoxlotto.com\/sl\/wp-json\/wp\/v2\/pages\/17297"}],"wp:attachment":[{"href":"https:\/\/redfoxlotto.com\/sl\/wp-json\/wp\/v2\/media?parent=18283"}],"curies":[{"name":"wp","href":"https:\/\/api.w.org\/{rel}","templated":true}]}}