{"id":18255,"date":"2020-08-18T10:31:21","date_gmt":"2020-08-18T10:31:21","guid":{"rendered":"https:\/\/redfoxlotto.com\/?page_id=18255"},"modified":"2021-01-07T10:49:05","modified_gmt":"2021-01-07T10:49:05","slug":"set-for-life-uk","status":"publish","type":"page","link":"https:\/\/redfoxlotto.com\/sl\/rezultati\/set-for-life-uk\/","title":{"rendered":"Rezultati za loterijo Set for life"},"content":{"rendered":"<h2 class=\"wp-block-heading\">\u0160tevilke \u017erebanja \u00bbSet for life\u00ab<\/h2><p><img loading=\"lazy\" decoding=\"async\" class=\" wp-image alignright\" src=\"https:\/\/content.redfoxlotto.com\/uploads\/sites\/9\/1_results_winning_numbers2.jpg\" alt=\"nastavljen za \u017eivljenjske rezultate\" width=\"247\" height=\"185\" \/><\/p><p>Zmagovalne \u0161tevilke za loterijo \u00bbSet for life\u00ab bodo po vsakem \u017erebanju objavljene na na\u0161i spletni strani. \u010ce vpla\u010date listek za to loterijo na na\u0161em spletnem mestu, vam bomo poslali e-po\u0161tno sporo\u010dilo, \u010de je va\u0161 listek dobitni.<\/p><p>Lahko pa se tudi prijavite v svoj igralni ra\u010dun in odprete razdelek, kjer je shranjen va\u0161 loterijski listek. Vse \u0161tevilke, ki ste jih izbrali in se ujemajo z rezultatom \u017erebanja, bodo ozna\u010dene, tako da boste lahko hitro videli, ali ste kaj zadeli.<\/p>","protected":false},"excerpt":{"rendered":"<p>\u0160tevilke \u017erebanja \u00bbSet for life\u00ab Zmagovalne \u0161tevilke za loterijo \u00bbSet for life\u00ab bodo po vsakem \u017erebanju objavljene na na\u0161i spletni strani. \u010ce vpla\u010date listek za to loterijo na na\u0161em spletnem mestu, vam bomo poslali e-po\u0161tno sporo\u010dilo, \u010de je va\u0161 listek dobitni. Lahko pa se tudi prijavite v svoj igralni ra\u010dun in odprete razdelek, kjer je [&hellip;]<\/p>\n","protected":false},"author":1,"featured_media":0,"parent":17297,"menu_order":10,"comment_status":"closed","ping_status":"closed","template":"set-for-life-results.php","meta":{"_et_pb_use_builder":"","_et_pb_old_content":"","_et_gb_content_width":"","exclude_from_search":false,"footnotes":""},"class_list":["post-18255","page","type-page","status-publish","hentry"],"yoast_head":"<!-- This site is optimized with the Yoast SEO plugin v23.8 - https:\/\/yoast.com\/wordpress\/plugins\/seo\/ -->\n<title>Pridobite rezultate \u017erebanja in dobitne \u0161tevilke za loterijo Set for life<\/title>\n<meta name=\"description\" content=\"Tukaj preverite rezultate \u017erebanja za loterijo Set for life\" \/>\n<meta name=\"robots\" content=\"index, follow, max-snippet:-1, max-image-preview:large, max-video-preview:-1\" \/>\n<link rel=\"canonical\" href=\"https:\/\/redfoxlotto.com\/sl\/rezultati\/set-for-life-uk\/\" \/>\n<meta property=\"og:locale\" content=\"sl_SI\" \/>\n<meta property=\"og:type\" content=\"article\" \/>\n<meta property=\"og:title\" content=\"Pridobite rezultate \u017erebanja in dobitne \u0161tevilke za loterijo Set for life\" \/>\n<meta property=\"og:description\" content=\"Tukaj preverite rezultate \u017erebanja za loterijo Set for life\" \/>\n<meta property=\"og:url\" content=\"https:\/\/redfoxlotto.com\/sl\/rezultati\/set-for-life-uk\/\" \/>\n<meta property=\"og:site_name\" content=\"Get Tickets for the World\u2019s largest jackpots\" \/>\n<meta property=\"article:modified_time\" content=\"2021-01-07T10:49:05+00:00\" \/>\n<meta property=\"og:image\" content=\"https:\/\/content.redfoxlotto.com\/uploads\/sites\/9\/1_results_winning_numbers2.jpg\" \/>\n<meta name=\"twitter:card\" content=\"summary_large_image\" \/>\n<meta name=\"twitter:label1\" content=\"Est. reading time\" \/>\n\t<meta name=\"twitter:data1\" content=\"1 minuta\" \/>\n<script type=\"application\/ld+json\" class=\"yoast-schema-graph\">{\"@context\":\"https:\/\/schema.org\",\"@graph\":[{\"@type\":\"WebPage\",\"@id\":\"https:\/\/redfoxlotto.com\/sl\/rezultati\/set-for-life-uk\/\",\"url\":\"https:\/\/redfoxlotto.com\/sl\/rezultati\/set-for-life-uk\/\",\"name\":\"Pridobite rezultate \u017erebanja in dobitne \u0161tevilke za loterijo Set for life\",\"isPartOf\":{\"@id\":\"https:\/\/redfoxlotto.com\/sl\/#website\"},\"primaryImageOfPage\":{\"@id\":\"https:\/\/redfoxlotto.com\/sl\/rezultati\/set-for-life-uk\/#primaryimage\"},\"image\":{\"@id\":\"https:\/\/redfoxlotto.com\/sl\/rezultati\/set-for-life-uk\/#primaryimage\"},\"thumbnailUrl\":\"https:\/\/content.redfoxlotto.com\/uploads\/sites\/9\/1_results_winning_numbers2.jpg\",\"datePublished\":\"2020-08-18T10:31:21+00:00\",\"dateModified\":\"2021-01-07T10:49:05+00:00\",\"description\":\"Tukaj preverite rezultate \u017erebanja za loterijo Set for life\",\"breadcrumb\":{\"@id\":\"https:\/\/redfoxlotto.com\/sl\/rezultati\/set-for-life-uk\/#breadcrumb\"},\"inLanguage\":\"sl-SI\",\"potentialAction\":[{\"@type\":\"ReadAction\",\"target\":[\"https:\/\/redfoxlotto.com\/sl\/rezultati\/set-for-life-uk\/\"]}]},{\"@type\":\"ImageObject\",\"inLanguage\":\"sl-SI\",\"@id\":\"https:\/\/redfoxlotto.com\/sl\/rezultati\/set-for-life-uk\/#primaryimage\",\"url\":\"https:\/\/content.redfoxlotto.com\/uploads\/sites\/9\/1_results_winning_numbers2.jpg\",\"contentUrl\":\"https:\/\/content.redfoxlotto.com\/uploads\/sites\/9\/1_results_winning_numbers2.jpg\"},{\"@type\":\"BreadcrumbList\",\"@id\":\"https:\/\/redfoxlotto.com\/sl\/rezultati\/set-for-life-uk\/#breadcrumb\",\"itemListElement\":[{\"@type\":\"ListItem\",\"position\":1,\"name\":\"Home\",\"item\":\"https:\/\/redfoxlotto.com\/sl\/\"},{\"@type\":\"ListItem\",\"position\":2,\"name\":\"Rezultati mednarodnih loterij\",\"item\":\"https:\/\/redfoxlotto.com\/sl\/rezultati\/\"},{\"@type\":\"ListItem\",\"position\":3,\"name\":\"Rezultati za loterijo Set for life\"}]},{\"@type\":\"WebSite\",\"@id\":\"https:\/\/redfoxlotto.com\/sl\/#website\",\"url\":\"https:\/\/redfoxlotto.com\/sl\/\",\"name\":\"Get Tickets for the World\u2019s largest jackpots\",\"description\":\"Participate in worldwide lottery jackpots from any country\",\"publisher\":{\"@id\":\"https:\/\/redfoxlotto.com\/sl\/#organization\"},\"potentialAction\":[{\"@type\":\"SearchAction\",\"target\":{\"@type\":\"EntryPoint\",\"urlTemplate\":\"https:\/\/redfoxlotto.com\/sl\/?s={search_term_string}\"},\"query-input\":{\"@type\":\"PropertyValueSpecification\",\"valueRequired\":true,\"valueName\":\"search_term_string\"}}],\"inLanguage\":\"sl-SI\"},{\"@type\":\"Organization\",\"@id\":\"https:\/\/redfoxlotto.com\/sl\/#organization\",\"name\":\"Get Tickets for the World\u2019s largest jackpots\",\"url\":\"https:\/\/redfoxlotto.com\/sl\/\",\"logo\":{\"@type\":\"ImageObject\",\"inLanguage\":\"sl-SI\",\"@id\":\"https:\/\/redfoxlotto.com\/sl\/#\/schema\/logo\/image\/\",\"url\":\"https:\/\/redfoxlotto.com\/wp-content\/uploads\/2023\/04\/logo.png\",\"contentUrl\":\"https:\/\/redfoxlotto.com\/wp-content\/uploads\/2023\/04\/logo.png\",\"width\":269,\"height\":53,\"caption\":\"Get Tickets for the World\u2019s largest jackpots\"},\"image\":{\"@id\":\"https:\/\/redfoxlotto.com\/sl\/#\/schema\/logo\/image\/\"}}]}<\/script>\n<!-- \/ Yoast SEO plugin. -->","yoast_head_json":{"title":"Pridobite rezultate \u017erebanja in dobitne \u0161tevilke za loterijo Set for life","description":"Tukaj preverite rezultate \u017erebanja za loterijo Set for life","robots":{"index":"index","follow":"follow","max-snippet":"max-snippet:-1","max-image-preview":"max-image-preview:large","max-video-preview":"max-video-preview:-1"},"canonical":"https:\/\/redfoxlotto.com\/sl\/rezultati\/set-for-life-uk\/","og_locale":"sl_SI","og_type":"article","og_title":"Pridobite rezultate \u017erebanja in dobitne \u0161tevilke za loterijo Set for life","og_description":"Tukaj preverite rezultate \u017erebanja za loterijo Set for life","og_url":"https:\/\/redfoxlotto.com\/sl\/rezultati\/set-for-life-uk\/","og_site_name":"Get Tickets for the World\u2019s largest jackpots","article_modified_time":"2021-01-07T10:49:05+00:00","og_image":[{"url":"https:\/\/content.redfoxlotto.com\/uploads\/sites\/9\/1_results_winning_numbers2.jpg"}],"twitter_card":"summary_large_image","twitter_misc":{"Est. reading time":"1 minuta"},"schema":{"@context":"https:\/\/schema.org","@graph":[{"@type":"WebPage","@id":"https:\/\/redfoxlotto.com\/sl\/rezultati\/set-for-life-uk\/","url":"https:\/\/redfoxlotto.com\/sl\/rezultati\/set-for-life-uk\/","name":"Pridobite rezultate \u017erebanja in dobitne \u0161tevilke za loterijo Set for life","isPartOf":{"@id":"https:\/\/redfoxlotto.com\/sl\/#website"},"primaryImageOfPage":{"@id":"https:\/\/redfoxlotto.com\/sl\/rezultati\/set-for-life-uk\/#primaryimage"},"image":{"@id":"https:\/\/redfoxlotto.com\/sl\/rezultati\/set-for-life-uk\/#primaryimage"},"thumbnailUrl":"https:\/\/content.redfoxlotto.com\/uploads\/sites\/9\/1_results_winning_numbers2.jpg","datePublished":"2020-08-18T10:31:21+00:00","dateModified":"2021-01-07T10:49:05+00:00","description":"Tukaj preverite rezultate \u017erebanja za loterijo Set for life","breadcrumb":{"@id":"https:\/\/redfoxlotto.com\/sl\/rezultati\/set-for-life-uk\/#breadcrumb"},"inLanguage":"sl-SI","potentialAction":[{"@type":"ReadAction","target":["https:\/\/redfoxlotto.com\/sl\/rezultati\/set-for-life-uk\/"]}]},{"@type":"ImageObject","inLanguage":"sl-SI","@id":"https:\/\/redfoxlotto.com\/sl\/rezultati\/set-for-life-uk\/#primaryimage","url":"https:\/\/content.redfoxlotto.com\/uploads\/sites\/9\/1_results_winning_numbers2.jpg","contentUrl":"https:\/\/content.redfoxlotto.com\/uploads\/sites\/9\/1_results_winning_numbers2.jpg"},{"@type":"BreadcrumbList","@id":"https:\/\/redfoxlotto.com\/sl\/rezultati\/set-for-life-uk\/#breadcrumb","itemListElement":[{"@type":"ListItem","position":1,"name":"Home","item":"https:\/\/redfoxlotto.com\/sl\/"},{"@type":"ListItem","position":2,"name":"Rezultati mednarodnih loterij","item":"https:\/\/redfoxlotto.com\/sl\/rezultati\/"},{"@type":"ListItem","position":3,"name":"Rezultati za loterijo Set for life"}]},{"@type":"WebSite","@id":"https:\/\/redfoxlotto.com\/sl\/#website","url":"https:\/\/redfoxlotto.com\/sl\/","name":"Get Tickets for the World\u2019s largest jackpots","description":"Participate in worldwide lottery jackpots from any country","publisher":{"@id":"https:\/\/redfoxlotto.com\/sl\/#organization"},"potentialAction":[{"@type":"SearchAction","target":{"@type":"EntryPoint","urlTemplate":"https:\/\/redfoxlotto.com\/sl\/?s={search_term_string}"},"query-input":{"@type":"PropertyValueSpecification","valueRequired":true,"valueName":"search_term_string"}}],"inLanguage":"sl-SI"},{"@type":"Organization","@id":"https:\/\/redfoxlotto.com\/sl\/#organization","name":"Get Tickets for the World\u2019s largest jackpots","url":"https:\/\/redfoxlotto.com\/sl\/","logo":{"@type":"ImageObject","inLanguage":"sl-SI","@id":"https:\/\/redfoxlotto.com\/sl\/#\/schema\/logo\/image\/","url":"https:\/\/redfoxlotto.com\/wp-content\/uploads\/2023\/04\/logo.png","contentUrl":"https:\/\/redfoxlotto.com\/wp-content\/uploads\/2023\/04\/logo.png","width":269,"height":53,"caption":"Get Tickets for the World\u2019s largest jackpots"},"image":{"@id":"https:\/\/redfoxlotto.com\/sl\/#\/schema\/logo\/image\/"}}]}},"_links":{"self":[{"href":"https:\/\/redfoxlotto.com\/sl\/wp-json\/wp\/v2\/pages\/18255","targetHints":{"allow":["GET"]}}],"collection":[{"href":"https:\/\/redfoxlotto.com\/sl\/wp-json\/wp\/v2\/pages"}],"about":[{"href":"https:\/\/redfoxlotto.com\/sl\/wp-json\/wp\/v2\/types\/page"}],"author":[{"embeddable":true,"href":"https:\/\/redfoxlotto.com\/sl\/wp-json\/wp\/v2\/users\/1"}],"replies":[{"embeddable":true,"href":"https:\/\/redfoxlotto.com\/sl\/wp-json\/wp\/v2\/comments?post=18255"}],"version-history":[{"count":0,"href":"https:\/\/redfoxlotto.com\/sl\/wp-json\/wp\/v2\/pages\/18255\/revisions"}],"up":[{"embeddable":true,"href":"https:\/\/redfoxlotto.com\/sl\/wp-json\/wp\/v2\/pages\/17297"}],"wp:attachment":[{"href":"https:\/\/redfoxlotto.com\/sl\/wp-json\/wp\/v2\/media?parent=18255"}],"curies":[{"name":"wp","href":"https:\/\/api.w.org\/{rel}","templated":true}]}}