{"id":18120,"date":"2018-11-18T08:54:25","date_gmt":"2018-11-18T08:54:25","guid":{"rendered":"https:\/\/redfoxlotto.com\/?page_id=18120"},"modified":"2021-01-07T10:33:59","modified_gmt":"2021-01-07T10:33:59","slug":"powerball-au","status":"publish","type":"page","link":"https:\/\/redfoxlotto.com\/sl\/loterije\/powerball-au\/","title":{"rendered":"O Powerballu iz Avstralije"},"content":{"rendered":"<p>\u017drebanje za avstralski Powerball poteka vsak \u010detrtek ob 21:00 AEST. Iz enega bazena, ki vsebuje \u0161tevilke od 1-35, je izvle\u010denih 7 \u0161tevilk, ena Powerball \u0161tevilka pa iz drugega bazena, ki vsebuje \u0161tevilke 1-20.<\/p><p>Avstralske Powerball listke je mogo\u010de dobiti prek spleta, tako da udele\u017eba v loteriji ni omejena, saj jih lahko dobite od koder koli na svetu.<\/p><p><img loading=\"lazy\" decoding=\"async\" class=\" wp-image alignright\" src=\"https:\/\/content.redfoxlotto.com\/uploads\/sites\/9\/1_buy_ticket_online.jpg\" alt=\"Nakup Powerball Australia\" width=\"113\" height=\"85\" \/><\/p><p>Pred kratkim se je v avstralski Powerball loteriji v zgodovino zapisala mama iz Sydneyja, ki je osvojila najve\u010dji posami\u010dni dobitek v zgodovini Powerballa v vi\u0161ini 107 milijonov avstralskih dolarjev.<\/p>","protected":false},"excerpt":{"rendered":"<p>\u017drebanje za avstralski Powerball poteka vsak \u010detrtek ob 21:00 AEST. Iz enega bazena, ki vsebuje \u0161tevilke od 1-35, je izvle\u010denih 7 \u0161tevilk, ena Powerball \u0161tevilka pa iz drugega bazena, ki vsebuje \u0161tevilke 1-20. Avstralske Powerball listke je mogo\u010de dobiti prek spleta, tako da udele\u017eba v loteriji ni omejena, saj jih lahko dobite od koder koli [&hellip;]<\/p>\n","protected":false},"author":1,"featured_media":0,"parent":17289,"menu_order":20,"comment_status":"closed","ping_status":"closed","template":"powerball-au-info.php","meta":{"_et_pb_use_builder":"","_et_pb_old_content":"","_et_gb_content_width":"","exclude_from_search":false,"footnotes":""},"class_list":["post-18120","page","type-page","status-publish","hentry"],"yoast_head":"<!-- This site is optimized with the Yoast SEO plugin v23.8 - https:\/\/yoast.com\/wordpress\/plugins\/seo\/ -->\n<title>Kaj morate vedeti, da vpla\u010date listke za avstralski Powerball |<\/title>\n<meta name=\"description\" content=\"Avstralski Powerball se pona\u0161a z nekaterimi najve\u010djimi jackpoti - ve\u010d informacij najdete tukaj\" \/>\n<meta name=\"robots\" content=\"index, follow, max-snippet:-1, max-image-preview:large, max-video-preview:-1\" \/>\n<link rel=\"canonical\" href=\"https:\/\/redfoxlotto.com\/sl\/loterije\/powerball-au\/\" \/>\n<meta property=\"og:locale\" content=\"sl_SI\" \/>\n<meta property=\"og:type\" content=\"article\" \/>\n<meta property=\"og:title\" content=\"Kaj morate vedeti, da vpla\u010date listke za avstralski Powerball |\" \/>\n<meta property=\"og:description\" content=\"Avstralski Powerball se pona\u0161a z nekaterimi najve\u010djimi jackpoti - ve\u010d informacij najdete tukaj\" \/>\n<meta property=\"og:url\" content=\"https:\/\/redfoxlotto.com\/sl\/loterije\/powerball-au\/\" \/>\n<meta property=\"og:site_name\" content=\"Get Tickets for the World\u2019s largest jackpots\" \/>\n<meta property=\"article:modified_time\" content=\"2021-01-07T10:33:59+00:00\" \/>\n<meta property=\"og:image\" content=\"https:\/\/content.redfoxlotto.com\/uploads\/sites\/9\/1_buy_ticket_online.jpg\" \/>\n<meta name=\"twitter:card\" content=\"summary_large_image\" \/>\n<meta name=\"twitter:label1\" content=\"Est. reading time\" \/>\n\t<meta name=\"twitter:data1\" content=\"1 minuta\" \/>\n<script type=\"application\/ld+json\" class=\"yoast-schema-graph\">{\"@context\":\"https:\/\/schema.org\",\"@graph\":[{\"@type\":\"WebPage\",\"@id\":\"https:\/\/redfoxlotto.com\/sl\/loterije\/powerball-au\/\",\"url\":\"https:\/\/redfoxlotto.com\/sl\/loterije\/powerball-au\/\",\"name\":\"Kaj morate vedeti, da vpla\u010date listke za avstralski Powerball |\",\"isPartOf\":{\"@id\":\"https:\/\/redfoxlotto.com\/sl\/#website\"},\"primaryImageOfPage\":{\"@id\":\"https:\/\/redfoxlotto.com\/sl\/loterije\/powerball-au\/#primaryimage\"},\"image\":{\"@id\":\"https:\/\/redfoxlotto.com\/sl\/loterije\/powerball-au\/#primaryimage\"},\"thumbnailUrl\":\"https:\/\/content.redfoxlotto.com\/uploads\/sites\/9\/1_buy_ticket_online.jpg\",\"datePublished\":\"2018-11-18T08:54:25+00:00\",\"dateModified\":\"2021-01-07T10:33:59+00:00\",\"description\":\"Avstralski Powerball se pona\u0161a z nekaterimi najve\u010djimi jackpoti - ve\u010d informacij najdete tukaj\",\"breadcrumb\":{\"@id\":\"https:\/\/redfoxlotto.com\/sl\/loterije\/powerball-au\/#breadcrumb\"},\"inLanguage\":\"sl-SI\",\"potentialAction\":[{\"@type\":\"ReadAction\",\"target\":[\"https:\/\/redfoxlotto.com\/sl\/loterije\/powerball-au\/\"]}]},{\"@type\":\"ImageObject\",\"inLanguage\":\"sl-SI\",\"@id\":\"https:\/\/redfoxlotto.com\/sl\/loterije\/powerball-au\/#primaryimage\",\"url\":\"https:\/\/content.redfoxlotto.com\/uploads\/sites\/9\/1_buy_ticket_online.jpg\",\"contentUrl\":\"https:\/\/content.redfoxlotto.com\/uploads\/sites\/9\/1_buy_ticket_online.jpg\"},{\"@type\":\"BreadcrumbList\",\"@id\":\"https:\/\/redfoxlotto.com\/sl\/loterije\/powerball-au\/#breadcrumb\",\"itemListElement\":[{\"@type\":\"ListItem\",\"position\":1,\"name\":\"Home\",\"item\":\"https:\/\/redfoxlotto.com\/sl\/\"},{\"@type\":\"ListItem\",\"position\":2,\"name\":\"Kako vpla\u010dati loterijske listke prek spleta &#8211; postopek nakupa\",\"item\":\"https:\/\/redfoxlotto.com\/sl\/loterije\/\"},{\"@type\":\"ListItem\",\"position\":3,\"name\":\"O Powerballu iz Avstralije\"}]},{\"@type\":\"WebSite\",\"@id\":\"https:\/\/redfoxlotto.com\/sl\/#website\",\"url\":\"https:\/\/redfoxlotto.com\/sl\/\",\"name\":\"Get Tickets for the World\u2019s largest jackpots\",\"description\":\"Participate in worldwide lottery jackpots from any country\",\"publisher\":{\"@id\":\"https:\/\/redfoxlotto.com\/sl\/#organization\"},\"potentialAction\":[{\"@type\":\"SearchAction\",\"target\":{\"@type\":\"EntryPoint\",\"urlTemplate\":\"https:\/\/redfoxlotto.com\/sl\/?s={search_term_string}\"},\"query-input\":{\"@type\":\"PropertyValueSpecification\",\"valueRequired\":true,\"valueName\":\"search_term_string\"}}],\"inLanguage\":\"sl-SI\"},{\"@type\":\"Organization\",\"@id\":\"https:\/\/redfoxlotto.com\/sl\/#organization\",\"name\":\"Get Tickets for the World\u2019s largest jackpots\",\"url\":\"https:\/\/redfoxlotto.com\/sl\/\",\"logo\":{\"@type\":\"ImageObject\",\"inLanguage\":\"sl-SI\",\"@id\":\"https:\/\/redfoxlotto.com\/sl\/#\/schema\/logo\/image\/\",\"url\":\"https:\/\/redfoxlotto.com\/wp-content\/uploads\/2023\/04\/logo.png\",\"contentUrl\":\"https:\/\/redfoxlotto.com\/wp-content\/uploads\/2023\/04\/logo.png\",\"width\":269,\"height\":53,\"caption\":\"Get Tickets for the World\u2019s largest jackpots\"},\"image\":{\"@id\":\"https:\/\/redfoxlotto.com\/sl\/#\/schema\/logo\/image\/\"}}]}<\/script>\n<!-- \/ Yoast SEO plugin. -->","yoast_head_json":{"title":"Kaj morate vedeti, da vpla\u010date listke za avstralski Powerball |","description":"Avstralski Powerball se pona\u0161a z nekaterimi najve\u010djimi jackpoti - ve\u010d informacij najdete tukaj","robots":{"index":"index","follow":"follow","max-snippet":"max-snippet:-1","max-image-preview":"max-image-preview:large","max-video-preview":"max-video-preview:-1"},"canonical":"https:\/\/redfoxlotto.com\/sl\/loterije\/powerball-au\/","og_locale":"sl_SI","og_type":"article","og_title":"Kaj morate vedeti, da vpla\u010date listke za avstralski Powerball |","og_description":"Avstralski Powerball se pona\u0161a z nekaterimi najve\u010djimi jackpoti - ve\u010d informacij najdete tukaj","og_url":"https:\/\/redfoxlotto.com\/sl\/loterije\/powerball-au\/","og_site_name":"Get Tickets for the World\u2019s largest jackpots","article_modified_time":"2021-01-07T10:33:59+00:00","og_image":[{"url":"https:\/\/content.redfoxlotto.com\/uploads\/sites\/9\/1_buy_ticket_online.jpg"}],"twitter_card":"summary_large_image","twitter_misc":{"Est. reading time":"1 minuta"},"schema":{"@context":"https:\/\/schema.org","@graph":[{"@type":"WebPage","@id":"https:\/\/redfoxlotto.com\/sl\/loterije\/powerball-au\/","url":"https:\/\/redfoxlotto.com\/sl\/loterije\/powerball-au\/","name":"Kaj morate vedeti, da vpla\u010date listke za avstralski Powerball |","isPartOf":{"@id":"https:\/\/redfoxlotto.com\/sl\/#website"},"primaryImageOfPage":{"@id":"https:\/\/redfoxlotto.com\/sl\/loterije\/powerball-au\/#primaryimage"},"image":{"@id":"https:\/\/redfoxlotto.com\/sl\/loterije\/powerball-au\/#primaryimage"},"thumbnailUrl":"https:\/\/content.redfoxlotto.com\/uploads\/sites\/9\/1_buy_ticket_online.jpg","datePublished":"2018-11-18T08:54:25+00:00","dateModified":"2021-01-07T10:33:59+00:00","description":"Avstralski Powerball se pona\u0161a z nekaterimi najve\u010djimi jackpoti - ve\u010d informacij najdete tukaj","breadcrumb":{"@id":"https:\/\/redfoxlotto.com\/sl\/loterije\/powerball-au\/#breadcrumb"},"inLanguage":"sl-SI","potentialAction":[{"@type":"ReadAction","target":["https:\/\/redfoxlotto.com\/sl\/loterije\/powerball-au\/"]}]},{"@type":"ImageObject","inLanguage":"sl-SI","@id":"https:\/\/redfoxlotto.com\/sl\/loterije\/powerball-au\/#primaryimage","url":"https:\/\/content.redfoxlotto.com\/uploads\/sites\/9\/1_buy_ticket_online.jpg","contentUrl":"https:\/\/content.redfoxlotto.com\/uploads\/sites\/9\/1_buy_ticket_online.jpg"},{"@type":"BreadcrumbList","@id":"https:\/\/redfoxlotto.com\/sl\/loterije\/powerball-au\/#breadcrumb","itemListElement":[{"@type":"ListItem","position":1,"name":"Home","item":"https:\/\/redfoxlotto.com\/sl\/"},{"@type":"ListItem","position":2,"name":"Kako vpla\u010dati loterijske listke prek spleta &#8211; postopek nakupa","item":"https:\/\/redfoxlotto.com\/sl\/loterije\/"},{"@type":"ListItem","position":3,"name":"O Powerballu iz Avstralije"}]},{"@type":"WebSite","@id":"https:\/\/redfoxlotto.com\/sl\/#website","url":"https:\/\/redfoxlotto.com\/sl\/","name":"Get Tickets for the World\u2019s largest jackpots","description":"Participate in worldwide lottery jackpots from any country","publisher":{"@id":"https:\/\/redfoxlotto.com\/sl\/#organization"},"potentialAction":[{"@type":"SearchAction","target":{"@type":"EntryPoint","urlTemplate":"https:\/\/redfoxlotto.com\/sl\/?s={search_term_string}"},"query-input":{"@type":"PropertyValueSpecification","valueRequired":true,"valueName":"search_term_string"}}],"inLanguage":"sl-SI"},{"@type":"Organization","@id":"https:\/\/redfoxlotto.com\/sl\/#organization","name":"Get Tickets for the World\u2019s largest jackpots","url":"https:\/\/redfoxlotto.com\/sl\/","logo":{"@type":"ImageObject","inLanguage":"sl-SI","@id":"https:\/\/redfoxlotto.com\/sl\/#\/schema\/logo\/image\/","url":"https:\/\/redfoxlotto.com\/wp-content\/uploads\/2023\/04\/logo.png","contentUrl":"https:\/\/redfoxlotto.com\/wp-content\/uploads\/2023\/04\/logo.png","width":269,"height":53,"caption":"Get Tickets for the World\u2019s largest jackpots"},"image":{"@id":"https:\/\/redfoxlotto.com\/sl\/#\/schema\/logo\/image\/"}}]}},"_links":{"self":[{"href":"https:\/\/redfoxlotto.com\/sl\/wp-json\/wp\/v2\/pages\/18120","targetHints":{"allow":["GET"]}}],"collection":[{"href":"https:\/\/redfoxlotto.com\/sl\/wp-json\/wp\/v2\/pages"}],"about":[{"href":"https:\/\/redfoxlotto.com\/sl\/wp-json\/wp\/v2\/types\/page"}],"author":[{"embeddable":true,"href":"https:\/\/redfoxlotto.com\/sl\/wp-json\/wp\/v2\/users\/1"}],"replies":[{"embeddable":true,"href":"https:\/\/redfoxlotto.com\/sl\/wp-json\/wp\/v2\/comments?post=18120"}],"version-history":[{"count":0,"href":"https:\/\/redfoxlotto.com\/sl\/wp-json\/wp\/v2\/pages\/18120\/revisions"}],"up":[{"embeddable":true,"href":"https:\/\/redfoxlotto.com\/sl\/wp-json\/wp\/v2\/pages\/17289"}],"wp:attachment":[{"href":"https:\/\/redfoxlotto.com\/sl\/wp-json\/wp\/v2\/media?parent=18120"}],"curies":[{"name":"wp","href":"https:\/\/api.w.org\/{rel}","templated":true}]}}