{"id":18016,"date":"2020-08-18T09:14:14","date_gmt":"2020-08-18T09:14:14","guid":{"rendered":"https:\/\/redfoxlotto.com\/?page_id=18016"},"modified":"2021-01-07T10:22:56","modified_gmt":"2021-01-07T10:22:56","slug":"lotto-at","status":"publish","type":"page","link":"https:\/\/redfoxlotto.com\/sl\/rezultati\/lotto-at\/","title":{"rendered":"Rezultati avstrijske loterije"},"content":{"rendered":"<h2 class=\"wp-block-heading\">Zmagovalne \u0161tevilke avstrijske loterije<\/h2><p>Kje boste po kon\u010danem \u017erebanju na\u0161li zmagovalne \u0161tevilke avstrijske loterije? Vse, kar morate storiti, je, da se prijavite na na\u0161o spletno stran, kjer ste vpla\u010dali listek, in \u0161tevilke vam bodo na voljo.<\/p><p>Na RedFoxLotto.com lahko najdete najnovej\u0161e rezultate za vse svoje najljub\u0161e igre, ki so na voljo neposredno na na\u0161i spletni strani. Ni\u010d vam ni treba skrbeti, ker bodo vse tam na voljo.<\/p><h2 class=\"wp-block-heading\">Arhiv rezultatov avstrijske loterije<\/h2><p>Ko poznate trenutne dobitne \u0161tevilke avstrijske loterije, boste morda \u017eeleli poznati tudi nekatere pretekle. Vse kar morate storiti je, da si ogledate arhiv rezultatov in vidite, katere \u0161tevilke so v preteklosti zmagale in katere ponavadi najpogosteje zmagajo.<\/p>","protected":false},"excerpt":{"rendered":"<p>Zmagovalne \u0161tevilke avstrijske loterije Kje boste po kon\u010danem \u017erebanju na\u0161li zmagovalne \u0161tevilke avstrijske loterije? Vse, kar morate storiti, je, da se prijavite na na\u0161o spletno stran, kjer ste vpla\u010dali listek, in \u0161tevilke vam bodo na voljo. Na RedFoxLotto.com lahko najdete najnovej\u0161e rezultate za vse svoje najljub\u0161e igre, ki so na voljo neposredno na na\u0161i spletni [&hellip;]<\/p>\n","protected":false},"author":1,"featured_media":0,"parent":17297,"menu_order":16,"comment_status":"closed","ping_status":"closed","template":"","meta":{"_et_pb_use_builder":"","_et_pb_old_content":"","_et_gb_content_width":"","exclude_from_search":false,"footnotes":""},"class_list":["post-18016","page","type-page","status-publish","hentry"],"yoast_head":"<!-- This site is optimized with the Yoast SEO plugin v23.8 - https:\/\/yoast.com\/wordpress\/plugins\/seo\/ -->\n<title>Zmagovalne \u0161tevilke in rezultati za avstrijsko loterijo<\/title>\n<meta name=\"description\" content=\"Tedensko novi rezultati \u017erebanja za avstrijsko loterijo in pretekli rezultati\" \/>\n<meta name=\"robots\" content=\"index, follow, max-snippet:-1, max-image-preview:large, max-video-preview:-1\" \/>\n<link rel=\"canonical\" href=\"https:\/\/redfoxlotto.com\/sl\/rezultati\/lotto-at\/\" \/>\n<meta property=\"og:locale\" content=\"sl_SI\" \/>\n<meta property=\"og:type\" content=\"article\" \/>\n<meta property=\"og:title\" content=\"Zmagovalne \u0161tevilke in rezultati za avstrijsko loterijo\" \/>\n<meta property=\"og:description\" content=\"Tedensko novi rezultati \u017erebanja za avstrijsko loterijo in pretekli rezultati\" \/>\n<meta property=\"og:url\" content=\"https:\/\/redfoxlotto.com\/sl\/rezultati\/lotto-at\/\" \/>\n<meta property=\"og:site_name\" content=\"Get Tickets for the World\u2019s largest jackpots\" \/>\n<meta property=\"article:modified_time\" content=\"2021-01-07T10:22:56+00:00\" \/>\n<meta name=\"twitter:card\" content=\"summary_large_image\" \/>\n<meta name=\"twitter:label1\" content=\"Est. reading time\" \/>\n\t<meta name=\"twitter:data1\" content=\"1 minuta\" \/>\n<script type=\"application\/ld+json\" class=\"yoast-schema-graph\">{\"@context\":\"https:\/\/schema.org\",\"@graph\":[{\"@type\":\"WebPage\",\"@id\":\"https:\/\/redfoxlotto.com\/sl\/rezultati\/lotto-at\/\",\"url\":\"https:\/\/redfoxlotto.com\/sl\/rezultati\/lotto-at\/\",\"name\":\"Zmagovalne \u0161tevilke in rezultati za avstrijsko loterijo\",\"isPartOf\":{\"@id\":\"https:\/\/redfoxlotto.com\/sl\/#website\"},\"datePublished\":\"2020-08-18T09:14:14+00:00\",\"dateModified\":\"2021-01-07T10:22:56+00:00\",\"description\":\"Tedensko novi rezultati \u017erebanja za avstrijsko loterijo in pretekli rezultati\",\"breadcrumb\":{\"@id\":\"https:\/\/redfoxlotto.com\/sl\/rezultati\/lotto-at\/#breadcrumb\"},\"inLanguage\":\"sl-SI\",\"potentialAction\":[{\"@type\":\"ReadAction\",\"target\":[\"https:\/\/redfoxlotto.com\/sl\/rezultati\/lotto-at\/\"]}]},{\"@type\":\"BreadcrumbList\",\"@id\":\"https:\/\/redfoxlotto.com\/sl\/rezultati\/lotto-at\/#breadcrumb\",\"itemListElement\":[{\"@type\":\"ListItem\",\"position\":1,\"name\":\"Home\",\"item\":\"https:\/\/redfoxlotto.com\/sl\/\"},{\"@type\":\"ListItem\",\"position\":2,\"name\":\"Rezultati mednarodnih loterij\",\"item\":\"https:\/\/redfoxlotto.com\/sl\/rezultati\/\"},{\"@type\":\"ListItem\",\"position\":3,\"name\":\"Rezultati avstrijske loterije\"}]},{\"@type\":\"WebSite\",\"@id\":\"https:\/\/redfoxlotto.com\/sl\/#website\",\"url\":\"https:\/\/redfoxlotto.com\/sl\/\",\"name\":\"Get Tickets for the World\u2019s largest jackpots\",\"description\":\"Participate in worldwide lottery jackpots from any country\",\"publisher\":{\"@id\":\"https:\/\/redfoxlotto.com\/sl\/#organization\"},\"potentialAction\":[{\"@type\":\"SearchAction\",\"target\":{\"@type\":\"EntryPoint\",\"urlTemplate\":\"https:\/\/redfoxlotto.com\/sl\/?s={search_term_string}\"},\"query-input\":{\"@type\":\"PropertyValueSpecification\",\"valueRequired\":true,\"valueName\":\"search_term_string\"}}],\"inLanguage\":\"sl-SI\"},{\"@type\":\"Organization\",\"@id\":\"https:\/\/redfoxlotto.com\/sl\/#organization\",\"name\":\"Get Tickets for the World\u2019s largest jackpots\",\"url\":\"https:\/\/redfoxlotto.com\/sl\/\",\"logo\":{\"@type\":\"ImageObject\",\"inLanguage\":\"sl-SI\",\"@id\":\"https:\/\/redfoxlotto.com\/sl\/#\/schema\/logo\/image\/\",\"url\":\"https:\/\/redfoxlotto.com\/wp-content\/uploads\/2023\/04\/logo.png\",\"contentUrl\":\"https:\/\/redfoxlotto.com\/wp-content\/uploads\/2023\/04\/logo.png\",\"width\":269,\"height\":53,\"caption\":\"Get Tickets for the World\u2019s largest jackpots\"},\"image\":{\"@id\":\"https:\/\/redfoxlotto.com\/sl\/#\/schema\/logo\/image\/\"}}]}<\/script>\n<!-- \/ Yoast SEO plugin. -->","yoast_head_json":{"title":"Zmagovalne \u0161tevilke in rezultati za avstrijsko loterijo","description":"Tedensko novi rezultati \u017erebanja za avstrijsko loterijo in pretekli rezultati","robots":{"index":"index","follow":"follow","max-snippet":"max-snippet:-1","max-image-preview":"max-image-preview:large","max-video-preview":"max-video-preview:-1"},"canonical":"https:\/\/redfoxlotto.com\/sl\/rezultati\/lotto-at\/","og_locale":"sl_SI","og_type":"article","og_title":"Zmagovalne \u0161tevilke in rezultati za avstrijsko loterijo","og_description":"Tedensko novi rezultati \u017erebanja za avstrijsko loterijo in pretekli rezultati","og_url":"https:\/\/redfoxlotto.com\/sl\/rezultati\/lotto-at\/","og_site_name":"Get Tickets for the World\u2019s largest jackpots","article_modified_time":"2021-01-07T10:22:56+00:00","twitter_card":"summary_large_image","twitter_misc":{"Est. reading time":"1 minuta"},"schema":{"@context":"https:\/\/schema.org","@graph":[{"@type":"WebPage","@id":"https:\/\/redfoxlotto.com\/sl\/rezultati\/lotto-at\/","url":"https:\/\/redfoxlotto.com\/sl\/rezultati\/lotto-at\/","name":"Zmagovalne \u0161tevilke in rezultati za avstrijsko loterijo","isPartOf":{"@id":"https:\/\/redfoxlotto.com\/sl\/#website"},"datePublished":"2020-08-18T09:14:14+00:00","dateModified":"2021-01-07T10:22:56+00:00","description":"Tedensko novi rezultati \u017erebanja za avstrijsko loterijo in pretekli rezultati","breadcrumb":{"@id":"https:\/\/redfoxlotto.com\/sl\/rezultati\/lotto-at\/#breadcrumb"},"inLanguage":"sl-SI","potentialAction":[{"@type":"ReadAction","target":["https:\/\/redfoxlotto.com\/sl\/rezultati\/lotto-at\/"]}]},{"@type":"BreadcrumbList","@id":"https:\/\/redfoxlotto.com\/sl\/rezultati\/lotto-at\/#breadcrumb","itemListElement":[{"@type":"ListItem","position":1,"name":"Home","item":"https:\/\/redfoxlotto.com\/sl\/"},{"@type":"ListItem","position":2,"name":"Rezultati mednarodnih loterij","item":"https:\/\/redfoxlotto.com\/sl\/rezultati\/"},{"@type":"ListItem","position":3,"name":"Rezultati avstrijske loterije"}]},{"@type":"WebSite","@id":"https:\/\/redfoxlotto.com\/sl\/#website","url":"https:\/\/redfoxlotto.com\/sl\/","name":"Get Tickets for the World\u2019s largest jackpots","description":"Participate in worldwide lottery jackpots from any country","publisher":{"@id":"https:\/\/redfoxlotto.com\/sl\/#organization"},"potentialAction":[{"@type":"SearchAction","target":{"@type":"EntryPoint","urlTemplate":"https:\/\/redfoxlotto.com\/sl\/?s={search_term_string}"},"query-input":{"@type":"PropertyValueSpecification","valueRequired":true,"valueName":"search_term_string"}}],"inLanguage":"sl-SI"},{"@type":"Organization","@id":"https:\/\/redfoxlotto.com\/sl\/#organization","name":"Get Tickets for the World\u2019s largest jackpots","url":"https:\/\/redfoxlotto.com\/sl\/","logo":{"@type":"ImageObject","inLanguage":"sl-SI","@id":"https:\/\/redfoxlotto.com\/sl\/#\/schema\/logo\/image\/","url":"https:\/\/redfoxlotto.com\/wp-content\/uploads\/2023\/04\/logo.png","contentUrl":"https:\/\/redfoxlotto.com\/wp-content\/uploads\/2023\/04\/logo.png","width":269,"height":53,"caption":"Get Tickets for the World\u2019s largest jackpots"},"image":{"@id":"https:\/\/redfoxlotto.com\/sl\/#\/schema\/logo\/image\/"}}]}},"_links":{"self":[{"href":"https:\/\/redfoxlotto.com\/sl\/wp-json\/wp\/v2\/pages\/18016","targetHints":{"allow":["GET"]}}],"collection":[{"href":"https:\/\/redfoxlotto.com\/sl\/wp-json\/wp\/v2\/pages"}],"about":[{"href":"https:\/\/redfoxlotto.com\/sl\/wp-json\/wp\/v2\/types\/page"}],"author":[{"embeddable":true,"href":"https:\/\/redfoxlotto.com\/sl\/wp-json\/wp\/v2\/users\/1"}],"replies":[{"embeddable":true,"href":"https:\/\/redfoxlotto.com\/sl\/wp-json\/wp\/v2\/comments?post=18016"}],"version-history":[{"count":0,"href":"https:\/\/redfoxlotto.com\/sl\/wp-json\/wp\/v2\/pages\/18016\/revisions"}],"up":[{"embeddable":true,"href":"https:\/\/redfoxlotto.com\/sl\/wp-json\/wp\/v2\/pages\/17297"}],"wp:attachment":[{"href":"https:\/\/redfoxlotto.com\/sl\/wp-json\/wp\/v2\/media?parent=18016"}],"curies":[{"name":"wp","href":"https:\/\/api.w.org\/{rel}","templated":true}]}}