{"id":17988,"date":"2020-08-18T09:23:56","date_gmt":"2020-08-18T09:23:56","guid":{"rendered":"https:\/\/redfoxlotto.com\/?page_id=17988"},"modified":"2021-01-07T10:19:35","modified_gmt":"2021-01-07T10:19:35","slug":"lotto-6aus49","status":"publish","type":"page","link":"https:\/\/redfoxlotto.com\/sl\/rezultati\/lotto-6aus49\/","title":{"rendered":"Rezultati nem\u0161ke loterije"},"content":{"rendered":"<h2 class=\"wp-block-heading\">Zmagovalne \u0161tevilke nem\u0161ke loterije 6aus49<\/h2><p><img loading=\"lazy\" decoding=\"async\" class=\" wp-image alignright\" src=\"https:\/\/content.redfoxlotto.com\/uploads\/sites\/9\/1_draw_results_lotto2.jpg\" alt=\"rezultati loto nem\u010dija\" width=\"238\" height=\"113\" \/><\/p><p>\u010ce ste igrali nem\u0161ko loterijo, verjetno \u017eelite vedeti, ali ste dobitnik, kar pomeni, da morate poznati zmagovalne \u0161tevilke. Mogo\u010de \u017eelite igrati nekatere \u0161tevilke, ki so nedavno zmagale ali ki so najpogosteje zmagale. V vsakem primeru morate te \u0161tevilke nekje najti. Toda kako preverite zmagovalne \u0161tevilke nem\u0161ke loterije 6aus49?<\/p><h2 class=\"wp-block-heading\">Preverjanje najnovej\u0161ih rezultatov nem\u0161ke loterije<\/h2><p><img loading=\"lazy\" decoding=\"async\" class=\" wp-image alignright\" src=\"https:\/\/content.redfoxlotto.com\/uploads\/sites\/9\/1_win_lottery_prizes.jpg\" alt=\"win lottery\" width=\"243\" height=\"162\" \/><\/p><p>Najnovej\u0161e rezultate za to igro loto lahko preverite neposredno na spletni strani RedFoxLotto.com. Vse, kar morate storiti je, da obi\u0161\u010dete spletno stran in videli boste zmagovalne \u0161tevilke za vse svoje najljub\u0161e igre.<\/p><p>\u010ce ste v tej loterijo dejansko sodelovali z nakupom preko nas, se lahko prijavite v svoj igralni ra\u010dun, da tam preverite zmagovalne \u0161tevilke in si ogledate dobitne \u0161tevilke v primerjavi z va\u0161imi izbranimi. Vse va\u0161e ujemajo\u010de se \u0161tevilke bodo ozna\u010dene, da jih boste lahko takoj videli.<\/p>","protected":false},"excerpt":{"rendered":"<p>Zmagovalne \u0161tevilke nem\u0161ke loterije 6aus49 \u010ce ste igrali nem\u0161ko loterijo, verjetno \u017eelite vedeti, ali ste dobitnik, kar pomeni, da morate poznati zmagovalne \u0161tevilke. Mogo\u010de \u017eelite igrati nekatere \u0161tevilke, ki so nedavno zmagale ali ki so najpogosteje zmagale. V vsakem primeru morate te \u0161tevilke nekje najti. Toda kako preverite zmagovalne \u0161tevilke nem\u0161ke loterije 6aus49? Preverjanje najnovej\u0161ih [&hellip;]<\/p>\n","protected":false},"author":1,"featured_media":0,"parent":17297,"menu_order":15,"comment_status":"closed","ping_status":"closed","template":"lotto-german-results.php","meta":{"_et_pb_use_builder":"","_et_pb_old_content":"","_et_gb_content_width":"","exclude_from_search":false,"footnotes":""},"class_list":["post-17988","page","type-page","status-publish","hentry"],"yoast_head":"<!-- This site is optimized with the Yoast SEO plugin v23.8 - https:\/\/yoast.com\/wordpress\/plugins\/seo\/ -->\n<title>Rezultati \u017erebanja nem\u0161ke loterije in dobitne kombinacije \u0161tevilk ter arhiv<\/title>\n<meta name=\"description\" content=\"Ste izbrali zmagovalne \u0161tevilke za nem\u0161ko loterijo? Rezultate \u017erebanja preverite na na\u0161i spletni strani\" \/>\n<meta name=\"robots\" content=\"index, follow, max-snippet:-1, max-image-preview:large, max-video-preview:-1\" \/>\n<link rel=\"canonical\" href=\"https:\/\/redfoxlotto.com\/sl\/rezultati\/lotto-6aus49\/\" \/>\n<meta property=\"og:locale\" content=\"sl_SI\" \/>\n<meta property=\"og:type\" content=\"article\" \/>\n<meta property=\"og:title\" content=\"Rezultati \u017erebanja nem\u0161ke loterije in dobitne kombinacije \u0161tevilk ter arhiv\" \/>\n<meta property=\"og:description\" content=\"Ste izbrali zmagovalne \u0161tevilke za nem\u0161ko loterijo? Rezultate \u017erebanja preverite na na\u0161i spletni strani\" \/>\n<meta property=\"og:url\" content=\"https:\/\/redfoxlotto.com\/sl\/rezultati\/lotto-6aus49\/\" \/>\n<meta property=\"og:site_name\" content=\"Get Tickets for the World\u2019s largest jackpots\" \/>\n<meta property=\"article:modified_time\" content=\"2021-01-07T10:19:35+00:00\" \/>\n<meta property=\"og:image\" content=\"https:\/\/content.redfoxlotto.com\/uploads\/sites\/9\/1_draw_results_lotto2.jpg\" \/>\n<meta name=\"twitter:card\" content=\"summary_large_image\" \/>\n<meta name=\"twitter:label1\" content=\"Est. reading time\" \/>\n\t<meta name=\"twitter:data1\" content=\"1 minuta\" \/>\n<script type=\"application\/ld+json\" class=\"yoast-schema-graph\">{\"@context\":\"https:\/\/schema.org\",\"@graph\":[{\"@type\":\"WebPage\",\"@id\":\"https:\/\/redfoxlotto.com\/sl\/rezultati\/lotto-6aus49\/\",\"url\":\"https:\/\/redfoxlotto.com\/sl\/rezultati\/lotto-6aus49\/\",\"name\":\"Rezultati \u017erebanja nem\u0161ke loterije in dobitne kombinacije \u0161tevilk ter arhiv\",\"isPartOf\":{\"@id\":\"https:\/\/redfoxlotto.com\/sl\/#website\"},\"primaryImageOfPage\":{\"@id\":\"https:\/\/redfoxlotto.com\/sl\/rezultati\/lotto-6aus49\/#primaryimage\"},\"image\":{\"@id\":\"https:\/\/redfoxlotto.com\/sl\/rezultati\/lotto-6aus49\/#primaryimage\"},\"thumbnailUrl\":\"https:\/\/content.redfoxlotto.com\/uploads\/sites\/9\/1_draw_results_lotto2.jpg\",\"datePublished\":\"2020-08-18T09:23:56+00:00\",\"dateModified\":\"2021-01-07T10:19:35+00:00\",\"description\":\"Ste izbrali zmagovalne \u0161tevilke za nem\u0161ko loterijo? Rezultate \u017erebanja preverite na na\u0161i spletni strani\",\"breadcrumb\":{\"@id\":\"https:\/\/redfoxlotto.com\/sl\/rezultati\/lotto-6aus49\/#breadcrumb\"},\"inLanguage\":\"sl-SI\",\"potentialAction\":[{\"@type\":\"ReadAction\",\"target\":[\"https:\/\/redfoxlotto.com\/sl\/rezultati\/lotto-6aus49\/\"]}]},{\"@type\":\"ImageObject\",\"inLanguage\":\"sl-SI\",\"@id\":\"https:\/\/redfoxlotto.com\/sl\/rezultati\/lotto-6aus49\/#primaryimage\",\"url\":\"https:\/\/content.redfoxlotto.com\/uploads\/sites\/9\/1_draw_results_lotto2.jpg\",\"contentUrl\":\"https:\/\/content.redfoxlotto.com\/uploads\/sites\/9\/1_draw_results_lotto2.jpg\"},{\"@type\":\"BreadcrumbList\",\"@id\":\"https:\/\/redfoxlotto.com\/sl\/rezultati\/lotto-6aus49\/#breadcrumb\",\"itemListElement\":[{\"@type\":\"ListItem\",\"position\":1,\"name\":\"Home\",\"item\":\"https:\/\/redfoxlotto.com\/sl\/\"},{\"@type\":\"ListItem\",\"position\":2,\"name\":\"Rezultati mednarodnih loterij\",\"item\":\"https:\/\/redfoxlotto.com\/sl\/rezultati\/\"},{\"@type\":\"ListItem\",\"position\":3,\"name\":\"Rezultati nem\u0161ke loterije\"}]},{\"@type\":\"WebSite\",\"@id\":\"https:\/\/redfoxlotto.com\/sl\/#website\",\"url\":\"https:\/\/redfoxlotto.com\/sl\/\",\"name\":\"Get Tickets for the World\u2019s largest jackpots\",\"description\":\"Participate in worldwide lottery jackpots from any country\",\"publisher\":{\"@id\":\"https:\/\/redfoxlotto.com\/sl\/#organization\"},\"potentialAction\":[{\"@type\":\"SearchAction\",\"target\":{\"@type\":\"EntryPoint\",\"urlTemplate\":\"https:\/\/redfoxlotto.com\/sl\/?s={search_term_string}\"},\"query-input\":{\"@type\":\"PropertyValueSpecification\",\"valueRequired\":true,\"valueName\":\"search_term_string\"}}],\"inLanguage\":\"sl-SI\"},{\"@type\":\"Organization\",\"@id\":\"https:\/\/redfoxlotto.com\/sl\/#organization\",\"name\":\"Get Tickets for the World\u2019s largest jackpots\",\"url\":\"https:\/\/redfoxlotto.com\/sl\/\",\"logo\":{\"@type\":\"ImageObject\",\"inLanguage\":\"sl-SI\",\"@id\":\"https:\/\/redfoxlotto.com\/sl\/#\/schema\/logo\/image\/\",\"url\":\"https:\/\/redfoxlotto.com\/wp-content\/uploads\/2023\/04\/logo.png\",\"contentUrl\":\"https:\/\/redfoxlotto.com\/wp-content\/uploads\/2023\/04\/logo.png\",\"width\":269,\"height\":53,\"caption\":\"Get Tickets for the World\u2019s largest jackpots\"},\"image\":{\"@id\":\"https:\/\/redfoxlotto.com\/sl\/#\/schema\/logo\/image\/\"}}]}<\/script>\n<!-- \/ Yoast SEO plugin. -->","yoast_head_json":{"title":"Rezultati \u017erebanja nem\u0161ke loterije in dobitne kombinacije \u0161tevilk ter arhiv","description":"Ste izbrali zmagovalne \u0161tevilke za nem\u0161ko loterijo? Rezultate \u017erebanja preverite na na\u0161i spletni strani","robots":{"index":"index","follow":"follow","max-snippet":"max-snippet:-1","max-image-preview":"max-image-preview:large","max-video-preview":"max-video-preview:-1"},"canonical":"https:\/\/redfoxlotto.com\/sl\/rezultati\/lotto-6aus49\/","og_locale":"sl_SI","og_type":"article","og_title":"Rezultati \u017erebanja nem\u0161ke loterije in dobitne kombinacije \u0161tevilk ter arhiv","og_description":"Ste izbrali zmagovalne \u0161tevilke za nem\u0161ko loterijo? Rezultate \u017erebanja preverite na na\u0161i spletni strani","og_url":"https:\/\/redfoxlotto.com\/sl\/rezultati\/lotto-6aus49\/","og_site_name":"Get Tickets for the World\u2019s largest jackpots","article_modified_time":"2021-01-07T10:19:35+00:00","og_image":[{"url":"https:\/\/content.redfoxlotto.com\/uploads\/sites\/9\/1_draw_results_lotto2.jpg"}],"twitter_card":"summary_large_image","twitter_misc":{"Est. reading time":"1 minuta"},"schema":{"@context":"https:\/\/schema.org","@graph":[{"@type":"WebPage","@id":"https:\/\/redfoxlotto.com\/sl\/rezultati\/lotto-6aus49\/","url":"https:\/\/redfoxlotto.com\/sl\/rezultati\/lotto-6aus49\/","name":"Rezultati \u017erebanja nem\u0161ke loterije in dobitne kombinacije \u0161tevilk ter arhiv","isPartOf":{"@id":"https:\/\/redfoxlotto.com\/sl\/#website"},"primaryImageOfPage":{"@id":"https:\/\/redfoxlotto.com\/sl\/rezultati\/lotto-6aus49\/#primaryimage"},"image":{"@id":"https:\/\/redfoxlotto.com\/sl\/rezultati\/lotto-6aus49\/#primaryimage"},"thumbnailUrl":"https:\/\/content.redfoxlotto.com\/uploads\/sites\/9\/1_draw_results_lotto2.jpg","datePublished":"2020-08-18T09:23:56+00:00","dateModified":"2021-01-07T10:19:35+00:00","description":"Ste izbrali zmagovalne \u0161tevilke za nem\u0161ko loterijo? Rezultate \u017erebanja preverite na na\u0161i spletni strani","breadcrumb":{"@id":"https:\/\/redfoxlotto.com\/sl\/rezultati\/lotto-6aus49\/#breadcrumb"},"inLanguage":"sl-SI","potentialAction":[{"@type":"ReadAction","target":["https:\/\/redfoxlotto.com\/sl\/rezultati\/lotto-6aus49\/"]}]},{"@type":"ImageObject","inLanguage":"sl-SI","@id":"https:\/\/redfoxlotto.com\/sl\/rezultati\/lotto-6aus49\/#primaryimage","url":"https:\/\/content.redfoxlotto.com\/uploads\/sites\/9\/1_draw_results_lotto2.jpg","contentUrl":"https:\/\/content.redfoxlotto.com\/uploads\/sites\/9\/1_draw_results_lotto2.jpg"},{"@type":"BreadcrumbList","@id":"https:\/\/redfoxlotto.com\/sl\/rezultati\/lotto-6aus49\/#breadcrumb","itemListElement":[{"@type":"ListItem","position":1,"name":"Home","item":"https:\/\/redfoxlotto.com\/sl\/"},{"@type":"ListItem","position":2,"name":"Rezultati mednarodnih loterij","item":"https:\/\/redfoxlotto.com\/sl\/rezultati\/"},{"@type":"ListItem","position":3,"name":"Rezultati nem\u0161ke loterije"}]},{"@type":"WebSite","@id":"https:\/\/redfoxlotto.com\/sl\/#website","url":"https:\/\/redfoxlotto.com\/sl\/","name":"Get Tickets for the World\u2019s largest jackpots","description":"Participate in worldwide lottery jackpots from any country","publisher":{"@id":"https:\/\/redfoxlotto.com\/sl\/#organization"},"potentialAction":[{"@type":"SearchAction","target":{"@type":"EntryPoint","urlTemplate":"https:\/\/redfoxlotto.com\/sl\/?s={search_term_string}"},"query-input":{"@type":"PropertyValueSpecification","valueRequired":true,"valueName":"search_term_string"}}],"inLanguage":"sl-SI"},{"@type":"Organization","@id":"https:\/\/redfoxlotto.com\/sl\/#organization","name":"Get Tickets for the World\u2019s largest jackpots","url":"https:\/\/redfoxlotto.com\/sl\/","logo":{"@type":"ImageObject","inLanguage":"sl-SI","@id":"https:\/\/redfoxlotto.com\/sl\/#\/schema\/logo\/image\/","url":"https:\/\/redfoxlotto.com\/wp-content\/uploads\/2023\/04\/logo.png","contentUrl":"https:\/\/redfoxlotto.com\/wp-content\/uploads\/2023\/04\/logo.png","width":269,"height":53,"caption":"Get Tickets for the World\u2019s largest jackpots"},"image":{"@id":"https:\/\/redfoxlotto.com\/sl\/#\/schema\/logo\/image\/"}}]}},"_links":{"self":[{"href":"https:\/\/redfoxlotto.com\/sl\/wp-json\/wp\/v2\/pages\/17988","targetHints":{"allow":["GET"]}}],"collection":[{"href":"https:\/\/redfoxlotto.com\/sl\/wp-json\/wp\/v2\/pages"}],"about":[{"href":"https:\/\/redfoxlotto.com\/sl\/wp-json\/wp\/v2\/types\/page"}],"author":[{"embeddable":true,"href":"https:\/\/redfoxlotto.com\/sl\/wp-json\/wp\/v2\/users\/1"}],"replies":[{"embeddable":true,"href":"https:\/\/redfoxlotto.com\/sl\/wp-json\/wp\/v2\/comments?post=17988"}],"version-history":[{"count":0,"href":"https:\/\/redfoxlotto.com\/sl\/wp-json\/wp\/v2\/pages\/17988\/revisions"}],"up":[{"embeddable":true,"href":"https:\/\/redfoxlotto.com\/sl\/wp-json\/wp\/v2\/pages\/17297"}],"wp:attachment":[{"href":"https:\/\/redfoxlotto.com\/sl\/wp-json\/wp\/v2\/media?parent=17988"}],"curies":[{"name":"wp","href":"https:\/\/api.w.org\/{rel}","templated":true}]}}