{"id":17911,"date":"2020-08-18T09:10:34","date_gmt":"2020-08-18T09:10:34","guid":{"rendered":"https:\/\/redfoxlotto.com\/?page_id=17911"},"modified":"2021-01-07T10:10:19","modified_gmt":"2021-01-07T10:10:19","slug":"lotto-america","status":"publish","type":"page","link":"https:\/\/redfoxlotto.com\/sl\/loterije\/lotto-america\/","title":{"rendered":"O loteriji Lotto America"},"content":{"rendered":"<h2 class=\"wp-block-heading\">Vpla\u010dajte svoje listke za Lotto America prek spleta<\/h2><p><img loading=\"lazy\" decoding=\"async\" class=\" wp-image alignright\" src=\"https:\/\/content.redfoxlotto.com\/uploads\/sites\/9\/1_ticket_online_buying.jpg\" alt=\"loto ameri\u0161ka vstopnica na spletu\" width=\"236\" height=\"159\" \/><\/p><p>Ko se odlo\u010date za igranje loterije prek spleta, se prepri\u010dajte, da sodelujete v najbolj\u0161ih igrah. V drugih dr\u017eavah, kjer lahko sodelujete v \u017erebanjih z nakupom prek spleta, obstajajo igre kot je Lotto America.<\/p><h2 class=\"wp-block-heading\">Kaj je Lotto America?<\/h2><p>Lotto America je igra, ki se igra v ve\u010d zveznih dr\u017eavah ZDA. Toda za igranje vam ni treba \u017eiveti v eni od teh dr\u017eav, igrate lahko od koder koli na svetu.<\/p><h2 class=\"wp-block-heading\">Vpla\u010dilo listkov<\/h2><p><img loading=\"lazy\" decoding=\"async\" class=\" wp-image alignright\" src=\"https:\/\/content.redfoxlotto.com\/uploads\/sites\/9\/1_usa_lottery_win.jpg\" alt=\"lotto america\" width=\"242\" height=\"160\" \/><\/p><p>\u010ce vas zanima igranje Lotto America, morate samo vedeti, kje lahko vpla\u010date listke. Za to igro, ali katero koli drugo loterijo po celem svetu, ki bi jo \u017eeleli igrati, vam pri vpla\u010dilu pomagamo mi. Postopek je enostaven in da ste pripravljeni za vpla\u010dilo vam bo vzelo le nekaj sekund \u010dasa. Brskali boste lahko po vseh mo\u017enih igrah na sre\u010do, ki so na voljo po celem svetu. Ko se odlo\u010dite za dolo\u010deno igro, je \u010das, da za\u010dnete izbirati svoje sre\u010dne \u0161tevilke.<\/p><h2 class=\"wp-block-heading\">Izbira \u0161tevilk<\/h2><p>Pri Lotto America izberete pet navadnih \u0161tevilk in eno bonus \u0161tevilko. Z generatorjem naklju\u010dnih \u0161tevil lahko izberite vse \u0161tevilke za listek ali pa sami izberite svoje najljub\u0161e \u0161tevilke.<\/p>","protected":false},"excerpt":{"rendered":"<p>Vpla\u010dajte svoje listke za Lotto America prek spleta Ko se odlo\u010date za igranje loterije prek spleta, se prepri\u010dajte, da sodelujete v najbolj\u0161ih igrah. V drugih dr\u017eavah, kjer lahko sodelujete v \u017erebanjih z nakupom prek spleta, obstajajo igre kot je Lotto America. Kaj je Lotto America? Lotto America je igra, ki se igra v ve\u010d zveznih [&hellip;]<\/p>\n","protected":false},"author":1,"featured_media":0,"parent":17289,"menu_order":12,"comment_status":"closed","ping_status":"closed","template":"lotto-america-info.php","meta":{"_et_pb_use_builder":"","_et_pb_old_content":"","_et_gb_content_width":"","exclude_from_search":false,"footnotes":""},"class_list":["post-17911","page","type-page","status-publish","hentry"],"yoast_head":"<!-- This site is optimized with the Yoast SEO plugin v27.3 - https:\/\/yoast.com\/product\/yoast-seo-wordpress\/ -->\n<title>Vpla\u010dilo listkov za Lotto America prek spleta<\/title>\n<meta name=\"description\" content=\"\u010ce bi radi postali dobitnik na loteriji Lotto America, vpla\u010dajte listek prek spleta sedaj!\" \/>\n<meta name=\"robots\" content=\"index, follow, max-snippet:-1, max-image-preview:large, max-video-preview:-1\" \/>\n<link rel=\"canonical\" href=\"https:\/\/redfoxlotto.com\/sl\/loterije\/lotto-america\/\" \/>\n<meta property=\"og:locale\" content=\"sl_SI\" \/>\n<meta property=\"og:type\" content=\"article\" \/>\n<meta property=\"og:title\" content=\"Vpla\u010dilo listkov za Lotto America prek spleta\" \/>\n<meta property=\"og:description\" content=\"\u010ce bi radi postali dobitnik na loteriji Lotto America, vpla\u010dajte listek prek spleta sedaj!\" \/>\n<meta property=\"og:url\" content=\"https:\/\/redfoxlotto.com\/sl\/loterije\/lotto-america\/\" \/>\n<meta property=\"og:site_name\" content=\"Get Tickets for the World\u2019s largest jackpots\" \/>\n<meta property=\"article:modified_time\" content=\"2021-01-07T10:10:19+00:00\" \/>\n<meta property=\"og:image\" content=\"https:\/\/content.redfoxlotto.com\/uploads\/sites\/9\/1_ticket_online_buying.jpg\" \/>\n<meta name=\"twitter:card\" content=\"summary_large_image\" \/>\n<meta name=\"twitter:label1\" content=\"Est. reading time\" \/>\n\t<meta name=\"twitter:data1\" content=\"2 minuti\" \/>\n<script type=\"application\/ld+json\" class=\"yoast-schema-graph\">{\"@context\":\"https:\\\/\\\/schema.org\",\"@graph\":[{\"@type\":\"WebPage\",\"@id\":\"https:\\\/\\\/redfoxlotto.com\\\/sl\\\/loterije\\\/lotto-america\\\/\",\"url\":\"https:\\\/\\\/redfoxlotto.com\\\/sl\\\/loterije\\\/lotto-america\\\/\",\"name\":\"Vpla\u010dilo listkov za Lotto America prek spleta\",\"isPartOf\":{\"@id\":\"https:\\\/\\\/redfoxlotto.com\\\/sl\\\/#website\"},\"primaryImageOfPage\":{\"@id\":\"https:\\\/\\\/redfoxlotto.com\\\/sl\\\/loterije\\\/lotto-america\\\/#primaryimage\"},\"image\":{\"@id\":\"https:\\\/\\\/redfoxlotto.com\\\/sl\\\/loterije\\\/lotto-america\\\/#primaryimage\"},\"thumbnailUrl\":\"https:\\\/\\\/content.redfoxlotto.com\\\/uploads\\\/sites\\\/9\\\/1_ticket_online_buying.jpg\",\"datePublished\":\"2020-08-18T09:10:34+00:00\",\"dateModified\":\"2021-01-07T10:10:19+00:00\",\"description\":\"\u010ce bi radi postali dobitnik na loteriji Lotto America, vpla\u010dajte listek prek spleta sedaj!\",\"breadcrumb\":{\"@id\":\"https:\\\/\\\/redfoxlotto.com\\\/sl\\\/loterije\\\/lotto-america\\\/#breadcrumb\"},\"inLanguage\":\"sl-SI\",\"potentialAction\":[{\"@type\":\"ReadAction\",\"target\":[\"https:\\\/\\\/redfoxlotto.com\\\/sl\\\/loterije\\\/lotto-america\\\/\"]}]},{\"@type\":\"ImageObject\",\"inLanguage\":\"sl-SI\",\"@id\":\"https:\\\/\\\/redfoxlotto.com\\\/sl\\\/loterije\\\/lotto-america\\\/#primaryimage\",\"url\":\"https:\\\/\\\/content.redfoxlotto.com\\\/uploads\\\/sites\\\/9\\\/1_ticket_online_buying.jpg\",\"contentUrl\":\"https:\\\/\\\/content.redfoxlotto.com\\\/uploads\\\/sites\\\/9\\\/1_ticket_online_buying.jpg\"},{\"@type\":\"BreadcrumbList\",\"@id\":\"https:\\\/\\\/redfoxlotto.com\\\/sl\\\/loterije\\\/lotto-america\\\/#breadcrumb\",\"itemListElement\":[{\"@type\":\"ListItem\",\"position\":1,\"name\":\"Home\",\"item\":\"https:\\\/\\\/redfoxlotto.com\\\/sl\\\/\"},{\"@type\":\"ListItem\",\"position\":2,\"name\":\"Kako vpla\u010dati loterijske listke prek spleta &#8211; postopek nakupa\",\"item\":\"https:\\\/\\\/redfoxlotto.com\\\/sl\\\/loterije\\\/\"},{\"@type\":\"ListItem\",\"position\":3,\"name\":\"O loteriji Lotto America\"}]},{\"@type\":\"WebSite\",\"@id\":\"https:\\\/\\\/redfoxlotto.com\\\/sl\\\/#website\",\"url\":\"https:\\\/\\\/redfoxlotto.com\\\/sl\\\/\",\"name\":\"Get Tickets for the World\u2019s largest jackpots\",\"description\":\"Participate in worldwide lottery jackpots from any country\",\"publisher\":{\"@id\":\"https:\\\/\\\/redfoxlotto.com\\\/sl\\\/#organization\"},\"potentialAction\":[{\"@type\":\"SearchAction\",\"target\":{\"@type\":\"EntryPoint\",\"urlTemplate\":\"https:\\\/\\\/redfoxlotto.com\\\/sl\\\/?s={search_term_string}\"},\"query-input\":{\"@type\":\"PropertyValueSpecification\",\"valueRequired\":true,\"valueName\":\"search_term_string\"}}],\"inLanguage\":\"sl-SI\"},{\"@type\":\"Organization\",\"@id\":\"https:\\\/\\\/redfoxlotto.com\\\/sl\\\/#organization\",\"name\":\"Get Tickets for the World\u2019s largest jackpots\",\"url\":\"https:\\\/\\\/redfoxlotto.com\\\/sl\\\/\",\"logo\":{\"@type\":\"ImageObject\",\"inLanguage\":\"sl-SI\",\"@id\":\"https:\\\/\\\/redfoxlotto.com\\\/sl\\\/#\\\/schema\\\/logo\\\/image\\\/\",\"url\":\"https:\\\/\\\/redfoxlotto.com\\\/wp-content\\\/uploads\\\/2023\\\/04\\\/logo.png\",\"contentUrl\":\"https:\\\/\\\/redfoxlotto.com\\\/wp-content\\\/uploads\\\/2023\\\/04\\\/logo.png\",\"width\":269,\"height\":53,\"caption\":\"Get Tickets for the World\u2019s largest jackpots\"},\"image\":{\"@id\":\"https:\\\/\\\/redfoxlotto.com\\\/sl\\\/#\\\/schema\\\/logo\\\/image\\\/\"}}]}<\/script>\n<!-- \/ Yoast SEO plugin. -->","yoast_head_json":{"title":"Vpla\u010dilo listkov za Lotto America prek spleta","description":"\u010ce bi radi postali dobitnik na loteriji Lotto America, vpla\u010dajte listek prek spleta sedaj!","robots":{"index":"index","follow":"follow","max-snippet":"max-snippet:-1","max-image-preview":"max-image-preview:large","max-video-preview":"max-video-preview:-1"},"canonical":"https:\/\/redfoxlotto.com\/sl\/loterije\/lotto-america\/","og_locale":"sl_SI","og_type":"article","og_title":"Vpla\u010dilo listkov za Lotto America prek spleta","og_description":"\u010ce bi radi postali dobitnik na loteriji Lotto America, vpla\u010dajte listek prek spleta sedaj!","og_url":"https:\/\/redfoxlotto.com\/sl\/loterije\/lotto-america\/","og_site_name":"Get Tickets for the World\u2019s largest jackpots","article_modified_time":"2021-01-07T10:10:19+00:00","og_image":[{"url":"https:\/\/content.redfoxlotto.com\/uploads\/sites\/9\/1_ticket_online_buying.jpg","type":"","width":"","height":""}],"twitter_card":"summary_large_image","twitter_misc":{"Est. reading time":"2 minuti"},"schema":{"@context":"https:\/\/schema.org","@graph":[{"@type":"WebPage","@id":"https:\/\/redfoxlotto.com\/sl\/loterije\/lotto-america\/","url":"https:\/\/redfoxlotto.com\/sl\/loterije\/lotto-america\/","name":"Vpla\u010dilo listkov za Lotto America prek spleta","isPartOf":{"@id":"https:\/\/redfoxlotto.com\/sl\/#website"},"primaryImageOfPage":{"@id":"https:\/\/redfoxlotto.com\/sl\/loterije\/lotto-america\/#primaryimage"},"image":{"@id":"https:\/\/redfoxlotto.com\/sl\/loterije\/lotto-america\/#primaryimage"},"thumbnailUrl":"https:\/\/content.redfoxlotto.com\/uploads\/sites\/9\/1_ticket_online_buying.jpg","datePublished":"2020-08-18T09:10:34+00:00","dateModified":"2021-01-07T10:10:19+00:00","description":"\u010ce bi radi postali dobitnik na loteriji Lotto America, vpla\u010dajte listek prek spleta sedaj!","breadcrumb":{"@id":"https:\/\/redfoxlotto.com\/sl\/loterije\/lotto-america\/#breadcrumb"},"inLanguage":"sl-SI","potentialAction":[{"@type":"ReadAction","target":["https:\/\/redfoxlotto.com\/sl\/loterije\/lotto-america\/"]}]},{"@type":"ImageObject","inLanguage":"sl-SI","@id":"https:\/\/redfoxlotto.com\/sl\/loterije\/lotto-america\/#primaryimage","url":"https:\/\/content.redfoxlotto.com\/uploads\/sites\/9\/1_ticket_online_buying.jpg","contentUrl":"https:\/\/content.redfoxlotto.com\/uploads\/sites\/9\/1_ticket_online_buying.jpg"},{"@type":"BreadcrumbList","@id":"https:\/\/redfoxlotto.com\/sl\/loterije\/lotto-america\/#breadcrumb","itemListElement":[{"@type":"ListItem","position":1,"name":"Home","item":"https:\/\/redfoxlotto.com\/sl\/"},{"@type":"ListItem","position":2,"name":"Kako vpla\u010dati loterijske listke prek spleta &#8211; postopek nakupa","item":"https:\/\/redfoxlotto.com\/sl\/loterije\/"},{"@type":"ListItem","position":3,"name":"O loteriji Lotto America"}]},{"@type":"WebSite","@id":"https:\/\/redfoxlotto.com\/sl\/#website","url":"https:\/\/redfoxlotto.com\/sl\/","name":"Get Tickets for the World\u2019s largest jackpots","description":"Participate in worldwide lottery jackpots from any country","publisher":{"@id":"https:\/\/redfoxlotto.com\/sl\/#organization"},"potentialAction":[{"@type":"SearchAction","target":{"@type":"EntryPoint","urlTemplate":"https:\/\/redfoxlotto.com\/sl\/?s={search_term_string}"},"query-input":{"@type":"PropertyValueSpecification","valueRequired":true,"valueName":"search_term_string"}}],"inLanguage":"sl-SI"},{"@type":"Organization","@id":"https:\/\/redfoxlotto.com\/sl\/#organization","name":"Get Tickets for the World\u2019s largest jackpots","url":"https:\/\/redfoxlotto.com\/sl\/","logo":{"@type":"ImageObject","inLanguage":"sl-SI","@id":"https:\/\/redfoxlotto.com\/sl\/#\/schema\/logo\/image\/","url":"https:\/\/redfoxlotto.com\/wp-content\/uploads\/2023\/04\/logo.png","contentUrl":"https:\/\/redfoxlotto.com\/wp-content\/uploads\/2023\/04\/logo.png","width":269,"height":53,"caption":"Get Tickets for the World\u2019s largest jackpots"},"image":{"@id":"https:\/\/redfoxlotto.com\/sl\/#\/schema\/logo\/image\/"}}]}},"_links":{"self":[{"href":"https:\/\/redfoxlotto.com\/sl\/wp-json\/wp\/v2\/pages\/17911","targetHints":{"allow":["GET"]}}],"collection":[{"href":"https:\/\/redfoxlotto.com\/sl\/wp-json\/wp\/v2\/pages"}],"about":[{"href":"https:\/\/redfoxlotto.com\/sl\/wp-json\/wp\/v2\/types\/page"}],"author":[{"embeddable":true,"href":"https:\/\/redfoxlotto.com\/sl\/wp-json\/wp\/v2\/users\/1"}],"replies":[{"embeddable":true,"href":"https:\/\/redfoxlotto.com\/sl\/wp-json\/wp\/v2\/comments?post=17911"}],"version-history":[{"count":0,"href":"https:\/\/redfoxlotto.com\/sl\/wp-json\/wp\/v2\/pages\/17911\/revisions"}],"up":[{"embeddable":true,"href":"https:\/\/redfoxlotto.com\/sl\/wp-json\/wp\/v2\/pages\/17289"}],"wp:attachment":[{"href":"https:\/\/redfoxlotto.com\/sl\/wp-json\/wp\/v2\/media?parent=17911"}],"curies":[{"name":"wp","href":"https:\/\/api.w.org\/{rel}","templated":true}]}}