{"id":17883,"date":"2020-08-18T10:30:08","date_gmt":"2020-08-18T10:30:08","guid":{"rendered":"https:\/\/redfoxlotto.com\/?page_id=17883"},"modified":"2021-01-07T10:07:22","modified_gmt":"2021-01-07T10:07:22","slug":"set-for-life-uk","status":"publish","type":"page","link":"https:\/\/redfoxlotto.com\/sl\/loterije\/set-for-life-uk\/","title":{"rendered":"O britanski loteriji Set for life"},"content":{"rendered":"<h2 class=\"wp-block-heading\">Tudi vi lahko vpla\u010date listke za loterijo \u00bbSet for life\u00ab<\/h2><p><img loading=\"lazy\" decoding=\"async\" class=\" wp-image alignright\" src=\"https:\/\/content.redfoxlotto.com\/uploads\/sites\/9\/1_online_tickets_for_lottery.jpg\" alt=\"set for life buy online\" width=\"162\" height=\"114\" \/><\/p><p>\u00bbSet for life\u00ab je loterija iz Velike Britanije, vendar vam za vpla\u010dilo listkov za \u00bbSet for life\u00ab ni treba biti prebivalec Velike Britanije &#8211; lahko jih vpla\u010date prek spleta tukaj na na\u0161i spletni strani.<\/p><h2 class=\"wp-block-heading\">Kako deluje loterija \u00bbSet for life\u00ab<\/h2><p>Kar zadeva \u0161tevilke, ta loterija deluje tako kot katera koli druga loterija. Razlika pa je ta, da so glavne nagrade mese\u010dna izpla\u010dila v vi\u0161ini 10.000 \u00a3 za 30 let (1. nagrada) ali eno leto (2. nagrada).<\/p>","protected":false},"excerpt":{"rendered":"<p>Tudi vi lahko vpla\u010date listke za loterijo \u00bbSet for life\u00ab \u00bbSet for life\u00ab je loterija iz Velike Britanije, vendar vam za vpla\u010dilo listkov za \u00bbSet for life\u00ab ni treba biti prebivalec Velike Britanije &#8211; lahko jih vpla\u010date prek spleta tukaj na na\u0161i spletni strani. Kako deluje loterija \u00bbSet for life\u00ab Kar zadeva \u0161tevilke, ta loterija [&hellip;]<\/p>\n","protected":false},"author":1,"featured_media":0,"parent":17289,"menu_order":10,"comment_status":"closed","ping_status":"closed","template":"set-for-life-info.php","meta":{"_et_pb_use_builder":"","_et_pb_old_content":"","_et_gb_content_width":"","exclude_from_search":false,"footnotes":""},"class_list":["post-17883","page","type-page","status-publish","hentry"],"yoast_head":"<!-- This site is optimized with the Yoast SEO plugin v23.8 - https:\/\/yoast.com\/wordpress\/plugins\/seo\/ -->\n<title>Pridobite listek za loterijo Set for life prek spleta<\/title>\n<meta name=\"description\" content=\"Loterija Set for life - zmagajte z listkom, ki ga lahko kupite prek spleta\" \/>\n<meta name=\"robots\" content=\"index, follow, max-snippet:-1, max-image-preview:large, max-video-preview:-1\" \/>\n<link rel=\"canonical\" href=\"https:\/\/redfoxlotto.com\/sl\/loterije\/set-for-life-uk\/\" \/>\n<meta property=\"og:locale\" content=\"sl_SI\" \/>\n<meta property=\"og:type\" content=\"article\" \/>\n<meta property=\"og:title\" content=\"Pridobite listek za loterijo Set for life prek spleta\" \/>\n<meta property=\"og:description\" content=\"Loterija Set for life - zmagajte z listkom, ki ga lahko kupite prek spleta\" \/>\n<meta property=\"og:url\" content=\"https:\/\/redfoxlotto.com\/sl\/loterije\/set-for-life-uk\/\" \/>\n<meta property=\"og:site_name\" content=\"Get Tickets for the World\u2019s largest jackpots\" \/>\n<meta property=\"article:modified_time\" content=\"2021-01-07T10:07:22+00:00\" \/>\n<meta property=\"og:image\" content=\"https:\/\/content.redfoxlotto.com\/uploads\/sites\/9\/1_online_tickets_for_lottery.jpg\" \/>\n<meta name=\"twitter:card\" content=\"summary_large_image\" \/>\n<meta name=\"twitter:label1\" content=\"Est. reading time\" \/>\n\t<meta name=\"twitter:data1\" content=\"1 minuta\" \/>\n<script type=\"application\/ld+json\" class=\"yoast-schema-graph\">{\"@context\":\"https:\/\/schema.org\",\"@graph\":[{\"@type\":\"WebPage\",\"@id\":\"https:\/\/redfoxlotto.com\/sl\/loterije\/set-for-life-uk\/\",\"url\":\"https:\/\/redfoxlotto.com\/sl\/loterije\/set-for-life-uk\/\",\"name\":\"Pridobite listek za loterijo Set for life prek spleta\",\"isPartOf\":{\"@id\":\"https:\/\/redfoxlotto.com\/sl\/#website\"},\"primaryImageOfPage\":{\"@id\":\"https:\/\/redfoxlotto.com\/sl\/loterije\/set-for-life-uk\/#primaryimage\"},\"image\":{\"@id\":\"https:\/\/redfoxlotto.com\/sl\/loterije\/set-for-life-uk\/#primaryimage\"},\"thumbnailUrl\":\"https:\/\/content.redfoxlotto.com\/uploads\/sites\/9\/1_online_tickets_for_lottery.jpg\",\"datePublished\":\"2020-08-18T10:30:08+00:00\",\"dateModified\":\"2021-01-07T10:07:22+00:00\",\"description\":\"Loterija Set for life - zmagajte z listkom, ki ga lahko kupite prek spleta\",\"breadcrumb\":{\"@id\":\"https:\/\/redfoxlotto.com\/sl\/loterije\/set-for-life-uk\/#breadcrumb\"},\"inLanguage\":\"sl-SI\",\"potentialAction\":[{\"@type\":\"ReadAction\",\"target\":[\"https:\/\/redfoxlotto.com\/sl\/loterije\/set-for-life-uk\/\"]}]},{\"@type\":\"ImageObject\",\"inLanguage\":\"sl-SI\",\"@id\":\"https:\/\/redfoxlotto.com\/sl\/loterije\/set-for-life-uk\/#primaryimage\",\"url\":\"https:\/\/content.redfoxlotto.com\/uploads\/sites\/9\/1_online_tickets_for_lottery.jpg\",\"contentUrl\":\"https:\/\/content.redfoxlotto.com\/uploads\/sites\/9\/1_online_tickets_for_lottery.jpg\"},{\"@type\":\"BreadcrumbList\",\"@id\":\"https:\/\/redfoxlotto.com\/sl\/loterije\/set-for-life-uk\/#breadcrumb\",\"itemListElement\":[{\"@type\":\"ListItem\",\"position\":1,\"name\":\"Home\",\"item\":\"https:\/\/redfoxlotto.com\/sl\/\"},{\"@type\":\"ListItem\",\"position\":2,\"name\":\"Kako vpla\u010dati loterijske listke prek spleta &#8211; postopek nakupa\",\"item\":\"https:\/\/redfoxlotto.com\/sl\/loterije\/\"},{\"@type\":\"ListItem\",\"position\":3,\"name\":\"O britanski loteriji Set for life\"}]},{\"@type\":\"WebSite\",\"@id\":\"https:\/\/redfoxlotto.com\/sl\/#website\",\"url\":\"https:\/\/redfoxlotto.com\/sl\/\",\"name\":\"Get Tickets for the World\u2019s largest jackpots\",\"description\":\"Participate in worldwide lottery jackpots from any country\",\"publisher\":{\"@id\":\"https:\/\/redfoxlotto.com\/sl\/#organization\"},\"potentialAction\":[{\"@type\":\"SearchAction\",\"target\":{\"@type\":\"EntryPoint\",\"urlTemplate\":\"https:\/\/redfoxlotto.com\/sl\/?s={search_term_string}\"},\"query-input\":{\"@type\":\"PropertyValueSpecification\",\"valueRequired\":true,\"valueName\":\"search_term_string\"}}],\"inLanguage\":\"sl-SI\"},{\"@type\":\"Organization\",\"@id\":\"https:\/\/redfoxlotto.com\/sl\/#organization\",\"name\":\"Get Tickets for the World\u2019s largest jackpots\",\"url\":\"https:\/\/redfoxlotto.com\/sl\/\",\"logo\":{\"@type\":\"ImageObject\",\"inLanguage\":\"sl-SI\",\"@id\":\"https:\/\/redfoxlotto.com\/sl\/#\/schema\/logo\/image\/\",\"url\":\"https:\/\/redfoxlotto.com\/wp-content\/uploads\/2023\/04\/logo.png\",\"contentUrl\":\"https:\/\/redfoxlotto.com\/wp-content\/uploads\/2023\/04\/logo.png\",\"width\":269,\"height\":53,\"caption\":\"Get Tickets for the World\u2019s largest jackpots\"},\"image\":{\"@id\":\"https:\/\/redfoxlotto.com\/sl\/#\/schema\/logo\/image\/\"}}]}<\/script>\n<!-- \/ Yoast SEO plugin. -->","yoast_head_json":{"title":"Pridobite listek za loterijo Set for life prek spleta","description":"Loterija Set for life - zmagajte z listkom, ki ga lahko kupite prek spleta","robots":{"index":"index","follow":"follow","max-snippet":"max-snippet:-1","max-image-preview":"max-image-preview:large","max-video-preview":"max-video-preview:-1"},"canonical":"https:\/\/redfoxlotto.com\/sl\/loterije\/set-for-life-uk\/","og_locale":"sl_SI","og_type":"article","og_title":"Pridobite listek za loterijo Set for life prek spleta","og_description":"Loterija Set for life - zmagajte z listkom, ki ga lahko kupite prek spleta","og_url":"https:\/\/redfoxlotto.com\/sl\/loterije\/set-for-life-uk\/","og_site_name":"Get Tickets for the World\u2019s largest jackpots","article_modified_time":"2021-01-07T10:07:22+00:00","og_image":[{"url":"https:\/\/content.redfoxlotto.com\/uploads\/sites\/9\/1_online_tickets_for_lottery.jpg"}],"twitter_card":"summary_large_image","twitter_misc":{"Est. reading time":"1 minuta"},"schema":{"@context":"https:\/\/schema.org","@graph":[{"@type":"WebPage","@id":"https:\/\/redfoxlotto.com\/sl\/loterije\/set-for-life-uk\/","url":"https:\/\/redfoxlotto.com\/sl\/loterije\/set-for-life-uk\/","name":"Pridobite listek za loterijo Set for life prek spleta","isPartOf":{"@id":"https:\/\/redfoxlotto.com\/sl\/#website"},"primaryImageOfPage":{"@id":"https:\/\/redfoxlotto.com\/sl\/loterije\/set-for-life-uk\/#primaryimage"},"image":{"@id":"https:\/\/redfoxlotto.com\/sl\/loterije\/set-for-life-uk\/#primaryimage"},"thumbnailUrl":"https:\/\/content.redfoxlotto.com\/uploads\/sites\/9\/1_online_tickets_for_lottery.jpg","datePublished":"2020-08-18T10:30:08+00:00","dateModified":"2021-01-07T10:07:22+00:00","description":"Loterija Set for life - zmagajte z listkom, ki ga lahko kupite prek spleta","breadcrumb":{"@id":"https:\/\/redfoxlotto.com\/sl\/loterije\/set-for-life-uk\/#breadcrumb"},"inLanguage":"sl-SI","potentialAction":[{"@type":"ReadAction","target":["https:\/\/redfoxlotto.com\/sl\/loterije\/set-for-life-uk\/"]}]},{"@type":"ImageObject","inLanguage":"sl-SI","@id":"https:\/\/redfoxlotto.com\/sl\/loterije\/set-for-life-uk\/#primaryimage","url":"https:\/\/content.redfoxlotto.com\/uploads\/sites\/9\/1_online_tickets_for_lottery.jpg","contentUrl":"https:\/\/content.redfoxlotto.com\/uploads\/sites\/9\/1_online_tickets_for_lottery.jpg"},{"@type":"BreadcrumbList","@id":"https:\/\/redfoxlotto.com\/sl\/loterije\/set-for-life-uk\/#breadcrumb","itemListElement":[{"@type":"ListItem","position":1,"name":"Home","item":"https:\/\/redfoxlotto.com\/sl\/"},{"@type":"ListItem","position":2,"name":"Kako vpla\u010dati loterijske listke prek spleta &#8211; postopek nakupa","item":"https:\/\/redfoxlotto.com\/sl\/loterije\/"},{"@type":"ListItem","position":3,"name":"O britanski loteriji Set for life"}]},{"@type":"WebSite","@id":"https:\/\/redfoxlotto.com\/sl\/#website","url":"https:\/\/redfoxlotto.com\/sl\/","name":"Get Tickets for the World\u2019s largest jackpots","description":"Participate in worldwide lottery jackpots from any country","publisher":{"@id":"https:\/\/redfoxlotto.com\/sl\/#organization"},"potentialAction":[{"@type":"SearchAction","target":{"@type":"EntryPoint","urlTemplate":"https:\/\/redfoxlotto.com\/sl\/?s={search_term_string}"},"query-input":{"@type":"PropertyValueSpecification","valueRequired":true,"valueName":"search_term_string"}}],"inLanguage":"sl-SI"},{"@type":"Organization","@id":"https:\/\/redfoxlotto.com\/sl\/#organization","name":"Get Tickets for the World\u2019s largest jackpots","url":"https:\/\/redfoxlotto.com\/sl\/","logo":{"@type":"ImageObject","inLanguage":"sl-SI","@id":"https:\/\/redfoxlotto.com\/sl\/#\/schema\/logo\/image\/","url":"https:\/\/redfoxlotto.com\/wp-content\/uploads\/2023\/04\/logo.png","contentUrl":"https:\/\/redfoxlotto.com\/wp-content\/uploads\/2023\/04\/logo.png","width":269,"height":53,"caption":"Get Tickets for the World\u2019s largest jackpots"},"image":{"@id":"https:\/\/redfoxlotto.com\/sl\/#\/schema\/logo\/image\/"}}]}},"_links":{"self":[{"href":"https:\/\/redfoxlotto.com\/sl\/wp-json\/wp\/v2\/pages\/17883","targetHints":{"allow":["GET"]}}],"collection":[{"href":"https:\/\/redfoxlotto.com\/sl\/wp-json\/wp\/v2\/pages"}],"about":[{"href":"https:\/\/redfoxlotto.com\/sl\/wp-json\/wp\/v2\/types\/page"}],"author":[{"embeddable":true,"href":"https:\/\/redfoxlotto.com\/sl\/wp-json\/wp\/v2\/users\/1"}],"replies":[{"embeddable":true,"href":"https:\/\/redfoxlotto.com\/sl\/wp-json\/wp\/v2\/comments?post=17883"}],"version-history":[{"count":0,"href":"https:\/\/redfoxlotto.com\/sl\/wp-json\/wp\/v2\/pages\/17883\/revisions"}],"up":[{"embeddable":true,"href":"https:\/\/redfoxlotto.com\/sl\/wp-json\/wp\/v2\/pages\/17289"}],"wp:attachment":[{"href":"https:\/\/redfoxlotto.com\/sl\/wp-json\/wp\/v2\/media?parent=17883"}],"curies":[{"name":"wp","href":"https:\/\/api.w.org\/{rel}","templated":true}]}}