{"id":17822,"date":"2023-04-24T18:24:48","date_gmt":"2023-04-24T18:24:48","guid":{"rendered":"https:\/\/redfoxlotto.com\/?page_id=17822"},"modified":"2025-12-11T08:54:02","modified_gmt":"2025-12-11T08:54:02","slug":"saturday-lotto-au","status":"publish","type":"page","link":"https:\/\/redfoxlotto.com\/sl\/igraj\/saturday-lotto-au\/","title":{"rendered":"Igrajte sobotno avstralsko loterijo Saturday Lotto"},"content":{"rendered":"<script type=\"application\/ld+json\">\r\n{\r\n  \"@context\": \"https:\/\/schema.org\",\r\n  \"@type\": \"Service\",\r\n  \"name\": \"Saturday Lotto Australia online\",\r\n  \"url\": \"https:\/\/redfoxlotto.com\/sl\/igraj\/saturday-lotto-au\/\",\r\n  \"description\": \"Kupite uradne vstopnice za Saturday Lotto Australia prek spleta preko RedFoxLotto. Izberite svoje \u0161tevilke in se pridru\u017eite naslednjemu \u017erebanju.\",\r\n  \"serviceType\": \"Online lottery ticket purchase\",\r\n\r\n  \"provider\": {\r\n    \"@type\": \"Organization\",\r\n    \"name\": \"RedFoxLotto\",\r\n    \"url\": \"https:\/\/redfoxlotto.com\",\r\n    \"logo\": \"https:\/\/redfoxlotto.com\/wp-content\/uploads\/logo.png\"\r\n  },\r\n\r\n  \"areaServed\": \"Worldwide\",\r\n  \"termsOfService\": \"https:\/\/redfoxlotto.com\/terms-and-conditions\",\r\n\r\n  \"hasOfferCatalog\": {\r\n    \"@type\": \"OfferCatalog\",\r\n    \"name\": \"Saturday Lotto Australia Offers\",\r\n    \"itemListElement\": [\r\n      {\r\n        \"@type\": \"Offer\",\r\n        \"name\": \"Lotto Saturday Lotto Australia Ticket\",\r\n        \"url\": \"https:\/\/redfoxlotto.com\/sl\/igraj\/saturday-lotto-au\/\",\r\n        \"description\": \"Ena vstopnica za naslednje \u017erebanje Saturday Lotto Australia.\",\r\n        \"price\": \"1.50\",\r\n        \"priceCurrency\": \"EUR\",\r\n        \"availability\": \"https:\/\/schema.org\/InStock\",\r\n\r\n        \"itemOffered\": {\r\n          \"@type\": \"Service\",\r\n          \"name\": \"Saturday Lotto Australia Entry\",\r\n          \"description\": \"Sodelovanje v naslednjem \u017erebanju Saturday Lotto Australia preko RedFoxLotto.\"\r\n        }\r\n      }\r\n    ]\r\n  },\r\n\r\n  \"mainEntityOfPage\": {\r\n    \"@type\": \"WebPage\",\r\n    \"@id\": \"https:\/\/redfoxlotto.com\/sl\/igraj\/saturday-lotto-au\/\"\r\n  }\r\n}\r\n<\/script>\r\n\r\n<p><img loading=\"lazy\" decoding=\"async\" class=\" wp-image alignright\" src=\"https:\/\/content.redfoxlotto.com\/uploads\/sites\/9\/2_ticket_saturday_lotto_au.jpg\" alt=\"Igrajte v soboto Lotto Australia na spletu\" width=\"145\" height=\"263\" \/><\/p><p>Razdalja za igranje avstralske sobotne loterije ni ve\u010d ovira, saj lahko v loteriji sodelujejo ne samo ljudje, ki so fizi\u010dno prisotni v Avstraliji, ampak tudi kdor koli od koder koli.<\/p><h2 class=\"wp-block-heading\">Kako igrati prek spleta<\/h2><p><img loading=\"lazy\" decoding=\"async\" class=\" wp-image alignright\" src=\"https:\/\/content.redfoxlotto.com\/uploads\/sites\/9\/1_lotto_jackpot_online.jpg\" alt=\"Avstralska loterija v soboto\" width=\"260\" height=\"304\" \/><\/p>\r\n<p>Preprosto si odprite svoj igralni ra\u010dun pri RedFoxLotto, izmed 45 izberite svojih najljub\u0161ih 6 \u0161tevilk in va\u0161 loterijski listek bo vpla\u010dan. Po vpla\u010dilu boste prejeli tudi e-po\u0161tno obvestilo s potrjenim vpla\u010danim listkom.<\/p><p>Na\u010din pla\u010dila za vpla\u010dane listke je tako enostaven kot sama izbira \u0161tevilk, saj je uporabnikom na voljo ve\u010d mo\u017enosti pla\u010dila.<\/p><p>\u017drebanje za sobotno loterijo poteka vsako soboto zve\u010der, iz\u017erebanih pa je 6 glavnih in 2 dodatni \u0161tevilki.<\/p>","protected":false},"excerpt":{"rendered":"<p>Razdalja za igranje avstralske sobotne loterije ni ve\u010d ovira, saj lahko v loteriji sodelujejo ne samo ljudje, ki so fizi\u010dno prisotni v Avstraliji, ampak tudi kdor koli od koder koli. Kako igrati prek spleta Preprosto si odprite svoj igralni ra\u010dun pri RedFoxLotto, izmed 45 izberite svojih najljub\u0161ih 6 \u0161tevilk in va\u0161 loterijski listek bo vpla\u010dan. [&hellip;]<\/p>\n","protected":false},"author":1,"featured_media":0,"parent":17307,"menu_order":20,"comment_status":"closed","ping_status":"closed","template":"saturday-lotto.php","meta":{"_et_pb_use_builder":"","_et_pb_old_content":"","_et_gb_content_width":"","exclude_from_search":false,"footnotes":""},"class_list":["post-17822","page","type-page","status-publish","hentry"],"yoast_head":"<!-- This site is optimized with the Yoast SEO plugin v23.8 - https:\/\/yoast.com\/wordpress\/plugins\/seo\/ -->\n<title>Igrajte avstralski Saturday Lotto prek spleta | Ena najve\u010djih avstralskih loterij<\/title>\n<meta name=\"description\" content=\"Vpla\u010dajte listke prek spleta in igrajte v avstralski sobotni loteriji\" \/>\n<meta name=\"robots\" content=\"index, follow, max-snippet:-1, max-image-preview:large, max-video-preview:-1\" \/>\n<link rel=\"canonical\" href=\"https:\/\/redfoxlotto.com\/sl\/igraj\/saturday-lotto-au\/\" \/>\n<meta property=\"og:locale\" content=\"sl_SI\" \/>\n<meta property=\"og:type\" content=\"article\" \/>\n<meta property=\"og:title\" content=\"Igrajte avstralski Saturday Lotto prek spleta | Ena najve\u010djih avstralskih loterij\" \/>\n<meta property=\"og:description\" content=\"Vpla\u010dajte listke prek spleta in igrajte v avstralski sobotni loteriji\" \/>\n<meta property=\"og:url\" content=\"https:\/\/redfoxlotto.com\/sl\/igraj\/saturday-lotto-au\/\" \/>\n<meta property=\"og:site_name\" content=\"Get Tickets for the World\u2019s largest jackpots\" \/>\n<meta property=\"article:modified_time\" content=\"2025-12-11T08:54:02+00:00\" \/>\n<meta property=\"og:image\" content=\"https:\/\/content.redfoxlotto.com\/uploads\/sites\/9\/2_ticket_saturday_lotto_au.jpg\" \/>\n<meta name=\"twitter:card\" content=\"summary_large_image\" \/>\n<meta name=\"twitter:label1\" content=\"Est. reading time\" \/>\n\t<meta name=\"twitter:data1\" content=\"1 minuta\" \/>\n<script type=\"application\/ld+json\" class=\"yoast-schema-graph\">{\"@context\":\"https:\/\/schema.org\",\"@graph\":[{\"@type\":\"WebPage\",\"@id\":\"https:\/\/redfoxlotto.com\/sl\/igraj\/saturday-lotto-au\/\",\"url\":\"https:\/\/redfoxlotto.com\/sl\/igraj\/saturday-lotto-au\/\",\"name\":\"Igrajte avstralski Saturday Lotto prek spleta | Ena najve\u010djih avstralskih loterij\",\"isPartOf\":{\"@id\":\"https:\/\/redfoxlotto.com\/sl\/#website\"},\"primaryImageOfPage\":{\"@id\":\"https:\/\/redfoxlotto.com\/sl\/igraj\/saturday-lotto-au\/#primaryimage\"},\"image\":{\"@id\":\"https:\/\/redfoxlotto.com\/sl\/igraj\/saturday-lotto-au\/#primaryimage\"},\"thumbnailUrl\":\"https:\/\/content.redfoxlotto.com\/uploads\/sites\/9\/2_ticket_saturday_lotto_au.jpg\",\"datePublished\":\"2023-04-24T18:24:48+00:00\",\"dateModified\":\"2025-12-11T08:54:02+00:00\",\"description\":\"Vpla\u010dajte listke prek spleta in igrajte v avstralski sobotni loteriji\",\"breadcrumb\":{\"@id\":\"https:\/\/redfoxlotto.com\/sl\/igraj\/saturday-lotto-au\/#breadcrumb\"},\"inLanguage\":\"sl-SI\",\"potentialAction\":[{\"@type\":\"ReadAction\",\"target\":[\"https:\/\/redfoxlotto.com\/sl\/igraj\/saturday-lotto-au\/\"]}]},{\"@type\":\"ImageObject\",\"inLanguage\":\"sl-SI\",\"@id\":\"https:\/\/redfoxlotto.com\/sl\/igraj\/saturday-lotto-au\/#primaryimage\",\"url\":\"https:\/\/content.redfoxlotto.com\/uploads\/sites\/9\/2_ticket_saturday_lotto_au.jpg\",\"contentUrl\":\"https:\/\/content.redfoxlotto.com\/uploads\/sites\/9\/2_ticket_saturday_lotto_au.jpg\"},{\"@type\":\"BreadcrumbList\",\"@id\":\"https:\/\/redfoxlotto.com\/sl\/igraj\/saturday-lotto-au\/#breadcrumb\",\"itemListElement\":[{\"@type\":\"ListItem\",\"position\":1,\"name\":\"Home\",\"item\":\"https:\/\/redfoxlotto.com\/sl\/\"},{\"@type\":\"ListItem\",\"position\":2,\"name\":\"Kako igrati loterijo v drugih dr\u017eavah\",\"item\":\"https:\/\/redfoxlotto.com\/sl\/igraj\/\"},{\"@type\":\"ListItem\",\"position\":3,\"name\":\"Igrajte sobotno avstralsko loterijo Saturday Lotto\"}]},{\"@type\":\"WebSite\",\"@id\":\"https:\/\/redfoxlotto.com\/sl\/#website\",\"url\":\"https:\/\/redfoxlotto.com\/sl\/\",\"name\":\"Get Tickets for the World\u2019s largest jackpots\",\"description\":\"Participate in worldwide lottery jackpots from any country\",\"publisher\":{\"@id\":\"https:\/\/redfoxlotto.com\/sl\/#organization\"},\"potentialAction\":[{\"@type\":\"SearchAction\",\"target\":{\"@type\":\"EntryPoint\",\"urlTemplate\":\"https:\/\/redfoxlotto.com\/sl\/?s={search_term_string}\"},\"query-input\":{\"@type\":\"PropertyValueSpecification\",\"valueRequired\":true,\"valueName\":\"search_term_string\"}}],\"inLanguage\":\"sl-SI\"},{\"@type\":\"Organization\",\"@id\":\"https:\/\/redfoxlotto.com\/sl\/#organization\",\"name\":\"Get Tickets for the World\u2019s largest jackpots\",\"url\":\"https:\/\/redfoxlotto.com\/sl\/\",\"logo\":{\"@type\":\"ImageObject\",\"inLanguage\":\"sl-SI\",\"@id\":\"https:\/\/redfoxlotto.com\/sl\/#\/schema\/logo\/image\/\",\"url\":\"https:\/\/redfoxlotto.com\/wp-content\/uploads\/2023\/04\/logo.png\",\"contentUrl\":\"https:\/\/redfoxlotto.com\/wp-content\/uploads\/2023\/04\/logo.png\",\"width\":269,\"height\":53,\"caption\":\"Get Tickets for the World\u2019s largest jackpots\"},\"image\":{\"@id\":\"https:\/\/redfoxlotto.com\/sl\/#\/schema\/logo\/image\/\"}}]}<\/script>\n<!-- \/ Yoast SEO plugin. -->","yoast_head_json":{"title":"Igrajte avstralski Saturday Lotto prek spleta | Ena najve\u010djih avstralskih loterij","description":"Vpla\u010dajte listke prek spleta in igrajte v avstralski sobotni loteriji","robots":{"index":"index","follow":"follow","max-snippet":"max-snippet:-1","max-image-preview":"max-image-preview:large","max-video-preview":"max-video-preview:-1"},"canonical":"https:\/\/redfoxlotto.com\/sl\/igraj\/saturday-lotto-au\/","og_locale":"sl_SI","og_type":"article","og_title":"Igrajte avstralski Saturday Lotto prek spleta | Ena najve\u010djih avstralskih loterij","og_description":"Vpla\u010dajte listke prek spleta in igrajte v avstralski sobotni loteriji","og_url":"https:\/\/redfoxlotto.com\/sl\/igraj\/saturday-lotto-au\/","og_site_name":"Get Tickets for the World\u2019s largest jackpots","article_modified_time":"2025-12-11T08:54:02+00:00","og_image":[{"url":"https:\/\/content.redfoxlotto.com\/uploads\/sites\/9\/2_ticket_saturday_lotto_au.jpg"}],"twitter_card":"summary_large_image","twitter_misc":{"Est. reading time":"1 minuta"},"schema":{"@context":"https:\/\/schema.org","@graph":[{"@type":"WebPage","@id":"https:\/\/redfoxlotto.com\/sl\/igraj\/saturday-lotto-au\/","url":"https:\/\/redfoxlotto.com\/sl\/igraj\/saturday-lotto-au\/","name":"Igrajte avstralski Saturday Lotto prek spleta | Ena najve\u010djih avstralskih loterij","isPartOf":{"@id":"https:\/\/redfoxlotto.com\/sl\/#website"},"primaryImageOfPage":{"@id":"https:\/\/redfoxlotto.com\/sl\/igraj\/saturday-lotto-au\/#primaryimage"},"image":{"@id":"https:\/\/redfoxlotto.com\/sl\/igraj\/saturday-lotto-au\/#primaryimage"},"thumbnailUrl":"https:\/\/content.redfoxlotto.com\/uploads\/sites\/9\/2_ticket_saturday_lotto_au.jpg","datePublished":"2023-04-24T18:24:48+00:00","dateModified":"2025-12-11T08:54:02+00:00","description":"Vpla\u010dajte listke prek spleta in igrajte v avstralski sobotni loteriji","breadcrumb":{"@id":"https:\/\/redfoxlotto.com\/sl\/igraj\/saturday-lotto-au\/#breadcrumb"},"inLanguage":"sl-SI","potentialAction":[{"@type":"ReadAction","target":["https:\/\/redfoxlotto.com\/sl\/igraj\/saturday-lotto-au\/"]}]},{"@type":"ImageObject","inLanguage":"sl-SI","@id":"https:\/\/redfoxlotto.com\/sl\/igraj\/saturday-lotto-au\/#primaryimage","url":"https:\/\/content.redfoxlotto.com\/uploads\/sites\/9\/2_ticket_saturday_lotto_au.jpg","contentUrl":"https:\/\/content.redfoxlotto.com\/uploads\/sites\/9\/2_ticket_saturday_lotto_au.jpg"},{"@type":"BreadcrumbList","@id":"https:\/\/redfoxlotto.com\/sl\/igraj\/saturday-lotto-au\/#breadcrumb","itemListElement":[{"@type":"ListItem","position":1,"name":"Home","item":"https:\/\/redfoxlotto.com\/sl\/"},{"@type":"ListItem","position":2,"name":"Kako igrati loterijo v drugih dr\u017eavah","item":"https:\/\/redfoxlotto.com\/sl\/igraj\/"},{"@type":"ListItem","position":3,"name":"Igrajte sobotno avstralsko loterijo Saturday Lotto"}]},{"@type":"WebSite","@id":"https:\/\/redfoxlotto.com\/sl\/#website","url":"https:\/\/redfoxlotto.com\/sl\/","name":"Get Tickets for the World\u2019s largest jackpots","description":"Participate in worldwide lottery jackpots from any country","publisher":{"@id":"https:\/\/redfoxlotto.com\/sl\/#organization"},"potentialAction":[{"@type":"SearchAction","target":{"@type":"EntryPoint","urlTemplate":"https:\/\/redfoxlotto.com\/sl\/?s={search_term_string}"},"query-input":{"@type":"PropertyValueSpecification","valueRequired":true,"valueName":"search_term_string"}}],"inLanguage":"sl-SI"},{"@type":"Organization","@id":"https:\/\/redfoxlotto.com\/sl\/#organization","name":"Get Tickets for the World\u2019s largest jackpots","url":"https:\/\/redfoxlotto.com\/sl\/","logo":{"@type":"ImageObject","inLanguage":"sl-SI","@id":"https:\/\/redfoxlotto.com\/sl\/#\/schema\/logo\/image\/","url":"https:\/\/redfoxlotto.com\/wp-content\/uploads\/2023\/04\/logo.png","contentUrl":"https:\/\/redfoxlotto.com\/wp-content\/uploads\/2023\/04\/logo.png","width":269,"height":53,"caption":"Get Tickets for the World\u2019s largest jackpots"},"image":{"@id":"https:\/\/redfoxlotto.com\/sl\/#\/schema\/logo\/image\/"}}]}},"_links":{"self":[{"href":"https:\/\/redfoxlotto.com\/sl\/wp-json\/wp\/v2\/pages\/17822","targetHints":{"allow":["GET"]}}],"collection":[{"href":"https:\/\/redfoxlotto.com\/sl\/wp-json\/wp\/v2\/pages"}],"about":[{"href":"https:\/\/redfoxlotto.com\/sl\/wp-json\/wp\/v2\/types\/page"}],"author":[{"embeddable":true,"href":"https:\/\/redfoxlotto.com\/sl\/wp-json\/wp\/v2\/users\/1"}],"replies":[{"embeddable":true,"href":"https:\/\/redfoxlotto.com\/sl\/wp-json\/wp\/v2\/comments?post=17822"}],"version-history":[{"count":0,"href":"https:\/\/redfoxlotto.com\/sl\/wp-json\/wp\/v2\/pages\/17822\/revisions"}],"up":[{"embeddable":true,"href":"https:\/\/redfoxlotto.com\/sl\/wp-json\/wp\/v2\/pages\/17307"}],"wp:attachment":[{"href":"https:\/\/redfoxlotto.com\/sl\/wp-json\/wp\/v2\/media?parent=17822"}],"curies":[{"name":"wp","href":"https:\/\/api.w.org\/{rel}","templated":true}]}}