{"id":17729,"date":"2023-04-24T18:15:05","date_gmt":"2023-04-24T18:15:05","guid":{"rendered":"https:\/\/redfoxlotto.com\/?page_id=17729"},"modified":"2025-12-11T07:50:15","modified_gmt":"2025-12-11T07:50:15","slug":"lotto-6aus49","status":"publish","type":"page","link":"https:\/\/redfoxlotto.com\/sl\/igraj\/lotto-6aus49\/","title":{"rendered":"Sodelujte v nem\u0161kem lotu"},"content":{"rendered":"<script type=\"application\/ld+json\">\r\n{\r\n  \"@context\": \"https:\/\/schema.org\",\r\n  \"@type\": \"Service\",\r\n  \"name\": \"Lotto Germany online\",\r\n  \"url\": \"https:\/\/redfoxlotto.com\/sl\/igraj\/lotto-6aus49\/\",\r\n  \"description\": \"Kupite uradne vstopnice Lotto Germany na spletu preko RedFoxLotto. Izberite svoje \u0161tevilke in sodelujte v naslednjem \u017erebanju.\",\r\n  \"serviceType\": \"Online lottery ticket purchase\",\r\n\r\n  \"provider\": {\r\n    \"@type\": \"Organization\",\r\n    \"name\": \"RedFoxLotto\",\r\n    \"url\": \"https:\/\/redfoxlotto.com\",\r\n    \"logo\": \"https:\/\/redfoxlotto.com\/wp-content\/uploads\/logo.png\"\r\n  },\r\n\r\n  \"areaServed\": \"Worldwide\",\r\n  \"termsOfService\": \"https:\/\/redfoxlotto.com\/terms-and-conditions\",\r\n\r\n  \"hasOfferCatalog\": {\r\n    \"@type\": \"OfferCatalog\",\r\n    \"name\": \"Lotto Germany Offers\",\r\n    \"itemListElement\": [\r\n      {\r\n        \"@type\": \"Offer\",\r\n        \"name\": \"Lotto Lotto Germany Ticket\",\r\n        \"url\": \"https:\/\/redfoxlotto.com\/sl\/igraj\/lotto-6aus49\/\",\r\n        \"description\": \"En vstop v naslednje \u017erebanje Lotto Germany.\",\r\n        \"price\": \"3.80\",\r\n        \"priceCurrency\": \"EUR\",\r\n        \"availability\": \"https:\/\/schema.org\/InStock\",\r\n\r\n        \"itemOffered\": {\r\n          \"@type\": \"Service\",\r\n          \"name\": \"Lotto Germany Lottery Entry\",\r\n          \"description\": \"Sodelovanje v naslednjem \u017erebanju Lotto Germany preko RedFoxLotto.\"\r\n        }\r\n      }\r\n    ]\r\n  },\r\n\r\n  \"mainEntityOfPage\": {\r\n    \"@type\": \"WebPage\",\r\n    \"@id\": \"https:\/\/redfoxlotto.com\/sl\/igraj\/lotto-6aus49\/\"\r\n  }\r\n}\r\n<\/script><h2 class=\"wp-block-heading\">Kako igrati nem\u0161ko loterijo 6aus49 prek spleta<\/h2><p>Ko se odlo\u010dite, da \u017eelite igrati nem\u0161ko loterijo, za za\u010detek obi\u0161\u010dite RedFoxLotto.com.<\/p><h2 class=\"wp-block-heading\">Izbiranje \u0161tevilk<\/h2><p>Ko ste pripravljeni na igro, izberite 6 \u0161tevilk med 1 in 49 in 1 med 0 in 9.<\/p><h2 class=\"wp-block-heading\">Ste zmagali?<\/h2><p><img decoding=\"async\" class=\"size-full wp-image alignright\" src=\"https:\/\/content.redfoxlotto.com\/uploads\/sites\/9\/1_big_win_lotto.jpg\" alt=\"Lotto Germany online\" \/><\/p><p>Prav hitro lahko prek spleta ugotovite, ali ste kaj zadeli, in to je la\u017eje, kot si morda mislite. Vse, kar morate storiti, je, da se prijavite v svoj igralni ra\u010dun in si ogledate razdelek moji vpla\u010dani listki. Tam boste videli primerjavo zmagovalnih \u0161tevilk z va\u0161imi izbranimi \u0161tevilkami.<\/p>","protected":false},"excerpt":{"rendered":"<p>Kako igrati nem\u0161ko loterijo 6aus49 prek spleta Ko se odlo\u010dite, da \u017eelite igrati nem\u0161ko loterijo, za za\u010detek obi\u0161\u010dite RedFoxLotto.com. Izbiranje \u0161tevilk Ko ste pripravljeni na igro, izberite 6 \u0161tevilk med 1 in 49 in 1 med 0 in 9. Ste zmagali? Prav hitro lahko prek spleta ugotovite, ali ste kaj zadeli, in to je la\u017eje, [&hellip;]<\/p>\n","protected":false},"author":1,"featured_media":0,"parent":17307,"menu_order":15,"comment_status":"closed","ping_status":"closed","template":"lotto-german.php","meta":{"_et_pb_use_builder":"","_et_pb_old_content":"","_et_gb_content_width":"","exclude_from_search":false,"footnotes":""},"class_list":["post-17729","page","type-page","status-publish","hentry"],"yoast_head":"<!-- This site is optimized with the Yoast SEO plugin v23.8 - https:\/\/yoast.com\/wordpress\/plugins\/seo\/ -->\n<title>Igrajte nem\u0161ko loterijo prek spleta<\/title>\n<meta name=\"description\" content=\"Nem\u0161ka loterija \u00bb6 aus 49\u00ab je sedaj na voljo za igranje od koder koli - igrajte jo prek spleta!\" \/>\n<meta name=\"robots\" content=\"index, follow, max-snippet:-1, max-image-preview:large, max-video-preview:-1\" \/>\n<link rel=\"canonical\" href=\"https:\/\/redfoxlotto.com\/sl\/igraj\/lotto-6aus49\/\" \/>\n<meta property=\"og:locale\" content=\"sl_SI\" \/>\n<meta property=\"og:type\" content=\"article\" \/>\n<meta property=\"og:title\" content=\"Igrajte nem\u0161ko loterijo prek spleta\" \/>\n<meta property=\"og:description\" content=\"Nem\u0161ka loterija \u00bb6 aus 49\u00ab je sedaj na voljo za igranje od koder koli - igrajte jo prek spleta!\" \/>\n<meta property=\"og:url\" content=\"https:\/\/redfoxlotto.com\/sl\/igraj\/lotto-6aus49\/\" \/>\n<meta property=\"og:site_name\" content=\"Get Tickets for the World\u2019s largest jackpots\" \/>\n<meta property=\"article:modified_time\" content=\"2025-12-11T07:50:15+00:00\" \/>\n<meta property=\"og:image\" content=\"https:\/\/content.redfoxlotto.com\/uploads\/sites\/9\/1_big_win_lotto.jpg\" \/>\n<meta name=\"twitter:card\" content=\"summary_large_image\" \/>\n<meta name=\"twitter:label1\" content=\"Est. reading time\" \/>\n\t<meta name=\"twitter:data1\" content=\"1 minuta\" \/>\n<script type=\"application\/ld+json\" class=\"yoast-schema-graph\">{\"@context\":\"https:\/\/schema.org\",\"@graph\":[{\"@type\":\"WebPage\",\"@id\":\"https:\/\/redfoxlotto.com\/sl\/igraj\/lotto-6aus49\/\",\"url\":\"https:\/\/redfoxlotto.com\/sl\/igraj\/lotto-6aus49\/\",\"name\":\"Igrajte nem\u0161ko loterijo prek spleta\",\"isPartOf\":{\"@id\":\"https:\/\/redfoxlotto.com\/sl\/#website\"},\"primaryImageOfPage\":{\"@id\":\"https:\/\/redfoxlotto.com\/sl\/igraj\/lotto-6aus49\/#primaryimage\"},\"image\":{\"@id\":\"https:\/\/redfoxlotto.com\/sl\/igraj\/lotto-6aus49\/#primaryimage\"},\"thumbnailUrl\":\"https:\/\/content.redfoxlotto.com\/uploads\/sites\/9\/1_big_win_lotto.jpg\",\"datePublished\":\"2023-04-24T18:15:05+00:00\",\"dateModified\":\"2025-12-11T07:50:15+00:00\",\"description\":\"Nem\u0161ka loterija \u00bb6 aus 49\u00ab je sedaj na voljo za igranje od koder koli - igrajte jo prek spleta!\",\"breadcrumb\":{\"@id\":\"https:\/\/redfoxlotto.com\/sl\/igraj\/lotto-6aus49\/#breadcrumb\"},\"inLanguage\":\"sl-SI\",\"potentialAction\":[{\"@type\":\"ReadAction\",\"target\":[\"https:\/\/redfoxlotto.com\/sl\/igraj\/lotto-6aus49\/\"]}]},{\"@type\":\"ImageObject\",\"inLanguage\":\"sl-SI\",\"@id\":\"https:\/\/redfoxlotto.com\/sl\/igraj\/lotto-6aus49\/#primaryimage\",\"url\":\"https:\/\/content.redfoxlotto.com\/uploads\/sites\/9\/1_big_win_lotto.jpg\",\"contentUrl\":\"https:\/\/content.redfoxlotto.com\/uploads\/sites\/9\/1_big_win_lotto.jpg\"},{\"@type\":\"BreadcrumbList\",\"@id\":\"https:\/\/redfoxlotto.com\/sl\/igraj\/lotto-6aus49\/#breadcrumb\",\"itemListElement\":[{\"@type\":\"ListItem\",\"position\":1,\"name\":\"Home\",\"item\":\"https:\/\/redfoxlotto.com\/sl\/\"},{\"@type\":\"ListItem\",\"position\":2,\"name\":\"Kako igrati loterijo v drugih dr\u017eavah\",\"item\":\"https:\/\/redfoxlotto.com\/sl\/igraj\/\"},{\"@type\":\"ListItem\",\"position\":3,\"name\":\"Sodelujte v nem\u0161kem lotu\"}]},{\"@type\":\"WebSite\",\"@id\":\"https:\/\/redfoxlotto.com\/sl\/#website\",\"url\":\"https:\/\/redfoxlotto.com\/sl\/\",\"name\":\"Get Tickets for the World\u2019s largest jackpots\",\"description\":\"Participate in worldwide lottery jackpots from any country\",\"publisher\":{\"@id\":\"https:\/\/redfoxlotto.com\/sl\/#organization\"},\"potentialAction\":[{\"@type\":\"SearchAction\",\"target\":{\"@type\":\"EntryPoint\",\"urlTemplate\":\"https:\/\/redfoxlotto.com\/sl\/?s={search_term_string}\"},\"query-input\":{\"@type\":\"PropertyValueSpecification\",\"valueRequired\":true,\"valueName\":\"search_term_string\"}}],\"inLanguage\":\"sl-SI\"},{\"@type\":\"Organization\",\"@id\":\"https:\/\/redfoxlotto.com\/sl\/#organization\",\"name\":\"Get Tickets for the World\u2019s largest jackpots\",\"url\":\"https:\/\/redfoxlotto.com\/sl\/\",\"logo\":{\"@type\":\"ImageObject\",\"inLanguage\":\"sl-SI\",\"@id\":\"https:\/\/redfoxlotto.com\/sl\/#\/schema\/logo\/image\/\",\"url\":\"https:\/\/redfoxlotto.com\/wp-content\/uploads\/2023\/04\/logo.png\",\"contentUrl\":\"https:\/\/redfoxlotto.com\/wp-content\/uploads\/2023\/04\/logo.png\",\"width\":269,\"height\":53,\"caption\":\"Get Tickets for the World\u2019s largest jackpots\"},\"image\":{\"@id\":\"https:\/\/redfoxlotto.com\/sl\/#\/schema\/logo\/image\/\"}}]}<\/script>\n<!-- \/ Yoast SEO plugin. -->","yoast_head_json":{"title":"Igrajte nem\u0161ko loterijo prek spleta","description":"Nem\u0161ka loterija \u00bb6 aus 49\u00ab je sedaj na voljo za igranje od koder koli - igrajte jo prek spleta!","robots":{"index":"index","follow":"follow","max-snippet":"max-snippet:-1","max-image-preview":"max-image-preview:large","max-video-preview":"max-video-preview:-1"},"canonical":"https:\/\/redfoxlotto.com\/sl\/igraj\/lotto-6aus49\/","og_locale":"sl_SI","og_type":"article","og_title":"Igrajte nem\u0161ko loterijo prek spleta","og_description":"Nem\u0161ka loterija \u00bb6 aus 49\u00ab je sedaj na voljo za igranje od koder koli - igrajte jo prek spleta!","og_url":"https:\/\/redfoxlotto.com\/sl\/igraj\/lotto-6aus49\/","og_site_name":"Get Tickets for the World\u2019s largest jackpots","article_modified_time":"2025-12-11T07:50:15+00:00","og_image":[{"url":"https:\/\/content.redfoxlotto.com\/uploads\/sites\/9\/1_big_win_lotto.jpg"}],"twitter_card":"summary_large_image","twitter_misc":{"Est. reading time":"1 minuta"},"schema":{"@context":"https:\/\/schema.org","@graph":[{"@type":"WebPage","@id":"https:\/\/redfoxlotto.com\/sl\/igraj\/lotto-6aus49\/","url":"https:\/\/redfoxlotto.com\/sl\/igraj\/lotto-6aus49\/","name":"Igrajte nem\u0161ko loterijo prek spleta","isPartOf":{"@id":"https:\/\/redfoxlotto.com\/sl\/#website"},"primaryImageOfPage":{"@id":"https:\/\/redfoxlotto.com\/sl\/igraj\/lotto-6aus49\/#primaryimage"},"image":{"@id":"https:\/\/redfoxlotto.com\/sl\/igraj\/lotto-6aus49\/#primaryimage"},"thumbnailUrl":"https:\/\/content.redfoxlotto.com\/uploads\/sites\/9\/1_big_win_lotto.jpg","datePublished":"2023-04-24T18:15:05+00:00","dateModified":"2025-12-11T07:50:15+00:00","description":"Nem\u0161ka loterija \u00bb6 aus 49\u00ab je sedaj na voljo za igranje od koder koli - igrajte jo prek spleta!","breadcrumb":{"@id":"https:\/\/redfoxlotto.com\/sl\/igraj\/lotto-6aus49\/#breadcrumb"},"inLanguage":"sl-SI","potentialAction":[{"@type":"ReadAction","target":["https:\/\/redfoxlotto.com\/sl\/igraj\/lotto-6aus49\/"]}]},{"@type":"ImageObject","inLanguage":"sl-SI","@id":"https:\/\/redfoxlotto.com\/sl\/igraj\/lotto-6aus49\/#primaryimage","url":"https:\/\/content.redfoxlotto.com\/uploads\/sites\/9\/1_big_win_lotto.jpg","contentUrl":"https:\/\/content.redfoxlotto.com\/uploads\/sites\/9\/1_big_win_lotto.jpg"},{"@type":"BreadcrumbList","@id":"https:\/\/redfoxlotto.com\/sl\/igraj\/lotto-6aus49\/#breadcrumb","itemListElement":[{"@type":"ListItem","position":1,"name":"Home","item":"https:\/\/redfoxlotto.com\/sl\/"},{"@type":"ListItem","position":2,"name":"Kako igrati loterijo v drugih dr\u017eavah","item":"https:\/\/redfoxlotto.com\/sl\/igraj\/"},{"@type":"ListItem","position":3,"name":"Sodelujte v nem\u0161kem lotu"}]},{"@type":"WebSite","@id":"https:\/\/redfoxlotto.com\/sl\/#website","url":"https:\/\/redfoxlotto.com\/sl\/","name":"Get Tickets for the World\u2019s largest jackpots","description":"Participate in worldwide lottery jackpots from any country","publisher":{"@id":"https:\/\/redfoxlotto.com\/sl\/#organization"},"potentialAction":[{"@type":"SearchAction","target":{"@type":"EntryPoint","urlTemplate":"https:\/\/redfoxlotto.com\/sl\/?s={search_term_string}"},"query-input":{"@type":"PropertyValueSpecification","valueRequired":true,"valueName":"search_term_string"}}],"inLanguage":"sl-SI"},{"@type":"Organization","@id":"https:\/\/redfoxlotto.com\/sl\/#organization","name":"Get Tickets for the World\u2019s largest jackpots","url":"https:\/\/redfoxlotto.com\/sl\/","logo":{"@type":"ImageObject","inLanguage":"sl-SI","@id":"https:\/\/redfoxlotto.com\/sl\/#\/schema\/logo\/image\/","url":"https:\/\/redfoxlotto.com\/wp-content\/uploads\/2023\/04\/logo.png","contentUrl":"https:\/\/redfoxlotto.com\/wp-content\/uploads\/2023\/04\/logo.png","width":269,"height":53,"caption":"Get Tickets for the World\u2019s largest jackpots"},"image":{"@id":"https:\/\/redfoxlotto.com\/sl\/#\/schema\/logo\/image\/"}}]}},"_links":{"self":[{"href":"https:\/\/redfoxlotto.com\/sl\/wp-json\/wp\/v2\/pages\/17729","targetHints":{"allow":["GET"]}}],"collection":[{"href":"https:\/\/redfoxlotto.com\/sl\/wp-json\/wp\/v2\/pages"}],"about":[{"href":"https:\/\/redfoxlotto.com\/sl\/wp-json\/wp\/v2\/types\/page"}],"author":[{"embeddable":true,"href":"https:\/\/redfoxlotto.com\/sl\/wp-json\/wp\/v2\/users\/1"}],"replies":[{"embeddable":true,"href":"https:\/\/redfoxlotto.com\/sl\/wp-json\/wp\/v2\/comments?post=17729"}],"version-history":[{"count":0,"href":"https:\/\/redfoxlotto.com\/sl\/wp-json\/wp\/v2\/pages\/17729\/revisions"}],"up":[{"embeddable":true,"href":"https:\/\/redfoxlotto.com\/sl\/wp-json\/wp\/v2\/pages\/17307"}],"wp:attachment":[{"href":"https:\/\/redfoxlotto.com\/sl\/wp-json\/wp\/v2\/media?parent=17729"}],"curies":[{"name":"wp","href":"https:\/\/api.w.org\/{rel}","templated":true}]}}