{"id":17634,"date":"2023-04-24T17:52:16","date_gmt":"2023-04-24T17:52:16","guid":{"rendered":"https:\/\/redfoxlotto.com\/?page_id=17634"},"modified":"2023-05-09T07:16:39","modified_gmt":"2023-05-09T07:16:39","slug":"la-primitiva","status":"publish","type":"page","link":"https:\/\/redfoxlotto.com\/sl\/igraj\/la-primitiva\/","title":{"rendered":"Kako sodelovati v loteriji La Primitiva"},"content":{"rendered":"<h2 class=\"wp-block-heading\">\u0160panska tedenska loterija La Primitiva<\/h2><p><img loading=\"lazy\" decoding=\"async\" class=\" wp-image alignright\" src=\"https:\/\/content.redfoxlotto.com\/uploads\/sites\/9\/1_play_lotto_to_win.jpg\" alt=\"La Primitiva igra na spletu\" width=\"268\" height=\"191\" \/><\/p><p>La Primitiva je \u0161panska loterija, ki jo pogosto me\u0161ajo z loterijo El Gordo. La Primitiva je tedenska \u0161panska loterija, ki ima \u017erebanje na sporedu vsak \u010detrtek in soboto. Za izpolnitev loterijskega listka boste morali izbrati 6 od 49 \u0161tevilk.<\/p><h2 class=\"wp-block-heading\">Kje lahko igram La Primitiva prek spleta?<\/h2><p><img decoding=\"async\" class=\"size-full wp-image alignright\" src=\"https:\/\/content.redfoxlotto.com\/uploads\/sites\/9\/2_ticket_la_primitiva4.jpg\" alt=\"win La Primitiva\" \/><\/p><p>\u010ce bi radi igrali La Primitivo iz Slovenije, lahko to storite kar tukaj na na\u0161i spletni strani.<\/p><p>Po zaklju\u010dku vpla\u010dila listkov morate pri nas ustvariti igralni ra\u010dun in pla\u010dati prek spleta. Ne pozabite v va\u0161em e-po\u0161tnem predalu odpreti sporo\u010dila s povezavo za potrditev registracije. Seveda se lahko vedno vrnete na na\u0161o spletno stran in igrate tudi druge loterije.<\/p>","protected":false},"excerpt":{"rendered":"<p>\u0160panska tedenska loterija La Primitiva La Primitiva je \u0161panska loterija, ki jo pogosto me\u0161ajo z loterijo El Gordo. La Primitiva je tedenska \u0161panska loterija, ki ima \u017erebanje na sporedu vsak \u010detrtek in soboto. Za izpolnitev loterijskega listka boste morali izbrati 6 od 49 \u0161tevilk. Kje lahko igram La Primitiva prek spleta? \u010ce bi radi igrali [&hellip;]<\/p>\n","protected":false},"author":1,"featured_media":0,"parent":17307,"menu_order":7,"comment_status":"closed","ping_status":"closed","template":"la-primitiva.php","meta":{"_et_pb_use_builder":"","_et_pb_old_content":"","_et_gb_content_width":"","exclude_from_search":false,"footnotes":""},"class_list":["post-17634","page","type-page","status-publish","hentry"],"yoast_head":"<!-- This site is optimized with the Yoast SEO plugin v23.8 - https:\/\/yoast.com\/wordpress\/plugins\/seo\/ -->\n<title>Igrajte loterijo La Primitiva iz Slovenije<\/title>\n<meta name=\"description\" content=\"Naj vam poka\u017eemo, kako lahko iz Slovenije igrate \u0161pansko loterijo La Primitiva\" \/>\n<meta name=\"robots\" content=\"index, follow, max-snippet:-1, max-image-preview:large, max-video-preview:-1\" \/>\n<link rel=\"canonical\" href=\"https:\/\/redfoxlotto.com\/sl\/igraj\/la-primitiva\/\" \/>\n<meta property=\"og:locale\" content=\"sl_SI\" \/>\n<meta property=\"og:type\" content=\"article\" \/>\n<meta property=\"og:title\" content=\"Igrajte loterijo La Primitiva iz Slovenije\" \/>\n<meta property=\"og:description\" content=\"Naj vam poka\u017eemo, kako lahko iz Slovenije igrate \u0161pansko loterijo La Primitiva\" \/>\n<meta property=\"og:url\" content=\"https:\/\/redfoxlotto.com\/sl\/igraj\/la-primitiva\/\" \/>\n<meta property=\"og:site_name\" content=\"Get Tickets for the World\u2019s largest jackpots\" \/>\n<meta property=\"article:modified_time\" content=\"2023-05-09T07:16:39+00:00\" \/>\n<meta property=\"og:image\" content=\"https:\/\/content.redfoxlotto.com\/uploads\/sites\/9\/1_play_lotto_to_win.jpg\" \/>\n<meta name=\"twitter:card\" content=\"summary_large_image\" \/>\n<meta name=\"twitter:label1\" content=\"Est. reading time\" \/>\n\t<meta name=\"twitter:data1\" content=\"1 minuta\" \/>\n<script type=\"application\/ld+json\" class=\"yoast-schema-graph\">{\"@context\":\"https:\/\/schema.org\",\"@graph\":[{\"@type\":\"WebPage\",\"@id\":\"https:\/\/redfoxlotto.com\/sl\/igraj\/la-primitiva\/\",\"url\":\"https:\/\/redfoxlotto.com\/sl\/igraj\/la-primitiva\/\",\"name\":\"Igrajte loterijo La Primitiva iz Slovenije\",\"isPartOf\":{\"@id\":\"https:\/\/redfoxlotto.com\/sl\/#website\"},\"primaryImageOfPage\":{\"@id\":\"https:\/\/redfoxlotto.com\/sl\/igraj\/la-primitiva\/#primaryimage\"},\"image\":{\"@id\":\"https:\/\/redfoxlotto.com\/sl\/igraj\/la-primitiva\/#primaryimage\"},\"thumbnailUrl\":\"https:\/\/content.redfoxlotto.com\/uploads\/sites\/9\/1_play_lotto_to_win.jpg\",\"datePublished\":\"2023-04-24T17:52:16+00:00\",\"dateModified\":\"2023-05-09T07:16:39+00:00\",\"description\":\"Naj vam poka\u017eemo, kako lahko iz Slovenije igrate \u0161pansko loterijo La Primitiva\",\"breadcrumb\":{\"@id\":\"https:\/\/redfoxlotto.com\/sl\/igraj\/la-primitiva\/#breadcrumb\"},\"inLanguage\":\"sl-SI\",\"potentialAction\":[{\"@type\":\"ReadAction\",\"target\":[\"https:\/\/redfoxlotto.com\/sl\/igraj\/la-primitiva\/\"]}]},{\"@type\":\"ImageObject\",\"inLanguage\":\"sl-SI\",\"@id\":\"https:\/\/redfoxlotto.com\/sl\/igraj\/la-primitiva\/#primaryimage\",\"url\":\"https:\/\/content.redfoxlotto.com\/uploads\/sites\/9\/1_play_lotto_to_win.jpg\",\"contentUrl\":\"https:\/\/content.redfoxlotto.com\/uploads\/sites\/9\/1_play_lotto_to_win.jpg\"},{\"@type\":\"BreadcrumbList\",\"@id\":\"https:\/\/redfoxlotto.com\/sl\/igraj\/la-primitiva\/#breadcrumb\",\"itemListElement\":[{\"@type\":\"ListItem\",\"position\":1,\"name\":\"Home\",\"item\":\"https:\/\/redfoxlotto.com\/sl\/\"},{\"@type\":\"ListItem\",\"position\":2,\"name\":\"Kako igrati loterijo v drugih dr\u017eavah\",\"item\":\"https:\/\/redfoxlotto.com\/sl\/igraj\/\"},{\"@type\":\"ListItem\",\"position\":3,\"name\":\"Kako sodelovati v loteriji La Primitiva\"}]},{\"@type\":\"WebSite\",\"@id\":\"https:\/\/redfoxlotto.com\/sl\/#website\",\"url\":\"https:\/\/redfoxlotto.com\/sl\/\",\"name\":\"Get Tickets for the World\u2019s largest jackpots\",\"description\":\"Participate in worldwide lottery jackpots from any country\",\"publisher\":{\"@id\":\"https:\/\/redfoxlotto.com\/sl\/#organization\"},\"potentialAction\":[{\"@type\":\"SearchAction\",\"target\":{\"@type\":\"EntryPoint\",\"urlTemplate\":\"https:\/\/redfoxlotto.com\/sl\/?s={search_term_string}\"},\"query-input\":{\"@type\":\"PropertyValueSpecification\",\"valueRequired\":true,\"valueName\":\"search_term_string\"}}],\"inLanguage\":\"sl-SI\"},{\"@type\":\"Organization\",\"@id\":\"https:\/\/redfoxlotto.com\/sl\/#organization\",\"name\":\"Get Tickets for the World\u2019s largest jackpots\",\"url\":\"https:\/\/redfoxlotto.com\/sl\/\",\"logo\":{\"@type\":\"ImageObject\",\"inLanguage\":\"sl-SI\",\"@id\":\"https:\/\/redfoxlotto.com\/sl\/#\/schema\/logo\/image\/\",\"url\":\"https:\/\/redfoxlotto.com\/wp-content\/uploads\/2023\/04\/logo.png\",\"contentUrl\":\"https:\/\/redfoxlotto.com\/wp-content\/uploads\/2023\/04\/logo.png\",\"width\":269,\"height\":53,\"caption\":\"Get Tickets for the World\u2019s largest jackpots\"},\"image\":{\"@id\":\"https:\/\/redfoxlotto.com\/sl\/#\/schema\/logo\/image\/\"}}]}<\/script>\n<!-- \/ Yoast SEO plugin. -->","yoast_head_json":{"title":"Igrajte loterijo La Primitiva iz Slovenije","description":"Naj vam poka\u017eemo, kako lahko iz Slovenije igrate \u0161pansko loterijo La Primitiva","robots":{"index":"index","follow":"follow","max-snippet":"max-snippet:-1","max-image-preview":"max-image-preview:large","max-video-preview":"max-video-preview:-1"},"canonical":"https:\/\/redfoxlotto.com\/sl\/igraj\/la-primitiva\/","og_locale":"sl_SI","og_type":"article","og_title":"Igrajte loterijo La Primitiva iz Slovenije","og_description":"Naj vam poka\u017eemo, kako lahko iz Slovenije igrate \u0161pansko loterijo La Primitiva","og_url":"https:\/\/redfoxlotto.com\/sl\/igraj\/la-primitiva\/","og_site_name":"Get Tickets for the World\u2019s largest jackpots","article_modified_time":"2023-05-09T07:16:39+00:00","og_image":[{"url":"https:\/\/content.redfoxlotto.com\/uploads\/sites\/9\/1_play_lotto_to_win.jpg"}],"twitter_card":"summary_large_image","twitter_misc":{"Est. reading time":"1 minuta"},"schema":{"@context":"https:\/\/schema.org","@graph":[{"@type":"WebPage","@id":"https:\/\/redfoxlotto.com\/sl\/igraj\/la-primitiva\/","url":"https:\/\/redfoxlotto.com\/sl\/igraj\/la-primitiva\/","name":"Igrajte loterijo La Primitiva iz Slovenije","isPartOf":{"@id":"https:\/\/redfoxlotto.com\/sl\/#website"},"primaryImageOfPage":{"@id":"https:\/\/redfoxlotto.com\/sl\/igraj\/la-primitiva\/#primaryimage"},"image":{"@id":"https:\/\/redfoxlotto.com\/sl\/igraj\/la-primitiva\/#primaryimage"},"thumbnailUrl":"https:\/\/content.redfoxlotto.com\/uploads\/sites\/9\/1_play_lotto_to_win.jpg","datePublished":"2023-04-24T17:52:16+00:00","dateModified":"2023-05-09T07:16:39+00:00","description":"Naj vam poka\u017eemo, kako lahko iz Slovenije igrate \u0161pansko loterijo La Primitiva","breadcrumb":{"@id":"https:\/\/redfoxlotto.com\/sl\/igraj\/la-primitiva\/#breadcrumb"},"inLanguage":"sl-SI","potentialAction":[{"@type":"ReadAction","target":["https:\/\/redfoxlotto.com\/sl\/igraj\/la-primitiva\/"]}]},{"@type":"ImageObject","inLanguage":"sl-SI","@id":"https:\/\/redfoxlotto.com\/sl\/igraj\/la-primitiva\/#primaryimage","url":"https:\/\/content.redfoxlotto.com\/uploads\/sites\/9\/1_play_lotto_to_win.jpg","contentUrl":"https:\/\/content.redfoxlotto.com\/uploads\/sites\/9\/1_play_lotto_to_win.jpg"},{"@type":"BreadcrumbList","@id":"https:\/\/redfoxlotto.com\/sl\/igraj\/la-primitiva\/#breadcrumb","itemListElement":[{"@type":"ListItem","position":1,"name":"Home","item":"https:\/\/redfoxlotto.com\/sl\/"},{"@type":"ListItem","position":2,"name":"Kako igrati loterijo v drugih dr\u017eavah","item":"https:\/\/redfoxlotto.com\/sl\/igraj\/"},{"@type":"ListItem","position":3,"name":"Kako sodelovati v loteriji La Primitiva"}]},{"@type":"WebSite","@id":"https:\/\/redfoxlotto.com\/sl\/#website","url":"https:\/\/redfoxlotto.com\/sl\/","name":"Get Tickets for the World\u2019s largest jackpots","description":"Participate in worldwide lottery jackpots from any country","publisher":{"@id":"https:\/\/redfoxlotto.com\/sl\/#organization"},"potentialAction":[{"@type":"SearchAction","target":{"@type":"EntryPoint","urlTemplate":"https:\/\/redfoxlotto.com\/sl\/?s={search_term_string}"},"query-input":{"@type":"PropertyValueSpecification","valueRequired":true,"valueName":"search_term_string"}}],"inLanguage":"sl-SI"},{"@type":"Organization","@id":"https:\/\/redfoxlotto.com\/sl\/#organization","name":"Get Tickets for the World\u2019s largest jackpots","url":"https:\/\/redfoxlotto.com\/sl\/","logo":{"@type":"ImageObject","inLanguage":"sl-SI","@id":"https:\/\/redfoxlotto.com\/sl\/#\/schema\/logo\/image\/","url":"https:\/\/redfoxlotto.com\/wp-content\/uploads\/2023\/04\/logo.png","contentUrl":"https:\/\/redfoxlotto.com\/wp-content\/uploads\/2023\/04\/logo.png","width":269,"height":53,"caption":"Get Tickets for the World\u2019s largest jackpots"},"image":{"@id":"https:\/\/redfoxlotto.com\/sl\/#\/schema\/logo\/image\/"}}]}},"_links":{"self":[{"href":"https:\/\/redfoxlotto.com\/sl\/wp-json\/wp\/v2\/pages\/17634","targetHints":{"allow":["GET"]}}],"collection":[{"href":"https:\/\/redfoxlotto.com\/sl\/wp-json\/wp\/v2\/pages"}],"about":[{"href":"https:\/\/redfoxlotto.com\/sl\/wp-json\/wp\/v2\/types\/page"}],"author":[{"embeddable":true,"href":"https:\/\/redfoxlotto.com\/sl\/wp-json\/wp\/v2\/users\/1"}],"replies":[{"embeddable":true,"href":"https:\/\/redfoxlotto.com\/sl\/wp-json\/wp\/v2\/comments?post=17634"}],"version-history":[{"count":0,"href":"https:\/\/redfoxlotto.com\/sl\/wp-json\/wp\/v2\/pages\/17634\/revisions"}],"up":[{"embeddable":true,"href":"https:\/\/redfoxlotto.com\/sl\/wp-json\/wp\/v2\/pages\/17307"}],"wp:attachment":[{"href":"https:\/\/redfoxlotto.com\/sl\/wp-json\/wp\/v2\/media?parent=17634"}],"curies":[{"name":"wp","href":"https:\/\/api.w.org\/{rel}","templated":true}]}}