{"id":17310,"date":"2023-04-24T17:37:44","date_gmt":"2023-04-24T17:37:44","guid":{"rendered":"https:\/\/redfoxlotto.com\/?page_id=2650"},"modified":"2025-12-17T09:26:30","modified_gmt":"2025-12-17T09:26:30","slug":"mega-millions","status":"publish","type":"page","link":"https:\/\/redfoxlotto.com\/sl\/igraj\/mega-millions\/","title":{"rendered":"Igrajte Mega Millions iz Slovenije"},"content":{"rendered":"<script type=\"application\/ld+json\">\r\n{\r\n  \"@context\": \"https:\/\/schema.org\",\r\n  \"@type\": \"Service\",\r\n  \"name\": \"Igrajte Mega Millions na spletu\",\r\n  \"url\": \"https:\/\/redfoxlotto.com\/sl\/igraj\/mega-millions\/\",\r\n  \"description\": \"Igrajte loterijo Mega Millions na spletu iz katere koli dr\u017eave. Obi\u0161\u010dite RedFoxLotto, izberite \u0161tevilke in prejmite listke.\",\r\n  \"serviceType\": \"Spletna posredni\u0161ka storitev loterijskih listkov\",\r\n  \"provider\": {\r\n    \"@type\": \"Organization\",\r\n    \"name\": \"RedFoxLotto\",\r\n    \"url\": \"https:\/\/redfoxlotto.com\/sl\/igraj\/mega-millions\/\",\r\n    \"image\": \"https:\/\/redfoxlotto.com\/wp-content\/uploads\/2025\/12\/ticket_scans.jpg\",\r\n    \"sameAs\": []\r\n  },\r\n  \"areaServed\": \"Worldwide\",\r\n  \"termsOfService\": \"https:\/\/redfoxlotto.com\/terms-and-conditions\",\r\n  \"additionalProperty\": {\r\n    \"@type\": \"PropertyValue\",\r\n    \"name\": \"FAQ\",\r\n    \"value\": \"https:\/\/redfoxlotto.com\/sl\/faq\/\"\r\n  },\r\n  \"hasOfferCatalog\": {\r\n    \"@type\": \"OfferCatalog\",\r\n    \"name\": \"Mega Millions loterijski listki\",\r\n    \"itemListElement\": [\r\n      {\r\n        \"@type\": \"Offer\",\r\n        \"name\": \"Mega Millions listki\",\r\n        \"url\": \"https:\/\/redfoxlotto.com\/sl\/igraj\/mega-millions\/\",\r\n        \"description\": \"Izberite \u0161tevilke za naslednje \u017erebanje Mega Millions in naro\u010dite listke na spletu.\",\r\n        \"price\": \"13.00\",\r\n        \"priceCurrency\": \"EUR\",\r\n        \"availability\": \"https:\/\/schema.org\/InStock\",\r\n        \"itemOffered\": {\r\n          \"@type\": \"Service\",\r\n          \"name\": \"Mega Millions listki\",\r\n          \"description\": \"Sodelujte v naslednjem \u017erebanju Mega Millions preko RedFoxLotto.\"\r\n        }\r\n      }\r\n    ]\r\n  },\r\n  \"mainEntityOfPage\": {\r\n    \"@type\": \"WebPage\",\r\n    \"@id\": \"https:\/\/redfoxlotto.com\/sl\/igraj\/mega-millions\/\"\r\n  }\r\n}\r\n<\/script>\r\n\r\n<p><!--more--><\/p><p>Da bi igrali ameri\u0161ko Mega Millions loterijo vam ni treba odpotovati v ZDA. Mega Millions loterijo lahko igrate tudi iz Slovenije. Za vpla\u010dilo va\u0161ih listkov bomo poskrbeli z na\u0161o spletno storitvijo. Listke lahko na na\u0161i spletni strani naro\u010dite kar iz Slovenije. Za vas bo loterijske listke vpla\u010dal eden od na\u0161ih agentov v ZDA (s \u0161tevilkami, ki jih boste izbrali vi sami). Nato boste od nas prejeli e-po\u0161tno sporo\u010dilo s potrditvijo nakupa. Poskrbimo tudi za izpla\u010dilo va\u0161ega dobitka. Za podrobnosti o na\u0161i storitvi si poglejte na\u0161 razdelek s pogosto postavljenimi vpra\u0161anji.<\/p><h2 class=\"wp-block-heading\" id=\"h-pravila-mega-millions-loterije\">Pravila Mega Millions loterije<\/h2><p><img loading=\"lazy\" decoding=\"async\" class=\"alignright  wp-image\" src=\"https:\/\/content.redfoxlotto.com\/uploads\/sites\/9\/1_play_mega_millions_jackpot.jpg\" alt=\"mega millions prek spleta\" width=\"216\" height=\"144\" \/><\/p><p>Igralec izbere pet \u0161tevilk med 1 in 70 ter dodatno \u0161tevilo od 1 do 25. Da zadenete jackpot, morate imeti pravilnih vseh \u0161est \u0161tevilk. \u010ce imate pravilnih pet obi\u010dajnih \u0161tevilk je nagrada 1 milijon USD.<\/p><h2 class=\"wp-block-heading\" id=\"h-mega-millions-jackpot\">Mega Millions jackpot<\/h2><p>Mega Millions loto je znan po hitrem pove\u010devanju vrednosti jackpota. Po eni strani je to zato, ker se v ZDA teden za tednom vpla\u010da na stotine milijonov listkov. Isto\u010dasno pa jackpota ve\u010d tednov zapovrstjo nih\u010de ne zadane. Vrednost novega jackpota se vedno za\u010dne pri vsaj 40 milijonih USD. Obi\u010dajno vrednost za\u010dne nara\u0161\u010dati po\u010dasneje, na primer 10\u201315 milijonov USD z vsakim \u017erebanjem (na teden sta dva \u017ereba).<\/p><p>\u010ce nih\u010de ne osvoji najvi\u0161je nagrade, jackpot hitro dose\u017ee vrednost v vi\u0161ini 100 milijonov USD. Ko je ta prag enkrat prese\u017een, pa se proda mnogo ve\u010d listkov kot obi\u010dajno, saj se ve\u010d ljudi \u017eeli potegovati za glavno nagrado. Vrednost jackpota \u00bbeksplodira\u00ab. Pove\u010danje vrednosti z 200 na 500 milijonov USD v enem tednu je nekaj povsem normalnega. In \u010de jackpota 10 tednov zaporedoma nih\u010de ne zadane, bo vrednost le tega celo presegla 1 milijardo USD, kar se je nazadnje zgodilo 19. 10. 2018. Dobitnik tega jackpota je bila ena sama oseba 23. 10. 2018, ko je bila vrednost 1,6 milijarde USD.<\/p><p>Kadar je vrednost jackpota velika, bi bilo pametno razmisliti o vpla\u010dilu listka prek spleta, tako da bi sodelovali v ve\u010d zaporednih \u017erebanjih. Tako ste prepri\u010dani, da ste v igri tudi za naslednje, \u0161e vi\u0161je jackpote.<\/p><p>Pomembno je omeniti \u0161e dejstvo, da dobitnik jackpota lahko izbira med dvema mo\u017enostma. Odlo\u010di se lahko, da prejme znesek v 30-ih letnih izpla\u010dilih (s 5-odstotnim letnim pove\u010danjem zaradi inflacije), ali pa v enkratnem takoj\u0161njem izpla\u010dilu. To izpla\u010dilo bi bilo ni\u017eje od celotne vrednosti jackpota. Ne glede na odlo\u010ditev je izpla\u010dilo mo\u017eno urediti na ban\u010dni ra\u010dun v Sloveniji.<\/p><h2 class=\"wp-block-heading\" id=\"h-ali-je-ta-spletna-storitev-zakonita-za-igralce-iz-slovenije\">Ali je ta spletna storitev zakonita za igralce iz Slovenije?<\/h2><p><img loading=\"lazy\" decoding=\"async\" class=\"alignright size-full wp-image\" src=\"https:\/\/content.redfoxlotto.com\/uploads\/sites\/9\/2_ticket_mega_millions.jpg\" alt=\"Igrajte iz Slovenije\" width=\"212\" height=\"142\" \/><\/p><p>Storitev je stoodstotno zakonita za igralce iz vseh dr\u017eav, tudi iz Slovenije. V bistvu je to tako, kot da ste med va\u0161im obiskom v ZDA vpla\u010dali listek za Mega Millions loterijo. Ker lahko v ZDA loterijske listke vpla\u010da kdor koli, starej\u0161i od 18 let, lahko tudi tujci zakonito zmagajo. Konec koncev je pomembno le to, da imate vpla\u010dan svoj listek. Poleg tega bomo poskrbeli tudi za to, da boste prejeli izpla\u010dilo va\u0161ega zadetka. Za ve\u010dje dobitke (ve\u010d kot 2.500 \u20ac) obi\u010dajno dobite \u010dek ali direktno ban\u010dno nakazilo.<\/p><p>V primeru, da zadenete jackpot, boste morda morali odpotovati v ZDA, kjer vam bodo \u010dek predali osebno. Prepri\u010dani smo, da bi se takega potovanja kdor koli mo\u010dno razveselil!<\/p><p>Je morda naslednji jackpot Mega Millions namenjen vam? Poskusite svojo sre\u010do zdaj &#8211; \u010de ne vpla\u010date listka, ne morete zmagati!<\/p>","protected":false},"excerpt":{"rendered":"","protected":false},"author":1,"featured_media":0,"parent":17307,"menu_order":2,"comment_status":"closed","ping_status":"closed","template":"megamillion.php","meta":{"_et_pb_use_builder":"","_et_pb_old_content":"","_et_gb_content_width":"","exclude_from_search":false,"footnotes":""},"class_list":["post-17310","page","type-page","status-publish","hentry"],"yoast_head":"<!-- This site is optimized with the Yoast SEO plugin v23.8 - https:\/\/yoast.com\/wordpress\/plugins\/seo\/ -->\n<title>Mega Millions loterija prek spleta, mednarodno iz Slovenije<\/title>\n<meta name=\"description\" content=\"Vpla\u010dajte svoje Mega Millions loto listke tukaj - iz Slovenije ali katere koli druge dr\u017eave!\" \/>\n<meta name=\"robots\" content=\"index, follow, max-snippet:-1, max-image-preview:large, max-video-preview:-1\" \/>\n<link rel=\"canonical\" href=\"https:\/\/redfoxlotto.com\/sl\/igraj\/mega-millions\/\" \/>\n<meta property=\"og:locale\" content=\"sl_SI\" \/>\n<meta property=\"og:type\" content=\"article\" \/>\n<meta property=\"og:title\" content=\"Mega Millions loterija prek spleta, mednarodno iz Slovenije\" \/>\n<meta property=\"og:description\" content=\"Vpla\u010dajte svoje Mega Millions loto listke tukaj - iz Slovenije ali katere koli druge dr\u017eave!\" \/>\n<meta property=\"og:url\" content=\"https:\/\/redfoxlotto.com\/sl\/igraj\/mega-millions\/\" \/>\n<meta property=\"og:site_name\" content=\"Get Tickets for the World\u2019s largest jackpots\" \/>\n<meta property=\"article:modified_time\" content=\"2025-12-17T09:26:30+00:00\" \/>\n<meta property=\"og:image\" content=\"https:\/\/content.redfoxlotto.com\/uploads\/sites\/9\/1_play_mega_millions_jackpot.jpg\" \/>\n<meta name=\"twitter:card\" content=\"summary_large_image\" \/>\n<meta name=\"twitter:label1\" content=\"Est. reading time\" \/>\n\t<meta name=\"twitter:data1\" content=\"3 minute\" \/>\n<script type=\"application\/ld+json\" class=\"yoast-schema-graph\">{\"@context\":\"https:\/\/schema.org\",\"@graph\":[{\"@type\":\"WebPage\",\"@id\":\"https:\/\/redfoxlotto.com\/sl\/igraj\/mega-millions\/\",\"url\":\"https:\/\/redfoxlotto.com\/sl\/igraj\/mega-millions\/\",\"name\":\"Mega Millions loterija prek spleta, mednarodno iz Slovenije\",\"isPartOf\":{\"@id\":\"https:\/\/redfoxlotto.com\/sl\/#website\"},\"primaryImageOfPage\":{\"@id\":\"https:\/\/redfoxlotto.com\/sl\/igraj\/mega-millions\/#primaryimage\"},\"image\":{\"@id\":\"https:\/\/redfoxlotto.com\/sl\/igraj\/mega-millions\/#primaryimage\"},\"thumbnailUrl\":\"https:\/\/content.redfoxlotto.com\/uploads\/sites\/9\/1_play_mega_millions_jackpot.jpg\",\"datePublished\":\"2023-04-24T17:37:44+00:00\",\"dateModified\":\"2025-12-17T09:26:30+00:00\",\"description\":\"Vpla\u010dajte svoje Mega Millions loto listke tukaj - iz Slovenije ali katere koli druge dr\u017eave!\",\"breadcrumb\":{\"@id\":\"https:\/\/redfoxlotto.com\/sl\/igraj\/mega-millions\/#breadcrumb\"},\"inLanguage\":\"sl-SI\",\"potentialAction\":[{\"@type\":\"ReadAction\",\"target\":[\"https:\/\/redfoxlotto.com\/sl\/igraj\/mega-millions\/\"]}]},{\"@type\":\"ImageObject\",\"inLanguage\":\"sl-SI\",\"@id\":\"https:\/\/redfoxlotto.com\/sl\/igraj\/mega-millions\/#primaryimage\",\"url\":\"https:\/\/content.redfoxlotto.com\/uploads\/sites\/9\/1_play_mega_millions_jackpot.jpg\",\"contentUrl\":\"https:\/\/content.redfoxlotto.com\/uploads\/sites\/9\/1_play_mega_millions_jackpot.jpg\"},{\"@type\":\"BreadcrumbList\",\"@id\":\"https:\/\/redfoxlotto.com\/sl\/igraj\/mega-millions\/#breadcrumb\",\"itemListElement\":[{\"@type\":\"ListItem\",\"position\":1,\"name\":\"Home\",\"item\":\"https:\/\/redfoxlotto.com\/sl\/\"},{\"@type\":\"ListItem\",\"position\":2,\"name\":\"Kako igrati loterijo v drugih dr\u017eavah\",\"item\":\"https:\/\/redfoxlotto.com\/sl\/igraj\/\"},{\"@type\":\"ListItem\",\"position\":3,\"name\":\"Igrajte Mega Millions iz Slovenije\"}]},{\"@type\":\"WebSite\",\"@id\":\"https:\/\/redfoxlotto.com\/sl\/#website\",\"url\":\"https:\/\/redfoxlotto.com\/sl\/\",\"name\":\"Get Tickets for the World\u2019s largest jackpots\",\"description\":\"Participate in worldwide lottery jackpots from any country\",\"publisher\":{\"@id\":\"https:\/\/redfoxlotto.com\/sl\/#organization\"},\"potentialAction\":[{\"@type\":\"SearchAction\",\"target\":{\"@type\":\"EntryPoint\",\"urlTemplate\":\"https:\/\/redfoxlotto.com\/sl\/?s={search_term_string}\"},\"query-input\":{\"@type\":\"PropertyValueSpecification\",\"valueRequired\":true,\"valueName\":\"search_term_string\"}}],\"inLanguage\":\"sl-SI\"},{\"@type\":\"Organization\",\"@id\":\"https:\/\/redfoxlotto.com\/sl\/#organization\",\"name\":\"Get Tickets for the World\u2019s largest jackpots\",\"url\":\"https:\/\/redfoxlotto.com\/sl\/\",\"logo\":{\"@type\":\"ImageObject\",\"inLanguage\":\"sl-SI\",\"@id\":\"https:\/\/redfoxlotto.com\/sl\/#\/schema\/logo\/image\/\",\"url\":\"https:\/\/redfoxlotto.com\/wp-content\/uploads\/2023\/04\/logo.png\",\"contentUrl\":\"https:\/\/redfoxlotto.com\/wp-content\/uploads\/2023\/04\/logo.png\",\"width\":269,\"height\":53,\"caption\":\"Get Tickets for the World\u2019s largest jackpots\"},\"image\":{\"@id\":\"https:\/\/redfoxlotto.com\/sl\/#\/schema\/logo\/image\/\"}}]}<\/script>\n<!-- \/ Yoast SEO plugin. -->","yoast_head_json":{"title":"Mega Millions loterija prek spleta, mednarodno iz Slovenije","description":"Vpla\u010dajte svoje Mega Millions loto listke tukaj - iz Slovenije ali katere koli druge dr\u017eave!","robots":{"index":"index","follow":"follow","max-snippet":"max-snippet:-1","max-image-preview":"max-image-preview:large","max-video-preview":"max-video-preview:-1"},"canonical":"https:\/\/redfoxlotto.com\/sl\/igraj\/mega-millions\/","og_locale":"sl_SI","og_type":"article","og_title":"Mega Millions loterija prek spleta, mednarodno iz Slovenije","og_description":"Vpla\u010dajte svoje Mega Millions loto listke tukaj - iz Slovenije ali katere koli druge dr\u017eave!","og_url":"https:\/\/redfoxlotto.com\/sl\/igraj\/mega-millions\/","og_site_name":"Get Tickets for the World\u2019s largest jackpots","article_modified_time":"2025-12-17T09:26:30+00:00","og_image":[{"url":"https:\/\/content.redfoxlotto.com\/uploads\/sites\/9\/1_play_mega_millions_jackpot.jpg"}],"twitter_card":"summary_large_image","twitter_misc":{"Est. reading time":"3 minute"},"schema":{"@context":"https:\/\/schema.org","@graph":[{"@type":"WebPage","@id":"https:\/\/redfoxlotto.com\/sl\/igraj\/mega-millions\/","url":"https:\/\/redfoxlotto.com\/sl\/igraj\/mega-millions\/","name":"Mega Millions loterija prek spleta, mednarodno iz Slovenije","isPartOf":{"@id":"https:\/\/redfoxlotto.com\/sl\/#website"},"primaryImageOfPage":{"@id":"https:\/\/redfoxlotto.com\/sl\/igraj\/mega-millions\/#primaryimage"},"image":{"@id":"https:\/\/redfoxlotto.com\/sl\/igraj\/mega-millions\/#primaryimage"},"thumbnailUrl":"https:\/\/content.redfoxlotto.com\/uploads\/sites\/9\/1_play_mega_millions_jackpot.jpg","datePublished":"2023-04-24T17:37:44+00:00","dateModified":"2025-12-17T09:26:30+00:00","description":"Vpla\u010dajte svoje Mega Millions loto listke tukaj - iz Slovenije ali katere koli druge dr\u017eave!","breadcrumb":{"@id":"https:\/\/redfoxlotto.com\/sl\/igraj\/mega-millions\/#breadcrumb"},"inLanguage":"sl-SI","potentialAction":[{"@type":"ReadAction","target":["https:\/\/redfoxlotto.com\/sl\/igraj\/mega-millions\/"]}]},{"@type":"ImageObject","inLanguage":"sl-SI","@id":"https:\/\/redfoxlotto.com\/sl\/igraj\/mega-millions\/#primaryimage","url":"https:\/\/content.redfoxlotto.com\/uploads\/sites\/9\/1_play_mega_millions_jackpot.jpg","contentUrl":"https:\/\/content.redfoxlotto.com\/uploads\/sites\/9\/1_play_mega_millions_jackpot.jpg"},{"@type":"BreadcrumbList","@id":"https:\/\/redfoxlotto.com\/sl\/igraj\/mega-millions\/#breadcrumb","itemListElement":[{"@type":"ListItem","position":1,"name":"Home","item":"https:\/\/redfoxlotto.com\/sl\/"},{"@type":"ListItem","position":2,"name":"Kako igrati loterijo v drugih dr\u017eavah","item":"https:\/\/redfoxlotto.com\/sl\/igraj\/"},{"@type":"ListItem","position":3,"name":"Igrajte Mega Millions iz Slovenije"}]},{"@type":"WebSite","@id":"https:\/\/redfoxlotto.com\/sl\/#website","url":"https:\/\/redfoxlotto.com\/sl\/","name":"Get Tickets for the World\u2019s largest jackpots","description":"Participate in worldwide lottery jackpots from any country","publisher":{"@id":"https:\/\/redfoxlotto.com\/sl\/#organization"},"potentialAction":[{"@type":"SearchAction","target":{"@type":"EntryPoint","urlTemplate":"https:\/\/redfoxlotto.com\/sl\/?s={search_term_string}"},"query-input":{"@type":"PropertyValueSpecification","valueRequired":true,"valueName":"search_term_string"}}],"inLanguage":"sl-SI"},{"@type":"Organization","@id":"https:\/\/redfoxlotto.com\/sl\/#organization","name":"Get Tickets for the World\u2019s largest jackpots","url":"https:\/\/redfoxlotto.com\/sl\/","logo":{"@type":"ImageObject","inLanguage":"sl-SI","@id":"https:\/\/redfoxlotto.com\/sl\/#\/schema\/logo\/image\/","url":"https:\/\/redfoxlotto.com\/wp-content\/uploads\/2023\/04\/logo.png","contentUrl":"https:\/\/redfoxlotto.com\/wp-content\/uploads\/2023\/04\/logo.png","width":269,"height":53,"caption":"Get Tickets for the World\u2019s largest jackpots"},"image":{"@id":"https:\/\/redfoxlotto.com\/sl\/#\/schema\/logo\/image\/"}}]}},"_links":{"self":[{"href":"https:\/\/redfoxlotto.com\/sl\/wp-json\/wp\/v2\/pages\/17310","targetHints":{"allow":["GET"]}}],"collection":[{"href":"https:\/\/redfoxlotto.com\/sl\/wp-json\/wp\/v2\/pages"}],"about":[{"href":"https:\/\/redfoxlotto.com\/sl\/wp-json\/wp\/v2\/types\/page"}],"author":[{"embeddable":true,"href":"https:\/\/redfoxlotto.com\/sl\/wp-json\/wp\/v2\/users\/1"}],"replies":[{"embeddable":true,"href":"https:\/\/redfoxlotto.com\/sl\/wp-json\/wp\/v2\/comments?post=17310"}],"version-history":[{"count":0,"href":"https:\/\/redfoxlotto.com\/sl\/wp-json\/wp\/v2\/pages\/17310\/revisions"}],"up":[{"embeddable":true,"href":"https:\/\/redfoxlotto.com\/sl\/wp-json\/wp\/v2\/pages\/17307"}],"wp:attachment":[{"href":"https:\/\/redfoxlotto.com\/sl\/wp-json\/wp\/v2\/media?parent=17310"}],"curies":[{"name":"wp","href":"https:\/\/api.w.org\/{rel}","templated":true}]}}