{"id":17309,"date":"2022-10-26T09:30:02","date_gmt":"2022-10-26T09:30:02","guid":{"rendered":"https:\/\/redfoxlotto.com\/?page_id=2648"},"modified":"2025-12-17T08:15:07","modified_gmt":"2025-12-17T08:15:07","slug":"euromillions","status":"publish","type":"page","link":"https:\/\/redfoxlotto.com\/sl\/igraj\/euromillions\/","title":{"rendered":"Kako igrati Euromillions iz Slovenije"},"content":{"rendered":"<p><script type=\"application\/ld+json\">\n{\n  \"@context\": \"https:\/\/schema.org\",\n  \"@type\": \"Service\",\n  \"name\": \"Igrajte Euromillions Online\",\n  \"url\": \"https:\/\/redfoxlotto.com\/sl\/igraj\/euromillions\/\",\n  \"description\": \"Igrajte loterijo Euromillions prek spleta iz katere koli dr\u017eave. Obi\u0161\u010dite RedFoxLotto, izberite svoje \u0161tevilke in dobite svoje vstopnice.\",\n  \"serviceType\": \"Online lottery ticket messenger service\",\n  \"provider\": {\n    \"@type\": \"Organization\",\n    \"name\": \"RedFoxLotto\",\n    \"url\": \"https:\/\/redfoxlotto.com\/sl\/\",\n    \"image\": \"https:\/\/redfoxlotto.com\/wp-content\/uploads\/2025\/12\/ticket_scans.jpg\",\n    \"sameAs\": []\n  },\n  \"areaServed\": \"Worldwide\",\n  \"termsOfService\": \"https:\/\/redfoxlotto.com\/terms-and-conditions\",\n  \"additionalProperty\": {\n    \"@type\": \"PropertyValue\",\n    \"name\": \"FAQ\",\n    \"value\": \"https:\/\/redfoxlotto.com\/sl\/faq\/\"\n  },\n  \"hasOfferCatalog\": {\n    \"@type\": \"OfferCatalog\",\n    \"name\": \"Euromillions Loterijski Listki\",\n    \"itemListElement\": [\n      {\n        \"@type\": \"Offer\",\n        \"name\": \"Euromillions Listki\",\n        \"url\": \"https:\/\/redfoxlotto.com\/sl\/igraj\/euromillions\/\",\n        \"description\": \"Kliknite tukaj, da izberete svoje \u0161tevilke za naslednje \u017erebanje Euromillions \u2013 naro\u010dite vstopnice preko spleta.\",\n        \"price\": \"7.00\",\n        \"priceCurrency\": \"EUR\",\n        \"availability\": \"https:\/\/schema.org\/InStock\",\n        \"itemOffered\": {\n          \"@type\": \"Service\",\n          \"name\": \"Euromillions Loterijski Listki\",\n          \"description\": \"Igrajte v naslednjem \u017erebanju Euromillions preko RedFoxLotto.\"\n        }\n      }\n    ]\n  },\n  \"mainEntityOfPage\": {\n    \"@type\": \"WebPage\",\n    \"@id\": \"https:\/\/redfoxlotto.com\/sl\/igraj\/euromillions\/\"\n  }\n}\n<\/script><\/p>\n<p>Ste \u017ee kdaj sli\u0161ali za igro EuroMillions? \u010ce \u017eivite v eni od evropskih dr\u017eav, ste jih zagotovo. \u010ce pa \u017eivite v Sloveniji, morda ne. Zato si malo podrobneje oglejmo, kako igrati EuroMillions na spletu, kajne?<\/p>\n<p>EuroMillions je mednarodna loterija, ki jo lahko igrate v devetih evropskih dr\u017eavah. To pomeni, da morda \u017ee \u017eivite v dr\u017eavi, v kateri lahko kupite sre\u010dko. Vendar pa vstopnic za loterijo EuroMillions ni mogo\u010de kupiti v trgovinah v drugih dr\u017eavah, kar vklju\u010duje tudi Slovenijo.<\/p>\n<p>Zdaj boste zagotovo \u017eeleli nekaj ukreniti v zvezi s tem, saj je EuroMillions poleg loterije Eurojackpot najve\u010dja loterija v Evropi. Loterija je bila ustanovljena leta 2004 in doslej je rekordni glavni dobitek zna\u0161al 190 milijonov evrov. Oktobra 2014 ga je osvojil en sam, neznani igralec. To je vsekakor nekaj, kar boste \u017eeleli vsaj poskusiti, kajne?<\/p>\n<p>\u017delite, da bi lahko rekli, da ste skoraj zmagali v igri EuroMillions? Zato boste morali vedeti ve\u010d o njihovih vstopnicah.<\/p>\n<p><img loading=\"lazy\" decoding=\"async\" class=\"wp-image-4203 alignright\" src=\"https:\/\/content.redfoxlotto.com\/uploads\/sites\/9\/2_ticket_euromillions.jpg\" alt=\"Euromillions na spletu\" width=\"156\" height=\"416\" \/><\/p>\n<p>Loto \u017erebanja EuroMillions potekajo v Parizu ob torkih in petkih. Za osvojitev glavnega dobitka mora biti na sre\u010dki pravilno prikazanih 5 \u0161tevilk od 1 do 50 ter &#8220;sre\u010dna zvezda&#8221;, \u0161tevilka od 1 do 12. Seveda obstajajo tudi druge stopnje dobitkov. Za najmanj\u0161i dobitek morate pravilno ozna\u010diti 2 od 5 glavnih \u0161tevilk.<\/p>\n<p>Vse to pomeni, da boste imeli res dobre mo\u017enosti za dobitek, saj morate za dobitek ujeti le 2 \u0161tevilki. In ko osvojite \u0161e tako majhen dobitek, boste imeli denar, ki ga potrebujete za nakup nove sre\u010dke in ponoven poskus v naslednjem \u017erebanju.<\/p>\n<h2>Kako poteka spletni nakup sre\u010dk iz Slovenije?<\/h2>\n<p>\u010ce \u017eelite kupiti sre\u010dke in igrati EuroMillions prek spleta iz Slovenije, morate le klikniti na EuroMillions na na\u0161i spletni strani. Od tam vas bomo popeljali skozi vse korake, kaj morate storiti, da si zagotovite vstopnico. Izberete \u0161tevilke, katere koli \u017eelite (\u010de ustrezajo pravilom). Na voljo je tudi funkcija hitrega izbiranja.<\/p>\n<p>Z enim klikom mi\u0161ke lahko generator naklju\u010dnih \u0161tevilk dolo\u010di va\u0161e \u0161tevilke. \u010ce \u017eelite, lahko izbrane \u0161tevilke \u0161e vedno ro\u010dno spremenite, tako da dobite kombinacijo svojih izbranih \u0161tevilk in \u0161tevilk, ki so bile naklju\u010dno izbrane za vas. Nato v ko\u0161arico dodajte poljubno \u0161tevilo sre\u010dk, da jih boste lahko kupili.<\/p>\n<p>\u010ce \u017eelite, lahko naro\u010dilu dodate ve\u010d vstopnic. Va\u0161e naro\u010dilo lahko vklju\u010duje tudi sre\u010dke za druge loterije. Veliko na\u0161ih strank igra ve\u010d mednarodnih loterijskih dogodkov hkrati. Ve\u010dina ljudi loterije izbira glede na trenutno vi\u0161ino glavnega dobitka in verjetno boste tam na\u0161li tudi EuroMillions. Glavni dobitek je vsekakor obi\u010dajno zelo dober in je tisti, ki ga boste \u017eeleli videti na lastne o\u010di (in v njem sodelovati).<\/p>\n<p>Nato po navodilih na na\u0161em spletnem mestu dokon\u010dajte nakup in pla\u010dajte prek spleta. Vozovnico lahko dobite v nekaj minutah, tudi \u010de pri nas \u0161e nimate ra\u010duna. Resni\u010dno vam tako zelo olaj\u0161amo za\u010detek potovanja.<\/p>\n<h2>Prednosti igranja mednarodnih loterij, kot je Euromillions, na spletu<\/h2>\n<p>Poleg udobja je tu ena od glavnih prednosti igranja mednarodnih loterijskih dobitkov. Svoj loterijski denar lahko koristneje uporabite tako, da kupite le sre\u010dke za tiste loterije, katerih glavni dobitki so trenutno dovolj visoki. Ni treba \u010dakati ve\u010d tednov, da bo glavni dobitek nacionalne loterije v va\u0161i dr\u017eavi dovolj visok. Na spletu lahko v bistvu kadar koli izberete veliko ve\u010dji glavni dobitek. Pravzaprav ima ve\u010dina dr\u017eav sveta loterije, ki nikoli ne dose\u017eejo glavnih dobitkov, ki bi imeli vsaj del\u010dek tega, kar imajo najve\u010dje svetovne loterije.<\/p>\n<p>Za tiste, ki si resni\u010dno \u017eelijo zadeti nekaj najve\u010djih nagrad, ki so vsekakor najbolj\u0161i del vsega. \u017delite imeti prilo\u017enost za milijone in ne le za nekatere majhne zneske, s katerimi se za\u010dnejo \u0161tevilne loterije v Sloveniji. Seveda je lepo zmagati. Toda \u0161e lep\u0161e bo zmagati, \u010de boste dobili nekaj, kar vam bo resni\u010dno spremenilo \u017eivljenje, namesto da bi dobili nekaj, kar vam bo samo kupilo naslednjo sre\u010dko, ki si jo \u017eelite.<\/p>\n<p>Zaradi dveh tedenskih \u017erebanj se glavni dobitek EuroMillions precej hitro pove\u010duje. Zato boste morda \u017eeleli razmisliti o aktivaciji mo\u017enosti, da va\u0161e sre\u010dke sodelujejo v ve\u010d zaporednih \u017erebanjih. To lahko storite med spletnim nakupom.<\/p>\n<p>Mo\u017enost je na voljo pred zaklju\u010dkom naro\u010dila. Tako vedno ostanete v igri za naslednji najvi\u0161ji glavni dobitek v naslednjem \u017erebanju. Morda v naslednjem \u017erebanju ne boste dobili dobitnika glavne nagrade, morda pa se vam bo posre\u010dilo v naslednjem \u017erebanju.<\/p>\n<p><img loading=\"lazy\" decoding=\"async\" class=\"alignright size-full wp-image-4215\" src=\"https:\/\/content.redfoxlotto.com\/uploads\/sites\/9\/1_play_onlinelottery4.jpg\" alt=\"igranje na spletu\" width=\"231\" height=\"130\" \/><\/p>\n<p>\u010ce kupite dodatna \u017erebanja za posamezno sre\u010dko, to pomeni tudi, da vam \u0161e nekaj \u010dasa ni treba skrbeti za nakup dodatnih sre\u010dk. Lahko samo po\u010dakate in vidite, kaj bo naredil va\u0161 trenutni \u017ereb in kako bo poskrbel za velik dobitek za vas. To je zelo preprosto in vas bo ve\u010d kot razveselilo, ko boste videli morebitni dobitek.<\/p>\n<p>Igralci pla\u010dajo nekoliko ve\u010d, ker so sre\u010dke EuroMillions kupljene v Zdru\u017eenem kraljestvu. To je posledica dejstva, da so vstopnice iz Zdru\u017eenega kraljestva avtomati\u010dno vklju\u010dene v \u017erebanje Millionaire Maker, ki zagotavlja dodatno prilo\u017enost za osvojitev nagrade v vi\u0161ini 1 milijona funtov.<\/p>\n<p>Millionaire Maker deluje tako, da za vsako kupljeno sre\u010dko ustvari edinstveno kodo. Ta koda je sestavljena iz \u0161tirih \u010drk, ki jim sledi pet \u0161tevilk (npr. ABCD12345). V vsakem \u017erebanju se naklju\u010dno izbere ena ali ve\u010d teh kod, imetnik sre\u010dke z enako kodo pa takoj osvoji 1 milijon funtov, ne glede na glavne iz\u017erebane \u0161tevilke EuroMillions.<\/p>\n<p>Zaradi te funkcije je igranje igre EuroMillions v Zdru\u017eenem kraljestvu \u0161e posebej privla\u010dno, saj poleg standardnega glavnega dobitka in ni\u017ejih nagrad ponuja dodatno prilo\u017enost za osvojitev pomembne nagrade.<\/p>\n<p>\u010ce torej glavni dobitek na lokalni loteriji v Sloveniji trenutno ni tako privla\u010den, zakaj ne bi poskusili svoje sre\u010de in igrali EuroMillions na spletu? Nikoli ne veste, za kaj se lahko potegujete ali kaj lahko osvojite. In celoten postopek je zelo enostaven za za\u010detek. Kaj lahko izgubite, \u010de preverite povsem novo igro z glavnimi dobitki v vi\u0161ini ve\u010d kot 100 milijonov evrov? Prav ni\u010d! In v naslednjem \u017erebanju lahko osvojite nekaj velikega.<\/p>\n<section class=\"layout\" style=\"border: solid 1px; width: 100%;\">\n<div class=\"img-div\" style=\"margin-top: 5px;\"><img decoding=\"async\" class=\"wp-image-17212 alignleft\" style=\"height: 45px; margin: 8px 8px 0px;\" src=\"https:\/\/redfoxlotto.com\/wp-content\/uploads\/sites\/9\/read1.jpg\" alt=\"buy lottery online\" width=\"\" height=\"\" \/><\/div>\n<div style=\"padding-left: 5px;\">\n<div style=\"font-size: 1.1em;\">\n<p><strong>Najve\u010dji loterijski jackpoti, ki so se zapisali v zgodovino<\/strong><\/p>\n<p style=\"font-size: 0.8em; margin-top: .5em;\">Spoznajte nekaj najve\u010djih loterijskih dobitkov v zgodovini, ki so zmagovalcem \u010dez no\u010d spremenili \u017eivljenje.<a href=\"https:\/\/redfoxlotto.com\/sl\/largest-lottery-jackpots\/\">Nakup loterije na spletu<\/a><\/p>\n<\/div>\n<\/div>\n<\/section>\n","protected":false},"excerpt":{"rendered":"<p>Ste \u017ee kdaj sli\u0161ali za igro EuroMillions? \u010ce \u017eivite v eni od evropskih dr\u017eav, ste jih zagotovo. \u010ce pa \u017eivite v Sloveniji, morda ne. Zato si malo podrobneje oglejmo, kako igrati EuroMillions na spletu, kajne? EuroMillions je mednarodna loterija, ki jo lahko igrate v devetih evropskih dr\u017eavah. To pomeni, da morda \u017ee \u017eivite v dr\u017eavi, [&hellip;]<\/p>\n","protected":false},"author":1,"featured_media":0,"parent":17307,"menu_order":3,"comment_status":"closed","ping_status":"closed","template":"euromillions.php","meta":{"_et_pb_use_builder":"","_et_pb_old_content":"","_et_gb_content_width":"","exclude_from_search":false,"footnotes":""},"class_list":["post-17309","page","type-page","status-publish","hentry"],"yoast_head":"<!-- This site is optimized with the Yoast SEO plugin v23.8 - https:\/\/yoast.com\/wordpress\/plugins\/seo\/ -->\n<title>Igrajte Euromillions na spletu iz Slovenije | Najve\u010dja evropska loterija<\/title>\n<meta name=\"description\" content=\"Ljubitelji loterije iz Slovenije lahko zdaj igrajo Euromillions na spletu - preverite na\u0161o storitev za Euromillions vozovnico\" \/>\n<meta name=\"robots\" content=\"index, follow, max-snippet:-1, max-image-preview:large, max-video-preview:-1\" \/>\n<link rel=\"canonical\" href=\"https:\/\/redfoxlotto.com\/sl\/igraj\/euromillions\/\" \/>\n<meta property=\"og:locale\" content=\"sl_SI\" \/>\n<meta property=\"og:type\" content=\"article\" \/>\n<meta property=\"og:title\" content=\"Igrajte Euromillions na spletu iz Slovenije | Najve\u010dja evropska loterija\" \/>\n<meta property=\"og:description\" content=\"Ljubitelji loterije iz Slovenije lahko zdaj igrajo Euromillions na spletu - preverite na\u0161o storitev za Euromillions vozovnico\" \/>\n<meta property=\"og:url\" content=\"https:\/\/redfoxlotto.com\/sl\/igraj\/euromillions\/\" \/>\n<meta property=\"og:site_name\" content=\"Get Tickets for the World\u2019s largest jackpots\" \/>\n<meta property=\"article:modified_time\" content=\"2025-12-17T08:15:07+00:00\" \/>\n<meta property=\"og:image\" content=\"https:\/\/content.redfoxlotto.com\/uploads\/sites\/9\/2_ticket_euromillions.jpg\" \/>\n<meta name=\"twitter:card\" content=\"summary_large_image\" \/>\n<meta name=\"twitter:label1\" content=\"Est. reading time\" \/>\n\t<meta name=\"twitter:data1\" content=\"5 minut\" \/>\n<script type=\"application\/ld+json\" class=\"yoast-schema-graph\">{\"@context\":\"https:\/\/schema.org\",\"@graph\":[{\"@type\":\"WebPage\",\"@id\":\"https:\/\/redfoxlotto.com\/sl\/igraj\/euromillions\/\",\"url\":\"https:\/\/redfoxlotto.com\/sl\/igraj\/euromillions\/\",\"name\":\"Igrajte Euromillions na spletu iz Slovenije | Najve\u010dja evropska loterija\",\"isPartOf\":{\"@id\":\"https:\/\/redfoxlotto.com\/sl\/#website\"},\"primaryImageOfPage\":{\"@id\":\"https:\/\/redfoxlotto.com\/sl\/igraj\/euromillions\/#primaryimage\"},\"image\":{\"@id\":\"https:\/\/redfoxlotto.com\/sl\/igraj\/euromillions\/#primaryimage\"},\"thumbnailUrl\":\"https:\/\/content.redfoxlotto.com\/uploads\/sites\/9\/2_ticket_euromillions.jpg\",\"datePublished\":\"2022-10-26T09:30:02+00:00\",\"dateModified\":\"2025-12-17T08:15:07+00:00\",\"description\":\"Ljubitelji loterije iz Slovenije lahko zdaj igrajo Euromillions na spletu - preverite na\u0161o storitev za Euromillions vozovnico\",\"breadcrumb\":{\"@id\":\"https:\/\/redfoxlotto.com\/sl\/igraj\/euromillions\/#breadcrumb\"},\"inLanguage\":\"sl-SI\",\"potentialAction\":[{\"@type\":\"ReadAction\",\"target\":[\"https:\/\/redfoxlotto.com\/sl\/igraj\/euromillions\/\"]}]},{\"@type\":\"ImageObject\",\"inLanguage\":\"sl-SI\",\"@id\":\"https:\/\/redfoxlotto.com\/sl\/igraj\/euromillions\/#primaryimage\",\"url\":\"https:\/\/content.redfoxlotto.com\/uploads\/sites\/9\/2_ticket_euromillions.jpg\",\"contentUrl\":\"https:\/\/content.redfoxlotto.com\/uploads\/sites\/9\/2_ticket_euromillions.jpg\"},{\"@type\":\"BreadcrumbList\",\"@id\":\"https:\/\/redfoxlotto.com\/sl\/igraj\/euromillions\/#breadcrumb\",\"itemListElement\":[{\"@type\":\"ListItem\",\"position\":1,\"name\":\"Home\",\"item\":\"https:\/\/redfoxlotto.com\/sl\/\"},{\"@type\":\"ListItem\",\"position\":2,\"name\":\"Kako igrati loterijo v drugih dr\u017eavah\",\"item\":\"https:\/\/redfoxlotto.com\/sl\/igraj\/\"},{\"@type\":\"ListItem\",\"position\":3,\"name\":\"Kako igrati Euromillions iz Slovenije\"}]},{\"@type\":\"WebSite\",\"@id\":\"https:\/\/redfoxlotto.com\/sl\/#website\",\"url\":\"https:\/\/redfoxlotto.com\/sl\/\",\"name\":\"Get Tickets for the World\u2019s largest jackpots\",\"description\":\"Participate in worldwide lottery jackpots from any country\",\"publisher\":{\"@id\":\"https:\/\/redfoxlotto.com\/sl\/#organization\"},\"potentialAction\":[{\"@type\":\"SearchAction\",\"target\":{\"@type\":\"EntryPoint\",\"urlTemplate\":\"https:\/\/redfoxlotto.com\/sl\/?s={search_term_string}\"},\"query-input\":{\"@type\":\"PropertyValueSpecification\",\"valueRequired\":true,\"valueName\":\"search_term_string\"}}],\"inLanguage\":\"sl-SI\"},{\"@type\":\"Organization\",\"@id\":\"https:\/\/redfoxlotto.com\/sl\/#organization\",\"name\":\"Get Tickets for the World\u2019s largest jackpots\",\"url\":\"https:\/\/redfoxlotto.com\/sl\/\",\"logo\":{\"@type\":\"ImageObject\",\"inLanguage\":\"sl-SI\",\"@id\":\"https:\/\/redfoxlotto.com\/sl\/#\/schema\/logo\/image\/\",\"url\":\"https:\/\/redfoxlotto.com\/wp-content\/uploads\/2023\/04\/logo.png\",\"contentUrl\":\"https:\/\/redfoxlotto.com\/wp-content\/uploads\/2023\/04\/logo.png\",\"width\":269,\"height\":53,\"caption\":\"Get Tickets for the World\u2019s largest jackpots\"},\"image\":{\"@id\":\"https:\/\/redfoxlotto.com\/sl\/#\/schema\/logo\/image\/\"}}]}<\/script>\n<!-- \/ Yoast SEO plugin. -->","yoast_head_json":{"title":"Igrajte Euromillions na spletu iz Slovenije | Najve\u010dja evropska loterija","description":"Ljubitelji loterije iz Slovenije lahko zdaj igrajo Euromillions na spletu - preverite na\u0161o storitev za Euromillions vozovnico","robots":{"index":"index","follow":"follow","max-snippet":"max-snippet:-1","max-image-preview":"max-image-preview:large","max-video-preview":"max-video-preview:-1"},"canonical":"https:\/\/redfoxlotto.com\/sl\/igraj\/euromillions\/","og_locale":"sl_SI","og_type":"article","og_title":"Igrajte Euromillions na spletu iz Slovenije | Najve\u010dja evropska loterija","og_description":"Ljubitelji loterije iz Slovenije lahko zdaj igrajo Euromillions na spletu - preverite na\u0161o storitev za Euromillions vozovnico","og_url":"https:\/\/redfoxlotto.com\/sl\/igraj\/euromillions\/","og_site_name":"Get Tickets for the World\u2019s largest jackpots","article_modified_time":"2025-12-17T08:15:07+00:00","og_image":[{"url":"https:\/\/content.redfoxlotto.com\/uploads\/sites\/9\/2_ticket_euromillions.jpg"}],"twitter_card":"summary_large_image","twitter_misc":{"Est. reading time":"5 minut"},"schema":{"@context":"https:\/\/schema.org","@graph":[{"@type":"WebPage","@id":"https:\/\/redfoxlotto.com\/sl\/igraj\/euromillions\/","url":"https:\/\/redfoxlotto.com\/sl\/igraj\/euromillions\/","name":"Igrajte Euromillions na spletu iz Slovenije | Najve\u010dja evropska loterija","isPartOf":{"@id":"https:\/\/redfoxlotto.com\/sl\/#website"},"primaryImageOfPage":{"@id":"https:\/\/redfoxlotto.com\/sl\/igraj\/euromillions\/#primaryimage"},"image":{"@id":"https:\/\/redfoxlotto.com\/sl\/igraj\/euromillions\/#primaryimage"},"thumbnailUrl":"https:\/\/content.redfoxlotto.com\/uploads\/sites\/9\/2_ticket_euromillions.jpg","datePublished":"2022-10-26T09:30:02+00:00","dateModified":"2025-12-17T08:15:07+00:00","description":"Ljubitelji loterije iz Slovenije lahko zdaj igrajo Euromillions na spletu - preverite na\u0161o storitev za Euromillions vozovnico","breadcrumb":{"@id":"https:\/\/redfoxlotto.com\/sl\/igraj\/euromillions\/#breadcrumb"},"inLanguage":"sl-SI","potentialAction":[{"@type":"ReadAction","target":["https:\/\/redfoxlotto.com\/sl\/igraj\/euromillions\/"]}]},{"@type":"ImageObject","inLanguage":"sl-SI","@id":"https:\/\/redfoxlotto.com\/sl\/igraj\/euromillions\/#primaryimage","url":"https:\/\/content.redfoxlotto.com\/uploads\/sites\/9\/2_ticket_euromillions.jpg","contentUrl":"https:\/\/content.redfoxlotto.com\/uploads\/sites\/9\/2_ticket_euromillions.jpg"},{"@type":"BreadcrumbList","@id":"https:\/\/redfoxlotto.com\/sl\/igraj\/euromillions\/#breadcrumb","itemListElement":[{"@type":"ListItem","position":1,"name":"Home","item":"https:\/\/redfoxlotto.com\/sl\/"},{"@type":"ListItem","position":2,"name":"Kako igrati loterijo v drugih dr\u017eavah","item":"https:\/\/redfoxlotto.com\/sl\/igraj\/"},{"@type":"ListItem","position":3,"name":"Kako igrati Euromillions iz Slovenije"}]},{"@type":"WebSite","@id":"https:\/\/redfoxlotto.com\/sl\/#website","url":"https:\/\/redfoxlotto.com\/sl\/","name":"Get Tickets for the World\u2019s largest jackpots","description":"Participate in worldwide lottery jackpots from any country","publisher":{"@id":"https:\/\/redfoxlotto.com\/sl\/#organization"},"potentialAction":[{"@type":"SearchAction","target":{"@type":"EntryPoint","urlTemplate":"https:\/\/redfoxlotto.com\/sl\/?s={search_term_string}"},"query-input":{"@type":"PropertyValueSpecification","valueRequired":true,"valueName":"search_term_string"}}],"inLanguage":"sl-SI"},{"@type":"Organization","@id":"https:\/\/redfoxlotto.com\/sl\/#organization","name":"Get Tickets for the World\u2019s largest jackpots","url":"https:\/\/redfoxlotto.com\/sl\/","logo":{"@type":"ImageObject","inLanguage":"sl-SI","@id":"https:\/\/redfoxlotto.com\/sl\/#\/schema\/logo\/image\/","url":"https:\/\/redfoxlotto.com\/wp-content\/uploads\/2023\/04\/logo.png","contentUrl":"https:\/\/redfoxlotto.com\/wp-content\/uploads\/2023\/04\/logo.png","width":269,"height":53,"caption":"Get Tickets for the World\u2019s largest jackpots"},"image":{"@id":"https:\/\/redfoxlotto.com\/sl\/#\/schema\/logo\/image\/"}}]}},"_links":{"self":[{"href":"https:\/\/redfoxlotto.com\/sl\/wp-json\/wp\/v2\/pages\/17309","targetHints":{"allow":["GET"]}}],"collection":[{"href":"https:\/\/redfoxlotto.com\/sl\/wp-json\/wp\/v2\/pages"}],"about":[{"href":"https:\/\/redfoxlotto.com\/sl\/wp-json\/wp\/v2\/types\/page"}],"author":[{"embeddable":true,"href":"https:\/\/redfoxlotto.com\/sl\/wp-json\/wp\/v2\/users\/1"}],"replies":[{"embeddable":true,"href":"https:\/\/redfoxlotto.com\/sl\/wp-json\/wp\/v2\/comments?post=17309"}],"version-history":[{"count":0,"href":"https:\/\/redfoxlotto.com\/sl\/wp-json\/wp\/v2\/pages\/17309\/revisions"}],"up":[{"embeddable":true,"href":"https:\/\/redfoxlotto.com\/sl\/wp-json\/wp\/v2\/pages\/17307"}],"wp:attachment":[{"href":"https:\/\/redfoxlotto.com\/sl\/wp-json\/wp\/v2\/media?parent=17309"}],"curies":[{"name":"wp","href":"https:\/\/api.w.org\/{rel}","templated":true}]}}