{"id":17308,"date":"2023-04-24T17:44:36","date_gmt":"2023-04-24T17:44:36","guid":{"rendered":"https:\/\/redfoxlotto.com\/?page_id=2646"},"modified":"2025-12-16T14:43:45","modified_gmt":"2025-12-16T14:43:45","slug":"eurojackpot","status":"publish","type":"page","link":"https:\/\/redfoxlotto.com\/sl\/igraj\/eurojackpot\/","title":{"rendered":"Igrajte Eurojackpot"},"content":{"rendered":"<script type=\"application\/ld+json\">\r\n{\r\n  \"@context\": \"https:\/\/schema.org\",\r\n  \"@type\": \"Service\",\r\n  \"name\": \"Igrajte Eurojackpot na spletu\",\r\n  \"url\": \"https:\/\/redfoxlotto.com\/sl\/igraj\/eurojackpot\/\",\r\n  \"description\": \"Igrajte loterijo Eurojackpot na spletu iz katere koli dr\u017eave. Obi\u0161\u010dite RedFoxLotto, izberite \u0161tevilke in prejmite listke.\",\r\n  \"serviceType\": \"Spletna storitev posredovanja loterijskih listkov\",\r\n  \"provider\": {\r\n    \"@type\": \"Organization\",\r\n    \"name\": \"RedFoxLotto\",\r\n    \"url\": \"https:\/\/redfoxlotto.com\/sl\/\",\r\n    \"image\": \"https:\/\/redfoxlotto.com\/wp-content\/uploads\/2025\/12\/ticket_scans.jpg\",\r\n    \"sameAs\": []\r\n  },\r\n  \"areaServed\": \"Worldwide\",\r\n  \"termsOfService\": \"https:\/\/redfoxlotto.com\/terms-and-conditions\",\r\n  \"additionalProperty\": {\r\n    \"@type\": \"PropertyValue\",\r\n    \"name\": \"FAQ\",\r\n    \"value\": \"https:\/\/redfoxlotto.com\/sl\/faq\/\"\r\n  },\r\n  \"hasOfferCatalog\": {\r\n    \"@type\": \"OfferCatalog\",\r\n    \"name\": \"Eurojackpot listki\",\r\n    \"itemListElement\": [\r\n      {\r\n        \"@type\": \"Offer\",\r\n        \"name\": \"Eurojackpot listki\",\r\n        \"url\": \"https:\/\/redfoxlotto.com\/sl\/igraj\/eurojackpot\/\",\r\n        \"description\": \"Kliknite tukaj, da izberete \u0161tevilke za naslednje \u017erebanje Eurojackpot in naro\u010dite listke na spletu.\",\r\n        \"price\": 6.00,\r\n        \"priceCurrency\": \"EUR\",\r\n        \"availability\": \"https:\/\/schema.org\/InStock\",\r\n        \"itemOffered\": {\r\n          \"@type\": \"Service\",\r\n          \"name\": \"Eurojackpot listki\",\r\n          \"description\": \"Sodelujte v naslednjem \u017erebanju Eurojackpot preko RedFoxLotto.\"\r\n        }\r\n      }\r\n    ]\r\n  },\r\n  \"mainEntityOfPage\": {\r\n    \"@type\": \"WebPage\",\r\n    \"@id\": \"https:\/\/redfoxlotto.com\/sl\/igraj\/eurojackpot\/\"\r\n  }\r\n}\r\n<\/script>\r\n\r\n\r\n<p><!--more--><\/p><p>Ne glede na to ali trenutno \u017eivite v kateri od evropskih dr\u017eav, kjer se igra ali ne, ste verjetno \u017ee sli\u0161ali za Eurojackpot loto. Gre za loterijo, ki se je leta 2012 za\u010dela v 19 evropskih dr\u017eavah. \u010ce \u017eivite v Sloveniji ali kateri koli drugi dr\u017eavi, ki ni na seznamu udele\u017eencev, vam je morda pot za igranje Eurojackpota na tradicionalen na\u010din zaprta.<\/p><p>To pomeni, da \u0161e do pred nedavnim te loterije niste mogli igrati, kar pomeni, da vam je bila pot do tega jackpota zaprta, kajne? No, zdaj lahko Eurojackpot igrate prek spleta.<\/p><h2 class=\"wp-block-heading\" id=\"h-internet-prisko-i-na-pomo\">Internet prisko\u010di na pomo\u010d<\/h2><p><img decoding=\"async\" class=\"size-full wp-image alignright\" src=\"https:\/\/content.redfoxlotto.com\/uploads\/sites\/9\/2_ticket_eurojackpot1.jpg\" alt=\"eurojackpot igrajte na spletu\" \/><\/p><p>Re\u0161itev za ljubitelje lota iz Slovenije in od drugod po svetu vam ponuja na\u0161a spletna stran. Poleg dostopa do Eurojackpot loterije vam omogo\u010damo dostop do \u0161tevilnih drugih mednarodnih loterij. Na\u0161a kurirska slu\u017eba za vpla\u010dilo loto listkov z najve\u010djimi jackpoti iz vsega sveta. Ve\u010dina, \u010de ne celo kar vse te loterije, vam druga\u010de ne bi bile na voljo. Vendar mi imamo pokrite vse!<\/p><h2 class=\"wp-block-heading\" id=\"h-zakaj-igrati-eurojackpot\">Zakaj igrati Eurojackpot?<\/h2><p>Konec koncev vemo, da si ljudje iz Slovenije resni\u010dno \u017eelijo imeti prilo\u017enost igrati in zadeti te jackpote z visokimi vrednostmi, ne \u017eelijo igrati le za jackpote majhnih vrednosti iz svoje lastne dr\u017eavne loterije.<\/p><p>Vse, kar potrebujete, je, da se izberete iz na\u0161ega seznama loterij. Na voljo imamo nekaj najbolj priljubljenih z vsega sveta. Lahko si ogledate, kako delujejo, vidite, kaj ponujajo, in se odlo\u010dite, katere vas najbolj zanimajo.<\/p><p>Nato ro\u010dno izberete \u0161tevilke ali pa to za vas naredi na\u0161 generator naklju\u010dnih \u0161tevil (funkcija &#8220;Hitri izbor&#8221;). Ta dva na\u010dina lahko celo kombinirate, tako da sami najprej izberete nekaj \u0161tevilk in nato naklju\u010dno dodate vse druge \u0161tevilke, ki jih potrebujete za zapolnitev listka. Tako imate na listku nekatere \u0161tevilke, ki jih \u017eelite, preostali del pa dopolnite z naklju\u010dno izbranimi \u0161tevilkami.<\/p><p>\u010ce \u017eelite, lahko dodate ve\u010d listkov, lahko tudi me\u0161ate razli\u010dne loterije. To vam bo pomagalo pove\u010dati mo\u017enosti, ker boste isto\u010dasno igrali \u0161tevilne razli\u010dne igre. Lahko celo po\u010dnete enako kot je med na\u0161imi strankami zelo priljubljeno, in sicer igranje istih \u0161tevil\u010dnih kombinacij v ve\u010d loterijah hkrati.<\/p><p>Nekaterim se to zdi odli\u010den na\u010din za pove\u010danje verjetnosti dobitka, ker se morajo tudi te \u0161tevilke v nekem trenutku iz\u017erebati, kajne? Obstajati mora na\u010din, da va\u0161a kombinacija \u0161tevilk zmaga?<\/p><p>Ko izberete vse listke, ki jih \u017eelite, lahko za pla\u010dilo uporabite katero koli od na\u0161ih varnih mo\u017enosti pla\u010dila. Izbirate lahko med veliko razli\u010dnih na\u010dinov pla\u010dila.<\/p><p>Ne pozabite dolo\u010diti tudi, v koliko zaporednih krogih \u017erebanj \u017eelite sodelovati. To je pomembno predvsem zato, ker jackpot v naslednjem \u017erebanju morda ne bo imel dobitnika. Vi pa v naslednjem krogu gotovo ne bi \u017eeleli zamuditi prilo\u017enosti za \u0161e ve\u010djo zmago, kajne?<\/p><h2 class=\"wp-block-heading\" id=\"h-kaj-se-zgodi-potem\">Kaj se zgodi potem?<\/h2><p><img decoding=\"async\" class=\"size-full wp-image alignright\" src=\"https:\/\/content.redfoxlotto.com\/uploads\/sites\/9\/1_play_eurojackpot.jpg\" alt=\"win Eurojackpot\" \/><\/p><p>Ko igrate Eurojackpot prek spleta, je stvar zelo preprosta. Mre\u017ea na\u0161ih agentov za vas vpla\u010da listke z va\u0161imi izbranimi specifikacijami. V svojem igralnem ra\u010dunu na spletni strani RedFoxLotto.com boste imeli vpogled v potrditev nakupa. Seveda boste potrditev dobili tudi po e-po\u0161ti. To pomeni, da ste lahko prepri\u010dani, da se vse odvija tako, kot ste na\u010drtovali, in da so va\u0161i listki vpla\u010dani in \u010dakajo na \u017ereb.<\/p><p>\u010ce boste z enim od vpla\u010danih listkov zadeli dobitek, boste o tem prejeli e-po\u0161tno obvestilo. \u010ce va\u0161 dobitek ni ve\u010dji od 2.500 \u20ac, bo takoj nakazan na va\u0161 igralni ra\u010dun. Dobitek si lahko izpla\u010date prek katerega koli na\u010dina pla\u010dila, ki ste ga izbrali, sredstva pa lahko porabite tudi za nadaljnja vpla\u010dila listkov. To vam bo precej olaj\u0161alo izbiro, kajne? V primeru vi\u0161jih dobitkov pa vas bo kontaktirala na\u0161a podporna ekipa in vam omogo\u010dila neposredno izpla\u010dilo.<\/p><h2 class=\"wp-block-heading\" id=\"h-posebnosti-pri-igranju-eurojackpota\">Posebnosti pri igranju Eurojackpota<\/h2><p>Torej, \u010de \u017eelite igrati Eurojackpot iz Slovenije, morate vedeti, kako to lahko storite. Stvar je povsem preprosta. Z svoj listek morate izbrati pet \u0161tevilk med 1 in 50 ter dve \u0161tevilki med 1 in 12. Vrednost jackpota se za\u010dne pri najmanj 10 milijonih EUR. Ta loterija pa se od drugih nekoliko razlikuje od ve\u010dine drugih. Ko jackpot dose\u017ee vrednost 120 milijonov EUR, ne more ve\u010d nara\u0161\u010dati.<\/p><p>To pa pomeni, da se ves denar, ki je obi\u010dajno v vsakem krogu dodan v vrednost jackpota, dodan na drugo stopnjo nagrad. Za dobitek na drugi stopnji na va\u0161em listku potrebujete le 5 plus 1 \u0161tevilk, da zadenete. Va\u0161a mo\u017enost, da zadenete to nagrado, je o\u010ditno ve\u010dja za faktor 12 v primerjavi z mo\u017enostjo, da zadenete jackpot s 5 plus 2 \u0161tevilkami!<\/p><p>To pomeni, da \u010de vrednost jackpota dose\u017ee najvi\u0161jo mo\u017eno, imate dejansko \u0161e eno mo\u017enost dobrega dobitka. Dobitek na drugi stopnji je la\u017eje osvojiti in vrednosti nagrad na tej stopnji se bodo za\u010dele pove\u010devati. To bo zagotovo pove\u010dalo va\u0161e mo\u017enosti za ve\u010dji dobitek, kajne?<\/p><p>\u010ceprav bo jackpot, ko dose\u017ee svojo najvi\u0161jo vrednost, nekoliko ni\u017eji kot je pri loterijah obi\u010dajno, se vam bo \u0161e vedno izpla\u010dalo vpla\u010dati listek. Za vi\u0161je dobitke na drugi stopnji se vam bo lahko igranje Eurojackpota prek spleta dolgoro\u010dno vseeno obrestovalo.<\/p>","protected":false},"excerpt":{"rendered":"","protected":false},"author":1,"featured_media":0,"parent":17307,"menu_order":4,"comment_status":"closed","ping_status":"closed","template":"eurojackpot.php","meta":{"_et_pb_use_builder":"","_et_pb_old_content":"","_et_gb_content_width":"","exclude_from_search":false,"footnotes":""},"class_list":["post-17308","page","type-page","status-publish","hentry"],"yoast_head":"<!-- This site is optimized with the Yoast SEO plugin v23.8 - https:\/\/yoast.com\/wordpress\/plugins\/seo\/ -->\n<title>Eurojackpot loterija prek spleta - igrajte iz Slovenije<\/title>\n<meta name=\"description\" content=\"Pridobite si dostop do Eurojackpota sedaj - ne glede na to v kateri dr\u017eavi \u017eivite lahko mednarodno loterijo igrate prek spleta, tudi v Sloveniji\" \/>\n<meta name=\"robots\" content=\"index, follow, max-snippet:-1, max-image-preview:large, max-video-preview:-1\" \/>\n<link rel=\"canonical\" href=\"https:\/\/redfoxlotto.com\/sl\/igraj\/eurojackpot\/\" \/>\n<meta property=\"og:locale\" content=\"sl_SI\" \/>\n<meta property=\"og:type\" content=\"article\" \/>\n<meta property=\"og:title\" content=\"Eurojackpot loterija prek spleta - igrajte iz Slovenije\" \/>\n<meta property=\"og:description\" content=\"Pridobite si dostop do Eurojackpota sedaj - ne glede na to v kateri dr\u017eavi \u017eivite lahko mednarodno loterijo igrate prek spleta, tudi v Sloveniji\" \/>\n<meta property=\"og:url\" content=\"https:\/\/redfoxlotto.com\/sl\/igraj\/eurojackpot\/\" \/>\n<meta property=\"og:site_name\" content=\"Get Tickets for the World\u2019s largest jackpots\" \/>\n<meta property=\"article:modified_time\" content=\"2025-12-16T14:43:45+00:00\" \/>\n<meta property=\"og:image\" content=\"https:\/\/content.redfoxlotto.com\/uploads\/sites\/9\/2_ticket_eurojackpot1.jpg\" \/>\n<meta name=\"twitter:card\" content=\"summary_large_image\" \/>\n<meta name=\"twitter:label1\" content=\"Est. reading time\" \/>\n\t<meta name=\"twitter:data1\" content=\"4 minute\" \/>\n<script type=\"application\/ld+json\" class=\"yoast-schema-graph\">{\"@context\":\"https:\/\/schema.org\",\"@graph\":[{\"@type\":\"WebPage\",\"@id\":\"https:\/\/redfoxlotto.com\/sl\/igraj\/eurojackpot\/\",\"url\":\"https:\/\/redfoxlotto.com\/sl\/igraj\/eurojackpot\/\",\"name\":\"Eurojackpot loterija prek spleta - igrajte iz Slovenije\",\"isPartOf\":{\"@id\":\"https:\/\/redfoxlotto.com\/sl\/#website\"},\"primaryImageOfPage\":{\"@id\":\"https:\/\/redfoxlotto.com\/sl\/igraj\/eurojackpot\/#primaryimage\"},\"image\":{\"@id\":\"https:\/\/redfoxlotto.com\/sl\/igraj\/eurojackpot\/#primaryimage\"},\"thumbnailUrl\":\"https:\/\/content.redfoxlotto.com\/uploads\/sites\/9\/2_ticket_eurojackpot1.jpg\",\"datePublished\":\"2023-04-24T17:44:36+00:00\",\"dateModified\":\"2025-12-16T14:43:45+00:00\",\"description\":\"Pridobite si dostop do Eurojackpota sedaj - ne glede na to v kateri dr\u017eavi \u017eivite lahko mednarodno loterijo igrate prek spleta, tudi v Sloveniji\",\"breadcrumb\":{\"@id\":\"https:\/\/redfoxlotto.com\/sl\/igraj\/eurojackpot\/#breadcrumb\"},\"inLanguage\":\"sl-SI\",\"potentialAction\":[{\"@type\":\"ReadAction\",\"target\":[\"https:\/\/redfoxlotto.com\/sl\/igraj\/eurojackpot\/\"]}]},{\"@type\":\"ImageObject\",\"inLanguage\":\"sl-SI\",\"@id\":\"https:\/\/redfoxlotto.com\/sl\/igraj\/eurojackpot\/#primaryimage\",\"url\":\"https:\/\/content.redfoxlotto.com\/uploads\/sites\/9\/2_ticket_eurojackpot1.jpg\",\"contentUrl\":\"https:\/\/content.redfoxlotto.com\/uploads\/sites\/9\/2_ticket_eurojackpot1.jpg\"},{\"@type\":\"BreadcrumbList\",\"@id\":\"https:\/\/redfoxlotto.com\/sl\/igraj\/eurojackpot\/#breadcrumb\",\"itemListElement\":[{\"@type\":\"ListItem\",\"position\":1,\"name\":\"Home\",\"item\":\"https:\/\/redfoxlotto.com\/sl\/\"},{\"@type\":\"ListItem\",\"position\":2,\"name\":\"Kako igrati loterijo v drugih dr\u017eavah\",\"item\":\"https:\/\/redfoxlotto.com\/sl\/igraj\/\"},{\"@type\":\"ListItem\",\"position\":3,\"name\":\"Igrajte Eurojackpot\"}]},{\"@type\":\"WebSite\",\"@id\":\"https:\/\/redfoxlotto.com\/sl\/#website\",\"url\":\"https:\/\/redfoxlotto.com\/sl\/\",\"name\":\"Get Tickets for the World\u2019s largest jackpots\",\"description\":\"Participate in worldwide lottery jackpots from any country\",\"publisher\":{\"@id\":\"https:\/\/redfoxlotto.com\/sl\/#organization\"},\"potentialAction\":[{\"@type\":\"SearchAction\",\"target\":{\"@type\":\"EntryPoint\",\"urlTemplate\":\"https:\/\/redfoxlotto.com\/sl\/?s={search_term_string}\"},\"query-input\":{\"@type\":\"PropertyValueSpecification\",\"valueRequired\":true,\"valueName\":\"search_term_string\"}}],\"inLanguage\":\"sl-SI\"},{\"@type\":\"Organization\",\"@id\":\"https:\/\/redfoxlotto.com\/sl\/#organization\",\"name\":\"Get Tickets for the World\u2019s largest jackpots\",\"url\":\"https:\/\/redfoxlotto.com\/sl\/\",\"logo\":{\"@type\":\"ImageObject\",\"inLanguage\":\"sl-SI\",\"@id\":\"https:\/\/redfoxlotto.com\/sl\/#\/schema\/logo\/image\/\",\"url\":\"https:\/\/redfoxlotto.com\/wp-content\/uploads\/2023\/04\/logo.png\",\"contentUrl\":\"https:\/\/redfoxlotto.com\/wp-content\/uploads\/2023\/04\/logo.png\",\"width\":269,\"height\":53,\"caption\":\"Get Tickets for the World\u2019s largest jackpots\"},\"image\":{\"@id\":\"https:\/\/redfoxlotto.com\/sl\/#\/schema\/logo\/image\/\"}}]}<\/script>\n<!-- \/ Yoast SEO plugin. -->","yoast_head_json":{"title":"Eurojackpot loterija prek spleta - igrajte iz Slovenije","description":"Pridobite si dostop do Eurojackpota sedaj - ne glede na to v kateri dr\u017eavi \u017eivite lahko mednarodno loterijo igrate prek spleta, tudi v Sloveniji","robots":{"index":"index","follow":"follow","max-snippet":"max-snippet:-1","max-image-preview":"max-image-preview:large","max-video-preview":"max-video-preview:-1"},"canonical":"https:\/\/redfoxlotto.com\/sl\/igraj\/eurojackpot\/","og_locale":"sl_SI","og_type":"article","og_title":"Eurojackpot loterija prek spleta - igrajte iz Slovenije","og_description":"Pridobite si dostop do Eurojackpota sedaj - ne glede na to v kateri dr\u017eavi \u017eivite lahko mednarodno loterijo igrate prek spleta, tudi v Sloveniji","og_url":"https:\/\/redfoxlotto.com\/sl\/igraj\/eurojackpot\/","og_site_name":"Get Tickets for the World\u2019s largest jackpots","article_modified_time":"2025-12-16T14:43:45+00:00","og_image":[{"url":"https:\/\/content.redfoxlotto.com\/uploads\/sites\/9\/2_ticket_eurojackpot1.jpg"}],"twitter_card":"summary_large_image","twitter_misc":{"Est. reading time":"4 minute"},"schema":{"@context":"https:\/\/schema.org","@graph":[{"@type":"WebPage","@id":"https:\/\/redfoxlotto.com\/sl\/igraj\/eurojackpot\/","url":"https:\/\/redfoxlotto.com\/sl\/igraj\/eurojackpot\/","name":"Eurojackpot loterija prek spleta - igrajte iz Slovenije","isPartOf":{"@id":"https:\/\/redfoxlotto.com\/sl\/#website"},"primaryImageOfPage":{"@id":"https:\/\/redfoxlotto.com\/sl\/igraj\/eurojackpot\/#primaryimage"},"image":{"@id":"https:\/\/redfoxlotto.com\/sl\/igraj\/eurojackpot\/#primaryimage"},"thumbnailUrl":"https:\/\/content.redfoxlotto.com\/uploads\/sites\/9\/2_ticket_eurojackpot1.jpg","datePublished":"2023-04-24T17:44:36+00:00","dateModified":"2025-12-16T14:43:45+00:00","description":"Pridobite si dostop do Eurojackpota sedaj - ne glede na to v kateri dr\u017eavi \u017eivite lahko mednarodno loterijo igrate prek spleta, tudi v Sloveniji","breadcrumb":{"@id":"https:\/\/redfoxlotto.com\/sl\/igraj\/eurojackpot\/#breadcrumb"},"inLanguage":"sl-SI","potentialAction":[{"@type":"ReadAction","target":["https:\/\/redfoxlotto.com\/sl\/igraj\/eurojackpot\/"]}]},{"@type":"ImageObject","inLanguage":"sl-SI","@id":"https:\/\/redfoxlotto.com\/sl\/igraj\/eurojackpot\/#primaryimage","url":"https:\/\/content.redfoxlotto.com\/uploads\/sites\/9\/2_ticket_eurojackpot1.jpg","contentUrl":"https:\/\/content.redfoxlotto.com\/uploads\/sites\/9\/2_ticket_eurojackpot1.jpg"},{"@type":"BreadcrumbList","@id":"https:\/\/redfoxlotto.com\/sl\/igraj\/eurojackpot\/#breadcrumb","itemListElement":[{"@type":"ListItem","position":1,"name":"Home","item":"https:\/\/redfoxlotto.com\/sl\/"},{"@type":"ListItem","position":2,"name":"Kako igrati loterijo v drugih dr\u017eavah","item":"https:\/\/redfoxlotto.com\/sl\/igraj\/"},{"@type":"ListItem","position":3,"name":"Igrajte Eurojackpot"}]},{"@type":"WebSite","@id":"https:\/\/redfoxlotto.com\/sl\/#website","url":"https:\/\/redfoxlotto.com\/sl\/","name":"Get Tickets for the World\u2019s largest jackpots","description":"Participate in worldwide lottery jackpots from any country","publisher":{"@id":"https:\/\/redfoxlotto.com\/sl\/#organization"},"potentialAction":[{"@type":"SearchAction","target":{"@type":"EntryPoint","urlTemplate":"https:\/\/redfoxlotto.com\/sl\/?s={search_term_string}"},"query-input":{"@type":"PropertyValueSpecification","valueRequired":true,"valueName":"search_term_string"}}],"inLanguage":"sl-SI"},{"@type":"Organization","@id":"https:\/\/redfoxlotto.com\/sl\/#organization","name":"Get Tickets for the World\u2019s largest jackpots","url":"https:\/\/redfoxlotto.com\/sl\/","logo":{"@type":"ImageObject","inLanguage":"sl-SI","@id":"https:\/\/redfoxlotto.com\/sl\/#\/schema\/logo\/image\/","url":"https:\/\/redfoxlotto.com\/wp-content\/uploads\/2023\/04\/logo.png","contentUrl":"https:\/\/redfoxlotto.com\/wp-content\/uploads\/2023\/04\/logo.png","width":269,"height":53,"caption":"Get Tickets for the World\u2019s largest jackpots"},"image":{"@id":"https:\/\/redfoxlotto.com\/sl\/#\/schema\/logo\/image\/"}}]}},"_links":{"self":[{"href":"https:\/\/redfoxlotto.com\/sl\/wp-json\/wp\/v2\/pages\/17308","targetHints":{"allow":["GET"]}}],"collection":[{"href":"https:\/\/redfoxlotto.com\/sl\/wp-json\/wp\/v2\/pages"}],"about":[{"href":"https:\/\/redfoxlotto.com\/sl\/wp-json\/wp\/v2\/types\/page"}],"author":[{"embeddable":true,"href":"https:\/\/redfoxlotto.com\/sl\/wp-json\/wp\/v2\/users\/1"}],"replies":[{"embeddable":true,"href":"https:\/\/redfoxlotto.com\/sl\/wp-json\/wp\/v2\/comments?post=17308"}],"version-history":[{"count":0,"href":"https:\/\/redfoxlotto.com\/sl\/wp-json\/wp\/v2\/pages\/17308\/revisions"}],"up":[{"embeddable":true,"href":"https:\/\/redfoxlotto.com\/sl\/wp-json\/wp\/v2\/pages\/17307"}],"wp:attachment":[{"href":"https:\/\/redfoxlotto.com\/sl\/wp-json\/wp\/v2\/media?parent=17308"}],"curies":[{"name":"wp","href":"https:\/\/api.w.org\/{rel}","templated":true}]}}