{"id":17307,"date":"2023-04-24T14:10:57","date_gmt":"2023-04-24T14:10:57","guid":{"rendered":"https:\/\/redfoxlotto.com\/?page_id=2644"},"modified":"2025-12-15T19:56:05","modified_gmt":"2025-12-15T19:56:05","slug":"igraj","status":"publish","type":"page","link":"https:\/\/redfoxlotto.com\/sl\/igraj\/","title":{"rendered":"Kako igrati loterijo v drugih dr\u017eavah"},"content":{"rendered":"<script type=\"application\/ld+json\">\r\n{\r\n  \"@context\": \"https:\/\/schema.org\",\r\n  \"@type\": \"Service\",\r\n  \"name\": \"Igrajte mednarodne loterije na spletu\",\r\n  \"url\": \"https:\/\/redfoxlotto.com\/sl\/igraj\/\",\r\n  \"description\": \"Igrajte loterijo na spletu in osvojite mednarodne loto jackpote.\",\r\n  \"serviceType\": \"Spletna storitev posredovanja loterijskih listkov\",\r\n  \"provider\": {\r\n    \"@type\": \"Organization\",\r\n    \"name\": \"RedFoxLotto\",\r\n    \"url\": \"https:\/\/redfoxlotto.com\/sl\/igraj\/\",\r\n    \"image\": \"https:\/\/redfoxlotto.com\/wp-content\/uploads\/2025\/12\/ticket_scans.jpg\"\r\n  },\r\n  \"areaServed\": \"Po vsem svetu\",\r\n  \"termsOfService\": \"https:\/\/redfoxlotto.com\/terms-and-conditions\",\r\n  \"additionalProperty\": {\r\n    \"@type\": \"PropertyValue\",\r\n    \"name\": \"Pogosta vpra\u0161anja\",\r\n    \"value\": \"https:\/\/redfoxlotto.com\/sl\/faq\/\"\r\n  },\r\n  \"hasOfferCatalog\": {\r\n    \"@type\": \"OfferCatalog\",\r\n    \"name\": \"Mednarodni loterijski listki\",\r\n    \"itemListElement\": [\r\n      {\r\n        \"@type\": \"Offer\",\r\n        \"name\": \"Mednarodni loterijski listki\",\r\n        \"url\": \"https:\/\/redfoxlotto.com\/sl\/igraj\/\",\r\n        \"description\": \"Igrajte mednarodne loterije na spletu. Jackpoti, kot so Powerball, Mega Millions in Euromillions \u2014 igrajte od kjerkoli.\",\r\n        \"availability\": \"https:\/\/schema.org\/InStock\",\r\n        \"itemOffered\": {\r\n          \"@type\": \"Service\",\r\n          \"name\": \"Mednarodni loterijski listki\",\r\n          \"description\": \"Igranje mednarodnih loterij na spletu vam nudi ve\u010d izbire in bolj\u0161e mo\u017enosti za zmago.\"\r\n        }\r\n      }\r\n    ]\r\n  },\r\n  \"mainEntityOfPage\": {\r\n    \"@type\": \"WebPage\",\r\n    \"@id\": \"https:\/\/redfoxlotto.com\/sl\/igraj\/\"\r\n  }\r\n}\r\n<\/script><h2 class=\"wp-block-heading\" id=\"h-ve-loterij-pomeni-da-je-na-voljo-ve-jackpotov\">Ve\u010d loterij pomeni, da je na voljo ve\u010d jackpotov!<\/h2><p>Odli\u010dne novice za vse ljubitelje lota po vsem svetu! Ni\u010d ve\u010d niste omejeni na svojo nacionalno loterijo! Se spomnite, kdaj je loterija za\u010dela pridobivati \u200b\u200bna popularnosti? Resni\u010dno \u0161e ni minilo tako zelo veliko \u010dasa, odkar so ljudje mno\u017ei\u010dno za\u010deli igrati svoje lokalne in dr\u017eavne loterije. Toda to je bilo tudi vse, kar ste lahko po\u010deli. Vse, kar ste si sploh lahko pogledali, so bile va\u0161e nacionalne mo\u017enosti.<\/p><p>Dostop do mednarodnih loterij vam ni bil omogo\u010den. V dr\u017eavi va\u0161ega prebivali\u0161\u010da niste mogli vpla\u010dati listkov za druge jackpote. Toda internet je to te\u017eavo odpravil. Na RedFoxLotto.com lahko sedaj igrate \u0161tevilne mednarodne loterije prek spleta. Kako pa sploh lahko igrate loterijo na spletu?<\/p><h2 class=\"wp-block-heading\" id=\"h-vpla-ilo-loterijskih-listkov-prek-spleta\">Vpla\u010dilo loterijskih listkov prek spleta<\/h2><p><img loading=\"lazy\" decoding=\"async\" class=\"size-full wp-image alignright\" src=\"https:\/\/content.redfoxlotto.com\/uploads\/sites\/9\/1_playing_lottery_online.jpg\" alt=\"igrajte in zmagajte prek spleta\" width=\"212\" height=\"142\" \/><\/p><p>Ne glede na to, kje \u017eelite vpla\u010dati, je RedFoxLotto.com va\u0161a kurirska slu\u017eba za vpla\u010dilo loto listkov. Dejstvo je, da imamo agente v \u0161tevilnih razli\u010dnih dr\u017eavah, kjer potekajo velike loterije. Na\u0161i agenti skrbijo za vpla\u010dilo katerega koli loto listka, ki bi si ga vi morda \u017eeleli vpla\u010dati in to povsem lokalno.<\/p><p>Vi, stranka, lahko naro\u010dite svoje loto listke pri nas prek spleta. Obi\u0161\u010dite na\u0161o spletno stran in na voljo vam bodo vse mo\u017enosti, kot da bi te mednarodne loterije vi sami igrali lokalno.<\/p><p>Brez dvoma si \u0161tevilke lahko izberete sami. Dolo\u010dite tudi, koliko kombinacij \u017eelite igrati in za koliko \u017erebanj naj velja va\u0161 loto listek. Pla\u010dilo poteka prek spleta, na primer s kreditno kartico, Bitcoinom ali katerim koli drugim pla\u010dilnim sredstvom, ki ga najdete na na\u0161i spletni strani. Ko ste pripravljeni izbrati svoje \u0161tevilke, enostavno kliknite na polja, da jih izberete. \u010ce \u017eelite, da za vas izberemo \u0161tevilke mi, samo izberite mo\u017enost \u00bbHitri izbor\u00ab in za vas bomo izbrali naklju\u010dne \u0161tevilke.<\/p><h2 class=\"wp-block-heading\" id=\"h-katere-igre-igrati\">Katere igre igrati?<\/h2><p>\u010ce igrate loterijo preko spleta, lahko hkrati sodelujete v ve\u010d mednarodnih loterijah. Torej, \u010de se po spletni strani pomaknete do mo\u017enostmi, ki so vam na voljo, in najdete ve\u010dje \u0161tevilo loterij, ki vas zanimajo, je to super. Priporo\u010damo vam, da ko igrate, izberete in se potegujete za najve\u010dji jackpot ali pa za dva najve\u010dja, mogo\u010de celo za ve\u010d velikih jackpotov.<\/p><p>Na primer, v ZDA imata pogosto Powerball in Mega Millions hkrati ogromne jackpote. Jackpoti v ZDA redno dosegajo 500 milijonov dolarjev. V preteklosti je bilo \u017ee veliko jackpotov v vrednostih, ki so bile ve\u010dje kot 1,5 milijarde dolarjev.<\/p><p>Pravzaprav, ti dve loteriji sta med najve\u010djimi na svetu. Zakaj ne bi \u0161e sami poskusili in ugotovili, ali imate tudi vi sre\u010do in zadenete veliko denarja? \u0160e nekaj, o \u010demer malo razmislite: zelo priljubljeno je igranje istih \u0161tevilk v ve\u010d loterijah na isti teden.<\/p><p>\u010ce ne zmagate na eni loteriji, se vam z isto kombinacijo morda posre\u010di v drugi? To je pameten na\u010din za pove\u010danje verjetnosti dobitka z va\u0161imi najljub\u0161imi \u0161tevilkami. S to metoda je igranje lota \u0161e bolj razburljivo!<\/p><h2 class=\"wp-block-heading\" id=\"h-zakaj-igrati-loto-mednarodno\">Zakaj igrati loto mednarodno?<\/h2><p>Kdor igra loto mednarodno, svoja sredstva pametneje porabi. Nekateri igralci loterije teden za tednom vpla\u010dujejo listke za lokalni loto, ne glede na to, kako nizko vrednost ima jackpot. Matematika in logika vam povesta, da je bolje vpla\u010dati listek za loterijo z jackpotom v vrednosti 200 milijonov kot za tistega v vrednosti dveh milijonov. To velja tudi v primeru, ko je cena vpla\u010dila za loto preko spleta vi\u0161ja od cene va\u0161ega lokalnega loto listka. Mo\u017enosti za zmago so v obeh primerih enake, \u010de pa boste zmagali, boste imeli prilo\u017enost za nekaj, kar je veliko ve\u010dje.<\/p><p>Seveda moramo za svojo storitev zara\u010dunati vi\u0161jo ceno, kot je samo vpla\u010dilo listka, ker imamo stro\u0161ke. Tudi mi moramo zaslu\u017eiti nekaj denarja. Predpostavljamo, da je stro\u0161ek vpla\u010dila listka prek spleta 4,50 &#8211; 5,00 \u20ac, vrednost jackpota pa je 200 milijonov. Za va\u0161 dr\u017eavni loto pla\u010date 2,00 \u20ac in imate mo\u017enost 10 milijonov denarnih dobitkov. Kaj je torej bolj\u0161e in bolj smiselno? No, odgovor na to vpra\u0161anje je verjetno o\u010diten. Mednarodno igranje lota in s tem mo\u017enost igranja za ve\u010dje jackpote prek spleta je mnogo bolj smiselno!<\/p><h2 class=\"wp-block-heading\" id=\"h-kako-do-izpla-ila\">Kako do izpla\u010dila?<\/h2><p><img loading=\"lazy\" decoding=\"async\" class=\"size-full wp-image alignright\" src=\"https:\/\/content.redfoxlotto.com\/uploads\/sites\/9\/1_mega_lotto_jackpot.jpg\" alt=\"izpla\u010dilo loterije na spletu\" width=\"162\" height=\"186\" \/><\/p><p>RedFoxLotto.com skrbi tudi za to, da dobite izpla\u010dilo svojega dobitka. Mimogrede, provizije vam ne bomo zara\u010dunavali, razen majhne provizije, ki se zara\u010duna v primeru direktnega ban\u010dnega nakazila. To pomeni, da vam ni treba skrbeti, da si bomo od va\u0161ega dobitka vzeli kos tudi zase. Ko enkrat listek vpla\u010date, je vse, kar boste zadeli, va\u0161e.<\/p><p>\u0160tevilne na\u0161e stranke so prek nas \u017ee osvojile nagrade. Nekaterim se je zaradi dobitka celo spremenilo \u017eivljenje! Vemo, da so mo\u017enosti za zadetek velike nagrade ali, da zadenete vsaj nekaj, \u010desar ne bi dobili, \u010de bi igrali samo lokalne igre na sre\u010do, velike.<\/p><p>To so razlogi, da postaja igranje loterije prek spleta vse bolj priljubljeno. Sedaj ste vi na vrsti, da pose\u017eete po enem izmed mega jackpotov &#8211; kaj \u0161e \u010dakate? <strong>V kratkem lahko postanete velik zmagovalec!<\/strong><\/p>","protected":false},"excerpt":{"rendered":"<p>Ve\u010d loterij pomeni, da je na voljo ve\u010d jackpotov! Odli\u010dne novice za vse ljubitelje lota po vsem svetu! Ni\u010d ve\u010d niste omejeni na svojo nacionalno loterijo! Se spomnite, kdaj je loterija za\u010dela pridobivati \u200b\u200bna popularnosti? Resni\u010dno \u0161e ni minilo tako zelo veliko \u010dasa, odkar so ljudje mno\u017ei\u010dno za\u010deli igrati svoje lokalne in dr\u017eavne loterije. Toda [&hellip;]<\/p>\n","protected":false},"author":1,"featured_media":0,"parent":0,"menu_order":2,"comment_status":"closed","ping_status":"closed","template":"Play-all.php","meta":{"_et_pb_use_builder":"","_et_pb_old_content":"","_et_gb_content_width":"","exclude_from_search":false,"footnotes":""},"class_list":["post-17307","page","type-page","status-publish","hentry"],"yoast_head":"<!-- This site is optimized with the Yoast SEO plugin v27.4 - https:\/\/yoast.com\/product\/yoast-seo-wordpress\/ -->\n<title>Potegujte se za mednarodne jackpote prek spleta<\/title>\n<meta name=\"description\" content=\"Igranje mednarodnih loterij na spletu vam da ve\u010d mo\u017enosti in bolj\u0161a razmerja - ugotovite, zakaj!\" \/>\n<meta name=\"robots\" content=\"index, follow, max-snippet:-1, max-image-preview:large, max-video-preview:-1\" \/>\n<link rel=\"canonical\" href=\"https:\/\/redfoxlotto.com\/sl\/igraj\/\" \/>\n<meta property=\"og:locale\" content=\"sl_SI\" \/>\n<meta property=\"og:type\" content=\"article\" \/>\n<meta property=\"og:title\" content=\"Potegujte se za mednarodne jackpote prek spleta\" \/>\n<meta property=\"og:description\" content=\"Igranje mednarodnih loterij na spletu vam da ve\u010d mo\u017enosti in bolj\u0161a razmerja - ugotovite, zakaj!\" \/>\n<meta property=\"og:url\" content=\"https:\/\/redfoxlotto.com\/sl\/igraj\/\" \/>\n<meta property=\"og:site_name\" content=\"Get Tickets for the World\u2019s largest jackpots\" \/>\n<meta property=\"article:modified_time\" content=\"2025-12-15T19:56:05+00:00\" \/>\n<meta property=\"og:image\" content=\"https:\/\/content.redfoxlotto.com\/uploads\/sites\/9\/1_playing_lottery_online.jpg\" \/>\n<meta name=\"twitter:card\" content=\"summary_large_image\" \/>\n<meta name=\"twitter:label1\" content=\"Est. reading time\" \/>\n\t<meta name=\"twitter:data1\" content=\"4 minute\" \/>\n<script type=\"application\/ld+json\" class=\"yoast-schema-graph\">{\"@context\":\"https:\\\/\\\/schema.org\",\"@graph\":[{\"@type\":\"WebPage\",\"@id\":\"https:\\\/\\\/redfoxlotto.com\\\/sl\\\/igraj\\\/\",\"url\":\"https:\\\/\\\/redfoxlotto.com\\\/sl\\\/igraj\\\/\",\"name\":\"Potegujte se za mednarodne jackpote prek spleta\",\"isPartOf\":{\"@id\":\"https:\\\/\\\/redfoxlotto.com\\\/sl\\\/#website\"},\"primaryImageOfPage\":{\"@id\":\"https:\\\/\\\/redfoxlotto.com\\\/sl\\\/igraj\\\/#primaryimage\"},\"image\":{\"@id\":\"https:\\\/\\\/redfoxlotto.com\\\/sl\\\/igraj\\\/#primaryimage\"},\"thumbnailUrl\":\"https:\\\/\\\/content.redfoxlotto.com\\\/uploads\\\/sites\\\/9\\\/1_playing_lottery_online.jpg\",\"datePublished\":\"2023-04-24T14:10:57+00:00\",\"dateModified\":\"2025-12-15T19:56:05+00:00\",\"description\":\"Igranje mednarodnih loterij na spletu vam da ve\u010d mo\u017enosti in bolj\u0161a razmerja - ugotovite, zakaj!\",\"breadcrumb\":{\"@id\":\"https:\\\/\\\/redfoxlotto.com\\\/sl\\\/igraj\\\/#breadcrumb\"},\"inLanguage\":\"sl-SI\",\"potentialAction\":[{\"@type\":\"ReadAction\",\"target\":[\"https:\\\/\\\/redfoxlotto.com\\\/sl\\\/igraj\\\/\"]}]},{\"@type\":\"ImageObject\",\"inLanguage\":\"sl-SI\",\"@id\":\"https:\\\/\\\/redfoxlotto.com\\\/sl\\\/igraj\\\/#primaryimage\",\"url\":\"https:\\\/\\\/content.redfoxlotto.com\\\/uploads\\\/sites\\\/9\\\/1_playing_lottery_online.jpg\",\"contentUrl\":\"https:\\\/\\\/content.redfoxlotto.com\\\/uploads\\\/sites\\\/9\\\/1_playing_lottery_online.jpg\"},{\"@type\":\"BreadcrumbList\",\"@id\":\"https:\\\/\\\/redfoxlotto.com\\\/sl\\\/igraj\\\/#breadcrumb\",\"itemListElement\":[{\"@type\":\"ListItem\",\"position\":1,\"name\":\"Home\",\"item\":\"https:\\\/\\\/redfoxlotto.com\\\/sl\\\/\"},{\"@type\":\"ListItem\",\"position\":2,\"name\":\"Kako igrati loterijo v drugih dr\u017eavah\"}]},{\"@type\":\"WebSite\",\"@id\":\"https:\\\/\\\/redfoxlotto.com\\\/sl\\\/#website\",\"url\":\"https:\\\/\\\/redfoxlotto.com\\\/sl\\\/\",\"name\":\"Get Tickets for the World\u2019s largest jackpots\",\"description\":\"Participate in worldwide lottery jackpots from any country\",\"publisher\":{\"@id\":\"https:\\\/\\\/redfoxlotto.com\\\/sl\\\/#organization\"},\"potentialAction\":[{\"@type\":\"SearchAction\",\"target\":{\"@type\":\"EntryPoint\",\"urlTemplate\":\"https:\\\/\\\/redfoxlotto.com\\\/sl\\\/?s={search_term_string}\"},\"query-input\":{\"@type\":\"PropertyValueSpecification\",\"valueRequired\":true,\"valueName\":\"search_term_string\"}}],\"inLanguage\":\"sl-SI\"},{\"@type\":\"Organization\",\"@id\":\"https:\\\/\\\/redfoxlotto.com\\\/sl\\\/#organization\",\"name\":\"Get Tickets for the World\u2019s largest jackpots\",\"url\":\"https:\\\/\\\/redfoxlotto.com\\\/sl\\\/\",\"logo\":{\"@type\":\"ImageObject\",\"inLanguage\":\"sl-SI\",\"@id\":\"https:\\\/\\\/redfoxlotto.com\\\/sl\\\/#\\\/schema\\\/logo\\\/image\\\/\",\"url\":\"https:\\\/\\\/redfoxlotto.com\\\/wp-content\\\/uploads\\\/2023\\\/04\\\/logo.png\",\"contentUrl\":\"https:\\\/\\\/redfoxlotto.com\\\/wp-content\\\/uploads\\\/2023\\\/04\\\/logo.png\",\"width\":269,\"height\":53,\"caption\":\"Get Tickets for the World\u2019s largest jackpots\"},\"image\":{\"@id\":\"https:\\\/\\\/redfoxlotto.com\\\/sl\\\/#\\\/schema\\\/logo\\\/image\\\/\"}}]}<\/script>\n<!-- \/ Yoast SEO plugin. -->","yoast_head_json":{"title":"Potegujte se za mednarodne jackpote prek spleta","description":"Igranje mednarodnih loterij na spletu vam da ve\u010d mo\u017enosti in bolj\u0161a razmerja - ugotovite, zakaj!","robots":{"index":"index","follow":"follow","max-snippet":"max-snippet:-1","max-image-preview":"max-image-preview:large","max-video-preview":"max-video-preview:-1"},"canonical":"https:\/\/redfoxlotto.com\/sl\/igraj\/","og_locale":"sl_SI","og_type":"article","og_title":"Potegujte se za mednarodne jackpote prek spleta","og_description":"Igranje mednarodnih loterij na spletu vam da ve\u010d mo\u017enosti in bolj\u0161a razmerja - ugotovite, zakaj!","og_url":"https:\/\/redfoxlotto.com\/sl\/igraj\/","og_site_name":"Get Tickets for the World\u2019s largest jackpots","article_modified_time":"2025-12-15T19:56:05+00:00","og_image":[{"url":"https:\/\/content.redfoxlotto.com\/uploads\/sites\/9\/1_playing_lottery_online.jpg","type":"","width":"","height":""}],"twitter_card":"summary_large_image","twitter_misc":{"Est. reading time":"4 minute"},"schema":{"@context":"https:\/\/schema.org","@graph":[{"@type":"WebPage","@id":"https:\/\/redfoxlotto.com\/sl\/igraj\/","url":"https:\/\/redfoxlotto.com\/sl\/igraj\/","name":"Potegujte se za mednarodne jackpote prek spleta","isPartOf":{"@id":"https:\/\/redfoxlotto.com\/sl\/#website"},"primaryImageOfPage":{"@id":"https:\/\/redfoxlotto.com\/sl\/igraj\/#primaryimage"},"image":{"@id":"https:\/\/redfoxlotto.com\/sl\/igraj\/#primaryimage"},"thumbnailUrl":"https:\/\/content.redfoxlotto.com\/uploads\/sites\/9\/1_playing_lottery_online.jpg","datePublished":"2023-04-24T14:10:57+00:00","dateModified":"2025-12-15T19:56:05+00:00","description":"Igranje mednarodnih loterij na spletu vam da ve\u010d mo\u017enosti in bolj\u0161a razmerja - ugotovite, zakaj!","breadcrumb":{"@id":"https:\/\/redfoxlotto.com\/sl\/igraj\/#breadcrumb"},"inLanguage":"sl-SI","potentialAction":[{"@type":"ReadAction","target":["https:\/\/redfoxlotto.com\/sl\/igraj\/"]}]},{"@type":"ImageObject","inLanguage":"sl-SI","@id":"https:\/\/redfoxlotto.com\/sl\/igraj\/#primaryimage","url":"https:\/\/content.redfoxlotto.com\/uploads\/sites\/9\/1_playing_lottery_online.jpg","contentUrl":"https:\/\/content.redfoxlotto.com\/uploads\/sites\/9\/1_playing_lottery_online.jpg"},{"@type":"BreadcrumbList","@id":"https:\/\/redfoxlotto.com\/sl\/igraj\/#breadcrumb","itemListElement":[{"@type":"ListItem","position":1,"name":"Home","item":"https:\/\/redfoxlotto.com\/sl\/"},{"@type":"ListItem","position":2,"name":"Kako igrati loterijo v drugih dr\u017eavah"}]},{"@type":"WebSite","@id":"https:\/\/redfoxlotto.com\/sl\/#website","url":"https:\/\/redfoxlotto.com\/sl\/","name":"Get Tickets for the World\u2019s largest jackpots","description":"Participate in worldwide lottery jackpots from any country","publisher":{"@id":"https:\/\/redfoxlotto.com\/sl\/#organization"},"potentialAction":[{"@type":"SearchAction","target":{"@type":"EntryPoint","urlTemplate":"https:\/\/redfoxlotto.com\/sl\/?s={search_term_string}"},"query-input":{"@type":"PropertyValueSpecification","valueRequired":true,"valueName":"search_term_string"}}],"inLanguage":"sl-SI"},{"@type":"Organization","@id":"https:\/\/redfoxlotto.com\/sl\/#organization","name":"Get Tickets for the World\u2019s largest jackpots","url":"https:\/\/redfoxlotto.com\/sl\/","logo":{"@type":"ImageObject","inLanguage":"sl-SI","@id":"https:\/\/redfoxlotto.com\/sl\/#\/schema\/logo\/image\/","url":"https:\/\/redfoxlotto.com\/wp-content\/uploads\/2023\/04\/logo.png","contentUrl":"https:\/\/redfoxlotto.com\/wp-content\/uploads\/2023\/04\/logo.png","width":269,"height":53,"caption":"Get Tickets for the World\u2019s largest jackpots"},"image":{"@id":"https:\/\/redfoxlotto.com\/sl\/#\/schema\/logo\/image\/"}}]}},"_links":{"self":[{"href":"https:\/\/redfoxlotto.com\/sl\/wp-json\/wp\/v2\/pages\/17307","targetHints":{"allow":["GET"]}}],"collection":[{"href":"https:\/\/redfoxlotto.com\/sl\/wp-json\/wp\/v2\/pages"}],"about":[{"href":"https:\/\/redfoxlotto.com\/sl\/wp-json\/wp\/v2\/types\/page"}],"author":[{"embeddable":true,"href":"https:\/\/redfoxlotto.com\/sl\/wp-json\/wp\/v2\/users\/1"}],"replies":[{"embeddable":true,"href":"https:\/\/redfoxlotto.com\/sl\/wp-json\/wp\/v2\/comments?post=17307"}],"version-history":[{"count":0,"href":"https:\/\/redfoxlotto.com\/sl\/wp-json\/wp\/v2\/pages\/17307\/revisions"}],"wp:attachment":[{"href":"https:\/\/redfoxlotto.com\/sl\/wp-json\/wp\/v2\/media?parent=17307"}],"curies":[{"name":"wp","href":"https:\/\/api.w.org\/{rel}","templated":true}]}}