{"id":17302,"date":"2018-11-18T08:54:25","date_gmt":"2018-11-18T08:54:25","guid":{"rendered":"https:\/\/redfoxlotto.com\/?page_id=2634"},"modified":"2025-12-17T12:35:56","modified_gmt":"2025-12-17T12:35:56","slug":"powerball","status":"publish","type":"page","link":"https:\/\/redfoxlotto.com\/sl\/rezultati\/powerball\/","title":{"rendered":"Rezultati loterije Powerballa"},"content":{"rendered":"<script type=\"application\/ld+json\">\r\n{\r\n  \"@context\": \"https:\/\/schema.org\",\r\n  \"@type\": \"Service\",\r\n  \"name\": \"Preverite rezultate Powerball na spletu\",\r\n  \"url\": \"https:\/\/redfoxlotto.com\/sl\/rezultati\/powerball\/\",\r\n  \"description\": \"Obi\u0161\u010dite RedFoxLotto, da preverite najnovej\u0161e rezultate Powerball in na\u0161 arhiv rezultatov loterije.\",\r\n  \"serviceType\": \"Svetovni arhiv rezultatov loterije\",\r\n  \"provider\": {\r\n    \"@type\": \"Organization\",\r\n    \"name\": \"RedFoxLotto\",\r\n    \"url\": \"https:\/\/redfoxlotto.com\/sl\/rezultati\/powerball\/\",\r\n    \"image\": \"https:\/\/redfoxlotto.com\/wp-content\/uploads\/2025\/12\/ticket_scans.jpg\",\r\n    \"sameAs\": []\r\n  },\r\n  \"areaServed\": \"Worldwide\",\r\n  \"termsOfService\": \"https:\/\/redfoxlotto.com\/terms-and-conditions\",\r\n  \"additionalProperty\": {\r\n    \"@type\": \"PropertyValue\",\r\n    \"name\": \"FAQ\",\r\n    \"value\": \"https:\/\/redfoxlotto.com\/sl\/faq\/\"\r\n  },\r\n  \"hasOfferCatalog\": {\r\n    \"@type\": \"OfferCatalog\",\r\n    \"name\": \"Rezultati Powerball\",\r\n    \"itemListElement\": [\r\n      {\r\n        \"@type\": \"Offer\",\r\n        \"name\": \"Rezultati Powerball\",\r\n        \"url\": \"https:\/\/redfoxlotto.com\/sl\/rezultati\/powerball\/\",\r\n        \"description\": \"Tukaj najdete najnovej\u0161e in zgodovinske rezultate Powerball ter drugih velikih loterij\",\r\n        \"itemOffered\": {\r\n          \"@type\": \"Service\",\r\n          \"name\": \"Rezultati Powerball\",\r\n          \"description\": \"Powerball iz\u017erebane \u0161tevilke na spletu, nedavni in starej\u0161i rezultati.\"\r\n        }\r\n      }\r\n    ]\r\n  },\r\n  \"mainEntityOfPage\": {\r\n    \"@type\": \"WebPage\",\r\n    \"@id\": \"https:\/\/redfoxlotto.com\/sl\/rezultati\/powerball\/\"\r\n  }\r\n}\r\n<\/script><h2 class=\"wp-block-heading\">Kje najdete zmagovalne \u0161tevilke za Powerball loterijo<\/h2><p><img decoding=\"async\" class=\"size-full wp-image alignright\" src=\"https:\/\/content.redfoxlotto.com\/uploads\/sites\/9\/1_results_powerball.jpg\" alt=\"rezultati loterije\"><\/p><p>Na na\u0161i spletni strani vam imate vpogled v vse rezultate \u017erebanj loterije Powerball, tako zmagovalne \u0161tevilke za teko\u010di teden kot tudi za pretekla \u017erebanja.<\/p><p>Seveda vam ne bomo prikazali rezultatov samo Powerball loterijo. Pri nas lahko preverite rezultate vseh najbolj priljubljenih iger na sre\u010do po celem svetu. Toda, ko gre za Powerball, se dobro zavedamo, zakaj vas ta zanima. Kdor ima na svojem listku vse iz\u017erebane \u0161tevilke, postane multimilijonar. Zmagovalne \u0161tevilke preteklih neodlo\u010denih izidov si lahko ogledate tudi v na\u0161em arhivu.<\/p><h2 class=\"wp-block-heading\">Powerball Jackpot<\/h2><p>Jackpot pri Powerball loteriji se za\u010dne pri najmanj 40.000.000 $. Rekordne vrednost jackpota zna\u0161a neverjetnih 1.500.000.000 $ ali 1,5 milijarde USD! Pravzaprav se redko zgodi, da bi kdo osvojil samo najmanj\u0161i Powerball jackpot. \u010ceprav vrednosti milijarde ne prese\u017ee prav pogosto, se pa pogosto zgodi, da se tej vrednosti zares pribli\u017ea.<\/p><h2 class=\"wp-block-heading\">Powerball nagrade in Powerball dobitniki<\/h2><p>Powerballu ima devet zmagovalnih stopenj. V vsakem \u017erebu zmaga na stotine tiso\u010d igralcev. Tabela na tej strani prikazuje tudi dobitne zneske. \u010ce se vsaj dve va\u0161i \u0161tevilki ujemata z iz\u017erebanimi, boste dobili nagrado.<\/p><h2 class=\"wp-block-heading\">Kako do loterijskega listka<\/h2><p>\u010ce raziskujete Powerball rezultate in zmagovalne \u0161tevilke, verjetno i\u0161\u010dete tudi na\u010dine, kako to igro dejansko igrati, kajne? No, na va\u0161o sre\u010do ne potrebujete veliko. Loterijske listke, ki jih i\u0161\u010dete, vam lahko v kratkem priskrbimo.<\/p><p><img decoding=\"async\" class=\"size-full wp-image alignright\" src=\"https:\/\/content.redfoxlotto.com\/uploads\/sites\/9\/1_winning_numbers_powerball.jpg\" alt=\"Zmagovalec Powerball loterije\"><\/p><p>Na\u0161 postopek za pridobitev loterijskih listkov je le nekaj preprostih korakov. Prvi je, da se morate odlo\u010diti, katero igro \u017eelite igrati.<\/p><p>Nato izberete \u0161tevilke za va\u0161 listek. Na\u0161 sistem vas bo celo obvestil, ali morate za listek izbrati ve\u010d ali manj \u0161tevilk, da boste zagotovo dobili veljaven listek.<\/p><p>Od tu naprej ustvarite igralni ra\u010dun, \u010de ga seveda \u0161e nimate, in nastavite svoj najljub\u0161i na\u010din pla\u010dila. Na koncu kliknete gumb za vpla\u010dilo listkov, za vse drugo pa poskrbimo mi.<\/p><h2 class=\"wp-block-heading\">Izpla\u010dila<\/h2><p>Torej, kaj se zgodi, ko preverite rezultate in ugotovite, da ste dobitnik nagrade? No, \u010de osvojite majhen znesek, bomo denar takoj nakazali na va\u0161 igralni ra\u010dun. \u010ce pa ste dobitnik velikega zneska, na\u0161a ekipa za podporo vzpostavi stik z vami in ugotovi, na kak\u0161en na\u010din \u017eelite prejeti izpla\u010dilo.<\/p>","protected":false},"excerpt":{"rendered":"<p>Kje najdete zmagovalne \u0161tevilke za Powerball loterijo Na na\u0161i spletni strani vam imate vpogled v vse rezultate \u017erebanj loterije Powerball, tako zmagovalne \u0161tevilke za teko\u010di teden kot tudi za pretekla \u017erebanja. Seveda vam ne bomo prikazali rezultatov samo Powerball loterijo. Pri nas lahko preverite rezultate vseh najbolj priljubljenih iger na sre\u010do po celem svetu. Toda, [&hellip;]<\/p>\n","protected":false},"author":1,"featured_media":0,"parent":17297,"menu_order":1,"comment_status":"closed","ping_status":"closed","template":"powerball-usa-results.php","meta":{"_et_pb_use_builder":"","_et_pb_old_content":"","_et_gb_content_width":"","exclude_from_search":false,"footnotes":""},"class_list":["post-17302","page","type-page","status-publish","hentry"],"yoast_head":"<!-- This site is optimized with the Yoast SEO plugin v23.8 - https:\/\/yoast.com\/wordpress\/plugins\/seo\/ -->\n<title>Rezultati Powerball loterije in dobitne \u0161tevilke<\/title>\n<meta name=\"description\" content=\"Tukaj preverite najnovej\u0161e rezultate za Powerball loterijo, vklju\u010dno z arhivom za pretekla \u017erebanja\" \/>\n<meta name=\"robots\" content=\"index, follow, max-snippet:-1, max-image-preview:large, max-video-preview:-1\" \/>\n<link rel=\"canonical\" href=\"https:\/\/redfoxlotto.com\/sl\/rezultati\/powerball\/\" \/>\n<meta property=\"og:locale\" content=\"sl_SI\" \/>\n<meta property=\"og:type\" content=\"article\" \/>\n<meta property=\"og:title\" content=\"Rezultati Powerball loterije in dobitne \u0161tevilke\" \/>\n<meta property=\"og:description\" content=\"Tukaj preverite najnovej\u0161e rezultate za Powerball loterijo, vklju\u010dno z arhivom za pretekla \u017erebanja\" \/>\n<meta property=\"og:url\" content=\"https:\/\/redfoxlotto.com\/sl\/rezultati\/powerball\/\" \/>\n<meta property=\"og:site_name\" content=\"Get Tickets for the World\u2019s largest jackpots\" \/>\n<meta property=\"article:modified_time\" content=\"2025-12-17T12:35:56+00:00\" \/>\n<meta property=\"og:image\" content=\"https:\/\/content.redfoxlotto.com\/uploads\/sites\/9\/1_results_powerball.jpg\" \/>\n<meta name=\"twitter:card\" content=\"summary_large_image\" \/>\n<meta name=\"twitter:label1\" content=\"Est. reading time\" \/>\n\t<meta name=\"twitter:data1\" content=\"2 minuti\" \/>\n<script type=\"application\/ld+json\" class=\"yoast-schema-graph\">{\"@context\":\"https:\/\/schema.org\",\"@graph\":[{\"@type\":\"WebPage\",\"@id\":\"https:\/\/redfoxlotto.com\/sl\/rezultati\/powerball\/\",\"url\":\"https:\/\/redfoxlotto.com\/sl\/rezultati\/powerball\/\",\"name\":\"Rezultati Powerball loterije in dobitne \u0161tevilke\",\"isPartOf\":{\"@id\":\"https:\/\/redfoxlotto.com\/sl\/#website\"},\"primaryImageOfPage\":{\"@id\":\"https:\/\/redfoxlotto.com\/sl\/rezultati\/powerball\/#primaryimage\"},\"image\":{\"@id\":\"https:\/\/redfoxlotto.com\/sl\/rezultati\/powerball\/#primaryimage\"},\"thumbnailUrl\":\"https:\/\/content.redfoxlotto.com\/uploads\/sites\/9\/1_results_powerball.jpg\",\"datePublished\":\"2018-11-18T08:54:25+00:00\",\"dateModified\":\"2025-12-17T12:35:56+00:00\",\"description\":\"Tukaj preverite najnovej\u0161e rezultate za Powerball loterijo, vklju\u010dno z arhivom za pretekla \u017erebanja\",\"breadcrumb\":{\"@id\":\"https:\/\/redfoxlotto.com\/sl\/rezultati\/powerball\/#breadcrumb\"},\"inLanguage\":\"sl-SI\",\"potentialAction\":[{\"@type\":\"ReadAction\",\"target\":[\"https:\/\/redfoxlotto.com\/sl\/rezultati\/powerball\/\"]}]},{\"@type\":\"ImageObject\",\"inLanguage\":\"sl-SI\",\"@id\":\"https:\/\/redfoxlotto.com\/sl\/rezultati\/powerball\/#primaryimage\",\"url\":\"https:\/\/content.redfoxlotto.com\/uploads\/sites\/9\/1_results_powerball.jpg\",\"contentUrl\":\"https:\/\/content.redfoxlotto.com\/uploads\/sites\/9\/1_results_powerball.jpg\"},{\"@type\":\"BreadcrumbList\",\"@id\":\"https:\/\/redfoxlotto.com\/sl\/rezultati\/powerball\/#breadcrumb\",\"itemListElement\":[{\"@type\":\"ListItem\",\"position\":1,\"name\":\"Home\",\"item\":\"https:\/\/redfoxlotto.com\/sl\/\"},{\"@type\":\"ListItem\",\"position\":2,\"name\":\"Rezultati mednarodnih loterij\",\"item\":\"https:\/\/redfoxlotto.com\/sl\/rezultati\/\"},{\"@type\":\"ListItem\",\"position\":3,\"name\":\"Rezultati loterije Powerballa\"}]},{\"@type\":\"WebSite\",\"@id\":\"https:\/\/redfoxlotto.com\/sl\/#website\",\"url\":\"https:\/\/redfoxlotto.com\/sl\/\",\"name\":\"Get Tickets for the World\u2019s largest jackpots\",\"description\":\"Participate in worldwide lottery jackpots from any country\",\"publisher\":{\"@id\":\"https:\/\/redfoxlotto.com\/sl\/#organization\"},\"potentialAction\":[{\"@type\":\"SearchAction\",\"target\":{\"@type\":\"EntryPoint\",\"urlTemplate\":\"https:\/\/redfoxlotto.com\/sl\/?s={search_term_string}\"},\"query-input\":{\"@type\":\"PropertyValueSpecification\",\"valueRequired\":true,\"valueName\":\"search_term_string\"}}],\"inLanguage\":\"sl-SI\"},{\"@type\":\"Organization\",\"@id\":\"https:\/\/redfoxlotto.com\/sl\/#organization\",\"name\":\"Get Tickets for the World\u2019s largest jackpots\",\"url\":\"https:\/\/redfoxlotto.com\/sl\/\",\"logo\":{\"@type\":\"ImageObject\",\"inLanguage\":\"sl-SI\",\"@id\":\"https:\/\/redfoxlotto.com\/sl\/#\/schema\/logo\/image\/\",\"url\":\"https:\/\/redfoxlotto.com\/wp-content\/uploads\/2023\/04\/logo.png\",\"contentUrl\":\"https:\/\/redfoxlotto.com\/wp-content\/uploads\/2023\/04\/logo.png\",\"width\":269,\"height\":53,\"caption\":\"Get Tickets for the World\u2019s largest jackpots\"},\"image\":{\"@id\":\"https:\/\/redfoxlotto.com\/sl\/#\/schema\/logo\/image\/\"}}]}<\/script>\n<!-- \/ Yoast SEO plugin. -->","yoast_head_json":{"title":"Rezultati Powerball loterije in dobitne \u0161tevilke","description":"Tukaj preverite najnovej\u0161e rezultate za Powerball loterijo, vklju\u010dno z arhivom za pretekla \u017erebanja","robots":{"index":"index","follow":"follow","max-snippet":"max-snippet:-1","max-image-preview":"max-image-preview:large","max-video-preview":"max-video-preview:-1"},"canonical":"https:\/\/redfoxlotto.com\/sl\/rezultati\/powerball\/","og_locale":"sl_SI","og_type":"article","og_title":"Rezultati Powerball loterije in dobitne \u0161tevilke","og_description":"Tukaj preverite najnovej\u0161e rezultate za Powerball loterijo, vklju\u010dno z arhivom za pretekla \u017erebanja","og_url":"https:\/\/redfoxlotto.com\/sl\/rezultati\/powerball\/","og_site_name":"Get Tickets for the World\u2019s largest jackpots","article_modified_time":"2025-12-17T12:35:56+00:00","og_image":[{"url":"https:\/\/content.redfoxlotto.com\/uploads\/sites\/9\/1_results_powerball.jpg"}],"twitter_card":"summary_large_image","twitter_misc":{"Est. reading time":"2 minuti"},"schema":{"@context":"https:\/\/schema.org","@graph":[{"@type":"WebPage","@id":"https:\/\/redfoxlotto.com\/sl\/rezultati\/powerball\/","url":"https:\/\/redfoxlotto.com\/sl\/rezultati\/powerball\/","name":"Rezultati Powerball loterije in dobitne \u0161tevilke","isPartOf":{"@id":"https:\/\/redfoxlotto.com\/sl\/#website"},"primaryImageOfPage":{"@id":"https:\/\/redfoxlotto.com\/sl\/rezultati\/powerball\/#primaryimage"},"image":{"@id":"https:\/\/redfoxlotto.com\/sl\/rezultati\/powerball\/#primaryimage"},"thumbnailUrl":"https:\/\/content.redfoxlotto.com\/uploads\/sites\/9\/1_results_powerball.jpg","datePublished":"2018-11-18T08:54:25+00:00","dateModified":"2025-12-17T12:35:56+00:00","description":"Tukaj preverite najnovej\u0161e rezultate za Powerball loterijo, vklju\u010dno z arhivom za pretekla \u017erebanja","breadcrumb":{"@id":"https:\/\/redfoxlotto.com\/sl\/rezultati\/powerball\/#breadcrumb"},"inLanguage":"sl-SI","potentialAction":[{"@type":"ReadAction","target":["https:\/\/redfoxlotto.com\/sl\/rezultati\/powerball\/"]}]},{"@type":"ImageObject","inLanguage":"sl-SI","@id":"https:\/\/redfoxlotto.com\/sl\/rezultati\/powerball\/#primaryimage","url":"https:\/\/content.redfoxlotto.com\/uploads\/sites\/9\/1_results_powerball.jpg","contentUrl":"https:\/\/content.redfoxlotto.com\/uploads\/sites\/9\/1_results_powerball.jpg"},{"@type":"BreadcrumbList","@id":"https:\/\/redfoxlotto.com\/sl\/rezultati\/powerball\/#breadcrumb","itemListElement":[{"@type":"ListItem","position":1,"name":"Home","item":"https:\/\/redfoxlotto.com\/sl\/"},{"@type":"ListItem","position":2,"name":"Rezultati mednarodnih loterij","item":"https:\/\/redfoxlotto.com\/sl\/rezultati\/"},{"@type":"ListItem","position":3,"name":"Rezultati loterije Powerballa"}]},{"@type":"WebSite","@id":"https:\/\/redfoxlotto.com\/sl\/#website","url":"https:\/\/redfoxlotto.com\/sl\/","name":"Get Tickets for the World\u2019s largest jackpots","description":"Participate in worldwide lottery jackpots from any country","publisher":{"@id":"https:\/\/redfoxlotto.com\/sl\/#organization"},"potentialAction":[{"@type":"SearchAction","target":{"@type":"EntryPoint","urlTemplate":"https:\/\/redfoxlotto.com\/sl\/?s={search_term_string}"},"query-input":{"@type":"PropertyValueSpecification","valueRequired":true,"valueName":"search_term_string"}}],"inLanguage":"sl-SI"},{"@type":"Organization","@id":"https:\/\/redfoxlotto.com\/sl\/#organization","name":"Get Tickets for the World\u2019s largest jackpots","url":"https:\/\/redfoxlotto.com\/sl\/","logo":{"@type":"ImageObject","inLanguage":"sl-SI","@id":"https:\/\/redfoxlotto.com\/sl\/#\/schema\/logo\/image\/","url":"https:\/\/redfoxlotto.com\/wp-content\/uploads\/2023\/04\/logo.png","contentUrl":"https:\/\/redfoxlotto.com\/wp-content\/uploads\/2023\/04\/logo.png","width":269,"height":53,"caption":"Get Tickets for the World\u2019s largest jackpots"},"image":{"@id":"https:\/\/redfoxlotto.com\/sl\/#\/schema\/logo\/image\/"}}]}},"_links":{"self":[{"href":"https:\/\/redfoxlotto.com\/sl\/wp-json\/wp\/v2\/pages\/17302","targetHints":{"allow":["GET"]}}],"collection":[{"href":"https:\/\/redfoxlotto.com\/sl\/wp-json\/wp\/v2\/pages"}],"about":[{"href":"https:\/\/redfoxlotto.com\/sl\/wp-json\/wp\/v2\/types\/page"}],"author":[{"embeddable":true,"href":"https:\/\/redfoxlotto.com\/sl\/wp-json\/wp\/v2\/users\/1"}],"replies":[{"embeddable":true,"href":"https:\/\/redfoxlotto.com\/sl\/wp-json\/wp\/v2\/comments?post=17302"}],"version-history":[{"count":0,"href":"https:\/\/redfoxlotto.com\/sl\/wp-json\/wp\/v2\/pages\/17302\/revisions"}],"up":[{"embeddable":true,"href":"https:\/\/redfoxlotto.com\/sl\/wp-json\/wp\/v2\/pages\/17297"}],"wp:attachment":[{"href":"https:\/\/redfoxlotto.com\/sl\/wp-json\/wp\/v2\/media?parent=17302"}],"curies":[{"name":"wp","href":"https:\/\/api.w.org\/{rel}","templated":true}]}}