{"id":17300,"date":"2018-11-18T08:54:25","date_gmt":"2018-11-18T08:54:25","guid":{"rendered":"https:\/\/redfoxlotto.com\/?page_id=2630"},"modified":"2025-12-18T07:04:54","modified_gmt":"2025-12-18T07:04:54","slug":"mega-millions","status":"publish","type":"page","link":"https:\/\/redfoxlotto.com\/sl\/rezultati\/mega-millions\/","title":{"rendered":"Rezultati za Mega Millions"},"content":{"rendered":"<script type=\"application\/ld+json\">\r\n{\r\n  \"@context\": \"https:\/\/schema.org\",\r\n  \"@type\": \"Service\",\r\n  \"name\": \"Preverite rezultate Mega Millions na spletu\",\r\n  \"url\": \"https:\/\/redfoxlotto.com\/sl\/rezultati\/mega-millions\/\",\r\n  \"description\": \"Obi\u0161\u010dite RedFoxLotto, da preverite najnovej\u0161e rezultate Mega Millions in na\u0161 arhiv rezultatov loterij.\",\r\n  \"serviceType\": \"Svetovni arhiv rezultatov loterij\",\r\n\r\n  \"provider\": {\r\n    \"@type\": \"Organization\",\r\n    \"name\": \"RedFoxLotto\",\r\n    \"url\": \"https:\/\/redfoxlotto.com\/sl\/\",\r\n    \"image\": \"https:\/\/redfoxlotto.com\/wp-content\/uploads\/2025\/12\/ticket_scans.jpg\",\r\n    \"sameAs\": []\r\n  },\r\n\r\n  \"areaServed\": \"Worldwide\",\r\n  \"termsOfService\": \"https:\/\/redfoxlotto.com\/sl\/terms-and-conditions\/\",\r\n  \"additionalProperty\": {\r\n    \"@type\": \"PropertyValue\",\r\n    \"name\": \"FAQ\",\r\n    \"value\": \"https:\/\/redfoxlotto.com\/sl\/faq\/\"\r\n  },\r\n\r\n  \"hasOfferCatalog\": {\r\n    \"@type\": \"OfferCatalog\",\r\n    \"name\": \"Rezultati Mega Millions\",\r\n    \"itemListElement\": [\r\n      {\r\n        \"@type\": \"Offer\",\r\n        \"name\": \"Rezultati Mega Millions\",\r\n        \"url\": \"https:\/\/redfoxlotto.com\/sl\/rezultati\/mega-millions\/\",\r\n        \"description\": \"Poi\u0161\u010dite tukaj najnovej\u0161e in zgodovinske rezultate Mega Millions.\",\r\n        \"price\": \"13.00\",\r\n        \"priceCurrency\": \"EUR\",\r\n        \"availability\": \"https:\/\/schema.org\/InStock\",\r\n        \"itemOffered\": {\r\n          \"@type\": \"Service\",\r\n          \"name\": \"Rezultati Mega Millions\",\r\n          \"description\": \"Online iz\u017erebane \u0161tevilke Mega Millions, najnovej\u0161i in starej\u0161i rezultati.\"\r\n        }\r\n      }\r\n    ]\r\n  },\r\n\r\n  \"mainEntityOfPage\": {\r\n    \"@type\": \"WebPage\",\r\n    \"@id\": \"https:\/\/redfoxlotto.com\/sl\/rezultati\/mega-millions\/\"\r\n  }\r\n}\r\n<\/script><p>I\u0161\u010dete zadnje rezultate \u017erebanja za loterijo Mega Millions iz ZDA? Najdete jih tukaj, pa tudi arhiv s \u0161tevilkami prej\u0161njih \u017erebanj.<\/p><h2 class=\"wp-block-heading\">Mega Millions Jackpot<\/h2><p><img decoding=\"async\" class=\"size-full wp-image alignright\" src=\"https:\/\/content.redfoxlotto.com\/uploads\/sites\/9\/1_results_mega_millions.jpg\" alt=\"rezultati loterije\"><\/p><p>Vrednost najni\u017ejega jackpota v loteriji Mega Millions je 40 milijonov dolarjev. To pomeni, da \u010de nekdo danes zadene jackpot, se bo na naslednjem \u017erebanju jackpot za\u010del s 40 milijoni dolarjev. Torej najmanj\u0161i znesek (seveda pred obdav\u010ditvijo), ki ga lahko osvojite, je 40 milijonov dolarjev.<\/p><p>Dejstvo pa je, da vrednost jackpota za ameri\u0161ki Mega Millions precej hitro naraste. Najvi\u0161ja vrednost Mega Millions jackpota, kar jih je kdaj dosegel, zna\u0161a ve\u010d kot 1,5 milijarde! To je vsekakor \u0161tevilka, ki si jo je vsak Ameri\u010dan \u017eeleli zadeti, zato so prodali milijone vstopnic. Vendar Ameri\u010dani niso edini, ki to igro lahko igrajo.<\/p><h2 class=\"wp-block-heading\">Stopnje Mega Millions nagrad<\/h2><p>V na\u0161i tabeli si lahko ogledate tudi razpolo\u017eljive stopnje nagrad in zneske dobitkov. Navsezadnje lahko pri Mega Millions loteriji dejansko nekaj osvojite, \u017ee \u010de imete pravilno samo Mega Ball \u0161tevilko ali pa \u010de sta pravilni samo 2 redni \u0161tevilki. To pomeni, da imate kar nekaj dobrih mo\u017enosti, da za svoj vlo\u017eeni denar dobite nekaj nazaj.<\/p><h2 class=\"wp-block-heading\">Igranje Mega Millions<\/h2><p>\u010ce ste pripravljeni na igranje loterije Mega Millions, vendar niste iz ZDA, boste potrebovali nek na\u010din za vpla\u010dilo listkov, kajne? Mi vam bomo pomagali, da si pridobite \u017eeleni loterijski listek. Pri nas boste morali ustvariti svoj igralni ra\u010dun in naro\u010diti loterijske listke. Tako je va\u0161 del kon\u010dan. Od tam naprej mi poskrbimo, da za vas vpla\u010damo dejanski listek v ZDA.<\/p><p><img decoding=\"async\" class=\"size-full wp-image alignright\" src=\"https:\/\/content.redfoxlotto.com\/uploads\/sites\/9\/1_lottery_winner_is2.jpg\" alt=\"Mega Millions jackpot\"><\/p><p>Kmalu po vpla\u010dilu listka bo dejansko vpla\u010dani listek viden na va\u0161em igralnem ra\u010dunu. V na\u0161em sistemu pa si boste lahko ogledali tudi, ali ste kaj osvojili, saj vam zelo olaj\u0161amo iskanje Mega Millions rezultatov in zmagovalnih \u0161tevilk. Vse pravilne \u0161tevilke na va\u0161em listku bodo ozna\u010dene v na\u0161em sistemu.Tako lahko takoj vidite, koliko pravilnih \u0161tevilk imate!<\/p>","protected":false},"excerpt":{"rendered":"<p>I\u0161\u010dete zadnje rezultate \u017erebanja za loterijo Mega Millions iz ZDA? Najdete jih tukaj, pa tudi arhiv s \u0161tevilkami prej\u0161njih \u017erebanj. Mega Millions Jackpot Vrednost najni\u017ejega jackpota v loteriji Mega Millions je 40 milijonov dolarjev. To pomeni, da \u010de nekdo danes zadene jackpot, se bo na naslednjem \u017erebanju jackpot za\u010del s 40 milijoni dolarjev. Torej najmanj\u0161i [&hellip;]<\/p>\n","protected":false},"author":1,"featured_media":0,"parent":17297,"menu_order":2,"comment_status":"closed","ping_status":"closed","template":"megamillion-results.php","meta":{"_et_pb_use_builder":"","_et_pb_old_content":"","_et_gb_content_width":"","exclude_from_search":false,"footnotes":""},"class_list":["post-17300","page","type-page","status-publish","hentry"],"yoast_head":"<!-- This site is optimized with the Yoast SEO plugin v23.8 - https:\/\/yoast.com\/wordpress\/plugins\/seo\/ -->\n<title>Zmagovalne \u0161tevilke in rezultati Mega Millions loterije<\/title>\n<meta name=\"description\" content=\"Preverite Mega Millions zmagovalne \u0161tevilke in rezultate na na\u0161i spletni strani, z arhivom preteklih iz\u017erebanj\" \/>\n<meta name=\"robots\" content=\"index, follow, max-snippet:-1, max-image-preview:large, max-video-preview:-1\" \/>\n<link rel=\"canonical\" href=\"https:\/\/redfoxlotto.com\/sl\/rezultati\/mega-millions\/\" \/>\n<meta property=\"og:locale\" content=\"sl_SI\" \/>\n<meta property=\"og:type\" content=\"article\" \/>\n<meta property=\"og:title\" content=\"Zmagovalne \u0161tevilke in rezultati Mega Millions loterije\" \/>\n<meta property=\"og:description\" content=\"Preverite Mega Millions zmagovalne \u0161tevilke in rezultate na na\u0161i spletni strani, z arhivom preteklih iz\u017erebanj\" \/>\n<meta property=\"og:url\" content=\"https:\/\/redfoxlotto.com\/sl\/rezultati\/mega-millions\/\" \/>\n<meta property=\"og:site_name\" content=\"Get Tickets for the World\u2019s largest jackpots\" \/>\n<meta property=\"article:modified_time\" content=\"2025-12-18T07:04:54+00:00\" \/>\n<meta property=\"og:image\" content=\"https:\/\/content.redfoxlotto.com\/uploads\/sites\/9\/1_results_mega_millions.jpg\" \/>\n<meta name=\"twitter:card\" content=\"summary_large_image\" \/>\n<meta name=\"twitter:label1\" content=\"Est. reading time\" \/>\n\t<meta name=\"twitter:data1\" content=\"2 minuti\" \/>\n<script type=\"application\/ld+json\" class=\"yoast-schema-graph\">{\"@context\":\"https:\/\/schema.org\",\"@graph\":[{\"@type\":\"WebPage\",\"@id\":\"https:\/\/redfoxlotto.com\/sl\/rezultati\/mega-millions\/\",\"url\":\"https:\/\/redfoxlotto.com\/sl\/rezultati\/mega-millions\/\",\"name\":\"Zmagovalne \u0161tevilke in rezultati Mega Millions loterije\",\"isPartOf\":{\"@id\":\"https:\/\/redfoxlotto.com\/sl\/#website\"},\"primaryImageOfPage\":{\"@id\":\"https:\/\/redfoxlotto.com\/sl\/rezultati\/mega-millions\/#primaryimage\"},\"image\":{\"@id\":\"https:\/\/redfoxlotto.com\/sl\/rezultati\/mega-millions\/#primaryimage\"},\"thumbnailUrl\":\"https:\/\/content.redfoxlotto.com\/uploads\/sites\/9\/1_results_mega_millions.jpg\",\"datePublished\":\"2018-11-18T08:54:25+00:00\",\"dateModified\":\"2025-12-18T07:04:54+00:00\",\"description\":\"Preverite Mega Millions zmagovalne \u0161tevilke in rezultate na na\u0161i spletni strani, z arhivom preteklih iz\u017erebanj\",\"breadcrumb\":{\"@id\":\"https:\/\/redfoxlotto.com\/sl\/rezultati\/mega-millions\/#breadcrumb\"},\"inLanguage\":\"sl-SI\",\"potentialAction\":[{\"@type\":\"ReadAction\",\"target\":[\"https:\/\/redfoxlotto.com\/sl\/rezultati\/mega-millions\/\"]}]},{\"@type\":\"ImageObject\",\"inLanguage\":\"sl-SI\",\"@id\":\"https:\/\/redfoxlotto.com\/sl\/rezultati\/mega-millions\/#primaryimage\",\"url\":\"https:\/\/content.redfoxlotto.com\/uploads\/sites\/9\/1_results_mega_millions.jpg\",\"contentUrl\":\"https:\/\/content.redfoxlotto.com\/uploads\/sites\/9\/1_results_mega_millions.jpg\"},{\"@type\":\"BreadcrumbList\",\"@id\":\"https:\/\/redfoxlotto.com\/sl\/rezultati\/mega-millions\/#breadcrumb\",\"itemListElement\":[{\"@type\":\"ListItem\",\"position\":1,\"name\":\"Home\",\"item\":\"https:\/\/redfoxlotto.com\/sl\/\"},{\"@type\":\"ListItem\",\"position\":2,\"name\":\"Rezultati mednarodnih loterij\",\"item\":\"https:\/\/redfoxlotto.com\/sl\/rezultati\/\"},{\"@type\":\"ListItem\",\"position\":3,\"name\":\"Rezultati za Mega Millions\"}]},{\"@type\":\"WebSite\",\"@id\":\"https:\/\/redfoxlotto.com\/sl\/#website\",\"url\":\"https:\/\/redfoxlotto.com\/sl\/\",\"name\":\"Get Tickets for the World\u2019s largest jackpots\",\"description\":\"Participate in worldwide lottery jackpots from any country\",\"publisher\":{\"@id\":\"https:\/\/redfoxlotto.com\/sl\/#organization\"},\"potentialAction\":[{\"@type\":\"SearchAction\",\"target\":{\"@type\":\"EntryPoint\",\"urlTemplate\":\"https:\/\/redfoxlotto.com\/sl\/?s={search_term_string}\"},\"query-input\":{\"@type\":\"PropertyValueSpecification\",\"valueRequired\":true,\"valueName\":\"search_term_string\"}}],\"inLanguage\":\"sl-SI\"},{\"@type\":\"Organization\",\"@id\":\"https:\/\/redfoxlotto.com\/sl\/#organization\",\"name\":\"Get Tickets for the World\u2019s largest jackpots\",\"url\":\"https:\/\/redfoxlotto.com\/sl\/\",\"logo\":{\"@type\":\"ImageObject\",\"inLanguage\":\"sl-SI\",\"@id\":\"https:\/\/redfoxlotto.com\/sl\/#\/schema\/logo\/image\/\",\"url\":\"https:\/\/redfoxlotto.com\/wp-content\/uploads\/2023\/04\/logo.png\",\"contentUrl\":\"https:\/\/redfoxlotto.com\/wp-content\/uploads\/2023\/04\/logo.png\",\"width\":269,\"height\":53,\"caption\":\"Get Tickets for the World\u2019s largest jackpots\"},\"image\":{\"@id\":\"https:\/\/redfoxlotto.com\/sl\/#\/schema\/logo\/image\/\"}}]}<\/script>\n<!-- \/ Yoast SEO plugin. -->","yoast_head_json":{"title":"Zmagovalne \u0161tevilke in rezultati Mega Millions loterije","description":"Preverite Mega Millions zmagovalne \u0161tevilke in rezultate na na\u0161i spletni strani, z arhivom preteklih iz\u017erebanj","robots":{"index":"index","follow":"follow","max-snippet":"max-snippet:-1","max-image-preview":"max-image-preview:large","max-video-preview":"max-video-preview:-1"},"canonical":"https:\/\/redfoxlotto.com\/sl\/rezultati\/mega-millions\/","og_locale":"sl_SI","og_type":"article","og_title":"Zmagovalne \u0161tevilke in rezultati Mega Millions loterije","og_description":"Preverite Mega Millions zmagovalne \u0161tevilke in rezultate na na\u0161i spletni strani, z arhivom preteklih iz\u017erebanj","og_url":"https:\/\/redfoxlotto.com\/sl\/rezultati\/mega-millions\/","og_site_name":"Get Tickets for the World\u2019s largest jackpots","article_modified_time":"2025-12-18T07:04:54+00:00","og_image":[{"url":"https:\/\/content.redfoxlotto.com\/uploads\/sites\/9\/1_results_mega_millions.jpg"}],"twitter_card":"summary_large_image","twitter_misc":{"Est. reading time":"2 minuti"},"schema":{"@context":"https:\/\/schema.org","@graph":[{"@type":"WebPage","@id":"https:\/\/redfoxlotto.com\/sl\/rezultati\/mega-millions\/","url":"https:\/\/redfoxlotto.com\/sl\/rezultati\/mega-millions\/","name":"Zmagovalne \u0161tevilke in rezultati Mega Millions loterije","isPartOf":{"@id":"https:\/\/redfoxlotto.com\/sl\/#website"},"primaryImageOfPage":{"@id":"https:\/\/redfoxlotto.com\/sl\/rezultati\/mega-millions\/#primaryimage"},"image":{"@id":"https:\/\/redfoxlotto.com\/sl\/rezultati\/mega-millions\/#primaryimage"},"thumbnailUrl":"https:\/\/content.redfoxlotto.com\/uploads\/sites\/9\/1_results_mega_millions.jpg","datePublished":"2018-11-18T08:54:25+00:00","dateModified":"2025-12-18T07:04:54+00:00","description":"Preverite Mega Millions zmagovalne \u0161tevilke in rezultate na na\u0161i spletni strani, z arhivom preteklih iz\u017erebanj","breadcrumb":{"@id":"https:\/\/redfoxlotto.com\/sl\/rezultati\/mega-millions\/#breadcrumb"},"inLanguage":"sl-SI","potentialAction":[{"@type":"ReadAction","target":["https:\/\/redfoxlotto.com\/sl\/rezultati\/mega-millions\/"]}]},{"@type":"ImageObject","inLanguage":"sl-SI","@id":"https:\/\/redfoxlotto.com\/sl\/rezultati\/mega-millions\/#primaryimage","url":"https:\/\/content.redfoxlotto.com\/uploads\/sites\/9\/1_results_mega_millions.jpg","contentUrl":"https:\/\/content.redfoxlotto.com\/uploads\/sites\/9\/1_results_mega_millions.jpg"},{"@type":"BreadcrumbList","@id":"https:\/\/redfoxlotto.com\/sl\/rezultati\/mega-millions\/#breadcrumb","itemListElement":[{"@type":"ListItem","position":1,"name":"Home","item":"https:\/\/redfoxlotto.com\/sl\/"},{"@type":"ListItem","position":2,"name":"Rezultati mednarodnih loterij","item":"https:\/\/redfoxlotto.com\/sl\/rezultati\/"},{"@type":"ListItem","position":3,"name":"Rezultati za Mega Millions"}]},{"@type":"WebSite","@id":"https:\/\/redfoxlotto.com\/sl\/#website","url":"https:\/\/redfoxlotto.com\/sl\/","name":"Get Tickets for the World\u2019s largest jackpots","description":"Participate in worldwide lottery jackpots from any country","publisher":{"@id":"https:\/\/redfoxlotto.com\/sl\/#organization"},"potentialAction":[{"@type":"SearchAction","target":{"@type":"EntryPoint","urlTemplate":"https:\/\/redfoxlotto.com\/sl\/?s={search_term_string}"},"query-input":{"@type":"PropertyValueSpecification","valueRequired":true,"valueName":"search_term_string"}}],"inLanguage":"sl-SI"},{"@type":"Organization","@id":"https:\/\/redfoxlotto.com\/sl\/#organization","name":"Get Tickets for the World\u2019s largest jackpots","url":"https:\/\/redfoxlotto.com\/sl\/","logo":{"@type":"ImageObject","inLanguage":"sl-SI","@id":"https:\/\/redfoxlotto.com\/sl\/#\/schema\/logo\/image\/","url":"https:\/\/redfoxlotto.com\/wp-content\/uploads\/2023\/04\/logo.png","contentUrl":"https:\/\/redfoxlotto.com\/wp-content\/uploads\/2023\/04\/logo.png","width":269,"height":53,"caption":"Get Tickets for the World\u2019s largest jackpots"},"image":{"@id":"https:\/\/redfoxlotto.com\/sl\/#\/schema\/logo\/image\/"}}]}},"_links":{"self":[{"href":"https:\/\/redfoxlotto.com\/sl\/wp-json\/wp\/v2\/pages\/17300","targetHints":{"allow":["GET"]}}],"collection":[{"href":"https:\/\/redfoxlotto.com\/sl\/wp-json\/wp\/v2\/pages"}],"about":[{"href":"https:\/\/redfoxlotto.com\/sl\/wp-json\/wp\/v2\/types\/page"}],"author":[{"embeddable":true,"href":"https:\/\/redfoxlotto.com\/sl\/wp-json\/wp\/v2\/users\/1"}],"replies":[{"embeddable":true,"href":"https:\/\/redfoxlotto.com\/sl\/wp-json\/wp\/v2\/comments?post=17300"}],"version-history":[{"count":0,"href":"https:\/\/redfoxlotto.com\/sl\/wp-json\/wp\/v2\/pages\/17300\/revisions"}],"up":[{"embeddable":true,"href":"https:\/\/redfoxlotto.com\/sl\/wp-json\/wp\/v2\/pages\/17297"}],"wp:attachment":[{"href":"https:\/\/redfoxlotto.com\/sl\/wp-json\/wp\/v2\/media?parent=17300"}],"curies":[{"name":"wp","href":"https:\/\/api.w.org\/{rel}","templated":true}]}}