{"id":17299,"date":"2018-11-18T08:54:25","date_gmt":"2018-11-18T08:54:25","guid":{"rendered":"https:\/\/redfoxlotto.com\/?page_id=2628"},"modified":"2025-12-17T15:21:48","modified_gmt":"2025-12-17T15:21:48","slug":"euromillions","status":"publish","type":"page","link":"https:\/\/redfoxlotto.com\/sl\/rezultati\/euromillions\/","title":{"rendered":"Rezultati in najnovej\u0161e zmagovalne \u0161tevilke za EuroMillions"},"content":{"rendered":"<script type=\"application\/ld+json\">\r\n{\r\n  \"@context\": \"https:\/\/schema.org\",\r\n  \"@type\": \"Service\",\r\n  \"name\": \"Preverite rezultate Euromillions na spletu\",\r\n  \"url\": \"https:\/\/redfoxlotto.com\/sl\/rezultati\/euromillions\/\",\r\n  \"description\": \"Obi\u0161\u010dite RedFoxLotto za najnovej\u0161e in arhivirane rezultate Euromillions.\",\r\n  \"serviceType\": \"Svetovni arhiv rezultatov loterij\",\r\n  \"provider\": {\r\n    \"@type\": \"Organization\",\r\n    \"name\": \"RedFoxLotto\",\r\n    \"url\": \"https:\/\/redfoxlotto.com\",\r\n    \"image\": \"https:\/\/redfoxlotto.com\/wp-content\/uploads\/2025\/12\/ticket_scans.jpg\",\r\n    \"sameAs\": []\r\n  },\r\n  \"areaServed\": \"Worldwide\",\r\n  \"termsOfService\": \"https:\/\/redfoxlotto.com\/terms-and-conditions\",\r\n  \"additionalProperty\": {\r\n    \"@type\": \"PropertyValue\",\r\n    \"name\": \"FAQ\",\r\n    \"value\": \"https:\/\/redfoxlotto.com\/sl\/rezultati\/euromillions\/\"\r\n  },\r\n  \"hasOfferCatalog\": {\r\n    \"@type\": \"OfferCatalog\",\r\n    \"name\": \"Rezultati Euromillions\",\r\n    \"itemListElement\": [{\r\n      \"@type\": \"Offer\",\r\n      \"name\": \"Rezultati Euromillions\",\r\n      \"url\": \"https:\/\/redfoxlotto.com\/sl\/rezultati\/euromillions\/\",\r\n      \"description\": \"Najnovej\u0161i in pretekli rezultati Euromillions.\",\r\n      \"itemOffered\": {\r\n        \"@type\": \"Service\",\r\n        \"name\": \"Rezultati Euromillions\",\r\n        \"description\": \"Iz\u017erebane \u0161tevilke Euromillions.\"\r\n      }\r\n    }]\r\n  },\r\n  \"mainEntityOfPage\": {\r\n    \"@type\": \"WebPage\",\r\n    \"@id\": \"https:\/\/redfoxlotto.com\/sl\/rezultati\/euromillions\/\"\r\n  }\r\n}\r\n<\/script><h2>EuroMillions in UK Millionaire Maker<\/h2>\r\n<p>Igralci pla\u010dajo nekoliko ve\u010d, ker so sre\u010dke EuroMillions kupljene v Zdru\u017eenem kraljestvu. To je posledica dejstva, da so vstopnice iz Zdru\u017eenega kraljestva avtomati\u010dno vklju\u010dene v \u017erebanje Millionaire Maker, ki zagotavlja dodatno prilo\u017enost za osvojitev nagrade v vi\u0161ini 1 milijona funtov.<\/p>\r\n<p>Millionaire Maker deluje tako, da za vsako kupljeno sre\u010dko ustvari edinstveno kodo. Ta koda je sestavljena iz \u0161tirih \u010drk, ki jim sledi pet \u0161tevilk (npr. ABCD12345). V vsakem \u017erebanju se naklju\u010dno izbere ena ali ve\u010d teh kod, imetnik sre\u010dke z enako kodo pa takoj osvoji 1 milijon funtov, ne glede na glavne iz\u017erebane \u0161tevilke EuroMillions.<\/p>\r\n<p>Zaradi te funkcije je igranje igre EuroMillions v Zdru\u017eenem kraljestvu \u0161e posebej privla\u010dno, saj poleg standardnega glavnega dobitka in ni\u017ejih nagrad ponuja dodatno prilo\u017enost za osvojitev pomembne nagrade.<\/p>\r\n<p>Na tej strani so navedeni rezultati EuroMillions \u017erebanj. Je va\u0161 listek dobitni? \u010cestitamo!<\/p><p>Izkoristite na\u0161 arhiv rezultatov, kjer lahko vidite informacije o tem, katere \u0161tevilke \u017ee dolgo niso zmagale.<\/p><h2 class=\"wp-block-heading\">Ste postali dobitnik?<\/h2><p><img loading=\"lazy\" decoding=\"async\" class=\" wp-image alignright\" src=\"https:\/\/content.redfoxlotto.com\/uploads\/sites\/9\/1_results_mega_millions.jpg\" alt=\"rezultati loterije\" width=\"258\" height=\"258\" \/><\/p><p>To lahko enostavno ugotovite s preverjanjem \u0161tevilk tukaj, kjer ste vpla\u010dali svoj listek. Razlog za to je, da vas bomo obvestili, katere so zmagovalne \u0161tevilke in katere od va\u0161ih \u0161tevilk so pravilne.<\/p><h2 class=\"wp-block-heading\">Prevzem va\u0161ega dobitka<\/h2><p><img decoding=\"async\" class=\"size-full wp-image alignright\" src=\"https:\/\/content.redfoxlotto.com\/uploads\/sites\/9\/1_lottery_winner_is2.jpg\" alt=\"Mega Millions jackpot\" \/><\/p><p>\u010ce ste na loteriji, ki ste jo igrali prek spleta, dobitnik, je ravno tako enostavno priti tudi do izpla\u010dila dobitka, kot \u010de bi \u017eiveli v isti dr\u017eavi. Majhni dobitki bi vam lahko zadostovali za vpla\u010dilo naslednjega listka. \u010ce ste dobitnik do 2500 \u20ac, bo denar takoj na va\u0161em RedFoxLotto igralnem ra\u010dunu. Ve\u010dja zmaga bi lahko bila dovolj za nakup tistega posebnega izdelka, ki si ga resni\u010dno \u017eelite. V takem primeru vas bo na\u0161a ekipa za podporo kontaktirala in vam uredila izpla\u010dilo.<\/p>","protected":false},"excerpt":{"rendered":"<p>EuroMillions in UK Millionaire Maker Igralci pla\u010dajo nekoliko ve\u010d, ker so sre\u010dke EuroMillions kupljene v Zdru\u017eenem kraljestvu. To je posledica dejstva, da so vstopnice iz Zdru\u017eenega kraljestva avtomati\u010dno vklju\u010dene v \u017erebanje Millionaire Maker, ki zagotavlja dodatno prilo\u017enost za osvojitev nagrade v vi\u0161ini 1 milijona funtov. Millionaire Maker deluje tako, da za vsako kupljeno sre\u010dko ustvari [&hellip;]<\/p>\n","protected":false},"author":1,"featured_media":0,"parent":17297,"menu_order":3,"comment_status":"closed","ping_status":"closed","template":"euromillions-results.php","meta":{"_et_pb_use_builder":"","_et_pb_old_content":"","_et_gb_content_width":"","exclude_from_search":false,"footnotes":""},"class_list":["post-17299","page","type-page","status-publish","hentry"],"yoast_head":"<!-- This site is optimized with the Yoast SEO plugin v23.8 - https:\/\/yoast.com\/wordpress\/plugins\/seo\/ -->\n<title>Rezultati EuroMillions loterije<\/title>\n<meta name=\"description\" content=\"Rezultati zadnjega in prej\u0161njih \u017erebanj loterije Euromillions na eni strani\" \/>\n<meta name=\"robots\" content=\"index, follow, max-snippet:-1, max-image-preview:large, max-video-preview:-1\" \/>\n<link rel=\"canonical\" href=\"https:\/\/redfoxlotto.com\/sl\/rezultati\/euromillions\/\" \/>\n<meta property=\"og:locale\" content=\"sl_SI\" \/>\n<meta property=\"og:type\" content=\"article\" \/>\n<meta property=\"og:title\" content=\"Rezultati EuroMillions loterije\" \/>\n<meta property=\"og:description\" content=\"Rezultati zadnjega in prej\u0161njih \u017erebanj loterije Euromillions na eni strani\" \/>\n<meta property=\"og:url\" content=\"https:\/\/redfoxlotto.com\/sl\/rezultati\/euromillions\/\" \/>\n<meta property=\"og:site_name\" content=\"Get Tickets for the World\u2019s largest jackpots\" \/>\n<meta property=\"article:modified_time\" content=\"2025-12-17T15:21:48+00:00\" \/>\n<meta property=\"og:image\" content=\"https:\/\/content.redfoxlotto.com\/uploads\/sites\/9\/1_results_mega_millions.jpg\" \/>\n<meta name=\"twitter:card\" content=\"summary_large_image\" \/>\n<meta name=\"twitter:label1\" content=\"Est. reading time\" \/>\n\t<meta name=\"twitter:data1\" content=\"2 minuti\" \/>\n<script type=\"application\/ld+json\" class=\"yoast-schema-graph\">{\"@context\":\"https:\/\/schema.org\",\"@graph\":[{\"@type\":\"WebPage\",\"@id\":\"https:\/\/redfoxlotto.com\/sl\/rezultati\/euromillions\/\",\"url\":\"https:\/\/redfoxlotto.com\/sl\/rezultati\/euromillions\/\",\"name\":\"Rezultati EuroMillions loterije\",\"isPartOf\":{\"@id\":\"https:\/\/redfoxlotto.com\/sl\/#website\"},\"primaryImageOfPage\":{\"@id\":\"https:\/\/redfoxlotto.com\/sl\/rezultati\/euromillions\/#primaryimage\"},\"image\":{\"@id\":\"https:\/\/redfoxlotto.com\/sl\/rezultati\/euromillions\/#primaryimage\"},\"thumbnailUrl\":\"https:\/\/content.redfoxlotto.com\/uploads\/sites\/9\/1_results_mega_millions.jpg\",\"datePublished\":\"2018-11-18T08:54:25+00:00\",\"dateModified\":\"2025-12-17T15:21:48+00:00\",\"description\":\"Rezultati zadnjega in prej\u0161njih \u017erebanj loterije Euromillions na eni strani\",\"breadcrumb\":{\"@id\":\"https:\/\/redfoxlotto.com\/sl\/rezultati\/euromillions\/#breadcrumb\"},\"inLanguage\":\"sl-SI\",\"potentialAction\":[{\"@type\":\"ReadAction\",\"target\":[\"https:\/\/redfoxlotto.com\/sl\/rezultati\/euromillions\/\"]}]},{\"@type\":\"ImageObject\",\"inLanguage\":\"sl-SI\",\"@id\":\"https:\/\/redfoxlotto.com\/sl\/rezultati\/euromillions\/#primaryimage\",\"url\":\"https:\/\/content.redfoxlotto.com\/uploads\/sites\/9\/1_results_mega_millions.jpg\",\"contentUrl\":\"https:\/\/content.redfoxlotto.com\/uploads\/sites\/9\/1_results_mega_millions.jpg\"},{\"@type\":\"BreadcrumbList\",\"@id\":\"https:\/\/redfoxlotto.com\/sl\/rezultati\/euromillions\/#breadcrumb\",\"itemListElement\":[{\"@type\":\"ListItem\",\"position\":1,\"name\":\"Home\",\"item\":\"https:\/\/redfoxlotto.com\/sl\/\"},{\"@type\":\"ListItem\",\"position\":2,\"name\":\"Rezultati mednarodnih loterij\",\"item\":\"https:\/\/redfoxlotto.com\/sl\/rezultati\/\"},{\"@type\":\"ListItem\",\"position\":3,\"name\":\"Rezultati in najnovej\u0161e zmagovalne \u0161tevilke za EuroMillions\"}]},{\"@type\":\"WebSite\",\"@id\":\"https:\/\/redfoxlotto.com\/sl\/#website\",\"url\":\"https:\/\/redfoxlotto.com\/sl\/\",\"name\":\"Get Tickets for the World\u2019s largest jackpots\",\"description\":\"Participate in worldwide lottery jackpots from any country\",\"publisher\":{\"@id\":\"https:\/\/redfoxlotto.com\/sl\/#organization\"},\"potentialAction\":[{\"@type\":\"SearchAction\",\"target\":{\"@type\":\"EntryPoint\",\"urlTemplate\":\"https:\/\/redfoxlotto.com\/sl\/?s={search_term_string}\"},\"query-input\":{\"@type\":\"PropertyValueSpecification\",\"valueRequired\":true,\"valueName\":\"search_term_string\"}}],\"inLanguage\":\"sl-SI\"},{\"@type\":\"Organization\",\"@id\":\"https:\/\/redfoxlotto.com\/sl\/#organization\",\"name\":\"Get Tickets for the World\u2019s largest jackpots\",\"url\":\"https:\/\/redfoxlotto.com\/sl\/\",\"logo\":{\"@type\":\"ImageObject\",\"inLanguage\":\"sl-SI\",\"@id\":\"https:\/\/redfoxlotto.com\/sl\/#\/schema\/logo\/image\/\",\"url\":\"https:\/\/redfoxlotto.com\/wp-content\/uploads\/2023\/04\/logo.png\",\"contentUrl\":\"https:\/\/redfoxlotto.com\/wp-content\/uploads\/2023\/04\/logo.png\",\"width\":269,\"height\":53,\"caption\":\"Get Tickets for the World\u2019s largest jackpots\"},\"image\":{\"@id\":\"https:\/\/redfoxlotto.com\/sl\/#\/schema\/logo\/image\/\"}}]}<\/script>\n<!-- \/ Yoast SEO plugin. -->","yoast_head_json":{"title":"Rezultati EuroMillions loterije","description":"Rezultati zadnjega in prej\u0161njih \u017erebanj loterije Euromillions na eni strani","robots":{"index":"index","follow":"follow","max-snippet":"max-snippet:-1","max-image-preview":"max-image-preview:large","max-video-preview":"max-video-preview:-1"},"canonical":"https:\/\/redfoxlotto.com\/sl\/rezultati\/euromillions\/","og_locale":"sl_SI","og_type":"article","og_title":"Rezultati EuroMillions loterije","og_description":"Rezultati zadnjega in prej\u0161njih \u017erebanj loterije Euromillions na eni strani","og_url":"https:\/\/redfoxlotto.com\/sl\/rezultati\/euromillions\/","og_site_name":"Get Tickets for the World\u2019s largest jackpots","article_modified_time":"2025-12-17T15:21:48+00:00","og_image":[{"url":"https:\/\/content.redfoxlotto.com\/uploads\/sites\/9\/1_results_mega_millions.jpg"}],"twitter_card":"summary_large_image","twitter_misc":{"Est. reading time":"2 minuti"},"schema":{"@context":"https:\/\/schema.org","@graph":[{"@type":"WebPage","@id":"https:\/\/redfoxlotto.com\/sl\/rezultati\/euromillions\/","url":"https:\/\/redfoxlotto.com\/sl\/rezultati\/euromillions\/","name":"Rezultati EuroMillions loterije","isPartOf":{"@id":"https:\/\/redfoxlotto.com\/sl\/#website"},"primaryImageOfPage":{"@id":"https:\/\/redfoxlotto.com\/sl\/rezultati\/euromillions\/#primaryimage"},"image":{"@id":"https:\/\/redfoxlotto.com\/sl\/rezultati\/euromillions\/#primaryimage"},"thumbnailUrl":"https:\/\/content.redfoxlotto.com\/uploads\/sites\/9\/1_results_mega_millions.jpg","datePublished":"2018-11-18T08:54:25+00:00","dateModified":"2025-12-17T15:21:48+00:00","description":"Rezultati zadnjega in prej\u0161njih \u017erebanj loterije Euromillions na eni strani","breadcrumb":{"@id":"https:\/\/redfoxlotto.com\/sl\/rezultati\/euromillions\/#breadcrumb"},"inLanguage":"sl-SI","potentialAction":[{"@type":"ReadAction","target":["https:\/\/redfoxlotto.com\/sl\/rezultati\/euromillions\/"]}]},{"@type":"ImageObject","inLanguage":"sl-SI","@id":"https:\/\/redfoxlotto.com\/sl\/rezultati\/euromillions\/#primaryimage","url":"https:\/\/content.redfoxlotto.com\/uploads\/sites\/9\/1_results_mega_millions.jpg","contentUrl":"https:\/\/content.redfoxlotto.com\/uploads\/sites\/9\/1_results_mega_millions.jpg"},{"@type":"BreadcrumbList","@id":"https:\/\/redfoxlotto.com\/sl\/rezultati\/euromillions\/#breadcrumb","itemListElement":[{"@type":"ListItem","position":1,"name":"Home","item":"https:\/\/redfoxlotto.com\/sl\/"},{"@type":"ListItem","position":2,"name":"Rezultati mednarodnih loterij","item":"https:\/\/redfoxlotto.com\/sl\/rezultati\/"},{"@type":"ListItem","position":3,"name":"Rezultati in najnovej\u0161e zmagovalne \u0161tevilke za EuroMillions"}]},{"@type":"WebSite","@id":"https:\/\/redfoxlotto.com\/sl\/#website","url":"https:\/\/redfoxlotto.com\/sl\/","name":"Get Tickets for the World\u2019s largest jackpots","description":"Participate in worldwide lottery jackpots from any country","publisher":{"@id":"https:\/\/redfoxlotto.com\/sl\/#organization"},"potentialAction":[{"@type":"SearchAction","target":{"@type":"EntryPoint","urlTemplate":"https:\/\/redfoxlotto.com\/sl\/?s={search_term_string}"},"query-input":{"@type":"PropertyValueSpecification","valueRequired":true,"valueName":"search_term_string"}}],"inLanguage":"sl-SI"},{"@type":"Organization","@id":"https:\/\/redfoxlotto.com\/sl\/#organization","name":"Get Tickets for the World\u2019s largest jackpots","url":"https:\/\/redfoxlotto.com\/sl\/","logo":{"@type":"ImageObject","inLanguage":"sl-SI","@id":"https:\/\/redfoxlotto.com\/sl\/#\/schema\/logo\/image\/","url":"https:\/\/redfoxlotto.com\/wp-content\/uploads\/2023\/04\/logo.png","contentUrl":"https:\/\/redfoxlotto.com\/wp-content\/uploads\/2023\/04\/logo.png","width":269,"height":53,"caption":"Get Tickets for the World\u2019s largest jackpots"},"image":{"@id":"https:\/\/redfoxlotto.com\/sl\/#\/schema\/logo\/image\/"}}]}},"_links":{"self":[{"href":"https:\/\/redfoxlotto.com\/sl\/wp-json\/wp\/v2\/pages\/17299","targetHints":{"allow":["GET"]}}],"collection":[{"href":"https:\/\/redfoxlotto.com\/sl\/wp-json\/wp\/v2\/pages"}],"about":[{"href":"https:\/\/redfoxlotto.com\/sl\/wp-json\/wp\/v2\/types\/page"}],"author":[{"embeddable":true,"href":"https:\/\/redfoxlotto.com\/sl\/wp-json\/wp\/v2\/users\/1"}],"replies":[{"embeddable":true,"href":"https:\/\/redfoxlotto.com\/sl\/wp-json\/wp\/v2\/comments?post=17299"}],"version-history":[{"count":0,"href":"https:\/\/redfoxlotto.com\/sl\/wp-json\/wp\/v2\/pages\/17299\/revisions"}],"up":[{"embeddable":true,"href":"https:\/\/redfoxlotto.com\/sl\/wp-json\/wp\/v2\/pages\/17297"}],"wp:attachment":[{"href":"https:\/\/redfoxlotto.com\/sl\/wp-json\/wp\/v2\/media?parent=17299"}],"curies":[{"name":"wp","href":"https:\/\/api.w.org\/{rel}","templated":true}]}}