{"id":17297,"date":"2023-04-24T14:13:24","date_gmt":"2023-04-24T14:13:24","guid":{"rendered":"https:\/\/redfoxlotto.com\/?page_id=2624"},"modified":"2025-12-18T08:57:53","modified_gmt":"2025-12-18T08:57:53","slug":"rezultati","status":"publish","type":"page","link":"https:\/\/redfoxlotto.com\/sl\/rezultati\/","title":{"rendered":"Rezultati mednarodnih loterij"},"content":{"rendered":"<script type=\"application\/ld+json\">\r\n{\r\n  \"@context\": \"https:\/\/schema.org\",\r\n  \"@type\": \"Service\",\r\n  \"name\": \"Preverite rezultate mednarodnih loterijskih \u017erebanj na spletu\",\r\n  \"url\": \"https:\/\/redfoxlotto.com\/sl\/rezultati\/powerball\",\r\n  \"description\": \"Obi\u0161\u010dite RedFoxLotto, da preverite najnovej\u0161e rezultate najve\u010djih svetovnih loterij.\",\r\n  \"serviceType\": \"Svetovni arhiv rezultatov loterij\",\r\n\r\n  \"provider\": {\r\n    \"@type\": \"Organization\",\r\n    \"name\": \"RedFoxLotto\",\r\n    \"url\": \"https:\/\/redfoxlotto.com\/sl\/\",\r\n    \"image\": \"https:\/\/redfoxlotto.com\/wp-content\/uploads\/2025\/12\/ticket_scans.jpg\",\r\n    \"sameAs\": []\r\n  },\r\n\r\n  \"areaServed\": \"Worldwide\",\r\n  \"termsOfService\": \"https:\/\/redfoxlotto.com\/terms-and-conditions\",\r\n\r\n  \"additionalProperty\": {\r\n    \"@type\": \"PropertyValue\",\r\n    \"name\": \"Pogosta vpra\u0161anja\",\r\n    \"value\": \"https:\/\/redfoxlotto.com\/sl\/faq\/\"\r\n  },\r\n\r\n  \"hasOfferCatalog\": {\r\n    \"@type\": \"OfferCatalog\",\r\n    \"name\": \"Svetovni rezultati loterij\",\r\n    \"itemListElement\": [\r\n      {\r\n        \"@type\": \"Offer\",\r\n        \"name\": \"Powerball Listki\",\r\n        \"url\": \"https:\/\/redfoxlotto.com\/sl\/rezultati\/\",\r\n        \"description\": \"Tukaj najdete najnovej\u0161e in zgodovinske rezultate najve\u010djih svetovnih loterij\",\r\n        \"itemOffered\": {\r\n          \"@type\": \"Service\",\r\n          \"name\": \"Mednarodni rezultati loterij\",\r\n          \"description\": \"Iz\u017erebane \u0161tevilke na spletu za najve\u010dje loterije, aktualni in starej\u0161i rezultati.\"\r\n        }\r\n      }\r\n    ]\r\n  },\r\n\r\n  \"mainEntityOfPage\": {\r\n    \"@type\": \"WebPage\",\r\n    \"@id\": \"https:\/\/redfoxlotto.com\/sl\/rezultati\/\"\r\n  }\r\n}\r\n<\/script>\r\n\r\n<p><!--more--><\/p>\r\n<p><\/p>\r\n<p>Tu iz tedna v teden objavljamo najnovej\u0161e zmagovalne \u0161tevilke in rezultate vseh mednarodnih loterij, za katere lahko pri nas vpla\u010date listke.<\/p>\r\n<p><\/p>\r\n<p><img loading=\"lazy\" decoding=\"async\" class=\" wp-image alignright\" src=\"https:\/\/content.redfoxlotto.com\/uploads\/sites\/9\/1_winning_lottery_numbers.jpg\" alt=\"dobitne \u0161tevilke mednarodne loterije\" width=\"267\" height=\"267\" \/><\/p>\r\n<p><\/p>\r\n<p>Rezultati prihajajo od uradnih operaterjev loterije. Objavimo jih kmalu po \u017erebu, takoj ko so uradno razgla\u0161eni. Na ta na\u010din lahko hitro primerjate svoje listke z zmagovalnimi \u0161tevilkami in preverite, ali ste zmagali. S klikom na ime loterije si lahko ogledate tudi zneske dobitkov, ki ustrezajo posameznim nagradnim stopnjam. Tukaj boste tudi izvedeli ali je bil zadnji jackpot osvojen ali ne.<\/p>\r\n<p><\/p>\r\n<p><\/p>\r\n<h2 class=\"wp-block-heading\" id=\"h-rezultati-in-zmagovalne-tevilke-za-nazaj\">Rezultati in zmagovalne \u0161tevilke za nazaj<\/h2>\r\n<p><\/p>\r\n<p><\/p>\r\n<p>Ogledate is lahko tudi \u0161tevilke \u017erebanj in rezultatov zadnjih nekaj tednov. Seveda, \u010de \u017eelite, lahko s temi informacijami o mednarodnih loterijah izberete \u0161tevilke za va\u0161e naslednje listke.<\/p>\r\n<p><\/p>\r\n<p><\/p>\r\n<p>Prav tako lahko z zmagovalnimi \u0161tevilkami iz zadnjega tedna ali nekaj tednov nazaj ustvarite nove kombinacije za va\u0161 naslednji listek. Primer bi bil: uporaba prve \u0161tevilke zadnjega \u017erebanja Mega Millions, druge \u0161tevilke iz rezultatov Euromillions in tretje \u0161tevilke Eurojackpota itd.<\/p>\r\n<p><\/p>\r\n<p><\/p>\r\n<h2 class=\"wp-block-heading\" id=\"h-vro-e-in-mrzle-tevilke\">Vro\u010de in mrzle \u0161tevilke<\/h2>\r\n<p><\/p>\r\n<p><img loading=\"lazy\" decoding=\"async\" class=\" wp-image alignright\" src=\"https:\/\/content.redfoxlotto.com\/uploads\/sites\/9\/1_lotto_draw_results.jpg\" alt=\"rezultati loterije\" width=\"264\" height=\"177\" \/><\/p>\r\n<p><\/p>\r\n<p>Ko si ogledujete pretekle rezultate mednarodnih loterij, boste lahko videli tudi \u0161tevilke, ki so bile v razli\u010dnih loterijah pogosto iz\u017erebane. Hkrati lahko opazite tudi \u0161tevilke, ki se v rezultatih ne prikazujejo. Tako lahko iz preteklih rezultatov loterije dolo\u010dite vro\u010de in mrzle \u0161tevilke. Mnogi igralci za izbor svojih zmagovalnih kombinacij uporabljajo te podatke. To je strategija, ki se je izkazala za uspe\u0161no.<\/p>\r\n<p><\/p>\r\n<p><\/p>\r\n<p>Prav tako lahko z zmagovalnimi \u0161tevilkami iz zadnjega tedna ali nekaj tednov nazaj ustvarite nove kombinacije za va\u0161 naslednji listek. Primer bi bil, \u010de bi za Powerball listek uporabili prvo \u0161tevilko zadnjega \u017erebanja Megamillions, za drugo \u0161tevilko uporabite iz rezultatov Euromillions in tretjo \u0161tevilko iz Eurojackpota itd.<\/p>\r\n<p><\/p>","protected":false},"excerpt":{"rendered":"","protected":false},"author":1,"featured_media":0,"parent":0,"menu_order":4,"comment_status":"closed","ping_status":"closed","template":"Results.php","meta":{"_et_pb_use_builder":"","_et_pb_old_content":"","_et_gb_content_width":"","exclude_from_search":false,"footnotes":""},"class_list":["post-17297","page","type-page","status-publish","hentry"],"yoast_head":"<!-- This site is optimized with the Yoast SEO plugin v23.8 - https:\/\/yoast.com\/wordpress\/plugins\/seo\/ -->\n<title>Zmagovalne \u0161tevilke in rezultati mednarodnih loterij<\/title>\n<meta name=\"description\" content=\"Je va\u0161 listek zmagal? Tu najdete rezultate in zmagovalne \u0161tevilke za mednarodne loterije\" \/>\n<meta name=\"robots\" content=\"index, follow, max-snippet:-1, max-image-preview:large, max-video-preview:-1\" \/>\n<link rel=\"canonical\" href=\"https:\/\/redfoxlotto.com\/sl\/rezultati\/\" \/>\n<meta property=\"og:locale\" content=\"sl_SI\" \/>\n<meta property=\"og:type\" content=\"article\" \/>\n<meta property=\"og:title\" content=\"Zmagovalne \u0161tevilke in rezultati mednarodnih loterij\" \/>\n<meta property=\"og:description\" content=\"Je va\u0161 listek zmagal? Tu najdete rezultate in zmagovalne \u0161tevilke za mednarodne loterije\" \/>\n<meta property=\"og:url\" content=\"https:\/\/redfoxlotto.com\/sl\/rezultati\/\" \/>\n<meta property=\"og:site_name\" content=\"Get Tickets for the World\u2019s largest jackpots\" \/>\n<meta property=\"article:modified_time\" content=\"2025-12-18T08:57:53+00:00\" \/>\n<meta property=\"og:image\" content=\"https:\/\/content.redfoxlotto.com\/uploads\/sites\/9\/1_winning_lottery_numbers.jpg\" \/>\n<meta name=\"twitter:card\" content=\"summary_large_image\" \/>\n<meta name=\"twitter:label1\" content=\"Est. reading time\" \/>\n\t<meta name=\"twitter:data1\" content=\"2 minuti\" \/>\n<script type=\"application\/ld+json\" class=\"yoast-schema-graph\">{\"@context\":\"https:\/\/schema.org\",\"@graph\":[{\"@type\":\"WebPage\",\"@id\":\"https:\/\/redfoxlotto.com\/sl\/rezultati\/\",\"url\":\"https:\/\/redfoxlotto.com\/sl\/rezultati\/\",\"name\":\"Zmagovalne \u0161tevilke in rezultati mednarodnih loterij\",\"isPartOf\":{\"@id\":\"https:\/\/redfoxlotto.com\/sl\/#website\"},\"primaryImageOfPage\":{\"@id\":\"https:\/\/redfoxlotto.com\/sl\/rezultati\/#primaryimage\"},\"image\":{\"@id\":\"https:\/\/redfoxlotto.com\/sl\/rezultati\/#primaryimage\"},\"thumbnailUrl\":\"https:\/\/content.redfoxlotto.com\/uploads\/sites\/9\/1_winning_lottery_numbers.jpg\",\"datePublished\":\"2023-04-24T14:13:24+00:00\",\"dateModified\":\"2025-12-18T08:57:53+00:00\",\"description\":\"Je va\u0161 listek zmagal? Tu najdete rezultate in zmagovalne \u0161tevilke za mednarodne loterije\",\"breadcrumb\":{\"@id\":\"https:\/\/redfoxlotto.com\/sl\/rezultati\/#breadcrumb\"},\"inLanguage\":\"sl-SI\",\"potentialAction\":[{\"@type\":\"ReadAction\",\"target\":[\"https:\/\/redfoxlotto.com\/sl\/rezultati\/\"]}]},{\"@type\":\"ImageObject\",\"inLanguage\":\"sl-SI\",\"@id\":\"https:\/\/redfoxlotto.com\/sl\/rezultati\/#primaryimage\",\"url\":\"https:\/\/content.redfoxlotto.com\/uploads\/sites\/9\/1_winning_lottery_numbers.jpg\",\"contentUrl\":\"https:\/\/content.redfoxlotto.com\/uploads\/sites\/9\/1_winning_lottery_numbers.jpg\"},{\"@type\":\"BreadcrumbList\",\"@id\":\"https:\/\/redfoxlotto.com\/sl\/rezultati\/#breadcrumb\",\"itemListElement\":[{\"@type\":\"ListItem\",\"position\":1,\"name\":\"Home\",\"item\":\"https:\/\/redfoxlotto.com\/sl\/\"},{\"@type\":\"ListItem\",\"position\":2,\"name\":\"Rezultati mednarodnih loterij\"}]},{\"@type\":\"WebSite\",\"@id\":\"https:\/\/redfoxlotto.com\/sl\/#website\",\"url\":\"https:\/\/redfoxlotto.com\/sl\/\",\"name\":\"Get Tickets for the World\u2019s largest jackpots\",\"description\":\"Participate in worldwide lottery jackpots from any country\",\"publisher\":{\"@id\":\"https:\/\/redfoxlotto.com\/sl\/#organization\"},\"potentialAction\":[{\"@type\":\"SearchAction\",\"target\":{\"@type\":\"EntryPoint\",\"urlTemplate\":\"https:\/\/redfoxlotto.com\/sl\/?s={search_term_string}\"},\"query-input\":{\"@type\":\"PropertyValueSpecification\",\"valueRequired\":true,\"valueName\":\"search_term_string\"}}],\"inLanguage\":\"sl-SI\"},{\"@type\":\"Organization\",\"@id\":\"https:\/\/redfoxlotto.com\/sl\/#organization\",\"name\":\"Get Tickets for the World\u2019s largest jackpots\",\"url\":\"https:\/\/redfoxlotto.com\/sl\/\",\"logo\":{\"@type\":\"ImageObject\",\"inLanguage\":\"sl-SI\",\"@id\":\"https:\/\/redfoxlotto.com\/sl\/#\/schema\/logo\/image\/\",\"url\":\"https:\/\/redfoxlotto.com\/wp-content\/uploads\/2023\/04\/logo.png\",\"contentUrl\":\"https:\/\/redfoxlotto.com\/wp-content\/uploads\/2023\/04\/logo.png\",\"width\":269,\"height\":53,\"caption\":\"Get Tickets for the World\u2019s largest jackpots\"},\"image\":{\"@id\":\"https:\/\/redfoxlotto.com\/sl\/#\/schema\/logo\/image\/\"}}]}<\/script>\n<!-- \/ Yoast SEO plugin. -->","yoast_head_json":{"title":"Zmagovalne \u0161tevilke in rezultati mednarodnih loterij","description":"Je va\u0161 listek zmagal? Tu najdete rezultate in zmagovalne \u0161tevilke za mednarodne loterije","robots":{"index":"index","follow":"follow","max-snippet":"max-snippet:-1","max-image-preview":"max-image-preview:large","max-video-preview":"max-video-preview:-1"},"canonical":"https:\/\/redfoxlotto.com\/sl\/rezultati\/","og_locale":"sl_SI","og_type":"article","og_title":"Zmagovalne \u0161tevilke in rezultati mednarodnih loterij","og_description":"Je va\u0161 listek zmagal? Tu najdete rezultate in zmagovalne \u0161tevilke za mednarodne loterije","og_url":"https:\/\/redfoxlotto.com\/sl\/rezultati\/","og_site_name":"Get Tickets for the World\u2019s largest jackpots","article_modified_time":"2025-12-18T08:57:53+00:00","og_image":[{"url":"https:\/\/content.redfoxlotto.com\/uploads\/sites\/9\/1_winning_lottery_numbers.jpg"}],"twitter_card":"summary_large_image","twitter_misc":{"Est. reading time":"2 minuti"},"schema":{"@context":"https:\/\/schema.org","@graph":[{"@type":"WebPage","@id":"https:\/\/redfoxlotto.com\/sl\/rezultati\/","url":"https:\/\/redfoxlotto.com\/sl\/rezultati\/","name":"Zmagovalne \u0161tevilke in rezultati mednarodnih loterij","isPartOf":{"@id":"https:\/\/redfoxlotto.com\/sl\/#website"},"primaryImageOfPage":{"@id":"https:\/\/redfoxlotto.com\/sl\/rezultati\/#primaryimage"},"image":{"@id":"https:\/\/redfoxlotto.com\/sl\/rezultati\/#primaryimage"},"thumbnailUrl":"https:\/\/content.redfoxlotto.com\/uploads\/sites\/9\/1_winning_lottery_numbers.jpg","datePublished":"2023-04-24T14:13:24+00:00","dateModified":"2025-12-18T08:57:53+00:00","description":"Je va\u0161 listek zmagal? Tu najdete rezultate in zmagovalne \u0161tevilke za mednarodne loterije","breadcrumb":{"@id":"https:\/\/redfoxlotto.com\/sl\/rezultati\/#breadcrumb"},"inLanguage":"sl-SI","potentialAction":[{"@type":"ReadAction","target":["https:\/\/redfoxlotto.com\/sl\/rezultati\/"]}]},{"@type":"ImageObject","inLanguage":"sl-SI","@id":"https:\/\/redfoxlotto.com\/sl\/rezultati\/#primaryimage","url":"https:\/\/content.redfoxlotto.com\/uploads\/sites\/9\/1_winning_lottery_numbers.jpg","contentUrl":"https:\/\/content.redfoxlotto.com\/uploads\/sites\/9\/1_winning_lottery_numbers.jpg"},{"@type":"BreadcrumbList","@id":"https:\/\/redfoxlotto.com\/sl\/rezultati\/#breadcrumb","itemListElement":[{"@type":"ListItem","position":1,"name":"Home","item":"https:\/\/redfoxlotto.com\/sl\/"},{"@type":"ListItem","position":2,"name":"Rezultati mednarodnih loterij"}]},{"@type":"WebSite","@id":"https:\/\/redfoxlotto.com\/sl\/#website","url":"https:\/\/redfoxlotto.com\/sl\/","name":"Get Tickets for the World\u2019s largest jackpots","description":"Participate in worldwide lottery jackpots from any country","publisher":{"@id":"https:\/\/redfoxlotto.com\/sl\/#organization"},"potentialAction":[{"@type":"SearchAction","target":{"@type":"EntryPoint","urlTemplate":"https:\/\/redfoxlotto.com\/sl\/?s={search_term_string}"},"query-input":{"@type":"PropertyValueSpecification","valueRequired":true,"valueName":"search_term_string"}}],"inLanguage":"sl-SI"},{"@type":"Organization","@id":"https:\/\/redfoxlotto.com\/sl\/#organization","name":"Get Tickets for the World\u2019s largest jackpots","url":"https:\/\/redfoxlotto.com\/sl\/","logo":{"@type":"ImageObject","inLanguage":"sl-SI","@id":"https:\/\/redfoxlotto.com\/sl\/#\/schema\/logo\/image\/","url":"https:\/\/redfoxlotto.com\/wp-content\/uploads\/2023\/04\/logo.png","contentUrl":"https:\/\/redfoxlotto.com\/wp-content\/uploads\/2023\/04\/logo.png","width":269,"height":53,"caption":"Get Tickets for the World\u2019s largest jackpots"},"image":{"@id":"https:\/\/redfoxlotto.com\/sl\/#\/schema\/logo\/image\/"}}]}},"_links":{"self":[{"href":"https:\/\/redfoxlotto.com\/sl\/wp-json\/wp\/v2\/pages\/17297","targetHints":{"allow":["GET"]}}],"collection":[{"href":"https:\/\/redfoxlotto.com\/sl\/wp-json\/wp\/v2\/pages"}],"about":[{"href":"https:\/\/redfoxlotto.com\/sl\/wp-json\/wp\/v2\/types\/page"}],"author":[{"embeddable":true,"href":"https:\/\/redfoxlotto.com\/sl\/wp-json\/wp\/v2\/users\/1"}],"replies":[{"embeddable":true,"href":"https:\/\/redfoxlotto.com\/sl\/wp-json\/wp\/v2\/comments?post=17297"}],"version-history":[{"count":0,"href":"https:\/\/redfoxlotto.com\/sl\/wp-json\/wp\/v2\/pages\/17297\/revisions"}],"wp:attachment":[{"href":"https:\/\/redfoxlotto.com\/sl\/wp-json\/wp\/v2\/media?parent=17297"}],"curies":[{"name":"wp","href":"https:\/\/api.w.org\/{rel}","templated":true}]}}