{"id":17294,"date":"2018-11-18T08:54:25","date_gmt":"2018-11-18T08:54:25","guid":{"rendered":"https:\/\/redfoxlotto.com\/?page_id=2617"},"modified":"2025-12-18T15:17:18","modified_gmt":"2025-12-18T15:17:18","slug":"powerball","status":"publish","type":"page","link":"https:\/\/redfoxlotto.com\/sl\/loterije\/powerball\/","title":{"rendered":"O igri Powerball"},"content":{"rendered":"<p><script type=\"application\/ld+json\">\n{\n  \"@context\": \"https:\/\/schema.org\",\n  \"@type\": \"Service\",\n  \"name\": \"Igrajte Powerball na spletu\",\n  \"url\": \"https:\/\/redfoxlotto.com\/sl\/lotteries\/powerball\",\n  \"description\": \"Kupite uradne Powerball loterijske liste na spletu iz katere koli dr\u017eave. Obi\u0161\u010dite RedFoxLotto, izberite svoje \u0161tevilke in se pridru\u017eite naslednjemu \u017erebanju.\",\n  \"serviceType\": \"Spletna storitev posredovanja loterijskih listkov\",\n  \"provider\": {\n    \"@type\": \"Organization\",\n    \"name\": \"RedFoxLotto\",\n    \"url\": \"https:\/\/redfoxlotto.com\/sl\",\n    \"image\": \"https:\/\/redfoxlotto.com\/sl\/wp-content\/uploads\/2025\/12\/ticket_scans.jpg\",\n    \"sameAs\": []\n  },\n  \"areaServed\": \"Worldwide\",\n  \"termsOfService\": \"https:\/\/redfoxlotto.com\/terms-and-conditions\",\n  \"additionalProperty\": {\n    \"@type\": \"PropertyValue\",\n    \"name\": \"FAQ\",\n    \"value\": \"https:\/\/redfoxlotto.com\/sl\/faq\/\"\n  },\n  \"hasOfferCatalog\": {\n    \"@type\": \"OfferCatalog\",\n    \"name\": \"Powerball loterijski listki\",\n    \"itemListElement\": [\n      {\n        \"@type\": \"Offer\",\n        \"name\": \"Powerball listki\",\n        \"url\": \"https:\/\/redfoxlotto.com\/sl\/lotteries\/powerball\",\n        \"description\": \"Kupite prave listke na spletu za naslednje \u017erebanje Powerball prek RedFoxLotto.\",\n        \"price\": \"5.90\",\n        \"priceCurrency\": \"\u20ac\",\n        \"availability\": \"https:\/\/schema.org\/InStock\",\n        \"itemOffered\": {\n          \"@type\": \"Service\",\n          \"name\": \"Powerball loterijski listki\",\n          \"description\": \"Sodelujte v naslednjem \u017erebanju Powerball \u2013 kupite listke na spletu prek RedFoxLotto.\"\n        }\n      }\n    ]\n  },\n  \"mainEntityOfPage\": {\n    \"@type\": \"WebPage\",\n    \"@id\": \"https:\/\/redfoxlotto.com\/sl\/lotteries\/powerball\"\n  }\n}\n<\/script><\/p>\n<p>Powerball je verjetno najbolj znana loterija po vsem svetu in za to obstaja nekaj res dobrih razlogov.<\/p>\n<p>V igri sodeluje na milijone igralcev z vsega sveta. \u0160e ve\u010d, ne samo v ZDA, ampak tudi na spletu iz drugih dr\u017eav, kot je Slovenija, se lahko odlo\u010dite za spletni nakup sre\u010dk Powerball.<\/p>\n<p>\u017drebanja potekajo vsako soboto in sredo, kar pomeni, da boste imeli dvakrat ve\u010d prilo\u017enosti za sodelovanje in nakup sre\u010dke. Kar je resni\u010dno vznemirljivo, je dejstvo, da je najve\u010dji jackpot, ki je bil kdajkoli dose\u017een v igri Powerball, zna\u0161al 1.586.400.000 dolarjev!<\/p>\n<h2>Powerball Lotto po vsem svetu<\/h2>\n<p>S pomo\u010djo na\u0161ega spletnega mesta lahko zdaj postanete multimilijonar v igri Powerball. Ponujamo vam mo\u017enost spletnega nakupa sre\u010dk Powerball. Vse, kar morate storiti, je, da si ogledate, kaj vklju\u010duje na\u0161 sistem. Videli boste, da lahko v nekaj preprostih korakih pridete od tega, da si ogledate na\u0161o spletno stran, do tega, da vas na va\u0161em ra\u010dunu \u010daka prva vstopnica. Zato si podrobneje oglejmo, kaj morate storiti.<\/p>\n<p><img decoding=\"async\" class=\"wp-image alignright\" src=\"https:\/\/redfoxlotto.com\/wp-content\/uploads\/sites\/9\/ticket_powerball3.jpg\" alt=\"Powerball loterija\" \/><\/p>\n<h2>Kako kupiti spletno sre\u010dko Powerball iz Slovenije<\/h2>\n<p>V prvem koraku preprosto preglejte razli\u010dne loterijske igre, ki so vam na voljo. Na va\u0161o sre\u010do so na voljo \u0161tevilne odli\u010dne sre\u010dke in igre, saj \u017eelimo poskrbeti, da boste lahko sodelovali pri vseh najvi\u0161jih glavnih dobitkih. Tako so vse najve\u010dje igre po vsem svetu na voljo v Sloveniji, in sicer prek na\u0161e spletne strani. Preprosto si oglejte igre, ki so na voljo, in se nato odlo\u010dite, katero \u017eelite igrati.<\/p>\n<p>Ko se odlo\u010dite za igro (v tem primeru Powerball), samo kliknete na povezavo in vstopite na stran. Videli boste ve\u010d informacij o igri in informacije o tem, kako lahko dobite svojo vstopnico. Vse, kar je potrebno, je, da izberete \u017eelene \u0161tevilke. Seveda lahko izberete tudi hitro izbiro, \u010de ne veste, katere \u0161tevilke \u017eelite.<\/p>\n<p>Na na\u0161i spletni strani vam bomo, ko boste za\u010deli izbirati \u0161tevilke, natan\u010dno sporo\u010dili, koliko jih potrebujete, in poskrbeli, da jih ne boste imeli preve\u010d ali premalo, da bi dobili veljavno vstopnico. Prav tako boste lahko po \u017eelji izbrali kombinacijo naklju\u010dno izbranih in osebno izbranih \u0161tevilk. Izberete lahko tudi ve\u010d vstopnic za igro.<\/p>\n<p>Nato boste lahko vstopnice dodali v ko\u0161arico in nato izbrali dodatne vstopnice iz igre Powerball ali iz drugih iger, ki jih \u017eelite igrati. Nato morate samo \u0161e vzpostaviti svoj ra\u010dun. Ko boste to storili, vas bomo vpra\u0161ali za nekaj osebnih podatkov, ki vam bodo zagotovili ve\u010djo varnost, ko boste \u017eeleli kupiti vstopnice in ko boste \u017eeleli dobiti denar s svojega ra\u010duna. Prav tako boste lahko nastavili vse ra\u010dune, ki jih \u017eelite.<\/p>\n<h2>Pravila spletnega nakupovanja sre\u010dk Powerball<\/h2>\n<p>Ko gre za nastavitev sre\u010dke Powerball, \u017eelite vedeti vse o pravilih, ki jih morate upo\u0161tevati, in o tem, kako boste izbrali sre\u010dko. Kaj morate storiti?<\/p>\n<p>Izbrati morate 5 \u0161tevilk od 1 do 69 ter eno \u0161tevilko Powerball od 1 do 26. Vseh \u0161est \u0161tevilk se mora ujemati z va\u0161o sre\u010dko. Potem ste osvojili glavni dobitek. \u010ce ste pravilno izbrali le prvih 5 \u0161tevilk, va\u0161a sre\u010dka prejme nagrado druge stopnje. \u0160e vedno ste bogatej\u0161i za 1 milijon dolarjev. Dobitek Powerball se lahko izpla\u010da v enkratnem znesku ali v 30 letnih obrokih.<\/p>\n<h2>Kupite sre\u010dko Powerball prek spleta in zmagajte!<\/h2>\n<p>Kaj se bo zgodilo, \u010de dejansko osvojite glavni dobitek Powerball? Bilo bo zelo zabavno in zagotovo boste zelo navdu\u0161eni. Prav tako boste morali na\u010drtovati potovanje v Zdru\u017eene dr\u017eave Amerike, saj tam iz ljudi, ki zmagajo, zelo radi naredijo velik dogodek.<\/p>\n<p>To pomeni, da se bodo fotografirali, vam izro\u010dili velik \u010dek in \u0161e veliko ve\u010d, mi pa bomo poskrbeli, da boste na to pripravljeni z vstopnico in informacijami, ki jih potrebujete za prevzem nagrade.<\/p>\n<p>\u010ce osvojite nagrado ni\u017eje stopnje, vam lahko denar naka\u017eemo neposredno na va\u0161 ra\u010dun, tako da ga lahko dvignete na svoj ra\u010dun, ali pa ga uporabite za nakup dodatnih sre\u010dk. Tisti, ki boste osvojili ve\u010dje nagrade, vendar ne glavnega dobitka, boste lahko dobili neposreden prenos na svoj ra\u010dun, mi pa vas bomo kontaktirali in vas obvestili, kaj morate storiti in kako lahko vse to nastavite. Toda kako boste to izvedeli?<\/p>\n<p>\u010ce boste ves \u010das preverjali svoj ra\u010dun, boste lahko videli posodobitve svoje vozovnice in videli boste vse \u0161tevilke, ki se ujemajo. Prav tako boste denar za manj\u0161e zneske takoj prejeli na svoj ra\u010dun. Vsak znesek, ki ga boste osvojili, pa se bo prikazal v va\u0161em e-po\u0161tnem sporo\u010dilu. To pomeni, da boste lahko samo preverili e-po\u0161to in videli, da imate dobitek, zato se lahko takoj odpravite na svoj ra\u010dun.<\/p>\n<p><img decoding=\"async\" class=\"size-full wp-image alignright\" src=\"https:\/\/content.redfoxlotto.com\/uploads\/sites\/9\/1_buy_lottery_online.jpg\" alt=\"kupiti sre\u010dke prek spleta\" \/><\/p>\n<h2>Igranje novih iger<\/h2>\n<p>\u010ce ste pripravljeni za\u010deti igrati in \u017eelite kupiti sre\u010dke Powerball prek spleta, boste zagotovo \u017eeleli preveriti tudi nekatere druge mo\u017enosti, ki jih imamo na voljo. Pravzaprav imamo na voljo najbolj vro\u010de loterijske igre, ki potekajo kjerkoli na svetu, in vse, kar morate storiti, je, da se odlo\u010dite, katera bo va\u0161a najljub\u0161a in katero \u017eelite preizkusiti kot naslednjo.<\/p>\n<p>Zato si na hitro oglejte, kaj je na voljo in kako lahko izberete vse \u017erebanja, ki si jih \u017eelite. Prav tako si oglejte vse informacije, ki jih lahko najdete o vsaki od iger, kdaj bodo iz\u017erebane, koliko lahko osvojite in \u0161e veliko ve\u010d.<\/p>\n<p>\u017delite igrati in kupiti sre\u010dke Powerball prek spleta? Za\u010dnite zdaj, tukaj.<\/p>\n","protected":false},"excerpt":{"rendered":"<p>Powerball je verjetno najbolj znana loterija po vsem svetu in za to obstaja nekaj res dobrih razlogov. V igri sodeluje na milijone igralcev z vsega sveta. \u0160e ve\u010d, ne samo v ZDA, ampak tudi na spletu iz drugih dr\u017eav, kot je Slovenija, se lahko odlo\u010dite za spletni nakup sre\u010dk Powerball. \u017drebanja potekajo vsako soboto in [&hellip;]<\/p>\n","protected":false},"author":1,"featured_media":0,"parent":17289,"menu_order":1,"comment_status":"closed","ping_status":"closed","template":"powerball-usa-info.php","meta":{"_et_pb_use_builder":"","_et_pb_old_content":"","_et_gb_content_width":"","exclude_from_search":false,"footnotes":""},"class_list":["post-17294","page","type-page","status-publish","hentry"],"yoast_head":"<!-- This site is optimized with the Yoast SEO plugin v23.8 - https:\/\/yoast.com\/wordpress\/plugins\/seo\/ -->\n<title>Kupite sre\u010dke Powerball na spletu iz Slovenije | Win Powerball tukaj<\/title>\n<meta name=\"description\" content=\"Kako na spletu kupiti sre\u010dko za loterijo Powerball v ZDA? Na\u0161a storitev vam omogo\u010da, da sodelujete v igri Powerball USA iz Slovenije\" \/>\n<meta name=\"robots\" content=\"index, follow, max-snippet:-1, max-image-preview:large, max-video-preview:-1\" \/>\n<link rel=\"canonical\" href=\"https:\/\/redfoxlotto.com\/sl\/loterije\/powerball\/\" \/>\n<meta property=\"og:locale\" content=\"sl_SI\" \/>\n<meta property=\"og:type\" content=\"article\" \/>\n<meta property=\"og:title\" content=\"Kupite sre\u010dke Powerball na spletu iz Slovenije | Win Powerball tukaj\" \/>\n<meta property=\"og:description\" content=\"Kako na spletu kupiti sre\u010dko za loterijo Powerball v ZDA? Na\u0161a storitev vam omogo\u010da, da sodelujete v igri Powerball USA iz Slovenije\" \/>\n<meta property=\"og:url\" content=\"https:\/\/redfoxlotto.com\/sl\/loterije\/powerball\/\" \/>\n<meta property=\"og:site_name\" content=\"Get Tickets for the World\u2019s largest jackpots\" \/>\n<meta property=\"article:modified_time\" content=\"2025-12-18T15:17:18+00:00\" \/>\n<meta property=\"og:image\" content=\"https:\/\/redfoxlotto.com\/wp-content\/uploads\/sites\/9\/ticket_powerball3.jpg\" \/>\n<meta name=\"twitter:card\" content=\"summary_large_image\" \/>\n<meta name=\"twitter:label1\" content=\"Est. reading time\" \/>\n\t<meta name=\"twitter:data1\" content=\"5 minut\" \/>\n<script type=\"application\/ld+json\" class=\"yoast-schema-graph\">{\"@context\":\"https:\/\/schema.org\",\"@graph\":[{\"@type\":\"WebPage\",\"@id\":\"https:\/\/redfoxlotto.com\/sl\/loterije\/powerball\/\",\"url\":\"https:\/\/redfoxlotto.com\/sl\/loterije\/powerball\/\",\"name\":\"Kupite sre\u010dke Powerball na spletu iz Slovenije | Win Powerball tukaj\",\"isPartOf\":{\"@id\":\"https:\/\/redfoxlotto.com\/sl\/#website\"},\"primaryImageOfPage\":{\"@id\":\"https:\/\/redfoxlotto.com\/sl\/loterije\/powerball\/#primaryimage\"},\"image\":{\"@id\":\"https:\/\/redfoxlotto.com\/sl\/loterije\/powerball\/#primaryimage\"},\"thumbnailUrl\":\"https:\/\/redfoxlotto.com\/wp-content\/uploads\/sites\/9\/ticket_powerball3.jpg\",\"datePublished\":\"2018-11-18T08:54:25+00:00\",\"dateModified\":\"2025-12-18T15:17:18+00:00\",\"description\":\"Kako na spletu kupiti sre\u010dko za loterijo Powerball v ZDA? Na\u0161a storitev vam omogo\u010da, da sodelujete v igri Powerball USA iz Slovenije\",\"breadcrumb\":{\"@id\":\"https:\/\/redfoxlotto.com\/sl\/loterije\/powerball\/#breadcrumb\"},\"inLanguage\":\"sl-SI\",\"potentialAction\":[{\"@type\":\"ReadAction\",\"target\":[\"https:\/\/redfoxlotto.com\/sl\/loterije\/powerball\/\"]}]},{\"@type\":\"ImageObject\",\"inLanguage\":\"sl-SI\",\"@id\":\"https:\/\/redfoxlotto.com\/sl\/loterije\/powerball\/#primaryimage\",\"url\":\"https:\/\/redfoxlotto.com\/wp-content\/uploads\/sites\/9\/ticket_powerball3.jpg\",\"contentUrl\":\"https:\/\/redfoxlotto.com\/wp-content\/uploads\/sites\/9\/ticket_powerball3.jpg\"},{\"@type\":\"BreadcrumbList\",\"@id\":\"https:\/\/redfoxlotto.com\/sl\/loterije\/powerball\/#breadcrumb\",\"itemListElement\":[{\"@type\":\"ListItem\",\"position\":1,\"name\":\"Home\",\"item\":\"https:\/\/redfoxlotto.com\/sl\/\"},{\"@type\":\"ListItem\",\"position\":2,\"name\":\"Kako vpla\u010dati loterijske listke prek spleta &#8211; postopek nakupa\",\"item\":\"https:\/\/redfoxlotto.com\/sl\/loterije\/\"},{\"@type\":\"ListItem\",\"position\":3,\"name\":\"O igri Powerball\"}]},{\"@type\":\"WebSite\",\"@id\":\"https:\/\/redfoxlotto.com\/sl\/#website\",\"url\":\"https:\/\/redfoxlotto.com\/sl\/\",\"name\":\"Get Tickets for the World\u2019s largest jackpots\",\"description\":\"Participate in worldwide lottery jackpots from any country\",\"publisher\":{\"@id\":\"https:\/\/redfoxlotto.com\/sl\/#organization\"},\"potentialAction\":[{\"@type\":\"SearchAction\",\"target\":{\"@type\":\"EntryPoint\",\"urlTemplate\":\"https:\/\/redfoxlotto.com\/sl\/?s={search_term_string}\"},\"query-input\":{\"@type\":\"PropertyValueSpecification\",\"valueRequired\":true,\"valueName\":\"search_term_string\"}}],\"inLanguage\":\"sl-SI\"},{\"@type\":\"Organization\",\"@id\":\"https:\/\/redfoxlotto.com\/sl\/#organization\",\"name\":\"Get Tickets for the World\u2019s largest jackpots\",\"url\":\"https:\/\/redfoxlotto.com\/sl\/\",\"logo\":{\"@type\":\"ImageObject\",\"inLanguage\":\"sl-SI\",\"@id\":\"https:\/\/redfoxlotto.com\/sl\/#\/schema\/logo\/image\/\",\"url\":\"https:\/\/redfoxlotto.com\/wp-content\/uploads\/2023\/04\/logo.png\",\"contentUrl\":\"https:\/\/redfoxlotto.com\/wp-content\/uploads\/2023\/04\/logo.png\",\"width\":269,\"height\":53,\"caption\":\"Get Tickets for the World\u2019s largest jackpots\"},\"image\":{\"@id\":\"https:\/\/redfoxlotto.com\/sl\/#\/schema\/logo\/image\/\"}}]}<\/script>\n<!-- \/ Yoast SEO plugin. -->","yoast_head_json":{"title":"Kupite sre\u010dke Powerball na spletu iz Slovenije | Win Powerball tukaj","description":"Kako na spletu kupiti sre\u010dko za loterijo Powerball v ZDA? Na\u0161a storitev vam omogo\u010da, da sodelujete v igri Powerball USA iz Slovenije","robots":{"index":"index","follow":"follow","max-snippet":"max-snippet:-1","max-image-preview":"max-image-preview:large","max-video-preview":"max-video-preview:-1"},"canonical":"https:\/\/redfoxlotto.com\/sl\/loterije\/powerball\/","og_locale":"sl_SI","og_type":"article","og_title":"Kupite sre\u010dke Powerball na spletu iz Slovenije | Win Powerball tukaj","og_description":"Kako na spletu kupiti sre\u010dko za loterijo Powerball v ZDA? Na\u0161a storitev vam omogo\u010da, da sodelujete v igri Powerball USA iz Slovenije","og_url":"https:\/\/redfoxlotto.com\/sl\/loterije\/powerball\/","og_site_name":"Get Tickets for the World\u2019s largest jackpots","article_modified_time":"2025-12-18T15:17:18+00:00","og_image":[{"url":"https:\/\/redfoxlotto.com\/wp-content\/uploads\/sites\/9\/ticket_powerball3.jpg"}],"twitter_card":"summary_large_image","twitter_misc":{"Est. reading time":"5 minut"},"schema":{"@context":"https:\/\/schema.org","@graph":[{"@type":"WebPage","@id":"https:\/\/redfoxlotto.com\/sl\/loterije\/powerball\/","url":"https:\/\/redfoxlotto.com\/sl\/loterije\/powerball\/","name":"Kupite sre\u010dke Powerball na spletu iz Slovenije | Win Powerball tukaj","isPartOf":{"@id":"https:\/\/redfoxlotto.com\/sl\/#website"},"primaryImageOfPage":{"@id":"https:\/\/redfoxlotto.com\/sl\/loterije\/powerball\/#primaryimage"},"image":{"@id":"https:\/\/redfoxlotto.com\/sl\/loterije\/powerball\/#primaryimage"},"thumbnailUrl":"https:\/\/redfoxlotto.com\/wp-content\/uploads\/sites\/9\/ticket_powerball3.jpg","datePublished":"2018-11-18T08:54:25+00:00","dateModified":"2025-12-18T15:17:18+00:00","description":"Kako na spletu kupiti sre\u010dko za loterijo Powerball v ZDA? Na\u0161a storitev vam omogo\u010da, da sodelujete v igri Powerball USA iz Slovenije","breadcrumb":{"@id":"https:\/\/redfoxlotto.com\/sl\/loterije\/powerball\/#breadcrumb"},"inLanguage":"sl-SI","potentialAction":[{"@type":"ReadAction","target":["https:\/\/redfoxlotto.com\/sl\/loterije\/powerball\/"]}]},{"@type":"ImageObject","inLanguage":"sl-SI","@id":"https:\/\/redfoxlotto.com\/sl\/loterije\/powerball\/#primaryimage","url":"https:\/\/redfoxlotto.com\/wp-content\/uploads\/sites\/9\/ticket_powerball3.jpg","contentUrl":"https:\/\/redfoxlotto.com\/wp-content\/uploads\/sites\/9\/ticket_powerball3.jpg"},{"@type":"BreadcrumbList","@id":"https:\/\/redfoxlotto.com\/sl\/loterije\/powerball\/#breadcrumb","itemListElement":[{"@type":"ListItem","position":1,"name":"Home","item":"https:\/\/redfoxlotto.com\/sl\/"},{"@type":"ListItem","position":2,"name":"Kako vpla\u010dati loterijske listke prek spleta &#8211; postopek nakupa","item":"https:\/\/redfoxlotto.com\/sl\/loterije\/"},{"@type":"ListItem","position":3,"name":"O igri Powerball"}]},{"@type":"WebSite","@id":"https:\/\/redfoxlotto.com\/sl\/#website","url":"https:\/\/redfoxlotto.com\/sl\/","name":"Get Tickets for the World\u2019s largest jackpots","description":"Participate in worldwide lottery jackpots from any country","publisher":{"@id":"https:\/\/redfoxlotto.com\/sl\/#organization"},"potentialAction":[{"@type":"SearchAction","target":{"@type":"EntryPoint","urlTemplate":"https:\/\/redfoxlotto.com\/sl\/?s={search_term_string}"},"query-input":{"@type":"PropertyValueSpecification","valueRequired":true,"valueName":"search_term_string"}}],"inLanguage":"sl-SI"},{"@type":"Organization","@id":"https:\/\/redfoxlotto.com\/sl\/#organization","name":"Get Tickets for the World\u2019s largest jackpots","url":"https:\/\/redfoxlotto.com\/sl\/","logo":{"@type":"ImageObject","inLanguage":"sl-SI","@id":"https:\/\/redfoxlotto.com\/sl\/#\/schema\/logo\/image\/","url":"https:\/\/redfoxlotto.com\/wp-content\/uploads\/2023\/04\/logo.png","contentUrl":"https:\/\/redfoxlotto.com\/wp-content\/uploads\/2023\/04\/logo.png","width":269,"height":53,"caption":"Get Tickets for the World\u2019s largest jackpots"},"image":{"@id":"https:\/\/redfoxlotto.com\/sl\/#\/schema\/logo\/image\/"}}]}},"_links":{"self":[{"href":"https:\/\/redfoxlotto.com\/sl\/wp-json\/wp\/v2\/pages\/17294","targetHints":{"allow":["GET"]}}],"collection":[{"href":"https:\/\/redfoxlotto.com\/sl\/wp-json\/wp\/v2\/pages"}],"about":[{"href":"https:\/\/redfoxlotto.com\/sl\/wp-json\/wp\/v2\/types\/page"}],"author":[{"embeddable":true,"href":"https:\/\/redfoxlotto.com\/sl\/wp-json\/wp\/v2\/users\/1"}],"replies":[{"embeddable":true,"href":"https:\/\/redfoxlotto.com\/sl\/wp-json\/wp\/v2\/comments?post=17294"}],"version-history":[{"count":0,"href":"https:\/\/redfoxlotto.com\/sl\/wp-json\/wp\/v2\/pages\/17294\/revisions"}],"up":[{"embeddable":true,"href":"https:\/\/redfoxlotto.com\/sl\/wp-json\/wp\/v2\/pages\/17289"}],"wp:attachment":[{"href":"https:\/\/redfoxlotto.com\/sl\/wp-json\/wp\/v2\/media?parent=17294"}],"curies":[{"name":"wp","href":"https:\/\/api.w.org\/{rel}","templated":true}]}}