{"id":17292,"date":"2018-11-18T08:54:25","date_gmt":"2018-11-18T08:54:25","guid":{"rendered":"https:\/\/redfoxlotto.com\/?page_id=2613"},"modified":"2025-12-18T13:26:55","modified_gmt":"2025-12-18T13:26:55","slug":"mega-millions","status":"publish","type":"page","link":"https:\/\/redfoxlotto.com\/sl\/loterije\/mega-millions\/","title":{"rendered":"O Mega Millions"},"content":{"rendered":"<p><script type=\"application\/ld+json\">\n{\n  \"@context\": \"https:\/\/schema.org\",\n  \"@type\": \"Service\",\n  \"name\": \"Igrajte Mega Millions na spletu\",\n  \"url\": \"https:\/\/redfoxlotto.com\/sl\/lotteries\/mega-millions\",\n  \"description\": \"Kupite uradne Mega Millions sre\u010dke na spletu iz katere koli dr\u017eave. Obi\u0161\u010dite RedFoxLotto, izberite svoje \u0161tevilke in sodelujte v naslednjem \u017erebanju.\",\n  \"serviceType\": \"Spletna posredni\u0161ka storitev za loterijske sre\u010dke\",<\/p>\n<p>  \"provider\": {\n    \"@type\": \"Organization\",\n    \"name\": \"RedFoxLotto\",\n    \"url\": \"https:\/\/redfoxlotto.com\/sl\",\n    \"image\": \"https:\/\/redfoxlotto.com\/sl\/wp-content\/uploads\/2025\/12\/ticket_scans.jpg\",\n    \"sameAs\": []\n  },<\/p>\n<p>  \"areaServed\": \"Worldwide\",\n  \"termsOfService\": \"https:\/\/redfoxlotto.com\/terms-and-conditions\",<\/p>\n<p>  \"additionalProperty\": {\n    \"@type\": \"PropertyValue\",\n    \"name\": \"Pogosta vpra\u0161anja\",\n    \"value\": \"https:\/\/redfoxlotto.com\/sl\/faq\/\"\n  },<\/p>\n<p>  \"hasOfferCatalog\": {\n    \"@type\": \"OfferCatalog\",\n    \"name\": \"Mega Millions sre\u010dke\",\n    \"itemListElement\": [\n      {\n        \"@type\": \"Offer\",\n        \"name\": \"Mega Millions sre\u010dke\",\n        \"url\": \"https:\/\/redfoxlotto.com\/sl\/lotteries\/powerball\",\n        \"description\": \"Kupite prave sre\u010dke na spletu za naslednje \u017erebanje Mega Millions pri RedFoxLotto.\",\n        \"price\": \"13.00\",\n        \"priceCurrency\": \"\u20ac\",\n        \"availability\": \"https:\/\/schema.org\/InStock\",<\/p>\n<p>        \"itemOffered\": {\n          \"@type\": \"Service\",\n          \"name\": \"Mega Millions loterijske sre\u010dke\",\n          \"description\": \"Sodelujte v naslednjem \u017erebanju Mega Millions \u2013 kupite sre\u010dke na spletu prek RedFoxLotto.\"\n        }\n      }\n    ]\n  },<\/p>\n<p>  \"mainEntityOfPage\": {\n    \"@type\": \"WebPage\",\n    \"@id\": \"https:\/\/redfoxlotto.com\/sl\/lotteries\/mega-millions\"\n  }\n}\n<\/script><\/p>\n<p>Ta loterija 44 ameri\u0161kih zveznih dr\u017eav, ki je bila do leta 2002 znana kot &#8220;Velika igra&#8221;, je zdaj po vsem svetu znana kot Mega Millions. V ta namen se opravita dve \u017erebanji na teden (vsak torek in petek). \u010ce \u0161e niste sli\u0161ali za to igro ali \u010de ji do zdaj niste posve\u010dali posebne pozornosti, si jo boste vsekakor \u017eeleli podrobneje ogledati in ugotoviti, kaj lahko iz nje razberete.<\/p>\n<p>Vsekakor bo to nagrada, ki jo boste \u017eeleli osvojiti, poleg tega pa je igra zelo preprosta. Zato je nakup spletnih sre\u010dk Mega Millions v Sloveniji koristen za vse.<\/p>\n<h2>Jackpot Mega Millions<\/h2>\n<p>Mega Millions je znana po svojih velikih glavnih dobitkih. V letu 2018 je rekordni glavni dobitek v vi\u0161ini ve\u010d kot 1,5 milijarde dolarjev osvojil en sam sre\u010dne\u017e. To je vsekakor vrsta glavnega dobitka, ki si ga \u017eelite osvojiti, kajne? In kvote vsekakor niso tako slabe, kot so za nekatere glavne dobitke.<\/p>\n<p>Pri igri Mega Millions je \u0161e bolj\u0161e, da so glavni dobitki vedno visoki. Jackpot se za\u010dne pri 40 milijonih dolarjev. Tudi \u010de osvojite osnovni jackpot, preden se za\u010dne pove\u010devati (kar se redko zgodi), boste \u0161e vedno prejeli veliko izpla\u010dilo.<\/p>\n<p><img loading=\"lazy\" decoding=\"async\" class=\"alignright wp-image\" src=\"https:\/\/content.redfoxlotto.com\/uploads\/sites\/9\/2_ticket_mega_millions2.jpg\" alt=\"Mega Millions na spletu\" width=\"200\" height=\"207\" \/><\/p>\n<p>\u010ce jackpot osvojite pozneje, ko se za\u010dne pove\u010devati, lahko osvojite \u0161e veliko ve\u010d. \u0160e bolje pa je, da se ti glavni dobitki precej hitro pove\u010dajo. Tako lahko tisto, kar se danes za\u010dne s 40 milijoni dolarjev, v tednu ali manj zlahka prese\u017ee 100 milijonov dolarjev. Od tam se lahko dvigne na ve\u010d sto milijonov in morda boste sodelovali v \u0161e enem \u017erebanju za milijardo dolarjev. To bi bilo vsekakor vredno vlo\u017eiti nekaj dolarjev za vstopnice, kajne?<\/p>\n<p>Na na\u0161em spletnem mestu imate mo\u017enost kupiti sre\u010dke Mega Millions prek spleta, tudi \u010de \u017eivite v Sloveniji. Samo izberite \u0161tevilke, kupite vstopnico in po\u010dakajte na rezultate \u017erebanja! \u010cez nekaj trenutkov bomo predstavili nekaj splo\u0161nih korakov in kaj je potrebno za za\u010detek, vendar se najprej osredoto\u010dimo na samo igro Mega Millions, kajne?<\/p>\n<h2>Pravila igre Mega Millions<\/h2>\n<p>Pravila igre Mega Millions so preprosta. Izbrati morate 5 \u0161tevilk med 1 in 70 ter dodatno \u0161tevilko \u017eogice MegaBall. Za osvojitev glavnega dobitka morajo biti vse \u0161tevilke enake. To ne pomeni, da ne morete dobiti ni\u010desar, \u010de ne dobite glavnega dobitka. Pravzaprav lahko osvojite ve\u010d razli\u010dnih nagrad. V igri Mega Millions lahko osvojite devet nagradnih vrst.<\/p>\n<p>Resni\u010dno odli\u010dno je, da lahko dejansko zmagate na podlagi ujemanja samo ene \u0161tevilke, \u010de je ta \u0161tevilka MegaBall. \u010ce se ujemate s to \u0161tevilko, boste osvojili avtomati\u010dno nagrado, to pa je \u0161ele za\u010detek vsega. Lahko osvojite zelo majhne nagrade, ki vam povrnejo le denar, ki ste ga porabili za nakup sre\u010dke, ali pa velike nagrade, ki so \u0161e vedno manj\u0161e od dejanskega glavnega dobitka.<br \/>\nPoleg tega lahko vsako nagrado pod glavnim dobitkom osvojite posebej. To pomeni, da vam ni treba deliti denarja, \u010de ga osvoji tudi kdo drug.<\/p>\n<h2>Spletni nakup vstopnice Mega Millions v \u0160paniji<\/h2>\n<p>Ste pripravljeni na nakup svoje prve spletne vstopnice Mega Millions? \u010ce ste, potem si boste zagotovo \u017eeleli ogledati korake, ki so potrebni za ta postopek. Poskrbeli smo, da je postopek kar se da enostaven, saj vemo, da si resni\u010dno \u017eelite kupiti svojo vstopnico, sodelovati pri \u017erebanju in se nato ukvarjati z drugimi stvarmi, ki se vam dogajajo v \u017eivljenju. Zato je postopek sestavljen le iz nekaj korakov.<\/p>\n<p>Prvi korak je odlo\u010ditev, kaj boste kupili. \u010ce \u017eelite kupiti sre\u010dke Mega Millions prek spleta, bo to zelo preprosto. Preprosto poi\u0161\u010dite igro in pojdite na stran, ki je namenjena posebej zanjo.<\/p>\n<p>\u010ce \u017eelite kupiti vstopnice za druge igre, boste lahko vsako od njih in njihove trenutne glavne dobitke videli na istem zaslonu in prav tako lahko vstopite v vsako od njih posebej. Tako se boste la\u017eje odlo\u010dili, kaj boste storili, in izbrali \u017eelene vstopnice.<\/p>\n<p>Ko ste na strani, lahko izveste ve\u010d o igri Mega Millions, nato pa izberete \u0161tevilke, ki jih \u017eelite igrati. \u010ce \u017eelite iz\u017erebati dolo\u010dene \u0161tevilke, jih lahko izberete kar na tem zaslonu. \u010ce imate le nekaj \u0161tevilk in \u017eelite, da se preostale dodelijo naklju\u010dno, je tudi to mo\u017enost. Lahko pa izberete tudi popolnoma naklju\u010dno izbrano sre\u010dko. Vse je odvisno od vas. V vsakem primeru boste vedeli, ali imate dovolj \u0161tevilk, premalo ali preve\u010d, saj bomo poskrbeli, da bo va\u0161a vstopnica veljavna, \u0161e preden boste pre\u0161li na naslednjo stran.<\/p>\n<p><img loading=\"lazy\" decoding=\"async\" class=\"alignright wp-image\" src=\"https:\/\/content.redfoxlotto.com\/uploads\/sites\/9\/1_buy_mega_millions_lottery_tickets.jpg\" alt=\"kupi sre\u010dke prek spleta\" width=\"287\" height=\"202\" \/><\/p>\n<h2>Postopek pla\u010dila<\/h2>\n<p>Ko ste izbrali \u017eelene vstopnice Mega Millions, jih lahko dodate v ko\u0161arico in izberete dodatne vstopnice, \u010de \u017eelite, ali pa nadaljujete s postopkom pla\u010devanja. Pri blagajni boste potrebovali ra\u010dun pri nas, vendar je tudi to zelo enostavno vzpostaviti.<\/p>\n<p>Vnesete le nekaj osnovnih podatkov o sebi, da boste lahko po potrebi zahtevali nagrade.<\/p>\n<p>To je vse. Potrdite nakup, mi vam po\u0161ljemo vstopnice, ki se prika\u017eejo v va\u0161em ra\u010dunu, tako da si jih lahko ogledate in preverite, ali ste zmagali. V primeru dobitka vam bomo celo poslali e-po\u0161tno sporo\u010dilo in vam v ra\u010dunu prikazali, katere \u0161tevilke iz \u017erebanja so se ujemale. Pri igri Mega Millions ne boste imeli te\u017eav z odli\u010dno izku\u0161njo in boste \u017eeleli igrati vsako igro.<\/p>\n","protected":false},"excerpt":{"rendered":"<p>Ta loterija 44 ameri\u0161kih zveznih dr\u017eav, ki je bila do leta 2002 znana kot &#8220;Velika igra&#8221;, je zdaj po vsem svetu znana kot Mega Millions. V ta namen se opravita dve \u017erebanji na teden (vsak torek in petek). \u010ce \u0161e niste sli\u0161ali za to igro ali \u010de ji do zdaj niste posve\u010dali posebne pozornosti, si [&hellip;]<\/p>\n","protected":false},"author":1,"featured_media":0,"parent":17289,"menu_order":2,"comment_status":"closed","ping_status":"closed","template":"megamillion-info.php","meta":{"_et_pb_use_builder":"","_et_pb_old_content":"","_et_gb_content_width":"","exclude_from_search":false,"footnotes":""},"class_list":["post-17292","page","type-page","status-publish","hentry"],"yoast_head":"<!-- This site is optimized with the Yoast SEO plugin v23.8 - https:\/\/yoast.com\/wordpress\/plugins\/seo\/ -->\n<title>Nakup vstopnic Mega Millions na spletu | Mega Millions je zdaj na voljo v Sloveniji<\/title>\n<meta name=\"description\" content=\"Poi\u0161\u010dite informacije o loteriji Mega Millions v ZDA in o tem, kako lahko vstopnice Mega Millions kupite prek spleta, iz \u0160panije ali katere koli dr\u017eave na svetu\" \/>\n<meta name=\"robots\" content=\"index, follow, max-snippet:-1, max-image-preview:large, max-video-preview:-1\" \/>\n<link rel=\"canonical\" href=\"https:\/\/redfoxlotto.com\/sl\/loterije\/mega-millions\/\" \/>\n<meta property=\"og:locale\" content=\"sl_SI\" \/>\n<meta property=\"og:type\" content=\"article\" \/>\n<meta property=\"og:title\" content=\"Nakup vstopnic Mega Millions na spletu | Mega Millions je zdaj na voljo v Sloveniji\" \/>\n<meta property=\"og:description\" content=\"Poi\u0161\u010dite informacije o loteriji Mega Millions v ZDA in o tem, kako lahko vstopnice Mega Millions kupite prek spleta, iz \u0160panije ali katere koli dr\u017eave na svetu\" \/>\n<meta property=\"og:url\" content=\"https:\/\/redfoxlotto.com\/sl\/loterije\/mega-millions\/\" \/>\n<meta property=\"og:site_name\" content=\"Get Tickets for the World\u2019s largest jackpots\" \/>\n<meta property=\"article:modified_time\" content=\"2025-12-18T13:26:55+00:00\" \/>\n<meta property=\"og:image\" content=\"https:\/\/content.redfoxlotto.com\/uploads\/sites\/9\/2_ticket_mega_millions2.jpg\" \/>\n<meta name=\"twitter:card\" content=\"summary_large_image\" \/>\n<meta name=\"twitter:label1\" content=\"Est. reading time\" \/>\n\t<meta name=\"twitter:data1\" content=\"4 minute\" \/>\n<script type=\"application\/ld+json\" class=\"yoast-schema-graph\">{\"@context\":\"https:\/\/schema.org\",\"@graph\":[{\"@type\":\"WebPage\",\"@id\":\"https:\/\/redfoxlotto.com\/sl\/loterije\/mega-millions\/\",\"url\":\"https:\/\/redfoxlotto.com\/sl\/loterije\/mega-millions\/\",\"name\":\"Nakup vstopnic Mega Millions na spletu | Mega Millions je zdaj na voljo v Sloveniji\",\"isPartOf\":{\"@id\":\"https:\/\/redfoxlotto.com\/sl\/#website\"},\"primaryImageOfPage\":{\"@id\":\"https:\/\/redfoxlotto.com\/sl\/loterije\/mega-millions\/#primaryimage\"},\"image\":{\"@id\":\"https:\/\/redfoxlotto.com\/sl\/loterije\/mega-millions\/#primaryimage\"},\"thumbnailUrl\":\"https:\/\/content.redfoxlotto.com\/uploads\/sites\/9\/2_ticket_mega_millions2.jpg\",\"datePublished\":\"2018-11-18T08:54:25+00:00\",\"dateModified\":\"2025-12-18T13:26:55+00:00\",\"description\":\"Poi\u0161\u010dite informacije o loteriji Mega Millions v ZDA in o tem, kako lahko vstopnice Mega Millions kupite prek spleta, iz \u0160panije ali katere koli dr\u017eave na svetu\",\"breadcrumb\":{\"@id\":\"https:\/\/redfoxlotto.com\/sl\/loterije\/mega-millions\/#breadcrumb\"},\"inLanguage\":\"sl-SI\",\"potentialAction\":[{\"@type\":\"ReadAction\",\"target\":[\"https:\/\/redfoxlotto.com\/sl\/loterije\/mega-millions\/\"]}]},{\"@type\":\"ImageObject\",\"inLanguage\":\"sl-SI\",\"@id\":\"https:\/\/redfoxlotto.com\/sl\/loterije\/mega-millions\/#primaryimage\",\"url\":\"https:\/\/content.redfoxlotto.com\/uploads\/sites\/9\/2_ticket_mega_millions2.jpg\",\"contentUrl\":\"https:\/\/content.redfoxlotto.com\/uploads\/sites\/9\/2_ticket_mega_millions2.jpg\"},{\"@type\":\"BreadcrumbList\",\"@id\":\"https:\/\/redfoxlotto.com\/sl\/loterije\/mega-millions\/#breadcrumb\",\"itemListElement\":[{\"@type\":\"ListItem\",\"position\":1,\"name\":\"Home\",\"item\":\"https:\/\/redfoxlotto.com\/sl\/\"},{\"@type\":\"ListItem\",\"position\":2,\"name\":\"Kako vpla\u010dati loterijske listke prek spleta &#8211; postopek nakupa\",\"item\":\"https:\/\/redfoxlotto.com\/sl\/loterije\/\"},{\"@type\":\"ListItem\",\"position\":3,\"name\":\"O Mega Millions\"}]},{\"@type\":\"WebSite\",\"@id\":\"https:\/\/redfoxlotto.com\/sl\/#website\",\"url\":\"https:\/\/redfoxlotto.com\/sl\/\",\"name\":\"Get Tickets for the World\u2019s largest jackpots\",\"description\":\"Participate in worldwide lottery jackpots from any country\",\"publisher\":{\"@id\":\"https:\/\/redfoxlotto.com\/sl\/#organization\"},\"potentialAction\":[{\"@type\":\"SearchAction\",\"target\":{\"@type\":\"EntryPoint\",\"urlTemplate\":\"https:\/\/redfoxlotto.com\/sl\/?s={search_term_string}\"},\"query-input\":{\"@type\":\"PropertyValueSpecification\",\"valueRequired\":true,\"valueName\":\"search_term_string\"}}],\"inLanguage\":\"sl-SI\"},{\"@type\":\"Organization\",\"@id\":\"https:\/\/redfoxlotto.com\/sl\/#organization\",\"name\":\"Get Tickets for the World\u2019s largest jackpots\",\"url\":\"https:\/\/redfoxlotto.com\/sl\/\",\"logo\":{\"@type\":\"ImageObject\",\"inLanguage\":\"sl-SI\",\"@id\":\"https:\/\/redfoxlotto.com\/sl\/#\/schema\/logo\/image\/\",\"url\":\"https:\/\/redfoxlotto.com\/wp-content\/uploads\/2023\/04\/logo.png\",\"contentUrl\":\"https:\/\/redfoxlotto.com\/wp-content\/uploads\/2023\/04\/logo.png\",\"width\":269,\"height\":53,\"caption\":\"Get Tickets for the World\u2019s largest jackpots\"},\"image\":{\"@id\":\"https:\/\/redfoxlotto.com\/sl\/#\/schema\/logo\/image\/\"}}]}<\/script>\n<!-- \/ Yoast SEO plugin. -->","yoast_head_json":{"title":"Nakup vstopnic Mega Millions na spletu | Mega Millions je zdaj na voljo v Sloveniji","description":"Poi\u0161\u010dite informacije o loteriji Mega Millions v ZDA in o tem, kako lahko vstopnice Mega Millions kupite prek spleta, iz \u0160panije ali katere koli dr\u017eave na svetu","robots":{"index":"index","follow":"follow","max-snippet":"max-snippet:-1","max-image-preview":"max-image-preview:large","max-video-preview":"max-video-preview:-1"},"canonical":"https:\/\/redfoxlotto.com\/sl\/loterije\/mega-millions\/","og_locale":"sl_SI","og_type":"article","og_title":"Nakup vstopnic Mega Millions na spletu | Mega Millions je zdaj na voljo v Sloveniji","og_description":"Poi\u0161\u010dite informacije o loteriji Mega Millions v ZDA in o tem, kako lahko vstopnice Mega Millions kupite prek spleta, iz \u0160panije ali katere koli dr\u017eave na svetu","og_url":"https:\/\/redfoxlotto.com\/sl\/loterije\/mega-millions\/","og_site_name":"Get Tickets for the World\u2019s largest jackpots","article_modified_time":"2025-12-18T13:26:55+00:00","og_image":[{"url":"https:\/\/content.redfoxlotto.com\/uploads\/sites\/9\/2_ticket_mega_millions2.jpg"}],"twitter_card":"summary_large_image","twitter_misc":{"Est. reading time":"4 minute"},"schema":{"@context":"https:\/\/schema.org","@graph":[{"@type":"WebPage","@id":"https:\/\/redfoxlotto.com\/sl\/loterije\/mega-millions\/","url":"https:\/\/redfoxlotto.com\/sl\/loterije\/mega-millions\/","name":"Nakup vstopnic Mega Millions na spletu | Mega Millions je zdaj na voljo v Sloveniji","isPartOf":{"@id":"https:\/\/redfoxlotto.com\/sl\/#website"},"primaryImageOfPage":{"@id":"https:\/\/redfoxlotto.com\/sl\/loterije\/mega-millions\/#primaryimage"},"image":{"@id":"https:\/\/redfoxlotto.com\/sl\/loterije\/mega-millions\/#primaryimage"},"thumbnailUrl":"https:\/\/content.redfoxlotto.com\/uploads\/sites\/9\/2_ticket_mega_millions2.jpg","datePublished":"2018-11-18T08:54:25+00:00","dateModified":"2025-12-18T13:26:55+00:00","description":"Poi\u0161\u010dite informacije o loteriji Mega Millions v ZDA in o tem, kako lahko vstopnice Mega Millions kupite prek spleta, iz \u0160panije ali katere koli dr\u017eave na svetu","breadcrumb":{"@id":"https:\/\/redfoxlotto.com\/sl\/loterije\/mega-millions\/#breadcrumb"},"inLanguage":"sl-SI","potentialAction":[{"@type":"ReadAction","target":["https:\/\/redfoxlotto.com\/sl\/loterije\/mega-millions\/"]}]},{"@type":"ImageObject","inLanguage":"sl-SI","@id":"https:\/\/redfoxlotto.com\/sl\/loterije\/mega-millions\/#primaryimage","url":"https:\/\/content.redfoxlotto.com\/uploads\/sites\/9\/2_ticket_mega_millions2.jpg","contentUrl":"https:\/\/content.redfoxlotto.com\/uploads\/sites\/9\/2_ticket_mega_millions2.jpg"},{"@type":"BreadcrumbList","@id":"https:\/\/redfoxlotto.com\/sl\/loterije\/mega-millions\/#breadcrumb","itemListElement":[{"@type":"ListItem","position":1,"name":"Home","item":"https:\/\/redfoxlotto.com\/sl\/"},{"@type":"ListItem","position":2,"name":"Kako vpla\u010dati loterijske listke prek spleta &#8211; postopek nakupa","item":"https:\/\/redfoxlotto.com\/sl\/loterije\/"},{"@type":"ListItem","position":3,"name":"O Mega Millions"}]},{"@type":"WebSite","@id":"https:\/\/redfoxlotto.com\/sl\/#website","url":"https:\/\/redfoxlotto.com\/sl\/","name":"Get Tickets for the World\u2019s largest jackpots","description":"Participate in worldwide lottery jackpots from any country","publisher":{"@id":"https:\/\/redfoxlotto.com\/sl\/#organization"},"potentialAction":[{"@type":"SearchAction","target":{"@type":"EntryPoint","urlTemplate":"https:\/\/redfoxlotto.com\/sl\/?s={search_term_string}"},"query-input":{"@type":"PropertyValueSpecification","valueRequired":true,"valueName":"search_term_string"}}],"inLanguage":"sl-SI"},{"@type":"Organization","@id":"https:\/\/redfoxlotto.com\/sl\/#organization","name":"Get Tickets for the World\u2019s largest jackpots","url":"https:\/\/redfoxlotto.com\/sl\/","logo":{"@type":"ImageObject","inLanguage":"sl-SI","@id":"https:\/\/redfoxlotto.com\/sl\/#\/schema\/logo\/image\/","url":"https:\/\/redfoxlotto.com\/wp-content\/uploads\/2023\/04\/logo.png","contentUrl":"https:\/\/redfoxlotto.com\/wp-content\/uploads\/2023\/04\/logo.png","width":269,"height":53,"caption":"Get Tickets for the World\u2019s largest jackpots"},"image":{"@id":"https:\/\/redfoxlotto.com\/sl\/#\/schema\/logo\/image\/"}}]}},"_links":{"self":[{"href":"https:\/\/redfoxlotto.com\/sl\/wp-json\/wp\/v2\/pages\/17292","targetHints":{"allow":["GET"]}}],"collection":[{"href":"https:\/\/redfoxlotto.com\/sl\/wp-json\/wp\/v2\/pages"}],"about":[{"href":"https:\/\/redfoxlotto.com\/sl\/wp-json\/wp\/v2\/types\/page"}],"author":[{"embeddable":true,"href":"https:\/\/redfoxlotto.com\/sl\/wp-json\/wp\/v2\/users\/1"}],"replies":[{"embeddable":true,"href":"https:\/\/redfoxlotto.com\/sl\/wp-json\/wp\/v2\/comments?post=17292"}],"version-history":[{"count":0,"href":"https:\/\/redfoxlotto.com\/sl\/wp-json\/wp\/v2\/pages\/17292\/revisions"}],"up":[{"embeddable":true,"href":"https:\/\/redfoxlotto.com\/sl\/wp-json\/wp\/v2\/pages\/17289"}],"wp:attachment":[{"href":"https:\/\/redfoxlotto.com\/sl\/wp-json\/wp\/v2\/media?parent=17292"}],"curies":[{"name":"wp","href":"https:\/\/api.w.org\/{rel}","templated":true}]}}