{"id":17291,"date":"2018-11-18T08:54:25","date_gmt":"2018-11-18T08:54:25","guid":{"rendered":"https:\/\/redfoxlotto.com\/?page_id=2611"},"modified":"2025-12-18T14:58:13","modified_gmt":"2025-12-18T14:58:13","slug":"euromillions","status":"publish","type":"page","link":"https:\/\/redfoxlotto.com\/sl\/loterije\/euromillions\/","title":{"rendered":"O EuroMillions"},"content":{"rendered":"<p><script type=\"application\/ld+json\">\n{\n  \"@context\": \"https:\/\/schema.org\",\n  \"@type\": \"Service\",\n  \"name\": \"Igrajte Euromillions spletno\",\n  \"url\": \"https:\/\/redfoxlotto.com\/sl\/lotteries\/euromillions\/\",\n  \"description\": \"Kupite uradne Euromillions loterijske listke prek spleta iz katere koli dr\u017eave. Obi\u0161\u010dite RedFoxLotto, izberite svoje \u0161tevilke in sodelujte v naslednjem \u017erebanju.\",\n  \"serviceType\": \"Spletna storitev posredovanja loterijskih listkov\",\n  \"provider\": {\n    \"@type\": \"Organization\",\n    \"name\": \"RedFoxLotto\",\n    \"url\": \"https:\/\/redfoxlotto.com\/sl\",\n    \"image\": \"https:\/\/redfoxlotto.com\/sl\/wp-content\/uploads\/2025\/12\/ticket_scans.jpg\",\n    \"sameAs\": []\n  },\n  \"areaServed\": \"Worldwide\",\n  \"termsOfService\": \"https:\/\/redfoxlotto.com\/terms-and-conditions\",\n  \"additionalProperty\": {\n    \"@type\": \"PropertyValue\",\n    \"name\": \"FAQ\",\n    \"value\": \"https:\/\/redfoxlotto.com\/sl\/faq\/\"\n  },\n  \"hasOfferCatalog\": {\n    \"@type\": \"OfferCatalog\",\n    \"name\": \"Euromillions listki\",\n    \"itemListElement\": [\n      {\n        \"@type\": \"Offer\",\n        \"name\": \"Euromillions listki\",\n        \"url\": \"https:\/\/redfoxlotto.com\/sl\/lotteries\/euromillions\",\n        \"description\": \"Kupite prave listke online za naslednje \u017erebanje Euromillions preko RedFoxLotto.\",\n        \"price\": \"7.00\",\n        \"priceCurrency\": \"\u20ac\",\n        \"availability\": \"https:\/\/schema.org\/InStock\",\n        \"itemOffered\": {\n          \"@type\": \"Service\",\n          \"name\": \"Euromillions listki\",\n          \"description\": \"Sodelujte v naslednjem \u017erebanju Euromillions \u2013 kupite listke online preko RedFoxLotto.\"\n        }\n      }\n    ]\n  },\n  \"mainEntityOfPage\": {\n    \"@type\": \"WebPage\",\n    \"@id\": \"https:\/\/redfoxlotto.com\/sl\/lotteries\/euromillions\"\n  }\n}\n<\/script><\/p>\n<p>Euro Millions je najve\u010dja evropska loterija. Za\u010dela se je leta 2004, sre\u010dke pa lahko kupite v devetih evropskih dr\u017eavah &#8211; \u010de ste iz Slovenije, lahko sre\u010dke kupite na spletu tukaj.<\/p>\n<h2>Pridobite svojo vstopnico EuroMillions iz Slovenije<\/h2>\n<p>Ste pripravljeni za\u010deti in kupiti sre\u010dke EuroMillions prek spleta? \u010ce ste, potem boste \u017eeleli vedeti nekaj stvari o igri, preden se je lotite, kajne? \u017delite se prepri\u010dati, da ste pripravljeni in da o igri veste vse, kar lahko. Najprej morate vedeti, kdaj bodo potekala \u017erebanja, saj \u017eelite biti prepri\u010dani, da boste svojo sre\u010dko dobili pred naslednjim \u017erebanjem. \u017drebanja EuroMillions potekajo vsak torek in petek v Parizu.<\/p>\n<p><img loading=\"lazy\" decoding=\"async\" class=\"alignright wp-image\" src=\"https:\/\/content.redfoxlotto.com\/uploads\/sites\/9\/1_buy_euromillions_online.jpg\" alt=\"Glavni dobitek euromillions\" width=\"284\" height=\"190\" \/><\/p>\n<p>Ve\u010d o \u0161tevilkah, med katerimi lahko izbirate, in o tem, kako boste dobili \u017eeleno sre\u010dko, bomo povedali v naslednjem trenutku, za zdaj pa si podrobneje oglejmo glavni dobitek, ki ga lahko osvojite. Navsezadnje je to eden od razlogov, zakaj \u017eelite igrati EuroMillions.<\/p>\n<h2>Jackpot EuroMillions<\/h2>\n<p>EuroMillions je najve\u010dja loterija v Evropi, zato ima tudi velike glavne dobitke. Pravzaprav jackpoti pogosto zna\u0161ajo ve\u010d milijonov dolarjev, najve\u010dji pa bodo zagotovo tudi v zgornjem delu te vrednosti. Najvi\u0161ji glavni dobitek v tej loteriji do zdaj je zna\u0161al 190.000.000 EUR. Osvojil ga je anonimni igralec 24. oktobra 2014.<\/p>\n<p>\u017de to je dovolj dober razlog, da si to igro podrobneje ogledate in razmislite o nakupu sre\u010dke zase, kajne? No, misel, da bi osvojili ta denar, vam bo v\u0161e\u010d, poleg tega pa lahko dejansko \u0161e vedno osvojite dobro vsoto denarja, tudi \u010de ne dose\u017eete tega glavnega dobitka. To pa zato, ker je tudi za\u010detni znesek odli\u010den dobitek, odli\u010dni pa bodo tudi tisti, ki so povsem na sredini med najni\u017ejo in najvi\u0161jo ravnjo.<\/p>\n<h2>Pravila igre EuroMillions<\/h2>\n<p>Ste pripravljeni kupiti sre\u010dke EuroMillions prek spleta, vendar niste povsem prepri\u010dani, kje in kako &#8211; morda zato, ker \u017eivite v Sloveniji? No, mi vam bomo natan\u010dno predstavili, kaj morate storiti in kako boste izbrali \u017eelene \u0161tevilke, da boste imeli najbolj\u0161e mo\u017enosti za dejansko zmago v igri.<\/p>\n<h2>Torej, kaj morate storiti?<\/h2>\n<p>Izberete 5 glavnih \u0161tevilk med 1 in 50 ter dve dodatni \u0161tevilki, imenovani Lucky Star, med 1 in 12. Za dobitek v najni\u017ejem cenovnem razredu se morata ujemati le dve glavni \u0161tevilki. To pomeni, da boste imeli veliko mo\u017enosti za dobitek, \u010deprav ne boste osvojili veliko denarja, \u010de se ujemate le z nekaj \u0161tevilkami.<\/p>\n<p>\u010ce se ujemate z ve\u010d \u0161tevilkami in zlasti \u010de se ujemate s \u0161tevilkami sre\u010dne zvezde, boste imeli na voljo bolj\u0161i dobitek. To bo zagotovo dobra prednost, kajne? Dejansko lahko izbolj\u0161ate svoje mo\u017enosti, da nekaj dobite, in vsekakor lahko u\u017eivate v igri.<\/p>\n<h2>Izbira vozovnice<\/h2>\n<p>Ste pripravljeni izbrati vozovnico? Vsekakor si boste \u017eeleli ogledati na\u0161 postopek, saj vam ga bomo zelo olaj\u0161ali. Vemo, da nimate veliko \u010dasa, zato \u017eelite poskrbeti, da ga \u010dim bolje izkoristite. Vendar se \u0161e vedno \u017eelite zabavati ob igranju igre EuroMillions, kar pomeni, da morate kupiti sre\u010dke EuroMillions prek spleta.<\/p>\n<p>Prvi korak v na\u0161em postopku je, da se odlo\u010dite, katero sre\u010dko boste kupili. \u010ce ste se \u017ee odlo\u010dili za EuroMillions, potem ste pripravljeni. \u010ce pa \u0161e niste povsem prepri\u010dani, si vsekakor oglejte glavno stran, kjer vam bomo predstavili vse najbolj\u0161e glavne dobitke in igre, ki bi si jih morda morali ogledati. To so igre, za katere ponujamo sre\u010dke.<\/p>\n<p>Ko se odlo\u010dite za \u017eeleno sre\u010dko, pojdite na stran in za\u010dnite izbirati \u0161tevilke za svojo sre\u010dko. \u010ce \u017eelite, lahko izberete popolnoma vse \u0161tevilke, tako da boste dobili prilagojeno sre\u010dko, ki bo ustrezala temu, kar vam je najbolj v\u0161e\u010d.<\/p>\n<p>Lahko se odlo\u010dite tudi za nakup naklju\u010dno izbranih vstopnic. Tako lahko zelo enostavno dobite vstopnico, ne da bi vam bilo treba za to porabiti veliko \u010dasa. Odlo\u010dite se tudi, koliko sre\u010dk \u017eelite kupiti, tako da boste imeli vse, kar potrebujete za morebitni dobitek velikega jackpota.<\/p>\n<h2>Postopek nakupa za EuroMillions<\/h2>\n<p>Ko greste skozi in izberete svoje vstopnice, je zadnja stvar, ki jo morate storiti, ta, da izpolnite podatke o svojem ra\u010dunu. Takoj vas bomo popeljali skozi postopek ustvarjanja tega ra\u010duna, tako da boste lahko poskrbeli, da boste \u017eelene vstopnice dobili, ko jih boste \u017eeleli. Tukaj lahko celo nastavite pla\u010dilne ra\u010dune, ki jih \u017eelite uporabljati.<\/p>\n<p><img loading=\"lazy\" decoding=\"async\" class=\"alignright wp-image\" src=\"https:\/\/content.redfoxlotto.com\/uploads\/sites\/9\/1_buy_lottery_ticket.jpg\" alt=\"nakup vstopnic prek spleta\" width=\"312\" height=\"107\" \/><\/p>\n<p>Ko boste imeli vse nastavljeno, boste morali \u017eelene vstopnice polo\u017eiti v ko\u0161arico, nato pa jih boste lahko kupili vse hkrati. V ko\u0161arico lahko dodate tudi vstopnice za razli\u010dne igre skupaj in tako boste lahko kupili vse, kar potrebujete.<\/p>\n<p>Ko se boste odlo\u010dili za vstopnice, bo vse pripravljeno in lahko boste \u010dakali, kaj se bo zgodilo z va\u0161imi vstopnicami. Tiste, ki jih boste kupili, se bodo takoj prikazale na va\u0161em ra\u010dunu, pozneje pa boste lahko preverili, ali ste zmagali.<\/p>\n<p>\u010ce boste zmagali, vam bomo poslali e-po\u0161tno sporo\u010dilo, vi pa boste lahko v svojem ra\u010dunu preverili, katere \u0161tevilke se ujemajo z iz\u017erebanimi \u0161tevilkami. Tako boste la\u017eje vedeli, kdaj morate unov\u010diti sre\u010dko.<\/p>\n<h2>EuroMillions in UK Millionaire Maker<\/h2>\n<p>Igralci pla\u010dajo nekoliko ve\u010d, ker so sre\u010dke EuroMillions kupljene v Zdru\u017eenem kraljestvu. To je posledica dejstva, da so vstopnice iz Zdru\u017eenega kraljestva avtomati\u010dno vklju\u010dene v \u017erebanje Millionaire Maker, ki zagotavlja dodatno prilo\u017enost za osvojitev nagrade v vi\u0161ini 1 milijona funtov.<\/p>\n<p>Millionaire Maker deluje tako, da za vsako kupljeno sre\u010dko ustvari edinstveno kodo. Ta koda je sestavljena iz \u0161tirih \u010drk, ki jim sledi pet \u0161tevilk (npr. ABCD12345). V vsakem \u017erebanju se naklju\u010dno izbere ena ali ve\u010d teh kod, imetnik sre\u010dke z enako kodo pa takoj osvoji 1 milijon funtov, ne glede na glavne iz\u017erebane \u0161tevilke EuroMillions.<\/p>\n<p>Zaradi te funkcije je igranje igre EuroMillions v Zdru\u017eenem kraljestvu \u0161e posebej privla\u010dno, saj poleg standardnega glavnega dobitka in ni\u017ejih nagrad ponuja dodatno prilo\u017enost za osvojitev pomembne nagrade.<\/p>\n","protected":false},"excerpt":{"rendered":"<p>Euro Millions je najve\u010dja evropska loterija. Za\u010dela se je leta 2004, sre\u010dke pa lahko kupite v devetih evropskih dr\u017eavah &#8211; \u010de ste iz Slovenije, lahko sre\u010dke kupite na spletu tukaj. Pridobite svojo vstopnico EuroMillions iz Slovenije Ste pripravljeni za\u010deti in kupiti sre\u010dke EuroMillions prek spleta? \u010ce ste, potem boste \u017eeleli vedeti nekaj stvari o igri, [&hellip;]<\/p>\n","protected":false},"author":1,"featured_media":0,"parent":17289,"menu_order":3,"comment_status":"closed","ping_status":"closed","template":"euromillions-info.php","meta":{"_et_pb_use_builder":"","_et_pb_old_content":"","_et_gb_content_width":"","exclude_from_search":false,"footnotes":""},"class_list":["post-17291","page","type-page","status-publish","hentry"],"yoast_head":"<!-- This site is optimized with the Yoast SEO plugin v23.8 - https:\/\/yoast.com\/wordpress\/plugins\/seo\/ -->\n<title>Nakup vstopnic EuroMillions na spletu iz Slovenije<\/title>\n<meta name=\"description\" content=\"Informacije o tem, kako lahko prebivalci Slovenije prek spleta kupijo sre\u010dke Euromillions. Loterija Euromillions ima najve\u010dji glavni dobitek v Evropi\" \/>\n<meta name=\"robots\" content=\"index, follow, max-snippet:-1, max-image-preview:large, max-video-preview:-1\" \/>\n<link rel=\"canonical\" href=\"https:\/\/redfoxlotto.com\/sl\/loterije\/euromillions\/\" \/>\n<meta property=\"og:locale\" content=\"sl_SI\" \/>\n<meta property=\"og:type\" content=\"article\" \/>\n<meta property=\"og:title\" content=\"Nakup vstopnic EuroMillions na spletu iz Slovenije\" \/>\n<meta property=\"og:description\" content=\"Informacije o tem, kako lahko prebivalci Slovenije prek spleta kupijo sre\u010dke Euromillions. Loterija Euromillions ima najve\u010dji glavni dobitek v Evropi\" \/>\n<meta property=\"og:url\" content=\"https:\/\/redfoxlotto.com\/sl\/loterije\/euromillions\/\" \/>\n<meta property=\"og:site_name\" content=\"Get Tickets for the World\u2019s largest jackpots\" \/>\n<meta property=\"article:modified_time\" content=\"2025-12-18T14:58:13+00:00\" \/>\n<meta property=\"og:image\" content=\"https:\/\/content.redfoxlotto.com\/uploads\/sites\/9\/1_buy_euromillions_online.jpg\" \/>\n<meta name=\"twitter:card\" content=\"summary_large_image\" \/>\n<meta name=\"twitter:label1\" content=\"Est. reading time\" \/>\n\t<meta name=\"twitter:data1\" content=\"5 minut\" \/>\n<script type=\"application\/ld+json\" class=\"yoast-schema-graph\">{\"@context\":\"https:\/\/schema.org\",\"@graph\":[{\"@type\":\"WebPage\",\"@id\":\"https:\/\/redfoxlotto.com\/sl\/loterije\/euromillions\/\",\"url\":\"https:\/\/redfoxlotto.com\/sl\/loterije\/euromillions\/\",\"name\":\"Nakup vstopnic EuroMillions na spletu iz Slovenije\",\"isPartOf\":{\"@id\":\"https:\/\/redfoxlotto.com\/sl\/#website\"},\"primaryImageOfPage\":{\"@id\":\"https:\/\/redfoxlotto.com\/sl\/loterije\/euromillions\/#primaryimage\"},\"image\":{\"@id\":\"https:\/\/redfoxlotto.com\/sl\/loterije\/euromillions\/#primaryimage\"},\"thumbnailUrl\":\"https:\/\/content.redfoxlotto.com\/uploads\/sites\/9\/1_buy_euromillions_online.jpg\",\"datePublished\":\"2018-11-18T08:54:25+00:00\",\"dateModified\":\"2025-12-18T14:58:13+00:00\",\"description\":\"Informacije o tem, kako lahko prebivalci Slovenije prek spleta kupijo sre\u010dke Euromillions. Loterija Euromillions ima najve\u010dji glavni dobitek v Evropi\",\"breadcrumb\":{\"@id\":\"https:\/\/redfoxlotto.com\/sl\/loterije\/euromillions\/#breadcrumb\"},\"inLanguage\":\"sl-SI\",\"potentialAction\":[{\"@type\":\"ReadAction\",\"target\":[\"https:\/\/redfoxlotto.com\/sl\/loterije\/euromillions\/\"]}]},{\"@type\":\"ImageObject\",\"inLanguage\":\"sl-SI\",\"@id\":\"https:\/\/redfoxlotto.com\/sl\/loterije\/euromillions\/#primaryimage\",\"url\":\"https:\/\/content.redfoxlotto.com\/uploads\/sites\/9\/1_buy_euromillions_online.jpg\",\"contentUrl\":\"https:\/\/content.redfoxlotto.com\/uploads\/sites\/9\/1_buy_euromillions_online.jpg\"},{\"@type\":\"BreadcrumbList\",\"@id\":\"https:\/\/redfoxlotto.com\/sl\/loterije\/euromillions\/#breadcrumb\",\"itemListElement\":[{\"@type\":\"ListItem\",\"position\":1,\"name\":\"Home\",\"item\":\"https:\/\/redfoxlotto.com\/sl\/\"},{\"@type\":\"ListItem\",\"position\":2,\"name\":\"Kako vpla\u010dati loterijske listke prek spleta &#8211; postopek nakupa\",\"item\":\"https:\/\/redfoxlotto.com\/sl\/loterije\/\"},{\"@type\":\"ListItem\",\"position\":3,\"name\":\"O EuroMillions\"}]},{\"@type\":\"WebSite\",\"@id\":\"https:\/\/redfoxlotto.com\/sl\/#website\",\"url\":\"https:\/\/redfoxlotto.com\/sl\/\",\"name\":\"Get Tickets for the World\u2019s largest jackpots\",\"description\":\"Participate in worldwide lottery jackpots from any country\",\"publisher\":{\"@id\":\"https:\/\/redfoxlotto.com\/sl\/#organization\"},\"potentialAction\":[{\"@type\":\"SearchAction\",\"target\":{\"@type\":\"EntryPoint\",\"urlTemplate\":\"https:\/\/redfoxlotto.com\/sl\/?s={search_term_string}\"},\"query-input\":{\"@type\":\"PropertyValueSpecification\",\"valueRequired\":true,\"valueName\":\"search_term_string\"}}],\"inLanguage\":\"sl-SI\"},{\"@type\":\"Organization\",\"@id\":\"https:\/\/redfoxlotto.com\/sl\/#organization\",\"name\":\"Get Tickets for the World\u2019s largest jackpots\",\"url\":\"https:\/\/redfoxlotto.com\/sl\/\",\"logo\":{\"@type\":\"ImageObject\",\"inLanguage\":\"sl-SI\",\"@id\":\"https:\/\/redfoxlotto.com\/sl\/#\/schema\/logo\/image\/\",\"url\":\"https:\/\/redfoxlotto.com\/wp-content\/uploads\/2023\/04\/logo.png\",\"contentUrl\":\"https:\/\/redfoxlotto.com\/wp-content\/uploads\/2023\/04\/logo.png\",\"width\":269,\"height\":53,\"caption\":\"Get Tickets for the World\u2019s largest jackpots\"},\"image\":{\"@id\":\"https:\/\/redfoxlotto.com\/sl\/#\/schema\/logo\/image\/\"}}]}<\/script>\n<!-- \/ Yoast SEO plugin. -->","yoast_head_json":{"title":"Nakup vstopnic EuroMillions na spletu iz Slovenije","description":"Informacije o tem, kako lahko prebivalci Slovenije prek spleta kupijo sre\u010dke Euromillions. Loterija Euromillions ima najve\u010dji glavni dobitek v Evropi","robots":{"index":"index","follow":"follow","max-snippet":"max-snippet:-1","max-image-preview":"max-image-preview:large","max-video-preview":"max-video-preview:-1"},"canonical":"https:\/\/redfoxlotto.com\/sl\/loterije\/euromillions\/","og_locale":"sl_SI","og_type":"article","og_title":"Nakup vstopnic EuroMillions na spletu iz Slovenije","og_description":"Informacije o tem, kako lahko prebivalci Slovenije prek spleta kupijo sre\u010dke Euromillions. Loterija Euromillions ima najve\u010dji glavni dobitek v Evropi","og_url":"https:\/\/redfoxlotto.com\/sl\/loterije\/euromillions\/","og_site_name":"Get Tickets for the World\u2019s largest jackpots","article_modified_time":"2025-12-18T14:58:13+00:00","og_image":[{"url":"https:\/\/content.redfoxlotto.com\/uploads\/sites\/9\/1_buy_euromillions_online.jpg"}],"twitter_card":"summary_large_image","twitter_misc":{"Est. reading time":"5 minut"},"schema":{"@context":"https:\/\/schema.org","@graph":[{"@type":"WebPage","@id":"https:\/\/redfoxlotto.com\/sl\/loterije\/euromillions\/","url":"https:\/\/redfoxlotto.com\/sl\/loterije\/euromillions\/","name":"Nakup vstopnic EuroMillions na spletu iz Slovenije","isPartOf":{"@id":"https:\/\/redfoxlotto.com\/sl\/#website"},"primaryImageOfPage":{"@id":"https:\/\/redfoxlotto.com\/sl\/loterije\/euromillions\/#primaryimage"},"image":{"@id":"https:\/\/redfoxlotto.com\/sl\/loterije\/euromillions\/#primaryimage"},"thumbnailUrl":"https:\/\/content.redfoxlotto.com\/uploads\/sites\/9\/1_buy_euromillions_online.jpg","datePublished":"2018-11-18T08:54:25+00:00","dateModified":"2025-12-18T14:58:13+00:00","description":"Informacije o tem, kako lahko prebivalci Slovenije prek spleta kupijo sre\u010dke Euromillions. Loterija Euromillions ima najve\u010dji glavni dobitek v Evropi","breadcrumb":{"@id":"https:\/\/redfoxlotto.com\/sl\/loterije\/euromillions\/#breadcrumb"},"inLanguage":"sl-SI","potentialAction":[{"@type":"ReadAction","target":["https:\/\/redfoxlotto.com\/sl\/loterije\/euromillions\/"]}]},{"@type":"ImageObject","inLanguage":"sl-SI","@id":"https:\/\/redfoxlotto.com\/sl\/loterije\/euromillions\/#primaryimage","url":"https:\/\/content.redfoxlotto.com\/uploads\/sites\/9\/1_buy_euromillions_online.jpg","contentUrl":"https:\/\/content.redfoxlotto.com\/uploads\/sites\/9\/1_buy_euromillions_online.jpg"},{"@type":"BreadcrumbList","@id":"https:\/\/redfoxlotto.com\/sl\/loterije\/euromillions\/#breadcrumb","itemListElement":[{"@type":"ListItem","position":1,"name":"Home","item":"https:\/\/redfoxlotto.com\/sl\/"},{"@type":"ListItem","position":2,"name":"Kako vpla\u010dati loterijske listke prek spleta &#8211; postopek nakupa","item":"https:\/\/redfoxlotto.com\/sl\/loterije\/"},{"@type":"ListItem","position":3,"name":"O EuroMillions"}]},{"@type":"WebSite","@id":"https:\/\/redfoxlotto.com\/sl\/#website","url":"https:\/\/redfoxlotto.com\/sl\/","name":"Get Tickets for the World\u2019s largest jackpots","description":"Participate in worldwide lottery jackpots from any country","publisher":{"@id":"https:\/\/redfoxlotto.com\/sl\/#organization"},"potentialAction":[{"@type":"SearchAction","target":{"@type":"EntryPoint","urlTemplate":"https:\/\/redfoxlotto.com\/sl\/?s={search_term_string}"},"query-input":{"@type":"PropertyValueSpecification","valueRequired":true,"valueName":"search_term_string"}}],"inLanguage":"sl-SI"},{"@type":"Organization","@id":"https:\/\/redfoxlotto.com\/sl\/#organization","name":"Get Tickets for the World\u2019s largest jackpots","url":"https:\/\/redfoxlotto.com\/sl\/","logo":{"@type":"ImageObject","inLanguage":"sl-SI","@id":"https:\/\/redfoxlotto.com\/sl\/#\/schema\/logo\/image\/","url":"https:\/\/redfoxlotto.com\/wp-content\/uploads\/2023\/04\/logo.png","contentUrl":"https:\/\/redfoxlotto.com\/wp-content\/uploads\/2023\/04\/logo.png","width":269,"height":53,"caption":"Get Tickets for the World\u2019s largest jackpots"},"image":{"@id":"https:\/\/redfoxlotto.com\/sl\/#\/schema\/logo\/image\/"}}]}},"_links":{"self":[{"href":"https:\/\/redfoxlotto.com\/sl\/wp-json\/wp\/v2\/pages\/17291","targetHints":{"allow":["GET"]}}],"collection":[{"href":"https:\/\/redfoxlotto.com\/sl\/wp-json\/wp\/v2\/pages"}],"about":[{"href":"https:\/\/redfoxlotto.com\/sl\/wp-json\/wp\/v2\/types\/page"}],"author":[{"embeddable":true,"href":"https:\/\/redfoxlotto.com\/sl\/wp-json\/wp\/v2\/users\/1"}],"replies":[{"embeddable":true,"href":"https:\/\/redfoxlotto.com\/sl\/wp-json\/wp\/v2\/comments?post=17291"}],"version-history":[{"count":0,"href":"https:\/\/redfoxlotto.com\/sl\/wp-json\/wp\/v2\/pages\/17291\/revisions"}],"up":[{"embeddable":true,"href":"https:\/\/redfoxlotto.com\/sl\/wp-json\/wp\/v2\/pages\/17289"}],"wp:attachment":[{"href":"https:\/\/redfoxlotto.com\/sl\/wp-json\/wp\/v2\/media?parent=17291"}],"curies":[{"name":"wp","href":"https:\/\/api.w.org\/{rel}","templated":true}]}}