{"id":17290,"date":"2018-11-18T08:54:25","date_gmt":"2018-11-18T08:54:25","guid":{"rendered":"https:\/\/redfoxlotto.com\/?page_id=2609"},"modified":"2025-12-18T14:09:59","modified_gmt":"2025-12-18T14:09:59","slug":"eurojackpot","status":"publish","type":"page","link":"https:\/\/redfoxlotto.com\/sl\/loterije\/eurojackpot\/","title":{"rendered":"O Eurojackpot loteriji"},"content":{"rendered":"<script type=\"application\/ld+json\">\r\n{\r\n  \"@context\": \"https:\/\/schema.org\",\r\n  \"@type\": \"Service\",\r\n  \"name\": \"Igrajte Eurojackpot na spletu\",\r\n  \"url\": \"https:\/\/redfoxlotto.com\/sl\/lotteries\/eurojackpot\/\",\r\n  \"description\": \"Kupite uradne Eurojackpot loterijske listke na spletu iz katere koli dr\u017eave. Obi\u0161\u010dite RedFoxLotto, izberite svoje \u0161tevilke in se pridru\u017eite naslednjemu \u017erebanju.\",\r\n  \"serviceType\": \"Spletna storitev posredovanja loterijskih listkov\",\r\n\r\n  \"provider\": {\r\n    \"@type\": \"Organization\",\r\n    \"name\": \"RedFoxLotto\",\r\n    \"url\": \"https:\/\/redfoxlotto.com\/sl\",\r\n    \"image\": \"https:\/\/redfoxlotto.com\/sl\/wp-content\/uploads\/2025\/12\/ticket_scans.jpg\",\r\n    \"sameAs\": []\r\n  },\r\n\r\n  \"areaServed\": \"Worldwide\",\r\n  \"termsOfService\": \"https:\/\/redfoxlotto.com\/terms-and-conditions\",\r\n\r\n  \"additionalProperty\": {\r\n    \"@type\": \"PropertyValue\",\r\n    \"name\": \"FAQ\",\r\n    \"value\": \"https:\/\/redfoxlotto.com\/sl\/faq\/\"\r\n  },\r\n\r\n  \"hasOfferCatalog\": {\r\n    \"@type\": \"OfferCatalog\",\r\n    \"name\": \"Eurojackpot listki\",\r\n    \"itemListElement\": [\r\n      {\r\n        \"@type\": \"Offer\",\r\n        \"name\": \"Eurojackpot listki\",\r\n        \"url\": \"https:\/\/redfoxlotto.com\/sl\/lotteries\/eurojackpot\",\r\n        \"description\": \"Kupite prave listke na spletu za naslednje Eurojackpot \u017erebanje prek RedFoxLotto.\",\r\n        \"price\": \"6.00\",\r\n        \"priceCurrency\": \"\u20ac\",\r\n        \"availability\": \"https:\/\/schema.org\/InStock\",\r\n\r\n        \"itemOffered\": {\r\n          \"@type\": \"Service\",\r\n          \"name\": \"Eurojackpot loterijski listki\",\r\n          \"description\": \"Sodelujte v naslednjem Eurojackpot \u017erebanju \u2013 kupite listke na spletu prek RedFoxLotto.\"\r\n        }\r\n      }\r\n    ]\r\n  },\r\n\r\n  \"mainEntityOfPage\": {\r\n    \"@type\": \"WebPage\",\r\n    \"@id\": \"https:\/\/redfoxlotto.com\/sl\/lotteries\/eurojackpot\/\"\r\n  }\r\n}\r\n<\/script>\r\n\r\n<p><!--more--><\/p><p>Eurojackpot obstaja \u017ee od leta 2012 in \u017ee ves \u010das pridobiva na svoji priljubljenosti. Eden od razlogov za to je, da \u010dedalje bolj pridobiva na veljavi, ko gre za jackpote, in dejansko lahko zadenete spodoben znesek (o tem bomo govorili kasneje). Listke lahko vpla\u010date v 17 sodelujo\u010dih evropskih dr\u017eavah, zaradi \u010desar je resni\u010dno super loterija za tiste dr\u017eave, ki so \u017ee znotraj te regije.<\/p><p>Toda, kaj pa vsi ljudje v Sloveniji, ki ne morejo oditi do lokalne loterije in si vpla\u010dati svoj listek za Eurojackpot? Za vas je spletni nakup je prava pot. \u010ce \u017eivite v Sloveniji in ne v eni od sodelujo\u010dih evropskih dr\u017eav, lahko listke za Eurojackpot vpla\u010date pri nas prek spleta.<\/p><h2 class=\"wp-block-heading\" id=\"h-jackpot\">Jackpot<\/h2><p><img decoding=\"async\" class=\"size-full wp-image alignright\" src=\"https:\/\/content.redfoxlotto.com\/uploads\/sites\/9\/1_ticket_eurojackpot2.jpg\" alt=\"eurojackpot\"><\/p><p>Najni\u017eja vrednost jackpota pri Eurojackpot loteriji je 10 milijonov EUR. Tak dobitek bi bil zagotovo velika korist za vas in bi spremenil va\u0161e \u017eivljenje, kajne? S tem denarjem zagotovo ne bi imeli te\u017eav za nakup nekaj resni\u010dno kul stvari ali pa za odpla\u010dilo dolgov ali pa kaj drugega. Toda, ta znesek je le minimum za jackpot in lahko postane precej ve\u010dji. Najve\u010dja vrednost za izpla\u010dilo jackpota lahko dose\u017ee 120.000.000 \u20ac. To bi pa najbr\u017e predstavljalo ogromno spremembo v va\u0161em \u017eivljenju. Toda, kaj se zgodi, \u010de dobitnika ni? Vsi nadaljni zneski za prenos se porazdelijo v drugi razred nagrad.<\/p><p>Imeli boste mo\u017enost zadeti ta velikanski jackpot. In ko dose\u017ee zgornjo mejo, se bodo za\u010deli pove\u010devati tudi dobitki v drugem razredu dobitkov. To pomeni, da bi lahko na koncu dobili ogromen jackpot z manj pravilnimi \u0161tevilkami, ker bo ta drugorazredna nagrada postala resni\u010dno odli\u010den bonus in druga prilo\u017enost za veliko zmago.<\/p><h2 class=\"wp-block-heading\" id=\"h-pravila-eurojackpot-loterije\">Pravila Eurojackpot loterije<\/h2><p>\u010ce \u017eelite igrati Eurojackpot iz Slovenije, morate biti prepri\u010dani, da imate na voljo primeren postopek. Prepri\u010dani morate biti, da igro igrate pravilno in da je va\u0161 listek izbran na pravi na\u010din. No, res imate sre\u010do, saj je vpla\u010dilo tega listka pri nas zelo enostavno in brez te\u017eav boste dobili to\u010dno tisto, kar \u017eelite.<\/p><p>Med \u0161tevili od 1 do 50 izberete 5 obi\u010dajnih \u0161tevilk in nato \u0161e dve dodatni \u0161tevilki med 1 in 12. Torej, 5 glavnih \u0161tevilk vam bo \u0161e vedno prineslo nagrado, tudi \u010de se nimate pravilne nobene izmed dodatnih \u0161tevilk ali \u0161tevilk z zvezdicami. Na voljo je 12 stopenj dobitkov.<\/p><p>To pomeni, da obstaja ve\u010d razli\u010dnih kombinacij pravilno izbranih \u0161tevilk, ki vam bodo prinesle neko vrsto nagrade. Va\u010d dobitek je lahko le toliko, da pokrijete stro\u0161ke vpla\u010dila listka, hkrati pa lahko \u0161e vedno zadenete milijone, ne da bi imeli vse \u0161tevilke pravilne.<\/p><p>\u010ce \u017eelite zadeti glavno nagrado, morate imeti pravilnih vseh 5 obi\u010dajnih in 2 dodatni \u0161tevilki. To ni tako enostavno in se zares poredkoma zgodi, vsekakor pa mo\u017enosti obstajajo. Navsezadnje, nekdo ga bo dobil, kajne? Zakaj ta nekdo ne bi bili vi? Mi smo mnenja, da ste to prav gotovo lahko vi, in vse, kar morate storiti je, da si ogledate postopek izbire listka in se pripravite na nakup.<\/p><h2 class=\"wp-block-heading\" id=\"h-vpla-ilo-eurojackpot-listka-iz-slovenije\">Vpla\u010dilo Eurojackpot listka iz Slovenije<\/h2><p><img decoding=\"async\" class=\"size-full wp-image alignright\" src=\"https:\/\/content.redfoxlotto.com\/uploads\/sites\/9\/1_eurojackpot_buy_ticket.jpg\" alt=\"kupi vozovnico eurojackpot\"><\/p><p>\u010ce ste pripravljeni na vpla\u010dilo Eurojackpot listka prek spleta, ste pripravljeni na ogled na\u0161ega sistema in na\u0161e spletne strani. Vse kar morate storiti je, da se pove\u017eete na internet in si ogledate ponudbo. Oh, saj vendar ste \u017ee tukaj. Torej, kaj boste storili sedaj? Oglejte si razli\u010dne loterije, za katere ponujamo vpla\u010dilo listkov.<\/p><p>V na\u0161i ponudbi so vpla\u010dila listkov za najbolj priljubljene igre, ki vam zagotavljajo najve\u010dje jackpote. Ko si seznam ogledate, se lahko odlo\u010dite za vpla\u010dilo Eurojackpot listka. Klik vas bo popeljal na lo\u010deno stran.<\/p><p>Na tej lo\u010deni strani boste dobili ve\u010d informacij o Eurojackpotu in vpla\u010dali boste lahko \u017eelene listke kar iz Slovenije. Izbirate lahko med poljubnim \u0161tevilom listkov in izberete \u0161tevilke, ki jih na svojem listku \u017eelite. Dokler je va\u0161a izbira \u0161tevil v skladu s pravili loterije, o katerih smo govorili zgoraj, lahko izberete poljubno kombinacijo \u0161tevilk na vsakem listku.<\/p><p>Nobenega problema ni, \u010de ne veste, s katerimi \u0161tevilkami \u017eelite sodelovati v \u017erebu, enostavno izberete funkcijo za hitri izbor.<\/p><p>S hitrim izborom boste dobili naklju\u010dno izbrane \u0161tevilke, ki bodo ustrezale pravilom igre. Tako lahko pridobite veljaven listek in vam ni treba skrbeti za ni\u010d drugega. \u010ce \u017eelite izbrati samo nekaj \u0161tevilk, vendar ne \u017eelite izbrati vseh, lahko dejansko uporabite kombinacijo obeh, kar vam bo zagotovo olaj\u0161alo vpla\u010dilo listka.<\/p><h2 class=\"wp-block-heading\" id=\"h-ustvarite-svoj-igralni-ra-un\">Ustvarite svoj igralni ra\u010dun<\/h2><p>Ko imate enkrat izbrane vse \u0161tevilke vas stran popelje na postopek ustvarjanja igralnega ra\u010duna. Ko za\u010dnete ustvarjati svoj ra\u010dun, je stvar za vas sila preprosta. Vse kar morate storiti je, da izpolnite nekatere va\u0161e osebne podatke. Te informacije vam bodo zelo olaj\u0161ale vpla\u010devanje denarja na va\u0161 igralni ra\u010dun, s katerim boste lahko pla\u010dali za loterijske listke. Isto\u010dasno pa vam bodo ti podatki poenostavili izpla\u010devanje va\u0161ih dobitkov.<\/p><p>Ko ste pripravljeni vpla\u010dati svoje loterijske listke iz Slovenije, se preprosto prijavite v svoj igralni ra\u010dun in vpla\u010date lahko kateri koli \u017eeleni loterijski listek. \u010ce \u017eelite uporabiti hitro izbiro, je to za vas \u0161e la\u017eje. Nastavite lahko celo \u0161tevilo krogov in va\u0161i listki bodo sodelovali v ve\u010d \u017erebih. To pomeni, da vam ne bo treba skrbeti za nakup dodatnih listkov za naslednji \u017erebanjih. Obdr\u017eite isti listek in \u017ee ste pripravljeni.<\/p>","protected":false},"excerpt":{"rendered":"","protected":false},"author":1,"featured_media":0,"parent":17289,"menu_order":4,"comment_status":"closed","ping_status":"closed","template":"eurojackpot-info.php","meta":{"_et_pb_use_builder":"","_et_pb_old_content":"","_et_gb_content_width":"","exclude_from_search":false,"footnotes":""},"class_list":["post-17290","page","type-page","status-publish","hentry"],"yoast_head":"<!-- This site is optimized with the Yoast SEO plugin v27.3 - https:\/\/yoast.com\/product\/yoast-seo-wordpress\/ -->\n<title>Kako vpla\u010dati loterijske listke za Eurojackpot prek spleta iz Slovenije<\/title>\n<meta name=\"description\" content=\"Eurojackpot listki so sedaj na voljo za vpla\u010dilo prek spleta za vse ljubitelje lota iz Slovenije\" \/>\n<meta name=\"robots\" content=\"index, follow, max-snippet:-1, max-image-preview:large, max-video-preview:-1\" \/>\n<link rel=\"canonical\" href=\"https:\/\/redfoxlotto.com\/sl\/loterije\/eurojackpot\/\" \/>\n<meta property=\"og:locale\" content=\"sl_SI\" \/>\n<meta property=\"og:type\" content=\"article\" \/>\n<meta property=\"og:title\" content=\"Kako vpla\u010dati loterijske listke za Eurojackpot prek spleta iz Slovenije\" \/>\n<meta property=\"og:description\" content=\"Eurojackpot listki so sedaj na voljo za vpla\u010dilo prek spleta za vse ljubitelje lota iz Slovenije\" \/>\n<meta property=\"og:url\" content=\"https:\/\/redfoxlotto.com\/sl\/loterije\/eurojackpot\/\" \/>\n<meta property=\"og:site_name\" content=\"Get Tickets for the World\u2019s largest jackpots\" \/>\n<meta property=\"article:modified_time\" content=\"2025-12-18T14:09:59+00:00\" \/>\n<meta property=\"og:image\" content=\"https:\/\/content.redfoxlotto.com\/uploads\/sites\/9\/1_ticket_eurojackpot2.jpg\" \/>\n<meta name=\"twitter:card\" content=\"summary_large_image\" \/>\n<meta name=\"twitter:label1\" content=\"Est. reading time\" \/>\n\t<meta name=\"twitter:data1\" content=\"5 minut\" \/>\n<script type=\"application\/ld+json\" class=\"yoast-schema-graph\">{\"@context\":\"https:\\\/\\\/schema.org\",\"@graph\":[{\"@type\":\"WebPage\",\"@id\":\"https:\\\/\\\/redfoxlotto.com\\\/sl\\\/loterije\\\/eurojackpot\\\/\",\"url\":\"https:\\\/\\\/redfoxlotto.com\\\/sl\\\/loterije\\\/eurojackpot\\\/\",\"name\":\"Kako vpla\u010dati loterijske listke za Eurojackpot prek spleta iz Slovenije\",\"isPartOf\":{\"@id\":\"https:\\\/\\\/redfoxlotto.com\\\/sl\\\/#website\"},\"primaryImageOfPage\":{\"@id\":\"https:\\\/\\\/redfoxlotto.com\\\/sl\\\/loterije\\\/eurojackpot\\\/#primaryimage\"},\"image\":{\"@id\":\"https:\\\/\\\/redfoxlotto.com\\\/sl\\\/loterije\\\/eurojackpot\\\/#primaryimage\"},\"thumbnailUrl\":\"https:\\\/\\\/content.redfoxlotto.com\\\/uploads\\\/sites\\\/9\\\/1_ticket_eurojackpot2.jpg\",\"datePublished\":\"2018-11-18T08:54:25+00:00\",\"dateModified\":\"2025-12-18T14:09:59+00:00\",\"description\":\"Eurojackpot listki so sedaj na voljo za vpla\u010dilo prek spleta za vse ljubitelje lota iz Slovenije\",\"breadcrumb\":{\"@id\":\"https:\\\/\\\/redfoxlotto.com\\\/sl\\\/loterije\\\/eurojackpot\\\/#breadcrumb\"},\"inLanguage\":\"sl-SI\",\"potentialAction\":[{\"@type\":\"ReadAction\",\"target\":[\"https:\\\/\\\/redfoxlotto.com\\\/sl\\\/loterije\\\/eurojackpot\\\/\"]}]},{\"@type\":\"ImageObject\",\"inLanguage\":\"sl-SI\",\"@id\":\"https:\\\/\\\/redfoxlotto.com\\\/sl\\\/loterije\\\/eurojackpot\\\/#primaryimage\",\"url\":\"https:\\\/\\\/content.redfoxlotto.com\\\/uploads\\\/sites\\\/9\\\/1_ticket_eurojackpot2.jpg\",\"contentUrl\":\"https:\\\/\\\/content.redfoxlotto.com\\\/uploads\\\/sites\\\/9\\\/1_ticket_eurojackpot2.jpg\"},{\"@type\":\"BreadcrumbList\",\"@id\":\"https:\\\/\\\/redfoxlotto.com\\\/sl\\\/loterije\\\/eurojackpot\\\/#breadcrumb\",\"itemListElement\":[{\"@type\":\"ListItem\",\"position\":1,\"name\":\"Home\",\"item\":\"https:\\\/\\\/redfoxlotto.com\\\/sl\\\/\"},{\"@type\":\"ListItem\",\"position\":2,\"name\":\"Kako vpla\u010dati loterijske listke prek spleta &#8211; postopek nakupa\",\"item\":\"https:\\\/\\\/redfoxlotto.com\\\/sl\\\/loterije\\\/\"},{\"@type\":\"ListItem\",\"position\":3,\"name\":\"O Eurojackpot loteriji\"}]},{\"@type\":\"WebSite\",\"@id\":\"https:\\\/\\\/redfoxlotto.com\\\/sl\\\/#website\",\"url\":\"https:\\\/\\\/redfoxlotto.com\\\/sl\\\/\",\"name\":\"Get Tickets for the World\u2019s largest jackpots\",\"description\":\"Participate in worldwide lottery jackpots from any country\",\"publisher\":{\"@id\":\"https:\\\/\\\/redfoxlotto.com\\\/sl\\\/#organization\"},\"potentialAction\":[{\"@type\":\"SearchAction\",\"target\":{\"@type\":\"EntryPoint\",\"urlTemplate\":\"https:\\\/\\\/redfoxlotto.com\\\/sl\\\/?s={search_term_string}\"},\"query-input\":{\"@type\":\"PropertyValueSpecification\",\"valueRequired\":true,\"valueName\":\"search_term_string\"}}],\"inLanguage\":\"sl-SI\"},{\"@type\":\"Organization\",\"@id\":\"https:\\\/\\\/redfoxlotto.com\\\/sl\\\/#organization\",\"name\":\"Get Tickets for the World\u2019s largest jackpots\",\"url\":\"https:\\\/\\\/redfoxlotto.com\\\/sl\\\/\",\"logo\":{\"@type\":\"ImageObject\",\"inLanguage\":\"sl-SI\",\"@id\":\"https:\\\/\\\/redfoxlotto.com\\\/sl\\\/#\\\/schema\\\/logo\\\/image\\\/\",\"url\":\"https:\\\/\\\/redfoxlotto.com\\\/wp-content\\\/uploads\\\/2023\\\/04\\\/logo.png\",\"contentUrl\":\"https:\\\/\\\/redfoxlotto.com\\\/wp-content\\\/uploads\\\/2023\\\/04\\\/logo.png\",\"width\":269,\"height\":53,\"caption\":\"Get Tickets for the World\u2019s largest jackpots\"},\"image\":{\"@id\":\"https:\\\/\\\/redfoxlotto.com\\\/sl\\\/#\\\/schema\\\/logo\\\/image\\\/\"}}]}<\/script>\n<!-- \/ Yoast SEO plugin. -->","yoast_head_json":{"title":"Kako vpla\u010dati loterijske listke za Eurojackpot prek spleta iz Slovenije","description":"Eurojackpot listki so sedaj na voljo za vpla\u010dilo prek spleta za vse ljubitelje lota iz Slovenije","robots":{"index":"index","follow":"follow","max-snippet":"max-snippet:-1","max-image-preview":"max-image-preview:large","max-video-preview":"max-video-preview:-1"},"canonical":"https:\/\/redfoxlotto.com\/sl\/loterije\/eurojackpot\/","og_locale":"sl_SI","og_type":"article","og_title":"Kako vpla\u010dati loterijske listke za Eurojackpot prek spleta iz Slovenije","og_description":"Eurojackpot listki so sedaj na voljo za vpla\u010dilo prek spleta za vse ljubitelje lota iz Slovenije","og_url":"https:\/\/redfoxlotto.com\/sl\/loterije\/eurojackpot\/","og_site_name":"Get Tickets for the World\u2019s largest jackpots","article_modified_time":"2025-12-18T14:09:59+00:00","og_image":[{"url":"https:\/\/content.redfoxlotto.com\/uploads\/sites\/9\/1_ticket_eurojackpot2.jpg","type":"","width":"","height":""}],"twitter_card":"summary_large_image","twitter_misc":{"Est. reading time":"5 minut"},"schema":{"@context":"https:\/\/schema.org","@graph":[{"@type":"WebPage","@id":"https:\/\/redfoxlotto.com\/sl\/loterije\/eurojackpot\/","url":"https:\/\/redfoxlotto.com\/sl\/loterije\/eurojackpot\/","name":"Kako vpla\u010dati loterijske listke za Eurojackpot prek spleta iz Slovenije","isPartOf":{"@id":"https:\/\/redfoxlotto.com\/sl\/#website"},"primaryImageOfPage":{"@id":"https:\/\/redfoxlotto.com\/sl\/loterije\/eurojackpot\/#primaryimage"},"image":{"@id":"https:\/\/redfoxlotto.com\/sl\/loterije\/eurojackpot\/#primaryimage"},"thumbnailUrl":"https:\/\/content.redfoxlotto.com\/uploads\/sites\/9\/1_ticket_eurojackpot2.jpg","datePublished":"2018-11-18T08:54:25+00:00","dateModified":"2025-12-18T14:09:59+00:00","description":"Eurojackpot listki so sedaj na voljo za vpla\u010dilo prek spleta za vse ljubitelje lota iz Slovenije","breadcrumb":{"@id":"https:\/\/redfoxlotto.com\/sl\/loterije\/eurojackpot\/#breadcrumb"},"inLanguage":"sl-SI","potentialAction":[{"@type":"ReadAction","target":["https:\/\/redfoxlotto.com\/sl\/loterije\/eurojackpot\/"]}]},{"@type":"ImageObject","inLanguage":"sl-SI","@id":"https:\/\/redfoxlotto.com\/sl\/loterije\/eurojackpot\/#primaryimage","url":"https:\/\/content.redfoxlotto.com\/uploads\/sites\/9\/1_ticket_eurojackpot2.jpg","contentUrl":"https:\/\/content.redfoxlotto.com\/uploads\/sites\/9\/1_ticket_eurojackpot2.jpg"},{"@type":"BreadcrumbList","@id":"https:\/\/redfoxlotto.com\/sl\/loterije\/eurojackpot\/#breadcrumb","itemListElement":[{"@type":"ListItem","position":1,"name":"Home","item":"https:\/\/redfoxlotto.com\/sl\/"},{"@type":"ListItem","position":2,"name":"Kako vpla\u010dati loterijske listke prek spleta &#8211; postopek nakupa","item":"https:\/\/redfoxlotto.com\/sl\/loterije\/"},{"@type":"ListItem","position":3,"name":"O Eurojackpot loteriji"}]},{"@type":"WebSite","@id":"https:\/\/redfoxlotto.com\/sl\/#website","url":"https:\/\/redfoxlotto.com\/sl\/","name":"Get Tickets for the World\u2019s largest jackpots","description":"Participate in worldwide lottery jackpots from any country","publisher":{"@id":"https:\/\/redfoxlotto.com\/sl\/#organization"},"potentialAction":[{"@type":"SearchAction","target":{"@type":"EntryPoint","urlTemplate":"https:\/\/redfoxlotto.com\/sl\/?s={search_term_string}"},"query-input":{"@type":"PropertyValueSpecification","valueRequired":true,"valueName":"search_term_string"}}],"inLanguage":"sl-SI"},{"@type":"Organization","@id":"https:\/\/redfoxlotto.com\/sl\/#organization","name":"Get Tickets for the World\u2019s largest jackpots","url":"https:\/\/redfoxlotto.com\/sl\/","logo":{"@type":"ImageObject","inLanguage":"sl-SI","@id":"https:\/\/redfoxlotto.com\/sl\/#\/schema\/logo\/image\/","url":"https:\/\/redfoxlotto.com\/wp-content\/uploads\/2023\/04\/logo.png","contentUrl":"https:\/\/redfoxlotto.com\/wp-content\/uploads\/2023\/04\/logo.png","width":269,"height":53,"caption":"Get Tickets for the World\u2019s largest jackpots"},"image":{"@id":"https:\/\/redfoxlotto.com\/sl\/#\/schema\/logo\/image\/"}}]}},"_links":{"self":[{"href":"https:\/\/redfoxlotto.com\/sl\/wp-json\/wp\/v2\/pages\/17290","targetHints":{"allow":["GET"]}}],"collection":[{"href":"https:\/\/redfoxlotto.com\/sl\/wp-json\/wp\/v2\/pages"}],"about":[{"href":"https:\/\/redfoxlotto.com\/sl\/wp-json\/wp\/v2\/types\/page"}],"author":[{"embeddable":true,"href":"https:\/\/redfoxlotto.com\/sl\/wp-json\/wp\/v2\/users\/1"}],"replies":[{"embeddable":true,"href":"https:\/\/redfoxlotto.com\/sl\/wp-json\/wp\/v2\/comments?post=17290"}],"version-history":[{"count":0,"href":"https:\/\/redfoxlotto.com\/sl\/wp-json\/wp\/v2\/pages\/17290\/revisions"}],"up":[{"embeddable":true,"href":"https:\/\/redfoxlotto.com\/sl\/wp-json\/wp\/v2\/pages\/17289"}],"wp:attachment":[{"href":"https:\/\/redfoxlotto.com\/sl\/wp-json\/wp\/v2\/media?parent=17290"}],"curies":[{"name":"wp","href":"https:\/\/api.w.org\/{rel}","templated":true}]}}