{"id":17289,"date":"2023-04-24T14:12:24","date_gmt":"2023-04-24T14:12:24","guid":{"rendered":"https:\/\/redfoxlotto.com\/?page_id=2607"},"modified":"2025-12-18T10:08:05","modified_gmt":"2025-12-18T10:08:05","slug":"loterije","status":"publish","type":"page","link":"https:\/\/redfoxlotto.com\/sl\/loterije\/","title":{"rendered":"Kako vpla\u010dati loterijske listke prek spleta &#8211; postopek nakupa"},"content":{"rendered":"<script type=\"application\/ld+json\">\r\n{\r\n  \"@context\": \"https:\/\/schema.org\",\r\n  \"@type\": \"Service\",\r\n  \"name\": \"Kupite loterijske liste online\",\r\n  \"url\": \"https:\/\/redfoxlotto.com\/sl\/lotteries\/\",\r\n  \"description\": \"Kupite loterijske liste online \u2013 najbolj\u0161e loterije na svetu so tukaj na voljo.\",\r\n  \"serviceType\": \"Spletna storitev dostave loterijskih listov\",\r\n\r\n  \"provider\": {\r\n    \"@type\": \"Organization\",\r\n    \"name\": \"RedFoxLotto\",\r\n    \"url\": \"https:\/\/redfoxlotto.com\/sl\/\",\r\n    \"image\": \"https:\/\/redfoxlotto.com\/wp-content\/uploads\/2025\/12\/ticket_scans.jpg\"\r\n  },\r\n\r\n  \"areaServed\": \"Worldwide\",\r\n  \"termsOfService\": \"https:\/\/redfoxlotto.com\/terms-and-conditions\",\r\n\r\n  \"additionalProperty\": {\r\n    \"@type\": \"PropertyValue\",\r\n    \"name\": \"FAQ\",\r\n    \"value\": \"https:\/\/redfoxlotto.com\/sl\/faq\/\"\r\n  },\r\n\r\n  \"hasOfferCatalog\": {\r\n    \"@type\": \"OfferCatalog\",\r\n    \"name\": \"Loterijski listi po vsem svetu\",\r\n    \"itemListElement\": [\r\n      {\r\n        \"@type\": \"Offer\",\r\n        \"name\": \"Loterijski listi\",\r\n        \"url\": \"https:\/\/redfoxlotto.com\/sl\/lotteries\/\",\r\n        \"description\": \"Nakup loterijskih listov online je varen in enostaven \u2013 tako deluje.\",\r\n        \"availability\": \"https:\/\/schema.org\/InStock\",\r\n\r\n        \"itemOffered\": {\r\n          \"@type\": \"Service\",\r\n          \"name\": \"Spletni loterijski listi\",\r\n          \"description\": \"Sodelujte v najve\u010djih svetovnih jackpotih \u2013 kupite svoje liste online preko RedFoxLotto.\"\r\n        }\r\n      }\r\n    ]\r\n  },\r\n\r\n  \"mainEntityOfPage\": {\r\n    \"@type\": \"WebPage\",\r\n    \"@id\": \"https:\/\/redfoxlotto.com\/sl\/lotteries\/\"\r\n  }\r\n}\r\n<\/script>\r\n\r\n<p><!--more--><\/p>\r\n<p><img decoding=\"async\" class=\"size-full wp-image alignright\" src=\"https:\/\/content.redfoxlotto.com\/uploads\/sites\/9\/1_lottery_ticket.jpg\" alt=\"kako kupiti spletne loterijske vstopnice\"><\/p><p>Ste pripravljeni vpla\u010dati loterijske liste od koder koli na svetu? Morda niste \u0161e povsem prepri\u010dani in \u0161e niste pripravljeni na ta korak. Mogo\u010de niste prepri\u010dani, da bo to za vas res zabavno. Mogo\u010de pa ne veste, kak\u0161en je postopek.<\/p><p>Na na\u0161i spletni strani lahko vpla\u010date loterijske liste za najve\u010dje loterije na svetu prek spleta, ne samo za loterijske listke, ki ste jih navajeni vpla\u010devati v svojem kraju. Pri nas to vklju\u010duje Mega Millions in Powerball iz ZDA, EuroMillions, Eurojackpot, El Gordo in La Primitiva iz \u0160panije, Superenalotto iz Italije in \u0161e veliko ve\u010d.<\/p><p>Kar je \u0161e bolj\u0161e, pri nakupu teh vstopnic prek na\u0161ega spletnega sistema lahko listke vpla\u010date samo v \u0161tirih preprostih korakih. Ni vam treba skrbeti, da boste morali opraviti veliko trdega dela samo zato, da bi v povsem drugi dr\u017eavi vpla\u010dali loterijski listek. Ko se premaknete v splet, se vse dogaja z vrtoglavo hitrostjo.<\/p><h2 class=\"wp-block-heading\" id=\"h-vpla-ilo-loterijskih-listkov-v-tirih-preprostih-korakih\">Vpla\u010dilo loterijskih listkov v \u0161tirih preprostih korakih:<\/h2><ol class=\"wp-block-list\"><li><strong>korak &#8211; izberite loterijo<\/strong><\/li><\/ol><p>Na RedFoxLotto.com izberite loterijo, za katero \u017eelite vpla\u010dati listke. Na na\u0161i doma\u010di spletni strani si lahko ogledate loterije, razvr\u0161\u010dene po znesku trenutnega jackpota. Tako se la\u017eje odlo\u010dite, katero izmed njih se vam dejansko spla\u010da kupiti, lahko pa si ogledate tudi razli\u010dne loterije, \u010de o njih \u017eelite izvedeti ve\u010d.<br>\u010ce greste na posamezno stran loterije, boste lahko videli, kdaj imajo \u017erebanje, koliko stane vpla\u010dilo in kak\u0161en je postopek izbire \u0161tevilke. Za odlo\u010ditev je informacije na voljo dovolj.<\/p><ol class=\"wp-block-list\" start=\"2\"><li><strong>korak &#8211; izberite \u0161tevilke<\/strong><\/li><\/ol><p>Za izbor \u017eelenih \u0161tevilk uporabite mi\u0161ko. Polja vam jasno prikazujejo, koliko \u0161tevilk potrebujete, in tudi, \u010de potrebujete posebne \u0161tevilke (na primer \u0161tevilka Powerball ali Mega). \u010ce \u0161tevilk ne \u017eelite izbrati sami, lahko za izbiro naklju\u010dnih \u0161tevilk uporabite tudi funkcijo &#8220;Hitri izbor&#8221;.<\/p><p>Tudi \u010de izberete orodje za naklju\u010dna \u0161tevila, bo zadnja beseda \u0161e vedno va\u0161a. \u010ce vam na koncu dve \u0161tevilki nista v\u0161e\u010d, jih po mili volji lahko zamenjate z drugimi. Mo\u017enost pa imate, da najprej sami izberete nekaj svojih \u0161tevilk, za druge pa uporabite orodje za hitri izbor \u0161tevilk.<br>Nikoli vam ni treba skrbeti, ali ste izbrali premalo ali preve\u010d \u0161tevilk. V takem primeru vas bo sistem opozoril in pozval, da pred vpla\u010dilom listka dodate ali odstranite \u0161tevilke. Tako zelo preprosto je.<\/p><p>Zatem lahko vpla\u010date listke za druge loterije in jih dodate svojemu naro\u010dilu. Ko kon\u010date s svojim izborom, kliknite \u00bbPla\u010daj zdaj\u00ab. Ko ste v ko\u0161arici, lahko izberete tudi nakup ve\u010djega \u0161tevila listkov ene loterije ali kombinacije katerih koli loterij, vse pa pla\u010date hkrati in z enim naro\u010dilom.<\/p><ol class=\"wp-block-list\" start=\"3\"><li><strong>korak &#8211; registrirajte se ali se prijavite<\/strong><\/li><\/ol><p>Pri nas se morate za vpla\u010dilo loterijskih listkov registrirati in ustvariti svoj igralni ra\u010dun. Za ta postopek od vas potrebujemo nekaj informacij. To je zaradi va\u0161e varnosti, saj gotovo \u017eelite biti v primeru zadetka obve\u0161\u010deni. \u010ce pa ste pri nas \u017ee registrirani, se morate prijaviti samo s svojimi prijavnimi podatki. \u010ce ste pozabili svoje geslo, uporabite funkcijo &#8220;Pozabljeno geslo&#8221;.<\/p><ol class=\"wp-block-list\" start=\"4\"><li><strong>korak &#8211; pla\u010dajte<\/strong><\/li><\/ol><p>V svojem igralnem ra\u010dunu izberite \u017eeleni na\u010din pla\u010dila. Mo\u017enosti, ki so vam na voljo, se lahko razlikujejo glede na dr\u017eavo prebivali\u0161\u010da. Mastercard, Visa, direktno ban\u010dno nakazilo, Bitcoin, Neteller, Skrill in Paysafecard so le nekatere od mo\u017enosti pla\u010dila. Preprosto izberite tisto, ki jo \u017eelite, in nato kliknite gumb za nakup.<\/p><p>Po pla\u010dilu boste na svoj registrirani e-po\u0161tni naslov prejeli sporo\u010dilo s potrditvijo nakupa. Tako ste lahko prepri\u010dani, da je bilo va\u0161e naro\u010dilo oddano in ste pripravljeni na \u017erebanje.<\/p><p><img decoding=\"async\" class=\"size-full wp-image alignright\" src=\"https:\/\/content.redfoxlotto.com\/uploads\/sites\/9\/1_buy_lottery_online.jpg\" alt=\"pla\u010dajte vstopnico na spletu\"><\/p><p>Ko se enkrat registrirate, lahko na svoj ra\u010dun najprej polo\u017eite nekaj denarja, da lahko kasneje \u017eelene listke samo pla\u010date. To je zelo preprost postopek, ker vam \u017eelimo zagotoviti, da do loterijskih listkov pridete v najkraj\u0161em mo\u017enem \u010dasu. Seveda pa lahko v nakupovalno ko\u0161arico dodate ve\u010d loterijskih listkov in s pla\u010dilom dokon\u010date naro\u010dilo.<\/p><p>\u0160tirje koraki in le nekaj minut in \u017ee ste pripravljeni na \u017erebanje. Ni vam treba skrbeti, da boste kaj zamudili, ker vas bomo takoj obvestili, \u010de boste zadeli nagrado.<\/p><p>\u010ce se \u017eelite prijaviti sami, lahko kadar koli odprete svoj ra\u010dun, kadar koli \u017eelite, in videli boste vstopnice, ki ste jih kupili, in za katere igre.<\/p><h2 class=\"wp-block-heading\">Po spletnem nakupu vstopnic<\/h2><p>\u010ce boste kar koli osvojili ali se bo le nekaj va\u0161ih \u0161tevilk ujemalo z iz\u017erebanimi, vam bomo pokazali ustrezne \u0161tevilke in vas obvestili, \u010de ste zmagali. \u010ce boste zadeli znesek ni\u017eji od 2.500 \u20ac, ga boste takoj prejeli na svoj igralni ra\u010dun. Nato ga lahko dvignete ali sredstva porabite za vpla\u010dilo novih listkov. Tudi pri ve\u010djih zmagah vam bomo pomagali do dobitka, le da je postopek nekoliko druga\u010den.<\/p><p>Igrati loto pri nas je res zelo preprosto. To bo za vas veliko bolj zabavno kot karkoli prej, ko ste igrali loto, saj boste sedaj imeli veliko ve\u010d mo\u017enosti.<\/p>","protected":false},"excerpt":{"rendered":"","protected":false},"author":1,"featured_media":0,"parent":0,"menu_order":3,"comment_status":"closed","ping_status":"closed","template":"Information.php","meta":{"_et_pb_use_builder":"","_et_pb_old_content":"","_et_gb_content_width":"","exclude_from_search":false,"footnotes":""},"class_list":["post-17289","page","type-page","status-publish","hentry"],"yoast_head":"<!-- This site is optimized with the Yoast SEO plugin v23.8 - https:\/\/yoast.com\/wordpress\/plugins\/seo\/ -->\n<title>Kako vpla\u010dam loto listek prek spleta?<\/title>\n<meta name=\"description\" content=\"Vpla\u010dilo loterijskega listka za svetovne loterije je varno, zakonito in enostavno - poglejte si kako deluje!\" \/>\n<meta name=\"robots\" content=\"index, follow, max-snippet:-1, max-image-preview:large, max-video-preview:-1\" \/>\n<link rel=\"canonical\" href=\"https:\/\/redfoxlotto.com\/sl\/loterije\/\" \/>\n<meta property=\"og:locale\" content=\"sl_SI\" \/>\n<meta property=\"og:type\" content=\"article\" \/>\n<meta property=\"og:title\" content=\"Kako vpla\u010dam loto listek prek spleta?\" \/>\n<meta property=\"og:description\" content=\"Vpla\u010dilo loterijskega listka za svetovne loterije je varno, zakonito in enostavno - poglejte si kako deluje!\" \/>\n<meta property=\"og:url\" content=\"https:\/\/redfoxlotto.com\/sl\/loterije\/\" \/>\n<meta property=\"og:site_name\" content=\"Get Tickets for the World\u2019s largest jackpots\" \/>\n<meta property=\"article:modified_time\" content=\"2025-12-18T10:08:05+00:00\" \/>\n<meta property=\"og:image\" content=\"https:\/\/content.redfoxlotto.com\/uploads\/sites\/9\/1_lottery_ticket.jpg\" \/>\n<meta name=\"twitter:card\" content=\"summary_large_image\" \/>\n<meta name=\"twitter:label1\" content=\"Est. reading time\" \/>\n\t<meta name=\"twitter:data1\" content=\"4 minute\" \/>\n<script type=\"application\/ld+json\" class=\"yoast-schema-graph\">{\"@context\":\"https:\/\/schema.org\",\"@graph\":[{\"@type\":\"WebPage\",\"@id\":\"https:\/\/redfoxlotto.com\/sl\/loterije\/\",\"url\":\"https:\/\/redfoxlotto.com\/sl\/loterije\/\",\"name\":\"Kako vpla\u010dam loto listek prek spleta?\",\"isPartOf\":{\"@id\":\"https:\/\/redfoxlotto.com\/sl\/#website\"},\"primaryImageOfPage\":{\"@id\":\"https:\/\/redfoxlotto.com\/sl\/loterije\/#primaryimage\"},\"image\":{\"@id\":\"https:\/\/redfoxlotto.com\/sl\/loterije\/#primaryimage\"},\"thumbnailUrl\":\"https:\/\/content.redfoxlotto.com\/uploads\/sites\/9\/1_lottery_ticket.jpg\",\"datePublished\":\"2023-04-24T14:12:24+00:00\",\"dateModified\":\"2025-12-18T10:08:05+00:00\",\"description\":\"Vpla\u010dilo loterijskega listka za svetovne loterije je varno, zakonito in enostavno - poglejte si kako deluje!\",\"breadcrumb\":{\"@id\":\"https:\/\/redfoxlotto.com\/sl\/loterije\/#breadcrumb\"},\"inLanguage\":\"sl-SI\",\"potentialAction\":[{\"@type\":\"ReadAction\",\"target\":[\"https:\/\/redfoxlotto.com\/sl\/loterije\/\"]}]},{\"@type\":\"ImageObject\",\"inLanguage\":\"sl-SI\",\"@id\":\"https:\/\/redfoxlotto.com\/sl\/loterije\/#primaryimage\",\"url\":\"https:\/\/content.redfoxlotto.com\/uploads\/sites\/9\/1_lottery_ticket.jpg\",\"contentUrl\":\"https:\/\/content.redfoxlotto.com\/uploads\/sites\/9\/1_lottery_ticket.jpg\"},{\"@type\":\"BreadcrumbList\",\"@id\":\"https:\/\/redfoxlotto.com\/sl\/loterije\/#breadcrumb\",\"itemListElement\":[{\"@type\":\"ListItem\",\"position\":1,\"name\":\"Home\",\"item\":\"https:\/\/redfoxlotto.com\/sl\/\"},{\"@type\":\"ListItem\",\"position\":2,\"name\":\"Kako vpla\u010dati loterijske listke prek spleta &#8211; postopek nakupa\"}]},{\"@type\":\"WebSite\",\"@id\":\"https:\/\/redfoxlotto.com\/sl\/#website\",\"url\":\"https:\/\/redfoxlotto.com\/sl\/\",\"name\":\"Get Tickets for the World\u2019s largest jackpots\",\"description\":\"Participate in worldwide lottery jackpots from any country\",\"publisher\":{\"@id\":\"https:\/\/redfoxlotto.com\/sl\/#organization\"},\"potentialAction\":[{\"@type\":\"SearchAction\",\"target\":{\"@type\":\"EntryPoint\",\"urlTemplate\":\"https:\/\/redfoxlotto.com\/sl\/?s={search_term_string}\"},\"query-input\":{\"@type\":\"PropertyValueSpecification\",\"valueRequired\":true,\"valueName\":\"search_term_string\"}}],\"inLanguage\":\"sl-SI\"},{\"@type\":\"Organization\",\"@id\":\"https:\/\/redfoxlotto.com\/sl\/#organization\",\"name\":\"Get Tickets for the World\u2019s largest jackpots\",\"url\":\"https:\/\/redfoxlotto.com\/sl\/\",\"logo\":{\"@type\":\"ImageObject\",\"inLanguage\":\"sl-SI\",\"@id\":\"https:\/\/redfoxlotto.com\/sl\/#\/schema\/logo\/image\/\",\"url\":\"https:\/\/redfoxlotto.com\/wp-content\/uploads\/2023\/04\/logo.png\",\"contentUrl\":\"https:\/\/redfoxlotto.com\/wp-content\/uploads\/2023\/04\/logo.png\",\"width\":269,\"height\":53,\"caption\":\"Get Tickets for the World\u2019s largest jackpots\"},\"image\":{\"@id\":\"https:\/\/redfoxlotto.com\/sl\/#\/schema\/logo\/image\/\"}}]}<\/script>\n<!-- \/ Yoast SEO plugin. -->","yoast_head_json":{"title":"Kako vpla\u010dam loto listek prek spleta?","description":"Vpla\u010dilo loterijskega listka za svetovne loterije je varno, zakonito in enostavno - poglejte si kako deluje!","robots":{"index":"index","follow":"follow","max-snippet":"max-snippet:-1","max-image-preview":"max-image-preview:large","max-video-preview":"max-video-preview:-1"},"canonical":"https:\/\/redfoxlotto.com\/sl\/loterije\/","og_locale":"sl_SI","og_type":"article","og_title":"Kako vpla\u010dam loto listek prek spleta?","og_description":"Vpla\u010dilo loterijskega listka za svetovne loterije je varno, zakonito in enostavno - poglejte si kako deluje!","og_url":"https:\/\/redfoxlotto.com\/sl\/loterije\/","og_site_name":"Get Tickets for the World\u2019s largest jackpots","article_modified_time":"2025-12-18T10:08:05+00:00","og_image":[{"url":"https:\/\/content.redfoxlotto.com\/uploads\/sites\/9\/1_lottery_ticket.jpg"}],"twitter_card":"summary_large_image","twitter_misc":{"Est. reading time":"4 minute"},"schema":{"@context":"https:\/\/schema.org","@graph":[{"@type":"WebPage","@id":"https:\/\/redfoxlotto.com\/sl\/loterije\/","url":"https:\/\/redfoxlotto.com\/sl\/loterije\/","name":"Kako vpla\u010dam loto listek prek spleta?","isPartOf":{"@id":"https:\/\/redfoxlotto.com\/sl\/#website"},"primaryImageOfPage":{"@id":"https:\/\/redfoxlotto.com\/sl\/loterije\/#primaryimage"},"image":{"@id":"https:\/\/redfoxlotto.com\/sl\/loterije\/#primaryimage"},"thumbnailUrl":"https:\/\/content.redfoxlotto.com\/uploads\/sites\/9\/1_lottery_ticket.jpg","datePublished":"2023-04-24T14:12:24+00:00","dateModified":"2025-12-18T10:08:05+00:00","description":"Vpla\u010dilo loterijskega listka za svetovne loterije je varno, zakonito in enostavno - poglejte si kako deluje!","breadcrumb":{"@id":"https:\/\/redfoxlotto.com\/sl\/loterije\/#breadcrumb"},"inLanguage":"sl-SI","potentialAction":[{"@type":"ReadAction","target":["https:\/\/redfoxlotto.com\/sl\/loterije\/"]}]},{"@type":"ImageObject","inLanguage":"sl-SI","@id":"https:\/\/redfoxlotto.com\/sl\/loterije\/#primaryimage","url":"https:\/\/content.redfoxlotto.com\/uploads\/sites\/9\/1_lottery_ticket.jpg","contentUrl":"https:\/\/content.redfoxlotto.com\/uploads\/sites\/9\/1_lottery_ticket.jpg"},{"@type":"BreadcrumbList","@id":"https:\/\/redfoxlotto.com\/sl\/loterije\/#breadcrumb","itemListElement":[{"@type":"ListItem","position":1,"name":"Home","item":"https:\/\/redfoxlotto.com\/sl\/"},{"@type":"ListItem","position":2,"name":"Kako vpla\u010dati loterijske listke prek spleta &#8211; postopek nakupa"}]},{"@type":"WebSite","@id":"https:\/\/redfoxlotto.com\/sl\/#website","url":"https:\/\/redfoxlotto.com\/sl\/","name":"Get Tickets for the World\u2019s largest jackpots","description":"Participate in worldwide lottery jackpots from any country","publisher":{"@id":"https:\/\/redfoxlotto.com\/sl\/#organization"},"potentialAction":[{"@type":"SearchAction","target":{"@type":"EntryPoint","urlTemplate":"https:\/\/redfoxlotto.com\/sl\/?s={search_term_string}"},"query-input":{"@type":"PropertyValueSpecification","valueRequired":true,"valueName":"search_term_string"}}],"inLanguage":"sl-SI"},{"@type":"Organization","@id":"https:\/\/redfoxlotto.com\/sl\/#organization","name":"Get Tickets for the World\u2019s largest jackpots","url":"https:\/\/redfoxlotto.com\/sl\/","logo":{"@type":"ImageObject","inLanguage":"sl-SI","@id":"https:\/\/redfoxlotto.com\/sl\/#\/schema\/logo\/image\/","url":"https:\/\/redfoxlotto.com\/wp-content\/uploads\/2023\/04\/logo.png","contentUrl":"https:\/\/redfoxlotto.com\/wp-content\/uploads\/2023\/04\/logo.png","width":269,"height":53,"caption":"Get Tickets for the World\u2019s largest jackpots"},"image":{"@id":"https:\/\/redfoxlotto.com\/sl\/#\/schema\/logo\/image\/"}}]}},"_links":{"self":[{"href":"https:\/\/redfoxlotto.com\/sl\/wp-json\/wp\/v2\/pages\/17289","targetHints":{"allow":["GET"]}}],"collection":[{"href":"https:\/\/redfoxlotto.com\/sl\/wp-json\/wp\/v2\/pages"}],"about":[{"href":"https:\/\/redfoxlotto.com\/sl\/wp-json\/wp\/v2\/types\/page"}],"author":[{"embeddable":true,"href":"https:\/\/redfoxlotto.com\/sl\/wp-json\/wp\/v2\/users\/1"}],"replies":[{"embeddable":true,"href":"https:\/\/redfoxlotto.com\/sl\/wp-json\/wp\/v2\/comments?post=17289"}],"version-history":[{"count":0,"href":"https:\/\/redfoxlotto.com\/sl\/wp-json\/wp\/v2\/pages\/17289\/revisions"}],"wp:attachment":[{"href":"https:\/\/redfoxlotto.com\/sl\/wp-json\/wp\/v2\/media?parent=17289"}],"curies":[{"name":"wp","href":"https:\/\/api.w.org\/{rel}","templated":true}]}}