{"id":102362,"date":"2025-02-12T11:20:21","date_gmt":"2025-02-12T11:20:21","guid":{"rendered":"https:\/\/redfoxlotto.com\/?page_id=102362"},"modified":"2026-01-12T10:31:56","modified_gmt":"2026-01-12T10:31:56","slug":"moznosti-za-zmago-v-keno","status":"publish","type":"page","link":"https:\/\/redfoxlotto.com\/sl\/keno\/moznosti-za-zmago-v-keno\/","title":{"rendered":"Zmagovalne \u0161tevilke igre Gold Keno"},"content":{"rendered":"<h2>V igri Gold Keno vas \u010daka jackpot v vi\u0161ini 2 milijona evrov.<\/h2>\n<p><img loading=\"lazy\" decoding=\"async\" class=\"size-medium wp-image-93652 alignright\" src=\"https:\/\/redfoxlotto.com\/wp-content\/uploads\/2025\/09\/gold-keno-win-2-300x300.jpg\" alt=\"gold keno\" width=\"300\" height=\"300\" \/><br \/>\nGold Keno je spletna loterijska igra, ki je resni\u010dno zabavna. Vsak, ki igra igre, lahko osvoji neverjetno glavno nagrado v vi\u0161ini 2 milijonov evrov. Zlahka je razumeti, zakaj je Gold Keno tako priljubljen: vsaka \u017erebanje vam daje resni\u010dno prilo\u017enost, da osvojite veliko denarja, ki lahko spremeni va\u0161e \u017eivljenje na bolje. Zabava te igre izhaja iz dejstva, da ima hitra \u017erebanja, po\u0161teno igro in prilo\u017enost za osvojitev glavnega dobitka v vi\u0161ini dveh milijonov evrov. To velja ne glede na to, ali igrate za zabavo ali \u017eelite zaslu\u017eiti veliko denarja.<\/p>\n<h2>Vodnik po verjetnostih igranja Gold Keno<\/h2>\n<p>V Gold Keno se naklju\u010dno izbere 20 \u0161tevilk iz skupine osemdesetih. Igralci izberejo svoje \u0161tevilke, vi\u0161ina nagrade pa je odvisna od tega, kolikokrat se njihove izbire ujemajo z \u017erebanjem. Dodajanje mno\u017eitelja pove\u010da mo\u017eno izpla\u010dilo. To pomeni, da bodo kartice, ki stanejo ve\u010d, osvojile ve\u010dje nagrade.<\/p>\n<p>Ko imate ve\u010d mo\u017enosti, imate ve\u010dje mo\u017enosti za ve\u010dji izpla\u010dilo, ko pa imate manj mo\u017enosti, imate ve\u010dje mo\u017enosti za manj\u0161e izpla\u010dilo. Verjetnost zmage v keno temelji na tem ravnovesju: ve\u010d izbir pomeni ve\u010dje nagrade, a te\u017eje verjetnosti, medtem ko manj izbir olaj\u0161a zmago. \u010ce uporabite mno\u017eitelj, lahko osvojite glavno nagrado v vi\u0161ini dveh milijonov evrov.<\/p>\n<h2>Klju\u010d do ve\u010djih zmag je uporaba mno\u017eiteljev.<\/h2>\n<p>Zaradi funkcije multiplikatorja lahko v Gold Keno osvojite glavno nagrado v vi\u0161ini 2 milijona evrov. Na primer:<\/p>\n<p>\u010ce je najvi\u0161ji multiplikator nastavljen na 5x, vam bo list z multiplikatorjem 1x prinesel 20 % najve\u010dje nagrade. \u010ce igralci stavijo z najve\u010djim multiplikatorjem, lahko dobijo popoln dostop do nagradnega sklada, ki je vreden ve\u010d kot 2 milijona evrov.<\/p>\n<p>Ta tehnika ponuja \u0161e en na\u010din, s katerim lahko igralci spremenijo verjetnost zmage v keno. Tako previdnim igralcem kot tistim, ki radi tvegajo, omogo\u010da po\u0161teno igro.<\/p>\n<h2>Za transakcije se uporabljajo gotovina in nakazila.<\/h2>\n<p>Da bi igrali Gold Keno, morate na svoj ra\u010dun vpla\u010dati denar in kupiti listke prek spleta. Transakcije so hitre, varne in enostavne za razumevanje, tako da se lahko takoj prijavite na katero koli \u017erebanje.<\/p>\n<h2>Poteka veliko \u017erebanj Gold Keno<\/h2>\n<p>Za igranje Gold Keno vam ni treba \u010dakati, kot pri drugih loterijah. Vsake nekaj minut potekajo nova \u017erebanja, kar naredi tekmo za glavno nagrado v vi\u0161ini 2 milijonov evrov zabavno in neskon\u010dno pustolov\u0161\u010dino. Ker je \u017erebanj tako veliko, se mo\u017enosti za zmago v keno vedno znova preizku\u0161ajo, kar igro ohranja zabavno.<\/p>\n<h2>Generator naklju\u010dnih \u0161tevilk (RNG) za po\u0161teno igro<\/h2>\n<p>Da bi zagotovili po\u0161tenost vsakega \u017erebanja Gold Keno, uporabljamo preverjen generator naklju\u010dnih \u0161tevilk (RNG). Ker je vsak izid popolnoma naklju\u010den, mo\u017enost za osvojitev nagrade v vi\u0161ini 2 milijona evrov ne temelji na ugibanjih, ampak na naklju\u010dju. To zagotavlja, da ima vsak enako mo\u017enost za zmago v keno.<\/p>\n<h2>Preverjanje dobitkov in njihovo prevzemanje<\/h2>\n<p>Igralci lahko rezultate takoj vidijo v razdelku \u00bbMoje vstopnice\u00ab. Manj\u0161i dobitki se takoj naka\u017eejo na va\u0161 ra\u010dun, ve\u010dji, ki lahko zna\u0161ajo do 2500 evrov, pa se prav tako takoj naka\u017eejo. Zavarovanje zagotavlja glavni dobitek v vi\u0161ini 2 milijonov evrov in druge velike dobitke, vlada pa preveri, ali so bili izpla\u010dani.<\/p>\n<h2>Vsi dobitniki imajo pravico do vra\u010dila denarja<\/h2>\n<p>Za razliko od ve\u010dine loterij, Gold Keno izpla\u010da dobitke ne glede na to, koliko kart je bilo prodanih. Igra ni samo varna, ampak tudi donosna, saj so vse nagrade, vklju\u010dno z glavnim dobitkom loterije v vi\u0161ini 2 milijona evrov, popolnoma varne.<\/p>\n<h2>Papirnih kart ni, saj se vse opravlja prek spleta.<\/h2>\n<p>Papirnih kart ne potrebujete, saj je Gold Keno popolnoma digitalen. Ta sistem spremlja vse vlo\u017eene stave, tako da se ni\u010d ne more izgubiti ali ukrasti.<\/p>\n<h2>Zadnje misli: Kaj lo\u010di Gold Keno od drugih iger Keno<\/h2>\n<p>Gold Keno je \u0161e vedno ena najbolj razburljivih spletnih loterijskih iger, saj ima \u017erebanja na nekaj minut, po\u0161ten generator naklju\u010dnih \u0161tevilk, zagotovljene nagrade in mo\u017enost osvojitve glavnega dobitka v vi\u0161ini 2 milijona evrov. Za ljudi, ki razmi\u0161ljajo o verjetnosti zmage v keno, je ta igra razburljiva in pomirjujo\u010da, saj lahko vsaka vstopnica spremeni potek igre za igralce z velikimi cilji.<\/p>\n","protected":false},"excerpt":{"rendered":"<p>V igri Gold Keno vas \u010daka jackpot v vi\u0161ini 2 milijona evrov. Gold Keno je spletna loterijska igra, ki je resni\u010dno zabavna. Vsak, ki igra igre, lahko osvoji neverjetno glavno nagrado v vi\u0161ini 2 milijonov evrov. Zlahka je razumeti, zakaj je Gold Keno tako priljubljen: vsaka \u017erebanje vam daje resni\u010dno prilo\u017enost, da osvojite veliko denarja, [&hellip;]<\/p>\n","protected":false},"author":8,"featured_media":0,"parent":84440,"menu_order":42,"comment_status":"closed","ping_status":"closed","template":"","meta":{"_et_pb_use_builder":"","_et_pb_old_content":"","_et_gb_content_width":"","exclude_from_search":false,"footnotes":""},"class_list":["post-102362","page","type-page","status-publish","hentry"],"yoast_head":"<!-- This site is optimized with the Yoast SEO plugin v23.8 - https:\/\/yoast.com\/wordpress\/plugins\/seo\/ -->\n<title>Mo\u017enosti za zmago v Keno | Na\u0161e igre Keno imajo odli\u010dne mo\u017enosti in nagrade<\/title>\n<meta name=\"description\" content=\"Ko igrate Keno na spletu, poglejte mo\u017enosti iger, ki jih najdete. Na\u0161 Gold Keno ima najvi\u0161ji izpla\u010dilo 2 milijona evrov, kombinirano z najbolj\u0161imi mo\u017enostmi, ki jih boste na\u0161li na spletu.\" \/>\n<meta name=\"robots\" content=\"index, follow, max-snippet:-1, max-image-preview:large, max-video-preview:-1\" \/>\n<link rel=\"canonical\" href=\"https:\/\/redfoxlotto.com\/sl\/keno\/moznosti-za-zmago-v-keno\/\" \/>\n<meta property=\"og:locale\" content=\"sl_SI\" \/>\n<meta property=\"og:type\" content=\"article\" \/>\n<meta property=\"og:title\" content=\"Mo\u017enosti za zmago v Keno | Na\u0161e igre Keno imajo odli\u010dne mo\u017enosti in nagrade\" \/>\n<meta property=\"og:description\" content=\"Ko igrate Keno na spletu, poglejte mo\u017enosti iger, ki jih najdete. Na\u0161 Gold Keno ima najvi\u0161ji izpla\u010dilo 2 milijona evrov, kombinirano z najbolj\u0161imi mo\u017enostmi, ki jih boste na\u0161li na spletu.\" \/>\n<meta property=\"og:url\" content=\"https:\/\/redfoxlotto.com\/sl\/keno\/moznosti-za-zmago-v-keno\/\" \/>\n<meta property=\"og:site_name\" content=\"Get Tickets for the World\u2019s largest jackpots\" \/>\n<meta property=\"article:modified_time\" content=\"2026-01-12T10:31:56+00:00\" \/>\n<meta property=\"og:image\" content=\"https:\/\/redfoxlotto.com\/wp-content\/uploads\/2025\/09\/gold-keno-win-2-300x300.jpg\" \/>\n<meta name=\"twitter:card\" content=\"summary_large_image\" \/>\n<meta name=\"twitter:label1\" content=\"Est. reading time\" \/>\n\t<meta name=\"twitter:data1\" content=\"4 minute\" \/>\n<script type=\"application\/ld+json\" class=\"yoast-schema-graph\">{\"@context\":\"https:\/\/schema.org\",\"@graph\":[{\"@type\":\"WebPage\",\"@id\":\"https:\/\/redfoxlotto.com\/sl\/keno\/moznosti-za-zmago-v-keno\/\",\"url\":\"https:\/\/redfoxlotto.com\/sl\/keno\/moznosti-za-zmago-v-keno\/\",\"name\":\"Mo\u017enosti za zmago v Keno | Na\u0161e igre Keno imajo odli\u010dne mo\u017enosti in nagrade\",\"isPartOf\":{\"@id\":\"https:\/\/redfoxlotto.com\/sl\/#website\"},\"primaryImageOfPage\":{\"@id\":\"https:\/\/redfoxlotto.com\/sl\/keno\/moznosti-za-zmago-v-keno\/#primaryimage\"},\"image\":{\"@id\":\"https:\/\/redfoxlotto.com\/sl\/keno\/moznosti-za-zmago-v-keno\/#primaryimage\"},\"thumbnailUrl\":\"https:\/\/redfoxlotto.com\/wp-content\/uploads\/2025\/09\/gold-keno-win-2-300x300.jpg\",\"datePublished\":\"2025-02-12T11:20:21+00:00\",\"dateModified\":\"2026-01-12T10:31:56+00:00\",\"description\":\"Ko igrate Keno na spletu, poglejte mo\u017enosti iger, ki jih najdete. Na\u0161 Gold Keno ima najvi\u0161ji izpla\u010dilo 2 milijona evrov, kombinirano z najbolj\u0161imi mo\u017enostmi, ki jih boste na\u0161li na spletu.\",\"breadcrumb\":{\"@id\":\"https:\/\/redfoxlotto.com\/sl\/keno\/moznosti-za-zmago-v-keno\/#breadcrumb\"},\"inLanguage\":\"sl-SI\",\"potentialAction\":[{\"@type\":\"ReadAction\",\"target\":[\"https:\/\/redfoxlotto.com\/sl\/keno\/moznosti-za-zmago-v-keno\/\"]}]},{\"@type\":\"ImageObject\",\"inLanguage\":\"sl-SI\",\"@id\":\"https:\/\/redfoxlotto.com\/sl\/keno\/moznosti-za-zmago-v-keno\/#primaryimage\",\"url\":\"https:\/\/redfoxlotto.com\/wp-content\/uploads\/2025\/09\/gold-keno-win-2-300x300.jpg\",\"contentUrl\":\"https:\/\/redfoxlotto.com\/wp-content\/uploads\/2025\/09\/gold-keno-win-2-300x300.jpg\"},{\"@type\":\"BreadcrumbList\",\"@id\":\"https:\/\/redfoxlotto.com\/sl\/keno\/moznosti-za-zmago-v-keno\/#breadcrumb\",\"itemListElement\":[{\"@type\":\"ListItem\",\"position\":1,\"name\":\"Home\",\"item\":\"https:\/\/redfoxlotto.com\/sl\/\"},{\"@type\":\"ListItem\",\"position\":2,\"name\":\"Keno\",\"item\":\"https:\/\/redfoxlotto.com\/sl\/keno\/\"},{\"@type\":\"ListItem\",\"position\":3,\"name\":\"Zmagovalne \u0161tevilke igre Gold Keno\"}]},{\"@type\":\"WebSite\",\"@id\":\"https:\/\/redfoxlotto.com\/sl\/#website\",\"url\":\"https:\/\/redfoxlotto.com\/sl\/\",\"name\":\"Get Tickets for the World\u2019s largest jackpots\",\"description\":\"Participate in worldwide lottery jackpots from any country\",\"publisher\":{\"@id\":\"https:\/\/redfoxlotto.com\/sl\/#organization\"},\"potentialAction\":[{\"@type\":\"SearchAction\",\"target\":{\"@type\":\"EntryPoint\",\"urlTemplate\":\"https:\/\/redfoxlotto.com\/sl\/?s={search_term_string}\"},\"query-input\":{\"@type\":\"PropertyValueSpecification\",\"valueRequired\":true,\"valueName\":\"search_term_string\"}}],\"inLanguage\":\"sl-SI\"},{\"@type\":\"Organization\",\"@id\":\"https:\/\/redfoxlotto.com\/sl\/#organization\",\"name\":\"Get Tickets for the World\u2019s largest jackpots\",\"url\":\"https:\/\/redfoxlotto.com\/sl\/\",\"logo\":{\"@type\":\"ImageObject\",\"inLanguage\":\"sl-SI\",\"@id\":\"https:\/\/redfoxlotto.com\/sl\/#\/schema\/logo\/image\/\",\"url\":\"https:\/\/redfoxlotto.com\/wp-content\/uploads\/2023\/04\/logo.png\",\"contentUrl\":\"https:\/\/redfoxlotto.com\/wp-content\/uploads\/2023\/04\/logo.png\",\"width\":269,\"height\":53,\"caption\":\"Get Tickets for the World\u2019s largest jackpots\"},\"image\":{\"@id\":\"https:\/\/redfoxlotto.com\/sl\/#\/schema\/logo\/image\/\"}}]}<\/script>\n<!-- \/ Yoast SEO plugin. -->","yoast_head_json":{"title":"Mo\u017enosti za zmago v Keno | Na\u0161e igre Keno imajo odli\u010dne mo\u017enosti in nagrade","description":"Ko igrate Keno na spletu, poglejte mo\u017enosti iger, ki jih najdete. Na\u0161 Gold Keno ima najvi\u0161ji izpla\u010dilo 2 milijona evrov, kombinirano z najbolj\u0161imi mo\u017enostmi, ki jih boste na\u0161li na spletu.","robots":{"index":"index","follow":"follow","max-snippet":"max-snippet:-1","max-image-preview":"max-image-preview:large","max-video-preview":"max-video-preview:-1"},"canonical":"https:\/\/redfoxlotto.com\/sl\/keno\/moznosti-za-zmago-v-keno\/","og_locale":"sl_SI","og_type":"article","og_title":"Mo\u017enosti za zmago v Keno | Na\u0161e igre Keno imajo odli\u010dne mo\u017enosti in nagrade","og_description":"Ko igrate Keno na spletu, poglejte mo\u017enosti iger, ki jih najdete. Na\u0161 Gold Keno ima najvi\u0161ji izpla\u010dilo 2 milijona evrov, kombinirano z najbolj\u0161imi mo\u017enostmi, ki jih boste na\u0161li na spletu.","og_url":"https:\/\/redfoxlotto.com\/sl\/keno\/moznosti-za-zmago-v-keno\/","og_site_name":"Get Tickets for the World\u2019s largest jackpots","article_modified_time":"2026-01-12T10:31:56+00:00","og_image":[{"url":"https:\/\/redfoxlotto.com\/wp-content\/uploads\/2025\/09\/gold-keno-win-2-300x300.jpg"}],"twitter_card":"summary_large_image","twitter_misc":{"Est. reading time":"4 minute"},"schema":{"@context":"https:\/\/schema.org","@graph":[{"@type":"WebPage","@id":"https:\/\/redfoxlotto.com\/sl\/keno\/moznosti-za-zmago-v-keno\/","url":"https:\/\/redfoxlotto.com\/sl\/keno\/moznosti-za-zmago-v-keno\/","name":"Mo\u017enosti za zmago v Keno | Na\u0161e igre Keno imajo odli\u010dne mo\u017enosti in nagrade","isPartOf":{"@id":"https:\/\/redfoxlotto.com\/sl\/#website"},"primaryImageOfPage":{"@id":"https:\/\/redfoxlotto.com\/sl\/keno\/moznosti-za-zmago-v-keno\/#primaryimage"},"image":{"@id":"https:\/\/redfoxlotto.com\/sl\/keno\/moznosti-za-zmago-v-keno\/#primaryimage"},"thumbnailUrl":"https:\/\/redfoxlotto.com\/wp-content\/uploads\/2025\/09\/gold-keno-win-2-300x300.jpg","datePublished":"2025-02-12T11:20:21+00:00","dateModified":"2026-01-12T10:31:56+00:00","description":"Ko igrate Keno na spletu, poglejte mo\u017enosti iger, ki jih najdete. Na\u0161 Gold Keno ima najvi\u0161ji izpla\u010dilo 2 milijona evrov, kombinirano z najbolj\u0161imi mo\u017enostmi, ki jih boste na\u0161li na spletu.","breadcrumb":{"@id":"https:\/\/redfoxlotto.com\/sl\/keno\/moznosti-za-zmago-v-keno\/#breadcrumb"},"inLanguage":"sl-SI","potentialAction":[{"@type":"ReadAction","target":["https:\/\/redfoxlotto.com\/sl\/keno\/moznosti-za-zmago-v-keno\/"]}]},{"@type":"ImageObject","inLanguage":"sl-SI","@id":"https:\/\/redfoxlotto.com\/sl\/keno\/moznosti-za-zmago-v-keno\/#primaryimage","url":"https:\/\/redfoxlotto.com\/wp-content\/uploads\/2025\/09\/gold-keno-win-2-300x300.jpg","contentUrl":"https:\/\/redfoxlotto.com\/wp-content\/uploads\/2025\/09\/gold-keno-win-2-300x300.jpg"},{"@type":"BreadcrumbList","@id":"https:\/\/redfoxlotto.com\/sl\/keno\/moznosti-za-zmago-v-keno\/#breadcrumb","itemListElement":[{"@type":"ListItem","position":1,"name":"Home","item":"https:\/\/redfoxlotto.com\/sl\/"},{"@type":"ListItem","position":2,"name":"Keno","item":"https:\/\/redfoxlotto.com\/sl\/keno\/"},{"@type":"ListItem","position":3,"name":"Zmagovalne \u0161tevilke igre Gold Keno"}]},{"@type":"WebSite","@id":"https:\/\/redfoxlotto.com\/sl\/#website","url":"https:\/\/redfoxlotto.com\/sl\/","name":"Get Tickets for the World\u2019s largest jackpots","description":"Participate in worldwide lottery jackpots from any country","publisher":{"@id":"https:\/\/redfoxlotto.com\/sl\/#organization"},"potentialAction":[{"@type":"SearchAction","target":{"@type":"EntryPoint","urlTemplate":"https:\/\/redfoxlotto.com\/sl\/?s={search_term_string}"},"query-input":{"@type":"PropertyValueSpecification","valueRequired":true,"valueName":"search_term_string"}}],"inLanguage":"sl-SI"},{"@type":"Organization","@id":"https:\/\/redfoxlotto.com\/sl\/#organization","name":"Get Tickets for the World\u2019s largest jackpots","url":"https:\/\/redfoxlotto.com\/sl\/","logo":{"@type":"ImageObject","inLanguage":"sl-SI","@id":"https:\/\/redfoxlotto.com\/sl\/#\/schema\/logo\/image\/","url":"https:\/\/redfoxlotto.com\/wp-content\/uploads\/2023\/04\/logo.png","contentUrl":"https:\/\/redfoxlotto.com\/wp-content\/uploads\/2023\/04\/logo.png","width":269,"height":53,"caption":"Get Tickets for the World\u2019s largest jackpots"},"image":{"@id":"https:\/\/redfoxlotto.com\/sl\/#\/schema\/logo\/image\/"}}]}},"_links":{"self":[{"href":"https:\/\/redfoxlotto.com\/sl\/wp-json\/wp\/v2\/pages\/102362","targetHints":{"allow":["GET"]}}],"collection":[{"href":"https:\/\/redfoxlotto.com\/sl\/wp-json\/wp\/v2\/pages"}],"about":[{"href":"https:\/\/redfoxlotto.com\/sl\/wp-json\/wp\/v2\/types\/page"}],"author":[{"embeddable":true,"href":"https:\/\/redfoxlotto.com\/sl\/wp-json\/wp\/v2\/users\/8"}],"replies":[{"embeddable":true,"href":"https:\/\/redfoxlotto.com\/sl\/wp-json\/wp\/v2\/comments?post=102362"}],"version-history":[{"count":0,"href":"https:\/\/redfoxlotto.com\/sl\/wp-json\/wp\/v2\/pages\/102362\/revisions"}],"up":[{"embeddable":true,"href":"https:\/\/redfoxlotto.com\/sl\/wp-json\/wp\/v2\/pages\/84440"}],"wp:attachment":[{"href":"https:\/\/redfoxlotto.com\/sl\/wp-json\/wp\/v2\/media?parent=102362"}],"curies":[{"name":"wp","href":"https:\/\/api.w.org\/{rel}","templated":true}]}}