{"id":102009,"date":"2025-05-22T08:53:38","date_gmt":"2025-05-22T08:53:38","guid":{"rendered":"https:\/\/redfoxlotto.com\/?page_id=102009"},"modified":"2026-01-09T10:23:57","modified_gmt":"2026-01-09T10:23:57","slug":"zmagovalne-stevilke-platinum-keno","status":"publish","type":"page","link":"https:\/\/redfoxlotto.com\/sl\/keno\/zmagovalne-stevilke-platinum-keno\/","title":{"rendered":"Zmagovalne \u0161tevilke Platinum Keno"},"content":{"rendered":"<h2>Kako se izberejo kvote in kje najti rezultate v Platinum Keno<\/h2>\n<p><img loading=\"lazy\" decoding=\"async\" class=\"size-medium wp-image-83635 alignright\" src=\"https:\/\/redfoxlotto.com\/wp-content\/uploads\/2025\/03\/keno_card-300x300.jpg\" alt=\"platnum keno\" width=\"300\" height=\"300\" srcset=\"https:\/\/redfoxlotto.com\/wp-content\/uploads\/2025\/03\/keno_card-300x300.jpg 300w, https:\/\/redfoxlotto.com\/wp-content\/uploads\/2025\/03\/keno_card-150x150.jpg 150w, https:\/\/redfoxlotto.com\/wp-content\/uploads\/2025\/03\/keno_card-100x100.jpg 100w, https:\/\/redfoxlotto.com\/wp-content\/uploads\/2025\/03\/keno_card.jpg 307w\" sizes=\"auto, (max-width: 300px) 100vw, 300px\" \/><br \/>\nPlatinum Keno bo kmalu postal ena najbolj priljubljenih iger v slogu loterije. Kmalu bodo igralci lahko u\u017eivali v vsej zabavi tradicionalnega Kenoja v udobju svojih zaslonov, zahvaljujo\u010d hitrim \u017erebanjem, jasnim pravilom in enostavnosti igranja na spletu. Zaenkrat \u0161e ni nobenih rezultatov v \u017eivo, vendar je tukaj vse, kar morate vedeti o tem, kako se izbirajo \u0161tevilke, kje jih najti in kako ugotoviti, ali ste zmagali, ko se igra za\u010dne.<\/p>\n<h2>Koraki za izbiro \u0161tevilk v Platinum Keno<\/h2>\n<p>Platinum Keno temelji na ideji, da mora biti vse po\u0161teno. \u0160tevilke izbere preverjen generator naklju\u010dnih \u0161tevilk (RNG). To naj bi zagotovilo, da je vsako \u017erebanje popolnoma naklju\u010dno. RNG zagotavlja, da ima vsaka \u0161tevilka v sklopu enako mo\u017enost, da bo izbrana, tako kot pri \u017erebanju o\u0161tevil\u010denih krogel iz stroja.<\/p>\n<ul>\n<li>Igralci izbirajo iz sklopa \u0161tevilk od 1 do 80.<\/li>\n<li>Velikost \u017erebanja: V vsakem krogu se naklju\u010dno izbere 20 \u0161tevilk.<\/li>\n<li>Enake mo\u017enosti: Ni priljubljene \u0161tevilke, vse je odvisno od sre\u010de.<\/li>\n<li>S to metodo je vsaka \u017erebanje jasno, se lahko preveri in temelji na zaupanju.<\/li>\n<\/ul>\n<p>Kako igrati igro.<\/p>\n<p>Platinum Keno je namenjen tako rednim igralcem kot tudi tistim, ki \u017eelijo osvojiti velike jackpote. Izberite \u0161tevilke iz sklopa 80, od katerih je 20 naklju\u010dno izbranih. Tako se igra igra. \u017delite, da se \u010dim ve\u010d va\u0161ih izbir ujema.<\/p>\n<h2>Izbira \u0161tevilk.<\/h2>\n<p>Izberete \u0161tevilo \u00bbmest\u00ab (\u0161tevilk), ki jih \u017eelite igrati. Razli\u010dni ljudje izberejo razli\u010dno \u0161tevilo kart. \u0160tevilo mest, ki jih izberete, neposredno vpliva na va\u0161e mo\u017enosti in znesek denarja, ki ga lahko osvojite.<\/p>\n<h2>Izbira faktorja.<\/h2>\n<p>Platinum Keno ima multiplikator, ki spreminja nagrade. V tem primeru, \u010de je najvi\u0161ji multiplikator 5, boste z igranjem z multiplikatorjem 1x prejeli 20 % nagrade 5x. \u010ce je najvi\u0161ja vrednost 10, bo kartica 1x izpla\u010dala 10 % izpla\u010dila 10x. Ve\u010dji multiplikator pove\u010da tako ceno va\u0161e kartice kot tudi mo\u017enosti za zmago.<\/p>\n<h2>Uporaba seznama izpla\u010dil<\/h2>\n<p>Pove vam, koliko lahko natan\u010dno osvojite na podlagi izbranih \u0161tevilk in bonusa. Razumite ga kot zemljevid nagrad; pove vam, kaj je v igri, \u0161e preden se \u017erebanje sploh za\u010dne.<\/p>\n<h2>Kako izbire vplivajo na izid<\/h2>\n<p>\u010ce izberete ve\u010d \u0161tevilk, se najve\u010dja nagrada, ki jo lahko osvojite, pove\u010da, vendar se va\u0161e mo\u017enosti, da jih uganete vse, zmanj\u0161ajo. Nasprotno, vi\u0161ji multiplikator pove\u010da izpla\u010dilo, \u010de zmagate, vendar morate na za\u010detku staviti ve\u010d denarja. Platinum Keno je tako razburljiv kot tvegan, ker morate uravnote\u017eiti tveganje in dobi\u010dek.<\/p>\n<h2>Najbolj\u0161a mesta za iskanje rezultatov Platinum Keno<\/h2>\n<p>Takoj ko se za\u010dne Platinum Keno, bodo najnovej\u0161i rezultati na voljo na strani z rezultati RedFoxLotto. Na ta na\u010din vam ni treba zapustiti aplikacije, da bi spremljali pretekle in sedanje \u017erebanje.<\/p>\n<p>Lahko storite naslednje:<\/p>\n<ul>\n<li>Preverite celoten seznam \u0161tevilk, izbranih za vsako igro.<\/li>\n<li>Oglejte si pretekle \u017erebanja, da vidite teme in trende.<\/li>\n<li>Spremljajte novice, ne da bi morali iskati drugje.<\/li>\n<li>Kako ugotoviti, ali ste zmagali<\/li>\n<\/ul>\n<p>Papirnatih listkov ni ve\u010d \u2013 Platinum Keno je izklju\u010dno ra\u010dunalni\u0161ka igra. Va\u0161e \u0161tevilke se takoj po vsaki igri shranijo v va\u0161 ra\u010dun RedFoxLotto. Rezultate lahko preverite takoj po vsakem \u017erebanju:<\/p>\n<h2>Kliknite na \u00bbMoje vstopnice\u00ab \u2013 v tem delu so navedene vse vstopnice, ki ste jih kupili.<\/h2>\n<p>Primerjajte svoje \u0161tevilke z rezultati: \u010de so va\u0161e \u0161tevilke enake tistim, ki so bile iz\u017erebane v zmagovalnem \u017erebanju, vam bo sistem takoj prikazal te ujemanje.<\/p>\n<p>Takoj ko zmagate, se prika\u017ee znesek nagrade, ki jo boste prejeli. Nagrade manj\u0161e vrednosti se naka\u017eejo neposredno na va\u0161 ra\u010dun, medtem ko se nagrade ve\u010dje vrednosti lahko pred nakazilom preverijo.<\/p>\n<h2>Vpla\u010dila in igranje<\/h2>\n<p>Da bi lahko igrali Platinum Keno, morate imeti denar na svojem ra\u010dunu RedFoxLotto. Vpla\u010dilo je enostavno in varno, ko pa je znesek dodan, ga lahko takoj uporabite za nakup vstopnic.<\/p>\n<h2>Zakaj lahko zaupate rezultatom<\/h2>\n<p>Vsaka nagrada v Platinum Keno je zavarovana, tako da boste dobili svoj denar nazaj, ne glede na to, ali zmagate 5 \u20ac ali 500.000 \u20ac. RedFoxLotto poskrbi, da boste prejeli izpla\u010dilo, RNG pa poskrbi, da je vse po\u0161teno.<\/p>\n<h2>Zaklju\u010dek<\/h2>\n<p>Je kot me\u0161anica med staromodnim na\u010dinom \u017erebanja \u0161tevilk in enostavnostjo igranja ra\u010dunalni\u0161kih iger. \u010ceprav kon\u010dni rezultati \u0161e niso znani, se igralci lahko veselijo:<\/p>\n<ul>\n<li>Po\u0161tenih \u017erebanj, ki jih preveri RNG.<\/li>\n<li>Igra poteka hitro in rezultate dobite vsakih nekaj minut.<\/li>\n<li>RedFoxLotto omogo\u010da enostaven dostop do rezultatov.<\/li>\n<li>Va\u0161 ra\u010dun bo samodejno spremljal zmage.<\/li>\n<li>Ko se igra za\u010dne, morate po \u017erebanju samo priti nazaj in preveriti, ali ste zmagali.<\/li>\n<\/ul>\n","protected":false},"excerpt":{"rendered":"<p>Kako se izberejo kvote in kje najti rezultate v Platinum Keno Platinum Keno bo kmalu postal ena najbolj priljubljenih iger v slogu loterije. Kmalu bodo igralci lahko u\u017eivali v vsej zabavi tradicionalnega Kenoja v udobju svojih zaslonov, zahvaljujo\u010d hitrim \u017erebanjem, jasnim pravilom in enostavnosti igranja na spletu. Zaenkrat \u0161e ni nobenih rezultatov v \u017eivo, vendar [&hellip;]<\/p>\n","protected":false},"author":8,"featured_media":0,"parent":84440,"menu_order":41,"comment_status":"closed","ping_status":"closed","template":"","meta":{"_et_pb_use_builder":"","_et_pb_old_content":"","_et_gb_content_width":"","exclude_from_search":false,"footnotes":""},"class_list":["post-102009","page","type-page","status-publish","hentry"],"yoast_head":"<!-- This site is optimized with the Yoast SEO plugin v23.8 - https:\/\/yoast.com\/wordpress\/plugins\/seo\/ -->\n<title>Rezultati loterije Keno za to dnevno spletno \u017erebanje Keno z nagrado 5 milijonov evrov<\/title>\n<meta name=\"description\" content=\"Ta loterija Keno vsak dan \u017ereba glavno nagrado v vi\u0161ini 5 milijonov evrov \u2013 rezultate na\u0161ih \u017erebanj Keno najdete tukaj. Imamo igro Keno z nagrado 5 milijonov evrov in 10 milijonov evrov.\" \/>\n<meta name=\"robots\" content=\"index, follow, max-snippet:-1, max-image-preview:large, max-video-preview:-1\" \/>\n<link rel=\"canonical\" href=\"https:\/\/redfoxlotto.com\/sl\/keno\/zmagovalne-stevilke-platinum-keno\/\" \/>\n<meta property=\"og:locale\" content=\"sl_SI\" \/>\n<meta property=\"og:type\" content=\"article\" \/>\n<meta property=\"og:title\" content=\"Rezultati loterije Keno za to dnevno spletno \u017erebanje Keno z nagrado 5 milijonov evrov\" \/>\n<meta property=\"og:description\" content=\"Ta loterija Keno vsak dan \u017ereba glavno nagrado v vi\u0161ini 5 milijonov evrov \u2013 rezultate na\u0161ih \u017erebanj Keno najdete tukaj. Imamo igro Keno z nagrado 5 milijonov evrov in 10 milijonov evrov.\" \/>\n<meta property=\"og:url\" content=\"https:\/\/redfoxlotto.com\/sl\/keno\/zmagovalne-stevilke-platinum-keno\/\" \/>\n<meta property=\"og:site_name\" content=\"Get Tickets for the World\u2019s largest jackpots\" \/>\n<meta property=\"article:modified_time\" content=\"2026-01-09T10:23:57+00:00\" \/>\n<meta property=\"og:image\" content=\"https:\/\/redfoxlotto.com\/wp-content\/uploads\/2025\/03\/keno_card-300x300.jpg\" \/>\n<meta name=\"twitter:card\" content=\"summary_large_image\" \/>\n<meta name=\"twitter:label1\" content=\"Est. reading time\" \/>\n\t<meta name=\"twitter:data1\" content=\"4 minute\" \/>\n<script type=\"application\/ld+json\" class=\"yoast-schema-graph\">{\"@context\":\"https:\/\/schema.org\",\"@graph\":[{\"@type\":\"WebPage\",\"@id\":\"https:\/\/redfoxlotto.com\/sl\/keno\/zmagovalne-stevilke-platinum-keno\/\",\"url\":\"https:\/\/redfoxlotto.com\/sl\/keno\/zmagovalne-stevilke-platinum-keno\/\",\"name\":\"Rezultati loterije Keno za to dnevno spletno \u017erebanje Keno z nagrado 5 milijonov evrov\",\"isPartOf\":{\"@id\":\"https:\/\/redfoxlotto.com\/sl\/#website\"},\"primaryImageOfPage\":{\"@id\":\"https:\/\/redfoxlotto.com\/sl\/keno\/zmagovalne-stevilke-platinum-keno\/#primaryimage\"},\"image\":{\"@id\":\"https:\/\/redfoxlotto.com\/sl\/keno\/zmagovalne-stevilke-platinum-keno\/#primaryimage\"},\"thumbnailUrl\":\"https:\/\/redfoxlotto.com\/wp-content\/uploads\/2025\/03\/keno_card-300x300.jpg\",\"datePublished\":\"2025-05-22T08:53:38+00:00\",\"dateModified\":\"2026-01-09T10:23:57+00:00\",\"description\":\"Ta loterija Keno vsak dan \u017ereba glavno nagrado v vi\u0161ini 5 milijonov evrov \u2013 rezultate na\u0161ih \u017erebanj Keno najdete tukaj. Imamo igro Keno z nagrado 5 milijonov evrov in 10 milijonov evrov.\",\"breadcrumb\":{\"@id\":\"https:\/\/redfoxlotto.com\/sl\/keno\/zmagovalne-stevilke-platinum-keno\/#breadcrumb\"},\"inLanguage\":\"sl-SI\",\"potentialAction\":[{\"@type\":\"ReadAction\",\"target\":[\"https:\/\/redfoxlotto.com\/sl\/keno\/zmagovalne-stevilke-platinum-keno\/\"]}]},{\"@type\":\"ImageObject\",\"inLanguage\":\"sl-SI\",\"@id\":\"https:\/\/redfoxlotto.com\/sl\/keno\/zmagovalne-stevilke-platinum-keno\/#primaryimage\",\"url\":\"https:\/\/redfoxlotto.com\/wp-content\/uploads\/2025\/03\/keno_card-300x300.jpg\",\"contentUrl\":\"https:\/\/redfoxlotto.com\/wp-content\/uploads\/2025\/03\/keno_card-300x300.jpg\"},{\"@type\":\"BreadcrumbList\",\"@id\":\"https:\/\/redfoxlotto.com\/sl\/keno\/zmagovalne-stevilke-platinum-keno\/#breadcrumb\",\"itemListElement\":[{\"@type\":\"ListItem\",\"position\":1,\"name\":\"Home\",\"item\":\"https:\/\/redfoxlotto.com\/sl\/\"},{\"@type\":\"ListItem\",\"position\":2,\"name\":\"Keno\",\"item\":\"https:\/\/redfoxlotto.com\/sl\/keno\/\"},{\"@type\":\"ListItem\",\"position\":3,\"name\":\"Zmagovalne \u0161tevilke Platinum Keno\"}]},{\"@type\":\"WebSite\",\"@id\":\"https:\/\/redfoxlotto.com\/sl\/#website\",\"url\":\"https:\/\/redfoxlotto.com\/sl\/\",\"name\":\"Get Tickets for the World\u2019s largest jackpots\",\"description\":\"Participate in worldwide lottery jackpots from any country\",\"publisher\":{\"@id\":\"https:\/\/redfoxlotto.com\/sl\/#organization\"},\"potentialAction\":[{\"@type\":\"SearchAction\",\"target\":{\"@type\":\"EntryPoint\",\"urlTemplate\":\"https:\/\/redfoxlotto.com\/sl\/?s={search_term_string}\"},\"query-input\":{\"@type\":\"PropertyValueSpecification\",\"valueRequired\":true,\"valueName\":\"search_term_string\"}}],\"inLanguage\":\"sl-SI\"},{\"@type\":\"Organization\",\"@id\":\"https:\/\/redfoxlotto.com\/sl\/#organization\",\"name\":\"Get Tickets for the World\u2019s largest jackpots\",\"url\":\"https:\/\/redfoxlotto.com\/sl\/\",\"logo\":{\"@type\":\"ImageObject\",\"inLanguage\":\"sl-SI\",\"@id\":\"https:\/\/redfoxlotto.com\/sl\/#\/schema\/logo\/image\/\",\"url\":\"https:\/\/redfoxlotto.com\/wp-content\/uploads\/2023\/04\/logo.png\",\"contentUrl\":\"https:\/\/redfoxlotto.com\/wp-content\/uploads\/2023\/04\/logo.png\",\"width\":269,\"height\":53,\"caption\":\"Get Tickets for the World\u2019s largest jackpots\"},\"image\":{\"@id\":\"https:\/\/redfoxlotto.com\/sl\/#\/schema\/logo\/image\/\"}}]}<\/script>\n<!-- \/ Yoast SEO plugin. -->","yoast_head_json":{"title":"Rezultati loterije Keno za to dnevno spletno \u017erebanje Keno z nagrado 5 milijonov evrov","description":"Ta loterija Keno vsak dan \u017ereba glavno nagrado v vi\u0161ini 5 milijonov evrov \u2013 rezultate na\u0161ih \u017erebanj Keno najdete tukaj. Imamo igro Keno z nagrado 5 milijonov evrov in 10 milijonov evrov.","robots":{"index":"index","follow":"follow","max-snippet":"max-snippet:-1","max-image-preview":"max-image-preview:large","max-video-preview":"max-video-preview:-1"},"canonical":"https:\/\/redfoxlotto.com\/sl\/keno\/zmagovalne-stevilke-platinum-keno\/","og_locale":"sl_SI","og_type":"article","og_title":"Rezultati loterije Keno za to dnevno spletno \u017erebanje Keno z nagrado 5 milijonov evrov","og_description":"Ta loterija Keno vsak dan \u017ereba glavno nagrado v vi\u0161ini 5 milijonov evrov \u2013 rezultate na\u0161ih \u017erebanj Keno najdete tukaj. Imamo igro Keno z nagrado 5 milijonov evrov in 10 milijonov evrov.","og_url":"https:\/\/redfoxlotto.com\/sl\/keno\/zmagovalne-stevilke-platinum-keno\/","og_site_name":"Get Tickets for the World\u2019s largest jackpots","article_modified_time":"2026-01-09T10:23:57+00:00","og_image":[{"url":"https:\/\/redfoxlotto.com\/wp-content\/uploads\/2025\/03\/keno_card-300x300.jpg"}],"twitter_card":"summary_large_image","twitter_misc":{"Est. reading time":"4 minute"},"schema":{"@context":"https:\/\/schema.org","@graph":[{"@type":"WebPage","@id":"https:\/\/redfoxlotto.com\/sl\/keno\/zmagovalne-stevilke-platinum-keno\/","url":"https:\/\/redfoxlotto.com\/sl\/keno\/zmagovalne-stevilke-platinum-keno\/","name":"Rezultati loterije Keno za to dnevno spletno \u017erebanje Keno z nagrado 5 milijonov evrov","isPartOf":{"@id":"https:\/\/redfoxlotto.com\/sl\/#website"},"primaryImageOfPage":{"@id":"https:\/\/redfoxlotto.com\/sl\/keno\/zmagovalne-stevilke-platinum-keno\/#primaryimage"},"image":{"@id":"https:\/\/redfoxlotto.com\/sl\/keno\/zmagovalne-stevilke-platinum-keno\/#primaryimage"},"thumbnailUrl":"https:\/\/redfoxlotto.com\/wp-content\/uploads\/2025\/03\/keno_card-300x300.jpg","datePublished":"2025-05-22T08:53:38+00:00","dateModified":"2026-01-09T10:23:57+00:00","description":"Ta loterija Keno vsak dan \u017ereba glavno nagrado v vi\u0161ini 5 milijonov evrov \u2013 rezultate na\u0161ih \u017erebanj Keno najdete tukaj. Imamo igro Keno z nagrado 5 milijonov evrov in 10 milijonov evrov.","breadcrumb":{"@id":"https:\/\/redfoxlotto.com\/sl\/keno\/zmagovalne-stevilke-platinum-keno\/#breadcrumb"},"inLanguage":"sl-SI","potentialAction":[{"@type":"ReadAction","target":["https:\/\/redfoxlotto.com\/sl\/keno\/zmagovalne-stevilke-platinum-keno\/"]}]},{"@type":"ImageObject","inLanguage":"sl-SI","@id":"https:\/\/redfoxlotto.com\/sl\/keno\/zmagovalne-stevilke-platinum-keno\/#primaryimage","url":"https:\/\/redfoxlotto.com\/wp-content\/uploads\/2025\/03\/keno_card-300x300.jpg","contentUrl":"https:\/\/redfoxlotto.com\/wp-content\/uploads\/2025\/03\/keno_card-300x300.jpg"},{"@type":"BreadcrumbList","@id":"https:\/\/redfoxlotto.com\/sl\/keno\/zmagovalne-stevilke-platinum-keno\/#breadcrumb","itemListElement":[{"@type":"ListItem","position":1,"name":"Home","item":"https:\/\/redfoxlotto.com\/sl\/"},{"@type":"ListItem","position":2,"name":"Keno","item":"https:\/\/redfoxlotto.com\/sl\/keno\/"},{"@type":"ListItem","position":3,"name":"Zmagovalne \u0161tevilke Platinum Keno"}]},{"@type":"WebSite","@id":"https:\/\/redfoxlotto.com\/sl\/#website","url":"https:\/\/redfoxlotto.com\/sl\/","name":"Get Tickets for the World\u2019s largest jackpots","description":"Participate in worldwide lottery jackpots from any country","publisher":{"@id":"https:\/\/redfoxlotto.com\/sl\/#organization"},"potentialAction":[{"@type":"SearchAction","target":{"@type":"EntryPoint","urlTemplate":"https:\/\/redfoxlotto.com\/sl\/?s={search_term_string}"},"query-input":{"@type":"PropertyValueSpecification","valueRequired":true,"valueName":"search_term_string"}}],"inLanguage":"sl-SI"},{"@type":"Organization","@id":"https:\/\/redfoxlotto.com\/sl\/#organization","name":"Get Tickets for the World\u2019s largest jackpots","url":"https:\/\/redfoxlotto.com\/sl\/","logo":{"@type":"ImageObject","inLanguage":"sl-SI","@id":"https:\/\/redfoxlotto.com\/sl\/#\/schema\/logo\/image\/","url":"https:\/\/redfoxlotto.com\/wp-content\/uploads\/2023\/04\/logo.png","contentUrl":"https:\/\/redfoxlotto.com\/wp-content\/uploads\/2023\/04\/logo.png","width":269,"height":53,"caption":"Get Tickets for the World\u2019s largest jackpots"},"image":{"@id":"https:\/\/redfoxlotto.com\/sl\/#\/schema\/logo\/image\/"}}]}},"_links":{"self":[{"href":"https:\/\/redfoxlotto.com\/sl\/wp-json\/wp\/v2\/pages\/102009","targetHints":{"allow":["GET"]}}],"collection":[{"href":"https:\/\/redfoxlotto.com\/sl\/wp-json\/wp\/v2\/pages"}],"about":[{"href":"https:\/\/redfoxlotto.com\/sl\/wp-json\/wp\/v2\/types\/page"}],"author":[{"embeddable":true,"href":"https:\/\/redfoxlotto.com\/sl\/wp-json\/wp\/v2\/users\/8"}],"replies":[{"embeddable":true,"href":"https:\/\/redfoxlotto.com\/sl\/wp-json\/wp\/v2\/comments?post=102009"}],"version-history":[{"count":0,"href":"https:\/\/redfoxlotto.com\/sl\/wp-json\/wp\/v2\/pages\/102009\/revisions"}],"up":[{"embeddable":true,"href":"https:\/\/redfoxlotto.com\/sl\/wp-json\/wp\/v2\/pages\/84440"}],"wp:attachment":[{"href":"https:\/\/redfoxlotto.com\/sl\/wp-json\/wp\/v2\/media?parent=102009"}],"curies":[{"name":"wp","href":"https:\/\/api.w.org\/{rel}","templated":true}]}}