{"id":87742,"date":"2025-05-19T09:09:27","date_gmt":"2025-05-19T09:09:27","guid":{"rendered":"https:\/\/redfoxlotto.com\/?page_id=87742"},"modified":"2025-05-23T13:27:37","modified_gmt":"2025-05-23T13:27:37","slug":"euromillions-eu","status":"publish","type":"page","link":"https:\/\/redfoxlotto.com\/sk\/vysledky\/euromillions-eu\/","title":{"rendered":"V\u00fdsledky s\u00fa\u0165a\u017ee Euromili\u00f3ny E\u00da"},"content":{"rendered":"","protected":false},"excerpt":{"rendered":"","protected":false},"author":8,"featured_media":0,"parent":10260,"menu_order":4,"comment_status":"closed","ping_status":"closed","template":"euromillions-results.php","meta":{"_et_pb_use_builder":"","_et_pb_old_content":"","_et_gb_content_width":"","exclude_from_search":false,"footnotes":""},"class_list":["post-87742","page","type-page","status-publish","hentry"],"yoast_head":"<!-- This site is optimized with the Yoast SEO plugin v23.8 - https:\/\/yoast.com\/wordpress\/plugins\/seo\/ -->\n<title>V\u00ed\u0165azn\u00e9 \u010d\u00edsla a v\u00fdsledky hry Euromillions EU<\/title>\n<meta name=\"description\" content=\"Tu na na\u0161ej str\u00e1nke n\u00e1jdete v\u00fdhern\u00e9 \u010d\u00edsla a v\u00fdsledky euromillionov v E\u00da verzii. Vyu\u017eite na\u0161u slu\u017ebu a z\u00fa\u010dastnite sa online hry Euromillions\" \/>\n<meta name=\"robots\" content=\"index, follow, max-snippet:-1, max-image-preview:large, max-video-preview:-1\" \/>\n<link rel=\"canonical\" href=\"https:\/\/redfoxlotto.com\/sk\/vysledky\/euromillions-eu\/\" \/>\n<meta property=\"og:locale\" content=\"sk_SK\" \/>\n<meta property=\"og:type\" content=\"article\" \/>\n<meta property=\"og:title\" content=\"V\u00ed\u0165azn\u00e9 \u010d\u00edsla a v\u00fdsledky hry Euromillions EU\" \/>\n<meta property=\"og:description\" content=\"Tu na na\u0161ej str\u00e1nke n\u00e1jdete v\u00fdhern\u00e9 \u010d\u00edsla a v\u00fdsledky euromillionov v E\u00da verzii. Vyu\u017eite na\u0161u slu\u017ebu a z\u00fa\u010dastnite sa online hry Euromillions\" \/>\n<meta property=\"og:url\" content=\"https:\/\/redfoxlotto.com\/sk\/vysledky\/euromillions-eu\/\" \/>\n<meta property=\"og:site_name\" content=\"Get Tickets for the World\u2019s largest jackpots\" \/>\n<meta property=\"article:modified_time\" content=\"2025-05-23T13:27:37+00:00\" \/>\n<meta name=\"twitter:card\" content=\"summary_large_image\" \/>\n<script type=\"application\/ld+json\" class=\"yoast-schema-graph\">{\"@context\":\"https:\/\/schema.org\",\"@graph\":[{\"@type\":\"WebPage\",\"@id\":\"https:\/\/redfoxlotto.com\/sk\/vysledky\/euromillions-eu\/\",\"url\":\"https:\/\/redfoxlotto.com\/sk\/vysledky\/euromillions-eu\/\",\"name\":\"V\u00ed\u0165azn\u00e9 \u010d\u00edsla a v\u00fdsledky hry Euromillions EU\",\"isPartOf\":{\"@id\":\"https:\/\/redfoxlotto.com\/sk\/#website\"},\"datePublished\":\"2025-05-19T09:09:27+00:00\",\"dateModified\":\"2025-05-23T13:27:37+00:00\",\"description\":\"Tu na na\u0161ej str\u00e1nke n\u00e1jdete v\u00fdhern\u00e9 \u010d\u00edsla a v\u00fdsledky euromillionov v E\u00da verzii. Vyu\u017eite na\u0161u slu\u017ebu a z\u00fa\u010dastnite sa online hry Euromillions\",\"breadcrumb\":{\"@id\":\"https:\/\/redfoxlotto.com\/sk\/vysledky\/euromillions-eu\/#breadcrumb\"},\"inLanguage\":\"sk-SK\",\"potentialAction\":[{\"@type\":\"ReadAction\",\"target\":[\"https:\/\/redfoxlotto.com\/sk\/vysledky\/euromillions-eu\/\"]}]},{\"@type\":\"BreadcrumbList\",\"@id\":\"https:\/\/redfoxlotto.com\/sk\/vysledky\/euromillions-eu\/#breadcrumb\",\"itemListElement\":[{\"@type\":\"ListItem\",\"position\":1,\"name\":\"Home\",\"item\":\"https:\/\/redfoxlotto.com\/sk\/\"},{\"@type\":\"ListItem\",\"position\":2,\"name\":\"V\u00fdsledky medzin\u00e1rodnej lot\u00e9rie\",\"item\":\"https:\/\/redfoxlotto.com\/sk\/vysledky\/\"},{\"@type\":\"ListItem\",\"position\":3,\"name\":\"V\u00fdsledky s\u00fa\u0165a\u017ee Euromili\u00f3ny E\u00da\"}]},{\"@type\":\"WebSite\",\"@id\":\"https:\/\/redfoxlotto.com\/sk\/#website\",\"url\":\"https:\/\/redfoxlotto.com\/sk\/\",\"name\":\"Get Tickets for the World\u2019s largest jackpots\",\"description\":\"Participate in worldwide lottery jackpots from any country\",\"publisher\":{\"@id\":\"https:\/\/redfoxlotto.com\/sk\/#organization\"},\"potentialAction\":[{\"@type\":\"SearchAction\",\"target\":{\"@type\":\"EntryPoint\",\"urlTemplate\":\"https:\/\/redfoxlotto.com\/sk\/?s={search_term_string}\"},\"query-input\":{\"@type\":\"PropertyValueSpecification\",\"valueRequired\":true,\"valueName\":\"search_term_string\"}}],\"inLanguage\":\"sk-SK\"},{\"@type\":\"Organization\",\"@id\":\"https:\/\/redfoxlotto.com\/sk\/#organization\",\"name\":\"Get Tickets for the World\u2019s largest jackpots\",\"url\":\"https:\/\/redfoxlotto.com\/sk\/\",\"logo\":{\"@type\":\"ImageObject\",\"inLanguage\":\"sk-SK\",\"@id\":\"https:\/\/redfoxlotto.com\/sk\/#\/schema\/logo\/image\/\",\"url\":\"https:\/\/redfoxlotto.com\/wp-content\/uploads\/2023\/04\/logo.png\",\"contentUrl\":\"https:\/\/redfoxlotto.com\/wp-content\/uploads\/2023\/04\/logo.png\",\"width\":269,\"height\":53,\"caption\":\"Get Tickets for the World\u2019s largest jackpots\"},\"image\":{\"@id\":\"https:\/\/redfoxlotto.com\/sk\/#\/schema\/logo\/image\/\"}}]}<\/script>\n<!-- \/ Yoast SEO plugin. -->","yoast_head_json":{"title":"V\u00ed\u0165azn\u00e9 \u010d\u00edsla a v\u00fdsledky hry Euromillions EU","description":"Tu na na\u0161ej str\u00e1nke n\u00e1jdete v\u00fdhern\u00e9 \u010d\u00edsla a v\u00fdsledky euromillionov v E\u00da verzii. Vyu\u017eite na\u0161u slu\u017ebu a z\u00fa\u010dastnite sa online hry Euromillions","robots":{"index":"index","follow":"follow","max-snippet":"max-snippet:-1","max-image-preview":"max-image-preview:large","max-video-preview":"max-video-preview:-1"},"canonical":"https:\/\/redfoxlotto.com\/sk\/vysledky\/euromillions-eu\/","og_locale":"sk_SK","og_type":"article","og_title":"V\u00ed\u0165azn\u00e9 \u010d\u00edsla a v\u00fdsledky hry Euromillions EU","og_description":"Tu na na\u0161ej str\u00e1nke n\u00e1jdete v\u00fdhern\u00e9 \u010d\u00edsla a v\u00fdsledky euromillionov v E\u00da verzii. Vyu\u017eite na\u0161u slu\u017ebu a z\u00fa\u010dastnite sa online hry Euromillions","og_url":"https:\/\/redfoxlotto.com\/sk\/vysledky\/euromillions-eu\/","og_site_name":"Get Tickets for the World\u2019s largest jackpots","article_modified_time":"2025-05-23T13:27:37+00:00","twitter_card":"summary_large_image","schema":{"@context":"https:\/\/schema.org","@graph":[{"@type":"WebPage","@id":"https:\/\/redfoxlotto.com\/sk\/vysledky\/euromillions-eu\/","url":"https:\/\/redfoxlotto.com\/sk\/vysledky\/euromillions-eu\/","name":"V\u00ed\u0165azn\u00e9 \u010d\u00edsla a v\u00fdsledky hry Euromillions EU","isPartOf":{"@id":"https:\/\/redfoxlotto.com\/sk\/#website"},"datePublished":"2025-05-19T09:09:27+00:00","dateModified":"2025-05-23T13:27:37+00:00","description":"Tu na na\u0161ej str\u00e1nke n\u00e1jdete v\u00fdhern\u00e9 \u010d\u00edsla a v\u00fdsledky euromillionov v E\u00da verzii. Vyu\u017eite na\u0161u slu\u017ebu a z\u00fa\u010dastnite sa online hry Euromillions","breadcrumb":{"@id":"https:\/\/redfoxlotto.com\/sk\/vysledky\/euromillions-eu\/#breadcrumb"},"inLanguage":"sk-SK","potentialAction":[{"@type":"ReadAction","target":["https:\/\/redfoxlotto.com\/sk\/vysledky\/euromillions-eu\/"]}]},{"@type":"BreadcrumbList","@id":"https:\/\/redfoxlotto.com\/sk\/vysledky\/euromillions-eu\/#breadcrumb","itemListElement":[{"@type":"ListItem","position":1,"name":"Home","item":"https:\/\/redfoxlotto.com\/sk\/"},{"@type":"ListItem","position":2,"name":"V\u00fdsledky medzin\u00e1rodnej lot\u00e9rie","item":"https:\/\/redfoxlotto.com\/sk\/vysledky\/"},{"@type":"ListItem","position":3,"name":"V\u00fdsledky s\u00fa\u0165a\u017ee Euromili\u00f3ny E\u00da"}]},{"@type":"WebSite","@id":"https:\/\/redfoxlotto.com\/sk\/#website","url":"https:\/\/redfoxlotto.com\/sk\/","name":"Get Tickets for the World\u2019s largest jackpots","description":"Participate in worldwide lottery jackpots from any country","publisher":{"@id":"https:\/\/redfoxlotto.com\/sk\/#organization"},"potentialAction":[{"@type":"SearchAction","target":{"@type":"EntryPoint","urlTemplate":"https:\/\/redfoxlotto.com\/sk\/?s={search_term_string}"},"query-input":{"@type":"PropertyValueSpecification","valueRequired":true,"valueName":"search_term_string"}}],"inLanguage":"sk-SK"},{"@type":"Organization","@id":"https:\/\/redfoxlotto.com\/sk\/#organization","name":"Get Tickets for the World\u2019s largest jackpots","url":"https:\/\/redfoxlotto.com\/sk\/","logo":{"@type":"ImageObject","inLanguage":"sk-SK","@id":"https:\/\/redfoxlotto.com\/sk\/#\/schema\/logo\/image\/","url":"https:\/\/redfoxlotto.com\/wp-content\/uploads\/2023\/04\/logo.png","contentUrl":"https:\/\/redfoxlotto.com\/wp-content\/uploads\/2023\/04\/logo.png","width":269,"height":53,"caption":"Get Tickets for the World\u2019s largest jackpots"},"image":{"@id":"https:\/\/redfoxlotto.com\/sk\/#\/schema\/logo\/image\/"}}]}},"_links":{"self":[{"href":"https:\/\/redfoxlotto.com\/sk\/wp-json\/wp\/v2\/pages\/87742","targetHints":{"allow":["GET"]}}],"collection":[{"href":"https:\/\/redfoxlotto.com\/sk\/wp-json\/wp\/v2\/pages"}],"about":[{"href":"https:\/\/redfoxlotto.com\/sk\/wp-json\/wp\/v2\/types\/page"}],"author":[{"embeddable":true,"href":"https:\/\/redfoxlotto.com\/sk\/wp-json\/wp\/v2\/users\/8"}],"replies":[{"embeddable":true,"href":"https:\/\/redfoxlotto.com\/sk\/wp-json\/wp\/v2\/comments?post=87742"}],"version-history":[{"count":0,"href":"https:\/\/redfoxlotto.com\/sk\/wp-json\/wp\/v2\/pages\/87742\/revisions"}],"up":[{"embeddable":true,"href":"https:\/\/redfoxlotto.com\/sk\/wp-json\/wp\/v2\/pages\/10260"}],"wp:attachment":[{"href":"https:\/\/redfoxlotto.com\/sk\/wp-json\/wp\/v2\/media?parent=87742"}],"curies":[{"name":"wp","href":"https:\/\/api.w.org\/{rel}","templated":true}]}}