{"id":87675,"date":"2025-05-19T09:08:38","date_gmt":"2025-05-19T09:08:38","guid":{"rendered":"https:\/\/redfoxlotto.com\/?page_id=87675"},"modified":"2025-05-28T07:12:44","modified_gmt":"2025-05-28T07:12:44","slug":"euromillions-eu","status":"publish","type":"page","link":"https:\/\/redfoxlotto.com\/sk\/loterie\/euromillions-eu\/","title":{"rendered":"O Euromili\u00f3noch E\u00da"},"content":{"rendered":"<p data-start=\"195\" data-end=\"794\">EuroMillions EU je jednou z najv\u00e4\u010d\u0161\u00edch a najob\u013e\u00fabenej\u0161\u00edch lot\u00e9ri\u00ed v Eur\u00f3pe, ktor\u00e1 ka\u017ed\u00fd t\u00fd\u017ede\u0148 pri\u0165ahuje mili\u00f3ny \u00fa\u010dastn\u00edkov v\u010faka mo\u017enosti zmeni\u0165 \u017eivot v\u00fdhrou jackpotu. T\u00e1to lot\u00e9ria, ofici\u00e1lne ozna\u010dovan\u00e1 ako verzia EuroMillions pre Eur\u00f3psku \u00faniu, si zachov\u00e1va ve\u013ek\u00fa popularitu v nieko\u013ek\u00fdch eur\u00f3pskych krajin\u00e1ch \u2013 konkr\u00e9tne vo Franc\u00fazsku, \u0160panielsku, Rak\u00fasku, Belgicku, \u00cdrsku, Luxembursku, Portugalsku a \u0160vaj\u010diarsku. Prv\u00e9 \u017erebovanie sa uskuto\u010dnilo 13. febru\u00e1ra 2004, p\u00f4vodne iba vo Franc\u00fazsku, \u0160panielsku a Spojenom kr\u00e1\u013eovstve, a do okt\u00f3bra toho ist\u00e9ho roka sa r\u00fdchlo roz\u0161\u00edrilo do \u010fal\u0161\u00edch kraj\u00edn.<\/p>\n<p><img loading=\"lazy\" decoding=\"async\" class=\"size-full wp-image-48546 alignright\" src=\"https:\/\/redfoxlotto.com\/wp-content\/uploads\/2023\/04\/powerball-draw-youtube1-300x300-1.jpg\" alt=\"euromillions\" width=\"300\" height=\"300\" srcset=\"https:\/\/redfoxlotto.com\/wp-content\/uploads\/2023\/04\/powerball-draw-youtube1-300x300-1.jpg 300w, https:\/\/redfoxlotto.com\/wp-content\/uploads\/2023\/04\/powerball-draw-youtube1-300x300-1-100x100.jpg 100w, https:\/\/redfoxlotto.com\/wp-content\/uploads\/2023\/04\/powerball-draw-youtube1-300x300-1-150x150.jpg 150w\" sizes=\"auto, (max-width: 300px) 100vw, 300px\" \/><\/p>\n<p data-start=\"796\" data-end=\"1117\">Ka\u017ed\u00e1 z\u00fa\u010dastnen\u00e1 krajina m\u00e1 svoj vlastn\u00fd n\u00e1rodn\u00fd lot\u00e9riov\u00fd \u00farad, ktor\u00fd je zodpovedn\u00fd za predaj l\u00edstkov, v\u00fdplatu cien a slu\u017eby pre hr\u00e1\u010dov. Napriek tejto decentraliz\u00e1cii sa v\u0161etky z\u00fa\u010dastnen\u00e9 krajiny riadia jednotn\u00fdmi pravidlami, v\u00fd\u0161kou cien a harmonogramom \u017erebovan\u00ed, aby bola zabezpe\u010den\u00e1 spravodlivos\u0165 a rovnak\u00e9 podmienky.<\/p>\n<p data-start=\"1119\" data-end=\"1514\">\u017drebovania EuroMillions EU prebiehaj\u00fa dvakr\u00e1t t\u00fd\u017edenne \u2013 v utorok a piatok ve\u010der. Lot\u00e9ria vyu\u017e\u00edva form\u00e1t dvojitej matice: hr\u00e1\u010d si vyber\u00e1 p\u00e4\u0165 \u010d\u00edsel z rozsahu 1 a\u017e 50 a dve \u010d\u00edsla \u201e\u0160\u0165astnej hviezdy\u201c z rozsahu 1 a\u017e 12. Na v\u00fdhru jackpotu je potrebn\u00e9 uh\u00e1dnu\u0165 v\u0161etk\u00fdch sedem \u010d\u00edsel. K dispoz\u00edcii je v\u0161ak aj viacero sekund\u00e1rnych v\u00fdhern\u00fdch \u00farovn\u00ed, ktor\u00e9 pon\u00fakaj\u00fa \u0161ance na men\u0161ie, ale st\u00e1le v\u00fdznamn\u00e9 v\u00fdhry.<\/p>\n<p data-start=\"1516\" data-end=\"1925\">Rozdiel medzi verziou EuroMillions EU a britskou verziou spo\u010d\u00edva v exkluz\u00edvnej doplnkovej hre <strong data-start=\"1610\" data-end=\"1631\">Millionaire Maker<\/strong>, ktor\u00e1 je dostupn\u00e1 len v Spojenom kr\u00e1\u013eovstve. T\u00e1to funkcia zaru\u010duje, \u017ee pri ka\u017edom \u017erebovan\u00ed sa stane aspo\u0148 jeden britsk\u00fd hr\u00e1\u010d milion\u00e1rom. Z tohto d\u00f4vodu s\u00fa l\u00edstky v Spojenom kr\u00e1\u013eovstve v\u00fdrazne drah\u0161ie ako v ostatn\u00fdch \u010dastiach Eur\u00f3py. Podrobnosti o tejto verzii n\u00e1jdete na str\u00e1nke RedFoxLotto.<\/p>\n<p data-start=\"1927\" data-end=\"2259\">Pre hr\u00e1\u010dov mimo z\u00fa\u010dastnen\u00fdch kraj\u00edn alebo mimo E\u00da m\u00f4\u017ee by\u0165 pr\u00edstup k hre EuroMillions EU komplikovan\u00fd. V\u010faka medzin\u00e1rodn\u00fdm lot\u00e9riov\u00fdm slu\u017eb\u00e1m je v\u0161ak vstup jednoduch\u00fd. L\u00edstky pre zahrani\u010dn\u00fdch hr\u00e1\u010dov sa naj\u010dastej\u0161ie kupuj\u00fa v Rak\u00fasku, ktor\u00e9 m\u00e1 dobre vybudovan\u00fa infra\u0161trukt\u00faru, \u010do umo\u017e\u0148uje leg\u00e1lnu \u00fa\u010das\u0165 na \u017erebovaniach z cel\u00e9ho sveta.<\/p>\n<p data-start=\"2261\" data-end=\"2526\">\u010co sa t\u00fdka jackpotov, EuroMillions EU pon\u00faka p\u00f4sobiv\u00e9 minim\u00e1lne a maxim\u00e1lne sumy. <strong data-start=\"2343\" data-end=\"2395\">Minim\u00e1lny garantovan\u00fd jackpot je 17 mili\u00f3nov eur<\/strong>, \u010do je suma, ktor\u00e1 m\u00f4\u017ee zmeni\u0165 \u017eivot. Maxim\u00e1lny limit jackpotu sa \u010dasom zvy\u0161oval a v s\u00fa\u010dasnosti je na \u00farovni <strong data-start=\"2505\" data-end=\"2525\">250 mili\u00f3nov eur<\/strong>.<\/p>\n<p data-start=\"2528\" data-end=\"2772\">Ke\u010f jackpot dosiahne <strong data-start=\"2549\" data-end=\"2569\">200 mili\u00f3nov eur<\/strong>, uplat\u0148uj\u00fa sa \u0161peci\u00e1lne pravidl\u00e1. T\u00e1to suma m\u00f4\u017ee zosta\u0165 v platnosti maxim\u00e1lne \u0161tyri po sebe nasleduj\u00face \u017erebovania. Ak ju nikto nez\u00edska, v\u00fdhern\u00fd fond sa rozdel\u00ed medzi \u010fal\u0161iu najvy\u0161\u0161iu v\u00fdhern\u00fa kateg\u00f3riu.<\/p>\n<p data-start=\"2774\" data-end=\"3003\">Ke\u010f jackpot dosiahne <strong data-start=\"2795\" data-end=\"2815\">250 mili\u00f3nov eur<\/strong>, pravidl\u00e1 sa opakuj\u00fa. Po \u0161tyroch \u017erebovaniach bez v\u00ed\u0165aza sa v piatom kole cel\u00fd jackpot op\u00e4\u0165 rozdel\u00ed, \u010dasto medzi viacer\u00fdch v\u00fdhercov druh\u00e9ho poradia, \u010d\u00edm vznikne viacero nov\u00fdch milion\u00e1rov.<\/p>\n<p data-start=\"3005\" data-end=\"3194\">Tieto \u201eroll-down\u201c pravidl\u00e1 vn\u00e1\u0161aj\u00fa do hry nap\u00e4tie a strat\u00e9giu. Pred maxim\u00e1lnym jackpotom prudko narast\u00e1 predaj l\u00edstkov, \u010do odr\u00e1\u017ea nad\u0161enie hr\u00e1\u010dov. Ve\u013ek\u00e9 sumy tie\u017e pri\u0165ahuj\u00fa pozornos\u0165 m\u00e9di\u00ed.<\/p>\n<p data-start=\"3196\" data-end=\"3339\">EuroMillions mal v hist\u00f3rii mno\u017estvo v\u00fdhercov po celej Eur\u00f3pe. Osobitne sa spom\u00edna Rak\u00fasko, ktor\u00e9 m\u00e1 siln\u00fa hr\u00e1\u010dsku z\u00e1klad\u0148u a mno\u017estvo v\u00ed\u0165azov.<\/p>\n<p data-start=\"3341\" data-end=\"3679\">V\u010faka jednoduchej glob\u00e1lnej dostupnosti, transparentnej \u0161trukt\u00fare a vysok\u00fdm v\u00fdhram je EuroMillions EU l\u00e1kavou vo\u013ebou pre hr\u00e1\u010dov po celom svete. Hr\u00e1\u010di mimo Eur\u00f3py sa m\u00f4\u017eu z\u00fa\u010dastni\u0165 prostredn\u00edctvom d\u00f4veryhodn\u00fdch sprostredkovate\u013eov, ktor\u00ed kupuj\u00fa fyzick\u00e9 l\u00edstky v Rak\u00fasku, naskenuj\u00fa ich, nahr\u00e1vaj\u00fa do hr\u00e1\u010dskych \u00fa\u010dtov a v\u00fdhry vypl\u00e1caj\u00fa priamo.<\/p>\n<p data-start=\"3681\" data-end=\"4018\"><strong data-start=\"3681\" data-end=\"3691\">Z\u00e1ver:<\/strong> EuroMillions EU so svojou pevn\u00fdm r\u00e1mcom, jasn\u00fdmi pravidlami a atrakt\u00edvnymi v\u00fdhrami predstavuje v\u00fdnimo\u010dn\u00fa pr\u00edle\u017eitos\u0165 pre v\u0161etk\u00fdch milovn\u00edkov lot\u00e9ri\u00ed. S garantovan\u00fdm jackpotom 17 mili\u00f3nov eur, maxim\u00e1lnym limitom 250 mili\u00f3nov eur a dynamick\u00fdm syst\u00e9mom v\u00fdplat, prin\u00e1\u0161a nap\u00e4tie, z\u00e1bavu a obrovsk\u00e9 v\u00fdhry v celej Eur\u00f3pe aj mimo nej.<\/p>\n","protected":false},"excerpt":{"rendered":"<p>EuroMillions EU je jednou z najv\u00e4\u010d\u0161\u00edch a najob\u013e\u00fabenej\u0161\u00edch lot\u00e9ri\u00ed v Eur\u00f3pe, ktor\u00e1 ka\u017ed\u00fd t\u00fd\u017ede\u0148 pri\u0165ahuje mili\u00f3ny \u00fa\u010dastn\u00edkov v\u010faka mo\u017enosti zmeni\u0165 \u017eivot v\u00fdhrou jackpotu. T\u00e1to lot\u00e9ria, ofici\u00e1lne ozna\u010dovan\u00e1 ako verzia EuroMillions pre Eur\u00f3psku \u00faniu, si zachov\u00e1va ve\u013ek\u00fa popularitu v nieko\u013ek\u00fdch eur\u00f3pskych krajin\u00e1ch \u2013 konkr\u00e9tne vo Franc\u00fazsku, \u0160panielsku, Rak\u00fasku, Belgicku, \u00cdrsku, Luxembursku, Portugalsku a \u0160vaj\u010diarsku. Prv\u00e9 \u017erebovanie [&hellip;]<\/p>\n","protected":false},"author":8,"featured_media":0,"parent":10252,"menu_order":4,"comment_status":"closed","ping_status":"closed","template":"euromillions-at-info.php","meta":{"_et_pb_use_builder":"","_et_pb_old_content":"","_et_gb_content_width":"","exclude_from_search":false,"footnotes":""},"class_list":["post-87675","page","type-page","status-publish","hentry"],"yoast_head":"<!-- This site is optimized with the Yoast SEO plugin v27.4 - https:\/\/yoast.com\/product\/yoast-seo-wordpress\/ -->\n<title>K\u00fapte si tikety Euromillions online z kraj\u00edn mimo E\u00da<\/title>\n<meta name=\"description\" content=\"Ako si k\u00fapi\u0165 tikety Euromillions online, pre Ve\u013ek\u00fa Brit\u00e1niu a verziu Euromillions v E\u00da. Z\u00edskajte tikety odkia\u013eko\u013evek, dokonca aj z kraj\u00edn mimo E\u00da.\" \/>\n<meta name=\"robots\" content=\"index, follow, max-snippet:-1, max-image-preview:large, max-video-preview:-1\" \/>\n<link rel=\"canonical\" href=\"https:\/\/redfoxlotto.com\/sk\/loterie\/euromillions-eu\/\" \/>\n<meta property=\"og:locale\" content=\"sk_SK\" \/>\n<meta property=\"og:type\" content=\"article\" \/>\n<meta property=\"og:title\" content=\"K\u00fapte si tikety Euromillions online z kraj\u00edn mimo E\u00da\" \/>\n<meta property=\"og:description\" content=\"Ako si k\u00fapi\u0165 tikety Euromillions online, pre Ve\u013ek\u00fa Brit\u00e1niu a verziu Euromillions v E\u00da. Z\u00edskajte tikety odkia\u013eko\u013evek, dokonca aj z kraj\u00edn mimo E\u00da.\" \/>\n<meta property=\"og:url\" content=\"https:\/\/redfoxlotto.com\/sk\/loterie\/euromillions-eu\/\" \/>\n<meta property=\"og:site_name\" content=\"Get Tickets for the World\u2019s largest jackpots\" \/>\n<meta property=\"article:modified_time\" content=\"2025-05-28T07:12:44+00:00\" \/>\n<meta property=\"og:image\" content=\"https:\/\/redfoxlotto.com\/wp-content\/uploads\/2023\/04\/powerball-draw-youtube1-300x300-1.jpg\" \/>\n<meta name=\"twitter:card\" content=\"summary_large_image\" \/>\n<meta name=\"twitter:label1\" content=\"Predpokladan\u00fd \u010das \u010d\u00edtania\" \/>\n\t<meta name=\"twitter:data1\" content=\"3 min\u00faty\" \/>\n<script type=\"application\/ld+json\" class=\"yoast-schema-graph\">{\"@context\":\"https:\\\/\\\/schema.org\",\"@graph\":[{\"@type\":\"WebPage\",\"@id\":\"https:\\\/\\\/redfoxlotto.com\\\/sk\\\/loterie\\\/euromillions-eu\\\/\",\"url\":\"https:\\\/\\\/redfoxlotto.com\\\/sk\\\/loterie\\\/euromillions-eu\\\/\",\"name\":\"K\u00fapte si tikety Euromillions online z kraj\u00edn mimo E\u00da\",\"isPartOf\":{\"@id\":\"https:\\\/\\\/redfoxlotto.com\\\/sk\\\/#website\"},\"primaryImageOfPage\":{\"@id\":\"https:\\\/\\\/redfoxlotto.com\\\/sk\\\/loterie\\\/euromillions-eu\\\/#primaryimage\"},\"image\":{\"@id\":\"https:\\\/\\\/redfoxlotto.com\\\/sk\\\/loterie\\\/euromillions-eu\\\/#primaryimage\"},\"thumbnailUrl\":\"https:\\\/\\\/redfoxlotto.com\\\/wp-content\\\/uploads\\\/2023\\\/04\\\/powerball-draw-youtube1-300x300-1.jpg\",\"datePublished\":\"2025-05-19T09:08:38+00:00\",\"dateModified\":\"2025-05-28T07:12:44+00:00\",\"description\":\"Ako si k\u00fapi\u0165 tikety Euromillions online, pre Ve\u013ek\u00fa Brit\u00e1niu a verziu Euromillions v E\u00da. Z\u00edskajte tikety odkia\u013eko\u013evek, dokonca aj z kraj\u00edn mimo E\u00da.\",\"breadcrumb\":{\"@id\":\"https:\\\/\\\/redfoxlotto.com\\\/sk\\\/loterie\\\/euromillions-eu\\\/#breadcrumb\"},\"inLanguage\":\"sk-SK\",\"potentialAction\":[{\"@type\":\"ReadAction\",\"target\":[\"https:\\\/\\\/redfoxlotto.com\\\/sk\\\/loterie\\\/euromillions-eu\\\/\"]}]},{\"@type\":\"ImageObject\",\"inLanguage\":\"sk-SK\",\"@id\":\"https:\\\/\\\/redfoxlotto.com\\\/sk\\\/loterie\\\/euromillions-eu\\\/#primaryimage\",\"url\":\"https:\\\/\\\/redfoxlotto.com\\\/wp-content\\\/uploads\\\/2023\\\/04\\\/powerball-draw-youtube1-300x300-1.jpg\",\"contentUrl\":\"https:\\\/\\\/redfoxlotto.com\\\/wp-content\\\/uploads\\\/2023\\\/04\\\/powerball-draw-youtube1-300x300-1.jpg\"},{\"@type\":\"BreadcrumbList\",\"@id\":\"https:\\\/\\\/redfoxlotto.com\\\/sk\\\/loterie\\\/euromillions-eu\\\/#breadcrumb\",\"itemListElement\":[{\"@type\":\"ListItem\",\"position\":1,\"name\":\"Home\",\"item\":\"https:\\\/\\\/redfoxlotto.com\\\/sk\\\/\"},{\"@type\":\"ListItem\",\"position\":2,\"name\":\"Ako k\u00fapi\u0165 online lot\u00e9riov\u00e9 l\u00edstky &#8211; proces n\u00e1kupu\",\"item\":\"https:\\\/\\\/redfoxlotto.com\\\/sk\\\/loterie\\\/\"},{\"@type\":\"ListItem\",\"position\":3,\"name\":\"O Euromili\u00f3noch E\u00da\"}]},{\"@type\":\"WebSite\",\"@id\":\"https:\\\/\\\/redfoxlotto.com\\\/sk\\\/#website\",\"url\":\"https:\\\/\\\/redfoxlotto.com\\\/sk\\\/\",\"name\":\"Get Tickets for the World\u2019s largest jackpots\",\"description\":\"Participate in worldwide lottery jackpots from any country\",\"publisher\":{\"@id\":\"https:\\\/\\\/redfoxlotto.com\\\/sk\\\/#organization\"},\"potentialAction\":[{\"@type\":\"SearchAction\",\"target\":{\"@type\":\"EntryPoint\",\"urlTemplate\":\"https:\\\/\\\/redfoxlotto.com\\\/sk\\\/?s={search_term_string}\"},\"query-input\":{\"@type\":\"PropertyValueSpecification\",\"valueRequired\":true,\"valueName\":\"search_term_string\"}}],\"inLanguage\":\"sk-SK\"},{\"@type\":\"Organization\",\"@id\":\"https:\\\/\\\/redfoxlotto.com\\\/sk\\\/#organization\",\"name\":\"Get Tickets for the World\u2019s largest jackpots\",\"url\":\"https:\\\/\\\/redfoxlotto.com\\\/sk\\\/\",\"logo\":{\"@type\":\"ImageObject\",\"inLanguage\":\"sk-SK\",\"@id\":\"https:\\\/\\\/redfoxlotto.com\\\/sk\\\/#\\\/schema\\\/logo\\\/image\\\/\",\"url\":\"https:\\\/\\\/redfoxlotto.com\\\/wp-content\\\/uploads\\\/2023\\\/04\\\/logo.png\",\"contentUrl\":\"https:\\\/\\\/redfoxlotto.com\\\/wp-content\\\/uploads\\\/2023\\\/04\\\/logo.png\",\"width\":269,\"height\":53,\"caption\":\"Get Tickets for the World\u2019s largest jackpots\"},\"image\":{\"@id\":\"https:\\\/\\\/redfoxlotto.com\\\/sk\\\/#\\\/schema\\\/logo\\\/image\\\/\"}}]}<\/script>\n<!-- \/ Yoast SEO plugin. -->","yoast_head_json":{"title":"K\u00fapte si tikety Euromillions online z kraj\u00edn mimo E\u00da","description":"Ako si k\u00fapi\u0165 tikety Euromillions online, pre Ve\u013ek\u00fa Brit\u00e1niu a verziu Euromillions v E\u00da. Z\u00edskajte tikety odkia\u013eko\u013evek, dokonca aj z kraj\u00edn mimo E\u00da.","robots":{"index":"index","follow":"follow","max-snippet":"max-snippet:-1","max-image-preview":"max-image-preview:large","max-video-preview":"max-video-preview:-1"},"canonical":"https:\/\/redfoxlotto.com\/sk\/loterie\/euromillions-eu\/","og_locale":"sk_SK","og_type":"article","og_title":"K\u00fapte si tikety Euromillions online z kraj\u00edn mimo E\u00da","og_description":"Ako si k\u00fapi\u0165 tikety Euromillions online, pre Ve\u013ek\u00fa Brit\u00e1niu a verziu Euromillions v E\u00da. Z\u00edskajte tikety odkia\u013eko\u013evek, dokonca aj z kraj\u00edn mimo E\u00da.","og_url":"https:\/\/redfoxlotto.com\/sk\/loterie\/euromillions-eu\/","og_site_name":"Get Tickets for the World\u2019s largest jackpots","article_modified_time":"2025-05-28T07:12:44+00:00","og_image":[{"url":"https:\/\/redfoxlotto.com\/wp-content\/uploads\/2023\/04\/powerball-draw-youtube1-300x300-1.jpg","type":"","width":"","height":""}],"twitter_card":"summary_large_image","twitter_misc":{"Predpokladan\u00fd \u010das \u010d\u00edtania":"3 min\u00faty"},"schema":{"@context":"https:\/\/schema.org","@graph":[{"@type":"WebPage","@id":"https:\/\/redfoxlotto.com\/sk\/loterie\/euromillions-eu\/","url":"https:\/\/redfoxlotto.com\/sk\/loterie\/euromillions-eu\/","name":"K\u00fapte si tikety Euromillions online z kraj\u00edn mimo E\u00da","isPartOf":{"@id":"https:\/\/redfoxlotto.com\/sk\/#website"},"primaryImageOfPage":{"@id":"https:\/\/redfoxlotto.com\/sk\/loterie\/euromillions-eu\/#primaryimage"},"image":{"@id":"https:\/\/redfoxlotto.com\/sk\/loterie\/euromillions-eu\/#primaryimage"},"thumbnailUrl":"https:\/\/redfoxlotto.com\/wp-content\/uploads\/2023\/04\/powerball-draw-youtube1-300x300-1.jpg","datePublished":"2025-05-19T09:08:38+00:00","dateModified":"2025-05-28T07:12:44+00:00","description":"Ako si k\u00fapi\u0165 tikety Euromillions online, pre Ve\u013ek\u00fa Brit\u00e1niu a verziu Euromillions v E\u00da. Z\u00edskajte tikety odkia\u013eko\u013evek, dokonca aj z kraj\u00edn mimo E\u00da.","breadcrumb":{"@id":"https:\/\/redfoxlotto.com\/sk\/loterie\/euromillions-eu\/#breadcrumb"},"inLanguage":"sk-SK","potentialAction":[{"@type":"ReadAction","target":["https:\/\/redfoxlotto.com\/sk\/loterie\/euromillions-eu\/"]}]},{"@type":"ImageObject","inLanguage":"sk-SK","@id":"https:\/\/redfoxlotto.com\/sk\/loterie\/euromillions-eu\/#primaryimage","url":"https:\/\/redfoxlotto.com\/wp-content\/uploads\/2023\/04\/powerball-draw-youtube1-300x300-1.jpg","contentUrl":"https:\/\/redfoxlotto.com\/wp-content\/uploads\/2023\/04\/powerball-draw-youtube1-300x300-1.jpg"},{"@type":"BreadcrumbList","@id":"https:\/\/redfoxlotto.com\/sk\/loterie\/euromillions-eu\/#breadcrumb","itemListElement":[{"@type":"ListItem","position":1,"name":"Home","item":"https:\/\/redfoxlotto.com\/sk\/"},{"@type":"ListItem","position":2,"name":"Ako k\u00fapi\u0165 online lot\u00e9riov\u00e9 l\u00edstky &#8211; proces n\u00e1kupu","item":"https:\/\/redfoxlotto.com\/sk\/loterie\/"},{"@type":"ListItem","position":3,"name":"O Euromili\u00f3noch E\u00da"}]},{"@type":"WebSite","@id":"https:\/\/redfoxlotto.com\/sk\/#website","url":"https:\/\/redfoxlotto.com\/sk\/","name":"Get Tickets for the World\u2019s largest jackpots","description":"Participate in worldwide lottery jackpots from any country","publisher":{"@id":"https:\/\/redfoxlotto.com\/sk\/#organization"},"potentialAction":[{"@type":"SearchAction","target":{"@type":"EntryPoint","urlTemplate":"https:\/\/redfoxlotto.com\/sk\/?s={search_term_string}"},"query-input":{"@type":"PropertyValueSpecification","valueRequired":true,"valueName":"search_term_string"}}],"inLanguage":"sk-SK"},{"@type":"Organization","@id":"https:\/\/redfoxlotto.com\/sk\/#organization","name":"Get Tickets for the World\u2019s largest jackpots","url":"https:\/\/redfoxlotto.com\/sk\/","logo":{"@type":"ImageObject","inLanguage":"sk-SK","@id":"https:\/\/redfoxlotto.com\/sk\/#\/schema\/logo\/image\/","url":"https:\/\/redfoxlotto.com\/wp-content\/uploads\/2023\/04\/logo.png","contentUrl":"https:\/\/redfoxlotto.com\/wp-content\/uploads\/2023\/04\/logo.png","width":269,"height":53,"caption":"Get Tickets for the World\u2019s largest jackpots"},"image":{"@id":"https:\/\/redfoxlotto.com\/sk\/#\/schema\/logo\/image\/"}}]}},"_links":{"self":[{"href":"https:\/\/redfoxlotto.com\/sk\/wp-json\/wp\/v2\/pages\/87675","targetHints":{"allow":["GET"]}}],"collection":[{"href":"https:\/\/redfoxlotto.com\/sk\/wp-json\/wp\/v2\/pages"}],"about":[{"href":"https:\/\/redfoxlotto.com\/sk\/wp-json\/wp\/v2\/types\/page"}],"author":[{"embeddable":true,"href":"https:\/\/redfoxlotto.com\/sk\/wp-json\/wp\/v2\/users\/8"}],"replies":[{"embeddable":true,"href":"https:\/\/redfoxlotto.com\/sk\/wp-json\/wp\/v2\/comments?post=87675"}],"version-history":[{"count":0,"href":"https:\/\/redfoxlotto.com\/sk\/wp-json\/wp\/v2\/pages\/87675\/revisions"}],"up":[{"embeddable":true,"href":"https:\/\/redfoxlotto.com\/sk\/wp-json\/wp\/v2\/pages\/10252"}],"wp:attachment":[{"href":"https:\/\/redfoxlotto.com\/sk\/wp-json\/wp\/v2\/media?parent=87675"}],"curies":[{"name":"wp","href":"https:\/\/api.w.org\/{rel}","templated":true}]}}