{"id":87113,"date":"2025-05-16T10:39:54","date_gmt":"2025-05-16T10:39:54","guid":{"rendered":"https:\/\/redfoxlotto.com\/?page_id=87113"},"modified":"2025-05-17T22:12:18","modified_gmt":"2025-05-17T22:12:18","slug":"vitazne-cisla-diamond-keno","status":"publish","type":"page","link":"https:\/\/redfoxlotto.com\/sk\/keno\/vitazne-cisla-diamond-keno\/","title":{"rendered":"V\u00ed\u0165azn\u00e9 \u010d\u00edsla Diamond Keno"},"content":{"rendered":"<p>Ka\u017ed\u00fdch 20 min\u00fat sa objavuj\u00fa nov\u00e9 v\u00fdhern\u00e9 \u010d\u00edsla &#8211; skontrolujte si v\u00fdsledky hry Diamond Keno<\/p>\n","protected":false},"excerpt":{"rendered":"<p>Ka\u017ed\u00fdch 20 min\u00fat sa objavuj\u00fa nov\u00e9 v\u00fdhern\u00e9 \u010d\u00edsla &#8211; skontrolujte si v\u00fdsledky hry Diamond Keno<\/p>\n","protected":false},"author":8,"featured_media":0,"parent":84437,"menu_order":40,"comment_status":"closed","ping_status":"closed","template":"","meta":{"_et_pb_use_builder":"","_et_pb_old_content":"","_et_gb_content_width":"","exclude_from_search":false,"footnotes":""},"class_list":["post-87113","page","type-page","status-publish","hentry"],"yoast_head":"<!-- This site is optimized with the Yoast SEO plugin v23.8 - https:\/\/yoast.com\/wordpress\/plugins\/seo\/ -->\n<title>V\u00fdhern\u00e9 \u010d\u00edsla na\u0161ej top lot\u00e9rie Keno - vyhrajte 10 mili\u00f3nov eur u\u017e teraz!<\/title>\n<meta name=\"description\" content=\"Tu s\u00fa najnov\u0161ie v\u00fdhern\u00e9 \u010d\u00edsla na\u0161ej najv\u00e4\u010d\u0161ej lot\u00e9rie Keno - v hre je 10 mili\u00f3nov eur ka\u017ed\u00fdch 20 min\u00fat.\" \/>\n<meta name=\"robots\" content=\"index, follow, max-snippet:-1, max-image-preview:large, max-video-preview:-1\" \/>\n<link rel=\"canonical\" href=\"https:\/\/redfoxlotto.com\/sk\/keno\/vitazne-cisla-diamond-keno\/\" \/>\n<meta property=\"og:locale\" content=\"sk_SK\" \/>\n<meta property=\"og:type\" content=\"article\" \/>\n<meta property=\"og:title\" content=\"V\u00fdhern\u00e9 \u010d\u00edsla na\u0161ej top lot\u00e9rie Keno - vyhrajte 10 mili\u00f3nov eur u\u017e teraz!\" \/>\n<meta property=\"og:description\" content=\"Tu s\u00fa najnov\u0161ie v\u00fdhern\u00e9 \u010d\u00edsla na\u0161ej najv\u00e4\u010d\u0161ej lot\u00e9rie Keno - v hre je 10 mili\u00f3nov eur ka\u017ed\u00fdch 20 min\u00fat.\" \/>\n<meta property=\"og:url\" content=\"https:\/\/redfoxlotto.com\/sk\/keno\/vitazne-cisla-diamond-keno\/\" \/>\n<meta property=\"og:site_name\" content=\"Get Tickets for the World\u2019s largest jackpots\" \/>\n<meta property=\"article:modified_time\" content=\"2025-05-17T22:12:18+00:00\" \/>\n<meta name=\"twitter:card\" content=\"summary_large_image\" \/>\n<meta name=\"twitter:label1\" content=\"Predpokladan\u00fd \u010das \u010d\u00edtania\" \/>\n\t<meta name=\"twitter:data1\" content=\"1 min\u00fata\" \/>\n<script type=\"application\/ld+json\" class=\"yoast-schema-graph\">{\"@context\":\"https:\/\/schema.org\",\"@graph\":[{\"@type\":\"WebPage\",\"@id\":\"https:\/\/redfoxlotto.com\/sk\/keno\/vitazne-cisla-diamond-keno\/\",\"url\":\"https:\/\/redfoxlotto.com\/sk\/keno\/vitazne-cisla-diamond-keno\/\",\"name\":\"V\u00fdhern\u00e9 \u010d\u00edsla na\u0161ej top lot\u00e9rie Keno - vyhrajte 10 mili\u00f3nov eur u\u017e teraz!\",\"isPartOf\":{\"@id\":\"https:\/\/redfoxlotto.com\/sk\/#website\"},\"datePublished\":\"2025-05-16T10:39:54+00:00\",\"dateModified\":\"2025-05-17T22:12:18+00:00\",\"description\":\"Tu s\u00fa najnov\u0161ie v\u00fdhern\u00e9 \u010d\u00edsla na\u0161ej najv\u00e4\u010d\u0161ej lot\u00e9rie Keno - v hre je 10 mili\u00f3nov eur ka\u017ed\u00fdch 20 min\u00fat.\",\"breadcrumb\":{\"@id\":\"https:\/\/redfoxlotto.com\/sk\/keno\/vitazne-cisla-diamond-keno\/#breadcrumb\"},\"inLanguage\":\"sk-SK\",\"potentialAction\":[{\"@type\":\"ReadAction\",\"target\":[\"https:\/\/redfoxlotto.com\/sk\/keno\/vitazne-cisla-diamond-keno\/\"]}]},{\"@type\":\"BreadcrumbList\",\"@id\":\"https:\/\/redfoxlotto.com\/sk\/keno\/vitazne-cisla-diamond-keno\/#breadcrumb\",\"itemListElement\":[{\"@type\":\"ListItem\",\"position\":1,\"name\":\"Home\",\"item\":\"https:\/\/redfoxlotto.com\/sk\/\"},{\"@type\":\"ListItem\",\"position\":2,\"name\":\"Keno\",\"item\":\"https:\/\/redfoxlotto.com\/sk\/keno\/\"},{\"@type\":\"ListItem\",\"position\":3,\"name\":\"V\u00ed\u0165azn\u00e9 \u010d\u00edsla Diamond Keno\"}]},{\"@type\":\"WebSite\",\"@id\":\"https:\/\/redfoxlotto.com\/sk\/#website\",\"url\":\"https:\/\/redfoxlotto.com\/sk\/\",\"name\":\"Get Tickets for the World\u2019s largest jackpots\",\"description\":\"Participate in worldwide lottery jackpots from any country\",\"publisher\":{\"@id\":\"https:\/\/redfoxlotto.com\/sk\/#organization\"},\"potentialAction\":[{\"@type\":\"SearchAction\",\"target\":{\"@type\":\"EntryPoint\",\"urlTemplate\":\"https:\/\/redfoxlotto.com\/sk\/?s={search_term_string}\"},\"query-input\":{\"@type\":\"PropertyValueSpecification\",\"valueRequired\":true,\"valueName\":\"search_term_string\"}}],\"inLanguage\":\"sk-SK\"},{\"@type\":\"Organization\",\"@id\":\"https:\/\/redfoxlotto.com\/sk\/#organization\",\"name\":\"Get Tickets for the World\u2019s largest jackpots\",\"url\":\"https:\/\/redfoxlotto.com\/sk\/\",\"logo\":{\"@type\":\"ImageObject\",\"inLanguage\":\"sk-SK\",\"@id\":\"https:\/\/redfoxlotto.com\/sk\/#\/schema\/logo\/image\/\",\"url\":\"https:\/\/redfoxlotto.com\/wp-content\/uploads\/2023\/04\/logo.png\",\"contentUrl\":\"https:\/\/redfoxlotto.com\/wp-content\/uploads\/2023\/04\/logo.png\",\"width\":269,\"height\":53,\"caption\":\"Get Tickets for the World\u2019s largest jackpots\"},\"image\":{\"@id\":\"https:\/\/redfoxlotto.com\/sk\/#\/schema\/logo\/image\/\"}}]}<\/script>\n<!-- \/ Yoast SEO plugin. -->","yoast_head_json":{"title":"V\u00fdhern\u00e9 \u010d\u00edsla na\u0161ej top lot\u00e9rie Keno - vyhrajte 10 mili\u00f3nov eur u\u017e teraz!","description":"Tu s\u00fa najnov\u0161ie v\u00fdhern\u00e9 \u010d\u00edsla na\u0161ej najv\u00e4\u010d\u0161ej lot\u00e9rie Keno - v hre je 10 mili\u00f3nov eur ka\u017ed\u00fdch 20 min\u00fat.","robots":{"index":"index","follow":"follow","max-snippet":"max-snippet:-1","max-image-preview":"max-image-preview:large","max-video-preview":"max-video-preview:-1"},"canonical":"https:\/\/redfoxlotto.com\/sk\/keno\/vitazne-cisla-diamond-keno\/","og_locale":"sk_SK","og_type":"article","og_title":"V\u00fdhern\u00e9 \u010d\u00edsla na\u0161ej top lot\u00e9rie Keno - vyhrajte 10 mili\u00f3nov eur u\u017e teraz!","og_description":"Tu s\u00fa najnov\u0161ie v\u00fdhern\u00e9 \u010d\u00edsla na\u0161ej najv\u00e4\u010d\u0161ej lot\u00e9rie Keno - v hre je 10 mili\u00f3nov eur ka\u017ed\u00fdch 20 min\u00fat.","og_url":"https:\/\/redfoxlotto.com\/sk\/keno\/vitazne-cisla-diamond-keno\/","og_site_name":"Get Tickets for the World\u2019s largest jackpots","article_modified_time":"2025-05-17T22:12:18+00:00","twitter_card":"summary_large_image","twitter_misc":{"Predpokladan\u00fd \u010das \u010d\u00edtania":"1 min\u00fata"},"schema":{"@context":"https:\/\/schema.org","@graph":[{"@type":"WebPage","@id":"https:\/\/redfoxlotto.com\/sk\/keno\/vitazne-cisla-diamond-keno\/","url":"https:\/\/redfoxlotto.com\/sk\/keno\/vitazne-cisla-diamond-keno\/","name":"V\u00fdhern\u00e9 \u010d\u00edsla na\u0161ej top lot\u00e9rie Keno - vyhrajte 10 mili\u00f3nov eur u\u017e teraz!","isPartOf":{"@id":"https:\/\/redfoxlotto.com\/sk\/#website"},"datePublished":"2025-05-16T10:39:54+00:00","dateModified":"2025-05-17T22:12:18+00:00","description":"Tu s\u00fa najnov\u0161ie v\u00fdhern\u00e9 \u010d\u00edsla na\u0161ej najv\u00e4\u010d\u0161ej lot\u00e9rie Keno - v hre je 10 mili\u00f3nov eur ka\u017ed\u00fdch 20 min\u00fat.","breadcrumb":{"@id":"https:\/\/redfoxlotto.com\/sk\/keno\/vitazne-cisla-diamond-keno\/#breadcrumb"},"inLanguage":"sk-SK","potentialAction":[{"@type":"ReadAction","target":["https:\/\/redfoxlotto.com\/sk\/keno\/vitazne-cisla-diamond-keno\/"]}]},{"@type":"BreadcrumbList","@id":"https:\/\/redfoxlotto.com\/sk\/keno\/vitazne-cisla-diamond-keno\/#breadcrumb","itemListElement":[{"@type":"ListItem","position":1,"name":"Home","item":"https:\/\/redfoxlotto.com\/sk\/"},{"@type":"ListItem","position":2,"name":"Keno","item":"https:\/\/redfoxlotto.com\/sk\/keno\/"},{"@type":"ListItem","position":3,"name":"V\u00ed\u0165azn\u00e9 \u010d\u00edsla Diamond Keno"}]},{"@type":"WebSite","@id":"https:\/\/redfoxlotto.com\/sk\/#website","url":"https:\/\/redfoxlotto.com\/sk\/","name":"Get Tickets for the World\u2019s largest jackpots","description":"Participate in worldwide lottery jackpots from any country","publisher":{"@id":"https:\/\/redfoxlotto.com\/sk\/#organization"},"potentialAction":[{"@type":"SearchAction","target":{"@type":"EntryPoint","urlTemplate":"https:\/\/redfoxlotto.com\/sk\/?s={search_term_string}"},"query-input":{"@type":"PropertyValueSpecification","valueRequired":true,"valueName":"search_term_string"}}],"inLanguage":"sk-SK"},{"@type":"Organization","@id":"https:\/\/redfoxlotto.com\/sk\/#organization","name":"Get Tickets for the World\u2019s largest jackpots","url":"https:\/\/redfoxlotto.com\/sk\/","logo":{"@type":"ImageObject","inLanguage":"sk-SK","@id":"https:\/\/redfoxlotto.com\/sk\/#\/schema\/logo\/image\/","url":"https:\/\/redfoxlotto.com\/wp-content\/uploads\/2023\/04\/logo.png","contentUrl":"https:\/\/redfoxlotto.com\/wp-content\/uploads\/2023\/04\/logo.png","width":269,"height":53,"caption":"Get Tickets for the World\u2019s largest jackpots"},"image":{"@id":"https:\/\/redfoxlotto.com\/sk\/#\/schema\/logo\/image\/"}}]}},"_links":{"self":[{"href":"https:\/\/redfoxlotto.com\/sk\/wp-json\/wp\/v2\/pages\/87113","targetHints":{"allow":["GET"]}}],"collection":[{"href":"https:\/\/redfoxlotto.com\/sk\/wp-json\/wp\/v2\/pages"}],"about":[{"href":"https:\/\/redfoxlotto.com\/sk\/wp-json\/wp\/v2\/types\/page"}],"author":[{"embeddable":true,"href":"https:\/\/redfoxlotto.com\/sk\/wp-json\/wp\/v2\/users\/8"}],"replies":[{"embeddable":true,"href":"https:\/\/redfoxlotto.com\/sk\/wp-json\/wp\/v2\/comments?post=87113"}],"version-history":[{"count":0,"href":"https:\/\/redfoxlotto.com\/sk\/wp-json\/wp\/v2\/pages\/87113\/revisions"}],"up":[{"embeddable":true,"href":"https:\/\/redfoxlotto.com\/sk\/wp-json\/wp\/v2\/pages\/84437"}],"wp:attachment":[{"href":"https:\/\/redfoxlotto.com\/sk\/wp-json\/wp\/v2\/media?parent=87113"}],"curies":[{"name":"wp","href":"https:\/\/api.w.org\/{rel}","templated":true}]}}