{"id":86880,"date":"2025-02-12T11:18:17","date_gmt":"2025-02-12T11:18:17","guid":{"rendered":"https:\/\/redfoxlotto.com\/?page_id=86880"},"modified":"2025-05-15T07:12:08","modified_gmt":"2025-05-15T07:12:08","slug":"diamantovy-keno-10m","status":"publish","type":"page","link":"https:\/\/redfoxlotto.com\/sk\/keno\/diamantovy-keno-10m\/","title":{"rendered":"Diamantov\u00fd keno 10m"},"content":{"rendered":"<h2>Online Keno u\u017e nem\u00f4\u017ee by\u0165 v\u00e4\u010d\u0161ie a lep\u0161ie ako toto &#8211; hrajte Keno o v\u00fdhru 10 mili\u00f3nov eur!<\/h2>\n<p>Toto je na\u0161a najv\u00e4\u010d\u0161ia a najob\u013e\u00fabenej\u0161ia lot\u00e9riov\u00e1 hra Keno. Ak h\u013ead\u00e1te najlep\u0161iu hru Keno, ktor\u00fa si m\u00f4\u017eete zahra\u0165 online, ste na spr\u00e1vnom mieste. T\u00e1to hra Keno m\u00e1 \u017erebovanie ka\u017ed\u00fdch 20 min\u00fat, tak\u017ee nebudete musie\u0165 dlho \u010daka\u0165, k\u00fdm sa dozviete, \u010di v\u00e1\u0161 tiket vyhral.<\/p>\n","protected":false},"excerpt":{"rendered":"<p>Online Keno u\u017e nem\u00f4\u017ee by\u0165 v\u00e4\u010d\u0161ie a lep\u0161ie ako toto &#8211; hrajte Keno o v\u00fdhru 10 mili\u00f3nov eur! Toto je na\u0161a najv\u00e4\u010d\u0161ia a najob\u013e\u00fabenej\u0161ia lot\u00e9riov\u00e1 hra Keno. Ak h\u013ead\u00e1te najlep\u0161iu hru Keno, ktor\u00fa si m\u00f4\u017eete zahra\u0165 online, ste na spr\u00e1vnom mieste. T\u00e1to hra Keno m\u00e1 \u017erebovanie ka\u017ed\u00fdch 20 min\u00fat, tak\u017ee nebudete musie\u0165 dlho \u010daka\u0165, k\u00fdm [&hellip;]<\/p>\n","protected":false},"author":8,"featured_media":0,"parent":84437,"menu_order":1,"comment_status":"closed","ping_status":"closed","template":"","meta":{"_et_pb_use_builder":"","_et_pb_old_content":"","_et_gb_content_width":"","exclude_from_search":false,"footnotes":""},"class_list":["post-86880","page","type-page","status-publish","hentry"],"yoast_head":"<!-- This site is optimized with the Yoast SEO plugin v23.8 - https:\/\/yoast.com\/wordpress\/plugins\/seo\/ -->\n<title>Najlep\u0161ie online hry Keno - Keno za 10 mili\u00f3nov eur<\/title>\n<meta name=\"description\" content=\"N\u00e1jdite si tu najlep\u0161ie online hry Keno s hlavn\u00fdmi v\u00fdhrami a\u017e do v\u00fd\u0161ky 10 mili\u00f3nov eur. Na \u010fal\u0161ie \u017erebovanie online Keno u\u017e nikdy nebudete musie\u0165 dlho \u010daka\u0165!\" \/>\n<meta name=\"robots\" content=\"index, follow, max-snippet:-1, max-image-preview:large, max-video-preview:-1\" \/>\n<link rel=\"canonical\" href=\"https:\/\/redfoxlotto.com\/sk\/keno\/diamantovy-keno-10m\/\" \/>\n<meta property=\"og:locale\" content=\"sk_SK\" \/>\n<meta property=\"og:type\" content=\"article\" \/>\n<meta property=\"og:title\" content=\"Najlep\u0161ie online hry Keno - Keno za 10 mili\u00f3nov eur\" \/>\n<meta property=\"og:description\" content=\"N\u00e1jdite si tu najlep\u0161ie online hry Keno s hlavn\u00fdmi v\u00fdhrami a\u017e do v\u00fd\u0161ky 10 mili\u00f3nov eur. Na \u010fal\u0161ie \u017erebovanie online Keno u\u017e nikdy nebudete musie\u0165 dlho \u010daka\u0165!\" \/>\n<meta property=\"og:url\" content=\"https:\/\/redfoxlotto.com\/sk\/keno\/diamantovy-keno-10m\/\" \/>\n<meta property=\"og:site_name\" content=\"Get Tickets for the World\u2019s largest jackpots\" \/>\n<meta property=\"article:modified_time\" content=\"2025-05-15T07:12:08+00:00\" \/>\n<meta name=\"twitter:card\" content=\"summary_large_image\" \/>\n<meta name=\"twitter:label1\" content=\"Predpokladan\u00fd \u010das \u010d\u00edtania\" \/>\n\t<meta name=\"twitter:data1\" content=\"1 min\u00fata\" \/>\n<script type=\"application\/ld+json\" class=\"yoast-schema-graph\">{\"@context\":\"https:\/\/schema.org\",\"@graph\":[{\"@type\":\"WebPage\",\"@id\":\"https:\/\/redfoxlotto.com\/sk\/keno\/diamantovy-keno-10m\/\",\"url\":\"https:\/\/redfoxlotto.com\/sk\/keno\/diamantovy-keno-10m\/\",\"name\":\"Najlep\u0161ie online hry Keno - Keno za 10 mili\u00f3nov eur\",\"isPartOf\":{\"@id\":\"https:\/\/redfoxlotto.com\/sk\/#website\"},\"datePublished\":\"2025-02-12T11:18:17+00:00\",\"dateModified\":\"2025-05-15T07:12:08+00:00\",\"description\":\"N\u00e1jdite si tu najlep\u0161ie online hry Keno s hlavn\u00fdmi v\u00fdhrami a\u017e do v\u00fd\u0161ky 10 mili\u00f3nov eur. Na \u010fal\u0161ie \u017erebovanie online Keno u\u017e nikdy nebudete musie\u0165 dlho \u010daka\u0165!\",\"breadcrumb\":{\"@id\":\"https:\/\/redfoxlotto.com\/sk\/keno\/diamantovy-keno-10m\/#breadcrumb\"},\"inLanguage\":\"sk-SK\",\"potentialAction\":[{\"@type\":\"ReadAction\",\"target\":[\"https:\/\/redfoxlotto.com\/sk\/keno\/diamantovy-keno-10m\/\"]}]},{\"@type\":\"BreadcrumbList\",\"@id\":\"https:\/\/redfoxlotto.com\/sk\/keno\/diamantovy-keno-10m\/#breadcrumb\",\"itemListElement\":[{\"@type\":\"ListItem\",\"position\":1,\"name\":\"Home\",\"item\":\"https:\/\/redfoxlotto.com\/sk\/\"},{\"@type\":\"ListItem\",\"position\":2,\"name\":\"Keno\",\"item\":\"https:\/\/redfoxlotto.com\/sk\/keno\/\"},{\"@type\":\"ListItem\",\"position\":3,\"name\":\"Diamantov\u00fd keno 10m\"}]},{\"@type\":\"WebSite\",\"@id\":\"https:\/\/redfoxlotto.com\/sk\/#website\",\"url\":\"https:\/\/redfoxlotto.com\/sk\/\",\"name\":\"Get Tickets for the World\u2019s largest jackpots\",\"description\":\"Participate in worldwide lottery jackpots from any country\",\"publisher\":{\"@id\":\"https:\/\/redfoxlotto.com\/sk\/#organization\"},\"potentialAction\":[{\"@type\":\"SearchAction\",\"target\":{\"@type\":\"EntryPoint\",\"urlTemplate\":\"https:\/\/redfoxlotto.com\/sk\/?s={search_term_string}\"},\"query-input\":{\"@type\":\"PropertyValueSpecification\",\"valueRequired\":true,\"valueName\":\"search_term_string\"}}],\"inLanguage\":\"sk-SK\"},{\"@type\":\"Organization\",\"@id\":\"https:\/\/redfoxlotto.com\/sk\/#organization\",\"name\":\"Get Tickets for the World\u2019s largest jackpots\",\"url\":\"https:\/\/redfoxlotto.com\/sk\/\",\"logo\":{\"@type\":\"ImageObject\",\"inLanguage\":\"sk-SK\",\"@id\":\"https:\/\/redfoxlotto.com\/sk\/#\/schema\/logo\/image\/\",\"url\":\"https:\/\/redfoxlotto.com\/wp-content\/uploads\/2023\/04\/logo.png\",\"contentUrl\":\"https:\/\/redfoxlotto.com\/wp-content\/uploads\/2023\/04\/logo.png\",\"width\":269,\"height\":53,\"caption\":\"Get Tickets for the World\u2019s largest jackpots\"},\"image\":{\"@id\":\"https:\/\/redfoxlotto.com\/sk\/#\/schema\/logo\/image\/\"}}]}<\/script>\n<!-- \/ Yoast SEO plugin. -->","yoast_head_json":{"title":"Najlep\u0161ie online hry Keno - Keno za 10 mili\u00f3nov eur","description":"N\u00e1jdite si tu najlep\u0161ie online hry Keno s hlavn\u00fdmi v\u00fdhrami a\u017e do v\u00fd\u0161ky 10 mili\u00f3nov eur. Na \u010fal\u0161ie \u017erebovanie online Keno u\u017e nikdy nebudete musie\u0165 dlho \u010daka\u0165!","robots":{"index":"index","follow":"follow","max-snippet":"max-snippet:-1","max-image-preview":"max-image-preview:large","max-video-preview":"max-video-preview:-1"},"canonical":"https:\/\/redfoxlotto.com\/sk\/keno\/diamantovy-keno-10m\/","og_locale":"sk_SK","og_type":"article","og_title":"Najlep\u0161ie online hry Keno - Keno za 10 mili\u00f3nov eur","og_description":"N\u00e1jdite si tu najlep\u0161ie online hry Keno s hlavn\u00fdmi v\u00fdhrami a\u017e do v\u00fd\u0161ky 10 mili\u00f3nov eur. Na \u010fal\u0161ie \u017erebovanie online Keno u\u017e nikdy nebudete musie\u0165 dlho \u010daka\u0165!","og_url":"https:\/\/redfoxlotto.com\/sk\/keno\/diamantovy-keno-10m\/","og_site_name":"Get Tickets for the World\u2019s largest jackpots","article_modified_time":"2025-05-15T07:12:08+00:00","twitter_card":"summary_large_image","twitter_misc":{"Predpokladan\u00fd \u010das \u010d\u00edtania":"1 min\u00fata"},"schema":{"@context":"https:\/\/schema.org","@graph":[{"@type":"WebPage","@id":"https:\/\/redfoxlotto.com\/sk\/keno\/diamantovy-keno-10m\/","url":"https:\/\/redfoxlotto.com\/sk\/keno\/diamantovy-keno-10m\/","name":"Najlep\u0161ie online hry Keno - Keno za 10 mili\u00f3nov eur","isPartOf":{"@id":"https:\/\/redfoxlotto.com\/sk\/#website"},"datePublished":"2025-02-12T11:18:17+00:00","dateModified":"2025-05-15T07:12:08+00:00","description":"N\u00e1jdite si tu najlep\u0161ie online hry Keno s hlavn\u00fdmi v\u00fdhrami a\u017e do v\u00fd\u0161ky 10 mili\u00f3nov eur. Na \u010fal\u0161ie \u017erebovanie online Keno u\u017e nikdy nebudete musie\u0165 dlho \u010daka\u0165!","breadcrumb":{"@id":"https:\/\/redfoxlotto.com\/sk\/keno\/diamantovy-keno-10m\/#breadcrumb"},"inLanguage":"sk-SK","potentialAction":[{"@type":"ReadAction","target":["https:\/\/redfoxlotto.com\/sk\/keno\/diamantovy-keno-10m\/"]}]},{"@type":"BreadcrumbList","@id":"https:\/\/redfoxlotto.com\/sk\/keno\/diamantovy-keno-10m\/#breadcrumb","itemListElement":[{"@type":"ListItem","position":1,"name":"Home","item":"https:\/\/redfoxlotto.com\/sk\/"},{"@type":"ListItem","position":2,"name":"Keno","item":"https:\/\/redfoxlotto.com\/sk\/keno\/"},{"@type":"ListItem","position":3,"name":"Diamantov\u00fd keno 10m"}]},{"@type":"WebSite","@id":"https:\/\/redfoxlotto.com\/sk\/#website","url":"https:\/\/redfoxlotto.com\/sk\/","name":"Get Tickets for the World\u2019s largest jackpots","description":"Participate in worldwide lottery jackpots from any country","publisher":{"@id":"https:\/\/redfoxlotto.com\/sk\/#organization"},"potentialAction":[{"@type":"SearchAction","target":{"@type":"EntryPoint","urlTemplate":"https:\/\/redfoxlotto.com\/sk\/?s={search_term_string}"},"query-input":{"@type":"PropertyValueSpecification","valueRequired":true,"valueName":"search_term_string"}}],"inLanguage":"sk-SK"},{"@type":"Organization","@id":"https:\/\/redfoxlotto.com\/sk\/#organization","name":"Get Tickets for the World\u2019s largest jackpots","url":"https:\/\/redfoxlotto.com\/sk\/","logo":{"@type":"ImageObject","inLanguage":"sk-SK","@id":"https:\/\/redfoxlotto.com\/sk\/#\/schema\/logo\/image\/","url":"https:\/\/redfoxlotto.com\/wp-content\/uploads\/2023\/04\/logo.png","contentUrl":"https:\/\/redfoxlotto.com\/wp-content\/uploads\/2023\/04\/logo.png","width":269,"height":53,"caption":"Get Tickets for the World\u2019s largest jackpots"},"image":{"@id":"https:\/\/redfoxlotto.com\/sk\/#\/schema\/logo\/image\/"}}]}},"_links":{"self":[{"href":"https:\/\/redfoxlotto.com\/sk\/wp-json\/wp\/v2\/pages\/86880","targetHints":{"allow":["GET"]}}],"collection":[{"href":"https:\/\/redfoxlotto.com\/sk\/wp-json\/wp\/v2\/pages"}],"about":[{"href":"https:\/\/redfoxlotto.com\/sk\/wp-json\/wp\/v2\/types\/page"}],"author":[{"embeddable":true,"href":"https:\/\/redfoxlotto.com\/sk\/wp-json\/wp\/v2\/users\/8"}],"replies":[{"embeddable":true,"href":"https:\/\/redfoxlotto.com\/sk\/wp-json\/wp\/v2\/comments?post=86880"}],"version-history":[{"count":0,"href":"https:\/\/redfoxlotto.com\/sk\/wp-json\/wp\/v2\/pages\/86880\/revisions"}],"up":[{"embeddable":true,"href":"https:\/\/redfoxlotto.com\/sk\/wp-json\/wp\/v2\/pages\/84437"}],"wp:attachment":[{"href":"https:\/\/redfoxlotto.com\/sk\/wp-json\/wp\/v2\/media?parent=86880"}],"curies":[{"name":"wp","href":"https:\/\/api.w.org\/{rel}","templated":true}]}}