{"id":85571,"date":"2025-02-25T17:29:04","date_gmt":"2025-02-25T17:29:04","guid":{"rendered":"https:\/\/redfoxlotto.com\/?page_id=85571"},"modified":"2025-04-21T07:58:16","modified_gmt":"2025-04-21T07:58:16","slug":"new-york-loterie-vysledky","status":"publish","type":"page","link":"https:\/\/redfoxlotto.com\/sk\/vysledky\/new-york-loterie-vysledky\/","title":{"rendered":"New York lot\u00e9rie V\u00fdsledky"},"content":{"rendered":"<h2>\ud83d\uddfdNajnov\u0161ie v\u00fdsledky z New York lot\u00e9rie kreslenie.<\/h2>\n<p><img loading=\"lazy\" decoding=\"async\" class=\"size-full wp-image-48546 alignright\" src=\"https:\/\/redfoxlotto.com\/wp-content\/uploads\/2023\/04\/powerball-draw-youtube1-300x300-1.jpg\" alt=\"newyork lotto \" width=\"300\" height=\"300\" srcset=\"https:\/\/redfoxlotto.com\/wp-content\/uploads\/2023\/04\/powerball-draw-youtube1-300x300-1.jpg 300w, https:\/\/redfoxlotto.com\/wp-content\/uploads\/2023\/04\/powerball-draw-youtube1-300x300-1-100x100.jpg 100w, https:\/\/redfoxlotto.com\/wp-content\/uploads\/2023\/04\/powerball-draw-youtube1-300x300-1-150x150.jpg 150w\" sizes=\"auto, (max-width: 300px) 100vw, 300px\" \/><br \/>\nHr\u00e1\u010di lot\u00e9rie, ktor\u00ed maj\u00fa z\u00e1ujem o najaktu\u00e1lnej\u0161ie v\u00fdsledky lot\u00e9rie New York Lottery, m\u00f4\u017eu vyu\u017ei\u0165 platformu RedFoxLotto, ktor\u00e1 je nielen komplexn\u00e1, ale aj jednoduch\u00e1 na pou\u017e\u00edvanie. Aby ste mali v\u017edy aktu\u00e1lne inform\u00e1cie, RedFoxLotto v\u00e1m poskytuje najnov\u0161ie inform\u00e1cie bez oh\u013eadu na to, \u010di sa pozer\u00e1te na posledn\u00e9 \u017erebovanie alebo na \u010d\u00edseln\u00e9 kombin\u00e1cie, ktor\u00e9 vyhrali v minulosti.<\/p>\n<h2>\ud83d\udd0dUmo\u017enenie pr\u00edstupu k najnov\u0161\u00edm objavom<\/h2>\n<p>Webov\u00e1 str\u00e1nka RedFoxLotto je zodpovedn\u00e1 za udr\u017eiavanie str\u00e1nky, ktor\u00e1 je venovan\u00e1 v\u00fdlu\u010dne v\u00fdsledkom lot\u00e9rie New York. Pou\u017e\u00edvatelia bud\u00fa m\u00f4c\u0165 t\u00fato str\u00e1nku vyu\u017ei\u0165 na z\u00edskanie v\u00fdhern\u00fdch \u010d\u00edsel z posledn\u00fdch uskuto\u010dnen\u00fdch \u017erebovan\u00ed. V\u010faka tomu maj\u00fa hr\u00e1\u010di pr\u00edstup ku v\u0161etk\u00fdm relevantn\u00fdm inform\u00e1ci\u00e1m na dosah ruky, preto\u017ee im poskytuje d\u00f4kladn\u00e9 inform\u00e1cie o viacer\u00fdch hr\u00e1ch t\u00fdm, \u017ee im tieto inform\u00e1cie poskytuje.<\/p>\n<h2>Charakteristika a v\u00fdhody produktu<\/h2>\n<h3>Kompletn\u00e9 zbierky arch\u00edvov:<\/h3>\n<p>Pou\u017e\u00edvatelia RedFoxLotto z\u00edskaj\u00fa okrem najnov\u0161\u00edch v\u00fdsledkov lot\u00e9rie aj pr\u00edstup k arch\u00edvu predch\u00e1dzaj\u00facich v\u00fdhern\u00fdch \u010d\u00edsel. Pou\u017e\u00edvatelia m\u00f4\u017eu pomocou tohto arch\u00edvu sk\u00fama\u0165 z\u00e1konitosti alebo kontrolova\u0165 v\u00fdsledky predch\u00e1dzaj\u00facich v\u00fdhern\u00fdch \u010d\u00edsel.<\/p>\n<p>Hr\u00e1\u010di z cel\u00e9ho sveta sa m\u00f4\u017eu z\u00fa\u010dastni\u0165 na lot\u00e9rii New York vyu\u017eit\u00edm platformy, ktor\u00fa poskytuje RedFoxLotto.com. T\u00e1to dostupnos\u0165 umo\u017e\u0148uje \u00fa\u010das\u0165 hr\u00e1\u010dov z cel\u00e9ho sveta. V\u010faka tomu je pre jednotlivcov z in\u00fdch kraj\u00edn ove\u013ea jednoduch\u0161ie z\u00fa\u010dast\u0148ova\u0165 sa lot\u00e9ri\u00ed, ktor\u00e9 sa konaj\u00fa v Spojen\u00fdch \u0161t\u00e1toch.<\/p>\n<p>Zabezpe\u010den\u00e9 transakcie RedFoxLotto zaru\u010duj\u00fa bezpe\u010dnos\u0165 v\u0161etk\u00fdch finan\u010dn\u00fdch transakci\u00ed a umo\u017e\u0148uj\u00fa pou\u017e\u00edvate\u013eom nakupova\u0165 tikety online bez ak\u00fdchko\u013evek ob\u00e1v. To umo\u017enilo pou\u017e\u00edvate\u013eom nakupova\u0165 tikety online.<\/p>\n<h3>Upozornenia, ktor\u00e9 sa generuj\u00fa automaticky:<\/h3>\n<p>V pr\u00edpade, \u017ee je pou\u017e\u00edvate\u013e \u00faspe\u0161n\u00fd, bude okam\u017eite upozornen\u00fd, \u010do zni\u017euje po\u017eiadavku, aby jednotlivec ru\u010dne overoval v\u00fdsledky.<\/p>\n<h2>Za\u010diatok: V s\u00fa\u010dasnosti je mo\u017en\u00e9 vyu\u017ei\u0165 v\u0161etky mo\u017enosti, ktor\u00e9 v\u00e1m pon\u00faka syst\u00e9m: Sprievodca krok za krokom<\/h2>\n<p>Za predpokladu, \u017ee nav\u0161t\u00edvite webov\u00fa str\u00e1nku, prejdite na str\u00e1nku lot\u00e9rie New York na RedFoxLotto pod\u013ea uveden\u00e9ho odkazu. https:\/\/redfoxlotto.com\/results\/new-york-lottery\/<\/p>\n<p>Ak si chcete vytvori\u0165 pou\u017e\u00edvate\u013esk\u00e9 konto, registr\u00e1ciou z\u00edskate pr\u00edstup ku v\u0161etk\u00fdm slu\u017eb\u00e1m vr\u00e1tane mo\u017enost\u00ed n\u00e1kupu tiketov a prij\u00edmania ozn\u00e1men\u00ed o v\u00fdsledkoch.<\/p>\n<p>Na \u00fa\u010dely n\u00e1kupu tiketov pre nadch\u00e1dzaj\u00face \u017erebovania si m\u00f4\u017eete vybra\u0165 preferovan\u00e9 \u010d\u00edsla alebo vyu\u017ei\u0165 mo\u017enos\u0165 r\u00fdchleho v\u00fdberu. Okrem toho m\u00e1te mo\u017enos\u0165 vybra\u0165 si mo\u017enos\u0165 r\u00fdchleho v\u00fdberu.<\/p>\n<p>Po uskuto\u010dnen\u00ed \u017erebovania by ste sa mali vr\u00e1ti\u0165 na webov\u00fa str\u00e1nku, aby ste si overili najaktu\u00e1lnej\u0161ie v\u00fdhern\u00e9 \u010d\u00edsla a rozhodli sa, \u010di ste sa stali v\u00fdhercom.<\/p>\n<p>Poskytnut\u00edm spo\u013eahliv\u00e9ho a \u00fa\u010dinn\u00e9ho prostriedku na sledovanie najnov\u0161\u00edch v\u00fdsledkov a na spr\u00e1vu va\u0161ich \u010dinnost\u00ed s\u00favisiacich s lot\u00e9riou RedFoxLotto zjednodu\u0161uje proces \u00fa\u010dasti v lot\u00e9rii New York.<\/p>\n","protected":false},"excerpt":{"rendered":"<p>\ud83d\uddfdNajnov\u0161ie v\u00fdsledky z New York lot\u00e9rie kreslenie. Hr\u00e1\u010di lot\u00e9rie, ktor\u00ed maj\u00fa z\u00e1ujem o najaktu\u00e1lnej\u0161ie v\u00fdsledky lot\u00e9rie New York Lottery, m\u00f4\u017eu vyu\u017ei\u0165 platformu RedFoxLotto, ktor\u00e1 je nielen komplexn\u00e1, ale aj jednoduch\u00e1 na pou\u017e\u00edvanie. Aby ste mali v\u017edy aktu\u00e1lne inform\u00e1cie, RedFoxLotto v\u00e1m poskytuje najnov\u0161ie inform\u00e1cie bez oh\u013eadu na to, \u010di sa pozer\u00e1te na posledn\u00e9 \u017erebovanie alebo na [&hellip;]<\/p>\n","protected":false},"author":8,"featured_media":0,"parent":10260,"menu_order":18,"comment_status":"closed","ping_status":"closed","template":"newyork-results.php","meta":{"_et_pb_use_builder":"","_et_pb_old_content":"","_et_gb_content_width":"","exclude_from_search":false,"footnotes":""},"class_list":["post-85571","page","type-page","status-publish","hentry"],"yoast_head":"<!-- This site is optimized with the Yoast SEO plugin v23.8 - https:\/\/yoast.com\/wordpress\/plugins\/seo\/ -->\n<title>V\u00ed\u0165azn\u00e9 \u010d\u00edsla lot\u00e9rie New York | V\u00fdsledky lot\u00e9rie New York z minulej noci<\/title>\n<meta name=\"description\" content=\"Ak h\u013ead\u00e1te v\u010deraj\u0161ie v\u00ed\u0165azn\u00e9 \u010d\u00edsla lot\u00e9rie New York Lottery alebo star\u0161ie v\u00fdsledky, v\u0161etky ich n\u00e1jdete na na\u0161ej webovej str\u00e1nke\" \/>\n<meta name=\"robots\" content=\"index, follow, max-snippet:-1, max-image-preview:large, max-video-preview:-1\" \/>\n<link rel=\"canonical\" href=\"https:\/\/redfoxlotto.com\/sk\/vysledky\/new-york-loterie-vysledky\/\" \/>\n<meta property=\"og:locale\" content=\"sk_SK\" \/>\n<meta property=\"og:type\" content=\"article\" \/>\n<meta property=\"og:title\" content=\"V\u00ed\u0165azn\u00e9 \u010d\u00edsla lot\u00e9rie New York | V\u00fdsledky lot\u00e9rie New York z minulej noci\" \/>\n<meta property=\"og:description\" content=\"Ak h\u013ead\u00e1te v\u010deraj\u0161ie v\u00ed\u0165azn\u00e9 \u010d\u00edsla lot\u00e9rie New York Lottery alebo star\u0161ie v\u00fdsledky, v\u0161etky ich n\u00e1jdete na na\u0161ej webovej str\u00e1nke\" \/>\n<meta property=\"og:url\" content=\"https:\/\/redfoxlotto.com\/sk\/vysledky\/new-york-loterie-vysledky\/\" \/>\n<meta property=\"og:site_name\" content=\"Get Tickets for the World\u2019s largest jackpots\" \/>\n<meta property=\"article:modified_time\" content=\"2025-04-21T07:58:16+00:00\" \/>\n<meta property=\"og:image\" content=\"https:\/\/redfoxlotto.com\/wp-content\/uploads\/2023\/04\/powerball-draw-youtube1-300x300-1.jpg\" \/>\n<meta name=\"twitter:card\" content=\"summary_large_image\" \/>\n<meta name=\"twitter:label1\" content=\"Predpokladan\u00fd \u010das \u010d\u00edtania\" \/>\n\t<meta name=\"twitter:data1\" content=\"2 min\u00faty\" \/>\n<script type=\"application\/ld+json\" class=\"yoast-schema-graph\">{\"@context\":\"https:\/\/schema.org\",\"@graph\":[{\"@type\":\"WebPage\",\"@id\":\"https:\/\/redfoxlotto.com\/sk\/vysledky\/new-york-loterie-vysledky\/\",\"url\":\"https:\/\/redfoxlotto.com\/sk\/vysledky\/new-york-loterie-vysledky\/\",\"name\":\"V\u00ed\u0165azn\u00e9 \u010d\u00edsla lot\u00e9rie New York | V\u00fdsledky lot\u00e9rie New York z minulej noci\",\"isPartOf\":{\"@id\":\"https:\/\/redfoxlotto.com\/sk\/#website\"},\"primaryImageOfPage\":{\"@id\":\"https:\/\/redfoxlotto.com\/sk\/vysledky\/new-york-loterie-vysledky\/#primaryimage\"},\"image\":{\"@id\":\"https:\/\/redfoxlotto.com\/sk\/vysledky\/new-york-loterie-vysledky\/#primaryimage\"},\"thumbnailUrl\":\"https:\/\/redfoxlotto.com\/wp-content\/uploads\/2023\/04\/powerball-draw-youtube1-300x300-1.jpg\",\"datePublished\":\"2025-02-25T17:29:04+00:00\",\"dateModified\":\"2025-04-21T07:58:16+00:00\",\"description\":\"Ak h\u013ead\u00e1te v\u010deraj\u0161ie v\u00ed\u0165azn\u00e9 \u010d\u00edsla lot\u00e9rie New York Lottery alebo star\u0161ie v\u00fdsledky, v\u0161etky ich n\u00e1jdete na na\u0161ej webovej str\u00e1nke\",\"breadcrumb\":{\"@id\":\"https:\/\/redfoxlotto.com\/sk\/vysledky\/new-york-loterie-vysledky\/#breadcrumb\"},\"inLanguage\":\"sk-SK\",\"potentialAction\":[{\"@type\":\"ReadAction\",\"target\":[\"https:\/\/redfoxlotto.com\/sk\/vysledky\/new-york-loterie-vysledky\/\"]}]},{\"@type\":\"ImageObject\",\"inLanguage\":\"sk-SK\",\"@id\":\"https:\/\/redfoxlotto.com\/sk\/vysledky\/new-york-loterie-vysledky\/#primaryimage\",\"url\":\"https:\/\/redfoxlotto.com\/wp-content\/uploads\/2023\/04\/powerball-draw-youtube1-300x300-1.jpg\",\"contentUrl\":\"https:\/\/redfoxlotto.com\/wp-content\/uploads\/2023\/04\/powerball-draw-youtube1-300x300-1.jpg\"},{\"@type\":\"BreadcrumbList\",\"@id\":\"https:\/\/redfoxlotto.com\/sk\/vysledky\/new-york-loterie-vysledky\/#breadcrumb\",\"itemListElement\":[{\"@type\":\"ListItem\",\"position\":1,\"name\":\"Home\",\"item\":\"https:\/\/redfoxlotto.com\/sk\/\"},{\"@type\":\"ListItem\",\"position\":2,\"name\":\"V\u00fdsledky medzin\u00e1rodnej lot\u00e9rie\",\"item\":\"https:\/\/redfoxlotto.com\/sk\/vysledky\/\"},{\"@type\":\"ListItem\",\"position\":3,\"name\":\"New York lot\u00e9rie V\u00fdsledky\"}]},{\"@type\":\"WebSite\",\"@id\":\"https:\/\/redfoxlotto.com\/sk\/#website\",\"url\":\"https:\/\/redfoxlotto.com\/sk\/\",\"name\":\"Get Tickets for the World\u2019s largest jackpots\",\"description\":\"Participate in worldwide lottery jackpots from any country\",\"publisher\":{\"@id\":\"https:\/\/redfoxlotto.com\/sk\/#organization\"},\"potentialAction\":[{\"@type\":\"SearchAction\",\"target\":{\"@type\":\"EntryPoint\",\"urlTemplate\":\"https:\/\/redfoxlotto.com\/sk\/?s={search_term_string}\"},\"query-input\":{\"@type\":\"PropertyValueSpecification\",\"valueRequired\":true,\"valueName\":\"search_term_string\"}}],\"inLanguage\":\"sk-SK\"},{\"@type\":\"Organization\",\"@id\":\"https:\/\/redfoxlotto.com\/sk\/#organization\",\"name\":\"Get Tickets for the World\u2019s largest jackpots\",\"url\":\"https:\/\/redfoxlotto.com\/sk\/\",\"logo\":{\"@type\":\"ImageObject\",\"inLanguage\":\"sk-SK\",\"@id\":\"https:\/\/redfoxlotto.com\/sk\/#\/schema\/logo\/image\/\",\"url\":\"https:\/\/redfoxlotto.com\/wp-content\/uploads\/2023\/04\/logo.png\",\"contentUrl\":\"https:\/\/redfoxlotto.com\/wp-content\/uploads\/2023\/04\/logo.png\",\"width\":269,\"height\":53,\"caption\":\"Get Tickets for the World\u2019s largest jackpots\"},\"image\":{\"@id\":\"https:\/\/redfoxlotto.com\/sk\/#\/schema\/logo\/image\/\"}}]}<\/script>\n<!-- \/ Yoast SEO plugin. -->","yoast_head_json":{"title":"V\u00ed\u0165azn\u00e9 \u010d\u00edsla lot\u00e9rie New York | V\u00fdsledky lot\u00e9rie New York z minulej noci","description":"Ak h\u013ead\u00e1te v\u010deraj\u0161ie v\u00ed\u0165azn\u00e9 \u010d\u00edsla lot\u00e9rie New York Lottery alebo star\u0161ie v\u00fdsledky, v\u0161etky ich n\u00e1jdete na na\u0161ej webovej str\u00e1nke","robots":{"index":"index","follow":"follow","max-snippet":"max-snippet:-1","max-image-preview":"max-image-preview:large","max-video-preview":"max-video-preview:-1"},"canonical":"https:\/\/redfoxlotto.com\/sk\/vysledky\/new-york-loterie-vysledky\/","og_locale":"sk_SK","og_type":"article","og_title":"V\u00ed\u0165azn\u00e9 \u010d\u00edsla lot\u00e9rie New York | V\u00fdsledky lot\u00e9rie New York z minulej noci","og_description":"Ak h\u013ead\u00e1te v\u010deraj\u0161ie v\u00ed\u0165azn\u00e9 \u010d\u00edsla lot\u00e9rie New York Lottery alebo star\u0161ie v\u00fdsledky, v\u0161etky ich n\u00e1jdete na na\u0161ej webovej str\u00e1nke","og_url":"https:\/\/redfoxlotto.com\/sk\/vysledky\/new-york-loterie-vysledky\/","og_site_name":"Get Tickets for the World\u2019s largest jackpots","article_modified_time":"2025-04-21T07:58:16+00:00","og_image":[{"url":"https:\/\/redfoxlotto.com\/wp-content\/uploads\/2023\/04\/powerball-draw-youtube1-300x300-1.jpg"}],"twitter_card":"summary_large_image","twitter_misc":{"Predpokladan\u00fd \u010das \u010d\u00edtania":"2 min\u00faty"},"schema":{"@context":"https:\/\/schema.org","@graph":[{"@type":"WebPage","@id":"https:\/\/redfoxlotto.com\/sk\/vysledky\/new-york-loterie-vysledky\/","url":"https:\/\/redfoxlotto.com\/sk\/vysledky\/new-york-loterie-vysledky\/","name":"V\u00ed\u0165azn\u00e9 \u010d\u00edsla lot\u00e9rie New York | V\u00fdsledky lot\u00e9rie New York z minulej noci","isPartOf":{"@id":"https:\/\/redfoxlotto.com\/sk\/#website"},"primaryImageOfPage":{"@id":"https:\/\/redfoxlotto.com\/sk\/vysledky\/new-york-loterie-vysledky\/#primaryimage"},"image":{"@id":"https:\/\/redfoxlotto.com\/sk\/vysledky\/new-york-loterie-vysledky\/#primaryimage"},"thumbnailUrl":"https:\/\/redfoxlotto.com\/wp-content\/uploads\/2023\/04\/powerball-draw-youtube1-300x300-1.jpg","datePublished":"2025-02-25T17:29:04+00:00","dateModified":"2025-04-21T07:58:16+00:00","description":"Ak h\u013ead\u00e1te v\u010deraj\u0161ie v\u00ed\u0165azn\u00e9 \u010d\u00edsla lot\u00e9rie New York Lottery alebo star\u0161ie v\u00fdsledky, v\u0161etky ich n\u00e1jdete na na\u0161ej webovej str\u00e1nke","breadcrumb":{"@id":"https:\/\/redfoxlotto.com\/sk\/vysledky\/new-york-loterie-vysledky\/#breadcrumb"},"inLanguage":"sk-SK","potentialAction":[{"@type":"ReadAction","target":["https:\/\/redfoxlotto.com\/sk\/vysledky\/new-york-loterie-vysledky\/"]}]},{"@type":"ImageObject","inLanguage":"sk-SK","@id":"https:\/\/redfoxlotto.com\/sk\/vysledky\/new-york-loterie-vysledky\/#primaryimage","url":"https:\/\/redfoxlotto.com\/wp-content\/uploads\/2023\/04\/powerball-draw-youtube1-300x300-1.jpg","contentUrl":"https:\/\/redfoxlotto.com\/wp-content\/uploads\/2023\/04\/powerball-draw-youtube1-300x300-1.jpg"},{"@type":"BreadcrumbList","@id":"https:\/\/redfoxlotto.com\/sk\/vysledky\/new-york-loterie-vysledky\/#breadcrumb","itemListElement":[{"@type":"ListItem","position":1,"name":"Home","item":"https:\/\/redfoxlotto.com\/sk\/"},{"@type":"ListItem","position":2,"name":"V\u00fdsledky medzin\u00e1rodnej lot\u00e9rie","item":"https:\/\/redfoxlotto.com\/sk\/vysledky\/"},{"@type":"ListItem","position":3,"name":"New York lot\u00e9rie V\u00fdsledky"}]},{"@type":"WebSite","@id":"https:\/\/redfoxlotto.com\/sk\/#website","url":"https:\/\/redfoxlotto.com\/sk\/","name":"Get Tickets for the World\u2019s largest jackpots","description":"Participate in worldwide lottery jackpots from any country","publisher":{"@id":"https:\/\/redfoxlotto.com\/sk\/#organization"},"potentialAction":[{"@type":"SearchAction","target":{"@type":"EntryPoint","urlTemplate":"https:\/\/redfoxlotto.com\/sk\/?s={search_term_string}"},"query-input":{"@type":"PropertyValueSpecification","valueRequired":true,"valueName":"search_term_string"}}],"inLanguage":"sk-SK"},{"@type":"Organization","@id":"https:\/\/redfoxlotto.com\/sk\/#organization","name":"Get Tickets for the World\u2019s largest jackpots","url":"https:\/\/redfoxlotto.com\/sk\/","logo":{"@type":"ImageObject","inLanguage":"sk-SK","@id":"https:\/\/redfoxlotto.com\/sk\/#\/schema\/logo\/image\/","url":"https:\/\/redfoxlotto.com\/wp-content\/uploads\/2023\/04\/logo.png","contentUrl":"https:\/\/redfoxlotto.com\/wp-content\/uploads\/2023\/04\/logo.png","width":269,"height":53,"caption":"Get Tickets for the World\u2019s largest jackpots"},"image":{"@id":"https:\/\/redfoxlotto.com\/sk\/#\/schema\/logo\/image\/"}}]}},"_links":{"self":[{"href":"https:\/\/redfoxlotto.com\/sk\/wp-json\/wp\/v2\/pages\/85571","targetHints":{"allow":["GET"]}}],"collection":[{"href":"https:\/\/redfoxlotto.com\/sk\/wp-json\/wp\/v2\/pages"}],"about":[{"href":"https:\/\/redfoxlotto.com\/sk\/wp-json\/wp\/v2\/types\/page"}],"author":[{"embeddable":true,"href":"https:\/\/redfoxlotto.com\/sk\/wp-json\/wp\/v2\/users\/8"}],"replies":[{"embeddable":true,"href":"https:\/\/redfoxlotto.com\/sk\/wp-json\/wp\/v2\/comments?post=85571"}],"version-history":[{"count":0,"href":"https:\/\/redfoxlotto.com\/sk\/wp-json\/wp\/v2\/pages\/85571\/revisions"}],"up":[{"embeddable":true,"href":"https:\/\/redfoxlotto.com\/sk\/wp-json\/wp\/v2\/pages\/10260"}],"wp:attachment":[{"href":"https:\/\/redfoxlotto.com\/sk\/wp-json\/wp\/v2\/media?parent=85571"}],"curies":[{"name":"wp","href":"https:\/\/api.w.org\/{rel}","templated":true}]}}