{"id":85507,"date":"2025-02-25T17:25:31","date_gmt":"2025-02-25T17:25:31","guid":{"rendered":"https:\/\/redfoxlotto.com\/?page_id=85507"},"modified":"2025-04-21T06:57:27","modified_gmt":"2025-04-21T06:57:27","slug":"o-loterii-new-york","status":"publish","type":"page","link":"https:\/\/redfoxlotto.com\/sk\/loterie\/o-loterii-new-york\/","title":{"rendered":"O lot\u00e9rii New York"},"content":{"rendered":"<h2>Ako si k\u00fapi\u0165 New York lot\u00e9rie vstupenky<\/h2>\n<p>Sprievodca n\u00e1kupom vstupeniek pre New York lot\u00e9rie na RedFoxLotto:<\/p>\n<p>Pri hran\u00ed lot\u00e9rie New York ste niekedy sn\u00edvali o v\u00fdhre jackpotu, ktor\u00fd by mohol \u00faplne zmeni\u0165 v\u00e1\u0161 \u017eivot? \u00da\u010das\u0165 v medzin\u00e1rodn\u00fdch lot\u00e9ri\u00e1ch, ako je napr\u00edklad New York Lotto, nebola nikdy jednoduch\u0161ia ako na RedFoxLotto, aj ke\u010f sa nach\u00e1dzate mimo Spojen\u00fdch \u0161t\u00e1tov.<\/p>\n<p>V priebehu tohto pr\u00edspevku v\u00e1s v nieko\u013ek\u00fdch jednoduch\u00fdch krokoch prevedieme procesom n\u00e1kupu tiketov lot\u00e9rie New York od spolo\u010dnosti RedFoxLotto.<\/p>\n<h2>RedFoxLotto: \u010co to je?<\/h2>\n<p>M\u00f4\u017eete sa z\u00fa\u010dastni\u0165 ve\u013ek\u00fdch medzin\u00e1rodn\u00fdch lot\u00e9ri\u00ed s RedFoxLotto, \u010do je renomovan\u00e1 online lot\u00e9riov\u00e1 slu\u017eba. Medzi tieto lot\u00e9rie patria Powerball, Mega Millions, EuroMillions a samozrejme New York Lotto. Vykon\u00e1vaj\u00fa funkciu slu\u017eby posla tiketov, \u010do znamen\u00e1, \u017ee vo va\u0161om mene zak\u00fapia prav\u00fd tiket a potom ho naskenuj\u00fa do vami ur\u010den\u00e9ho online \u00fa\u010dtu.<\/p>\n<h3>RedFoxLotto: Sprievodca krok za krokom na n\u00e1kup tiketov pre lot\u00e9riov\u00fd program New York<\/h3>\n<p>1. Zaregistrujte sa. Prejdite na str\u00e1nku RedFoxLotto.com a za\u010dnite s procesom registr\u00e1cie. Kliknut\u00edm na tla\u010didlo \u201eZaregistrova\u0165 sa\u201c zadajte svoje z\u00e1kladn\u00e9 \u00fadaje, ako je va\u0161e meno, e-mailov\u00e1 adresa a krajina, v ktorej m\u00e1te v s\u00fa\u010dasnosti bydlisko.<\/p>\n<p>2. Potvr\u010fte, \u017ee v\u00e1\u0161 \u00fa\u010det je legit\u00edmny.<\/p>\n<p>Po dokon\u010den\u00ed procesu registr\u00e1cie n\u00e1jdete v doru\u010denej po\u0161te overovac\u00ed odkaz. Kliknut\u00edm na\u0148 m\u00f4\u017eete overi\u0165 svoje konto. Napriek tomu, \u017ee ide o jednoduch\u00fd krok, je nevyhnutn\u00fd pre bezpe\u010dnos\u0165 aj potenci\u00e1lne bud\u00face v\u00fdhry.<\/p>\n<p>3. Presk\u00famajte lot\u00e9rie<\/p>\n<p>Po \u00faspe\u0161nom prihl\u00e1sen\u00ed prejdite na domovsk\u00fa str\u00e1nku a medzi zoznamom dostupn\u00fdch lot\u00e9ri\u00ed vyh\u013eadajte New York Lotto. Kliknut\u00edm na \u0148u sa dozviete viac inform\u00e1ci\u00ed o najbli\u017e\u0161om \u017erebovan\u00ed, v\u00fd\u0161ke jackpotu a cene tiketov.<\/p>\n<p>4. Urobte si v\u00fdber \u010d\u00edsla<\/p>\n<p>Va\u0161ou \u00falohou bude vybra\u0165 \u0161es\u0165 \u010d\u00edsel od jedn\u00e9ho do \u0161es\u0165desiatdev\u00e4\u0165. M\u00e1te mo\u017enos\u0165 vybra\u0165 ich ru\u010dne alebo m\u00f4\u017eete pou\u017ei\u0165 mo\u017enos\u0165 R\u00fdchly v\u00fdber, aby v\u00e1m RedFoxLotto vygenerovalo n\u00e1hodn\u00e9 \u010d\u00edsla od nuly.<\/p>\n<h2>Prida\u0165 do ko\u0161\u00edka a prejs\u0165 na platbu<\/h2>\n<p>Hne\u010f ako si vyberiete \u010d\u00edsla, pridajte svoj tiket do n\u00e1kupn\u00e9ho ko\u0161\u00edka. Potom vst\u00fapte do pokladni\u010dnej z\u00f3ny. RedFoxLotto podporuje viacero mo\u017enost\u00ed platby, vr\u00e1tane nasleduj\u00facich:<\/p>\n<ul>\n<li>Kreditn\u00e9 a debetn\u00e9 karty<\/li>\n<li>Bankov\u00fd prevod<\/li>\n<li>Elektronick\u00e9 pe\u0148a\u017eenky, napr\u00edklad Skrill<\/li>\n<li>V niektor\u00fdch oblastiach sa vo ve\u013ekej miere pou\u017e\u00edva kryptomena.<\/li>\n<\/ul>\n<h2>Potvrdenie a skener tiketov<\/h2>\n<p>Okam\u017eite po spracovan\u00ed va\u0161ich pe\u0148az\u00ed vy\u0161le RedFoxLotto jedn\u00e9ho zo svojich miestnych agentov v Spojen\u00fdch \u0161t\u00e1toch, aby zak\u00fapil prav\u00fd los New York Lotto s \u010d\u00edslami, ktor\u00e9 ste si vybrali. Aby ste mali d\u00f4kaz o k\u00fape, na v\u00e1\u0161 \u00fa\u010det bude odoslan\u00fd sken v\u00e1\u0161ho tiketu.<\/p>\n<h2>\u010co sa stane, ak budete \u00faspe\u0161n\u00ed?<\/h2>\n<h3>Ak \u010d\u00edsla, ktor\u00e9 ste zadali, vyhraj\u00fa cenu:<\/h3>\n<p>Na v\u00e1\u0161 \u00fa\u010det RedFoxLotto bud\u00fa okam\u017eite prip\u00edsan\u00e9 v\u0161etky v\u00fdhry, ktor\u00e9 s\u00fa men\u0161ie a\u017e stredne ve\u013ek\u00e9. Ke\u010f ste vyhrali ve\u013ek\u00fd jackpot, t\u00edm RedFoxLotto v\u00e1s prevedie krokmi potrebn\u00fdmi na z\u00edskanie va\u0161ej v\u00fdhry. Va\u0161a cesta do Spojen\u00fdch \u0161t\u00e1tov m\u00f4\u017ee by\u0165 potrebn\u00e1 v z\u00e1vislosti od sumy a predpisov dan\u00e9ho \u0161t\u00e1tu.<\/p>\n<h2>Ak\u00e9 s\u00fa z\u00e1kony?<\/h2>\n<p>V skuto\u010dnosti. Spolo\u010dnos\u0165 RedFoxLotto nie je dod\u00e1vate\u013eom lot\u00e9rie; sk\u00f4r spravuje distrib\u00faciu \u017erebov. K\u00fapite si skuto\u010dn\u00fd fyzick\u00fd tiket prostredn\u00edctvom autorizovan\u00e9ho z\u00e1stupcu, \u010do zaru\u010duje, \u017ee v\u0161etko je leg\u00e1lne a transparentn\u00e9, aj ke\u010f hr\u00e1te z in\u00e9ho \u0161t\u00e1tu.<\/p>\n<h2>Pozn\u00e1mky na z\u00e1ver<\/h2>\n<p>Mo\u017enos\u0165 zak\u00fapi\u0165 si tikety lot\u00e9rie New York z ktor\u00e9hoko\u013evek miesta na svete u\u017e nie je nesplnite\u013en\u00fdm snom. Je to jednoduch\u00e9, bezpe\u010dn\u00e9 a pr\u00edstupn\u00e9 prostredn\u00edctvom RedFoxLotto. Sta\u010d\u00ed p\u00e1r kliknut\u00ed a m\u00f4\u017eete sa dosta\u0165 do hry o mili\u00f3ny dol\u00e1rov, pri\u010dom ani nemus\u00edte vyst\u00fapi\u0165 z auta a \u00eds\u0165 do New Yorku.<\/p>\n<p>Pre\u010do by sme teda mali \u010daka\u0165? Zaregistrujte sa hne\u010f, vyberte si svoje \u0161\u0165astn\u00e9 \u010d\u00edsla a pripravte sa na cestu za jackpotom!<\/p>\n","protected":false},"excerpt":{"rendered":"<p>Ako si k\u00fapi\u0165 New York lot\u00e9rie vstupenky Sprievodca n\u00e1kupom vstupeniek pre New York lot\u00e9rie na RedFoxLotto: Pri hran\u00ed lot\u00e9rie New York ste niekedy sn\u00edvali o v\u00fdhre jackpotu, ktor\u00fd by mohol \u00faplne zmeni\u0165 v\u00e1\u0161 \u017eivot? \u00da\u010das\u0165 v medzin\u00e1rodn\u00fdch lot\u00e9ri\u00e1ch, ako je napr\u00edklad New York Lotto, nebola nikdy jednoduch\u0161ia ako na RedFoxLotto, aj ke\u010f sa nach\u00e1dzate mimo [&hellip;]<\/p>\n","protected":false},"author":8,"featured_media":0,"parent":10252,"menu_order":18,"comment_status":"closed","ping_status":"closed","template":"newyork-info.php","meta":{"_et_pb_use_builder":"","_et_pb_old_content":"","_et_gb_content_width":"","exclude_from_search":false,"footnotes":""},"class_list":["post-85507","page","type-page","status-publish","hentry"],"yoast_head":"<!-- This site is optimized with the Yoast SEO plugin v23.8 - https:\/\/yoast.com\/wordpress\/plugins\/seo\/ -->\n<title>Ako k\u00fapi\u0165 losy lot\u00e9rie New York online zo Spojen\u00e9ho kr\u00e1\u013eovstva<\/title>\n<meta name=\"description\" content=\"K\u00fapte si tikety lot\u00e9rie New York tu - aj zo Spojen\u00e9ho kr\u00e1\u013eovstva sa m\u00f4\u017eete z\u00fa\u010dastni\u0165 lot\u00e9rie New York Lotto online a z\u00edska\u0165 naskenovan\u00fd tiket v priebehu nieko\u013ek\u00fdch min\u00fat.\" \/>\n<meta name=\"robots\" content=\"index, follow, max-snippet:-1, max-image-preview:large, max-video-preview:-1\" \/>\n<link rel=\"canonical\" href=\"https:\/\/redfoxlotto.com\/sk\/loterie\/o-loterii-new-york\/\" \/>\n<meta property=\"og:locale\" content=\"sk_SK\" \/>\n<meta property=\"og:type\" content=\"article\" \/>\n<meta property=\"og:title\" content=\"Ako k\u00fapi\u0165 losy lot\u00e9rie New York online zo Spojen\u00e9ho kr\u00e1\u013eovstva\" \/>\n<meta property=\"og:description\" content=\"K\u00fapte si tikety lot\u00e9rie New York tu - aj zo Spojen\u00e9ho kr\u00e1\u013eovstva sa m\u00f4\u017eete z\u00fa\u010dastni\u0165 lot\u00e9rie New York Lotto online a z\u00edska\u0165 naskenovan\u00fd tiket v priebehu nieko\u013ek\u00fdch min\u00fat.\" \/>\n<meta property=\"og:url\" content=\"https:\/\/redfoxlotto.com\/sk\/loterie\/o-loterii-new-york\/\" \/>\n<meta property=\"og:site_name\" content=\"Get Tickets for the World\u2019s largest jackpots\" \/>\n<meta property=\"article:modified_time\" content=\"2025-04-21T06:57:27+00:00\" \/>\n<meta name=\"twitter:card\" content=\"summary_large_image\" \/>\n<meta name=\"twitter:label1\" content=\"Predpokladan\u00fd \u010das \u010d\u00edtania\" \/>\n\t<meta name=\"twitter:data1\" content=\"3 min\u00faty\" \/>\n<script type=\"application\/ld+json\" class=\"yoast-schema-graph\">{\"@context\":\"https:\/\/schema.org\",\"@graph\":[{\"@type\":\"WebPage\",\"@id\":\"https:\/\/redfoxlotto.com\/sk\/loterie\/o-loterii-new-york\/\",\"url\":\"https:\/\/redfoxlotto.com\/sk\/loterie\/o-loterii-new-york\/\",\"name\":\"Ako k\u00fapi\u0165 losy lot\u00e9rie New York online zo Spojen\u00e9ho kr\u00e1\u013eovstva\",\"isPartOf\":{\"@id\":\"https:\/\/redfoxlotto.com\/sk\/#website\"},\"datePublished\":\"2025-02-25T17:25:31+00:00\",\"dateModified\":\"2025-04-21T06:57:27+00:00\",\"description\":\"K\u00fapte si tikety lot\u00e9rie New York tu - aj zo Spojen\u00e9ho kr\u00e1\u013eovstva sa m\u00f4\u017eete z\u00fa\u010dastni\u0165 lot\u00e9rie New York Lotto online a z\u00edska\u0165 naskenovan\u00fd tiket v priebehu nieko\u013ek\u00fdch min\u00fat.\",\"breadcrumb\":{\"@id\":\"https:\/\/redfoxlotto.com\/sk\/loterie\/o-loterii-new-york\/#breadcrumb\"},\"inLanguage\":\"sk-SK\",\"potentialAction\":[{\"@type\":\"ReadAction\",\"target\":[\"https:\/\/redfoxlotto.com\/sk\/loterie\/o-loterii-new-york\/\"]}]},{\"@type\":\"BreadcrumbList\",\"@id\":\"https:\/\/redfoxlotto.com\/sk\/loterie\/o-loterii-new-york\/#breadcrumb\",\"itemListElement\":[{\"@type\":\"ListItem\",\"position\":1,\"name\":\"Home\",\"item\":\"https:\/\/redfoxlotto.com\/sk\/\"},{\"@type\":\"ListItem\",\"position\":2,\"name\":\"Ako k\u00fapi\u0165 online lot\u00e9riov\u00e9 l\u00edstky &#8211; proces n\u00e1kupu\",\"item\":\"https:\/\/redfoxlotto.com\/sk\/loterie\/\"},{\"@type\":\"ListItem\",\"position\":3,\"name\":\"O lot\u00e9rii New York\"}]},{\"@type\":\"WebSite\",\"@id\":\"https:\/\/redfoxlotto.com\/sk\/#website\",\"url\":\"https:\/\/redfoxlotto.com\/sk\/\",\"name\":\"Get Tickets for the World\u2019s largest jackpots\",\"description\":\"Participate in worldwide lottery jackpots from any country\",\"publisher\":{\"@id\":\"https:\/\/redfoxlotto.com\/sk\/#organization\"},\"potentialAction\":[{\"@type\":\"SearchAction\",\"target\":{\"@type\":\"EntryPoint\",\"urlTemplate\":\"https:\/\/redfoxlotto.com\/sk\/?s={search_term_string}\"},\"query-input\":{\"@type\":\"PropertyValueSpecification\",\"valueRequired\":true,\"valueName\":\"search_term_string\"}}],\"inLanguage\":\"sk-SK\"},{\"@type\":\"Organization\",\"@id\":\"https:\/\/redfoxlotto.com\/sk\/#organization\",\"name\":\"Get Tickets for the World\u2019s largest jackpots\",\"url\":\"https:\/\/redfoxlotto.com\/sk\/\",\"logo\":{\"@type\":\"ImageObject\",\"inLanguage\":\"sk-SK\",\"@id\":\"https:\/\/redfoxlotto.com\/sk\/#\/schema\/logo\/image\/\",\"url\":\"https:\/\/redfoxlotto.com\/wp-content\/uploads\/2023\/04\/logo.png\",\"contentUrl\":\"https:\/\/redfoxlotto.com\/wp-content\/uploads\/2023\/04\/logo.png\",\"width\":269,\"height\":53,\"caption\":\"Get Tickets for the World\u2019s largest jackpots\"},\"image\":{\"@id\":\"https:\/\/redfoxlotto.com\/sk\/#\/schema\/logo\/image\/\"}}]}<\/script>\n<!-- \/ Yoast SEO plugin. -->","yoast_head_json":{"title":"Ako k\u00fapi\u0165 losy lot\u00e9rie New York online zo Spojen\u00e9ho kr\u00e1\u013eovstva","description":"K\u00fapte si tikety lot\u00e9rie New York tu - aj zo Spojen\u00e9ho kr\u00e1\u013eovstva sa m\u00f4\u017eete z\u00fa\u010dastni\u0165 lot\u00e9rie New York Lotto online a z\u00edska\u0165 naskenovan\u00fd tiket v priebehu nieko\u013ek\u00fdch min\u00fat.","robots":{"index":"index","follow":"follow","max-snippet":"max-snippet:-1","max-image-preview":"max-image-preview:large","max-video-preview":"max-video-preview:-1"},"canonical":"https:\/\/redfoxlotto.com\/sk\/loterie\/o-loterii-new-york\/","og_locale":"sk_SK","og_type":"article","og_title":"Ako k\u00fapi\u0165 losy lot\u00e9rie New York online zo Spojen\u00e9ho kr\u00e1\u013eovstva","og_description":"K\u00fapte si tikety lot\u00e9rie New York tu - aj zo Spojen\u00e9ho kr\u00e1\u013eovstva sa m\u00f4\u017eete z\u00fa\u010dastni\u0165 lot\u00e9rie New York Lotto online a z\u00edska\u0165 naskenovan\u00fd tiket v priebehu nieko\u013ek\u00fdch min\u00fat.","og_url":"https:\/\/redfoxlotto.com\/sk\/loterie\/o-loterii-new-york\/","og_site_name":"Get Tickets for the World\u2019s largest jackpots","article_modified_time":"2025-04-21T06:57:27+00:00","twitter_card":"summary_large_image","twitter_misc":{"Predpokladan\u00fd \u010das \u010d\u00edtania":"3 min\u00faty"},"schema":{"@context":"https:\/\/schema.org","@graph":[{"@type":"WebPage","@id":"https:\/\/redfoxlotto.com\/sk\/loterie\/o-loterii-new-york\/","url":"https:\/\/redfoxlotto.com\/sk\/loterie\/o-loterii-new-york\/","name":"Ako k\u00fapi\u0165 losy lot\u00e9rie New York online zo Spojen\u00e9ho kr\u00e1\u013eovstva","isPartOf":{"@id":"https:\/\/redfoxlotto.com\/sk\/#website"},"datePublished":"2025-02-25T17:25:31+00:00","dateModified":"2025-04-21T06:57:27+00:00","description":"K\u00fapte si tikety lot\u00e9rie New York tu - aj zo Spojen\u00e9ho kr\u00e1\u013eovstva sa m\u00f4\u017eete z\u00fa\u010dastni\u0165 lot\u00e9rie New York Lotto online a z\u00edska\u0165 naskenovan\u00fd tiket v priebehu nieko\u013ek\u00fdch min\u00fat.","breadcrumb":{"@id":"https:\/\/redfoxlotto.com\/sk\/loterie\/o-loterii-new-york\/#breadcrumb"},"inLanguage":"sk-SK","potentialAction":[{"@type":"ReadAction","target":["https:\/\/redfoxlotto.com\/sk\/loterie\/o-loterii-new-york\/"]}]},{"@type":"BreadcrumbList","@id":"https:\/\/redfoxlotto.com\/sk\/loterie\/o-loterii-new-york\/#breadcrumb","itemListElement":[{"@type":"ListItem","position":1,"name":"Home","item":"https:\/\/redfoxlotto.com\/sk\/"},{"@type":"ListItem","position":2,"name":"Ako k\u00fapi\u0165 online lot\u00e9riov\u00e9 l\u00edstky &#8211; proces n\u00e1kupu","item":"https:\/\/redfoxlotto.com\/sk\/loterie\/"},{"@type":"ListItem","position":3,"name":"O lot\u00e9rii New York"}]},{"@type":"WebSite","@id":"https:\/\/redfoxlotto.com\/sk\/#website","url":"https:\/\/redfoxlotto.com\/sk\/","name":"Get Tickets for the World\u2019s largest jackpots","description":"Participate in worldwide lottery jackpots from any country","publisher":{"@id":"https:\/\/redfoxlotto.com\/sk\/#organization"},"potentialAction":[{"@type":"SearchAction","target":{"@type":"EntryPoint","urlTemplate":"https:\/\/redfoxlotto.com\/sk\/?s={search_term_string}"},"query-input":{"@type":"PropertyValueSpecification","valueRequired":true,"valueName":"search_term_string"}}],"inLanguage":"sk-SK"},{"@type":"Organization","@id":"https:\/\/redfoxlotto.com\/sk\/#organization","name":"Get Tickets for the World\u2019s largest jackpots","url":"https:\/\/redfoxlotto.com\/sk\/","logo":{"@type":"ImageObject","inLanguage":"sk-SK","@id":"https:\/\/redfoxlotto.com\/sk\/#\/schema\/logo\/image\/","url":"https:\/\/redfoxlotto.com\/wp-content\/uploads\/2023\/04\/logo.png","contentUrl":"https:\/\/redfoxlotto.com\/wp-content\/uploads\/2023\/04\/logo.png","width":269,"height":53,"caption":"Get Tickets for the World\u2019s largest jackpots"},"image":{"@id":"https:\/\/redfoxlotto.com\/sk\/#\/schema\/logo\/image\/"}}]}},"_links":{"self":[{"href":"https:\/\/redfoxlotto.com\/sk\/wp-json\/wp\/v2\/pages\/85507","targetHints":{"allow":["GET"]}}],"collection":[{"href":"https:\/\/redfoxlotto.com\/sk\/wp-json\/wp\/v2\/pages"}],"about":[{"href":"https:\/\/redfoxlotto.com\/sk\/wp-json\/wp\/v2\/types\/page"}],"author":[{"embeddable":true,"href":"https:\/\/redfoxlotto.com\/sk\/wp-json\/wp\/v2\/users\/8"}],"replies":[{"embeddable":true,"href":"https:\/\/redfoxlotto.com\/sk\/wp-json\/wp\/v2\/comments?post=85507"}],"version-history":[{"count":0,"href":"https:\/\/redfoxlotto.com\/sk\/wp-json\/wp\/v2\/pages\/85507\/revisions"}],"up":[{"embeddable":true,"href":"https:\/\/redfoxlotto.com\/sk\/wp-json\/wp\/v2\/pages\/10252"}],"wp:attachment":[{"href":"https:\/\/redfoxlotto.com\/sk\/wp-json\/wp\/v2\/media?parent=85507"}],"curies":[{"name":"wp","href":"https:\/\/api.w.org\/{rel}","templated":true}]}}