{"id":85308,"date":"2025-03-30T12:21:27","date_gmt":"2025-03-30T12:21:27","guid":{"rendered":"https:\/\/redfoxlotto.com\/?page_id=85308"},"modified":"2025-12-10T17:14:42","modified_gmt":"2025-12-10T17:14:42","slug":"ako-hrat-new-york-loterie-vo-velkej-britanii","status":"publish","type":"page","link":"https:\/\/redfoxlotto.com\/sk\/hraj\/ako-hrat-new-york-loterie-vo-velkej-britanii\/","title":{"rendered":"Ako hra\u0165 New York lot\u00e9rie vo Ve\u013ekej Brit\u00e1nii."},"content":{"rendered":"<p><script type=\"application\/ld+json\">\n{\n\"@context\": \"https:\/\/schema.org\",\n\"@type\": \"Service\",\n\"name\": \"Play New York Lottery\",\n\"url\": \"https:\/\/redfoxlotto.com\/sk\/hraj\/ako-hrat-new-york-loterie-vo-velkej-britanii\/\",\n\"description\": \"K\u00fapte si ofici\u00e1lne \u017erebovacie l\u00edstky newyorskej lot\u00e9rie online cez RedFoxLotto. Vyberte si \u010d\u00edsla a zapojte sa do \u010fal\u0161ieho \u017erebovania.\",\n\"serviceType\": \"Online lottery ticket purchase\",<\/p>\n<p>\"provider\": {\n\"@type\": \"Organization\",\n\"name\": \"RedFoxLotto\",\n\"url\": \"https:\/\/redfoxlotto.com\",\n\"logo\": \"https:\/\/redfoxlotto.com\/wp-content\/uploads\/logo.png\"\n},<\/p>\n<p>\"areaServed\": \"Worldwide\",\n\"termsOfService\": \"https:\/\/redfoxlotto.com\/terms-and-conditions\",<\/p>\n<p>\"hasOfferCatalog\": {\n\"@type\": \"OfferCatalog\",\n\"name\": \"New York Lottery Offers\",\n\"itemListElement\": [\n{\n\"@type\": \"Offer\",\n\"name\": \"New York Lottery Ticket\",\n\"url\": \"https:\/\/redfoxlotto.com\/sk\/hraj\/ako-hrat-new-york-loterie-vo-velkej-britanii\/\",\n\"description\": \"Jeden vstup do \u010fal\u0161ieho \u017erebovania newyorskej lot\u00e9rie.\",\n\"price\": \"1.40\",\n\"priceCurrency\": \"EUR\",\n\"availability\": \"https:\/\/schema.org\/InStock\",<\/p>\n<p>\"itemOffered\": {\n\"@type\": \"Service\",\n\"name\": \"New York Lottery Entry\",\n\"description\": \"Prihl\u00e1ste sa do \u010fal\u0161ieho \u017erebovania newyorskej lot\u00e9rie cez RedFoxLotto.\"\n}\n}\n]\n},<\/p>\n<p>\"mainEntityOfPage\": {\n\"@type\": \"WebPage\",\n\"@id\": \"https:\/\/redfoxlotto.com\/sk\/hraj\/ako-hrat-new-york-loterie-vo-velkej-britanii\/\"\n}\n}\n<\/script><\/p>\n<h2>Ako sa z\u00fa\u010dastni\u0165 v New York lot\u00e9rie s RedFoxLotto.com vo Ve\u013ekej Brit\u00e1nii<\/h2>\n<p><img loading=\"lazy\" decoding=\"async\" class=\" wp-image-48802 alignright\" src=\"https:\/\/redfoxlotto.com\/wp-content\/uploads\/2023\/04\/raffle-tickets-online-495x330-1-300x200.jpg\" alt=\"New York Lottery\" width=\"321\" height=\"214\" srcset=\"https:\/\/redfoxlotto.com\/wp-content\/uploads\/2023\/04\/raffle-tickets-online-495x330-1-300x200.jpg 300w, https:\/\/redfoxlotto.com\/wp-content\/uploads\/2023\/04\/raffle-tickets-online-495x330-1.jpg 495w\" sizes=\"auto, (max-width: 321px) 100vw, 321px\" \/><br \/>\nVezmite si napr\u00edklad scen\u00e1r, v ktorom sa prebud\u00edte v Spojenom kr\u00e1\u013eovstve, uvar\u00edte si rann\u00fd \u010daj a potom skontrolujete svoj telef\u00f3n a zist\u00edte, \u017ee ste pr\u00e1ve vyhrali lot\u00e9riu New York. Zd\u00e1 sa v\u00e1m to prehnan\u00e9? Zme\u0148te n\u00e1zor! Hra\u0165 jednu z najvzru\u0161uj\u00facej\u0161\u00edch lot\u00e9ri\u00ed v Spojen\u00fdch \u0161t\u00e1toch americk\u00fdch z pohodlia domova v Spojenom kr\u00e1\u013eovstve je mo\u017en\u00e9 s RedFoxLotto.com.<\/p>\n<h2>Loteria New York: Pre\u010do by ste mali hra\u0165?<\/h2>\n<p>Lot\u00e9ria New York je zn\u00e1ma svojimi obrovsk\u00fdmi jackpotmi, vzru\u0161uj\u00facimi hrami a v\u00fdhrami, ktor\u00e9 m\u00f4\u017eu \u00faplne zmeni\u0165 \u017eivot \u010dloveka. Skuto\u010dnos\u0165, \u017ee sa ka\u017ed\u00fd t\u00fd\u017ede\u0148 kon\u00e1 mnoho \u017erebovan\u00ed, znamen\u00e1, \u017ee m\u00e1te nespo\u010detn\u00e9 mno\u017estvo pr\u00edle\u017eitost\u00ed, ako si splni\u0165 svoje sny. Ak budete hra\u0165 v lot\u00e9rii Mega Millions alebo Powerball, m\u00f4\u017eete vyhra\u0165 sumu, ktor\u00e1 v\u00e1m zmen\u00ed \u017eivot.<\/p>\n<h2>N\u00e1vod na to, ako hra\u0165 na RedFoxLotto.com vo form\u00e1te krok za krokom<\/h2>\n<p>1. Prejdite na webov\u00fa str\u00e1nku RedFoxLotto.com. Mali by ste spusti\u0165 webov\u00fd prehliada\u010d pod\u013ea vlastn\u00e9ho v\u00fdberu a prejs\u0165 na ofici\u00e1lnu webov\u00fa str\u00e1nku RedFoxLotto.<\/p>\n<p>2. Vytvorenie \u00fa\u010dtu &#8211; Aby ste sa mohli zaregistrova\u0165, mus\u00edte poskytn\u00fa\u0165 \u00fa\u010det. Okrem toho, \u017ee je r\u00fdchly a bezpe\u010dn\u00fd, je potrebn\u00fd aj na hranie.<\/p>\n<p>3. Vyberte si lot\u00e9riu New York &#8211; Po prezret\u00ed r\u00f4znych pon\u00fakan\u00fdch lot\u00e9ri\u00ed si vyberte lot\u00e9riu New York alebo ak\u00fako\u013evek in\u00fa americk\u00fa v\u00fdhru, ktor\u00e1 v\u00e1s po\u010das h\u013eadania zaujme.<\/p>\n<p>4. V\u00fdber \u010d\u00edsel M\u00e1te mo\u017enos\u0165 vybra\u0165 si \u0161\u0165astn\u00e9 \u010d\u00edsla ru\u010dne alebo pou\u017ei\u0165 mo\u017enos\u0165 r\u00fdchleho v\u00fdberu, v\u010faka ktorej ich syst\u00e9m n\u00e1jde automaticky za v\u00e1s.<\/p>\n<p>5. K\u00fapte si svoj tiket &#8211; Prejdite na str\u00e1nku s poklad\u0148ou a zapla\u0165te za svoj tiket bezpe\u010dn\u00fdm sp\u00f4sobom pomocou jednej z mnoh\u00fdch dostupn\u00fdch mo\u017enost\u00ed platby.<\/p>\n<p>6. K\u00fdm budete \u010daka\u0165 na \u017erebovanie, posa\u010fte sa a uvo\u013enite sa. V pr\u00edpade, \u017ee ste sa stali v\u00fdhercom, budete o tom informovan\u00ed!<\/p>\n<h2>V\u00fdhody \u00fa\u010dasti v hr\u00e1ch na RedFoxLotto.com<\/h2>\n<p>Odpad\u00e1 tak povinnos\u0165 cestova\u0165 do Spojen\u00fdch \u0161t\u00e1tov, aby ste si mohli k\u00fapi\u0165 tiket.<\/p>\n<p>&#8211; Bezpe\u010dn\u00e9 a zabezpe\u010den\u00e9 transakcie &#8211; Hrajte s \u00fapln\u00fdm pokojom, preto\u017ee viete, \u017ee va\u0161e peniaze a inform\u00e1cie o n\u00e1kupe s\u00fa chr\u00e1nen\u00e9.<\/p>\n<p>&#8211; Automaticky zasielan\u00e9 ozn\u00e1menia &#8211; nikdy nezme\u0161k\u00e1te \u017eiadnu v\u00fdhru! Ak ste sa stali \u0161\u0165astn\u00fdm v\u00fdhercom jackpotu, budete o tom okam\u017eite informovan\u00ed.<\/p>\n<p>Okrem lot\u00e9rie New York Lottery m\u00e1te pr\u00edstup aj k celosvetov\u00fdm lot\u00e9ri\u00e1m, \u010do v\u00e1m poskytne e\u0161te viac pr\u00edle\u017eitost\u00ed vyhra\u0165 zna\u010dn\u00fa sumu pe\u0148az\u00ed.<\/p>\n<h2>Pozn\u00e1mky na z\u00e1ver<\/h2>\n<p>Pou\u017e\u00edvan\u00edm RedFoxLotto.com z\u00edskate pr\u00edstup do cel\u00e9ho sveta lot\u00e9riovej z\u00e1bavy. Nez\u00e1le\u017e\u00ed na tom, kde sa v Spojenom kr\u00e1\u013eovstve nach\u00e1dzate; m\u00e1te mo\u017enos\u0165 plni\u0165 si americk\u00fd sen a mo\u017eno sa sta\u0165 \u010fal\u0161\u00edm milion\u00e1rom lot\u00e9rie New York Lottery. Pre\u010do by sme teda mali \u010daka\u0165? Nav\u0161t\u00edvte webov\u00fa str\u00e1nku RedFoxLotto.com hne\u010f teraz a z\u00edskajte svoj tiket; nikdy neviete, kedy v\u00e1m \u0161\u0165astie pr\u00edde do cesty.<\/p>\n","protected":false},"excerpt":{"rendered":"<p>Ako sa z\u00fa\u010dastni\u0165 v New York lot\u00e9rie s RedFoxLotto.com vo Ve\u013ekej Brit\u00e1nii Vezmite si napr\u00edklad scen\u00e1r, v ktorom sa prebud\u00edte v Spojenom kr\u00e1\u013eovstve, uvar\u00edte si rann\u00fd \u010daj a potom skontrolujete svoj telef\u00f3n a zist\u00edte, \u017ee ste pr\u00e1ve vyhrali lot\u00e9riu New York. Zd\u00e1 sa v\u00e1m to prehnan\u00e9? Zme\u0148te n\u00e1zor! Hra\u0165 jednu z najvzru\u0161uj\u00facej\u0161\u00edch lot\u00e9ri\u00ed v Spojen\u00fdch [&hellip;]<\/p>\n","protected":false},"author":8,"featured_media":0,"parent":10270,"menu_order":18,"comment_status":"closed","ping_status":"closed","template":"newyork.php","meta":{"_et_pb_use_builder":"","_et_pb_old_content":"","_et_gb_content_width":"","exclude_from_search":false,"footnotes":""},"class_list":["post-85308","page","type-page","status-publish","hentry"],"yoast_head":"<!-- This site is optimized with the Yoast SEO plugin v23.8 - https:\/\/yoast.com\/wordpress\/plugins\/seo\/ -->\n<title>Ako sa z\u00fa\u010dastni\u0165 lot\u00e9rie New York v Spojenom kr\u00e1\u013eovstve<\/title>\n<meta name=\"description\" content=\"Zistite, ako hra\u0165 lot\u00e9riu New York zo Spojen\u00e9ho kr\u00e1\u013eovstva na RedFoxLotto.com a z\u00edskajte tipy, ako maximalizova\u0165 svoje \u0161ance na v\u00fdhru.\" \/>\n<meta name=\"robots\" content=\"index, follow, max-snippet:-1, max-image-preview:large, max-video-preview:-1\" \/>\n<link rel=\"canonical\" href=\"https:\/\/redfoxlotto.com\/sk\/hraj\/ako-hrat-new-york-loterie-vo-velkej-britanii\/\" \/>\n<meta property=\"og:locale\" content=\"sk_SK\" \/>\n<meta property=\"og:type\" content=\"article\" \/>\n<meta property=\"og:title\" content=\"Ako sa z\u00fa\u010dastni\u0165 lot\u00e9rie New York v Spojenom kr\u00e1\u013eovstve\" \/>\n<meta property=\"og:description\" content=\"Zistite, ako hra\u0165 lot\u00e9riu New York zo Spojen\u00e9ho kr\u00e1\u013eovstva na RedFoxLotto.com a z\u00edskajte tipy, ako maximalizova\u0165 svoje \u0161ance na v\u00fdhru.\" \/>\n<meta property=\"og:url\" content=\"https:\/\/redfoxlotto.com\/sk\/hraj\/ako-hrat-new-york-loterie-vo-velkej-britanii\/\" \/>\n<meta property=\"og:site_name\" content=\"Get Tickets for the World\u2019s largest jackpots\" \/>\n<meta property=\"article:modified_time\" content=\"2025-12-10T17:14:42+00:00\" \/>\n<meta property=\"og:image\" content=\"https:\/\/redfoxlotto.com\/wp-content\/uploads\/2023\/04\/raffle-tickets-online-495x330-1-300x200.jpg\" \/>\n<meta name=\"twitter:card\" content=\"summary_large_image\" \/>\n<meta name=\"twitter:label1\" content=\"Predpokladan\u00fd \u010das \u010d\u00edtania\" \/>\n\t<meta name=\"twitter:data1\" content=\"3 min\u00faty\" \/>\n<script type=\"application\/ld+json\" class=\"yoast-schema-graph\">{\"@context\":\"https:\/\/schema.org\",\"@graph\":[{\"@type\":\"WebPage\",\"@id\":\"https:\/\/redfoxlotto.com\/sk\/hraj\/ako-hrat-new-york-loterie-vo-velkej-britanii\/\",\"url\":\"https:\/\/redfoxlotto.com\/sk\/hraj\/ako-hrat-new-york-loterie-vo-velkej-britanii\/\",\"name\":\"Ako sa z\u00fa\u010dastni\u0165 lot\u00e9rie New York v Spojenom kr\u00e1\u013eovstve\",\"isPartOf\":{\"@id\":\"https:\/\/redfoxlotto.com\/sk\/#website\"},\"primaryImageOfPage\":{\"@id\":\"https:\/\/redfoxlotto.com\/sk\/hraj\/ako-hrat-new-york-loterie-vo-velkej-britanii\/#primaryimage\"},\"image\":{\"@id\":\"https:\/\/redfoxlotto.com\/sk\/hraj\/ako-hrat-new-york-loterie-vo-velkej-britanii\/#primaryimage\"},\"thumbnailUrl\":\"https:\/\/redfoxlotto.com\/wp-content\/uploads\/2023\/04\/raffle-tickets-online-495x330-1-300x200.jpg\",\"datePublished\":\"2025-03-30T12:21:27+00:00\",\"dateModified\":\"2025-12-10T17:14:42+00:00\",\"description\":\"Zistite, ako hra\u0165 lot\u00e9riu New York zo Spojen\u00e9ho kr\u00e1\u013eovstva na RedFoxLotto.com a z\u00edskajte tipy, ako maximalizova\u0165 svoje \u0161ance na v\u00fdhru.\",\"breadcrumb\":{\"@id\":\"https:\/\/redfoxlotto.com\/sk\/hraj\/ako-hrat-new-york-loterie-vo-velkej-britanii\/#breadcrumb\"},\"inLanguage\":\"sk-SK\",\"potentialAction\":[{\"@type\":\"ReadAction\",\"target\":[\"https:\/\/redfoxlotto.com\/sk\/hraj\/ako-hrat-new-york-loterie-vo-velkej-britanii\/\"]}]},{\"@type\":\"ImageObject\",\"inLanguage\":\"sk-SK\",\"@id\":\"https:\/\/redfoxlotto.com\/sk\/hraj\/ako-hrat-new-york-loterie-vo-velkej-britanii\/#primaryimage\",\"url\":\"https:\/\/redfoxlotto.com\/wp-content\/uploads\/2023\/04\/raffle-tickets-online-495x330-1-300x200.jpg\",\"contentUrl\":\"https:\/\/redfoxlotto.com\/wp-content\/uploads\/2023\/04\/raffle-tickets-online-495x330-1-300x200.jpg\"},{\"@type\":\"BreadcrumbList\",\"@id\":\"https:\/\/redfoxlotto.com\/sk\/hraj\/ako-hrat-new-york-loterie-vo-velkej-britanii\/#breadcrumb\",\"itemListElement\":[{\"@type\":\"ListItem\",\"position\":1,\"name\":\"Home\",\"item\":\"https:\/\/redfoxlotto.com\/sk\/\"},{\"@type\":\"ListItem\",\"position\":2,\"name\":\"Ako hra\u0165 lot\u00e9rie z in\u00fdch kraj\u00edn\",\"item\":\"https:\/\/redfoxlotto.com\/sk\/hraj\/\"},{\"@type\":\"ListItem\",\"position\":3,\"name\":\"Ako hra\u0165 New York lot\u00e9rie vo Ve\u013ekej Brit\u00e1nii.\"}]},{\"@type\":\"WebSite\",\"@id\":\"https:\/\/redfoxlotto.com\/sk\/#website\",\"url\":\"https:\/\/redfoxlotto.com\/sk\/\",\"name\":\"Get Tickets for the World\u2019s largest jackpots\",\"description\":\"Participate in worldwide lottery jackpots from any country\",\"publisher\":{\"@id\":\"https:\/\/redfoxlotto.com\/sk\/#organization\"},\"potentialAction\":[{\"@type\":\"SearchAction\",\"target\":{\"@type\":\"EntryPoint\",\"urlTemplate\":\"https:\/\/redfoxlotto.com\/sk\/?s={search_term_string}\"},\"query-input\":{\"@type\":\"PropertyValueSpecification\",\"valueRequired\":true,\"valueName\":\"search_term_string\"}}],\"inLanguage\":\"sk-SK\"},{\"@type\":\"Organization\",\"@id\":\"https:\/\/redfoxlotto.com\/sk\/#organization\",\"name\":\"Get Tickets for the World\u2019s largest jackpots\",\"url\":\"https:\/\/redfoxlotto.com\/sk\/\",\"logo\":{\"@type\":\"ImageObject\",\"inLanguage\":\"sk-SK\",\"@id\":\"https:\/\/redfoxlotto.com\/sk\/#\/schema\/logo\/image\/\",\"url\":\"https:\/\/redfoxlotto.com\/wp-content\/uploads\/2023\/04\/logo.png\",\"contentUrl\":\"https:\/\/redfoxlotto.com\/wp-content\/uploads\/2023\/04\/logo.png\",\"width\":269,\"height\":53,\"caption\":\"Get Tickets for the World\u2019s largest jackpots\"},\"image\":{\"@id\":\"https:\/\/redfoxlotto.com\/sk\/#\/schema\/logo\/image\/\"}}]}<\/script>\n<!-- \/ Yoast SEO plugin. -->","yoast_head_json":{"title":"Ako sa z\u00fa\u010dastni\u0165 lot\u00e9rie New York v Spojenom kr\u00e1\u013eovstve","description":"Zistite, ako hra\u0165 lot\u00e9riu New York zo Spojen\u00e9ho kr\u00e1\u013eovstva na RedFoxLotto.com a z\u00edskajte tipy, ako maximalizova\u0165 svoje \u0161ance na v\u00fdhru.","robots":{"index":"index","follow":"follow","max-snippet":"max-snippet:-1","max-image-preview":"max-image-preview:large","max-video-preview":"max-video-preview:-1"},"canonical":"https:\/\/redfoxlotto.com\/sk\/hraj\/ako-hrat-new-york-loterie-vo-velkej-britanii\/","og_locale":"sk_SK","og_type":"article","og_title":"Ako sa z\u00fa\u010dastni\u0165 lot\u00e9rie New York v Spojenom kr\u00e1\u013eovstve","og_description":"Zistite, ako hra\u0165 lot\u00e9riu New York zo Spojen\u00e9ho kr\u00e1\u013eovstva na RedFoxLotto.com a z\u00edskajte tipy, ako maximalizova\u0165 svoje \u0161ance na v\u00fdhru.","og_url":"https:\/\/redfoxlotto.com\/sk\/hraj\/ako-hrat-new-york-loterie-vo-velkej-britanii\/","og_site_name":"Get Tickets for the World\u2019s largest jackpots","article_modified_time":"2025-12-10T17:14:42+00:00","og_image":[{"url":"https:\/\/redfoxlotto.com\/wp-content\/uploads\/2023\/04\/raffle-tickets-online-495x330-1-300x200.jpg"}],"twitter_card":"summary_large_image","twitter_misc":{"Predpokladan\u00fd \u010das \u010d\u00edtania":"3 min\u00faty"},"schema":{"@context":"https:\/\/schema.org","@graph":[{"@type":"WebPage","@id":"https:\/\/redfoxlotto.com\/sk\/hraj\/ako-hrat-new-york-loterie-vo-velkej-britanii\/","url":"https:\/\/redfoxlotto.com\/sk\/hraj\/ako-hrat-new-york-loterie-vo-velkej-britanii\/","name":"Ako sa z\u00fa\u010dastni\u0165 lot\u00e9rie New York v Spojenom kr\u00e1\u013eovstve","isPartOf":{"@id":"https:\/\/redfoxlotto.com\/sk\/#website"},"primaryImageOfPage":{"@id":"https:\/\/redfoxlotto.com\/sk\/hraj\/ako-hrat-new-york-loterie-vo-velkej-britanii\/#primaryimage"},"image":{"@id":"https:\/\/redfoxlotto.com\/sk\/hraj\/ako-hrat-new-york-loterie-vo-velkej-britanii\/#primaryimage"},"thumbnailUrl":"https:\/\/redfoxlotto.com\/wp-content\/uploads\/2023\/04\/raffle-tickets-online-495x330-1-300x200.jpg","datePublished":"2025-03-30T12:21:27+00:00","dateModified":"2025-12-10T17:14:42+00:00","description":"Zistite, ako hra\u0165 lot\u00e9riu New York zo Spojen\u00e9ho kr\u00e1\u013eovstva na RedFoxLotto.com a z\u00edskajte tipy, ako maximalizova\u0165 svoje \u0161ance na v\u00fdhru.","breadcrumb":{"@id":"https:\/\/redfoxlotto.com\/sk\/hraj\/ako-hrat-new-york-loterie-vo-velkej-britanii\/#breadcrumb"},"inLanguage":"sk-SK","potentialAction":[{"@type":"ReadAction","target":["https:\/\/redfoxlotto.com\/sk\/hraj\/ako-hrat-new-york-loterie-vo-velkej-britanii\/"]}]},{"@type":"ImageObject","inLanguage":"sk-SK","@id":"https:\/\/redfoxlotto.com\/sk\/hraj\/ako-hrat-new-york-loterie-vo-velkej-britanii\/#primaryimage","url":"https:\/\/redfoxlotto.com\/wp-content\/uploads\/2023\/04\/raffle-tickets-online-495x330-1-300x200.jpg","contentUrl":"https:\/\/redfoxlotto.com\/wp-content\/uploads\/2023\/04\/raffle-tickets-online-495x330-1-300x200.jpg"},{"@type":"BreadcrumbList","@id":"https:\/\/redfoxlotto.com\/sk\/hraj\/ako-hrat-new-york-loterie-vo-velkej-britanii\/#breadcrumb","itemListElement":[{"@type":"ListItem","position":1,"name":"Home","item":"https:\/\/redfoxlotto.com\/sk\/"},{"@type":"ListItem","position":2,"name":"Ako hra\u0165 lot\u00e9rie z in\u00fdch kraj\u00edn","item":"https:\/\/redfoxlotto.com\/sk\/hraj\/"},{"@type":"ListItem","position":3,"name":"Ako hra\u0165 New York lot\u00e9rie vo Ve\u013ekej Brit\u00e1nii."}]},{"@type":"WebSite","@id":"https:\/\/redfoxlotto.com\/sk\/#website","url":"https:\/\/redfoxlotto.com\/sk\/","name":"Get Tickets for the World\u2019s largest jackpots","description":"Participate in worldwide lottery jackpots from any country","publisher":{"@id":"https:\/\/redfoxlotto.com\/sk\/#organization"},"potentialAction":[{"@type":"SearchAction","target":{"@type":"EntryPoint","urlTemplate":"https:\/\/redfoxlotto.com\/sk\/?s={search_term_string}"},"query-input":{"@type":"PropertyValueSpecification","valueRequired":true,"valueName":"search_term_string"}}],"inLanguage":"sk-SK"},{"@type":"Organization","@id":"https:\/\/redfoxlotto.com\/sk\/#organization","name":"Get Tickets for the World\u2019s largest jackpots","url":"https:\/\/redfoxlotto.com\/sk\/","logo":{"@type":"ImageObject","inLanguage":"sk-SK","@id":"https:\/\/redfoxlotto.com\/sk\/#\/schema\/logo\/image\/","url":"https:\/\/redfoxlotto.com\/wp-content\/uploads\/2023\/04\/logo.png","contentUrl":"https:\/\/redfoxlotto.com\/wp-content\/uploads\/2023\/04\/logo.png","width":269,"height":53,"caption":"Get Tickets for the World\u2019s largest jackpots"},"image":{"@id":"https:\/\/redfoxlotto.com\/sk\/#\/schema\/logo\/image\/"}}]}},"_links":{"self":[{"href":"https:\/\/redfoxlotto.com\/sk\/wp-json\/wp\/v2\/pages\/85308","targetHints":{"allow":["GET"]}}],"collection":[{"href":"https:\/\/redfoxlotto.com\/sk\/wp-json\/wp\/v2\/pages"}],"about":[{"href":"https:\/\/redfoxlotto.com\/sk\/wp-json\/wp\/v2\/types\/page"}],"author":[{"embeddable":true,"href":"https:\/\/redfoxlotto.com\/sk\/wp-json\/wp\/v2\/users\/8"}],"replies":[{"embeddable":true,"href":"https:\/\/redfoxlotto.com\/sk\/wp-json\/wp\/v2\/comments?post=85308"}],"version-history":[{"count":0,"href":"https:\/\/redfoxlotto.com\/sk\/wp-json\/wp\/v2\/pages\/85308\/revisions"}],"up":[{"embeddable":true,"href":"https:\/\/redfoxlotto.com\/sk\/wp-json\/wp\/v2\/pages\/10270"}],"wp:attachment":[{"href":"https:\/\/redfoxlotto.com\/sk\/wp-json\/wp\/v2\/media?parent=85308"}],"curies":[{"name":"wp","href":"https:\/\/api.w.org\/{rel}","templated":true}]}}