{"id":84527,"date":"2025-03-17T09:46:32","date_gmt":"2025-03-17T09:46:32","guid":{"rendered":"https:\/\/redfoxlotto.com\/?page_id=84527"},"modified":"2025-06-17T08:49:44","modified_gmt":"2025-06-17T08:49:44","slug":"scratchcards","status":"publish","type":"page","link":"https:\/\/redfoxlotto.com\/sk\/scratchcards\/","title":{"rendered":"Stieracie \u017ereby"},"content":{"rendered":"<p>Ak ste fan\u00fa\u0161ikmi lot\u00e9rie, potom sme si ist\u00ed, \u017ee budete<strong>radi hra\u0165<\/strong> aj<strong>na\u0161e online stieracie \u017ereby!<\/strong><\/p>\n<p>Stieracie \u017ereby boli v\u017edy popul\u00e1rnym doplnkom k n\u00e1kupu lot\u00e9rie. Pred\u00e1vaj\u00fa ich takmer v\u0161etky predajne lot\u00e9ri\u00ed na svete, a to z dobr\u00e9ho d\u00f4vodu. Zatia\u013e \u010do hranie lot\u00e9rie je takmer v\u017edy spojen\u00e9 s ur\u010dit\u00fdm \u010dasov\u00fdm \u010dakan\u00edm na v\u00fdsledky, stieracie \u017ereby v\u00e1m poskytn\u00fa okam\u017eit\u00fd v\u00fdsledok.<\/p>\n<p>A s na\u0161imi stierac\u00edmi \u017erebmi online nemus\u00edte ani h\u013eada\u0165 predaj\u0148u lot\u00e9ri\u00ed, aby ste si ich k\u00fapili &#8211; m\u00f4\u017eete jednoducho hra\u0165 na\u0161e stieracie \u017ereby online a za\u017ei\u0165 ve\u013ea z\u00e1bavy a vzru\u0161enia pri stierac\u00edch \u017ereboch.<\/p>\n<h2><strong>Online stieracie \u017ereby sa \u010doskoro objavia na RedFoxLotto<\/strong><\/h2>\n<p><img loading=\"lazy\" decoding=\"async\" class=\" wp-image-83601 alignright\" src=\"https:\/\/redfoxlotto.com\/wp-content\/uploads\/2025\/03\/scratch_card_player-300x300.jpg\" alt=\"play scratch cards\" width=\"183\" height=\"183\" srcset=\"https:\/\/redfoxlotto.com\/wp-content\/uploads\/2025\/03\/scratch_card_player-300x300.jpg 300w, https:\/\/redfoxlotto.com\/wp-content\/uploads\/2025\/03\/scratch_card_player-150x150.jpg 150w, https:\/\/redfoxlotto.com\/wp-content\/uploads\/2025\/03\/scratch_card_player-100x100.jpg 100w, https:\/\/redfoxlotto.com\/wp-content\/uploads\/2025\/03\/scratch_card_player.jpg 307w\" sizes=\"auto, (max-width: 183px) 100vw, 183px\" \/><\/p>\n<ul>\n<li>Stieracie \u017ereby bud\u00fa spusten\u00e9 za\u010diatkom apr\u00edla 2025.<\/li>\n<li>Nezme\u0161kajte ich spustenie!<\/li>\n<li>Uistite sa, \u017ee dost\u00e1vate na\u0161e propaga\u010dn\u00e9 e-maily &#8211; skontrolujte si prie\u010dinok so spamom a ozna\u010dte RedFoxLotto ako d\u00f4veryhodn\u00e9ho odosielate\u013ea e-mailov.<\/li>\n<\/ul>\n<p>Platba je tie\u017e ve\u013emi pohodln\u00e1 &#8211; najm\u00e4 ak u\u017e m\u00e1te na na\u0161ej webovej str\u00e1nke zostatok na \u00fa\u010dte. To znamen\u00e1, \u017ee ak si pl\u00e1nujete k\u00fapi\u0165 viacero stierac\u00edch \u017erebov, mali by ste vykona\u0165 vklad do svojej pe\u0148a\u017eenky sk\u00f4r, ako za\u010dnete hra\u0165 stieracie \u017ereby.<\/p>\n<p>Sta\u010d\u00ed si vybra\u0165 kartu, ktor\u00e1 sa v\u00e1m najviac p\u00e1\u010di, a klikn\u00fa\u0165 na tla\u010didlo k\u00fapi\u0165. M\u00e1me viacero skvel\u00fdch rozlo\u017een\u00ed a k dispoz\u00edcii s\u00fa stieracie \u017ereby s r\u00f4znymi cenami a rozsahmi v\u00fdhier.<\/p>\n<h2>Hranie na\u0161ich stierac\u00edch \u017erebov je celkom jednoduch\u00e9<\/h2>\n<p>Potom m\u00f4\u017eete pomocou my\u0161i bu\u010f ru\u010dne zo\u0161kriaba\u0165 vrchn\u00fa vrstvu karty, alebo kliknut\u00edm na tla\u010didlo \u201er\u00fdchle zo\u0161kriabanie\u201c odhal\u00edte v\u0161etky inform\u00e1cie ukryt\u00e9 na karte.<\/p>\n<p>Va\u0161e v\u00fdhry z\u00e1visia od s\u00fam, ktor\u00e9 sa zobrazia po tom, ako z karty po\u0161kriabete vrchn\u00fa vrstvu. Ak m\u00e1te na stieracej karte tri zhodn\u00e9 sumy, potom t\u00fato sumu vyhr\u00e1vate.<\/p>\n<h2>\u010co sa stane po v\u00fdhre na stieracej karte?<\/h2>\n<p>V\u0161etky v\u00fdhry sa okam\u017eite prip\u00ed\u0161u na v\u00e1\u0161 \u00fa\u010det. Ak karta vyhr\u00e1, budete ma\u0165 dve mo\u017enosti:<\/p>\n<ol>\n<li>M\u00f4\u017eete zosta\u0165 na str\u00e1nke stieracieho \u017erebu a pokra\u010dova\u0165 v pou\u017e\u00edvan\u00ed v\u00fdhier na n\u00e1kup \u010fal\u0161\u00edch stierac\u00edch \u017erebov online.<\/li>\n<li>zatvori\u0165 str\u00e1nku stierac\u00edch \u017erebov a va\u0161e v\u00fdhry bud\u00fa preveden\u00e9 na v\u00e1\u0161 hr\u00e1\u010dsky \u00fa\u010det RedFoxLotto.<\/li>\n<\/ol>\n<p>Po prip\u00edsan\u00ed v\u00fdhier zo stierac\u00edch \u017erebov na v\u00e1\u0161 hr\u00e1\u010dsky \u00fa\u010det ich m\u00f4\u017eete pou\u017ei\u0165 ak\u00fdmko\u013evek sp\u00f4sobom &#8211; k\u00fapi\u0165 si be\u017en\u00e9 \u017ereby, hra\u0165 Keno, nesk\u00f4r si k\u00fapi\u0165 \u010fal\u0161ie online stieracie \u017ereby alebo si svoje v\u00fdhry vybra\u0165.<\/p>\n<p>Pridanie online stierac\u00edch \u017erebov je nie\u010do, o \u010do \u017eiadali mnoh\u00ed na\u0161i z\u00e1kazn\u00edci, a sme si ist\u00ed, \u017ee si tento z\u00e1\u017eitok u\u017eijete aj vy!<\/p>\n","protected":false},"excerpt":{"rendered":"<p>Ak ste fan\u00fa\u0161ikmi lot\u00e9rie, potom sme si ist\u00ed, \u017ee budeteradi hra\u0165 ajna\u0161e online stieracie \u017ereby! Stieracie \u017ereby boli v\u017edy popul\u00e1rnym doplnkom k n\u00e1kupu lot\u00e9rie. Pred\u00e1vaj\u00fa ich takmer v\u0161etky predajne lot\u00e9ri\u00ed na svete, a to z dobr\u00e9ho d\u00f4vodu. Zatia\u013e \u010do hranie lot\u00e9rie je takmer v\u017edy spojen\u00e9 s ur\u010dit\u00fdm \u010dasov\u00fdm \u010dakan\u00edm na v\u00fdsledky, stieracie \u017ereby v\u00e1m poskytn\u00fa [&hellip;]<\/p>\n","protected":false},"author":8,"featured_media":0,"parent":0,"menu_order":7,"comment_status":"closed","ping_status":"closed","template":"","meta":{"_et_pb_use_builder":"","_et_pb_old_content":"","_et_gb_content_width":"","exclude_from_search":false,"footnotes":""},"class_list":["post-84527","page","type-page","status-publish","hentry"],"yoast_head":"<!-- This site is optimized with the Yoast SEO plugin v23.8 - https:\/\/yoast.com\/wordpress\/plugins\/seo\/ -->\n<title>Hrajte stieracie \u017ereby online | Najlep\u0161ie stieracie \u017ereby s okam\u017eitou v\u00fdhrou<\/title>\n<meta name=\"description\" content=\"Zahrajte si tu najlep\u0161ie online stieracie \u017ereby - atrakt\u00edvne stieracie hry a skvel\u00e9 ceny, ktor\u00e9 m\u00f4\u017eete okam\u017eite vyhra\u0165\" \/>\n<meta name=\"robots\" content=\"index, follow, max-snippet:-1, max-image-preview:large, max-video-preview:-1\" \/>\n<link rel=\"canonical\" href=\"https:\/\/redfoxlotto.com\/sk\/scratchcards\/\" \/>\n<meta property=\"og:locale\" content=\"sk_SK\" \/>\n<meta property=\"og:type\" content=\"article\" \/>\n<meta property=\"og:title\" content=\"Hrajte stieracie \u017ereby online | Najlep\u0161ie stieracie \u017ereby s okam\u017eitou v\u00fdhrou\" \/>\n<meta property=\"og:description\" content=\"Zahrajte si tu najlep\u0161ie online stieracie \u017ereby - atrakt\u00edvne stieracie hry a skvel\u00e9 ceny, ktor\u00e9 m\u00f4\u017eete okam\u017eite vyhra\u0165\" \/>\n<meta property=\"og:url\" content=\"https:\/\/redfoxlotto.com\/sk\/scratchcards\/\" \/>\n<meta property=\"og:site_name\" content=\"Get Tickets for the World\u2019s largest jackpots\" \/>\n<meta property=\"article:modified_time\" content=\"2025-06-17T08:49:44+00:00\" \/>\n<meta property=\"og:image\" content=\"https:\/\/redfoxlotto.com\/wp-content\/uploads\/2025\/03\/scratch_card_player-300x300.jpg\" \/>\n<meta name=\"twitter:card\" content=\"summary_large_image\" \/>\n<meta name=\"twitter:label1\" content=\"Predpokladan\u00fd \u010das \u010d\u00edtania\" \/>\n\t<meta name=\"twitter:data1\" content=\"2 min\u00faty\" \/>\n<script type=\"application\/ld+json\" class=\"yoast-schema-graph\">{\"@context\":\"https:\/\/schema.org\",\"@graph\":[{\"@type\":\"WebPage\",\"@id\":\"https:\/\/redfoxlotto.com\/sk\/scratchcards\/\",\"url\":\"https:\/\/redfoxlotto.com\/sk\/scratchcards\/\",\"name\":\"Hrajte stieracie \u017ereby online | Najlep\u0161ie stieracie \u017ereby s okam\u017eitou v\u00fdhrou\",\"isPartOf\":{\"@id\":\"https:\/\/redfoxlotto.com\/sk\/#website\"},\"primaryImageOfPage\":{\"@id\":\"https:\/\/redfoxlotto.com\/sk\/scratchcards\/#primaryimage\"},\"image\":{\"@id\":\"https:\/\/redfoxlotto.com\/sk\/scratchcards\/#primaryimage\"},\"thumbnailUrl\":\"https:\/\/redfoxlotto.com\/wp-content\/uploads\/2025\/03\/scratch_card_player-300x300.jpg\",\"datePublished\":\"2025-03-17T09:46:32+00:00\",\"dateModified\":\"2025-06-17T08:49:44+00:00\",\"description\":\"Zahrajte si tu najlep\u0161ie online stieracie \u017ereby - atrakt\u00edvne stieracie hry a skvel\u00e9 ceny, ktor\u00e9 m\u00f4\u017eete okam\u017eite vyhra\u0165\",\"breadcrumb\":{\"@id\":\"https:\/\/redfoxlotto.com\/sk\/scratchcards\/#breadcrumb\"},\"inLanguage\":\"sk-SK\",\"potentialAction\":[{\"@type\":\"ReadAction\",\"target\":[\"https:\/\/redfoxlotto.com\/sk\/scratchcards\/\"]}]},{\"@type\":\"ImageObject\",\"inLanguage\":\"sk-SK\",\"@id\":\"https:\/\/redfoxlotto.com\/sk\/scratchcards\/#primaryimage\",\"url\":\"https:\/\/redfoxlotto.com\/wp-content\/uploads\/2025\/03\/scratch_card_player-300x300.jpg\",\"contentUrl\":\"https:\/\/redfoxlotto.com\/wp-content\/uploads\/2025\/03\/scratch_card_player-300x300.jpg\"},{\"@type\":\"BreadcrumbList\",\"@id\":\"https:\/\/redfoxlotto.com\/sk\/scratchcards\/#breadcrumb\",\"itemListElement\":[{\"@type\":\"ListItem\",\"position\":1,\"name\":\"Home\",\"item\":\"https:\/\/redfoxlotto.com\/sk\/\"},{\"@type\":\"ListItem\",\"position\":2,\"name\":\"Stieracie \u017ereby\"}]},{\"@type\":\"WebSite\",\"@id\":\"https:\/\/redfoxlotto.com\/sk\/#website\",\"url\":\"https:\/\/redfoxlotto.com\/sk\/\",\"name\":\"Get Tickets for the World\u2019s largest jackpots\",\"description\":\"Participate in worldwide lottery jackpots from any country\",\"publisher\":{\"@id\":\"https:\/\/redfoxlotto.com\/sk\/#organization\"},\"potentialAction\":[{\"@type\":\"SearchAction\",\"target\":{\"@type\":\"EntryPoint\",\"urlTemplate\":\"https:\/\/redfoxlotto.com\/sk\/?s={search_term_string}\"},\"query-input\":{\"@type\":\"PropertyValueSpecification\",\"valueRequired\":true,\"valueName\":\"search_term_string\"}}],\"inLanguage\":\"sk-SK\"},{\"@type\":\"Organization\",\"@id\":\"https:\/\/redfoxlotto.com\/sk\/#organization\",\"name\":\"Get Tickets for the World\u2019s largest jackpots\",\"url\":\"https:\/\/redfoxlotto.com\/sk\/\",\"logo\":{\"@type\":\"ImageObject\",\"inLanguage\":\"sk-SK\",\"@id\":\"https:\/\/redfoxlotto.com\/sk\/#\/schema\/logo\/image\/\",\"url\":\"https:\/\/redfoxlotto.com\/wp-content\/uploads\/2023\/04\/logo.png\",\"contentUrl\":\"https:\/\/redfoxlotto.com\/wp-content\/uploads\/2023\/04\/logo.png\",\"width\":269,\"height\":53,\"caption\":\"Get Tickets for the World\u2019s largest jackpots\"},\"image\":{\"@id\":\"https:\/\/redfoxlotto.com\/sk\/#\/schema\/logo\/image\/\"}}]}<\/script>\n<!-- \/ Yoast SEO plugin. -->","yoast_head_json":{"title":"Hrajte stieracie \u017ereby online | Najlep\u0161ie stieracie \u017ereby s okam\u017eitou v\u00fdhrou","description":"Zahrajte si tu najlep\u0161ie online stieracie \u017ereby - atrakt\u00edvne stieracie hry a skvel\u00e9 ceny, ktor\u00e9 m\u00f4\u017eete okam\u017eite vyhra\u0165","robots":{"index":"index","follow":"follow","max-snippet":"max-snippet:-1","max-image-preview":"max-image-preview:large","max-video-preview":"max-video-preview:-1"},"canonical":"https:\/\/redfoxlotto.com\/sk\/scratchcards\/","og_locale":"sk_SK","og_type":"article","og_title":"Hrajte stieracie \u017ereby online | Najlep\u0161ie stieracie \u017ereby s okam\u017eitou v\u00fdhrou","og_description":"Zahrajte si tu najlep\u0161ie online stieracie \u017ereby - atrakt\u00edvne stieracie hry a skvel\u00e9 ceny, ktor\u00e9 m\u00f4\u017eete okam\u017eite vyhra\u0165","og_url":"https:\/\/redfoxlotto.com\/sk\/scratchcards\/","og_site_name":"Get Tickets for the World\u2019s largest jackpots","article_modified_time":"2025-06-17T08:49:44+00:00","og_image":[{"url":"https:\/\/redfoxlotto.com\/wp-content\/uploads\/2025\/03\/scratch_card_player-300x300.jpg"}],"twitter_card":"summary_large_image","twitter_misc":{"Predpokladan\u00fd \u010das \u010d\u00edtania":"2 min\u00faty"},"schema":{"@context":"https:\/\/schema.org","@graph":[{"@type":"WebPage","@id":"https:\/\/redfoxlotto.com\/sk\/scratchcards\/","url":"https:\/\/redfoxlotto.com\/sk\/scratchcards\/","name":"Hrajte stieracie \u017ereby online | Najlep\u0161ie stieracie \u017ereby s okam\u017eitou v\u00fdhrou","isPartOf":{"@id":"https:\/\/redfoxlotto.com\/sk\/#website"},"primaryImageOfPage":{"@id":"https:\/\/redfoxlotto.com\/sk\/scratchcards\/#primaryimage"},"image":{"@id":"https:\/\/redfoxlotto.com\/sk\/scratchcards\/#primaryimage"},"thumbnailUrl":"https:\/\/redfoxlotto.com\/wp-content\/uploads\/2025\/03\/scratch_card_player-300x300.jpg","datePublished":"2025-03-17T09:46:32+00:00","dateModified":"2025-06-17T08:49:44+00:00","description":"Zahrajte si tu najlep\u0161ie online stieracie \u017ereby - atrakt\u00edvne stieracie hry a skvel\u00e9 ceny, ktor\u00e9 m\u00f4\u017eete okam\u017eite vyhra\u0165","breadcrumb":{"@id":"https:\/\/redfoxlotto.com\/sk\/scratchcards\/#breadcrumb"},"inLanguage":"sk-SK","potentialAction":[{"@type":"ReadAction","target":["https:\/\/redfoxlotto.com\/sk\/scratchcards\/"]}]},{"@type":"ImageObject","inLanguage":"sk-SK","@id":"https:\/\/redfoxlotto.com\/sk\/scratchcards\/#primaryimage","url":"https:\/\/redfoxlotto.com\/wp-content\/uploads\/2025\/03\/scratch_card_player-300x300.jpg","contentUrl":"https:\/\/redfoxlotto.com\/wp-content\/uploads\/2025\/03\/scratch_card_player-300x300.jpg"},{"@type":"BreadcrumbList","@id":"https:\/\/redfoxlotto.com\/sk\/scratchcards\/#breadcrumb","itemListElement":[{"@type":"ListItem","position":1,"name":"Home","item":"https:\/\/redfoxlotto.com\/sk\/"},{"@type":"ListItem","position":2,"name":"Stieracie \u017ereby"}]},{"@type":"WebSite","@id":"https:\/\/redfoxlotto.com\/sk\/#website","url":"https:\/\/redfoxlotto.com\/sk\/","name":"Get Tickets for the World\u2019s largest jackpots","description":"Participate in worldwide lottery jackpots from any country","publisher":{"@id":"https:\/\/redfoxlotto.com\/sk\/#organization"},"potentialAction":[{"@type":"SearchAction","target":{"@type":"EntryPoint","urlTemplate":"https:\/\/redfoxlotto.com\/sk\/?s={search_term_string}"},"query-input":{"@type":"PropertyValueSpecification","valueRequired":true,"valueName":"search_term_string"}}],"inLanguage":"sk-SK"},{"@type":"Organization","@id":"https:\/\/redfoxlotto.com\/sk\/#organization","name":"Get Tickets for the World\u2019s largest jackpots","url":"https:\/\/redfoxlotto.com\/sk\/","logo":{"@type":"ImageObject","inLanguage":"sk-SK","@id":"https:\/\/redfoxlotto.com\/sk\/#\/schema\/logo\/image\/","url":"https:\/\/redfoxlotto.com\/wp-content\/uploads\/2023\/04\/logo.png","contentUrl":"https:\/\/redfoxlotto.com\/wp-content\/uploads\/2023\/04\/logo.png","width":269,"height":53,"caption":"Get Tickets for the World\u2019s largest jackpots"},"image":{"@id":"https:\/\/redfoxlotto.com\/sk\/#\/schema\/logo\/image\/"}}]}},"_links":{"self":[{"href":"https:\/\/redfoxlotto.com\/sk\/wp-json\/wp\/v2\/pages\/84527","targetHints":{"allow":["GET"]}}],"collection":[{"href":"https:\/\/redfoxlotto.com\/sk\/wp-json\/wp\/v2\/pages"}],"about":[{"href":"https:\/\/redfoxlotto.com\/sk\/wp-json\/wp\/v2\/types\/page"}],"author":[{"embeddable":true,"href":"https:\/\/redfoxlotto.com\/sk\/wp-json\/wp\/v2\/users\/8"}],"replies":[{"embeddable":true,"href":"https:\/\/redfoxlotto.com\/sk\/wp-json\/wp\/v2\/comments?post=84527"}],"version-history":[{"count":0,"href":"https:\/\/redfoxlotto.com\/sk\/wp-json\/wp\/v2\/pages\/84527\/revisions"}],"wp:attachment":[{"href":"https:\/\/redfoxlotto.com\/sk\/wp-json\/wp\/v2\/media?parent=84527"}],"curies":[{"name":"wp","href":"https:\/\/api.w.org\/{rel}","templated":true}]}}