{"id":84437,"date":"2025-02-12T11:12:52","date_gmt":"2025-02-12T11:12:52","guid":{"rendered":"https:\/\/redfoxlotto.com\/?page_id=84437"},"modified":"2025-10-09T14:27:39","modified_gmt":"2025-10-09T14:27:39","slug":"keno","status":"publish","type":"page","link":"https:\/\/redfoxlotto.com\/sk\/keno\/","title":{"rendered":"Keno"},"content":{"rendered":"<h2>Neviete, ako hra\u0165 Keno online?<\/h2>\n<p>Viete, ako funguje lot\u00e9ria, ale nikdy ste nehrali Keno? Vysvetl\u00edm v\u00e1m, ako hra\u0165 Keno online. Nie je to a\u017e tak\u00e9 zlo\u017eit\u00e9 na pochopenie a na\u0161a platforma umo\u017e\u0148uje jednoduch\u00e9 vytvorenie tiketu Keno.<\/p>\n<div class=\"keno-banner-wrapper\"><img decoding=\"async\" class=\"keno-banner-image\" src=\"https:\/\/redfoxlotto.com\/wp-content\/uploads\/2025\/10\/3-scaled.png\" alt=\"Keno Banner\" \/><br \/>\n<div class=\"keno-banner-overlay\"><div class=\"keno-banner-text\">Hlavn\u00e1 cena: \u20ac10,000,000<br>\u017drebovania ka\u017ed\u00fdch 30 min\u00fat<\/div><a href=\"https:\/\/keno.redfoxlotto.com\/play\/diamond-keno\" class=\"keno-banner-button\">Hrajte Diamond Keno teraz<\/a><\/div><\/div>\n<div class=\"keno-banner-wrapper\"><img decoding=\"async\" class=\"keno-banner-image\" src=\"https:\/\/redfoxlotto.com\/wp-content\/uploads\/2025\/10\/1-scaled.png\" alt=\"Keno Banner\" \/><br \/>\n<div class=\"keno-banner-overlay\"><div class=\"keno-banner-text\">Hlavn\u00e1 cena: \u20ac5,000,000<br>\u017drebovania ka\u017ed\u00fdch 8 min\u00fat<\/div><a href=\"https:\/\/keno.redfoxlotto.com\/play\/platinum-keno\" class=\"keno-banner-button\">Hrajte Platinum Keno teraz<\/a><\/div><\/div>\n<div class=\"keno-banner-wrapper\"><img decoding=\"async\" class=\"keno-banner-image\" src=\"https:\/\/redfoxlotto.com\/wp-content\/uploads\/2025\/10\/2-scaled.png\" alt=\"Keno Banner\" \/><br \/>\n<div class=\"keno-banner-overlay\"><div class=\"keno-banner-text\">Hlavn\u00e1 cena: \u20ac2,000,000<br>\u017drebovania ka\u017ed\u00fdch 6 min\u00fat<\/div><a href=\"https:\/\/keno.redfoxlotto.com\/play\/gold-keno\" class=\"keno-banner-button\">Hra\u0165  Gold Keno teraz<\/a><\/div><\/div>\n<p><img loading=\"lazy\" decoding=\"async\" class=\"alignright size-medium wp-image-83635\" src=\"https:\/\/redfoxlotto.com\/wp-content\/uploads\/2025\/03\/keno_card-300x300.jpg\" alt=\"play keno online\" width=\"300\" height=\"300\" srcset=\"https:\/\/redfoxlotto.com\/wp-content\/uploads\/2025\/03\/keno_card-300x300.jpg 300w, https:\/\/redfoxlotto.com\/wp-content\/uploads\/2025\/03\/keno_card-150x150.jpg 150w, https:\/\/redfoxlotto.com\/wp-content\/uploads\/2025\/03\/keno_card-100x100.jpg 100w, https:\/\/redfoxlotto.com\/wp-content\/uploads\/2025\/03\/keno_card.jpg 307w\" sizes=\"auto, (max-width: 300px) 100vw, 300px\" \/><\/p>\n<h2>Rozdiely medzi be\u017enou lot\u00e9riou a Keno<\/h2>\n<p>Pri hre Keno m\u00e1te v\u00e4\u010d\u0161iu kontrolu nad t\u00fdm, ko\u013eko chcete min\u00fa\u0165 na tiket, a tie\u017e rozhodujete o tom, ko\u013eko \u010d\u00edsel si vyberiete.<\/p>\n<ul>\n<li><strong>N\u00e1sobite\u013e<\/strong> &#8211; ka\u017ed\u00fd tiket Keno m\u00e1 z\u00e1kladn\u00fa cenu (minimum, ktor\u00e9 mus\u00edte zaplati\u0165 za jeden tiket), ale je tu aj funkcia n\u00e1sobite\u013ea. Povedzme, \u017ee z\u00e1kladn\u00e1 cena je 1,00 \u20ac. Ak si vyberiete n\u00e1sobite\u013e 5, v\u00e1\u0161 tiket v\u00e1s teraz bude st\u00e1\u0165 5,00 \u20ac. Z\u00e1rove\u0148 sa v\u0161ak suma, ktor\u00fa m\u00f4\u017eete vyhra\u0165, zv\u00fd\u0161i minim\u00e1lne o 5-n\u00e1sobok. Ak chcete vyhra\u0165 maxim\u00e1lnu v\u00fdhru v ka\u017edej v\u00fdplatnej \u00farovni, mus\u00edte si vybra\u0165 maxim\u00e1lny n\u00e1sobite\u013e. N\u00e1sobite\u013e sa m\u00f4\u017ee pohybova\u0165 v rozmedz\u00ed od 1 do 5 alebo od 1 do 10. Ak chcete vidie\u0165 skuto\u010dn\u00fa v\u00fdplatu, kliknite na z\u00e1lo\u017eku \u201eInfo\u201c vy\u0161\u0161ie a zobraz\u00ed sa v\u00e1m tabu\u013eka v\u00fdplat.<\/li>\n<li>Kliknite na n\u00e1sobite\u013e, ktor\u00fd chcete vybra\u0165, a zobrazia sa v\u00fdplaty pre tento n\u00e1sobite\u013e.<\/li>\n<li><strong>Zahrajte viac alebo menej \u010d\u00edsel<\/strong> &#8211; m\u00f4\u017eete sa rozhodn\u00fa\u0165, \u010di chcete pre svoj tiket vybra\u0165 viac alebo menej \u010d\u00edsel. Op\u00e4\u0165 plat\u00ed, \u017ee ak chcete vyhra\u0165 hlavn\u00fa cenu, v\u017edy by ste mali vybra\u0165 maximum, teda 10 \u010d\u00edsel. Ak sa v\u0161ak rozhodnete zahra\u0165 len 8 \u010d\u00edsel, vyhr\u00e1te viac pe\u0148az\u00ed, ak sa v\u0161etky alebo niektor\u00e9 z nich zhoduj\u00fa s vy\u017erebovan\u00fdmi \u010d\u00edslami. V\u00fdplaty v\u00e1m op\u00e4\u0165 uk\u00e1\u017ee tabu\u013eka na str\u00e1nke \u201eInform\u00e1cie\u201c.<\/li>\n<li><strong>Z \u010d\u00edseln\u00e9ho radu sa \u017erebuje viac \u010d\u00edsel<\/strong> &#8211; zatia\u013e \u010do v be\u017enej lot\u00e9rii sa \u017erebuje 5 alebo 6 \u010d\u00edsel z \u010d\u00edseln\u00e9ho fondu 49 alebo 60, pri hre Keno je to inak. Po prv\u00e9, v\u00e4\u010d\u0161ina hier Keno \u017erebuje 20 \u010d\u00edsel, ale aj fond mo\u017en\u00fdch \u010d\u00edsel je v\u00e4\u010d\u0161\u00ed (zvy\u010dajne niekde medzi 70 a 90 \u010d\u00edslami). Pri 20 v\u00fdhern\u00fdch \u010d\u00edslach v\u0161ak sta\u010d\u00ed, aby ste trafili 10 z nich, aby ste vyhrali vysok\u00fa v\u00fdhru. To znamen\u00e1, \u017ee celkov\u00e9 \u0161ance pri hre Keno online s\u00fa v porovnan\u00ed s v\u00e4\u010d\u0161inou be\u017en\u00fdch lot\u00e9ri\u00ed lep\u0161ie.<\/li>\n<\/ul>\n<h2>Ako teda hra\u0165 Keno online?<\/h2>\n<p><strong>V\u0161etko, \u010do mus\u00edte urobi\u0165, aby ste mohli hra\u0165 Keno online, je postupova\u0165 pod\u013ea ni\u017e\u0161ie uveden\u00fdch krokov:<\/strong><\/p>\n<ul>\n<li>Kliknite na jeden z bannerov Keno na tejto str\u00e1nke.<\/li>\n<li>Vyberte, ko\u013eko \u010d\u00edsel chcete hra\u0165<\/li>\n<li>Vyberte n\u00e1sobite\u013e a skontrolujte cenu za tiket (v pr\u00edpade potreby upravte n\u00e1sobite\u013e)<\/li>\n<li>Vyberte si \u010d\u00edsla (alebo pou\u017eite funkciu Quick Pick na generovanie n\u00e1hodn\u00fdch \u010d\u00edsel).<\/li>\n<li>Ak chcete, pridajte viac tiketov pre rovnak\u00e9 \u017erebovanie Keno<\/li>\n<li>Rozhodnite sa, \u010di sa v\u00e1\u0161 tiket alebo tikety maj\u00fa z\u00fa\u010dastni\u0165 jedn\u00e9ho alebo viacer\u00fdch \u017erebovan\u00ed<\/li>\n<li>Zapla\u0165te za svoje tikety (ak e\u0161te nem\u00e1te \u00fa\u010det, mus\u00edte si na na\u0161ej str\u00e1nke vytvori\u0165 nov\u00fd \u00fa\u010det alebo sa prihl\u00e1si\u0165 do svojho existuj\u00faceho \u00fa\u010dtu)<\/li>\n<\/ul>\n<h2>U\u017e len nieko\u013eko min\u00fat pred \u010fal\u0161\u00edm \u017erebovan\u00edm<\/h2>\n<p>V\u00e4\u010d\u0161ina lot\u00e9ri\u00ed Keno sa \u017erebuje ka\u017ed\u00fdch p\u00e1r min\u00fat, tak\u017ee nemus\u00edte dlho \u010daka\u0165, k\u00fdm sa dozviete, \u010di ste vyhrali. V\u017edy, ke\u010f sa bl\u00ed\u017ei \u017erebovanie lot\u00e9rie Keno, k\u00fdm ste na na\u0161ej webovej str\u00e1nke, objav\u00ed sa vyskakovacie okno a kr\u00e1tko na to sa zobraz\u00ed video s anim\u00e1ciou \u017erebovania. Po zobrazen\u00ed vyskakovacieho okna by ste mali ma\u0165 st\u00e1le mo\u017enos\u0165 k\u00fapi\u0165 si tiket a hra\u0165 v tomto nadch\u00e1dzaj\u00facom \u017erebovan\u00ed. Ale aj ke\u010f najbli\u017e\u0161ie \u017erebovanie zme\u0161k\u00e1te, v\u017edy si m\u00f4\u017eete vytvori\u0165 tiket na \u010fal\u0161ie nadch\u00e1dzaj\u00face \u017erebovanie, ktor\u00e9 sa uskuto\u010dn\u00ed u\u017e o nieko\u013eko min\u00fat!<\/p>\n<p>\u017drebovania Keno s\u00fa virtu\u00e1lne \u017erebovania, pri\u010dom \u010d\u00edsla generuje certifikovan\u00fd gener\u00e1tor n\u00e1hodn\u00fdch \u010d\u00edsel. V\u010faka tomu si m\u00f4\u017eete by\u0165 ist\u00ed, \u017ee ke\u010f hr\u00e1te Keno online na na\u0161ej webovej str\u00e1nke, hra je v\u017edy spravodliv\u00e1.<\/p>\n<p>Mimochodom, nejde o verejn\u00fa lot\u00e9riu, v ktorej si m\u00f4\u017eete k\u00fapi\u0165 tikety niekde na<\/p>\n<p>predajnom mieste lot\u00e9rie. Preto pri hr\u00e1ch Keno nedostanete \u017eiadny naskenovan\u00fd tiket, namiesto toho dostanete len potvrdenie na svoje hr\u00e1\u010dske konto.<\/p>\n","protected":false},"excerpt":{"rendered":"<p>Neviete, ako hra\u0165 Keno online? Viete, ako funguje lot\u00e9ria, ale nikdy ste nehrali Keno? Vysvetl\u00edm v\u00e1m, ako hra\u0165 Keno online. Nie je to a\u017e tak\u00e9 zlo\u017eit\u00e9 na pochopenie a na\u0161a platforma umo\u017e\u0148uje jednoduch\u00e9 vytvorenie tiketu Keno. Rozdiely medzi be\u017enou lot\u00e9riou a Keno Pri hre Keno m\u00e1te v\u00e4\u010d\u0161iu kontrolu nad t\u00fdm, ko\u013eko chcete min\u00fa\u0165 na tiket, [&hellip;]<\/p>\n","protected":false},"author":8,"featured_media":0,"parent":0,"menu_order":5,"comment_status":"closed","ping_status":"closed","template":"","meta":{"_et_pb_use_builder":"","_et_pb_old_content":"","_et_gb_content_width":"","exclude_from_search":false,"footnotes":""},"class_list":["post-84437","page","type-page","status-publish","hentry"],"yoast_head":"<!-- This site is optimized with the Yoast SEO plugin v23.8 - https:\/\/yoast.com\/wordpress\/plugins\/seo\/ -->\n<title>Ako hra\u0165 Keno online | Pravidl\u00e1 a strat\u00e9gia hry Keno online<\/title>\n<meta name=\"description\" content=\"Chcete v hre Keno vyhra\u0165 ve\u013ea? Ako hra\u0165 Keno online o najvy\u0161\u0161ie v\u00fdhry a\u017e do v\u00fd\u0161ky 10 mili\u00f3nov eur, pri\u010dom do \u017erebovania nikdy nezost\u00e1va viac ako p\u00e1r min\u00fat\" \/>\n<meta name=\"robots\" content=\"index, follow, max-snippet:-1, max-image-preview:large, max-video-preview:-1\" \/>\n<link rel=\"canonical\" href=\"https:\/\/redfoxlotto.com\/sk\/keno\/\" \/>\n<meta property=\"og:locale\" content=\"sk_SK\" \/>\n<meta property=\"og:type\" content=\"article\" \/>\n<meta property=\"og:title\" content=\"Ako hra\u0165 Keno online | Pravidl\u00e1 a strat\u00e9gia hry Keno online\" \/>\n<meta property=\"og:description\" content=\"Chcete v hre Keno vyhra\u0165 ve\u013ea? Ako hra\u0165 Keno online o najvy\u0161\u0161ie v\u00fdhry a\u017e do v\u00fd\u0161ky 10 mili\u00f3nov eur, pri\u010dom do \u017erebovania nikdy nezost\u00e1va viac ako p\u00e1r min\u00fat\" \/>\n<meta property=\"og:url\" content=\"https:\/\/redfoxlotto.com\/sk\/keno\/\" \/>\n<meta property=\"og:site_name\" content=\"Get Tickets for the World\u2019s largest jackpots\" \/>\n<meta property=\"article:modified_time\" content=\"2025-10-09T14:27:39+00:00\" \/>\n<meta property=\"og:image\" content=\"https:\/\/redfoxlotto.com\/wp-content\/uploads\/2025\/10\/3-scaled.png\" \/>\n<meta name=\"twitter:card\" content=\"summary_large_image\" \/>\n<meta name=\"twitter:label1\" content=\"Predpokladan\u00fd \u010das \u010d\u00edtania\" \/>\n\t<meta name=\"twitter:data1\" content=\"4 min\u00faty\" \/>\n<script type=\"application\/ld+json\" class=\"yoast-schema-graph\">{\"@context\":\"https:\/\/schema.org\",\"@graph\":[{\"@type\":\"WebPage\",\"@id\":\"https:\/\/redfoxlotto.com\/sk\/keno\/\",\"url\":\"https:\/\/redfoxlotto.com\/sk\/keno\/\",\"name\":\"Ako hra\u0165 Keno online | Pravidl\u00e1 a strat\u00e9gia hry Keno online\",\"isPartOf\":{\"@id\":\"https:\/\/redfoxlotto.com\/sk\/#website\"},\"primaryImageOfPage\":{\"@id\":\"https:\/\/redfoxlotto.com\/sk\/keno\/#primaryimage\"},\"image\":{\"@id\":\"https:\/\/redfoxlotto.com\/sk\/keno\/#primaryimage\"},\"thumbnailUrl\":\"https:\/\/redfoxlotto.com\/wp-content\/uploads\/2025\/10\/3-scaled.png\",\"datePublished\":\"2025-02-12T11:12:52+00:00\",\"dateModified\":\"2025-10-09T14:27:39+00:00\",\"description\":\"Chcete v hre Keno vyhra\u0165 ve\u013ea? Ako hra\u0165 Keno online o najvy\u0161\u0161ie v\u00fdhry a\u017e do v\u00fd\u0161ky 10 mili\u00f3nov eur, pri\u010dom do \u017erebovania nikdy nezost\u00e1va viac ako p\u00e1r min\u00fat\",\"breadcrumb\":{\"@id\":\"https:\/\/redfoxlotto.com\/sk\/keno\/#breadcrumb\"},\"inLanguage\":\"sk-SK\",\"potentialAction\":[{\"@type\":\"ReadAction\",\"target\":[\"https:\/\/redfoxlotto.com\/sk\/keno\/\"]}]},{\"@type\":\"ImageObject\",\"inLanguage\":\"sk-SK\",\"@id\":\"https:\/\/redfoxlotto.com\/sk\/keno\/#primaryimage\",\"url\":\"https:\/\/redfoxlotto.com\/wp-content\/uploads\/2025\/10\/3-scaled.png\",\"contentUrl\":\"https:\/\/redfoxlotto.com\/wp-content\/uploads\/2025\/10\/3-scaled.png\"},{\"@type\":\"BreadcrumbList\",\"@id\":\"https:\/\/redfoxlotto.com\/sk\/keno\/#breadcrumb\",\"itemListElement\":[{\"@type\":\"ListItem\",\"position\":1,\"name\":\"Home\",\"item\":\"https:\/\/redfoxlotto.com\/sk\/\"},{\"@type\":\"ListItem\",\"position\":2,\"name\":\"Keno\"}]},{\"@type\":\"WebSite\",\"@id\":\"https:\/\/redfoxlotto.com\/sk\/#website\",\"url\":\"https:\/\/redfoxlotto.com\/sk\/\",\"name\":\"Get Tickets for the World\u2019s largest jackpots\",\"description\":\"Participate in worldwide lottery jackpots from any country\",\"publisher\":{\"@id\":\"https:\/\/redfoxlotto.com\/sk\/#organization\"},\"potentialAction\":[{\"@type\":\"SearchAction\",\"target\":{\"@type\":\"EntryPoint\",\"urlTemplate\":\"https:\/\/redfoxlotto.com\/sk\/?s={search_term_string}\"},\"query-input\":{\"@type\":\"PropertyValueSpecification\",\"valueRequired\":true,\"valueName\":\"search_term_string\"}}],\"inLanguage\":\"sk-SK\"},{\"@type\":\"Organization\",\"@id\":\"https:\/\/redfoxlotto.com\/sk\/#organization\",\"name\":\"Get Tickets for the World\u2019s largest jackpots\",\"url\":\"https:\/\/redfoxlotto.com\/sk\/\",\"logo\":{\"@type\":\"ImageObject\",\"inLanguage\":\"sk-SK\",\"@id\":\"https:\/\/redfoxlotto.com\/sk\/#\/schema\/logo\/image\/\",\"url\":\"https:\/\/redfoxlotto.com\/wp-content\/uploads\/2023\/04\/logo.png\",\"contentUrl\":\"https:\/\/redfoxlotto.com\/wp-content\/uploads\/2023\/04\/logo.png\",\"width\":269,\"height\":53,\"caption\":\"Get Tickets for the World\u2019s largest jackpots\"},\"image\":{\"@id\":\"https:\/\/redfoxlotto.com\/sk\/#\/schema\/logo\/image\/\"}}]}<\/script>\n<!-- \/ Yoast SEO plugin. -->","yoast_head_json":{"title":"Ako hra\u0165 Keno online | Pravidl\u00e1 a strat\u00e9gia hry Keno online","description":"Chcete v hre Keno vyhra\u0165 ve\u013ea? Ako hra\u0165 Keno online o najvy\u0161\u0161ie v\u00fdhry a\u017e do v\u00fd\u0161ky 10 mili\u00f3nov eur, pri\u010dom do \u017erebovania nikdy nezost\u00e1va viac ako p\u00e1r min\u00fat","robots":{"index":"index","follow":"follow","max-snippet":"max-snippet:-1","max-image-preview":"max-image-preview:large","max-video-preview":"max-video-preview:-1"},"canonical":"https:\/\/redfoxlotto.com\/sk\/keno\/","og_locale":"sk_SK","og_type":"article","og_title":"Ako hra\u0165 Keno online | Pravidl\u00e1 a strat\u00e9gia hry Keno online","og_description":"Chcete v hre Keno vyhra\u0165 ve\u013ea? Ako hra\u0165 Keno online o najvy\u0161\u0161ie v\u00fdhry a\u017e do v\u00fd\u0161ky 10 mili\u00f3nov eur, pri\u010dom do \u017erebovania nikdy nezost\u00e1va viac ako p\u00e1r min\u00fat","og_url":"https:\/\/redfoxlotto.com\/sk\/keno\/","og_site_name":"Get Tickets for the World\u2019s largest jackpots","article_modified_time":"2025-10-09T14:27:39+00:00","og_image":[{"url":"https:\/\/redfoxlotto.com\/wp-content\/uploads\/2025\/10\/3-scaled.png"}],"twitter_card":"summary_large_image","twitter_misc":{"Predpokladan\u00fd \u010das \u010d\u00edtania":"4 min\u00faty"},"schema":{"@context":"https:\/\/schema.org","@graph":[{"@type":"WebPage","@id":"https:\/\/redfoxlotto.com\/sk\/keno\/","url":"https:\/\/redfoxlotto.com\/sk\/keno\/","name":"Ako hra\u0165 Keno online | Pravidl\u00e1 a strat\u00e9gia hry Keno online","isPartOf":{"@id":"https:\/\/redfoxlotto.com\/sk\/#website"},"primaryImageOfPage":{"@id":"https:\/\/redfoxlotto.com\/sk\/keno\/#primaryimage"},"image":{"@id":"https:\/\/redfoxlotto.com\/sk\/keno\/#primaryimage"},"thumbnailUrl":"https:\/\/redfoxlotto.com\/wp-content\/uploads\/2025\/10\/3-scaled.png","datePublished":"2025-02-12T11:12:52+00:00","dateModified":"2025-10-09T14:27:39+00:00","description":"Chcete v hre Keno vyhra\u0165 ve\u013ea? Ako hra\u0165 Keno online o najvy\u0161\u0161ie v\u00fdhry a\u017e do v\u00fd\u0161ky 10 mili\u00f3nov eur, pri\u010dom do \u017erebovania nikdy nezost\u00e1va viac ako p\u00e1r min\u00fat","breadcrumb":{"@id":"https:\/\/redfoxlotto.com\/sk\/keno\/#breadcrumb"},"inLanguage":"sk-SK","potentialAction":[{"@type":"ReadAction","target":["https:\/\/redfoxlotto.com\/sk\/keno\/"]}]},{"@type":"ImageObject","inLanguage":"sk-SK","@id":"https:\/\/redfoxlotto.com\/sk\/keno\/#primaryimage","url":"https:\/\/redfoxlotto.com\/wp-content\/uploads\/2025\/10\/3-scaled.png","contentUrl":"https:\/\/redfoxlotto.com\/wp-content\/uploads\/2025\/10\/3-scaled.png"},{"@type":"BreadcrumbList","@id":"https:\/\/redfoxlotto.com\/sk\/keno\/#breadcrumb","itemListElement":[{"@type":"ListItem","position":1,"name":"Home","item":"https:\/\/redfoxlotto.com\/sk\/"},{"@type":"ListItem","position":2,"name":"Keno"}]},{"@type":"WebSite","@id":"https:\/\/redfoxlotto.com\/sk\/#website","url":"https:\/\/redfoxlotto.com\/sk\/","name":"Get Tickets for the World\u2019s largest jackpots","description":"Participate in worldwide lottery jackpots from any country","publisher":{"@id":"https:\/\/redfoxlotto.com\/sk\/#organization"},"potentialAction":[{"@type":"SearchAction","target":{"@type":"EntryPoint","urlTemplate":"https:\/\/redfoxlotto.com\/sk\/?s={search_term_string}"},"query-input":{"@type":"PropertyValueSpecification","valueRequired":true,"valueName":"search_term_string"}}],"inLanguage":"sk-SK"},{"@type":"Organization","@id":"https:\/\/redfoxlotto.com\/sk\/#organization","name":"Get Tickets for the World\u2019s largest jackpots","url":"https:\/\/redfoxlotto.com\/sk\/","logo":{"@type":"ImageObject","inLanguage":"sk-SK","@id":"https:\/\/redfoxlotto.com\/sk\/#\/schema\/logo\/image\/","url":"https:\/\/redfoxlotto.com\/wp-content\/uploads\/2023\/04\/logo.png","contentUrl":"https:\/\/redfoxlotto.com\/wp-content\/uploads\/2023\/04\/logo.png","width":269,"height":53,"caption":"Get Tickets for the World\u2019s largest jackpots"},"image":{"@id":"https:\/\/redfoxlotto.com\/sk\/#\/schema\/logo\/image\/"}}]}},"_links":{"self":[{"href":"https:\/\/redfoxlotto.com\/sk\/wp-json\/wp\/v2\/pages\/84437","targetHints":{"allow":["GET"]}}],"collection":[{"href":"https:\/\/redfoxlotto.com\/sk\/wp-json\/wp\/v2\/pages"}],"about":[{"href":"https:\/\/redfoxlotto.com\/sk\/wp-json\/wp\/v2\/types\/page"}],"author":[{"embeddable":true,"href":"https:\/\/redfoxlotto.com\/sk\/wp-json\/wp\/v2\/users\/8"}],"replies":[{"embeddable":true,"href":"https:\/\/redfoxlotto.com\/sk\/wp-json\/wp\/v2\/comments?post=84437"}],"version-history":[{"count":0,"href":"https:\/\/redfoxlotto.com\/sk\/wp-json\/wp\/v2\/pages\/84437\/revisions"}],"wp:attachment":[{"href":"https:\/\/redfoxlotto.com\/sk\/wp-json\/wp\/v2\/media?parent=84437"}],"curies":[{"name":"wp","href":"https:\/\/api.w.org\/{rel}","templated":true}]}}