{"id":68331,"date":"2024-04-25T08:02:02","date_gmt":"2024-04-25T08:02:02","guid":{"rendered":"https:\/\/redfoxlotto.org\/?page_id=68331"},"modified":"2024-11-24T17:47:36","modified_gmt":"2024-11-24T17:47:36","slug":"purchase-success","status":"publish","type":"page","link":"https:\/\/redfoxlotto.com\/sk\/purchase-success\/","title":{"rendered":"\u00daspech n\u00e1kupu"},"content":{"rendered":"<p>\u00daspe\u0161ne ste si zak\u00fapili svoj los alebo losy!<\/p><p>Podrobnosti o va\u0161ej objedn\u00e1vke m\u00f4\u017eete vidie\u0165 vo svojom hr\u00e1\u010dskom konte. Najprv sa prihl\u00e1ste a kliknite na \u201eMoje tikety\u201c.<\/p><p>Upozor\u0148ujeme, \u017ee skenovanie a nahr\u00e1vanie tiketu s va\u0161imi \u010d\u00edslami m\u00f4\u017ee chv\u00ed\u013eu trva\u0165. Skeny vstupeniek bud\u00fa nahran\u00e9 do v\u00e1\u0161ho hr\u00e1\u010dskeho konta, ale nebud\u00fa v\u00e1m zaslan\u00e9 e-mailom.<\/p><p>Teraz u\u017e len mus\u00edte \u010daka\u0165 na \u017erebovanie &#8211; dr\u017e\u00edme v\u00e1m palce a d\u00fafame, \u017ee vyhr\u00e1te.<\/p><p>Ak v\u00e1\u0161 tiket vyhr\u00e1, v\u017edy dostanete e-mailov\u00e9 upozornenie. Uistite sa, \u017ee na\u0161e e-maily neskon\u010dili v prie\u010dinku \u201eSpam\u201c alebo \u201eNezn\u00e1me\u201c!\u201c<\/p>","protected":false},"excerpt":{"rendered":"<p>\u00daspe\u0161ne ste si zak\u00fapili svoj los alebo losy! Podrobnosti o va\u0161ej objedn\u00e1vke m\u00f4\u017eete vidie\u0165 vo svojom hr\u00e1\u010dskom konte. Najprv sa prihl\u00e1ste a kliknite na \u201eMoje tikety\u201c. Upozor\u0148ujeme, \u017ee skenovanie a nahr\u00e1vanie tiketu s va\u0161imi \u010d\u00edslami m\u00f4\u017ee chv\u00ed\u013eu trva\u0165. Skeny vstupeniek bud\u00fa nahran\u00e9 do v\u00e1\u0161ho hr\u00e1\u010dskeho konta, ale nebud\u00fa v\u00e1m zaslan\u00e9 e-mailom. Teraz u\u017e len mus\u00edte [&hellip;]<\/p>\n","protected":false},"author":1,"featured_media":0,"parent":0,"menu_order":19,"comment_status":"closed","ping_status":"closed","template":"wc_ThankYou.php","meta":{"_et_pb_use_builder":"","_et_pb_old_content":"","_et_gb_content_width":"","exclude_from_search":false,"footnotes":""},"class_list":["post-68331","page","type-page","status-publish","hentry"],"yoast_head":"<!-- This site is optimized with the Yoast SEO plugin v23.8 - https:\/\/yoast.com\/wordpress\/plugins\/seo\/ -->\n<title>\u00daspech n\u00e1kupu<\/title>\n<meta name=\"robots\" content=\"index, follow, max-snippet:-1, max-image-preview:large, max-video-preview:-1\" \/>\n<link rel=\"canonical\" href=\"https:\/\/redfoxlotto.com\/sk\/purchase-success\/\" \/>\n<meta property=\"og:locale\" content=\"sk_SK\" \/>\n<meta property=\"og:type\" content=\"article\" \/>\n<meta property=\"og:title\" content=\"\u00daspech n\u00e1kupu\" \/>\n<meta property=\"og:description\" content=\"\u00daspe\u0161ne ste si zak\u00fapili svoj los alebo losy! Podrobnosti o va\u0161ej objedn\u00e1vke m\u00f4\u017eete vidie\u0165 vo svojom hr\u00e1\u010dskom konte. Najprv sa prihl\u00e1ste a kliknite na \u201eMoje tikety\u201c. Upozor\u0148ujeme, \u017ee skenovanie a nahr\u00e1vanie tiketu s va\u0161imi \u010d\u00edslami m\u00f4\u017ee chv\u00ed\u013eu trva\u0165. Skeny vstupeniek bud\u00fa nahran\u00e9 do v\u00e1\u0161ho hr\u00e1\u010dskeho konta, ale nebud\u00fa v\u00e1m zaslan\u00e9 e-mailom. Teraz u\u017e len mus\u00edte [&hellip;]\" \/>\n<meta property=\"og:url\" content=\"https:\/\/redfoxlotto.com\/sk\/purchase-success\/\" \/>\n<meta property=\"og:site_name\" content=\"Get Tickets for the World\u2019s largest jackpots\" \/>\n<meta property=\"article:modified_time\" content=\"2024-11-24T17:47:36+00:00\" \/>\n<meta name=\"twitter:card\" content=\"summary_large_image\" \/>\n<meta name=\"twitter:label1\" content=\"Predpokladan\u00fd \u010das \u010d\u00edtania\" \/>\n\t<meta name=\"twitter:data1\" content=\"1 min\u00fata\" \/>\n<script type=\"application\/ld+json\" class=\"yoast-schema-graph\">{\"@context\":\"https:\/\/schema.org\",\"@graph\":[{\"@type\":\"WebPage\",\"@id\":\"https:\/\/redfoxlotto.com\/sk\/purchase-success\/\",\"url\":\"https:\/\/redfoxlotto.com\/sk\/purchase-success\/\",\"name\":\"\u00daspech n\u00e1kupu\",\"isPartOf\":{\"@id\":\"https:\/\/redfoxlotto.com\/sk\/#website\"},\"datePublished\":\"2024-04-25T08:02:02+00:00\",\"dateModified\":\"2024-11-24T17:47:36+00:00\",\"breadcrumb\":{\"@id\":\"https:\/\/redfoxlotto.com\/sk\/purchase-success\/#breadcrumb\"},\"inLanguage\":\"sk-SK\",\"potentialAction\":[{\"@type\":\"ReadAction\",\"target\":[\"https:\/\/redfoxlotto.com\/sk\/purchase-success\/\"]}]},{\"@type\":\"BreadcrumbList\",\"@id\":\"https:\/\/redfoxlotto.com\/sk\/purchase-success\/#breadcrumb\",\"itemListElement\":[{\"@type\":\"ListItem\",\"position\":1,\"name\":\"Home\",\"item\":\"https:\/\/redfoxlotto.com\/sk\/\"},{\"@type\":\"ListItem\",\"position\":2,\"name\":\"\u00daspech n\u00e1kupu\"}]},{\"@type\":\"WebSite\",\"@id\":\"https:\/\/redfoxlotto.com\/sk\/#website\",\"url\":\"https:\/\/redfoxlotto.com\/sk\/\",\"name\":\"Get Tickets for the World\u2019s largest jackpots\",\"description\":\"Participate in worldwide lottery jackpots from any country\",\"publisher\":{\"@id\":\"https:\/\/redfoxlotto.com\/sk\/#organization\"},\"potentialAction\":[{\"@type\":\"SearchAction\",\"target\":{\"@type\":\"EntryPoint\",\"urlTemplate\":\"https:\/\/redfoxlotto.com\/sk\/?s={search_term_string}\"},\"query-input\":{\"@type\":\"PropertyValueSpecification\",\"valueRequired\":true,\"valueName\":\"search_term_string\"}}],\"inLanguage\":\"sk-SK\"},{\"@type\":\"Organization\",\"@id\":\"https:\/\/redfoxlotto.com\/sk\/#organization\",\"name\":\"Get Tickets for the World\u2019s largest jackpots\",\"url\":\"https:\/\/redfoxlotto.com\/sk\/\",\"logo\":{\"@type\":\"ImageObject\",\"inLanguage\":\"sk-SK\",\"@id\":\"https:\/\/redfoxlotto.com\/sk\/#\/schema\/logo\/image\/\",\"url\":\"https:\/\/redfoxlotto.com\/wp-content\/uploads\/2023\/04\/logo.png\",\"contentUrl\":\"https:\/\/redfoxlotto.com\/wp-content\/uploads\/2023\/04\/logo.png\",\"width\":269,\"height\":53,\"caption\":\"Get Tickets for the World\u2019s largest jackpots\"},\"image\":{\"@id\":\"https:\/\/redfoxlotto.com\/sk\/#\/schema\/logo\/image\/\"}}]}<\/script>\n<!-- \/ Yoast SEO plugin. -->","yoast_head_json":{"title":"\u00daspech n\u00e1kupu","robots":{"index":"index","follow":"follow","max-snippet":"max-snippet:-1","max-image-preview":"max-image-preview:large","max-video-preview":"max-video-preview:-1"},"canonical":"https:\/\/redfoxlotto.com\/sk\/purchase-success\/","og_locale":"sk_SK","og_type":"article","og_title":"\u00daspech n\u00e1kupu","og_description":"\u00daspe\u0161ne ste si zak\u00fapili svoj los alebo losy! Podrobnosti o va\u0161ej objedn\u00e1vke m\u00f4\u017eete vidie\u0165 vo svojom hr\u00e1\u010dskom konte. Najprv sa prihl\u00e1ste a kliknite na \u201eMoje tikety\u201c. Upozor\u0148ujeme, \u017ee skenovanie a nahr\u00e1vanie tiketu s va\u0161imi \u010d\u00edslami m\u00f4\u017ee chv\u00ed\u013eu trva\u0165. Skeny vstupeniek bud\u00fa nahran\u00e9 do v\u00e1\u0161ho hr\u00e1\u010dskeho konta, ale nebud\u00fa v\u00e1m zaslan\u00e9 e-mailom. Teraz u\u017e len mus\u00edte [&hellip;]","og_url":"https:\/\/redfoxlotto.com\/sk\/purchase-success\/","og_site_name":"Get Tickets for the World\u2019s largest jackpots","article_modified_time":"2024-11-24T17:47:36+00:00","twitter_card":"summary_large_image","twitter_misc":{"Predpokladan\u00fd \u010das \u010d\u00edtania":"1 min\u00fata"},"schema":{"@context":"https:\/\/schema.org","@graph":[{"@type":"WebPage","@id":"https:\/\/redfoxlotto.com\/sk\/purchase-success\/","url":"https:\/\/redfoxlotto.com\/sk\/purchase-success\/","name":"\u00daspech n\u00e1kupu","isPartOf":{"@id":"https:\/\/redfoxlotto.com\/sk\/#website"},"datePublished":"2024-04-25T08:02:02+00:00","dateModified":"2024-11-24T17:47:36+00:00","breadcrumb":{"@id":"https:\/\/redfoxlotto.com\/sk\/purchase-success\/#breadcrumb"},"inLanguage":"sk-SK","potentialAction":[{"@type":"ReadAction","target":["https:\/\/redfoxlotto.com\/sk\/purchase-success\/"]}]},{"@type":"BreadcrumbList","@id":"https:\/\/redfoxlotto.com\/sk\/purchase-success\/#breadcrumb","itemListElement":[{"@type":"ListItem","position":1,"name":"Home","item":"https:\/\/redfoxlotto.com\/sk\/"},{"@type":"ListItem","position":2,"name":"\u00daspech n\u00e1kupu"}]},{"@type":"WebSite","@id":"https:\/\/redfoxlotto.com\/sk\/#website","url":"https:\/\/redfoxlotto.com\/sk\/","name":"Get Tickets for the World\u2019s largest jackpots","description":"Participate in worldwide lottery jackpots from any country","publisher":{"@id":"https:\/\/redfoxlotto.com\/sk\/#organization"},"potentialAction":[{"@type":"SearchAction","target":{"@type":"EntryPoint","urlTemplate":"https:\/\/redfoxlotto.com\/sk\/?s={search_term_string}"},"query-input":{"@type":"PropertyValueSpecification","valueRequired":true,"valueName":"search_term_string"}}],"inLanguage":"sk-SK"},{"@type":"Organization","@id":"https:\/\/redfoxlotto.com\/sk\/#organization","name":"Get Tickets for the World\u2019s largest jackpots","url":"https:\/\/redfoxlotto.com\/sk\/","logo":{"@type":"ImageObject","inLanguage":"sk-SK","@id":"https:\/\/redfoxlotto.com\/sk\/#\/schema\/logo\/image\/","url":"https:\/\/redfoxlotto.com\/wp-content\/uploads\/2023\/04\/logo.png","contentUrl":"https:\/\/redfoxlotto.com\/wp-content\/uploads\/2023\/04\/logo.png","width":269,"height":53,"caption":"Get Tickets for the World\u2019s largest jackpots"},"image":{"@id":"https:\/\/redfoxlotto.com\/sk\/#\/schema\/logo\/image\/"}}]}},"_links":{"self":[{"href":"https:\/\/redfoxlotto.com\/sk\/wp-json\/wp\/v2\/pages\/68331","targetHints":{"allow":["GET"]}}],"collection":[{"href":"https:\/\/redfoxlotto.com\/sk\/wp-json\/wp\/v2\/pages"}],"about":[{"href":"https:\/\/redfoxlotto.com\/sk\/wp-json\/wp\/v2\/types\/page"}],"author":[{"embeddable":true,"href":"https:\/\/redfoxlotto.com\/sk\/wp-json\/wp\/v2\/users\/1"}],"replies":[{"embeddable":true,"href":"https:\/\/redfoxlotto.com\/sk\/wp-json\/wp\/v2\/comments?post=68331"}],"version-history":[{"count":0,"href":"https:\/\/redfoxlotto.com\/sk\/wp-json\/wp\/v2\/pages\/68331\/revisions"}],"wp:attachment":[{"href":"https:\/\/redfoxlotto.com\/sk\/wp-json\/wp\/v2\/media?parent=68331"}],"curies":[{"name":"wp","href":"https:\/\/api.w.org\/{rel}","templated":true}]}}