{"id":50267,"date":"2023-04-13T18:01:41","date_gmt":"2023-04-13T18:01:41","guid":{"rendered":"https:\/\/redfoxlotto.eu\/?page_id=50267"},"modified":"2026-01-06T09:40:34","modified_gmt":"2026-01-06T09:40:34","slug":"na-krajine-vasho-pobytu-nezalezi-hrajte-najvacsie-loterie-na-svete","status":"publish","type":"page","link":"https:\/\/redfoxlotto.com\/sk\/","title":{"rendered":"Na krajine v\u00e1\u0161ho pobytu nez\u00e1le\u017e\u00ed, hrajte najv\u00e4\u010d\u0161ie lot\u00e9rie na svete"},"content":{"rendered":"<p><script type=\"application\/ld+json\">\n{\n  \"@context\": \"https:\/\/schema.org\",\n  \"@type\": \"Service\",\n  \"name\": \"Hrajte Powerball online\",\n  \"url\": \"https:\/\/redfoxlotto.com\/sk\/\",\n  \"description\": \"Najv\u00e4\u010d\u0161ie lot\u00e9riov\u00e9 jackpoty na svete dostupn\u00e9 odkia\u013eko\u013evek \u2013 k\u00fapte si lot\u00e9riov\u00e9 tikety online hne\u010f teraz!\",\n  \"serviceType\": \"Online slu\u017eba sprostredkovania n\u00e1kupu lot\u00e9riov\u00fdch tiketov\",\n  \"provider\": {\n    \"@type\": \"Organization\",\n    \"name\": \"RedFoxLotto\",\n    \"url\": \"https:\/\/redfoxlotto.com\/sk\/\",\n    \"image\": \"https:\/\/redfoxlotto.com\/wp-content\/uploads\/2025\/12\/ticket_scans.jpg\"\n  },\n  \"areaServed\": \"Celosvetovo\",\n  \"termsOfService\": \"https:\/\/redfoxlotto.com\/terms-and-conditions\",\n  \"additionalProperty\": {\n    \"@type\": \"PropertyValue\",\n    \"name\": \"\u010casto kladen\u00e9 ot\u00e1zky\",\n    \"value\": \"https:\/\/redfoxlotto.com\/sk\/faq\/\"\n  },\n  \"hasOfferCatalog\": {\n    \"@type\": \"OfferCatalog\",\n    \"name\": \"Lot\u00e9riov\u00e9 tikety pre medzin\u00e1rodn\u00e9 lot\u00e9rie\",\n    \"itemListElement\": [\n      {\n        \"@type\": \"Offer\",\n        \"name\": \"Tikety pre Powerball, Mega Millions, Euromillions a \u010fal\u0161ie\",\n        \"url\": \"https:\/\/redfoxlotto.com\/sk\/\",\n        \"description\": \"K\u00fapte si tikety na najv\u00e4\u010d\u0161ie lot\u00e9riov\u00e9 jackpoty na svete.\",\n        \"availability\": \"https:\/\/schema.org\/InStock\",\n        \"itemOffered\": {\n          \"@type\": \"Service\",\n          \"name\": \"Medzin\u00e1rodn\u00e9 lot\u00e9riov\u00e9 tikety\",\n          \"description\": \"Z\u00fa\u010dastnite sa medzin\u00e1rodn\u00fdch lot\u00e9ri\u00ed prostredn\u00edctvom RedFoxLotto.\"\n        }\n      }\n    ]\n  },\n  \"mainEntityOfPage\": {\n    \"@type\": \"WebPage\",\n    \"@id\": \"https:\/\/redfoxlotto.com\/sk\/\"\n  }\n}\n<\/script><\/p>\n<h2>Va\u0161a krajina pobytu nehr\u00e1 rolu \u2013 hrajte najv\u00e4\u010d\u0161ie lot\u00e9rie sveta<\/h2>\n<p><img loading=\"lazy\" decoding=\"async\" class=\"size-full wp-image-4467 alignright\" src=\"https:\/\/redfoxlotto.com\/wp-content\/uploads\/2024\/03\/Balls_2.png\" alt=\"online lot\u00e9riov\u00fd l\u00edstok\" width=\"212\" height=\"250\" \/>Ko\u013ekokr\u00e1t ste po\u010duli o v\u00fdhercoch lot\u00e9ri\u00ed na celom svete, ktor\u00ed vyhrali obrovsk\u00e9 sumy pe\u0148az\u00ed? Bohu\u017eia\u013e, tieto obrovsk\u00e9 v\u00fdhry boli v\u00e4\u010d\u0161inou dosiahnut\u00e9 v in\u00fdch krajin\u00e1ch. Samozrejme, aj vo va\u0161ej krajine sa ob\u010das objavia ve\u013ek\u00e9 jackpoty, ale \u010dasto trv\u00e1 dos\u0165 dlho, k\u00fdm jackpot dosiahne dostato\u010dne vysok\u00fa hodnotu. Tak\u017ee ak \u010dak\u00e1te na ve\u013ek\u00fd jackpot, mo\u017eno budete musie\u0165 chv\u00ed\u013eu po\u010dka\u0165.<\/p>\n<p>Teraz si m\u00f4\u017eete k\u00fapi\u0165 lot\u00e9riov\u00e9 l\u00edstky online na najv\u00e4\u010d\u0161ie jackpoty sveta. To znamen\u00e1, \u017ee sa m\u00f4\u017eete z\u00fa\u010dastni\u0165 lot\u00e9ri\u00ed mimo va\u0161ej krajiny. Je to \u00faplne leg\u00e1lne a ve\u013emi pohodln\u00e9. M\u00f4\u017eete si objedna\u0165 l\u00edstok online nieko\u013ek\u00fdmi kliknutiami a zaplati\u0165 napr\u00edklad kreditnou kartou prostredn\u00edctvom plne bezpe\u010dn\u00e9ho procesu. Alternat\u00edvne m\u00f4\u017eete pou\u017ei\u0165 niektor\u00fa z na\u0161ich \u010fal\u0161\u00edch platobn\u00fdch met\u00f3d. \u010coskoro obdr\u017e\u00edte potvrdzuj\u00faci e-mail. \u017diadny l\u00edstok nem\u00f4\u017ee by\u0165 straten\u00fd a automaticky v\u00e1s informujeme o ka\u017edej v\u00fdhre. Takto nepr\u00eddete o v\u00fdhru len preto, \u017ee ste zabudli skontrolova\u0165 l\u00edstok pod\u013ea v\u00fdsledkov lot\u00e9rie.<\/p>\n<h2>Najv\u00e4\u010d\u0161ia v\u00fdhoda n\u00e1kupu lot\u00e9riov\u00e9ho l\u00edstka online<\/h2>\n<p>Najv\u00e4\u010d\u0161ou v\u00fdhodou je, \u017ee si v\u017edy m\u00f4\u017eete k\u00fapi\u0165 l\u00edstky na lot\u00e9rie, ktor\u00e9 maj\u00fa moment\u00e1lne najvy\u0161\u0161ie jackpoty. Nez\u00e1le\u017e\u00ed na tom, ko\u013eko pe\u0148az\u00ed miniete na l\u00edstky. Ur\u010dite je ekonomickej\u0161ie investova\u0165 peniaze do jackpotu 150 mili\u00f3nov ne\u017e do v\u00fdhry 2 mili\u00f3ny. S viac dostupn\u00fdmi online lot\u00e9riami budete m\u00f4c\u0165 ka\u017ed\u00fd t\u00fd\u017ede\u0148 n\u00e1js\u0165 aspo\u0148 jeden obrovsk\u00fd jackpot, \u010do v\u00e1m poskytne lep\u0161\u00ed pomer n\u00e1kladov k potenci\u00e1lnej v\u00fdhre ne\u017e va\u0161a miestna lot\u00e9ria. Niekedy tieto jackpoty m\u00f4\u017eu dosiahnu\u0165 ohromuj\u00face \u00farovne.<\/p>\n<p>Svetov\u00fd rekord jackpotu je 2 040 000 000 $ (j\u00fal 2023). Bol vyhran\u00fd 22. novembra 2022 v americkej lot\u00e9rii Powerball. 13. janu\u00e1ra 2016 bol \u010fal\u0161\u00ed jackpot vo v\u00fd\u0161ke 1,586 miliardy dol\u00e1rov, taktie\u017e vyhran\u00fd v americkej Powerball. Tret\u00ed najvy\u0161\u0161\u00ed jackpot v\u0161etk\u00fdch \u010dias bol vyhrat\u00fd v lot\u00e9rii Mega Millions 23. okt\u00f3bra 2018, ke\u010f \u0161\u0165astn\u00fd v\u00fdherca z\u00edskal 1,537 miliardy dol\u00e1rov.<\/p>\n<p>Mnoh\u00e9 z predch\u00e1dzaj\u00facich v\u00e4\u010d\u0161\u00edch v\u00fdhier v t\u00fdchto lot\u00e9ri\u00e1ch boli dosiahnut\u00e9 n\u00e1kupom l\u00edstkov online.<\/p>\n<h2>\u010co sa stane po objednan\u00ed l\u00edstka online?<\/h2>\n<p><img loading=\"lazy\" decoding=\"async\" class=\"size-medium wp-image-39298 alignright\" src=\"https:\/\/redfoxlotto.com\/wp-content\/uploads\/2023\/04\/1_play_online_lotto.jpg\" alt=\"hra\u0165 lot\u00e9riu online\" width=\"300\" height=\"300\" \/>Slu\u017eba poskytovan\u00e1 RedFoxLotto.com spo\u010d\u00edva v tom, \u017ee m\u00e1me zamestnancov v krajin\u00e1ch r\u00f4znych lot\u00e9ri\u00ed, ktor\u00ed nakupuj\u00fa l\u00edstky, ktor\u00e9 ste si objednali. Ide o skuto\u010dn\u00e9, ofici\u00e1lne lot\u00e9riov\u00e9 l\u00edstky s \u010d\u00edslami, ktor\u00e9 ste si vybrali. Po zak\u00fapen\u00ed dostanete potvrdzuj\u00faci e-mail. Vo svojom klientskom \u00fa\u010dte si m\u00f4\u017eete pozrie\u0165 svoju objedn\u00e1vku a skontrolova\u0165 \u010d\u00edsla. Kr\u00e1tko po objedn\u00e1vke bude sken zak\u00fapen\u00e9ho l\u00edstka nahran\u00fd do v\u00e1\u0161ho klientsk\u00e9ho \u00fa\u010dtu.<\/p>\n<h2>A \u010do ak vyhr\u00e1m?<\/h2>\n<p>Ak\u00e9ko\u013evek v\u00fdhry do 2 500 \u20ac bud\u00fa okam\u017eite prip\u00edsan\u00e9 na v\u00e1\u0161 \u00fa\u010det RedFoxLotto. Ak va\u0161a v\u00fdhra presiahne 2 500 \u20ac, n\u00e1\u0161 t\u00edm z\u00e1kazn\u00edckej podpory v\u00e1s bude kontaktova\u0165, aby dohodol v\u00fdplatu a bude kontaktova\u0165 pr\u00edslu\u0161n\u00fa lot\u00e9riov\u00fa komisiu vo va\u0161om mene. Tak\u00e1to v\u00fdplata sa zvy\u010dajne uskuto\u010dn\u00ed priamo na v\u00e1\u0161 bankov\u00fd \u00fa\u010det alebo dostanete \u0161ek.<\/p>\n<p>Va\u0161e v\u00fdhry spracov\u00e1vame zdarma, okrem malej poplatkovej sumy za bankov\u00e9 prevody do niektor\u00fdch b\u00e1nk.<\/p>\n<p>Pre viac inform\u00e1ci\u00ed si pozrite na\u0161e FAQ alebo kontaktujte n\u00e1\u0161 t\u00edm podpory. U\u017e nie je d\u00f4vod sa uspokoji\u0165 s men\u0161\u00edmi jackpotmi \u2013 vyberte v\u00e4\u010d\u0161\u00ed jackpot a sta\u0148te sa \u010fal\u0161\u00edm multimilion\u00e1rom lot\u00e9rie!<\/p>\n","protected":false},"excerpt":{"rendered":"<p>Va\u0161a krajina pobytu nehr\u00e1 rolu \u2013 hrajte najv\u00e4\u010d\u0161ie lot\u00e9rie sveta Ko\u013ekokr\u00e1t ste po\u010duli o v\u00fdhercoch lot\u00e9ri\u00ed na celom svete, ktor\u00ed vyhrali obrovsk\u00e9 sumy pe\u0148az\u00ed? Bohu\u017eia\u013e, tieto obrovsk\u00e9 v\u00fdhry boli v\u00e4\u010d\u0161inou dosiahnut\u00e9 v in\u00fdch krajin\u00e1ch. Samozrejme, aj vo va\u0161ej krajine sa ob\u010das objavia ve\u013ek\u00e9 jackpoty, ale \u010dasto trv\u00e1 dos\u0165 dlho, k\u00fdm jackpot dosiahne dostato\u010dne vysok\u00fa hodnotu. [&hellip;]<\/p>\n","protected":false},"author":1,"featured_media":0,"parent":0,"menu_order":1,"comment_status":"closed","ping_status":"closed","template":"lotto.php","meta":{"_et_pb_use_builder":"","_et_pb_old_content":"","_et_gb_content_width":"","exclude_from_search":false,"footnotes":""},"class_list":["post-50267","page","type-page","status-publish","hentry"],"yoast_head":"<!-- This site is optimized with the Yoast SEO plugin v23.8 - https:\/\/yoast.com\/wordpress\/plugins\/seo\/ -->\n<title>Lot\u00e9ria online | K\u00fapte l\u00edstky na najv\u00e4\u010d\u0161ie svetov\u00e9 lot\u00e9riov\u00e9 jackpoty<\/title>\n<meta name=\"description\" content=\"Najv\u00e4\u010d\u0161ie svetov\u00e9 lot\u00e9riov\u00e9 jackpoty dostupn\u00e9 odkia\u013eko\u013evek - k\u00fapte si teraz va\u0161e lot\u00e9riov\u00e9 l\u00edstky online!\" \/>\n<meta name=\"robots\" content=\"index, follow, max-snippet:-1, max-image-preview:large, max-video-preview:-1\" \/>\n<link rel=\"canonical\" href=\"https:\/\/redfoxlotto.com\/sk\/\" \/>\n<meta property=\"og:locale\" content=\"sk_SK\" \/>\n<meta property=\"og:type\" content=\"article\" \/>\n<meta property=\"og:title\" content=\"Lot\u00e9ria online | K\u00fapte l\u00edstky na najv\u00e4\u010d\u0161ie svetov\u00e9 lot\u00e9riov\u00e9 jackpoty\" \/>\n<meta property=\"og:description\" content=\"Najv\u00e4\u010d\u0161ie svetov\u00e9 lot\u00e9riov\u00e9 jackpoty dostupn\u00e9 odkia\u013eko\u013evek - k\u00fapte si teraz va\u0161e lot\u00e9riov\u00e9 l\u00edstky online!\" \/>\n<meta property=\"og:url\" content=\"https:\/\/redfoxlotto.com\/sk\/\" \/>\n<meta property=\"og:site_name\" content=\"Get Tickets for the World\u2019s largest jackpots\" \/>\n<meta property=\"article:modified_time\" content=\"2026-01-06T09:40:34+00:00\" \/>\n<meta property=\"og:image\" content=\"https:\/\/redfoxlotto.com\/wp-content\/uploads\/2024\/03\/Balls_2.png\" \/>\n<meta name=\"twitter:card\" content=\"summary_large_image\" \/>\n<meta name=\"twitter:label1\" content=\"Predpokladan\u00fd \u010das \u010d\u00edtania\" \/>\n\t<meta name=\"twitter:data1\" content=\"4 min\u00faty\" \/>\n<script type=\"application\/ld+json\" class=\"yoast-schema-graph\">{\"@context\":\"https:\/\/schema.org\",\"@graph\":[{\"@type\":\"WebPage\",\"@id\":\"https:\/\/redfoxlotto.com\/sk\/\",\"url\":\"https:\/\/redfoxlotto.com\/sk\/\",\"name\":\"Lot\u00e9ria online | K\u00fapte l\u00edstky na najv\u00e4\u010d\u0161ie svetov\u00e9 lot\u00e9riov\u00e9 jackpoty\",\"isPartOf\":{\"@id\":\"https:\/\/redfoxlotto.com\/sk\/#website\"},\"primaryImageOfPage\":{\"@id\":\"https:\/\/redfoxlotto.com\/sk\/#primaryimage\"},\"image\":{\"@id\":\"https:\/\/redfoxlotto.com\/sk\/#primaryimage\"},\"thumbnailUrl\":\"https:\/\/redfoxlotto.com\/wp-content\/uploads\/2024\/03\/Balls_2.png\",\"datePublished\":\"2023-04-13T18:01:41+00:00\",\"dateModified\":\"2026-01-06T09:40:34+00:00\",\"description\":\"Najv\u00e4\u010d\u0161ie svetov\u00e9 lot\u00e9riov\u00e9 jackpoty dostupn\u00e9 odkia\u013eko\u013evek - k\u00fapte si teraz va\u0161e lot\u00e9riov\u00e9 l\u00edstky online!\",\"breadcrumb\":{\"@id\":\"https:\/\/redfoxlotto.com\/sk\/#breadcrumb\"},\"inLanguage\":\"sk-SK\",\"potentialAction\":[{\"@type\":\"ReadAction\",\"target\":[\"https:\/\/redfoxlotto.com\/sk\/\"]}]},{\"@type\":\"ImageObject\",\"inLanguage\":\"sk-SK\",\"@id\":\"https:\/\/redfoxlotto.com\/sk\/#primaryimage\",\"url\":\"https:\/\/redfoxlotto.com\/wp-content\/uploads\/2024\/03\/Balls_2.png\",\"contentUrl\":\"https:\/\/redfoxlotto.com\/wp-content\/uploads\/2024\/03\/Balls_2.png\"},{\"@type\":\"BreadcrumbList\",\"@id\":\"https:\/\/redfoxlotto.com\/sk\/#breadcrumb\",\"itemListElement\":[{\"@type\":\"ListItem\",\"position\":1,\"name\":\"Home\",\"item\":\"https:\/\/redfoxlotto.com\/sk\/\"},{\"@type\":\"ListItem\",\"position\":2,\"name\":\"Na krajine v\u00e1\u0161ho pobytu nez\u00e1le\u017e\u00ed, hrajte najv\u00e4\u010d\u0161ie lot\u00e9rie na svete\"}]},{\"@type\":\"WebSite\",\"@id\":\"https:\/\/redfoxlotto.com\/sk\/#website\",\"url\":\"https:\/\/redfoxlotto.com\/sk\/\",\"name\":\"Get Tickets for the World\u2019s largest jackpots\",\"description\":\"Participate in worldwide lottery jackpots from any country\",\"publisher\":{\"@id\":\"https:\/\/redfoxlotto.com\/sk\/#organization\"},\"potentialAction\":[{\"@type\":\"SearchAction\",\"target\":{\"@type\":\"EntryPoint\",\"urlTemplate\":\"https:\/\/redfoxlotto.com\/sk\/?s={search_term_string}\"},\"query-input\":{\"@type\":\"PropertyValueSpecification\",\"valueRequired\":true,\"valueName\":\"search_term_string\"}}],\"inLanguage\":\"sk-SK\"},{\"@type\":\"Organization\",\"@id\":\"https:\/\/redfoxlotto.com\/sk\/#organization\",\"name\":\"Get Tickets for the World\u2019s largest jackpots\",\"url\":\"https:\/\/redfoxlotto.com\/sk\/\",\"logo\":{\"@type\":\"ImageObject\",\"inLanguage\":\"sk-SK\",\"@id\":\"https:\/\/redfoxlotto.com\/sk\/#\/schema\/logo\/image\/\",\"url\":\"https:\/\/redfoxlotto.com\/wp-content\/uploads\/2023\/04\/logo.png\",\"contentUrl\":\"https:\/\/redfoxlotto.com\/wp-content\/uploads\/2023\/04\/logo.png\",\"width\":269,\"height\":53,\"caption\":\"Get Tickets for the World\u2019s largest jackpots\"},\"image\":{\"@id\":\"https:\/\/redfoxlotto.com\/sk\/#\/schema\/logo\/image\/\"}}]}<\/script>\n<!-- \/ Yoast SEO plugin. -->","yoast_head_json":{"title":"Lot\u00e9ria online | K\u00fapte l\u00edstky na najv\u00e4\u010d\u0161ie svetov\u00e9 lot\u00e9riov\u00e9 jackpoty","description":"Najv\u00e4\u010d\u0161ie svetov\u00e9 lot\u00e9riov\u00e9 jackpoty dostupn\u00e9 odkia\u013eko\u013evek - k\u00fapte si teraz va\u0161e lot\u00e9riov\u00e9 l\u00edstky online!","robots":{"index":"index","follow":"follow","max-snippet":"max-snippet:-1","max-image-preview":"max-image-preview:large","max-video-preview":"max-video-preview:-1"},"canonical":"https:\/\/redfoxlotto.com\/sk\/","og_locale":"sk_SK","og_type":"article","og_title":"Lot\u00e9ria online | K\u00fapte l\u00edstky na najv\u00e4\u010d\u0161ie svetov\u00e9 lot\u00e9riov\u00e9 jackpoty","og_description":"Najv\u00e4\u010d\u0161ie svetov\u00e9 lot\u00e9riov\u00e9 jackpoty dostupn\u00e9 odkia\u013eko\u013evek - k\u00fapte si teraz va\u0161e lot\u00e9riov\u00e9 l\u00edstky online!","og_url":"https:\/\/redfoxlotto.com\/sk\/","og_site_name":"Get Tickets for the World\u2019s largest jackpots","article_modified_time":"2026-01-06T09:40:34+00:00","og_image":[{"url":"https:\/\/redfoxlotto.com\/wp-content\/uploads\/2024\/03\/Balls_2.png"}],"twitter_card":"summary_large_image","twitter_misc":{"Predpokladan\u00fd \u010das \u010d\u00edtania":"4 min\u00faty"},"schema":{"@context":"https:\/\/schema.org","@graph":[{"@type":"WebPage","@id":"https:\/\/redfoxlotto.com\/sk\/","url":"https:\/\/redfoxlotto.com\/sk\/","name":"Lot\u00e9ria online | K\u00fapte l\u00edstky na najv\u00e4\u010d\u0161ie svetov\u00e9 lot\u00e9riov\u00e9 jackpoty","isPartOf":{"@id":"https:\/\/redfoxlotto.com\/sk\/#website"},"primaryImageOfPage":{"@id":"https:\/\/redfoxlotto.com\/sk\/#primaryimage"},"image":{"@id":"https:\/\/redfoxlotto.com\/sk\/#primaryimage"},"thumbnailUrl":"https:\/\/redfoxlotto.com\/wp-content\/uploads\/2024\/03\/Balls_2.png","datePublished":"2023-04-13T18:01:41+00:00","dateModified":"2026-01-06T09:40:34+00:00","description":"Najv\u00e4\u010d\u0161ie svetov\u00e9 lot\u00e9riov\u00e9 jackpoty dostupn\u00e9 odkia\u013eko\u013evek - k\u00fapte si teraz va\u0161e lot\u00e9riov\u00e9 l\u00edstky online!","breadcrumb":{"@id":"https:\/\/redfoxlotto.com\/sk\/#breadcrumb"},"inLanguage":"sk-SK","potentialAction":[{"@type":"ReadAction","target":["https:\/\/redfoxlotto.com\/sk\/"]}]},{"@type":"ImageObject","inLanguage":"sk-SK","@id":"https:\/\/redfoxlotto.com\/sk\/#primaryimage","url":"https:\/\/redfoxlotto.com\/wp-content\/uploads\/2024\/03\/Balls_2.png","contentUrl":"https:\/\/redfoxlotto.com\/wp-content\/uploads\/2024\/03\/Balls_2.png"},{"@type":"BreadcrumbList","@id":"https:\/\/redfoxlotto.com\/sk\/#breadcrumb","itemListElement":[{"@type":"ListItem","position":1,"name":"Home","item":"https:\/\/redfoxlotto.com\/sk\/"},{"@type":"ListItem","position":2,"name":"Na krajine v\u00e1\u0161ho pobytu nez\u00e1le\u017e\u00ed, hrajte najv\u00e4\u010d\u0161ie lot\u00e9rie na svete"}]},{"@type":"WebSite","@id":"https:\/\/redfoxlotto.com\/sk\/#website","url":"https:\/\/redfoxlotto.com\/sk\/","name":"Get Tickets for the World\u2019s largest jackpots","description":"Participate in worldwide lottery jackpots from any country","publisher":{"@id":"https:\/\/redfoxlotto.com\/sk\/#organization"},"potentialAction":[{"@type":"SearchAction","target":{"@type":"EntryPoint","urlTemplate":"https:\/\/redfoxlotto.com\/sk\/?s={search_term_string}"},"query-input":{"@type":"PropertyValueSpecification","valueRequired":true,"valueName":"search_term_string"}}],"inLanguage":"sk-SK"},{"@type":"Organization","@id":"https:\/\/redfoxlotto.com\/sk\/#organization","name":"Get Tickets for the World\u2019s largest jackpots","url":"https:\/\/redfoxlotto.com\/sk\/","logo":{"@type":"ImageObject","inLanguage":"sk-SK","@id":"https:\/\/redfoxlotto.com\/sk\/#\/schema\/logo\/image\/","url":"https:\/\/redfoxlotto.com\/wp-content\/uploads\/2023\/04\/logo.png","contentUrl":"https:\/\/redfoxlotto.com\/wp-content\/uploads\/2023\/04\/logo.png","width":269,"height":53,"caption":"Get Tickets for the World\u2019s largest jackpots"},"image":{"@id":"https:\/\/redfoxlotto.com\/sk\/#\/schema\/logo\/image\/"}}]}},"_links":{"self":[{"href":"https:\/\/redfoxlotto.com\/sk\/wp-json\/wp\/v2\/pages\/50267","targetHints":{"allow":["GET"]}}],"collection":[{"href":"https:\/\/redfoxlotto.com\/sk\/wp-json\/wp\/v2\/pages"}],"about":[{"href":"https:\/\/redfoxlotto.com\/sk\/wp-json\/wp\/v2\/types\/page"}],"author":[{"embeddable":true,"href":"https:\/\/redfoxlotto.com\/sk\/wp-json\/wp\/v2\/users\/1"}],"replies":[{"embeddable":true,"href":"https:\/\/redfoxlotto.com\/sk\/wp-json\/wp\/v2\/comments?post=50267"}],"version-history":[{"count":0,"href":"https:\/\/redfoxlotto.com\/sk\/wp-json\/wp\/v2\/pages\/50267\/revisions"}],"wp:attachment":[{"href":"https:\/\/redfoxlotto.com\/sk\/wp-json\/wp\/v2\/media?parent=50267"}],"curies":[{"name":"wp","href":"https:\/\/api.w.org\/{rel}","templated":true}]}}