{"id":14478,"date":"2020-08-18T09:19:26","date_gmt":"2020-08-18T09:19:26","guid":{"rendered":"https:\/\/redfoxlotto.com\/?page_id=14478"},"modified":"2020-08-22T09:23:59","modified_gmt":"2020-08-22T08:23:59","slug":"lotto-6aus49","status":"publish","type":"page","link":"https:\/\/redfoxlotto.com\/sk\/loterie\/lotto-6aus49\/","title":{"rendered":"Nemecke loto"},"content":{"rendered":"<h2 class=\"wp-block-heading\">K\u00fapte si vstupenky na nemeck\u00e9 Lotto 6aus49 online<\/h2><p><img decoding=\"async\" class=\"size-full wp-image alignright\" src=\"https:\/\/content.redfoxlotto.com\/uploads\/sites\/9\/1_buy_lottery_online.jpg\" alt=\"nemeck\u00e9 tikety\"><\/p><p>Ke\u010f sa rozhodnete, \u017ee si chcete zahra\u0165 nemeck\u00e9 loto, je \u010das skuto\u010dne si k\u00fapi\u0165 vstupenky. Ako si v\u0161ak m\u00f4\u017eete k\u00fapi\u0165 online l\u00edstky na nemeck\u00fa loteriu 6aus49? Je to vlastne jednoduch\u0161ie, ako si mo\u017eno mysl\u00edte. V\u0161etko, \u010do mus\u00edte urobi\u0165, je nav\u0161t\u00edvi\u0165 RedFoxLotto.com, aby ste mohli za\u010da\u0165.<\/p><!--more--><h2 class=\"wp-block-heading\">Vyberanie va\u0161ich \u010d\u00edsel<\/h2><p>Ke\u010f ste pripraven\u00ed hra\u0165, sta\u010d\u00ed zvoli\u0165 6 \u010d\u00edsel medzi 1 a 49 a 1 medzi 0 a 9. To je v\u0161etko. Ak potom d\u00e1te aspo\u0148 3 \u010d\u00edsla, budete v hre nie\u010do vyhr\u00e1va\u0165. Prira\u010fte e\u0161te viac a e\u0161te viac vyhr\u00e1te.<\/p><h2 class=\"wp-block-heading\">N\u00e1kup vstupeniek<\/h2><p><img loading=\"lazy\" decoding=\"async\" class=\" wp-image alignright\" src=\"https:\/\/content.redfoxlotto.com\/uploads\/sites\/9\/1_lottery_draw_balls.jpg\" alt=\"vyhra\u0165 lot\u00e9riu online\" width=\"247\" height=\"247\" \/><\/p><p>Teraz u\u017e viete, ako zisti\u0165 svoje \u010d\u00edsla, ale ako si k\u00fapite l\u00edstky? Je to jednoduch\u00e9. Prihl\u00e1ste sa na RedFoxLotto.com a vyberte po\u017eadovan\u00e9 \u010d\u00edsla pre po\u017eadovan\u00fa hru. M\u00f4\u017ee to by\u0165 t\u00e1to alebo ktor\u00e1ko\u013evek in\u00e1 hra. Potom vyberte, na ko\u013eko v\u00fdkresov chcete, aby boli va\u0161e vstupenky dobr\u00e9, a zadajte po\u017eadovan\u00fd sp\u00f4sob platby.<\/p><p>Po zadan\u00ed platobn\u00fdch inform\u00e1ci\u00ed a dokon\u010den\u00ed n\u00e1kupu sta\u010d\u00ed \u010daka\u0165, a\u017e zist\u00edte, \u010di ste nie\u010do vyhrali.<\/p><h2 class=\"wp-block-heading\">Vyhrali ste<\/h2><p>Ak si kupujete l\u00edstky na nemeck\u00e9 Lotto 6aus49 online, tie\u017e chcete zisti\u0165, \u010di ste vyhrali online, a to je jednoduch\u0161ie, ako si mysl\u00edte. Mus\u00edte sa iba prihl\u00e1si\u0165 do svojho \u00fa\u010dtu a skontrolova\u0165 sekciu tikety, aby ste videli v\u00fdhern\u00e9 \u010d\u00edsla a porovnanie va\u0161ich \u010d\u00edsel.<\/p>","protected":false},"excerpt":{"rendered":"<p>K\u00fapte si vstupenky na nemeck\u00e9 Lotto 6aus49 online Ke\u010f sa rozhodnete, \u017ee si chcete zahra\u0165 nemeck\u00e9 loto, je \u010das skuto\u010dne si k\u00fapi\u0165 vstupenky. Ako si v\u0161ak m\u00f4\u017eete k\u00fapi\u0165 online l\u00edstky na nemeck\u00fa loteriu 6aus49? Je to vlastne jednoduch\u0161ie, ako si mo\u017eno mysl\u00edte. V\u0161etko, \u010do mus\u00edte urobi\u0165, je nav\u0161t\u00edvi\u0165 RedFoxLotto.com, aby ste mohli za\u010da\u0165.<\/p>\n","protected":false},"author":1,"featured_media":0,"parent":10252,"menu_order":15,"comment_status":"closed","ping_status":"closed","template":"lotto-german-info.php","meta":{"_et_pb_use_builder":"","_et_pb_old_content":"","_et_gb_content_width":"","exclude_from_search":false,"footnotes":""},"class_list":["post-14478","page","type-page","status-publish","hentry"],"yoast_head":"<!-- This site is optimized with the Yoast SEO plugin v23.8 - https:\/\/yoast.com\/wordpress\/plugins\/seo\/ -->\n<title>Z\u00edskajte l\u00edstky na Nemecke Lotto online<\/title>\n<meta name=\"description\" content=\"Fan\u00fa\u0161ikovia Lotta z kraj\u00edn mimo Nemecka m\u00f4\u017eu teraz z\u00edska\u0165 vstupenky na \u201e6 aus 49\u201c online\" \/>\n<meta name=\"robots\" content=\"index, follow, max-snippet:-1, max-image-preview:large, max-video-preview:-1\" \/>\n<link rel=\"canonical\" href=\"https:\/\/redfoxlotto.com\/sk\/loterie\/lotto-6aus49\/\" \/>\n<meta property=\"og:locale\" content=\"sk_SK\" \/>\n<meta property=\"og:type\" content=\"article\" \/>\n<meta property=\"og:title\" content=\"Z\u00edskajte l\u00edstky na Nemecke Lotto online\" \/>\n<meta property=\"og:description\" content=\"Fan\u00fa\u0161ikovia Lotta z kraj\u00edn mimo Nemecka m\u00f4\u017eu teraz z\u00edska\u0165 vstupenky na \u201e6 aus 49\u201c online\" \/>\n<meta property=\"og:url\" content=\"https:\/\/redfoxlotto.com\/sk\/loterie\/lotto-6aus49\/\" \/>\n<meta property=\"og:site_name\" content=\"Get Tickets for the World\u2019s largest jackpots\" \/>\n<meta property=\"article:modified_time\" content=\"2020-08-22T08:23:59+00:00\" \/>\n<meta property=\"og:image\" content=\"https:\/\/content.redfoxlotto.com\/uploads\/sites\/9\/1_buy_lottery_online.jpg\" \/>\n<meta name=\"twitter:card\" content=\"summary_large_image\" \/>\n<meta name=\"twitter:label1\" content=\"Predpokladan\u00fd \u010das \u010d\u00edtania\" \/>\n\t<meta name=\"twitter:data1\" content=\"2 min\u00faty\" \/>\n<script type=\"application\/ld+json\" class=\"yoast-schema-graph\">{\"@context\":\"https:\/\/schema.org\",\"@graph\":[{\"@type\":\"WebPage\",\"@id\":\"https:\/\/redfoxlotto.com\/sk\/loterie\/lotto-6aus49\/\",\"url\":\"https:\/\/redfoxlotto.com\/sk\/loterie\/lotto-6aus49\/\",\"name\":\"Z\u00edskajte l\u00edstky na Nemecke Lotto online\",\"isPartOf\":{\"@id\":\"https:\/\/redfoxlotto.com\/sk\/#website\"},\"primaryImageOfPage\":{\"@id\":\"https:\/\/redfoxlotto.com\/sk\/loterie\/lotto-6aus49\/#primaryimage\"},\"image\":{\"@id\":\"https:\/\/redfoxlotto.com\/sk\/loterie\/lotto-6aus49\/#primaryimage\"},\"thumbnailUrl\":\"https:\/\/content.redfoxlotto.com\/uploads\/sites\/9\/1_buy_lottery_online.jpg\",\"datePublished\":\"2020-08-18T09:19:26+00:00\",\"dateModified\":\"2020-08-22T08:23:59+00:00\",\"description\":\"Fan\u00fa\u0161ikovia Lotta z kraj\u00edn mimo Nemecka m\u00f4\u017eu teraz z\u00edska\u0165 vstupenky na \u201e6 aus 49\u201c online\",\"breadcrumb\":{\"@id\":\"https:\/\/redfoxlotto.com\/sk\/loterie\/lotto-6aus49\/#breadcrumb\"},\"inLanguage\":\"sk-SK\",\"potentialAction\":[{\"@type\":\"ReadAction\",\"target\":[\"https:\/\/redfoxlotto.com\/sk\/loterie\/lotto-6aus49\/\"]}]},{\"@type\":\"ImageObject\",\"inLanguage\":\"sk-SK\",\"@id\":\"https:\/\/redfoxlotto.com\/sk\/loterie\/lotto-6aus49\/#primaryimage\",\"url\":\"https:\/\/content.redfoxlotto.com\/uploads\/sites\/9\/1_buy_lottery_online.jpg\",\"contentUrl\":\"https:\/\/content.redfoxlotto.com\/uploads\/sites\/9\/1_buy_lottery_online.jpg\"},{\"@type\":\"BreadcrumbList\",\"@id\":\"https:\/\/redfoxlotto.com\/sk\/loterie\/lotto-6aus49\/#breadcrumb\",\"itemListElement\":[{\"@type\":\"ListItem\",\"position\":1,\"name\":\"Home\",\"item\":\"https:\/\/redfoxlotto.com\/sk\/\"},{\"@type\":\"ListItem\",\"position\":2,\"name\":\"Ako k\u00fapi\u0165 online lot\u00e9riov\u00e9 l\u00edstky &#8211; proces n\u00e1kupu\",\"item\":\"https:\/\/redfoxlotto.com\/sk\/loterie\/\"},{\"@type\":\"ListItem\",\"position\":3,\"name\":\"Nemecke loto\"}]},{\"@type\":\"WebSite\",\"@id\":\"https:\/\/redfoxlotto.com\/sk\/#website\",\"url\":\"https:\/\/redfoxlotto.com\/sk\/\",\"name\":\"Get Tickets for the World\u2019s largest jackpots\",\"description\":\"Participate in worldwide lottery jackpots from any country\",\"publisher\":{\"@id\":\"https:\/\/redfoxlotto.com\/sk\/#organization\"},\"potentialAction\":[{\"@type\":\"SearchAction\",\"target\":{\"@type\":\"EntryPoint\",\"urlTemplate\":\"https:\/\/redfoxlotto.com\/sk\/?s={search_term_string}\"},\"query-input\":{\"@type\":\"PropertyValueSpecification\",\"valueRequired\":true,\"valueName\":\"search_term_string\"}}],\"inLanguage\":\"sk-SK\"},{\"@type\":\"Organization\",\"@id\":\"https:\/\/redfoxlotto.com\/sk\/#organization\",\"name\":\"Get Tickets for the World\u2019s largest jackpots\",\"url\":\"https:\/\/redfoxlotto.com\/sk\/\",\"logo\":{\"@type\":\"ImageObject\",\"inLanguage\":\"sk-SK\",\"@id\":\"https:\/\/redfoxlotto.com\/sk\/#\/schema\/logo\/image\/\",\"url\":\"https:\/\/redfoxlotto.com\/wp-content\/uploads\/2023\/04\/logo.png\",\"contentUrl\":\"https:\/\/redfoxlotto.com\/wp-content\/uploads\/2023\/04\/logo.png\",\"width\":269,\"height\":53,\"caption\":\"Get Tickets for the World\u2019s largest jackpots\"},\"image\":{\"@id\":\"https:\/\/redfoxlotto.com\/sk\/#\/schema\/logo\/image\/\"}}]}<\/script>\n<!-- \/ Yoast SEO plugin. -->","yoast_head_json":{"title":"Z\u00edskajte l\u00edstky na Nemecke Lotto online","description":"Fan\u00fa\u0161ikovia Lotta z kraj\u00edn mimo Nemecka m\u00f4\u017eu teraz z\u00edska\u0165 vstupenky na \u201e6 aus 49\u201c online","robots":{"index":"index","follow":"follow","max-snippet":"max-snippet:-1","max-image-preview":"max-image-preview:large","max-video-preview":"max-video-preview:-1"},"canonical":"https:\/\/redfoxlotto.com\/sk\/loterie\/lotto-6aus49\/","og_locale":"sk_SK","og_type":"article","og_title":"Z\u00edskajte l\u00edstky na Nemecke Lotto online","og_description":"Fan\u00fa\u0161ikovia Lotta z kraj\u00edn mimo Nemecka m\u00f4\u017eu teraz z\u00edska\u0165 vstupenky na \u201e6 aus 49\u201c online","og_url":"https:\/\/redfoxlotto.com\/sk\/loterie\/lotto-6aus49\/","og_site_name":"Get Tickets for the World\u2019s largest jackpots","article_modified_time":"2020-08-22T08:23:59+00:00","og_image":[{"url":"https:\/\/content.redfoxlotto.com\/uploads\/sites\/9\/1_buy_lottery_online.jpg"}],"twitter_card":"summary_large_image","twitter_misc":{"Predpokladan\u00fd \u010das \u010d\u00edtania":"2 min\u00faty"},"schema":{"@context":"https:\/\/schema.org","@graph":[{"@type":"WebPage","@id":"https:\/\/redfoxlotto.com\/sk\/loterie\/lotto-6aus49\/","url":"https:\/\/redfoxlotto.com\/sk\/loterie\/lotto-6aus49\/","name":"Z\u00edskajte l\u00edstky na Nemecke Lotto online","isPartOf":{"@id":"https:\/\/redfoxlotto.com\/sk\/#website"},"primaryImageOfPage":{"@id":"https:\/\/redfoxlotto.com\/sk\/loterie\/lotto-6aus49\/#primaryimage"},"image":{"@id":"https:\/\/redfoxlotto.com\/sk\/loterie\/lotto-6aus49\/#primaryimage"},"thumbnailUrl":"https:\/\/content.redfoxlotto.com\/uploads\/sites\/9\/1_buy_lottery_online.jpg","datePublished":"2020-08-18T09:19:26+00:00","dateModified":"2020-08-22T08:23:59+00:00","description":"Fan\u00fa\u0161ikovia Lotta z kraj\u00edn mimo Nemecka m\u00f4\u017eu teraz z\u00edska\u0165 vstupenky na \u201e6 aus 49\u201c online","breadcrumb":{"@id":"https:\/\/redfoxlotto.com\/sk\/loterie\/lotto-6aus49\/#breadcrumb"},"inLanguage":"sk-SK","potentialAction":[{"@type":"ReadAction","target":["https:\/\/redfoxlotto.com\/sk\/loterie\/lotto-6aus49\/"]}]},{"@type":"ImageObject","inLanguage":"sk-SK","@id":"https:\/\/redfoxlotto.com\/sk\/loterie\/lotto-6aus49\/#primaryimage","url":"https:\/\/content.redfoxlotto.com\/uploads\/sites\/9\/1_buy_lottery_online.jpg","contentUrl":"https:\/\/content.redfoxlotto.com\/uploads\/sites\/9\/1_buy_lottery_online.jpg"},{"@type":"BreadcrumbList","@id":"https:\/\/redfoxlotto.com\/sk\/loterie\/lotto-6aus49\/#breadcrumb","itemListElement":[{"@type":"ListItem","position":1,"name":"Home","item":"https:\/\/redfoxlotto.com\/sk\/"},{"@type":"ListItem","position":2,"name":"Ako k\u00fapi\u0165 online lot\u00e9riov\u00e9 l\u00edstky &#8211; proces n\u00e1kupu","item":"https:\/\/redfoxlotto.com\/sk\/loterie\/"},{"@type":"ListItem","position":3,"name":"Nemecke loto"}]},{"@type":"WebSite","@id":"https:\/\/redfoxlotto.com\/sk\/#website","url":"https:\/\/redfoxlotto.com\/sk\/","name":"Get Tickets for the World\u2019s largest jackpots","description":"Participate in worldwide lottery jackpots from any country","publisher":{"@id":"https:\/\/redfoxlotto.com\/sk\/#organization"},"potentialAction":[{"@type":"SearchAction","target":{"@type":"EntryPoint","urlTemplate":"https:\/\/redfoxlotto.com\/sk\/?s={search_term_string}"},"query-input":{"@type":"PropertyValueSpecification","valueRequired":true,"valueName":"search_term_string"}}],"inLanguage":"sk-SK"},{"@type":"Organization","@id":"https:\/\/redfoxlotto.com\/sk\/#organization","name":"Get Tickets for the World\u2019s largest jackpots","url":"https:\/\/redfoxlotto.com\/sk\/","logo":{"@type":"ImageObject","inLanguage":"sk-SK","@id":"https:\/\/redfoxlotto.com\/sk\/#\/schema\/logo\/image\/","url":"https:\/\/redfoxlotto.com\/wp-content\/uploads\/2023\/04\/logo.png","contentUrl":"https:\/\/redfoxlotto.com\/wp-content\/uploads\/2023\/04\/logo.png","width":269,"height":53,"caption":"Get Tickets for the World\u2019s largest jackpots"},"image":{"@id":"https:\/\/redfoxlotto.com\/sk\/#\/schema\/logo\/image\/"}}]}},"_links":{"self":[{"href":"https:\/\/redfoxlotto.com\/sk\/wp-json\/wp\/v2\/pages\/14478","targetHints":{"allow":["GET"]}}],"collection":[{"href":"https:\/\/redfoxlotto.com\/sk\/wp-json\/wp\/v2\/pages"}],"about":[{"href":"https:\/\/redfoxlotto.com\/sk\/wp-json\/wp\/v2\/types\/page"}],"author":[{"embeddable":true,"href":"https:\/\/redfoxlotto.com\/sk\/wp-json\/wp\/v2\/users\/1"}],"replies":[{"embeddable":true,"href":"https:\/\/redfoxlotto.com\/sk\/wp-json\/wp\/v2\/comments?post=14478"}],"version-history":[{"count":0,"href":"https:\/\/redfoxlotto.com\/sk\/wp-json\/wp\/v2\/pages\/14478\/revisions"}],"up":[{"embeddable":true,"href":"https:\/\/redfoxlotto.com\/sk\/wp-json\/wp\/v2\/pages\/10252"}],"wp:attachment":[{"href":"https:\/\/redfoxlotto.com\/sk\/wp-json\/wp\/v2\/media?parent=14478"}],"curies":[{"name":"wp","href":"https:\/\/api.w.org\/{rel}","templated":true}]}}