{"id":14436,"date":"2020-08-18T09:13:31","date_gmt":"2020-08-18T09:13:31","guid":{"rendered":"https:\/\/redfoxlotto.com\/?page_id=14436"},"modified":"2020-08-22T09:10:40","modified_gmt":"2020-08-22T08:10:40","slug":"lotto-at","status":"publish","type":"page","link":"https:\/\/redfoxlotto.com\/sk\/loterie\/lotto-at\/","title":{"rendered":"O rak\u00faskom Lotte"},"content":{"rendered":"<h2 class=\"wp-block-heading\">K\u00fapte si l\u00edstky na rak\u00faske Lotto online<\/h2><p><img loading=\"lazy\" decoding=\"async\" class=\" wp-image alignright\" src=\"https:\/\/content.redfoxlotto.com\/uploads\/sites\/9\/1_buy_lotto_to_win.jpg\" alt=\"online vstupenky do loto rak\u00faska\" width=\"241\" height=\"153\" \/><\/p><p>Ke\u010f pr\u00edde \u010das na n\u00e1kup l\u00edstkov na rak\u00faske Lotto online, mus\u00edte vedie\u0165, ako na to, \u017ee? Najprv by ste v\u0161ak chceli vedie\u0165, pre\u010do sa budete tr\u00e1pi\u0165. Na to je vlastne jednoduch\u00e1 ot\u00e1zka, na ktor\u00fa treba odpoveda\u0165, preto\u017ee t\u00e1to hra je ur\u010dite z\u00e1bavn\u00e1.<\/p><!--more--><p>M\u00f4\u017eete zvoli\u0165 6 \u010d\u00edsel, ktor\u00e9 mus\u00edte zodpoveda\u0165, aby ste z\u00edskali jackpot. Nie\u010do v\u0161ak m\u00f4\u017eete vyhra\u0165, ak na \u017erebovan\u00ed spoj\u00edte aspo\u0148 2 \u010d\u00edsla. Priraden\u00edm e\u0161te v\u00e4\u010d\u0161ieho po\u010dtu \u010d\u00edsel z\u00edskate e\u0161te vy\u0161\u0161iu cenu a pri najvy\u0161\u0161\u00edch z\u00e1pasoch budete ma\u0165 k dispoz\u00edcii lep\u0161ie ceny.<\/p><h2 class=\"wp-block-heading\">Ako k\u00fapi\u0165 vstupenky na rak\u00faske Lotto Online<\/h2><p>Ak ste pripraven\u00ed na n\u00e1kup vstupeniek, mus\u00edte najsk\u00f4r vyh\u013eada\u0165 webov\u00fa str\u00e1nku, kde s\u00fa pon\u00fakan\u00e9. Na\u0161\u0165astie pre v\u00e1s, RedFoxLotto.com je najlep\u0161\u00edm miestom na zak\u00fapenie l\u00edstkov a u\u013eah\u010d\u00ed v\u00e1m r\u00fdchle vyh\u013eadanie toho, \u010do h\u013ead\u00e1te.<\/p><p>M\u00f4\u017eete si zvoli\u0165 svoje \u010d\u00edsla alebo si m\u00f4\u017eete zvoli\u0165 \u013eahk\u00fd v\u00fdber l\u00edstka, kde bud\u00fa \u010d\u00edsla vybran\u00e9 za v\u00e1s. Potom uskuto\u010dn\u00edte platbu pomocou svojho ob\u013e\u00faben\u00e9ho sp\u00f4sobu platby. Uskuto\u010dnenie platby a potvrdenie objedn\u00e1vky bude okam\u017eit\u00e9. Potom u\u017e len \u010dak\u00e1te na v\u00fdhern\u00e9 \u010d\u00edsla.<\/p><h2 class=\"wp-block-heading\">\u010co s\u00fa v\u00fdhern\u00e9 \u010d\u00edsla<\/h2><p>Ke\u010f si online zak\u00fapite tikety do rak\u00faskeho Lotta a \u017erebovanie je hotov\u00e9, m\u00f4\u017eete si pozrie\u0165 sekciu tiketov, kde uvid\u00edte v\u0161etky \u010d\u00edsla, ktor\u00e9 ste porovnali s v\u00fdhern\u00fdmi \u010d\u00edslami a \u010do ste mohli vyhra\u0165.<\/p>","protected":false},"excerpt":{"rendered":"<p>K\u00fapte si l\u00edstky na rak\u00faske Lotto online Ke\u010f pr\u00edde \u010das na n\u00e1kup l\u00edstkov na rak\u00faske Lotto online, mus\u00edte vedie\u0165, ako na to, \u017ee? Najprv by ste v\u0161ak chceli vedie\u0165, pre\u010do sa budete tr\u00e1pi\u0165. Na to je vlastne jednoduch\u00e1 ot\u00e1zka, na ktor\u00fa treba odpoveda\u0165, preto\u017ee t\u00e1to hra je ur\u010dite z\u00e1bavn\u00e1.<\/p>\n","protected":false},"author":1,"featured_media":0,"parent":10252,"menu_order":16,"comment_status":"closed","ping_status":"closed","template":"","meta":{"_et_pb_use_builder":"","_et_pb_old_content":"","_et_gb_content_width":"","exclude_from_search":false,"footnotes":""},"class_list":["post-14436","page","type-page","status-publish","hentry"],"yoast_head":"<!-- This site is optimized with the Yoast SEO plugin v27.4 - https:\/\/yoast.com\/product\/yoast-seo-wordpress\/ -->\n<title>Z\u00edskajte vstupenku na Austrian Lotto online<\/title>\n<meta name=\"description\" content=\"U\u017e ste niekedy po\u010duli o Lotto Austria? Vstupenky m\u00f4\u017eete z\u00edska\u0165 online tu!\" \/>\n<meta name=\"robots\" content=\"index, follow, max-snippet:-1, max-image-preview:large, max-video-preview:-1\" \/>\n<link rel=\"canonical\" href=\"https:\/\/redfoxlotto.com\/sk\/loterie\/lotto-at\/\" \/>\n<meta property=\"og:locale\" content=\"sk_SK\" \/>\n<meta property=\"og:type\" content=\"article\" \/>\n<meta property=\"og:title\" content=\"Z\u00edskajte vstupenku na Austrian Lotto online\" \/>\n<meta property=\"og:description\" content=\"U\u017e ste niekedy po\u010duli o Lotto Austria? Vstupenky m\u00f4\u017eete z\u00edska\u0165 online tu!\" \/>\n<meta property=\"og:url\" content=\"https:\/\/redfoxlotto.com\/sk\/loterie\/lotto-at\/\" \/>\n<meta property=\"og:site_name\" content=\"Get Tickets for the World\u2019s largest jackpots\" \/>\n<meta property=\"article:modified_time\" content=\"2020-08-22T08:10:40+00:00\" \/>\n<meta property=\"og:image\" content=\"https:\/\/content.redfoxlotto.com\/uploads\/sites\/9\/1_buy_lotto_to_win.jpg\" \/>\n<meta name=\"twitter:card\" content=\"summary_large_image\" \/>\n<meta name=\"twitter:label1\" content=\"Predpokladan\u00fd \u010das \u010d\u00edtania\" \/>\n\t<meta name=\"twitter:data1\" content=\"2 min\u00faty\" \/>\n<script type=\"application\/ld+json\" class=\"yoast-schema-graph\">{\"@context\":\"https:\\\/\\\/schema.org\",\"@graph\":[{\"@type\":\"WebPage\",\"@id\":\"https:\\\/\\\/redfoxlotto.com\\\/sk\\\/loterie\\\/lotto-at\\\/\",\"url\":\"https:\\\/\\\/redfoxlotto.com\\\/sk\\\/loterie\\\/lotto-at\\\/\",\"name\":\"Z\u00edskajte vstupenku na Austrian Lotto online\",\"isPartOf\":{\"@id\":\"https:\\\/\\\/redfoxlotto.com\\\/sk\\\/#website\"},\"primaryImageOfPage\":{\"@id\":\"https:\\\/\\\/redfoxlotto.com\\\/sk\\\/loterie\\\/lotto-at\\\/#primaryimage\"},\"image\":{\"@id\":\"https:\\\/\\\/redfoxlotto.com\\\/sk\\\/loterie\\\/lotto-at\\\/#primaryimage\"},\"thumbnailUrl\":\"https:\\\/\\\/content.redfoxlotto.com\\\/uploads\\\/sites\\\/9\\\/1_buy_lotto_to_win.jpg\",\"datePublished\":\"2020-08-18T09:13:31+00:00\",\"dateModified\":\"2020-08-22T08:10:40+00:00\",\"description\":\"U\u017e ste niekedy po\u010duli o Lotto Austria? Vstupenky m\u00f4\u017eete z\u00edska\u0165 online tu!\",\"breadcrumb\":{\"@id\":\"https:\\\/\\\/redfoxlotto.com\\\/sk\\\/loterie\\\/lotto-at\\\/#breadcrumb\"},\"inLanguage\":\"sk-SK\",\"potentialAction\":[{\"@type\":\"ReadAction\",\"target\":[\"https:\\\/\\\/redfoxlotto.com\\\/sk\\\/loterie\\\/lotto-at\\\/\"]}]},{\"@type\":\"ImageObject\",\"inLanguage\":\"sk-SK\",\"@id\":\"https:\\\/\\\/redfoxlotto.com\\\/sk\\\/loterie\\\/lotto-at\\\/#primaryimage\",\"url\":\"https:\\\/\\\/content.redfoxlotto.com\\\/uploads\\\/sites\\\/9\\\/1_buy_lotto_to_win.jpg\",\"contentUrl\":\"https:\\\/\\\/content.redfoxlotto.com\\\/uploads\\\/sites\\\/9\\\/1_buy_lotto_to_win.jpg\"},{\"@type\":\"BreadcrumbList\",\"@id\":\"https:\\\/\\\/redfoxlotto.com\\\/sk\\\/loterie\\\/lotto-at\\\/#breadcrumb\",\"itemListElement\":[{\"@type\":\"ListItem\",\"position\":1,\"name\":\"Home\",\"item\":\"https:\\\/\\\/redfoxlotto.com\\\/sk\\\/\"},{\"@type\":\"ListItem\",\"position\":2,\"name\":\"Ako k\u00fapi\u0165 online lot\u00e9riov\u00e9 l\u00edstky &#8211; proces n\u00e1kupu\",\"item\":\"https:\\\/\\\/redfoxlotto.com\\\/sk\\\/loterie\\\/\"},{\"@type\":\"ListItem\",\"position\":3,\"name\":\"O rak\u00faskom Lotte\"}]},{\"@type\":\"WebSite\",\"@id\":\"https:\\\/\\\/redfoxlotto.com\\\/sk\\\/#website\",\"url\":\"https:\\\/\\\/redfoxlotto.com\\\/sk\\\/\",\"name\":\"Get Tickets for the World\u2019s largest jackpots\",\"description\":\"Participate in worldwide lottery jackpots from any country\",\"publisher\":{\"@id\":\"https:\\\/\\\/redfoxlotto.com\\\/sk\\\/#organization\"},\"potentialAction\":[{\"@type\":\"SearchAction\",\"target\":{\"@type\":\"EntryPoint\",\"urlTemplate\":\"https:\\\/\\\/redfoxlotto.com\\\/sk\\\/?s={search_term_string}\"},\"query-input\":{\"@type\":\"PropertyValueSpecification\",\"valueRequired\":true,\"valueName\":\"search_term_string\"}}],\"inLanguage\":\"sk-SK\"},{\"@type\":\"Organization\",\"@id\":\"https:\\\/\\\/redfoxlotto.com\\\/sk\\\/#organization\",\"name\":\"Get Tickets for the World\u2019s largest jackpots\",\"url\":\"https:\\\/\\\/redfoxlotto.com\\\/sk\\\/\",\"logo\":{\"@type\":\"ImageObject\",\"inLanguage\":\"sk-SK\",\"@id\":\"https:\\\/\\\/redfoxlotto.com\\\/sk\\\/#\\\/schema\\\/logo\\\/image\\\/\",\"url\":\"https:\\\/\\\/redfoxlotto.com\\\/wp-content\\\/uploads\\\/2023\\\/04\\\/logo.png\",\"contentUrl\":\"https:\\\/\\\/redfoxlotto.com\\\/wp-content\\\/uploads\\\/2023\\\/04\\\/logo.png\",\"width\":269,\"height\":53,\"caption\":\"Get Tickets for the World\u2019s largest jackpots\"},\"image\":{\"@id\":\"https:\\\/\\\/redfoxlotto.com\\\/sk\\\/#\\\/schema\\\/logo\\\/image\\\/\"}}]}<\/script>\n<!-- \/ Yoast SEO plugin. -->","yoast_head_json":{"title":"Z\u00edskajte vstupenku na Austrian Lotto online","description":"U\u017e ste niekedy po\u010duli o Lotto Austria? Vstupenky m\u00f4\u017eete z\u00edska\u0165 online tu!","robots":{"index":"index","follow":"follow","max-snippet":"max-snippet:-1","max-image-preview":"max-image-preview:large","max-video-preview":"max-video-preview:-1"},"canonical":"https:\/\/redfoxlotto.com\/sk\/loterie\/lotto-at\/","og_locale":"sk_SK","og_type":"article","og_title":"Z\u00edskajte vstupenku na Austrian Lotto online","og_description":"U\u017e ste niekedy po\u010duli o Lotto Austria? Vstupenky m\u00f4\u017eete z\u00edska\u0165 online tu!","og_url":"https:\/\/redfoxlotto.com\/sk\/loterie\/lotto-at\/","og_site_name":"Get Tickets for the World\u2019s largest jackpots","article_modified_time":"2020-08-22T08:10:40+00:00","og_image":[{"url":"https:\/\/content.redfoxlotto.com\/uploads\/sites\/9\/1_buy_lotto_to_win.jpg","type":"","width":"","height":""}],"twitter_card":"summary_large_image","twitter_misc":{"Predpokladan\u00fd \u010das \u010d\u00edtania":"2 min\u00faty"},"schema":{"@context":"https:\/\/schema.org","@graph":[{"@type":"WebPage","@id":"https:\/\/redfoxlotto.com\/sk\/loterie\/lotto-at\/","url":"https:\/\/redfoxlotto.com\/sk\/loterie\/lotto-at\/","name":"Z\u00edskajte vstupenku na Austrian Lotto online","isPartOf":{"@id":"https:\/\/redfoxlotto.com\/sk\/#website"},"primaryImageOfPage":{"@id":"https:\/\/redfoxlotto.com\/sk\/loterie\/lotto-at\/#primaryimage"},"image":{"@id":"https:\/\/redfoxlotto.com\/sk\/loterie\/lotto-at\/#primaryimage"},"thumbnailUrl":"https:\/\/content.redfoxlotto.com\/uploads\/sites\/9\/1_buy_lotto_to_win.jpg","datePublished":"2020-08-18T09:13:31+00:00","dateModified":"2020-08-22T08:10:40+00:00","description":"U\u017e ste niekedy po\u010duli o Lotto Austria? Vstupenky m\u00f4\u017eete z\u00edska\u0165 online tu!","breadcrumb":{"@id":"https:\/\/redfoxlotto.com\/sk\/loterie\/lotto-at\/#breadcrumb"},"inLanguage":"sk-SK","potentialAction":[{"@type":"ReadAction","target":["https:\/\/redfoxlotto.com\/sk\/loterie\/lotto-at\/"]}]},{"@type":"ImageObject","inLanguage":"sk-SK","@id":"https:\/\/redfoxlotto.com\/sk\/loterie\/lotto-at\/#primaryimage","url":"https:\/\/content.redfoxlotto.com\/uploads\/sites\/9\/1_buy_lotto_to_win.jpg","contentUrl":"https:\/\/content.redfoxlotto.com\/uploads\/sites\/9\/1_buy_lotto_to_win.jpg"},{"@type":"BreadcrumbList","@id":"https:\/\/redfoxlotto.com\/sk\/loterie\/lotto-at\/#breadcrumb","itemListElement":[{"@type":"ListItem","position":1,"name":"Home","item":"https:\/\/redfoxlotto.com\/sk\/"},{"@type":"ListItem","position":2,"name":"Ako k\u00fapi\u0165 online lot\u00e9riov\u00e9 l\u00edstky &#8211; proces n\u00e1kupu","item":"https:\/\/redfoxlotto.com\/sk\/loterie\/"},{"@type":"ListItem","position":3,"name":"O rak\u00faskom Lotte"}]},{"@type":"WebSite","@id":"https:\/\/redfoxlotto.com\/sk\/#website","url":"https:\/\/redfoxlotto.com\/sk\/","name":"Get Tickets for the World\u2019s largest jackpots","description":"Participate in worldwide lottery jackpots from any country","publisher":{"@id":"https:\/\/redfoxlotto.com\/sk\/#organization"},"potentialAction":[{"@type":"SearchAction","target":{"@type":"EntryPoint","urlTemplate":"https:\/\/redfoxlotto.com\/sk\/?s={search_term_string}"},"query-input":{"@type":"PropertyValueSpecification","valueRequired":true,"valueName":"search_term_string"}}],"inLanguage":"sk-SK"},{"@type":"Organization","@id":"https:\/\/redfoxlotto.com\/sk\/#organization","name":"Get Tickets for the World\u2019s largest jackpots","url":"https:\/\/redfoxlotto.com\/sk\/","logo":{"@type":"ImageObject","inLanguage":"sk-SK","@id":"https:\/\/redfoxlotto.com\/sk\/#\/schema\/logo\/image\/","url":"https:\/\/redfoxlotto.com\/wp-content\/uploads\/2023\/04\/logo.png","contentUrl":"https:\/\/redfoxlotto.com\/wp-content\/uploads\/2023\/04\/logo.png","width":269,"height":53,"caption":"Get Tickets for the World\u2019s largest jackpots"},"image":{"@id":"https:\/\/redfoxlotto.com\/sk\/#\/schema\/logo\/image\/"}}]}},"_links":{"self":[{"href":"https:\/\/redfoxlotto.com\/sk\/wp-json\/wp\/v2\/pages\/14436","targetHints":{"allow":["GET"]}}],"collection":[{"href":"https:\/\/redfoxlotto.com\/sk\/wp-json\/wp\/v2\/pages"}],"about":[{"href":"https:\/\/redfoxlotto.com\/sk\/wp-json\/wp\/v2\/types\/page"}],"author":[{"embeddable":true,"href":"https:\/\/redfoxlotto.com\/sk\/wp-json\/wp\/v2\/users\/1"}],"replies":[{"embeddable":true,"href":"https:\/\/redfoxlotto.com\/sk\/wp-json\/wp\/v2\/comments?post=14436"}],"version-history":[{"count":0,"href":"https:\/\/redfoxlotto.com\/sk\/wp-json\/wp\/v2\/pages\/14436\/revisions"}],"up":[{"embeddable":true,"href":"https:\/\/redfoxlotto.com\/sk\/wp-json\/wp\/v2\/pages\/10252"}],"wp:attachment":[{"href":"https:\/\/redfoxlotto.com\/sk\/wp-json\/wp\/v2\/media?parent=14436"}],"curies":[{"name":"wp","href":"https:\/\/api.w.org\/{rel}","templated":true}]}}