{"id":14404,"date":"2020-08-18T09:10:34","date_gmt":"2020-08-18T09:10:34","guid":{"rendered":"https:\/\/redfoxlotto.com\/?page_id=14404"},"modified":"2020-08-22T07:40:02","modified_gmt":"2020-08-22T06:40:02","slug":"lotto-america","status":"publish","type":"page","link":"https:\/\/redfoxlotto.com\/sk\/loterie\/lotto-america\/","title":{"rendered":"O spolo\u010dnosti Lotto America"},"content":{"rendered":"<h2 class=\"wp-block-heading\">K\u00fapi\u0165 vstupenky do Lotto America online<\/h2><p><img decoding=\"async\" class=\"size-full wp-image alignright\" src=\"https:\/\/content.redfoxlotto.com\/uploads\/sites\/9\/1_ticket_online_buying.jpg\" alt=\"online loteria pre ameriku\"><\/p><p>Pokia\u013e ide o n\u00e1kup lot\u00e9riov\u00fdch l\u00edstkov online, mus\u00edte sa uisti\u0165, \u017ee sa z\u00fa\u010dast\u0148ujete najlep\u0161\u00edch hier. Ale u\u017e ste niekedy po\u010duli o v\u0161etk\u00fdch r\u00f4znych hr\u00e1ch, ktor\u00e9 s\u00fa tam vonku? Pravdepodobne nie. Najm\u00e4 preto, \u017ee existuj\u00fa hry v in\u00fdch krajin\u00e1ch, ako je Lotto America, ktor\u00e9 by ste mohli hra\u0165 online.<\/p><!--more--><h2 class=\"wp-block-heading\">\u010co je to Lotto America?<\/h2><p>Lotto America je hra zameran\u00e1 na viac \u0161t\u00e1tov, ktor\u00e1 sa hr\u00e1 v Spojen\u00fdch \u0161t\u00e1toch. Konkr\u00e9tnej\u0161ie sa hr\u00e1 v 13 \u0161t\u00e1toch po celej krajine. Aby ste mohli hra\u0165, nemus\u00edte \u017ei\u0165 v jednom z t\u00fdchto \u0161t\u00e1tov. M\u00f4\u017eete skuto\u010dne hra\u0165 odkia\u013eko\u013evek na svete.<\/p><p>&lt;!&#8211; wp:paragr<img decoding=\"async\" class=\"size-full wp-image alignright\" src=\"https:\/\/content.redfoxlotto.com\/uploads\/sites\/9\/1_usa_lottery_win.jpg\" alt=\"lotto america\">aph &#8211;&gt;<\/p><h2 class=\"wp-block-heading\">Zak\u00fapenie l\u00edstkov<\/h2><p>Ak m\u00e1te z\u00e1ujem hra\u0165 Lotto America, sta\u010d\u00ed vedie\u0165, kde si m\u00f4\u017eete k\u00fapi\u0165 vstupenky. M\u00f4\u017eeme v\u00e1m pom\u00f4c\u0165 z\u00edska\u0165 vstupenky na t\u00fato hru alebo na ak\u00e9ko\u013evek in\u00e9 lot\u00e9riov\u00e9 hry, ktor\u00e9 budete chcie\u0165 hra\u0165 po celom svete. Sta\u010d\u00ed p\u00e1r krokov, aby ste mohli za\u010da\u0165. Prv\u00fdm je, \u017ee by ste si mali vytvori\u0165 \u00fa\u010det v RedFoxLotto. Je to \u013eahk\u00e9 a \u00fapln\u00e9 nastavenie a pripravenos\u0165 na pou\u017eitie trv\u00e1 iba nieko\u013eko sek\u00fand. Odtia\u013e budete m\u00f4c\u0165 za\u010da\u0165 preh\u013ead\u00e1va\u0165 v\u0161etky dostupn\u00e9 r\u00f4zne lot\u00e9riov\u00e9 hry. Mo\u017eno budete chcie\u0165 Lotto America alebo nie\u010do in\u00e9 (alebo nieko\u013eko r\u00f4znych hier). Akon\u00e1hle ste sa rozhodli pre hru, je \u010das za\u010da\u0165 vybera\u0165 va\u0161e \u010d\u00edsla. Tu budete ma\u0165 ve\u013ea r\u00f4znych mo\u017enost\u00ed a pr\u00e1ve tu sa naozaj z\u00e1bavn\u00e1 \u010das\u0165 za\u010dne.<\/p>\n<p><!-- \/wp:post-content --><\/p>\n<p><!-- wp:heading --><\/p>\n<h2>V\u00fdber \u010d\u00edsel<\/h2>\n<p><!-- \/wp:heading --><\/p>\n<p><!-- wp:paragraph --><\/p>\n<p>S Lotto America existuje p\u00e4\u0165 \u0161tandardn\u00fdch \u010d\u00edsel a jedno bonusov\u00e9 \u010d\u00edslo. M\u00f4\u017eete si vybra\u0165, ktor\u00e9 z nich chcete, tak\u017ee m\u00f4\u017eete z\u00edska\u0165 kombin\u00e1ciu, o ktorej si mysl\u00edte, \u017ee m\u00e1 \u0161\u0165astie alebo ktor\u00e1 pre v\u00e1s nie\u010do znamen\u00e1. \u010co ak v\u0161ak nepozn\u00e1te po\u017eadovan\u00e9 \u010d\u00edsla? Alebo \u010do ak m\u00e1te len p\u00e1r \u0161peci\u00e1lnych \u010d\u00edsel, ktor\u00e9 chcete hra\u0165? To tie\u017e nie je probl\u00e9m, preto\u017ee si m\u00f4\u017eete vybra\u0165, ktor\u00e9 \u010d\u00edsla chcete, a vyplni\u0165 n\u00e1hodn\u00fdmi \u010d\u00edslami. Alebo m\u00f4\u017eete pomocou gener\u00e1tora \u010d\u00edsel vybra\u0165 v\u0161etky svoje \u010d\u00edsla za v\u00e1s.<\/p>\n<p><!-- \/wp:paragraph --><\/p>\n<p><!-- wp:heading --><\/p>\n<h2>Po\u010dkajte na v\u00fdsledky<\/h2>\n<p><!-- \/wp:heading --><\/p>\n<p><!-- wp:paragraph --><\/p>\n<p>Po v\u00fdbere svojich \u010d\u00edsel si m\u00f4\u017eete vybra\u0165, ko\u013eko l\u00edstkov chcete a na ak\u00e9 hry. Potom m\u00f4\u017eete zaplati\u0165 za vstupenky a \u010daka\u0165 na \u010fal\u0161ie \u017erebovanie. Akon\u00e1hle vst\u00fapia v\u00fdsledky hry, budete ma\u0165 okam\u017eite mo\u017enos\u0165 vidie\u0165 v\u00fdhern\u00e9 \u010d\u00edsla a po\u010det va\u0161ich vlastn\u00fdch \u010d\u00edsel zodpovedaj\u00facich v\u00fdsledku rem\u00edzy.<\/p>\n<p><!-- \/wp:paragraph --><\/p>","protected":false},"excerpt":{"rendered":"<p>K\u00fapi\u0165 vstupenky do Lotto America online Pokia\u013e ide o n\u00e1kup lot\u00e9riov\u00fdch l\u00edstkov online, mus\u00edte sa uisti\u0165, \u017ee sa z\u00fa\u010dast\u0148ujete najlep\u0161\u00edch hier. Ale u\u017e ste niekedy po\u010duli o v\u0161etk\u00fdch r\u00f4znych hr\u00e1ch, ktor\u00e9 s\u00fa tam vonku? Pravdepodobne nie. Najm\u00e4 preto, \u017ee existuj\u00fa hry v in\u00fdch krajin\u00e1ch, ako je Lotto America, ktor\u00e9 by ste mohli hra\u0165 online.<\/p>\n","protected":false},"author":1,"featured_media":0,"parent":10252,"menu_order":12,"comment_status":"closed","ping_status":"closed","template":"lotto-america-info.php","meta":{"_et_pb_use_builder":"","_et_pb_old_content":"","_et_gb_content_width":"","exclude_from_search":false,"footnotes":""},"class_list":["post-14404","page","type-page","status-publish","hentry"],"yoast_head":"<!-- This site is optimized with the Yoast SEO plugin v27.3 - https:\/\/yoast.com\/product\/yoast-seo-wordpress\/ -->\n<title>K\u00fapi\u0165 vstupenky Lotto America online<\/title>\n<meta name=\"description\" content=\"Ak by ste chceli vyhra\u0165 v Lotto America, zak\u00fapte si l\u00edstok online teraz!\" \/>\n<meta name=\"robots\" content=\"index, follow, max-snippet:-1, max-image-preview:large, max-video-preview:-1\" \/>\n<link rel=\"canonical\" href=\"https:\/\/redfoxlotto.com\/sk\/loterie\/lotto-america\/\" \/>\n<meta property=\"og:locale\" content=\"sk_SK\" \/>\n<meta property=\"og:type\" content=\"article\" \/>\n<meta property=\"og:title\" content=\"K\u00fapi\u0165 vstupenky Lotto America online\" \/>\n<meta property=\"og:description\" content=\"Ak by ste chceli vyhra\u0165 v Lotto America, zak\u00fapte si l\u00edstok online teraz!\" \/>\n<meta property=\"og:url\" content=\"https:\/\/redfoxlotto.com\/sk\/loterie\/lotto-america\/\" \/>\n<meta property=\"og:site_name\" content=\"Get Tickets for the World\u2019s largest jackpots\" \/>\n<meta property=\"article:modified_time\" content=\"2020-08-22T06:40:02+00:00\" \/>\n<meta property=\"og:image\" content=\"https:\/\/content.redfoxlotto.com\/uploads\/sites\/9\/1_ticket_online_buying.jpg\" \/>\n<meta name=\"twitter:card\" content=\"summary_large_image\" \/>\n<meta name=\"twitter:label1\" content=\"Predpokladan\u00fd \u010das \u010d\u00edtania\" \/>\n\t<meta name=\"twitter:data1\" content=\"2 min\u00faty\" \/>\n<script type=\"application\/ld+json\" class=\"yoast-schema-graph\">{\"@context\":\"https:\\\/\\\/schema.org\",\"@graph\":[{\"@type\":\"WebPage\",\"@id\":\"https:\\\/\\\/redfoxlotto.com\\\/sk\\\/loterie\\\/lotto-america\\\/\",\"url\":\"https:\\\/\\\/redfoxlotto.com\\\/sk\\\/loterie\\\/lotto-america\\\/\",\"name\":\"K\u00fapi\u0165 vstupenky Lotto America online\",\"isPartOf\":{\"@id\":\"https:\\\/\\\/redfoxlotto.com\\\/sk\\\/#website\"},\"primaryImageOfPage\":{\"@id\":\"https:\\\/\\\/redfoxlotto.com\\\/sk\\\/loterie\\\/lotto-america\\\/#primaryimage\"},\"image\":{\"@id\":\"https:\\\/\\\/redfoxlotto.com\\\/sk\\\/loterie\\\/lotto-america\\\/#primaryimage\"},\"thumbnailUrl\":\"https:\\\/\\\/content.redfoxlotto.com\\\/uploads\\\/sites\\\/9\\\/1_ticket_online_buying.jpg\",\"datePublished\":\"2020-08-18T09:10:34+00:00\",\"dateModified\":\"2020-08-22T06:40:02+00:00\",\"description\":\"Ak by ste chceli vyhra\u0165 v Lotto America, zak\u00fapte si l\u00edstok online teraz!\",\"breadcrumb\":{\"@id\":\"https:\\\/\\\/redfoxlotto.com\\\/sk\\\/loterie\\\/lotto-america\\\/#breadcrumb\"},\"inLanguage\":\"sk-SK\",\"potentialAction\":[{\"@type\":\"ReadAction\",\"target\":[\"https:\\\/\\\/redfoxlotto.com\\\/sk\\\/loterie\\\/lotto-america\\\/\"]}]},{\"@type\":\"ImageObject\",\"inLanguage\":\"sk-SK\",\"@id\":\"https:\\\/\\\/redfoxlotto.com\\\/sk\\\/loterie\\\/lotto-america\\\/#primaryimage\",\"url\":\"https:\\\/\\\/content.redfoxlotto.com\\\/uploads\\\/sites\\\/9\\\/1_ticket_online_buying.jpg\",\"contentUrl\":\"https:\\\/\\\/content.redfoxlotto.com\\\/uploads\\\/sites\\\/9\\\/1_ticket_online_buying.jpg\"},{\"@type\":\"BreadcrumbList\",\"@id\":\"https:\\\/\\\/redfoxlotto.com\\\/sk\\\/loterie\\\/lotto-america\\\/#breadcrumb\",\"itemListElement\":[{\"@type\":\"ListItem\",\"position\":1,\"name\":\"Home\",\"item\":\"https:\\\/\\\/redfoxlotto.com\\\/sk\\\/\"},{\"@type\":\"ListItem\",\"position\":2,\"name\":\"Ako k\u00fapi\u0165 online lot\u00e9riov\u00e9 l\u00edstky &#8211; proces n\u00e1kupu\",\"item\":\"https:\\\/\\\/redfoxlotto.com\\\/sk\\\/loterie\\\/\"},{\"@type\":\"ListItem\",\"position\":3,\"name\":\"O spolo\u010dnosti Lotto America\"}]},{\"@type\":\"WebSite\",\"@id\":\"https:\\\/\\\/redfoxlotto.com\\\/sk\\\/#website\",\"url\":\"https:\\\/\\\/redfoxlotto.com\\\/sk\\\/\",\"name\":\"Get Tickets for the World\u2019s largest jackpots\",\"description\":\"Participate in worldwide lottery jackpots from any country\",\"publisher\":{\"@id\":\"https:\\\/\\\/redfoxlotto.com\\\/sk\\\/#organization\"},\"potentialAction\":[{\"@type\":\"SearchAction\",\"target\":{\"@type\":\"EntryPoint\",\"urlTemplate\":\"https:\\\/\\\/redfoxlotto.com\\\/sk\\\/?s={search_term_string}\"},\"query-input\":{\"@type\":\"PropertyValueSpecification\",\"valueRequired\":true,\"valueName\":\"search_term_string\"}}],\"inLanguage\":\"sk-SK\"},{\"@type\":\"Organization\",\"@id\":\"https:\\\/\\\/redfoxlotto.com\\\/sk\\\/#organization\",\"name\":\"Get Tickets for the World\u2019s largest jackpots\",\"url\":\"https:\\\/\\\/redfoxlotto.com\\\/sk\\\/\",\"logo\":{\"@type\":\"ImageObject\",\"inLanguage\":\"sk-SK\",\"@id\":\"https:\\\/\\\/redfoxlotto.com\\\/sk\\\/#\\\/schema\\\/logo\\\/image\\\/\",\"url\":\"https:\\\/\\\/redfoxlotto.com\\\/wp-content\\\/uploads\\\/2023\\\/04\\\/logo.png\",\"contentUrl\":\"https:\\\/\\\/redfoxlotto.com\\\/wp-content\\\/uploads\\\/2023\\\/04\\\/logo.png\",\"width\":269,\"height\":53,\"caption\":\"Get Tickets for the World\u2019s largest jackpots\"},\"image\":{\"@id\":\"https:\\\/\\\/redfoxlotto.com\\\/sk\\\/#\\\/schema\\\/logo\\\/image\\\/\"}}]}<\/script>\n<!-- \/ Yoast SEO plugin. -->","yoast_head_json":{"title":"K\u00fapi\u0165 vstupenky Lotto America online","description":"Ak by ste chceli vyhra\u0165 v Lotto America, zak\u00fapte si l\u00edstok online teraz!","robots":{"index":"index","follow":"follow","max-snippet":"max-snippet:-1","max-image-preview":"max-image-preview:large","max-video-preview":"max-video-preview:-1"},"canonical":"https:\/\/redfoxlotto.com\/sk\/loterie\/lotto-america\/","og_locale":"sk_SK","og_type":"article","og_title":"K\u00fapi\u0165 vstupenky Lotto America online","og_description":"Ak by ste chceli vyhra\u0165 v Lotto America, zak\u00fapte si l\u00edstok online teraz!","og_url":"https:\/\/redfoxlotto.com\/sk\/loterie\/lotto-america\/","og_site_name":"Get Tickets for the World\u2019s largest jackpots","article_modified_time":"2020-08-22T06:40:02+00:00","og_image":[{"url":"https:\/\/content.redfoxlotto.com\/uploads\/sites\/9\/1_ticket_online_buying.jpg","type":"","width":"","height":""}],"twitter_card":"summary_large_image","twitter_misc":{"Predpokladan\u00fd \u010das \u010d\u00edtania":"2 min\u00faty"},"schema":{"@context":"https:\/\/schema.org","@graph":[{"@type":"WebPage","@id":"https:\/\/redfoxlotto.com\/sk\/loterie\/lotto-america\/","url":"https:\/\/redfoxlotto.com\/sk\/loterie\/lotto-america\/","name":"K\u00fapi\u0165 vstupenky Lotto America online","isPartOf":{"@id":"https:\/\/redfoxlotto.com\/sk\/#website"},"primaryImageOfPage":{"@id":"https:\/\/redfoxlotto.com\/sk\/loterie\/lotto-america\/#primaryimage"},"image":{"@id":"https:\/\/redfoxlotto.com\/sk\/loterie\/lotto-america\/#primaryimage"},"thumbnailUrl":"https:\/\/content.redfoxlotto.com\/uploads\/sites\/9\/1_ticket_online_buying.jpg","datePublished":"2020-08-18T09:10:34+00:00","dateModified":"2020-08-22T06:40:02+00:00","description":"Ak by ste chceli vyhra\u0165 v Lotto America, zak\u00fapte si l\u00edstok online teraz!","breadcrumb":{"@id":"https:\/\/redfoxlotto.com\/sk\/loterie\/lotto-america\/#breadcrumb"},"inLanguage":"sk-SK","potentialAction":[{"@type":"ReadAction","target":["https:\/\/redfoxlotto.com\/sk\/loterie\/lotto-america\/"]}]},{"@type":"ImageObject","inLanguage":"sk-SK","@id":"https:\/\/redfoxlotto.com\/sk\/loterie\/lotto-america\/#primaryimage","url":"https:\/\/content.redfoxlotto.com\/uploads\/sites\/9\/1_ticket_online_buying.jpg","contentUrl":"https:\/\/content.redfoxlotto.com\/uploads\/sites\/9\/1_ticket_online_buying.jpg"},{"@type":"BreadcrumbList","@id":"https:\/\/redfoxlotto.com\/sk\/loterie\/lotto-america\/#breadcrumb","itemListElement":[{"@type":"ListItem","position":1,"name":"Home","item":"https:\/\/redfoxlotto.com\/sk\/"},{"@type":"ListItem","position":2,"name":"Ako k\u00fapi\u0165 online lot\u00e9riov\u00e9 l\u00edstky &#8211; proces n\u00e1kupu","item":"https:\/\/redfoxlotto.com\/sk\/loterie\/"},{"@type":"ListItem","position":3,"name":"O spolo\u010dnosti Lotto America"}]},{"@type":"WebSite","@id":"https:\/\/redfoxlotto.com\/sk\/#website","url":"https:\/\/redfoxlotto.com\/sk\/","name":"Get Tickets for the World\u2019s largest jackpots","description":"Participate in worldwide lottery jackpots from any country","publisher":{"@id":"https:\/\/redfoxlotto.com\/sk\/#organization"},"potentialAction":[{"@type":"SearchAction","target":{"@type":"EntryPoint","urlTemplate":"https:\/\/redfoxlotto.com\/sk\/?s={search_term_string}"},"query-input":{"@type":"PropertyValueSpecification","valueRequired":true,"valueName":"search_term_string"}}],"inLanguage":"sk-SK"},{"@type":"Organization","@id":"https:\/\/redfoxlotto.com\/sk\/#organization","name":"Get Tickets for the World\u2019s largest jackpots","url":"https:\/\/redfoxlotto.com\/sk\/","logo":{"@type":"ImageObject","inLanguage":"sk-SK","@id":"https:\/\/redfoxlotto.com\/sk\/#\/schema\/logo\/image\/","url":"https:\/\/redfoxlotto.com\/wp-content\/uploads\/2023\/04\/logo.png","contentUrl":"https:\/\/redfoxlotto.com\/wp-content\/uploads\/2023\/04\/logo.png","width":269,"height":53,"caption":"Get Tickets for the World\u2019s largest jackpots"},"image":{"@id":"https:\/\/redfoxlotto.com\/sk\/#\/schema\/logo\/image\/"}}]}},"_links":{"self":[{"href":"https:\/\/redfoxlotto.com\/sk\/wp-json\/wp\/v2\/pages\/14404","targetHints":{"allow":["GET"]}}],"collection":[{"href":"https:\/\/redfoxlotto.com\/sk\/wp-json\/wp\/v2\/pages"}],"about":[{"href":"https:\/\/redfoxlotto.com\/sk\/wp-json\/wp\/v2\/types\/page"}],"author":[{"embeddable":true,"href":"https:\/\/redfoxlotto.com\/sk\/wp-json\/wp\/v2\/users\/1"}],"replies":[{"embeddable":true,"href":"https:\/\/redfoxlotto.com\/sk\/wp-json\/wp\/v2\/comments?post=14404"}],"version-history":[{"count":0,"href":"https:\/\/redfoxlotto.com\/sk\/wp-json\/wp\/v2\/pages\/14404\/revisions"}],"up":[{"embeddable":true,"href":"https:\/\/redfoxlotto.com\/sk\/wp-json\/wp\/v2\/pages\/10252"}],"wp:attachment":[{"href":"https:\/\/redfoxlotto.com\/sk\/wp-json\/wp\/v2\/media?parent=14404"}],"curies":[{"name":"wp","href":"https:\/\/api.w.org\/{rel}","templated":true}]}}