{"id":14367,"date":"2022-09-26T12:33:09","date_gmt":"2022-09-26T12:33:09","guid":{"rendered":"https:\/\/redfoxlotto.com\/?page_id=14367"},"modified":"2020-08-21T19:06:54","modified_gmt":"2020-08-21T18:06:54","slug":"thunderball","status":"publish","type":"page","link":"https:\/\/redfoxlotto.com\/sk\/loterie\/thunderball\/","title":{"rendered":"O spolo\u010dnosti Thunderball"},"content":{"rendered":"<h2 class=\"wp-block-heading\">K\u00fapi\u0165 vstupenky na Thunderball UK Lotto online<\/h2><p><img loading=\"lazy\" decoding=\"async\" class=\" wp-image alignright\" src=\"https:\/\/content.redfoxlotto.com\/uploads\/sites\/9\/1_online_lottery_jackpot_win.jpg\" alt=\"k\u00fapi\u0165 thunderball online\" width=\"153\" height=\"139\" \/><\/p><p>Kedyko\u013evek budete pripraven\u00ed k\u00fapi\u0165 si l\u00edstky na Thunderball UK Lotto online, m\u00f4\u017eete sa bli\u017e\u0161ie pozrie\u0165 na mo\u017enosti na RedFoxLotto.com. Mo\u017eno v\u00e1s dokonca prekvap\u00ed, ak\u00e9 \u013eahk\u00e9 je hra\u0165. Mus\u00edte len zvoli\u0165 5 be\u017en\u00fdch \u010d\u00edsel a 1 Thunderball. Potom vyberte d\u00e1tumy, ktor\u00e9 chcete nakresli\u0165. Presne tak by ste mohli vyhra\u0165 u\u017e s 1 zhodn\u00fdm \u010d\u00edslom!<\/p><!--more--><h2 class=\"wp-block-heading\">Kupujete si vstupenky na loteriu Thunderball UK<\/h2><p>Ke\u010f je \u010das k\u00fapi\u0165 si online l\u00edstky na Thunderball UK Lotto, budete potrebova\u0165 slu\u017ebu, ktor\u00e1 v\u00e1m umo\u017en\u00ed zvoli\u0165 si po\u017eadovan\u00e9 l\u00edstky z ktorejko\u013evek hry, ktor\u00fa chcete. Tam prich\u00e1dza na rad str\u00e1nka RedFoxLotto.com. M\u00f4\u017eete si vybra\u0165 \u013eubovo\u013en\u00fa hru, ktor\u00fa chcete hra\u0165, a vybra\u0165 si po\u017eadovan\u00e9 vstupenky.<\/p><p>Vyberiete \u010d\u00edsla, ktor\u00e9 chcete hra\u0165, alebo pomocou R\u00fdchlej vo\u013eby vyberiete \u010d\u00edsla. Potom vyberte d\u00e1tumy a po\u010det po\u017eadovan\u00fdch v\u00fdkresov a ob\u013e\u00faben\u00fd sp\u00f4sob platby. Po zak\u00fapen\u00ed l\u00edstkov sta\u010d\u00ed po\u010dka\u0165 na losovanie a d\u00fafame, \u017ee bud\u00fa nasledova\u0165 dobr\u00e9 spr\u00e1vy.<\/p><h2 class=\"wp-block-heading\">Kontrolujete svoje v\u00fdhern\u00e9 \u010d\u00edsla<\/h2><p>Akon\u00e1hle d\u00f4jde k \u017erebovaniu, m\u00f4\u017eete sa prihl\u00e1si\u0165 sp\u00e4\u0165 do svojho \u00fa\u010dtu na RedFoxLotto.com a zisti\u0165, ako sa va\u0161e \u010d\u00edsla l\u00edstkov porovn\u00e1vaj\u00fa s v\u00fdhern\u00fdmi \u010d\u00edslami. Bude to priamo na va\u0161om \u00fa\u010dte l\u00edstka a bude to pre v\u00e1s ove\u013ea jednoduch\u0161ie. Mus\u00edte len vidie\u0165, ktor\u00e9 \u010d\u00edsla s\u00fa zv\u00fdraznen\u00e9, aby ste zistili, ktor\u00e9 sa zhoduj\u00fa.<\/p>","protected":false},"excerpt":{"rendered":"<p>K\u00fapi\u0165 vstupenky na Thunderball UK Lotto online Kedyko\u013evek budete pripraven\u00ed k\u00fapi\u0165 si l\u00edstky na Thunderball UK Lotto online, m\u00f4\u017eete sa bli\u017e\u0161ie pozrie\u0165 na mo\u017enosti na RedFoxLotto.com. Mo\u017eno v\u00e1s dokonca prekvap\u00ed, ak\u00e9 \u013eahk\u00e9 je hra\u0165. Mus\u00edte len zvoli\u0165 5 be\u017en\u00fdch \u010d\u00edsel a 1 Thunderball. Potom vyberte d\u00e1tumy, ktor\u00e9 chcete nakresli\u0165. Presne tak by ste mohli vyhra\u0165 [&hellip;]<\/p>\n","protected":false},"author":1,"featured_media":0,"parent":10252,"menu_order":11,"comment_status":"closed","ping_status":"closed","template":"thunderball-info.php","meta":{"_et_pb_use_builder":"","_et_pb_old_content":"","_et_gb_content_width":"","exclude_from_search":false,"footnotes":""},"class_list":["post-14367","page","type-page","status-publish","hentry"],"yoast_head":"<!-- This site is optimized with the Yoast SEO plugin v23.8 - https:\/\/yoast.com\/wordpress\/plugins\/seo\/ -->\n<title>Z\u00edskajte vstupenku na Thunderball Lotto online<\/title>\n<meta name=\"description\" content=\"K\u00fapte si vstupenky na Thunderball Lotto, aj ke\u010f ne\u017eijete vo Ve\u013ekej Brit\u00e1nii\" \/>\n<meta name=\"robots\" content=\"index, follow, max-snippet:-1, max-image-preview:large, max-video-preview:-1\" \/>\n<link rel=\"canonical\" href=\"https:\/\/redfoxlotto.com\/sk\/loterie\/thunderball\/\" \/>\n<meta property=\"og:locale\" content=\"sk_SK\" \/>\n<meta property=\"og:type\" content=\"article\" \/>\n<meta property=\"og:title\" content=\"Z\u00edskajte vstupenku na Thunderball Lotto online\" \/>\n<meta property=\"og:description\" content=\"K\u00fapte si vstupenky na Thunderball Lotto, aj ke\u010f ne\u017eijete vo Ve\u013ekej Brit\u00e1nii\" \/>\n<meta property=\"og:url\" content=\"https:\/\/redfoxlotto.com\/sk\/loterie\/thunderball\/\" \/>\n<meta property=\"og:site_name\" content=\"Get Tickets for the World\u2019s largest jackpots\" \/>\n<meta property=\"article:modified_time\" content=\"2020-08-21T18:06:54+00:00\" \/>\n<meta property=\"og:image\" content=\"https:\/\/content.redfoxlotto.com\/uploads\/sites\/9\/1_online_lottery_jackpot_win.jpg\" \/>\n<meta name=\"twitter:card\" content=\"summary_large_image\" \/>\n<meta name=\"twitter:label1\" content=\"Predpokladan\u00fd \u010das \u010d\u00edtania\" \/>\n\t<meta name=\"twitter:data1\" content=\"2 min\u00faty\" \/>\n<script type=\"application\/ld+json\" class=\"yoast-schema-graph\">{\"@context\":\"https:\/\/schema.org\",\"@graph\":[{\"@type\":\"WebPage\",\"@id\":\"https:\/\/redfoxlotto.com\/sk\/loterie\/thunderball\/\",\"url\":\"https:\/\/redfoxlotto.com\/sk\/loterie\/thunderball\/\",\"name\":\"Z\u00edskajte vstupenku na Thunderball Lotto online\",\"isPartOf\":{\"@id\":\"https:\/\/redfoxlotto.com\/sk\/#website\"},\"primaryImageOfPage\":{\"@id\":\"https:\/\/redfoxlotto.com\/sk\/loterie\/thunderball\/#primaryimage\"},\"image\":{\"@id\":\"https:\/\/redfoxlotto.com\/sk\/loterie\/thunderball\/#primaryimage\"},\"thumbnailUrl\":\"https:\/\/content.redfoxlotto.com\/uploads\/sites\/9\/1_online_lottery_jackpot_win.jpg\",\"datePublished\":\"2022-09-26T12:33:09+00:00\",\"dateModified\":\"2020-08-21T18:06:54+00:00\",\"description\":\"K\u00fapte si vstupenky na Thunderball Lotto, aj ke\u010f ne\u017eijete vo Ve\u013ekej Brit\u00e1nii\",\"breadcrumb\":{\"@id\":\"https:\/\/redfoxlotto.com\/sk\/loterie\/thunderball\/#breadcrumb\"},\"inLanguage\":\"sk-SK\",\"potentialAction\":[{\"@type\":\"ReadAction\",\"target\":[\"https:\/\/redfoxlotto.com\/sk\/loterie\/thunderball\/\"]}]},{\"@type\":\"ImageObject\",\"inLanguage\":\"sk-SK\",\"@id\":\"https:\/\/redfoxlotto.com\/sk\/loterie\/thunderball\/#primaryimage\",\"url\":\"https:\/\/content.redfoxlotto.com\/uploads\/sites\/9\/1_online_lottery_jackpot_win.jpg\",\"contentUrl\":\"https:\/\/content.redfoxlotto.com\/uploads\/sites\/9\/1_online_lottery_jackpot_win.jpg\"},{\"@type\":\"BreadcrumbList\",\"@id\":\"https:\/\/redfoxlotto.com\/sk\/loterie\/thunderball\/#breadcrumb\",\"itemListElement\":[{\"@type\":\"ListItem\",\"position\":1,\"name\":\"Home\",\"item\":\"https:\/\/redfoxlotto.com\/sk\/\"},{\"@type\":\"ListItem\",\"position\":2,\"name\":\"Ako k\u00fapi\u0165 online lot\u00e9riov\u00e9 l\u00edstky &#8211; proces n\u00e1kupu\",\"item\":\"https:\/\/redfoxlotto.com\/sk\/loterie\/\"},{\"@type\":\"ListItem\",\"position\":3,\"name\":\"O spolo\u010dnosti Thunderball\"}]},{\"@type\":\"WebSite\",\"@id\":\"https:\/\/redfoxlotto.com\/sk\/#website\",\"url\":\"https:\/\/redfoxlotto.com\/sk\/\",\"name\":\"Get Tickets for the World\u2019s largest jackpots\",\"description\":\"Participate in worldwide lottery jackpots from any country\",\"publisher\":{\"@id\":\"https:\/\/redfoxlotto.com\/sk\/#organization\"},\"potentialAction\":[{\"@type\":\"SearchAction\",\"target\":{\"@type\":\"EntryPoint\",\"urlTemplate\":\"https:\/\/redfoxlotto.com\/sk\/?s={search_term_string}\"},\"query-input\":{\"@type\":\"PropertyValueSpecification\",\"valueRequired\":true,\"valueName\":\"search_term_string\"}}],\"inLanguage\":\"sk-SK\"},{\"@type\":\"Organization\",\"@id\":\"https:\/\/redfoxlotto.com\/sk\/#organization\",\"name\":\"Get Tickets for the World\u2019s largest jackpots\",\"url\":\"https:\/\/redfoxlotto.com\/sk\/\",\"logo\":{\"@type\":\"ImageObject\",\"inLanguage\":\"sk-SK\",\"@id\":\"https:\/\/redfoxlotto.com\/sk\/#\/schema\/logo\/image\/\",\"url\":\"https:\/\/redfoxlotto.com\/wp-content\/uploads\/2023\/04\/logo.png\",\"contentUrl\":\"https:\/\/redfoxlotto.com\/wp-content\/uploads\/2023\/04\/logo.png\",\"width\":269,\"height\":53,\"caption\":\"Get Tickets for the World\u2019s largest jackpots\"},\"image\":{\"@id\":\"https:\/\/redfoxlotto.com\/sk\/#\/schema\/logo\/image\/\"}}]}<\/script>\n<!-- \/ Yoast SEO plugin. -->","yoast_head_json":{"title":"Z\u00edskajte vstupenku na Thunderball Lotto online","description":"K\u00fapte si vstupenky na Thunderball Lotto, aj ke\u010f ne\u017eijete vo Ve\u013ekej Brit\u00e1nii","robots":{"index":"index","follow":"follow","max-snippet":"max-snippet:-1","max-image-preview":"max-image-preview:large","max-video-preview":"max-video-preview:-1"},"canonical":"https:\/\/redfoxlotto.com\/sk\/loterie\/thunderball\/","og_locale":"sk_SK","og_type":"article","og_title":"Z\u00edskajte vstupenku na Thunderball Lotto online","og_description":"K\u00fapte si vstupenky na Thunderball Lotto, aj ke\u010f ne\u017eijete vo Ve\u013ekej Brit\u00e1nii","og_url":"https:\/\/redfoxlotto.com\/sk\/loterie\/thunderball\/","og_site_name":"Get Tickets for the World\u2019s largest jackpots","article_modified_time":"2020-08-21T18:06:54+00:00","og_image":[{"url":"https:\/\/content.redfoxlotto.com\/uploads\/sites\/9\/1_online_lottery_jackpot_win.jpg"}],"twitter_card":"summary_large_image","twitter_misc":{"Predpokladan\u00fd \u010das \u010d\u00edtania":"2 min\u00faty"},"schema":{"@context":"https:\/\/schema.org","@graph":[{"@type":"WebPage","@id":"https:\/\/redfoxlotto.com\/sk\/loterie\/thunderball\/","url":"https:\/\/redfoxlotto.com\/sk\/loterie\/thunderball\/","name":"Z\u00edskajte vstupenku na Thunderball Lotto online","isPartOf":{"@id":"https:\/\/redfoxlotto.com\/sk\/#website"},"primaryImageOfPage":{"@id":"https:\/\/redfoxlotto.com\/sk\/loterie\/thunderball\/#primaryimage"},"image":{"@id":"https:\/\/redfoxlotto.com\/sk\/loterie\/thunderball\/#primaryimage"},"thumbnailUrl":"https:\/\/content.redfoxlotto.com\/uploads\/sites\/9\/1_online_lottery_jackpot_win.jpg","datePublished":"2022-09-26T12:33:09+00:00","dateModified":"2020-08-21T18:06:54+00:00","description":"K\u00fapte si vstupenky na Thunderball Lotto, aj ke\u010f ne\u017eijete vo Ve\u013ekej Brit\u00e1nii","breadcrumb":{"@id":"https:\/\/redfoxlotto.com\/sk\/loterie\/thunderball\/#breadcrumb"},"inLanguage":"sk-SK","potentialAction":[{"@type":"ReadAction","target":["https:\/\/redfoxlotto.com\/sk\/loterie\/thunderball\/"]}]},{"@type":"ImageObject","inLanguage":"sk-SK","@id":"https:\/\/redfoxlotto.com\/sk\/loterie\/thunderball\/#primaryimage","url":"https:\/\/content.redfoxlotto.com\/uploads\/sites\/9\/1_online_lottery_jackpot_win.jpg","contentUrl":"https:\/\/content.redfoxlotto.com\/uploads\/sites\/9\/1_online_lottery_jackpot_win.jpg"},{"@type":"BreadcrumbList","@id":"https:\/\/redfoxlotto.com\/sk\/loterie\/thunderball\/#breadcrumb","itemListElement":[{"@type":"ListItem","position":1,"name":"Home","item":"https:\/\/redfoxlotto.com\/sk\/"},{"@type":"ListItem","position":2,"name":"Ako k\u00fapi\u0165 online lot\u00e9riov\u00e9 l\u00edstky &#8211; proces n\u00e1kupu","item":"https:\/\/redfoxlotto.com\/sk\/loterie\/"},{"@type":"ListItem","position":3,"name":"O spolo\u010dnosti Thunderball"}]},{"@type":"WebSite","@id":"https:\/\/redfoxlotto.com\/sk\/#website","url":"https:\/\/redfoxlotto.com\/sk\/","name":"Get Tickets for the World\u2019s largest jackpots","description":"Participate in worldwide lottery jackpots from any country","publisher":{"@id":"https:\/\/redfoxlotto.com\/sk\/#organization"},"potentialAction":[{"@type":"SearchAction","target":{"@type":"EntryPoint","urlTemplate":"https:\/\/redfoxlotto.com\/sk\/?s={search_term_string}"},"query-input":{"@type":"PropertyValueSpecification","valueRequired":true,"valueName":"search_term_string"}}],"inLanguage":"sk-SK"},{"@type":"Organization","@id":"https:\/\/redfoxlotto.com\/sk\/#organization","name":"Get Tickets for the World\u2019s largest jackpots","url":"https:\/\/redfoxlotto.com\/sk\/","logo":{"@type":"ImageObject","inLanguage":"sk-SK","@id":"https:\/\/redfoxlotto.com\/sk\/#\/schema\/logo\/image\/","url":"https:\/\/redfoxlotto.com\/wp-content\/uploads\/2023\/04\/logo.png","contentUrl":"https:\/\/redfoxlotto.com\/wp-content\/uploads\/2023\/04\/logo.png","width":269,"height":53,"caption":"Get Tickets for the World\u2019s largest jackpots"},"image":{"@id":"https:\/\/redfoxlotto.com\/sk\/#\/schema\/logo\/image\/"}}]}},"_links":{"self":[{"href":"https:\/\/redfoxlotto.com\/sk\/wp-json\/wp\/v2\/pages\/14367","targetHints":{"allow":["GET"]}}],"collection":[{"href":"https:\/\/redfoxlotto.com\/sk\/wp-json\/wp\/v2\/pages"}],"about":[{"href":"https:\/\/redfoxlotto.com\/sk\/wp-json\/wp\/v2\/types\/page"}],"author":[{"embeddable":true,"href":"https:\/\/redfoxlotto.com\/sk\/wp-json\/wp\/v2\/users\/1"}],"replies":[{"embeddable":true,"href":"https:\/\/redfoxlotto.com\/sk\/wp-json\/wp\/v2\/comments?post=14367"}],"version-history":[{"count":0,"href":"https:\/\/redfoxlotto.com\/sk\/wp-json\/wp\/v2\/pages\/14367\/revisions"}],"up":[{"embeddable":true,"href":"https:\/\/redfoxlotto.com\/sk\/wp-json\/wp\/v2\/pages\/10252"}],"wp:attachment":[{"href":"https:\/\/redfoxlotto.com\/sk\/wp-json\/wp\/v2\/media?parent=14367"}],"curies":[{"name":"wp","href":"https:\/\/api.w.org\/{rel}","templated":true}]}}