{"id":14122,"date":"2020-07-20T08:54:27","date_gmt":"2020-07-20T08:54:27","guid":{"rendered":"https:\/\/redfoxlotto.com\/?page_id=14122"},"modified":"2020-08-21T14:39:43","modified_gmt":"2020-08-21T13:39:43","slug":"mega-sena","status":"publish","type":"page","link":"https:\/\/redfoxlotto.com\/sk\/loterie\/mega-sena\/","title":{"rendered":"O spolo\u010dnosti Mega Sena"},"content":{"rendered":"<h2 class=\"wp-block-heading\">K\u00fapte si vstupenky na Mega Sena Braz\u00edlia online<\/h2><p><img loading=\"lazy\" decoding=\"async\" class=\" wp-image alignright\" src=\"https:\/\/content.redfoxlotto.com\/uploads\/sites\/9\/1_winning_numbers_lottery.jpg\" alt=\"Mega Sena\" width=\"183\" height=\"156\" \/><\/p><p>Ste pripraven\u00ed k\u00fapi\u0165 vstupenky na Mega Sena Brazil online? Tak\u017ee ste na spr\u00e1vnom mieste. Je to skuto\u010dne \u013eahk\u00e9 urobi\u0165, preto\u017ee si sta\u010d\u00ed vytvori\u0165 \u00fa\u010det na RedFoxLotto.com.<\/p><!--more--><h2 class=\"wp-block-heading\">Vyberanie va\u0161ich \u010d\u00edsel<\/h2><p><img decoding=\"async\" class=\"size-full wp-image alignright\" src=\"https:\/\/content.redfoxlotto.com\/uploads\/sites\/9\/1_buy_lottery_ticket_online1.jpg\" alt=\"k\u00fapi\u0165 online l\u00edstky\"><\/p><p>V\u0161etky va\u0161e \u010d\u00edsla musia spada\u0165 do rozp\u00e4tia od 1 do 60. Aby ste mohli vyhra\u0165 jackpot, mus\u00edte sa zhodova\u0165 so v\u0161etk\u00fdmi 6 vylosovan\u00fdmi \u010d\u00edslami, ale m\u00f4\u017eete z\u00edska\u0165 men\u0161ie ceny za zhodu so 4 alebo 5 \u010d\u00edslami.<\/p><h2 class=\"wp-block-heading\">N\u00e1kup vstupeniek<\/h2><p>Akon\u00e1hle ste pripraven\u00ed k\u00fapi\u0165 vstupenky na Mega Sena Braz\u00edlia online, sta\u010d\u00ed vybra\u0165 po\u017eadovan\u00e9 \u010d\u00edsla a po\u010det v\u00fdkresov, ktor\u00e9 chcete. Potom zaplat\u00edte za l\u00edstok.<\/p><p>Platba za l\u00edstok je jednoduch\u00e1, preto\u017ee si len zvol\u00edte preferovan\u00fd sp\u00f4sob a uvediete inform\u00e1cie. Ak u\u017e \u00fa\u010det m\u00e1te, m\u00f4\u017eete pou\u017ei\u0165 ulo\u017een\u00fa met\u00f3du, potom sa pohodlne usa\u010fte a po\u010dkajte na v\u00fdsledky.<\/p><h2 class=\"wp-block-heading\">Kontrola v\u00fdsledkov<\/h2><p>Po dokon\u010den\u00ed \u017erebovania zost\u00e1va skontrolova\u0165 va\u0161e \u010d\u00edsla a zisti\u0165, \u010di ste vyhrali. M\u00f4\u017eete to urobi\u0165 tak, \u017ee nav\u0161t\u00edvite str\u00e1nku RedFoxLotto.com a skontrolujete svoj \u00fa\u010det. V\u00fdhern\u00e9 \u010d\u00edsla pre v\u0161etky hry, ktor\u00e9 budete hra\u0165, bud\u00fa k dispoz\u00edcii a bud\u00fa porovnan\u00e9 s va\u0161imi \u010d\u00edslami.<\/p>","protected":false},"excerpt":{"rendered":"<p>K\u00fapte si vstupenky na Mega Sena Braz\u00edlia online Ste pripraven\u00ed k\u00fapi\u0165 vstupenky na Mega Sena Brazil online? Tak\u017ee ste na spr\u00e1vnom mieste. Je to skuto\u010dne \u013eahk\u00e9 urobi\u0165, preto\u017ee si sta\u010d\u00ed vytvori\u0165 \u00fa\u010det na RedFoxLotto.com.<\/p>\n","protected":false},"author":1,"featured_media":0,"parent":10252,"menu_order":13,"comment_status":"closed","ping_status":"closed","template":"megasena-info.php","meta":{"_et_pb_use_builder":"","_et_pb_old_content":"","_et_gb_content_width":"","exclude_from_search":false,"footnotes":""},"class_list":["post-14122","page","type-page","status-publish","hentry"],"yoast_head":"<!-- This site is optimized with the Yoast SEO plugin v23.8 - https:\/\/yoast.com\/wordpress\/plugins\/seo\/ -->\n<title>Z\u00edskajte vstupenku na Mega Sena Lotto online<\/title>\n<meta name=\"description\" content=\"Zarezervujte si vstupenky online na Mega Sena Braz\u00edlia\" \/>\n<meta name=\"robots\" content=\"index, follow, max-snippet:-1, max-image-preview:large, max-video-preview:-1\" \/>\n<link rel=\"canonical\" href=\"https:\/\/redfoxlotto.com\/sk\/loterie\/mega-sena\/\" \/>\n<meta property=\"og:locale\" content=\"sk_SK\" \/>\n<meta property=\"og:type\" content=\"article\" \/>\n<meta property=\"og:title\" content=\"Z\u00edskajte vstupenku na Mega Sena Lotto online\" \/>\n<meta property=\"og:description\" content=\"Zarezervujte si vstupenky online na Mega Sena Braz\u00edlia\" \/>\n<meta property=\"og:url\" content=\"https:\/\/redfoxlotto.com\/sk\/loterie\/mega-sena\/\" \/>\n<meta property=\"og:site_name\" content=\"Get Tickets for the World\u2019s largest jackpots\" \/>\n<meta property=\"article:modified_time\" content=\"2020-08-21T13:39:43+00:00\" \/>\n<meta property=\"og:image\" content=\"https:\/\/content.redfoxlotto.com\/uploads\/sites\/9\/1_winning_numbers_lottery.jpg\" \/>\n<meta name=\"twitter:card\" content=\"summary_large_image\" \/>\n<meta name=\"twitter:label1\" content=\"Predpokladan\u00fd \u010das \u010d\u00edtania\" \/>\n\t<meta name=\"twitter:data1\" content=\"2 min\u00faty\" \/>\n<script type=\"application\/ld+json\" class=\"yoast-schema-graph\">{\"@context\":\"https:\/\/schema.org\",\"@graph\":[{\"@type\":\"WebPage\",\"@id\":\"https:\/\/redfoxlotto.com\/sk\/loterie\/mega-sena\/\",\"url\":\"https:\/\/redfoxlotto.com\/sk\/loterie\/mega-sena\/\",\"name\":\"Z\u00edskajte vstupenku na Mega Sena Lotto online\",\"isPartOf\":{\"@id\":\"https:\/\/redfoxlotto.com\/sk\/#website\"},\"primaryImageOfPage\":{\"@id\":\"https:\/\/redfoxlotto.com\/sk\/loterie\/mega-sena\/#primaryimage\"},\"image\":{\"@id\":\"https:\/\/redfoxlotto.com\/sk\/loterie\/mega-sena\/#primaryimage\"},\"thumbnailUrl\":\"https:\/\/content.redfoxlotto.com\/uploads\/sites\/9\/1_winning_numbers_lottery.jpg\",\"datePublished\":\"2020-07-20T08:54:27+00:00\",\"dateModified\":\"2020-08-21T13:39:43+00:00\",\"description\":\"Zarezervujte si vstupenky online na Mega Sena Braz\u00edlia\",\"breadcrumb\":{\"@id\":\"https:\/\/redfoxlotto.com\/sk\/loterie\/mega-sena\/#breadcrumb\"},\"inLanguage\":\"sk-SK\",\"potentialAction\":[{\"@type\":\"ReadAction\",\"target\":[\"https:\/\/redfoxlotto.com\/sk\/loterie\/mega-sena\/\"]}]},{\"@type\":\"ImageObject\",\"inLanguage\":\"sk-SK\",\"@id\":\"https:\/\/redfoxlotto.com\/sk\/loterie\/mega-sena\/#primaryimage\",\"url\":\"https:\/\/content.redfoxlotto.com\/uploads\/sites\/9\/1_winning_numbers_lottery.jpg\",\"contentUrl\":\"https:\/\/content.redfoxlotto.com\/uploads\/sites\/9\/1_winning_numbers_lottery.jpg\"},{\"@type\":\"BreadcrumbList\",\"@id\":\"https:\/\/redfoxlotto.com\/sk\/loterie\/mega-sena\/#breadcrumb\",\"itemListElement\":[{\"@type\":\"ListItem\",\"position\":1,\"name\":\"Home\",\"item\":\"https:\/\/redfoxlotto.com\/sk\/\"},{\"@type\":\"ListItem\",\"position\":2,\"name\":\"Ako k\u00fapi\u0165 online lot\u00e9riov\u00e9 l\u00edstky &#8211; proces n\u00e1kupu\",\"item\":\"https:\/\/redfoxlotto.com\/sk\/loterie\/\"},{\"@type\":\"ListItem\",\"position\":3,\"name\":\"O spolo\u010dnosti Mega Sena\"}]},{\"@type\":\"WebSite\",\"@id\":\"https:\/\/redfoxlotto.com\/sk\/#website\",\"url\":\"https:\/\/redfoxlotto.com\/sk\/\",\"name\":\"Get Tickets for the World\u2019s largest jackpots\",\"description\":\"Participate in worldwide lottery jackpots from any country\",\"publisher\":{\"@id\":\"https:\/\/redfoxlotto.com\/sk\/#organization\"},\"potentialAction\":[{\"@type\":\"SearchAction\",\"target\":{\"@type\":\"EntryPoint\",\"urlTemplate\":\"https:\/\/redfoxlotto.com\/sk\/?s={search_term_string}\"},\"query-input\":{\"@type\":\"PropertyValueSpecification\",\"valueRequired\":true,\"valueName\":\"search_term_string\"}}],\"inLanguage\":\"sk-SK\"},{\"@type\":\"Organization\",\"@id\":\"https:\/\/redfoxlotto.com\/sk\/#organization\",\"name\":\"Get Tickets for the World\u2019s largest jackpots\",\"url\":\"https:\/\/redfoxlotto.com\/sk\/\",\"logo\":{\"@type\":\"ImageObject\",\"inLanguage\":\"sk-SK\",\"@id\":\"https:\/\/redfoxlotto.com\/sk\/#\/schema\/logo\/image\/\",\"url\":\"https:\/\/redfoxlotto.com\/wp-content\/uploads\/2023\/04\/logo.png\",\"contentUrl\":\"https:\/\/redfoxlotto.com\/wp-content\/uploads\/2023\/04\/logo.png\",\"width\":269,\"height\":53,\"caption\":\"Get Tickets for the World\u2019s largest jackpots\"},\"image\":{\"@id\":\"https:\/\/redfoxlotto.com\/sk\/#\/schema\/logo\/image\/\"}}]}<\/script>\n<!-- \/ Yoast SEO plugin. -->","yoast_head_json":{"title":"Z\u00edskajte vstupenku na Mega Sena Lotto online","description":"Zarezervujte si vstupenky online na Mega Sena Braz\u00edlia","robots":{"index":"index","follow":"follow","max-snippet":"max-snippet:-1","max-image-preview":"max-image-preview:large","max-video-preview":"max-video-preview:-1"},"canonical":"https:\/\/redfoxlotto.com\/sk\/loterie\/mega-sena\/","og_locale":"sk_SK","og_type":"article","og_title":"Z\u00edskajte vstupenku na Mega Sena Lotto online","og_description":"Zarezervujte si vstupenky online na Mega Sena Braz\u00edlia","og_url":"https:\/\/redfoxlotto.com\/sk\/loterie\/mega-sena\/","og_site_name":"Get Tickets for the World\u2019s largest jackpots","article_modified_time":"2020-08-21T13:39:43+00:00","og_image":[{"url":"https:\/\/content.redfoxlotto.com\/uploads\/sites\/9\/1_winning_numbers_lottery.jpg"}],"twitter_card":"summary_large_image","twitter_misc":{"Predpokladan\u00fd \u010das \u010d\u00edtania":"2 min\u00faty"},"schema":{"@context":"https:\/\/schema.org","@graph":[{"@type":"WebPage","@id":"https:\/\/redfoxlotto.com\/sk\/loterie\/mega-sena\/","url":"https:\/\/redfoxlotto.com\/sk\/loterie\/mega-sena\/","name":"Z\u00edskajte vstupenku na Mega Sena Lotto online","isPartOf":{"@id":"https:\/\/redfoxlotto.com\/sk\/#website"},"primaryImageOfPage":{"@id":"https:\/\/redfoxlotto.com\/sk\/loterie\/mega-sena\/#primaryimage"},"image":{"@id":"https:\/\/redfoxlotto.com\/sk\/loterie\/mega-sena\/#primaryimage"},"thumbnailUrl":"https:\/\/content.redfoxlotto.com\/uploads\/sites\/9\/1_winning_numbers_lottery.jpg","datePublished":"2020-07-20T08:54:27+00:00","dateModified":"2020-08-21T13:39:43+00:00","description":"Zarezervujte si vstupenky online na Mega Sena Braz\u00edlia","breadcrumb":{"@id":"https:\/\/redfoxlotto.com\/sk\/loterie\/mega-sena\/#breadcrumb"},"inLanguage":"sk-SK","potentialAction":[{"@type":"ReadAction","target":["https:\/\/redfoxlotto.com\/sk\/loterie\/mega-sena\/"]}]},{"@type":"ImageObject","inLanguage":"sk-SK","@id":"https:\/\/redfoxlotto.com\/sk\/loterie\/mega-sena\/#primaryimage","url":"https:\/\/content.redfoxlotto.com\/uploads\/sites\/9\/1_winning_numbers_lottery.jpg","contentUrl":"https:\/\/content.redfoxlotto.com\/uploads\/sites\/9\/1_winning_numbers_lottery.jpg"},{"@type":"BreadcrumbList","@id":"https:\/\/redfoxlotto.com\/sk\/loterie\/mega-sena\/#breadcrumb","itemListElement":[{"@type":"ListItem","position":1,"name":"Home","item":"https:\/\/redfoxlotto.com\/sk\/"},{"@type":"ListItem","position":2,"name":"Ako k\u00fapi\u0165 online lot\u00e9riov\u00e9 l\u00edstky &#8211; proces n\u00e1kupu","item":"https:\/\/redfoxlotto.com\/sk\/loterie\/"},{"@type":"ListItem","position":3,"name":"O spolo\u010dnosti Mega Sena"}]},{"@type":"WebSite","@id":"https:\/\/redfoxlotto.com\/sk\/#website","url":"https:\/\/redfoxlotto.com\/sk\/","name":"Get Tickets for the World\u2019s largest jackpots","description":"Participate in worldwide lottery jackpots from any country","publisher":{"@id":"https:\/\/redfoxlotto.com\/sk\/#organization"},"potentialAction":[{"@type":"SearchAction","target":{"@type":"EntryPoint","urlTemplate":"https:\/\/redfoxlotto.com\/sk\/?s={search_term_string}"},"query-input":{"@type":"PropertyValueSpecification","valueRequired":true,"valueName":"search_term_string"}}],"inLanguage":"sk-SK"},{"@type":"Organization","@id":"https:\/\/redfoxlotto.com\/sk\/#organization","name":"Get Tickets for the World\u2019s largest jackpots","url":"https:\/\/redfoxlotto.com\/sk\/","logo":{"@type":"ImageObject","inLanguage":"sk-SK","@id":"https:\/\/redfoxlotto.com\/sk\/#\/schema\/logo\/image\/","url":"https:\/\/redfoxlotto.com\/wp-content\/uploads\/2023\/04\/logo.png","contentUrl":"https:\/\/redfoxlotto.com\/wp-content\/uploads\/2023\/04\/logo.png","width":269,"height":53,"caption":"Get Tickets for the World\u2019s largest jackpots"},"image":{"@id":"https:\/\/redfoxlotto.com\/sk\/#\/schema\/logo\/image\/"}}]}},"_links":{"self":[{"href":"https:\/\/redfoxlotto.com\/sk\/wp-json\/wp\/v2\/pages\/14122","targetHints":{"allow":["GET"]}}],"collection":[{"href":"https:\/\/redfoxlotto.com\/sk\/wp-json\/wp\/v2\/pages"}],"about":[{"href":"https:\/\/redfoxlotto.com\/sk\/wp-json\/wp\/v2\/types\/page"}],"author":[{"embeddable":true,"href":"https:\/\/redfoxlotto.com\/sk\/wp-json\/wp\/v2\/users\/1"}],"replies":[{"embeddable":true,"href":"https:\/\/redfoxlotto.com\/sk\/wp-json\/wp\/v2\/comments?post=14122"}],"version-history":[{"count":0,"href":"https:\/\/redfoxlotto.com\/sk\/wp-json\/wp\/v2\/pages\/14122\/revisions"}],"up":[{"embeddable":true,"href":"https:\/\/redfoxlotto.com\/sk\/wp-json\/wp\/v2\/pages\/10252"}],"wp:attachment":[{"href":"https:\/\/redfoxlotto.com\/sk\/wp-json\/wp\/v2\/media?parent=14122"}],"curies":[{"name":"wp","href":"https:\/\/api.w.org\/{rel}","templated":true}]}}