{"id":13634,"date":"2020-08-18T09:08:19","date_gmt":"2020-08-18T09:08:19","guid":{"rendered":"https:\/\/redfoxlotto.com\/?page_id=13634"},"modified":"2020-08-18T17:35:46","modified_gmt":"2020-08-18T16:35:46","slug":"thunderball","status":"publish","type":"page","link":"https:\/\/redfoxlotto.com\/sk\/vysledky\/thunderball\/","title":{"rendered":"V\u00fdsledky Thunderball"},"content":{"rendered":"<h2 class=\"wp-block-heading\">Thunderball UK Lotto &#8211; V\u00fdhern\u00e9 \u010d\u00edsla<\/h2><p><img loading=\"lazy\" decoding=\"async\" class=\" wp-image alignright\" src=\"https:\/\/content.redfoxlotto.com\/uploads\/sites\/9\/1_online_lotto_results.jpg\" alt=\"v\u00fdsledky blesku\" width=\"245\" height=\"245\" \/><\/p><p>\u010co urob\u00edte, ak ste sami zme\u0161kali losovanie a chcete skontrolova\u0165 posledn\u00e9 v\u00fdhern\u00e9 \u010d\u00edsla? M\u00e1te \u0161\u0165astie, preto\u017ee skontrolova\u0165 si v\u00fdhern\u00e9 \u010d\u00edsla Thunderball UK Lotto je jednoduch\u00e9. Ak e\u0161te \u017eiadny v\u00fdkres nebol, m\u00f4\u017eete si pozrie\u0165 web. Ak existuje, mo\u017eno budete musie\u0165 skontrolova\u0165 arch\u00edv v\u00fdsledkov.<\/p><h2 class=\"wp-block-heading\">Kontrolujete aktu\u00e1lne \u010d\u00edsla<\/h2><p>Ak ste hrali hru a chcete si pozrie\u0165 najnov\u0161ie v\u00fdhern\u00e9 \u010d\u00edsla, m\u00f4\u017eete prejs\u0165 priamo do svojho \u00fa\u010dtu a potom klikn\u00fa\u0165 na polo\u017eku \u201eMoje tikety\u201c. Odtia\u013e uvid\u00edte, ako sa va\u0161e \u010d\u00edsla vyrovn\u00e1vaj\u00fa s v\u00fdhern\u00fdmi \u010d\u00edslami. \u010d\u00edsla. To znamen\u00e1, \u017ee vid\u00edte, ko\u013eko ste vyhrali.<\/p><p>V\u0161etky \u010d\u00edsla, ktor\u00e9 sa zhoduj\u00fa s v\u00fdhern\u00fdmi \u010d\u00edslami, bud\u00fa zv\u00fdraznen\u00e9, \u010do v\u00e1m u\u013eah\u010d\u00ed kontrolu ceny. A na str\u00e1nke RedFoxLotto.com u\u017e budeme po\u017eadova\u0165 va\u0161u v\u00fdhern\u00fa \u010diastku za men\u0161ie ceny, tak\u017ee bude prip\u00edsan\u00e1 priamo na v\u00e1\u0161 \u00fa\u010det.<\/p><h2 class=\"wp-block-heading\">Old Thunderball UK Lotto &#8211; V\u00fdhern\u00e9 \u010d\u00edsla<\/h2><p><img loading=\"lazy\" decoding=\"async\" class=\" wp-image alignright\" src=\"https:\/\/content.redfoxlotto.com\/uploads\/sites\/9\/1_winner_lottery_jackpot.jpg\" alt=\"v\u00fdhern\u00e9 \u010d\u00edsla lot\u00e9rie\" width=\"237\" height=\"142\" \/><\/p><p>Pre niektor\u00e9 s\u00fa\u010dasn\u00e9 \u010d\u00edsla nie s\u00fa dos\u0165 na to, aby sa rozhodli. Mo\u017eno budete chcie\u0165 star\u0161ie \u010d\u00edsla, aby ste sa mohli rozhodn\u00fa\u0165, ako chcete hra\u0165. Alebo m\u00f4\u017eete ma\u0165 star\u0161ie tikety, ktor\u00e9 chcete skontrolova\u0165 oproti hr\u00e1m, pre ktor\u00e9 boli vy\u017erebovan\u00e9.<\/p><p>Ak potrebujete star\u00e9 \u010d\u00edsla z loterie Thunderball UK, m\u00f4\u017eete sa pozrie\u0165 do arch\u00edvu, kde n\u00e1jdete \u010fal\u0161ie inform\u00e1cie a inform\u00e1cie, ktor\u00e9 by ste mohli potrebova\u0165. M\u00f4\u017eete sa dokonca vr\u00e1ti\u0165 sp\u00e4\u0165 o nieko\u013eko hier a z\u00edska\u0165 v\u0161etky \u010d\u00edsla.<\/p>","protected":false},"excerpt":{"rendered":"<p>Thunderball UK Lotto &#8211; V\u00fdhern\u00e9 \u010d\u00edsla \u010co urob\u00edte, ak ste sami zme\u0161kali losovanie a chcete skontrolova\u0165 posledn\u00e9 v\u00fdhern\u00e9 \u010d\u00edsla? M\u00e1te \u0161\u0165astie, preto\u017ee skontrolova\u0165 si v\u00fdhern\u00e9 \u010d\u00edsla Thunderball UK Lotto je jednoduch\u00e9. Ak e\u0161te \u017eiadny v\u00fdkres nebol, m\u00f4\u017eete si pozrie\u0165 web. Ak existuje, mo\u017eno budete musie\u0165 skontrolova\u0165 arch\u00edv v\u00fdsledkov. Kontrolujete aktu\u00e1lne \u010d\u00edsla Ak ste hrali hru [&hellip;]<\/p>\n","protected":false},"author":1,"featured_media":0,"parent":10260,"menu_order":11,"comment_status":"closed","ping_status":"closed","template":"thunderball-results.php","meta":{"_et_pb_use_builder":"","_et_pb_old_content":"","_et_gb_content_width":"","exclude_from_search":false,"footnotes":""},"class_list":["post-13634","page","type-page","status-publish","hentry"],"yoast_head":"<!-- This site is optimized with the Yoast SEO plugin v23.8 - https:\/\/yoast.com\/wordpress\/plugins\/seo\/ -->\n<title>Aktu\u00e1lne a posledn\u00e9 v\u00fdhern\u00e9 \u010d\u00edsla a v\u00fdsledky Thunderball UK<\/title>\n<meta name=\"description\" content=\"Porovnajte svoje \u010d\u00edsla \u017erebov s v\u00fdsledkami rem\u00edzy Thunderball tu\" \/>\n<meta name=\"robots\" content=\"index, follow, max-snippet:-1, max-image-preview:large, max-video-preview:-1\" \/>\n<link rel=\"canonical\" href=\"https:\/\/redfoxlotto.com\/sk\/vysledky\/thunderball\/\" \/>\n<meta property=\"og:locale\" content=\"sk_SK\" \/>\n<meta property=\"og:type\" content=\"article\" \/>\n<meta property=\"og:title\" content=\"Aktu\u00e1lne a posledn\u00e9 v\u00fdhern\u00e9 \u010d\u00edsla a v\u00fdsledky Thunderball UK\" \/>\n<meta property=\"og:description\" content=\"Porovnajte svoje \u010d\u00edsla \u017erebov s v\u00fdsledkami rem\u00edzy Thunderball tu\" \/>\n<meta property=\"og:url\" content=\"https:\/\/redfoxlotto.com\/sk\/vysledky\/thunderball\/\" \/>\n<meta property=\"og:site_name\" content=\"Get Tickets for the World\u2019s largest jackpots\" \/>\n<meta property=\"article:modified_time\" content=\"2020-08-18T16:35:46+00:00\" \/>\n<meta property=\"og:image\" content=\"https:\/\/content.redfoxlotto.com\/uploads\/sites\/9\/1_online_lotto_results.jpg\" \/>\n<meta name=\"twitter:card\" content=\"summary_large_image\" \/>\n<meta name=\"twitter:label1\" content=\"Predpokladan\u00fd \u010das \u010d\u00edtania\" \/>\n\t<meta name=\"twitter:data1\" content=\"2 min\u00faty\" \/>\n<script type=\"application\/ld+json\" class=\"yoast-schema-graph\">{\"@context\":\"https:\/\/schema.org\",\"@graph\":[{\"@type\":\"WebPage\",\"@id\":\"https:\/\/redfoxlotto.com\/sk\/vysledky\/thunderball\/\",\"url\":\"https:\/\/redfoxlotto.com\/sk\/vysledky\/thunderball\/\",\"name\":\"Aktu\u00e1lne a posledn\u00e9 v\u00fdhern\u00e9 \u010d\u00edsla a v\u00fdsledky Thunderball UK\",\"isPartOf\":{\"@id\":\"https:\/\/redfoxlotto.com\/sk\/#website\"},\"primaryImageOfPage\":{\"@id\":\"https:\/\/redfoxlotto.com\/sk\/vysledky\/thunderball\/#primaryimage\"},\"image\":{\"@id\":\"https:\/\/redfoxlotto.com\/sk\/vysledky\/thunderball\/#primaryimage\"},\"thumbnailUrl\":\"https:\/\/content.redfoxlotto.com\/uploads\/sites\/9\/1_online_lotto_results.jpg\",\"datePublished\":\"2020-08-18T09:08:19+00:00\",\"dateModified\":\"2020-08-18T16:35:46+00:00\",\"description\":\"Porovnajte svoje \u010d\u00edsla \u017erebov s v\u00fdsledkami rem\u00edzy Thunderball tu\",\"breadcrumb\":{\"@id\":\"https:\/\/redfoxlotto.com\/sk\/vysledky\/thunderball\/#breadcrumb\"},\"inLanguage\":\"sk-SK\",\"potentialAction\":[{\"@type\":\"ReadAction\",\"target\":[\"https:\/\/redfoxlotto.com\/sk\/vysledky\/thunderball\/\"]}]},{\"@type\":\"ImageObject\",\"inLanguage\":\"sk-SK\",\"@id\":\"https:\/\/redfoxlotto.com\/sk\/vysledky\/thunderball\/#primaryimage\",\"url\":\"https:\/\/content.redfoxlotto.com\/uploads\/sites\/9\/1_online_lotto_results.jpg\",\"contentUrl\":\"https:\/\/content.redfoxlotto.com\/uploads\/sites\/9\/1_online_lotto_results.jpg\"},{\"@type\":\"BreadcrumbList\",\"@id\":\"https:\/\/redfoxlotto.com\/sk\/vysledky\/thunderball\/#breadcrumb\",\"itemListElement\":[{\"@type\":\"ListItem\",\"position\":1,\"name\":\"Home\",\"item\":\"https:\/\/redfoxlotto.com\/sk\/\"},{\"@type\":\"ListItem\",\"position\":2,\"name\":\"V\u00fdsledky medzin\u00e1rodnej lot\u00e9rie\",\"item\":\"https:\/\/redfoxlotto.com\/sk\/vysledky\/\"},{\"@type\":\"ListItem\",\"position\":3,\"name\":\"V\u00fdsledky Thunderball\"}]},{\"@type\":\"WebSite\",\"@id\":\"https:\/\/redfoxlotto.com\/sk\/#website\",\"url\":\"https:\/\/redfoxlotto.com\/sk\/\",\"name\":\"Get Tickets for the World\u2019s largest jackpots\",\"description\":\"Participate in worldwide lottery jackpots from any country\",\"publisher\":{\"@id\":\"https:\/\/redfoxlotto.com\/sk\/#organization\"},\"potentialAction\":[{\"@type\":\"SearchAction\",\"target\":{\"@type\":\"EntryPoint\",\"urlTemplate\":\"https:\/\/redfoxlotto.com\/sk\/?s={search_term_string}\"},\"query-input\":{\"@type\":\"PropertyValueSpecification\",\"valueRequired\":true,\"valueName\":\"search_term_string\"}}],\"inLanguage\":\"sk-SK\"},{\"@type\":\"Organization\",\"@id\":\"https:\/\/redfoxlotto.com\/sk\/#organization\",\"name\":\"Get Tickets for the World\u2019s largest jackpots\",\"url\":\"https:\/\/redfoxlotto.com\/sk\/\",\"logo\":{\"@type\":\"ImageObject\",\"inLanguage\":\"sk-SK\",\"@id\":\"https:\/\/redfoxlotto.com\/sk\/#\/schema\/logo\/image\/\",\"url\":\"https:\/\/redfoxlotto.com\/wp-content\/uploads\/2023\/04\/logo.png\",\"contentUrl\":\"https:\/\/redfoxlotto.com\/wp-content\/uploads\/2023\/04\/logo.png\",\"width\":269,\"height\":53,\"caption\":\"Get Tickets for the World\u2019s largest jackpots\"},\"image\":{\"@id\":\"https:\/\/redfoxlotto.com\/sk\/#\/schema\/logo\/image\/\"}}]}<\/script>\n<!-- \/ Yoast SEO plugin. -->","yoast_head_json":{"title":"Aktu\u00e1lne a posledn\u00e9 v\u00fdhern\u00e9 \u010d\u00edsla a v\u00fdsledky Thunderball UK","description":"Porovnajte svoje \u010d\u00edsla \u017erebov s v\u00fdsledkami rem\u00edzy Thunderball tu","robots":{"index":"index","follow":"follow","max-snippet":"max-snippet:-1","max-image-preview":"max-image-preview:large","max-video-preview":"max-video-preview:-1"},"canonical":"https:\/\/redfoxlotto.com\/sk\/vysledky\/thunderball\/","og_locale":"sk_SK","og_type":"article","og_title":"Aktu\u00e1lne a posledn\u00e9 v\u00fdhern\u00e9 \u010d\u00edsla a v\u00fdsledky Thunderball UK","og_description":"Porovnajte svoje \u010d\u00edsla \u017erebov s v\u00fdsledkami rem\u00edzy Thunderball tu","og_url":"https:\/\/redfoxlotto.com\/sk\/vysledky\/thunderball\/","og_site_name":"Get Tickets for the World\u2019s largest jackpots","article_modified_time":"2020-08-18T16:35:46+00:00","og_image":[{"url":"https:\/\/content.redfoxlotto.com\/uploads\/sites\/9\/1_online_lotto_results.jpg"}],"twitter_card":"summary_large_image","twitter_misc":{"Predpokladan\u00fd \u010das \u010d\u00edtania":"2 min\u00faty"},"schema":{"@context":"https:\/\/schema.org","@graph":[{"@type":"WebPage","@id":"https:\/\/redfoxlotto.com\/sk\/vysledky\/thunderball\/","url":"https:\/\/redfoxlotto.com\/sk\/vysledky\/thunderball\/","name":"Aktu\u00e1lne a posledn\u00e9 v\u00fdhern\u00e9 \u010d\u00edsla a v\u00fdsledky Thunderball UK","isPartOf":{"@id":"https:\/\/redfoxlotto.com\/sk\/#website"},"primaryImageOfPage":{"@id":"https:\/\/redfoxlotto.com\/sk\/vysledky\/thunderball\/#primaryimage"},"image":{"@id":"https:\/\/redfoxlotto.com\/sk\/vysledky\/thunderball\/#primaryimage"},"thumbnailUrl":"https:\/\/content.redfoxlotto.com\/uploads\/sites\/9\/1_online_lotto_results.jpg","datePublished":"2020-08-18T09:08:19+00:00","dateModified":"2020-08-18T16:35:46+00:00","description":"Porovnajte svoje \u010d\u00edsla \u017erebov s v\u00fdsledkami rem\u00edzy Thunderball tu","breadcrumb":{"@id":"https:\/\/redfoxlotto.com\/sk\/vysledky\/thunderball\/#breadcrumb"},"inLanguage":"sk-SK","potentialAction":[{"@type":"ReadAction","target":["https:\/\/redfoxlotto.com\/sk\/vysledky\/thunderball\/"]}]},{"@type":"ImageObject","inLanguage":"sk-SK","@id":"https:\/\/redfoxlotto.com\/sk\/vysledky\/thunderball\/#primaryimage","url":"https:\/\/content.redfoxlotto.com\/uploads\/sites\/9\/1_online_lotto_results.jpg","contentUrl":"https:\/\/content.redfoxlotto.com\/uploads\/sites\/9\/1_online_lotto_results.jpg"},{"@type":"BreadcrumbList","@id":"https:\/\/redfoxlotto.com\/sk\/vysledky\/thunderball\/#breadcrumb","itemListElement":[{"@type":"ListItem","position":1,"name":"Home","item":"https:\/\/redfoxlotto.com\/sk\/"},{"@type":"ListItem","position":2,"name":"V\u00fdsledky medzin\u00e1rodnej lot\u00e9rie","item":"https:\/\/redfoxlotto.com\/sk\/vysledky\/"},{"@type":"ListItem","position":3,"name":"V\u00fdsledky Thunderball"}]},{"@type":"WebSite","@id":"https:\/\/redfoxlotto.com\/sk\/#website","url":"https:\/\/redfoxlotto.com\/sk\/","name":"Get Tickets for the World\u2019s largest jackpots","description":"Participate in worldwide lottery jackpots from any country","publisher":{"@id":"https:\/\/redfoxlotto.com\/sk\/#organization"},"potentialAction":[{"@type":"SearchAction","target":{"@type":"EntryPoint","urlTemplate":"https:\/\/redfoxlotto.com\/sk\/?s={search_term_string}"},"query-input":{"@type":"PropertyValueSpecification","valueRequired":true,"valueName":"search_term_string"}}],"inLanguage":"sk-SK"},{"@type":"Organization","@id":"https:\/\/redfoxlotto.com\/sk\/#organization","name":"Get Tickets for the World\u2019s largest jackpots","url":"https:\/\/redfoxlotto.com\/sk\/","logo":{"@type":"ImageObject","inLanguage":"sk-SK","@id":"https:\/\/redfoxlotto.com\/sk\/#\/schema\/logo\/image\/","url":"https:\/\/redfoxlotto.com\/wp-content\/uploads\/2023\/04\/logo.png","contentUrl":"https:\/\/redfoxlotto.com\/wp-content\/uploads\/2023\/04\/logo.png","width":269,"height":53,"caption":"Get Tickets for the World\u2019s largest jackpots"},"image":{"@id":"https:\/\/redfoxlotto.com\/sk\/#\/schema\/logo\/image\/"}}]}},"_links":{"self":[{"href":"https:\/\/redfoxlotto.com\/sk\/wp-json\/wp\/v2\/pages\/13634","targetHints":{"allow":["GET"]}}],"collection":[{"href":"https:\/\/redfoxlotto.com\/sk\/wp-json\/wp\/v2\/pages"}],"about":[{"href":"https:\/\/redfoxlotto.com\/sk\/wp-json\/wp\/v2\/types\/page"}],"author":[{"embeddable":true,"href":"https:\/\/redfoxlotto.com\/sk\/wp-json\/wp\/v2\/users\/1"}],"replies":[{"embeddable":true,"href":"https:\/\/redfoxlotto.com\/sk\/wp-json\/wp\/v2\/comments?post=13634"}],"version-history":[{"count":0,"href":"https:\/\/redfoxlotto.com\/sk\/wp-json\/wp\/v2\/pages\/13634\/revisions"}],"up":[{"embeddable":true,"href":"https:\/\/redfoxlotto.com\/sk\/wp-json\/wp\/v2\/pages\/10260"}],"wp:attachment":[{"href":"https:\/\/redfoxlotto.com\/sk\/wp-json\/wp\/v2\/media?parent=13634"}],"curies":[{"name":"wp","href":"https:\/\/api.w.org\/{rel}","templated":true}]}}