{"id":13563,"date":"2020-08-18T10:31:21","date_gmt":"2020-08-18T10:31:21","guid":{"rendered":"https:\/\/redfoxlotto.com\/?page_id=13563"},"modified":"2020-08-18T17:29:47","modified_gmt":"2020-08-18T16:29:47","slug":"set-for-life-uk","status":"publish","type":"page","link":"https:\/\/redfoxlotto.com\/sk\/vysledky\/set-for-life-uk\/","title":{"rendered":"Pripravte sa na v\u00fdsledky lotto \u017eivota"},"content":{"rendered":"<h2 class=\"wp-block-heading\">V\u00fdhern\u00e9 \u010d\u00edsla lot\u00e9rie \u201eSet for life\u201c<\/h2><p><img loading=\"lazy\" decoding=\"async\" class=\" wp-image alignright\" src=\"https:\/\/content.redfoxlotto.com\/uploads\/sites\/9\/1_results_winning_numbers2.jpg\" alt=\"nastaven\u00fd pre v\u00fdsledky \u017eivota\" width=\"249\" height=\"187\" \/><\/p><p>V\u00fdhern\u00e9 \u010d\u00edsla do lot\u00e9rie \u201eSet for life\u201c bud\u00fa zverejnen\u00e9 na na\u0161om webe po ka\u017edom \u017erebovan\u00ed. Len \u010do si na na\u0161ej str\u00e1nke zarezervujete tiket do tejto lot\u00e9rie, po\u0161leme v\u00e1m e-mail, ak v\u00e1\u0161 tiket nie\u010do vyhral.<\/p><p>M\u00f4\u017eete sa v\u0161ak tie\u017e prihl\u00e1si\u0165 do svojho \u00fa\u010dtu a otvori\u0165 sekciu, kde je ulo\u017een\u00fd v\u00e1\u0161 l\u00edstok. V\u0161etky \u010d\u00edsla, ktor\u00e9 ste vybrali a ktor\u00e9 sa zhoduj\u00fa s v\u00fdsledkom \u017erebovania, bud\u00fa ozna\u010den\u00e9, aby ste videli, \u010do ste vyhrali, celkom \u013eahko.<\/p><h2 class=\"wp-block-heading\">\u201eSet for life\u201c minul\u00e9 v\u00fdhern\u00e9 \u010d\u00edsla<\/h2><p>Ak chcete vidie\u0165 \u010d\u00edsla z minul\u00fdch \u017erebov, m\u00f4\u017eete to urobi\u0165 tie\u017e. Mnoho na\u0161ich klientov pou\u017e\u00edva t\u00fato funkciu, aby sa vyhlo vyberaniu \u010d\u00edsel, ktor\u00e9 boli pr\u00e1ve vy\u017erebovan\u00e9 v posledn\u00fdch d\u0148och alebo t\u00fd\u017ed\u0148och.<\/p>","protected":false},"excerpt":{"rendered":"<p>V\u00fdhern\u00e9 \u010d\u00edsla lot\u00e9rie \u201eSet for life\u201c V\u00fdhern\u00e9 \u010d\u00edsla do lot\u00e9rie \u201eSet for life\u201c bud\u00fa zverejnen\u00e9 na na\u0161om webe po ka\u017edom \u017erebovan\u00ed. Len \u010do si na na\u0161ej str\u00e1nke zarezervujete tiket do tejto lot\u00e9rie, po\u0161leme v\u00e1m e-mail, ak v\u00e1\u0161 tiket nie\u010do vyhral. M\u00f4\u017eete sa v\u0161ak tie\u017e prihl\u00e1si\u0165 do svojho \u00fa\u010dtu a otvori\u0165 sekciu, kde je ulo\u017een\u00fd v\u00e1\u0161 [&hellip;]<\/p>\n","protected":false},"author":1,"featured_media":0,"parent":10260,"menu_order":10,"comment_status":"closed","ping_status":"closed","template":"set-for-life-results.php","meta":{"_et_pb_use_builder":"","_et_pb_old_content":"","_et_gb_content_width":"","exclude_from_search":false,"footnotes":""},"class_list":["post-13563","page","type-page","status-publish","hentry"],"yoast_head":"<!-- This site is optimized with the Yoast SEO plugin v23.8 - https:\/\/yoast.com\/wordpress\/plugins\/seo\/ -->\n<title>Z\u00edskajte v\u00fdsledky \u017erebovania a v\u00fdhern\u00e9 \u010d\u00edsla pre lotto Set for life<\/title>\n<meta name=\"description\" content=\"Tu si m\u00f4\u017eete pre\u010d\u00edta\u0165 v\u00fdsledky \u017erebovania setu pre do\u017eivotn\u00fa lot\u00e9riu\" \/>\n<meta name=\"robots\" content=\"index, follow, max-snippet:-1, max-image-preview:large, max-video-preview:-1\" \/>\n<link rel=\"canonical\" href=\"https:\/\/redfoxlotto.com\/sk\/vysledky\/set-for-life-uk\/\" \/>\n<meta property=\"og:locale\" content=\"sk_SK\" \/>\n<meta property=\"og:type\" content=\"article\" \/>\n<meta property=\"og:title\" content=\"Z\u00edskajte v\u00fdsledky \u017erebovania a v\u00fdhern\u00e9 \u010d\u00edsla pre lotto Set for life\" \/>\n<meta property=\"og:description\" content=\"Tu si m\u00f4\u017eete pre\u010d\u00edta\u0165 v\u00fdsledky \u017erebovania setu pre do\u017eivotn\u00fa lot\u00e9riu\" \/>\n<meta property=\"og:url\" content=\"https:\/\/redfoxlotto.com\/sk\/vysledky\/set-for-life-uk\/\" \/>\n<meta property=\"og:site_name\" content=\"Get Tickets for the World\u2019s largest jackpots\" \/>\n<meta property=\"article:modified_time\" content=\"2020-08-18T16:29:47+00:00\" \/>\n<meta property=\"og:image\" content=\"https:\/\/content.redfoxlotto.com\/uploads\/sites\/9\/1_results_winning_numbers2.jpg\" \/>\n<meta name=\"twitter:card\" content=\"summary_large_image\" \/>\n<meta name=\"twitter:label1\" content=\"Predpokladan\u00fd \u010das \u010d\u00edtania\" \/>\n\t<meta name=\"twitter:data1\" content=\"1 min\u00fata\" \/>\n<script type=\"application\/ld+json\" class=\"yoast-schema-graph\">{\"@context\":\"https:\/\/schema.org\",\"@graph\":[{\"@type\":\"WebPage\",\"@id\":\"https:\/\/redfoxlotto.com\/sk\/vysledky\/set-for-life-uk\/\",\"url\":\"https:\/\/redfoxlotto.com\/sk\/vysledky\/set-for-life-uk\/\",\"name\":\"Z\u00edskajte v\u00fdsledky \u017erebovania a v\u00fdhern\u00e9 \u010d\u00edsla pre lotto Set for life\",\"isPartOf\":{\"@id\":\"https:\/\/redfoxlotto.com\/sk\/#website\"},\"primaryImageOfPage\":{\"@id\":\"https:\/\/redfoxlotto.com\/sk\/vysledky\/set-for-life-uk\/#primaryimage\"},\"image\":{\"@id\":\"https:\/\/redfoxlotto.com\/sk\/vysledky\/set-for-life-uk\/#primaryimage\"},\"thumbnailUrl\":\"https:\/\/content.redfoxlotto.com\/uploads\/sites\/9\/1_results_winning_numbers2.jpg\",\"datePublished\":\"2020-08-18T10:31:21+00:00\",\"dateModified\":\"2020-08-18T16:29:47+00:00\",\"description\":\"Tu si m\u00f4\u017eete pre\u010d\u00edta\u0165 v\u00fdsledky \u017erebovania setu pre do\u017eivotn\u00fa lot\u00e9riu\",\"breadcrumb\":{\"@id\":\"https:\/\/redfoxlotto.com\/sk\/vysledky\/set-for-life-uk\/#breadcrumb\"},\"inLanguage\":\"sk-SK\",\"potentialAction\":[{\"@type\":\"ReadAction\",\"target\":[\"https:\/\/redfoxlotto.com\/sk\/vysledky\/set-for-life-uk\/\"]}]},{\"@type\":\"ImageObject\",\"inLanguage\":\"sk-SK\",\"@id\":\"https:\/\/redfoxlotto.com\/sk\/vysledky\/set-for-life-uk\/#primaryimage\",\"url\":\"https:\/\/content.redfoxlotto.com\/uploads\/sites\/9\/1_results_winning_numbers2.jpg\",\"contentUrl\":\"https:\/\/content.redfoxlotto.com\/uploads\/sites\/9\/1_results_winning_numbers2.jpg\"},{\"@type\":\"BreadcrumbList\",\"@id\":\"https:\/\/redfoxlotto.com\/sk\/vysledky\/set-for-life-uk\/#breadcrumb\",\"itemListElement\":[{\"@type\":\"ListItem\",\"position\":1,\"name\":\"Home\",\"item\":\"https:\/\/redfoxlotto.com\/sk\/\"},{\"@type\":\"ListItem\",\"position\":2,\"name\":\"V\u00fdsledky medzin\u00e1rodnej lot\u00e9rie\",\"item\":\"https:\/\/redfoxlotto.com\/sk\/vysledky\/\"},{\"@type\":\"ListItem\",\"position\":3,\"name\":\"Pripravte sa na v\u00fdsledky lotto \u017eivota\"}]},{\"@type\":\"WebSite\",\"@id\":\"https:\/\/redfoxlotto.com\/sk\/#website\",\"url\":\"https:\/\/redfoxlotto.com\/sk\/\",\"name\":\"Get Tickets for the World\u2019s largest jackpots\",\"description\":\"Participate in worldwide lottery jackpots from any country\",\"publisher\":{\"@id\":\"https:\/\/redfoxlotto.com\/sk\/#organization\"},\"potentialAction\":[{\"@type\":\"SearchAction\",\"target\":{\"@type\":\"EntryPoint\",\"urlTemplate\":\"https:\/\/redfoxlotto.com\/sk\/?s={search_term_string}\"},\"query-input\":{\"@type\":\"PropertyValueSpecification\",\"valueRequired\":true,\"valueName\":\"search_term_string\"}}],\"inLanguage\":\"sk-SK\"},{\"@type\":\"Organization\",\"@id\":\"https:\/\/redfoxlotto.com\/sk\/#organization\",\"name\":\"Get Tickets for the World\u2019s largest jackpots\",\"url\":\"https:\/\/redfoxlotto.com\/sk\/\",\"logo\":{\"@type\":\"ImageObject\",\"inLanguage\":\"sk-SK\",\"@id\":\"https:\/\/redfoxlotto.com\/sk\/#\/schema\/logo\/image\/\",\"url\":\"https:\/\/redfoxlotto.com\/wp-content\/uploads\/2023\/04\/logo.png\",\"contentUrl\":\"https:\/\/redfoxlotto.com\/wp-content\/uploads\/2023\/04\/logo.png\",\"width\":269,\"height\":53,\"caption\":\"Get Tickets for the World\u2019s largest jackpots\"},\"image\":{\"@id\":\"https:\/\/redfoxlotto.com\/sk\/#\/schema\/logo\/image\/\"}}]}<\/script>\n<!-- \/ Yoast SEO plugin. -->","yoast_head_json":{"title":"Z\u00edskajte v\u00fdsledky \u017erebovania a v\u00fdhern\u00e9 \u010d\u00edsla pre lotto Set for life","description":"Tu si m\u00f4\u017eete pre\u010d\u00edta\u0165 v\u00fdsledky \u017erebovania setu pre do\u017eivotn\u00fa lot\u00e9riu","robots":{"index":"index","follow":"follow","max-snippet":"max-snippet:-1","max-image-preview":"max-image-preview:large","max-video-preview":"max-video-preview:-1"},"canonical":"https:\/\/redfoxlotto.com\/sk\/vysledky\/set-for-life-uk\/","og_locale":"sk_SK","og_type":"article","og_title":"Z\u00edskajte v\u00fdsledky \u017erebovania a v\u00fdhern\u00e9 \u010d\u00edsla pre lotto Set for life","og_description":"Tu si m\u00f4\u017eete pre\u010d\u00edta\u0165 v\u00fdsledky \u017erebovania setu pre do\u017eivotn\u00fa lot\u00e9riu","og_url":"https:\/\/redfoxlotto.com\/sk\/vysledky\/set-for-life-uk\/","og_site_name":"Get Tickets for the World\u2019s largest jackpots","article_modified_time":"2020-08-18T16:29:47+00:00","og_image":[{"url":"https:\/\/content.redfoxlotto.com\/uploads\/sites\/9\/1_results_winning_numbers2.jpg"}],"twitter_card":"summary_large_image","twitter_misc":{"Predpokladan\u00fd \u010das \u010d\u00edtania":"1 min\u00fata"},"schema":{"@context":"https:\/\/schema.org","@graph":[{"@type":"WebPage","@id":"https:\/\/redfoxlotto.com\/sk\/vysledky\/set-for-life-uk\/","url":"https:\/\/redfoxlotto.com\/sk\/vysledky\/set-for-life-uk\/","name":"Z\u00edskajte v\u00fdsledky \u017erebovania a v\u00fdhern\u00e9 \u010d\u00edsla pre lotto Set for life","isPartOf":{"@id":"https:\/\/redfoxlotto.com\/sk\/#website"},"primaryImageOfPage":{"@id":"https:\/\/redfoxlotto.com\/sk\/vysledky\/set-for-life-uk\/#primaryimage"},"image":{"@id":"https:\/\/redfoxlotto.com\/sk\/vysledky\/set-for-life-uk\/#primaryimage"},"thumbnailUrl":"https:\/\/content.redfoxlotto.com\/uploads\/sites\/9\/1_results_winning_numbers2.jpg","datePublished":"2020-08-18T10:31:21+00:00","dateModified":"2020-08-18T16:29:47+00:00","description":"Tu si m\u00f4\u017eete pre\u010d\u00edta\u0165 v\u00fdsledky \u017erebovania setu pre do\u017eivotn\u00fa lot\u00e9riu","breadcrumb":{"@id":"https:\/\/redfoxlotto.com\/sk\/vysledky\/set-for-life-uk\/#breadcrumb"},"inLanguage":"sk-SK","potentialAction":[{"@type":"ReadAction","target":["https:\/\/redfoxlotto.com\/sk\/vysledky\/set-for-life-uk\/"]}]},{"@type":"ImageObject","inLanguage":"sk-SK","@id":"https:\/\/redfoxlotto.com\/sk\/vysledky\/set-for-life-uk\/#primaryimage","url":"https:\/\/content.redfoxlotto.com\/uploads\/sites\/9\/1_results_winning_numbers2.jpg","contentUrl":"https:\/\/content.redfoxlotto.com\/uploads\/sites\/9\/1_results_winning_numbers2.jpg"},{"@type":"BreadcrumbList","@id":"https:\/\/redfoxlotto.com\/sk\/vysledky\/set-for-life-uk\/#breadcrumb","itemListElement":[{"@type":"ListItem","position":1,"name":"Home","item":"https:\/\/redfoxlotto.com\/sk\/"},{"@type":"ListItem","position":2,"name":"V\u00fdsledky medzin\u00e1rodnej lot\u00e9rie","item":"https:\/\/redfoxlotto.com\/sk\/vysledky\/"},{"@type":"ListItem","position":3,"name":"Pripravte sa na v\u00fdsledky lotto \u017eivota"}]},{"@type":"WebSite","@id":"https:\/\/redfoxlotto.com\/sk\/#website","url":"https:\/\/redfoxlotto.com\/sk\/","name":"Get Tickets for the World\u2019s largest jackpots","description":"Participate in worldwide lottery jackpots from any country","publisher":{"@id":"https:\/\/redfoxlotto.com\/sk\/#organization"},"potentialAction":[{"@type":"SearchAction","target":{"@type":"EntryPoint","urlTemplate":"https:\/\/redfoxlotto.com\/sk\/?s={search_term_string}"},"query-input":{"@type":"PropertyValueSpecification","valueRequired":true,"valueName":"search_term_string"}}],"inLanguage":"sk-SK"},{"@type":"Organization","@id":"https:\/\/redfoxlotto.com\/sk\/#organization","name":"Get Tickets for the World\u2019s largest jackpots","url":"https:\/\/redfoxlotto.com\/sk\/","logo":{"@type":"ImageObject","inLanguage":"sk-SK","@id":"https:\/\/redfoxlotto.com\/sk\/#\/schema\/logo\/image\/","url":"https:\/\/redfoxlotto.com\/wp-content\/uploads\/2023\/04\/logo.png","contentUrl":"https:\/\/redfoxlotto.com\/wp-content\/uploads\/2023\/04\/logo.png","width":269,"height":53,"caption":"Get Tickets for the World\u2019s largest jackpots"},"image":{"@id":"https:\/\/redfoxlotto.com\/sk\/#\/schema\/logo\/image\/"}}]}},"_links":{"self":[{"href":"https:\/\/redfoxlotto.com\/sk\/wp-json\/wp\/v2\/pages\/13563","targetHints":{"allow":["GET"]}}],"collection":[{"href":"https:\/\/redfoxlotto.com\/sk\/wp-json\/wp\/v2\/pages"}],"about":[{"href":"https:\/\/redfoxlotto.com\/sk\/wp-json\/wp\/v2\/types\/page"}],"author":[{"embeddable":true,"href":"https:\/\/redfoxlotto.com\/sk\/wp-json\/wp\/v2\/users\/1"}],"replies":[{"embeddable":true,"href":"https:\/\/redfoxlotto.com\/sk\/wp-json\/wp\/v2\/comments?post=13563"}],"version-history":[{"count":0,"href":"https:\/\/redfoxlotto.com\/sk\/wp-json\/wp\/v2\/pages\/13563\/revisions"}],"up":[{"embeddable":true,"href":"https:\/\/redfoxlotto.com\/sk\/wp-json\/wp\/v2\/pages\/10260"}],"wp:attachment":[{"href":"https:\/\/redfoxlotto.com\/sk\/wp-json\/wp\/v2\/media?parent=13563"}],"curies":[{"name":"wp","href":"https:\/\/api.w.org\/{rel}","templated":true}]}}