{"id":13511,"date":"2020-07-20T08:57:09","date_gmt":"2020-07-20T08:57:09","guid":{"rendered":"https:\/\/redfoxlotto.com\/?page_id=13511"},"modified":"2020-08-18T17:25:56","modified_gmt":"2020-08-18T16:25:56","slug":"mega-sena","status":"publish","type":"page","link":"https:\/\/redfoxlotto.com\/sk\/vysledky\/mega-sena\/","title":{"rendered":"V\u00fdsledky Mega Sena"},"content":{"rendered":"<h2 class=\"wp-block-heading\">Mega Sena v\u00ed\u0165azn\u00e9 \u010d\u00edsla<\/h2><p><img loading=\"lazy\" decoding=\"async\" class=\" wp-image alignright\" src=\"https:\/\/content.redfoxlotto.com\/uploads\/sites\/9\/1_you_win_jackpot.jpg\" alt=\"vyhra\u0165 jackpot v lot\u00e9rii\" width=\"255\" height=\"255\" \/><\/p><p>Ak ste u\u017e hrali Mega Senu, mus\u00edte vedie\u0165, \u010di ste vyhrali, v\u0161ak? Ako teda skontrolujete v\u00fdhern\u00e9 \u010d\u00edsla Mega Sena Brazil? Pr\u00e1ve ste nav\u0161t\u00edvili svoj \u00fa\u010det na RedFoxLotto.com. N\u00e1jdete najnov\u0161ie v\u00fdsledky hry a ak ste hrali, budete ich m\u00f4c\u0165 n\u00e1js\u0165 e\u0161te jednoduch\u0161ie.<\/p><h2 class=\"wp-block-heading\">Kontrola va\u0161ich \u010d\u00edsel<\/h2><p>Ak chcete vedie\u0165, \u010di ste vyhrali na turnaji Mega Sena Brazil, jednoducho cho\u010fte na str\u00e1nku l\u00edstkov na svojom \u00fa\u010dte. Odtia\u013e m\u00f4\u017eete vidie\u0165 svoje \u010d\u00edsla v porovnan\u00ed s v\u00fdhern\u00fdmi \u010d\u00edslami. V\u010faka tomu e\u0161te \u013eah\u0161ie zist\u00edte, \u010do ste vyhrali a ak\u00e9 \u010d\u00edsla boli dobr\u00e9 alebo nie.<\/p><p>Nemus\u00edte sa v\u0161ak ni\u010doho ob\u00e1va\u0165, preto\u017ee v\u0161etko, \u010do vyhr\u00e1te, bude za v\u00e1s automaticky n\u00e1rokovan\u00e9 a potom vlo\u017een\u00e9 na v\u00e1\u0161 \u00fa\u010det. Takto si m\u00f4\u017eete jednoducho sadn\u00fa\u0165 a odd\u00fdchnu\u0165 si, ke\u010f si k\u00fapite l\u00edstok. Aspo\u0148 dovtedy, k\u00fdm nenastane \u010das k\u00fapi\u0165 si \u010fal\u0161\u00ed.<\/p><h2 class=\"wp-block-heading\">Kontrola star\u00fdch v\u00fdhern\u00fdch \u010d\u00edsel<\/h2><p>Ak m\u00e1te star\u0161\u00ed l\u00edstok, ktor\u00fd si chcete skontrolova\u0165, m\u00f4\u017eete to urobi\u0165 nahliadnut\u00edm do arch\u00edvu. Presk\u00fama\u0165 star\u00e9 v\u00fdhern\u00e9 \u010d\u00edsla hry Mega Sena Brazil je tie\u017e dobr\u00e9, ak pl\u00e1nujete stavi\u0165 na niektor\u00e9 z t\u00fdchto \u010d\u00edsel. Jedin\u00e9, \u010do mus\u00edte urobi\u0165, je pozrie\u0165 sa a budete ma\u0165 mo\u017enos\u0165 zisti\u0165, ktor\u00e9 \u010d\u00edsla sa objavuj\u00fa \u010dastej\u0161ie (alebo menej).<\/p>","protected":false},"excerpt":{"rendered":"<p>Mega Sena v\u00ed\u0165azn\u00e9 \u010d\u00edsla Ak ste u\u017e hrali Mega Senu, mus\u00edte vedie\u0165, \u010di ste vyhrali, v\u0161ak? Ako teda skontrolujete v\u00fdhern\u00e9 \u010d\u00edsla Mega Sena Brazil? Pr\u00e1ve ste nav\u0161t\u00edvili svoj \u00fa\u010det na RedFoxLotto.com. N\u00e1jdete najnov\u0161ie v\u00fdsledky hry a ak ste hrali, budete ich m\u00f4c\u0165 n\u00e1js\u0165 e\u0161te jednoduch\u0161ie. Kontrola va\u0161ich \u010d\u00edsel Ak chcete vedie\u0165, \u010di ste vyhrali na [&hellip;]<\/p>\n","protected":false},"author":1,"featured_media":0,"parent":10260,"menu_order":13,"comment_status":"closed","ping_status":"closed","template":"megasena-results.php","meta":{"_et_pb_use_builder":"","_et_pb_old_content":"","_et_gb_content_width":"","exclude_from_search":false,"footnotes":""},"class_list":["post-13511","page","type-page","status-publish","hentry"],"yoast_head":"<!-- This site is optimized with the Yoast SEO plugin v27.3 - https:\/\/yoast.com\/product\/yoast-seo-wordpress\/ -->\n<title>V\u00fdhern\u00e9 \u010d\u00edsla Mega Sena | Nakreslite v\u00fdsledky pre Braz\u00edliu Mega Sena<\/title>\n<meta name=\"description\" content=\"Pozrite sa na najnov\u0161ie a minul\u00e9 v\u00fdhern\u00e9 \u010d\u00edsla pre Mega Sena\" \/>\n<meta name=\"robots\" content=\"index, follow, max-snippet:-1, max-image-preview:large, max-video-preview:-1\" \/>\n<link rel=\"canonical\" href=\"https:\/\/redfoxlotto.com\/sk\/vysledky\/mega-sena\/\" \/>\n<meta property=\"og:locale\" content=\"sk_SK\" \/>\n<meta property=\"og:type\" content=\"article\" \/>\n<meta property=\"og:title\" content=\"V\u00fdhern\u00e9 \u010d\u00edsla Mega Sena | Nakreslite v\u00fdsledky pre Braz\u00edliu Mega Sena\" \/>\n<meta property=\"og:description\" content=\"Pozrite sa na najnov\u0161ie a minul\u00e9 v\u00fdhern\u00e9 \u010d\u00edsla pre Mega Sena\" \/>\n<meta property=\"og:url\" content=\"https:\/\/redfoxlotto.com\/sk\/vysledky\/mega-sena\/\" \/>\n<meta property=\"og:site_name\" content=\"Get Tickets for the World\u2019s largest jackpots\" \/>\n<meta property=\"article:modified_time\" content=\"2020-08-18T16:25:56+00:00\" \/>\n<meta property=\"og:image\" content=\"https:\/\/content.redfoxlotto.com\/uploads\/sites\/9\/1_you_win_jackpot.jpg\" \/>\n<meta name=\"twitter:card\" content=\"summary_large_image\" \/>\n<meta name=\"twitter:label1\" content=\"Predpokladan\u00fd \u010das \u010d\u00edtania\" \/>\n\t<meta name=\"twitter:data1\" content=\"2 min\u00faty\" \/>\n<script type=\"application\/ld+json\" class=\"yoast-schema-graph\">{\"@context\":\"https:\\\/\\\/schema.org\",\"@graph\":[{\"@type\":\"WebPage\",\"@id\":\"https:\\\/\\\/redfoxlotto.com\\\/sk\\\/vysledky\\\/mega-sena\\\/\",\"url\":\"https:\\\/\\\/redfoxlotto.com\\\/sk\\\/vysledky\\\/mega-sena\\\/\",\"name\":\"V\u00fdhern\u00e9 \u010d\u00edsla Mega Sena | Nakreslite v\u00fdsledky pre Braz\u00edliu Mega Sena\",\"isPartOf\":{\"@id\":\"https:\\\/\\\/redfoxlotto.com\\\/sk\\\/#website\"},\"primaryImageOfPage\":{\"@id\":\"https:\\\/\\\/redfoxlotto.com\\\/sk\\\/vysledky\\\/mega-sena\\\/#primaryimage\"},\"image\":{\"@id\":\"https:\\\/\\\/redfoxlotto.com\\\/sk\\\/vysledky\\\/mega-sena\\\/#primaryimage\"},\"thumbnailUrl\":\"https:\\\/\\\/content.redfoxlotto.com\\\/uploads\\\/sites\\\/9\\\/1_you_win_jackpot.jpg\",\"datePublished\":\"2020-07-20T08:57:09+00:00\",\"dateModified\":\"2020-08-18T16:25:56+00:00\",\"description\":\"Pozrite sa na najnov\u0161ie a minul\u00e9 v\u00fdhern\u00e9 \u010d\u00edsla pre Mega Sena\",\"breadcrumb\":{\"@id\":\"https:\\\/\\\/redfoxlotto.com\\\/sk\\\/vysledky\\\/mega-sena\\\/#breadcrumb\"},\"inLanguage\":\"sk-SK\",\"potentialAction\":[{\"@type\":\"ReadAction\",\"target\":[\"https:\\\/\\\/redfoxlotto.com\\\/sk\\\/vysledky\\\/mega-sena\\\/\"]}]},{\"@type\":\"ImageObject\",\"inLanguage\":\"sk-SK\",\"@id\":\"https:\\\/\\\/redfoxlotto.com\\\/sk\\\/vysledky\\\/mega-sena\\\/#primaryimage\",\"url\":\"https:\\\/\\\/content.redfoxlotto.com\\\/uploads\\\/sites\\\/9\\\/1_you_win_jackpot.jpg\",\"contentUrl\":\"https:\\\/\\\/content.redfoxlotto.com\\\/uploads\\\/sites\\\/9\\\/1_you_win_jackpot.jpg\"},{\"@type\":\"BreadcrumbList\",\"@id\":\"https:\\\/\\\/redfoxlotto.com\\\/sk\\\/vysledky\\\/mega-sena\\\/#breadcrumb\",\"itemListElement\":[{\"@type\":\"ListItem\",\"position\":1,\"name\":\"Home\",\"item\":\"https:\\\/\\\/redfoxlotto.com\\\/sk\\\/\"},{\"@type\":\"ListItem\",\"position\":2,\"name\":\"V\u00fdsledky medzin\u00e1rodnej lot\u00e9rie\",\"item\":\"https:\\\/\\\/redfoxlotto.com\\\/sk\\\/vysledky\\\/\"},{\"@type\":\"ListItem\",\"position\":3,\"name\":\"V\u00fdsledky Mega Sena\"}]},{\"@type\":\"WebSite\",\"@id\":\"https:\\\/\\\/redfoxlotto.com\\\/sk\\\/#website\",\"url\":\"https:\\\/\\\/redfoxlotto.com\\\/sk\\\/\",\"name\":\"Get Tickets for the World\u2019s largest jackpots\",\"description\":\"Participate in worldwide lottery jackpots from any country\",\"publisher\":{\"@id\":\"https:\\\/\\\/redfoxlotto.com\\\/sk\\\/#organization\"},\"potentialAction\":[{\"@type\":\"SearchAction\",\"target\":{\"@type\":\"EntryPoint\",\"urlTemplate\":\"https:\\\/\\\/redfoxlotto.com\\\/sk\\\/?s={search_term_string}\"},\"query-input\":{\"@type\":\"PropertyValueSpecification\",\"valueRequired\":true,\"valueName\":\"search_term_string\"}}],\"inLanguage\":\"sk-SK\"},{\"@type\":\"Organization\",\"@id\":\"https:\\\/\\\/redfoxlotto.com\\\/sk\\\/#organization\",\"name\":\"Get Tickets for the World\u2019s largest jackpots\",\"url\":\"https:\\\/\\\/redfoxlotto.com\\\/sk\\\/\",\"logo\":{\"@type\":\"ImageObject\",\"inLanguage\":\"sk-SK\",\"@id\":\"https:\\\/\\\/redfoxlotto.com\\\/sk\\\/#\\\/schema\\\/logo\\\/image\\\/\",\"url\":\"https:\\\/\\\/redfoxlotto.com\\\/wp-content\\\/uploads\\\/2023\\\/04\\\/logo.png\",\"contentUrl\":\"https:\\\/\\\/redfoxlotto.com\\\/wp-content\\\/uploads\\\/2023\\\/04\\\/logo.png\",\"width\":269,\"height\":53,\"caption\":\"Get Tickets for the World\u2019s largest jackpots\"},\"image\":{\"@id\":\"https:\\\/\\\/redfoxlotto.com\\\/sk\\\/#\\\/schema\\\/logo\\\/image\\\/\"}}]}<\/script>\n<!-- \/ Yoast SEO plugin. -->","yoast_head_json":{"title":"V\u00fdhern\u00e9 \u010d\u00edsla Mega Sena | Nakreslite v\u00fdsledky pre Braz\u00edliu Mega Sena","description":"Pozrite sa na najnov\u0161ie a minul\u00e9 v\u00fdhern\u00e9 \u010d\u00edsla pre Mega Sena","robots":{"index":"index","follow":"follow","max-snippet":"max-snippet:-1","max-image-preview":"max-image-preview:large","max-video-preview":"max-video-preview:-1"},"canonical":"https:\/\/redfoxlotto.com\/sk\/vysledky\/mega-sena\/","og_locale":"sk_SK","og_type":"article","og_title":"V\u00fdhern\u00e9 \u010d\u00edsla Mega Sena | Nakreslite v\u00fdsledky pre Braz\u00edliu Mega Sena","og_description":"Pozrite sa na najnov\u0161ie a minul\u00e9 v\u00fdhern\u00e9 \u010d\u00edsla pre Mega Sena","og_url":"https:\/\/redfoxlotto.com\/sk\/vysledky\/mega-sena\/","og_site_name":"Get Tickets for the World\u2019s largest jackpots","article_modified_time":"2020-08-18T16:25:56+00:00","og_image":[{"url":"https:\/\/content.redfoxlotto.com\/uploads\/sites\/9\/1_you_win_jackpot.jpg","type":"","width":"","height":""}],"twitter_card":"summary_large_image","twitter_misc":{"Predpokladan\u00fd \u010das \u010d\u00edtania":"2 min\u00faty"},"schema":{"@context":"https:\/\/schema.org","@graph":[{"@type":"WebPage","@id":"https:\/\/redfoxlotto.com\/sk\/vysledky\/mega-sena\/","url":"https:\/\/redfoxlotto.com\/sk\/vysledky\/mega-sena\/","name":"V\u00fdhern\u00e9 \u010d\u00edsla Mega Sena | Nakreslite v\u00fdsledky pre Braz\u00edliu Mega Sena","isPartOf":{"@id":"https:\/\/redfoxlotto.com\/sk\/#website"},"primaryImageOfPage":{"@id":"https:\/\/redfoxlotto.com\/sk\/vysledky\/mega-sena\/#primaryimage"},"image":{"@id":"https:\/\/redfoxlotto.com\/sk\/vysledky\/mega-sena\/#primaryimage"},"thumbnailUrl":"https:\/\/content.redfoxlotto.com\/uploads\/sites\/9\/1_you_win_jackpot.jpg","datePublished":"2020-07-20T08:57:09+00:00","dateModified":"2020-08-18T16:25:56+00:00","description":"Pozrite sa na najnov\u0161ie a minul\u00e9 v\u00fdhern\u00e9 \u010d\u00edsla pre Mega Sena","breadcrumb":{"@id":"https:\/\/redfoxlotto.com\/sk\/vysledky\/mega-sena\/#breadcrumb"},"inLanguage":"sk-SK","potentialAction":[{"@type":"ReadAction","target":["https:\/\/redfoxlotto.com\/sk\/vysledky\/mega-sena\/"]}]},{"@type":"ImageObject","inLanguage":"sk-SK","@id":"https:\/\/redfoxlotto.com\/sk\/vysledky\/mega-sena\/#primaryimage","url":"https:\/\/content.redfoxlotto.com\/uploads\/sites\/9\/1_you_win_jackpot.jpg","contentUrl":"https:\/\/content.redfoxlotto.com\/uploads\/sites\/9\/1_you_win_jackpot.jpg"},{"@type":"BreadcrumbList","@id":"https:\/\/redfoxlotto.com\/sk\/vysledky\/mega-sena\/#breadcrumb","itemListElement":[{"@type":"ListItem","position":1,"name":"Home","item":"https:\/\/redfoxlotto.com\/sk\/"},{"@type":"ListItem","position":2,"name":"V\u00fdsledky medzin\u00e1rodnej lot\u00e9rie","item":"https:\/\/redfoxlotto.com\/sk\/vysledky\/"},{"@type":"ListItem","position":3,"name":"V\u00fdsledky Mega Sena"}]},{"@type":"WebSite","@id":"https:\/\/redfoxlotto.com\/sk\/#website","url":"https:\/\/redfoxlotto.com\/sk\/","name":"Get Tickets for the World\u2019s largest jackpots","description":"Participate in worldwide lottery jackpots from any country","publisher":{"@id":"https:\/\/redfoxlotto.com\/sk\/#organization"},"potentialAction":[{"@type":"SearchAction","target":{"@type":"EntryPoint","urlTemplate":"https:\/\/redfoxlotto.com\/sk\/?s={search_term_string}"},"query-input":{"@type":"PropertyValueSpecification","valueRequired":true,"valueName":"search_term_string"}}],"inLanguage":"sk-SK"},{"@type":"Organization","@id":"https:\/\/redfoxlotto.com\/sk\/#organization","name":"Get Tickets for the World\u2019s largest jackpots","url":"https:\/\/redfoxlotto.com\/sk\/","logo":{"@type":"ImageObject","inLanguage":"sk-SK","@id":"https:\/\/redfoxlotto.com\/sk\/#\/schema\/logo\/image\/","url":"https:\/\/redfoxlotto.com\/wp-content\/uploads\/2023\/04\/logo.png","contentUrl":"https:\/\/redfoxlotto.com\/wp-content\/uploads\/2023\/04\/logo.png","width":269,"height":53,"caption":"Get Tickets for the World\u2019s largest jackpots"},"image":{"@id":"https:\/\/redfoxlotto.com\/sk\/#\/schema\/logo\/image\/"}}]}},"_links":{"self":[{"href":"https:\/\/redfoxlotto.com\/sk\/wp-json\/wp\/v2\/pages\/13511","targetHints":{"allow":["GET"]}}],"collection":[{"href":"https:\/\/redfoxlotto.com\/sk\/wp-json\/wp\/v2\/pages"}],"about":[{"href":"https:\/\/redfoxlotto.com\/sk\/wp-json\/wp\/v2\/types\/page"}],"author":[{"embeddable":true,"href":"https:\/\/redfoxlotto.com\/sk\/wp-json\/wp\/v2\/users\/1"}],"replies":[{"embeddable":true,"href":"https:\/\/redfoxlotto.com\/sk\/wp-json\/wp\/v2\/comments?post=13511"}],"version-history":[{"count":0,"href":"https:\/\/redfoxlotto.com\/sk\/wp-json\/wp\/v2\/pages\/13511\/revisions"}],"up":[{"embeddable":true,"href":"https:\/\/redfoxlotto.com\/sk\/wp-json\/wp\/v2\/pages\/10260"}],"wp:attachment":[{"href":"https:\/\/redfoxlotto.com\/sk\/wp-json\/wp\/v2\/media?parent=13511"}],"curies":[{"name":"wp","href":"https:\/\/api.w.org\/{rel}","templated":true}]}}